{"id":15370,"date":"2023-12-07T13:37:51","date_gmt":"2023-12-07T05:37:51","guid":{"rendered":"https:\/\/www.agriculture-machine.com\/?post_type=product&#038;p=15370"},"modified":"2024-09-18T15:45:01","modified_gmt":"2024-09-18T07:45:01","slug":"40ton-paddy-husking-and-milling-line","status":"publish","type":"product","link":"https:\/\/www.agriculture-machine.com\/tr\/40ton-paddy-husking-and-milling-line\/","title":{"rendered":"40 Ton\/G\u00fcn Otomatik Pirin\u00e7 Kabuklama ve De\u011firmen Hatt\u0131"},"content":{"rendered":"<p class=\"translation-block\">Taizy&#8217;s 30 tons per day output paddy husking and milling line is a set of highly efficient automated rice processing systems. The line includes a storage bin, water polishing, color sorting, and <strong><a href=\"https:\/\/www.agriculture-machine.com\/tr\/rice-milling-plant-machine\/\">necessary essential infrastructure equipment<\/a><\/strong>, providing an integrated solution for farmers and rice processors, and reliable support for the modernization of the agricultural production chain.<\/p>    <figure class=\"wp-block-image size-full\"><img loading=\"lazy\" decoding=\"async\" width=\"720\" height=\"540\" src=\"https:\/\/www.agriculture-machine.com\/wp-content\/uploads\/2023\/12\/paddy-husking-and-milling-line-machines.webp\" alt=\"pirin\u00e7 kabuk ve \u00f6\u011f\u00fctme hatt\u0131 makineleri\" class=\"wp-image-15373\" srcset=\"https:\/\/www.agriculture-machine.com\/wp-content\/uploads\/2023\/12\/paddy-husking-and-milling-line-machines.webp 720w, https:\/\/www.agriculture-machine.com\/wp-content\/uploads\/2023\/12\/paddy-husking-and-milling-line-machines-360x270.webp 360w, https:\/\/www.agriculture-machine.com\/wp-content\/uploads\/2023\/12\/paddy-husking-and-milling-line-machines-240x180.webp 240w\" sizes=\"auto, (max-width: 720px) 100vw, 720px\" \/><figcaption class=\"wp-element-caption\">pirin\u00e7 kabuk ve \u00f6\u011f\u00fctme hatt\u0131 makineleri<\/figcaption><\/figure>    <h2 class=\"wp-block-heading\">40TPD Pirin\u00e7 Kabuk ve \u00d6\u011f\u00fctme Hatt\u0131 Yap\u0131s\u0131<\/h2>    <p>Hat sa\u011fdan sola do\u011fru ilerler, \u00f6n temizleme makinesiyle ba\u015flar, ard\u0131ndan bir ay\u0131klama makinesi (ayr\u0131ca kapsaml\u0131 temizlik ve ay\u0131klama makinesi olarak da kullan\u0131labilir), sonra tan\u0131d\u0131k olan k\u0131r\u0131c\u0131, \u00fc\u00e7 ge\u00e7i\u015fli pirin\u00e7 ay\u0131klama ile yer\u00e7ekimi ay\u0131r\u0131c\u0131, ard\u0131ndan bir hazne ve su parlat\u0131c\u0131, renk ay\u0131klama, vakum paketleme ve paketleme makinesi gelir. Ayr\u0131ca, bir gaz \u00e7\u0131k\u0131\u015f tank\u0131 ve hava kompres\u00f6r\u00fc kullanacaks\u0131n\u0131z.<\/p>    <figure class=\"wp-block-image size-full\"><img loading=\"lazy\" decoding=\"async\" width=\"720\" height=\"540\" src=\"https:\/\/www.agriculture-machine.com\/wp-content\/uploads\/2023\/12\/rice-mill-machine-production-line.webp\" alt=\"pirin\u00e7 de\u011firmen makinesi \u00fcretim hatt\u0131\" class=\"wp-image-15371\" srcset=\"https:\/\/www.agriculture-machine.com\/wp-content\/uploads\/2023\/12\/rice-mill-machine-production-line.webp 720w, https:\/\/www.agriculture-machine.com\/wp-content\/uploads\/2023\/12\/rice-mill-machine-production-line-360x270.webp 360w, https:\/\/www.agriculture-machine.com\/wp-content\/uploads\/2023\/12\/rice-mill-machine-production-line-240x180.webp 240w\" sizes=\"auto, (max-width: 720px) 100vw, 720px\" \/><figcaption class=\"wp-element-caption\">pirin\u00e7 de\u011firmen makinesi \u00fcretim hatt\u0131<\/figcaption><\/figure>    <h2 class=\"wp-block-heading\"><strong>Pirin\u00e7 i\u00e7in En \u0130yi Nem Oran\u0131<\/strong><\/h2>    <ul class=\"wp-block-list\"> <li>Pirin\u00e7 pirincin en iyi nem oran\u0131 ,5 olmal\u0131 ve \u00f6\u011f\u00fctme s\u0131ras\u0131nda pirin\u00e7 k\u0131r\u0131lma oran\u0131 yakla\u015f\u0131k %2 olmal\u0131d\u0131r.<\/li>    <li>14,5'ten d\u00fc\u015f\u00fck, k\u0131r\u0131lma oran\u0131 daha y\u00fcksek olur.<\/li>    <li>Higher than 14.5%, the breakage rate will be higher, and part of the paddy husk and bran will be blocked inside the machine, affecting the machine&#8217;s normal running, even motor burns.<\/li> <\/ul>    <figure class=\"wp-block-image size-full\"><img loading=\"lazy\" decoding=\"async\" width=\"720\" height=\"540\" src=\"https:\/\/www.agriculture-machine.com\/wp-content\/uploads\/2023\/12\/automatic-white-rice-processing-equipment.webp\" alt=\"otomatik beyaz pirin\u00e7 i\u015fleme ekipman\u0131\" class=\"wp-image-15375\" srcset=\"https:\/\/www.agriculture-machine.com\/wp-content\/uploads\/2023\/12\/automatic-white-rice-processing-equipment.webp 720w, https:\/\/www.agriculture-machine.com\/wp-content\/uploads\/2023\/12\/automatic-white-rice-processing-equipment-360x270.webp 360w, https:\/\/www.agriculture-machine.com\/wp-content\/uploads\/2023\/12\/automatic-white-rice-processing-equipment-240x180.webp 240w\" sizes=\"auto, (max-width: 720px) 100vw, 720px\" \/><figcaption class=\"wp-element-caption\">otomatik beyaz pirin\u00e7 i\u015fleme ekipman\u0131<\/figcaption><\/figure>    <h2 class=\"wp-block-heading\">\u00c7elik \u00c7er\u00e7eveli Platformlar\u0131n Kullan\u0131m\u0131<\/h2>    <ul class=\"wp-block-list\"> <li>Alt platform, pirin\u00e7 kabuk ve \u00f6\u011f\u00fctme hatt\u0131ndaki t\u00fcm makinelerin ayn\u0131 seviyede olmas\u0131n\u0131 sa\u011flar ve birlikte iyi \u00e7al\u0131\u015fmas\u0131n\u0131 sa\u011flar.<\/li>    <li>En \u00fcst platform, vin\u00e7leri kontrol etmek ve onarmak i\u00e7in kullan\u0131l\u0131r.<\/li>    <li>Kendiniz in\u015fa edebiliyorsan\u0131z, beton platformu kald\u0131rabilir ve ilgili fiyat\u0131 azaltabilirsiniz.<\/li> <\/ul>    <h2 class=\"wp-block-heading\">Pirin\u00e7 Kabuk ve \u00d6\u011f\u00fctme Hatt\u0131 Ba\u015far\u0131 Hikayeleri<\/h2>    <p>Our company&#8217;s rice milling unit production line has achieved remarkable success, not only recognized in the domestic market but also frequent transactions worldwide, involving more than ten countries including but not limited to Saudi Arabia, Vietnam, India, Pakistan, Bangladesh, Thailand, Nigeria, Kenya, Egypt, Brazil, Peru, and other countries.<\/p>    <figure class=\"wp-block-image size-full\"><img loading=\"lazy\" decoding=\"async\" width=\"720\" height=\"540\" src=\"https:\/\/www.agriculture-machine.com\/wp-content\/uploads\/2023\/12\/rice-milling-whitening-plant.webp\" alt=\"pirin\u00e7 \u00f6\u011f\u00fctme ve beyazlatma tesisi\" class=\"wp-image-15376\" srcset=\"https:\/\/www.agriculture-machine.com\/wp-content\/uploads\/2023\/12\/rice-milling-whitening-plant.webp 720w, https:\/\/www.agriculture-machine.com\/wp-content\/uploads\/2023\/12\/rice-milling-whitening-plant-360x270.webp 360w, https:\/\/www.agriculture-machine.com\/wp-content\/uploads\/2023\/12\/rice-milling-whitening-plant-240x180.webp 240w\" sizes=\"auto, (max-width: 720px) 100vw, 720px\" \/><figcaption class=\"wp-element-caption\">pirin\u00e7 \u00f6\u011f\u00fctme ve beyazlatma tesisi<\/figcaption><\/figure>    <p>\u00dcretim hatt\u0131, kolay kullan\u0131ml\u0131 ak\u0131ll\u0131 kontrol sistemi ile donat\u0131lm\u0131\u015ft\u0131r, bu da i\u015f\u00e7ilik maliyetini azalt\u0131r ve \u00fcretim verimlili\u011fini art\u0131r\u0131r. Ayr\u0131ca, dikkatli tasar\u0131m sayesinde, g\u00fc\u00e7l\u00fc kararl\u0131l\u0131\u011f\u0131 ve y\u00fcksek dayan\u0131kl\u0131l\u0131\u011f\u0131 ile karakterizedir, bu da ekipman\u0131n bak\u0131m maliyetini etkin \u015fekilde azalt\u0131r ve hizmet \u00f6mr\u00fcn\u00fc uzat\u0131r. Bu avantajlar, bizim pirin\u00e7 \u00f6\u011f\u00fctme \u00fcnitesi \u00fcretim hatt\u0131m\u0131z\u0131n piyasada \u00f6ne \u00e7\u0131kmas\u0131n\u0131 sa\u011flar ve m\u00fc\u015fteriler taraf\u0131ndan y\u00fcksek takdir g\u00f6r\u00fcr.<\/p>    <figure class=\"wp-block-image size-full\"><img loading=\"lazy\" decoding=\"async\" width=\"720\" height=\"540\" src=\"https:\/\/www.agriculture-machine.com\/wp-content\/uploads\/2023\/12\/40TPD-rice-husking-and-milling-line.webp\" alt=\"40TPD pirin\u00e7 kabuk ve \u00f6\u011f\u00fctme hatt\u0131\" class=\"wp-image-15377\" srcset=\"https:\/\/www.agriculture-machine.com\/wp-content\/uploads\/2023\/12\/40TPD-rice-husking-and-milling-line.webp 720w, https:\/\/www.agriculture-machine.com\/wp-content\/uploads\/2023\/12\/40TPD-rice-husking-and-milling-line-360x270.webp 360w, https:\/\/www.agriculture-machine.com\/wp-content\/uploads\/2023\/12\/40TPD-rice-husking-and-milling-line-240x180.webp 240w\" sizes=\"auto, (max-width: 720px) 100vw, 720px\" \/><figcaption class=\"wp-element-caption\">40TPD pirin\u00e7 kabuk ve \u00f6\u011f\u00fctme hatt\u0131<\/figcaption><\/figure>    <h2 class=\"wp-block-heading\">Pirincin \u00d6\u011f\u00fctme Hatt\u0131 Yan \u00dcr\u00fcnleri S\u0131n\u0131fland\u0131rmas\u0131<\/h2>    <p>Pirincin kabuk ve \u00f6\u011f\u00fctme hatt\u0131ndan elde edilen yan \u00fcr\u00fcn ve bitmi\u015f \u00fcr\u00fcn tamamlay\u0131c\u0131s\u0131, sadece pirin\u00e7 kabu\u011fu ve pirin\u00e7 \u00f6\u011f\u00fctmesi (k\u00fc\u00e7\u00fck k\u0131r\u0131k pirinceden daha k\u00fc\u00e7\u00fck tane b\u00fcy\u00fckl\u00fc\u011f\u00fcne sahip endosperm taneleri) de\u011fil, ayn\u0131 zamanda pirin\u00e7 deliklerinin k\u0131r\u0131lmas\u0131 veya yanl\u0131\u015f operasyon nedeniyle tam pirin\u00e7 tanelerini de i\u00e7erir, ve benzeri.<\/p>    <ul class=\"wp-block-list\"> <li>Pirincin kepe\u011fi y\u00fcksek ekonomik de\u011fere sahiptir, sadece pirin\u00e7 kepe\u011fi ya\u011f\u0131 \u00fcretimi i\u00e7in de\u011fil, ayn\u0131 zamanda gluten, kalsiyum fitat gibi \u00fcr\u00fcnlerin \u00e7\u0131kar\u0131lmas\u0131 ve yem \u00fcretimi i\u00e7in de kullan\u0131l\u0131r.<\/li>    <li>Pirincin \u00f6\u011f\u00fct\u00fclm\u00fc\u015f kabu\u011funun kimyasal bile\u015fimi, tam pirin\u00e7 ile ayn\u0131d\u0131r, bu nedenle \u015feker ve \u015farap yap\u0131m\u0131nda hammadde olarak kullan\u0131labilir.<\/li>    <li>Tam pirin\u00e7 taneleri, daha y\u00fcksek verim elde etmek i\u00e7in pirin\u00e7 de\u011firmenine geri g\u00f6nderilmelidir.<\/li>    <li>K\u0131r\u0131k pirin\u00e7, y\u00fcksek proteinli pirin\u00e7 unu \u00fcretmek, i\u00e7ecek yapmak, \u015farap yapmak ve pratik lapas yapmak i\u00e7in kullan\u0131labilir.<\/li> <\/ul>    <figure class=\"wp-block-image size-full\"><img loading=\"lazy\" decoding=\"async\" width=\"720\" height=\"540\" src=\"https:\/\/www.agriculture-machine.com\/wp-content\/uploads\/2023\/12\/white-rice-processing.webp\" alt=\"beyaz pirin\u00e7 i\u015fleme\" class=\"wp-image-15372\" srcset=\"https:\/\/www.agriculture-machine.com\/wp-content\/uploads\/2023\/12\/white-rice-processing.webp 720w, https:\/\/www.agriculture-machine.com\/wp-content\/uploads\/2023\/12\/white-rice-processing-360x270.webp 360w, https:\/\/www.agriculture-machine.com\/wp-content\/uploads\/2023\/12\/white-rice-processing-240x180.webp 240w\" sizes=\"auto, (max-width: 720px) 100vw, 720px\" \/><figcaption class=\"wp-element-caption\">beyaz pirin\u00e7 i\u015fleme<\/figcaption><\/figure>    <p>Bu ama\u00e7la, pirin\u00e7 kepe\u011fi, pirin\u00e7 \u00f6\u011f\u00fctmesi, k\u0131r\u0131k pirin\u00e7 ve tam pirin\u00e7 ayr\u0131 ayr\u0131 ayr\u0131lmal\u0131, en iyi kullan\u0131m\u0131 sa\u011flanmal\u0131, buna yan \u00fcr\u00fcn s\u0131n\u0131fland\u0131rmas\u0131 denir.<\/p>    <p class=\"translation-block\">Pirin\u00e7 kabuk ve \u00f6\u011f\u00fctme hatt\u0131 beyaz pirin\u00e7 i\u015fleme teknolojisiyle ilgileniyorsan\u0131z, l\u00fctfen bu sayfay\u0131 ziyaret edin: <a href=\"https:\/\/www.agriculture-machine.com\/tr\/rice-mill-category\/\"><strong>https:\/\/www.agriculture-machine.com\/rice-mill-category\/<\/strong><\/a> daha fazla yap\u0131land\u0131rmay\u0131 g\u00f6rmek ve her zaman bizimle ileti\u015fime ge\u00e7ebilirsiniz, en uygun program\u0131 sizin i\u00e7in tasarl\u0131yoruz.<\/p>","protected":false},"excerpt":{"rendered":"<p>Taizy&#8217;s 30 tons per day output paddy husking and milling line is a set of highly efficient automated rice processing systems. The line includes a storage bin, water polishing, color sorting, and necessary essential infrastructure equipment, providing an integrated solution for farmers and rice processors, and reliable support for the modernization of the agricultural production [&hellip;]<\/p>\n","protected":false},"author":1,"featured_media":15398,"parent":0,"comment_status":"closed","ping_status":"closed","template":"","tags":[796],"product-type":[875,906],"class_list":["post-15370","product","type-product","status-publish","has-post-thumbnail","hentry","tag-rice","product-type-rice-mill-category","product-type-rice-mill-production-line"],"_links":{"self":[{"href":"https:\/\/www.agriculture-machine.com\/tr\/wp-json\/wp\/v2\/product\/15370","targetHints":{"allow":["GET"]}}],"collection":[{"href":"https:\/\/www.agriculture-machine.com\/tr\/wp-json\/wp\/v2\/product"}],"about":[{"href":"https:\/\/www.agriculture-machine.com\/tr\/wp-json\/wp\/v2\/types\/product"}],"author":[{"embeddable":true,"href":"https:\/\/www.agriculture-machine.com\/tr\/wp-json\/wp\/v2\/users\/1"}],"replies":[{"embeddable":true,"href":"https:\/\/www.agriculture-machine.com\/tr\/wp-json\/wp\/v2\/comments?post=15370"}],"wp:featuredmedia":[{"embeddable":true,"href":"https:\/\/www.agriculture-machine.com\/tr\/wp-json\/wp\/v2\/media\/15398"}],"wp:attachment":[{"href":"https:\/\/www.agriculture-machine.com\/tr\/wp-json\/wp\/v2\/media?parent=15370"}],"wp:term":[{"taxonomy":"post_tag","embeddable":true,"href":"https:\/\/www.agriculture-machine.com\/tr\/wp-json\/wp\/v2\/tags?post=15370"},{"taxonomy":"product-type","embeddable":true,"href":"https:\/\/www.agriculture-machine.com\/tr\/wp-json\/wp\/v2\/product-type?post=15370"}],"curies":[{"name":"wp","href":"https:\/\/api.w.org\/{rel}","templated":true}]}}