{"id":15378,"date":"2023-12-08T15:22:17","date_gmt":"2023-12-08T07:22:17","guid":{"rendered":"https:\/\/www.agriculture-machine.com\/?post_type=product&#038;p=15378"},"modified":"2024-09-18T15:45:09","modified_gmt":"2024-09-18T07:45:09","slug":"60tpd-rice-processing-unit","status":"publish","type":"product","link":"https:\/\/www.agriculture-machine.com\/tr\/60tpd-rice-processing-unit\/","title":{"rendered":"50-60 Ton G\u00fcnl\u00fck Tam Set Pirin\u00e7 \u0130\u015fleme \u00dcnitesi"},"content":{"rendered":"<p>Bu pirin\u00e7 i\u015fleme \u00fcnitesi \u00fcretim hatt\u0131, g\u00fcnde 50-60 ton pirin\u00e7 i\u015fleyebilecek \u015fekilde tasarlanm\u0131\u015f olup, y\u00fcksek verim ve kalite sa\u011flar ve b\u00fcy\u00fck \u00f6l\u00e7ekli pirin\u00e7 de\u011firmenleri veya tah\u0131l i\u015fleme i\u015fletmeleri i\u00e7in uygundur.<\/p>    <p>Bu \u00fcretim hatt\u0131, kullan\u0131c\u0131 ihtiya\u00e7lar\u0131na g\u00f6re farkl\u0131 konfig\u00fcrasyonlarla \u00f6zelle\u015ftirilebilir. Bu, sadece pirin\u00e7 \u00fcretim verimlili\u011fini art\u0131rmakla kalmaz, ayn\u0131 zamanda \u00f6nemli maliyet tasarruflar\u0131 sa\u011flar ve pirin\u00e7 \u00fcreticilerine g\u00fcvenilir, verimli ve geli\u015fmi\u015f bir \u00fcretim \u00e7\u00f6z\u00fcm\u00fc sunar.<\/p>    <figure class=\"wp-block-image size-full\"><img loading=\"lazy\" decoding=\"async\" width=\"720\" height=\"540\" src=\"https:\/\/www.agriculture-machine.com\/wp-content\/uploads\/2023\/12\/60TPD-rice-processing-unit.webp\" alt=\"60TPD pirin\u00e7 i\u015fleme \u00fcnitesi\" class=\"wp-image-15380\" srcset=\"https:\/\/www.agriculture-machine.com\/wp-content\/uploads\/2023\/12\/60TPD-rice-processing-unit.webp 720w, https:\/\/www.agriculture-machine.com\/wp-content\/uploads\/2023\/12\/60TPD-rice-processing-unit-360x270.webp 360w, https:\/\/www.agriculture-machine.com\/wp-content\/uploads\/2023\/12\/60TPD-rice-processing-unit-240x180.webp 240w\" sizes=\"auto, (max-width: 720px) 100vw, 720px\" \/><figcaption class=\"wp-element-caption\">60TPD pirin\u00e7 i\u015fleme \u00fcnitesi<\/figcaption><\/figure>    <h2 class=\"wp-block-heading\">60TPD Pirin\u00e7 \u0130\u015fleme \u00dcnitesinin Ana Yap\u0131s\u0131<\/h2>    <p class=\"translation-block\">Bu hatt\u0131n bile\u015fenleri a\u015fa\u011f\u0131da g\u00f6sterilmi\u015ftir. \u00d6nemli olan, <strong><a href=\"https:\/\/www.agriculture-machine.com\/tr\/40ton-paddy-husking-and-milling-line\/\">g\u00fcnde 40 ton kapasiteyle bir \u00fcretim hatt\u0131nda<\/a><\/strong>, 2 veya 3 pirin\u00e7 de\u011firmeninin kullan\u0131labilmesidir, ancak bu durumda 50-60 ton kapasiteyle \u00fc\u00e7 de\u011firmen kullan\u0131lmal\u0131d\u0131r.<\/p>    <figure class=\"wp-block-image size-full\"><img loading=\"lazy\" decoding=\"async\" width=\"720\" height=\"540\" src=\"https:\/\/www.agriculture-machine.com\/wp-content\/uploads\/2023\/12\/rice-processing-equipment.webp\" alt=\"pirin\u00e7 i\u015fleme ekipmanlar\u0131\" class=\"wp-image-15381\" srcset=\"https:\/\/www.agriculture-machine.com\/wp-content\/uploads\/2023\/12\/rice-processing-equipment.webp 720w, https:\/\/www.agriculture-machine.com\/wp-content\/uploads\/2023\/12\/rice-processing-equipment-360x270.webp 360w, https:\/\/www.agriculture-machine.com\/wp-content\/uploads\/2023\/12\/rice-processing-equipment-240x180.webp 240w\" sizes=\"auto, (max-width: 720px) 100vw, 720px\" \/><figcaption class=\"wp-element-caption\">pirin\u00e7 i\u015fleme ekipmanlar\u0131<\/figcaption><\/figure>    <h2 class=\"wp-block-heading\">Pirincin \u00d6\u011f\u00fct\u00fclmesi Amac\u0131 ve Gereksinimleri<\/h2>    <p class=\"translation-block\">Pirincin \u00f6\u011f\u00fct\u00fclmesi, <strong><a href=\"https:\/\/www.agriculture-machine.com\/tr\/rice-milling-plant-machine\/\">beyaz pirin\u00e7 yap\u0131m s\u00fcrecinin<\/a><\/strong> \u00f6nemli bir a\u015famas\u0131d\u0131r, bu, pirin\u00e7 i\u015flemenin en \u00f6nemli a\u015famas\u0131 olup, pirincin kalitesini sa\u011flamak, verimini art\u0131rmak ve enerji t\u00fcketimini azaltmak i\u00e7in de \u00f6nemli bir ba\u011flant\u0131d\u0131r.<\/p>    <ul class=\"wp-block-list\"> <li>Esmer pirincin y\u00fczey tabakas\u0131, insan v\u00fccudu taraf\u0131ndan kolayca sindirilemeyen \u00e7ok miktarda kaba lif i\u00e7erir; ayr\u0131ca, esmer pirin\u00e7 suyu kolayca emmez ve \u015fi\u015fmez, bu da pi\u015firme s\u00fcresini art\u0131r\u0131r, pirin\u00e7 oran\u0131n\u0131 azalt\u0131r, rengi koyu olur, yap\u0131\u015fkanl\u0131\u011f\u0131 zay\u0131ft\u0131r, tad\u0131 k\u00f6t\u00fcd\u00fcr. Bu nedenle, esmer pirin\u00e7 kabu\u011fundan pirin\u00e7 i\u015fleme \u00fcnitesi arac\u0131l\u0131\u011f\u0131yla \u00e7\u0131kar\u0131lmal\u0131d\u0131r.<\/li>    <li>Esmer pirincin kabuk soyma derecesi, pirincin hassasiyetini belirler. Esmer pirincin kabu\u011fu ne kadar \u00e7ok \u00e7\u0131kar\u0131l\u0131rsa, bitmi\u015f pirincin hassasiyeti o kadar y\u00fcksek olur, ancak besin kayb\u0131 da o kadar artar. Pirin\u00e7lerin \u00e7e\u015fitli dereceleri, kabukta tutulan farkl\u0131 seviyelerin yan\u0131 s\u0131ra, kir, k\u0131r\u0131k gibi di\u011fer farkl\u0131 g\u00f6stergeleri de i\u00e7erir.<\/li> <\/ul>    <figure class=\"wp-block-image size-full\"><img loading=\"lazy\" decoding=\"async\" width=\"720\" height=\"540\" src=\"https:\/\/www.agriculture-machine.com\/wp-content\/uploads\/2023\/12\/grain-processing-and-rice-polishing-machine.webp\" alt=\"tah\u0131l i\u015fleme ve pirin\u00e7 parlatma makinesi\" class=\"wp-image-15382\" srcset=\"https:\/\/www.agriculture-machine.com\/wp-content\/uploads\/2023\/12\/grain-processing-and-rice-polishing-machine.webp 720w, https:\/\/www.agriculture-machine.com\/wp-content\/uploads\/2023\/12\/grain-processing-and-rice-polishing-machine-360x270.webp 360w, https:\/\/www.agriculture-machine.com\/wp-content\/uploads\/2023\/12\/grain-processing-and-rice-polishing-machine-240x180.webp 240w\" sizes=\"auto, (max-width: 720px) 100vw, 720px\" \/><figcaption class=\"wp-element-caption\">tah\u0131l i\u015fleme ve pirin\u00e7 parlatma makinesi<\/figcaption><\/figure>    <p>Esmer pirin\u00e7 i\u015fleme \u00fcnitesinde, makinemiz, pirin\u00e7 b\u00fct\u00fcnl\u00fc\u011f\u00fcn\u00fc koruyarak, k\u0131r\u0131k pirinci azaltarak, pirincin dayan\u0131kl\u0131l\u0131\u011f\u0131n\u0131 art\u0131rarak, maliyetleri d\u00fc\u015f\u00fcrerek ve \u00fcretim g\u00fcvenli\u011fini sa\u011flayarak, belirlenen kalite standartlar\u0131na uygun bitmi\u015f pirin\u00e7 elde edebilir.<\/p>    <h2 class=\"wp-block-heading\">Kombine Ticari Pirin\u00e7 De\u011firmeni Bitmi\u015f \u00dcr\u00fcn<\/h2>    <ul class=\"wp-block-list\"> <li>Pirincin \u00f6\u011f\u00fct\u00fcld\u00fckten sonra, saman ve k\u0131r\u0131k pirin\u00e7le kar\u0131\u015fm\u0131\u015f, pirin\u00e7 s\u0131cakl\u0131\u011f\u0131 nispeten y\u00fcksek olur, bu da sadece \u00fcr\u00fcn kalitesini de\u011fil, ayn\u0131 zamanda pirincin depolanmas\u0131n\u0131 da olumsuz etkiler.<\/li>    <li>Bu nedenle, paketleme \u00f6ncesi bitmi\u015f \u00fcr\u00fcn olarak makineden \u00e7\u0131kan beyaz pirin\u00e7 ay\u0131klanmal\u0131, b\u00f6ylece bitmi\u015f pirin\u00e7 saman i\u00e7ermeli, k\u0131r\u0131k oran\u0131 standartlara uygun olmal\u0131, pirincin s\u0131cakl\u0131\u011f\u0131 depolama aral\u0131\u011f\u0131na d\u00fc\u015f\u00fcr\u00fclmeli, ayr\u0131ca ulusal d\u00fczenlemelere uygun olarak k\u0131r\u0131k i\u00e7eri\u011fi standartlara g\u00f6re s\u0131n\u0131fland\u0131r\u0131lmal\u0131d\u0131r.<\/li>    <li>In addition, the people&#8217;s standard of living has been improved, and high taste and high-quality rice is gradually favored by consumers so that the rice can be surface treated so that it is crystal clear.<\/li>    <li>Pirin\u00e7 tanelerinin rengine (ba\u015fl\u0131ca sar\u0131 pirin\u00e7, yani endosperm sar\u0131, ve normal pirin\u00e7 rengi farkl\u0131d\u0131r) g\u00f6re, i\u00e7eri\u011findeki renk de\u011fi\u015fimini gidermek, ticari de\u011ferini art\u0131rmak ve \u00fcr\u00fcn kalitesini geli\u015ftirmek i\u00e7in de i\u00e7erebilir.<\/li> <\/ul>    <figure class=\"wp-block-image size-full\"><img loading=\"lazy\" decoding=\"async\" width=\"720\" height=\"540\" src=\"https:\/\/www.agriculture-machine.com\/wp-content\/uploads\/2023\/12\/grain-paddy-rice-processing-unit.webp\" alt=\"tah\u0131l pirin\u00e7 i\u015fleme \u00fcnitesi\" class=\"wp-image-15384\" srcset=\"https:\/\/www.agriculture-machine.com\/wp-content\/uploads\/2023\/12\/grain-paddy-rice-processing-unit.webp 720w, https:\/\/www.agriculture-machine.com\/wp-content\/uploads\/2023\/12\/grain-paddy-rice-processing-unit-360x270.webp 360w, https:\/\/www.agriculture-machine.com\/wp-content\/uploads\/2023\/12\/grain-paddy-rice-processing-unit-240x180.webp 240w\" sizes=\"auto, (max-width: 720px) 100vw, 720px\" \/><figcaption class=\"wp-element-caption\">tah\u0131l pirin\u00e7 i\u015fleme \u00fcnitesi<\/figcaption><\/figure>    <h2 class=\"wp-block-heading\">Sat\u0131\u015f sonras\u0131 ve Kurulum Hizmeti<\/h2>    <ul class=\"wp-block-list\"> <li>\u0130\u015fleme alan\u0131n\u0131za g\u00f6re montaj \u00e7izimleri tasarlayabiliriz ve pirin\u00e7 i\u015fleme \u00fcnitelerimizi sat\u0131n ald\u0131ktan sonra h\u0131zl\u0131 ve do\u011fru yerinde kurulum hizmetleri sa\u011flayabiliriz.<\/li>    <li>Ayr\u0131ca, m\u00fc\u015fterilerimizin ekipman\u0131 do\u011fru \u015fekilde kullan\u0131p bak\u0131m\u0131n\u0131 yapmalar\u0131n\u0131 sa\u011flamak i\u00e7in kapsaml\u0131 e\u011fitimler sunuyoruz.<\/li>    <li>Sat\u0131\u015f sonras\u0131 hizmet ekibimiz her zaman haz\u0131rd\u0131r, b\u00f6ylece ekipman\u0131n \u00e7al\u0131\u015fmas\u0131nda kar\u015f\u0131la\u015f\u0131lan sorunlara h\u0131zl\u0131ca yan\u0131t verebilir ve uzaktan destek veya yerinde hizmet sa\u011flayabiliriz.<\/li> <\/ul>    <figure class=\"wp-block-image size-full\"><img loading=\"lazy\" decoding=\"async\" width=\"720\" height=\"540\" src=\"https:\/\/www.agriculture-machine.com\/wp-content\/uploads\/2023\/12\/60TPD-rice-processing-unit-drawing.webp\" alt=\"60TPD pirin\u00e7 i\u015fleme \u00fcnitesi \u00e7izimi\" class=\"wp-image-15383\" srcset=\"https:\/\/www.agriculture-machine.com\/wp-content\/uploads\/2023\/12\/60TPD-rice-processing-unit-drawing.webp 720w, https:\/\/www.agriculture-machine.com\/wp-content\/uploads\/2023\/12\/60TPD-rice-processing-unit-drawing-360x270.webp 360w, https:\/\/www.agriculture-machine.com\/wp-content\/uploads\/2023\/12\/60TPD-rice-processing-unit-drawing-240x180.webp 240w\" sizes=\"auto, (max-width: 720px) 100vw, 720px\" \/><figcaption class=\"wp-element-caption\">60TPD pirin\u00e7 i\u015fleme \u00fcnitesi \u00e7izimi<\/figcaption><\/figure>    <p>Son olarak, g\u00fcnde 100 ton \u00fcretim kapasitesine sahip bir pirin\u00e7 i\u015fleme \u00fcnitesi tasarlay\u0131p \u00fcretebiliriz, a\u015fa\u011f\u0131daki \u015fekilde referans olmas\u0131 i\u00e7in g\u00f6sterilmi\u015ftir:<\/p>    <figure class=\"wp-block-image size-full\"><img loading=\"lazy\" decoding=\"async\" width=\"720\" height=\"540\" src=\"https:\/\/www.agriculture-machine.com\/wp-content\/uploads\/2023\/12\/paddy-rice-milling-plant-drawing.webp\" alt=\"pirin\u00e7 de\u011firmen tesisi \u00e7izimi\" class=\"wp-image-15385\" srcset=\"https:\/\/www.agriculture-machine.com\/wp-content\/uploads\/2023\/12\/paddy-rice-milling-plant-drawing.webp 720w, https:\/\/www.agriculture-machine.com\/wp-content\/uploads\/2023\/12\/paddy-rice-milling-plant-drawing-360x270.webp 360w, https:\/\/www.agriculture-machine.com\/wp-content\/uploads\/2023\/12\/paddy-rice-milling-plant-drawing-240x180.webp 240w\" sizes=\"auto, (max-width: 720px) 100vw, 720px\" \/><figcaption class=\"wp-element-caption\">pirin\u00e7 de\u011firmen tesisi \u00e7izimi<\/figcaption><\/figure>    <p>Daha fazla farkl\u0131 konfig\u00fcrasyon ve \u00e7\u0131kt\u0131 almak i\u00e7in bu web sitesini inceleyebilirsiniz ve her zaman daha fazla parametre bilgisi ve fiyat teklifi i\u00e7in bizimle ileti\u015fime ge\u00e7ebilirsiniz.<\/p>","protected":false},"excerpt":{"rendered":"<p>This rice processing unit production line is uniquely designed to handle 50-60 tons of paddy per day, ensuring high yield and quality of rice, and is suitable for large-scale rice mills or grain processing enterprises. This production line can be customized with different configurations according to user needs. It not only improves rice production efficiency [&hellip;]<\/p>\n","protected":false},"author":1,"featured_media":15379,"parent":0,"comment_status":"closed","ping_status":"closed","template":"","tags":[796],"product-type":[875,906],"class_list":["post-15378","product","type-product","status-publish","has-post-thumbnail","hentry","tag-rice","product-type-rice-mill-category","product-type-rice-mill-production-line"],"_links":{"self":[{"href":"https:\/\/www.agriculture-machine.com\/tr\/wp-json\/wp\/v2\/product\/15378","targetHints":{"allow":["GET"]}}],"collection":[{"href":"https:\/\/www.agriculture-machine.com\/tr\/wp-json\/wp\/v2\/product"}],"about":[{"href":"https:\/\/www.agriculture-machine.com\/tr\/wp-json\/wp\/v2\/types\/product"}],"author":[{"embeddable":true,"href":"https:\/\/www.agriculture-machine.com\/tr\/wp-json\/wp\/v2\/users\/1"}],"replies":[{"embeddable":true,"href":"https:\/\/www.agriculture-machine.com\/tr\/wp-json\/wp\/v2\/comments?post=15378"}],"wp:featuredmedia":[{"embeddable":true,"href":"https:\/\/www.agriculture-machine.com\/tr\/wp-json\/wp\/v2\/media\/15379"}],"wp:attachment":[{"href":"https:\/\/www.agriculture-machine.com\/tr\/wp-json\/wp\/v2\/media?parent=15378"}],"wp:term":[{"taxonomy":"post_tag","embeddable":true,"href":"https:\/\/www.agriculture-machine.com\/tr\/wp-json\/wp\/v2\/tags?post=15378"},{"taxonomy":"product-type","embeddable":true,"href":"https:\/\/www.agriculture-machine.com\/tr\/wp-json\/wp\/v2\/product-type?post=15378"}],"curies":[{"name":"wp","href":"https:\/\/api.w.org\/{rel}","templated":true}]}}