{"id":15451,"date":"2023-12-25T15:05:47","date_gmt":"2023-12-25T07:05:47","guid":{"rendered":"https:\/\/www.agriculture-machine.com\/?post_type=product&#038;p=15451"},"modified":"2024-09-23T11:26:51","modified_gmt":"2024-09-23T03:26:51","slug":"corn-cleaner-machine","status":"publish","type":"product","link":"https:\/\/www.agriculture-machine.com\/tr\/corn-cleaner-machine\/","title":{"rendered":"Y\u00fcksek Verimli M\u0131s\u0131r Temizleme Makinesi, Sat\u0131\u015fta"},"content":{"rendered":"<p class=\"translation-block\">The <strong>corn cleaner<\/strong> makinesi, bu\u011fday, m\u0131s\u0131r, soya fasulyesi ve di\u011fer hububatlar\u0131 b\u00fcy\u00fck, orta ve k\u00fc\u00e7\u00fck safs\u0131zl\u0131klarla temizlemek i\u00e7in esas olarak kullan\u0131l\u0131r. Bu, bu\u011fday unu i\u015f\u00e7ili\u011fine haz\u0131rl\u0131k i\u00e7in temizlenen ham t\u0131c\u0131n i\u00e7in vazge\u00e7ilmez \u00f6nemli bir ekipmand\u0131r. \u00c7\u0131kt\u0131 saatlik 500-600 kg\u2019a ula\u015fabilir.<\/p>    <figure class=\"wp-block-embed aligncenter is-type-video is-provider-youtube wp-block-embed-youtube wp-embed-aspect-16-9 wp-has-aspect-ratio\"><div class=\"wp-block-embed__wrapper\"> <iframe loading=\"lazy\" title=\"Geni\u015f Kapsaml\u0131 Bu\u011fday Temizleme Makinesi i\u00e7in \u0130yi Kapasite!\" width=\"500\" height=\"281\" src=\"https:\/\/www.youtube.com\/embed\/853oAV9d2gA?feature=oembed\" frameborder=\"0\" allow=\"accelerometer; autoplay; clipboard-write; encrypted-media; gyroscope; picture-in-picture; web-share\" referrerpolicy=\"strict-origin-when-cross-origin\" allowfullscreen><\/iframe> <\/div><figcaption class=\"wp-element-caption\">Hububat temizleme makinesinin \u00e7al\u0131\u015fma videosu<\/figcaption><\/figure>    <p class=\"translation-block\">Bu hububat temizleme makinesinin d\u00f6rt k\u0131sm\u0131 vard\u0131r: otomatik y\u00fckleme, iki katmanl\u0131 eleme, net hububat ta\u015f temizleme, bu\u011fday vurma ve ay\u0131rma. K\u00fc\u00e7\u00fck boyutu, hafifli\u011fi, d\u00fc\u015f\u00fck g\u00fc\u00e7 t\u00fcketimi, istikrarl\u0131 performans, geli\u015fmi\u015f s\u00fcre\u00e7 ve \u00e7ok i\u015flevli entegrasyon avantajlar\u0131na sahiptir. M\u0131s\u0131r temizleyici, <strong><a href=\"https:\/\/www.agriculture-machine.com\/tr\/corn-grits-making-machine\/\"><em>m\u0131s\u0131r irmi\u011fi yap\u0131m makinesi<\/em><\/a><\/strong> ve <strong><a href=\"https:\/\/www.agriculture-machine.com\/tr\/corn-grinder-machine\/\"><em>m\u0131s\u0131r unu \u00f6\u011f\u00fctme makineleri<\/em><\/a><\/strong> i\u00e7in ideal destek ekipman\u0131d\u0131r.<\/p>    <figure class=\"wp-block-gallery has-nested-images columns-2 is-cropped wp-block-gallery-2 is-layout-flex wp-block-gallery-is-layout-flex\"> <figure class=\"wp-block-image size-large\"><img loading=\"lazy\" decoding=\"async\" width=\"720\" height=\"540\" data-id=\"16348\" src=\"https:\/\/www.agriculture-machine.com\/wp-content\/uploads\/2023\/12\/grain-seed-cleaner.webp\" alt=\"hububat tohumu temizleyici\" class=\"wp-image-16348\" srcset=\"https:\/\/www.agriculture-machine.com\/wp-content\/uploads\/2023\/12\/grain-seed-cleaner.webp 720w, https:\/\/www.agriculture-machine.com\/wp-content\/uploads\/2023\/12\/grain-seed-cleaner-360x270.webp 360w, https:\/\/www.agriculture-machine.com\/wp-content\/uploads\/2023\/12\/grain-seed-cleaner-240x180.webp 240w, https:\/\/www.agriculture-machine.com\/wp-content\/uploads\/2023\/12\/grain-seed-cleaner-16x12.webp 16w\" sizes=\"auto, (max-width: 720px) 100vw, 720px\" \/><figcaption class=\"wp-element-caption\">hububat tohumu temizleyici<\/figcaption><\/figure>    <figure class=\"wp-block-image size-large\"><img loading=\"lazy\" decoding=\"async\" width=\"720\" height=\"540\" data-id=\"16347\" src=\"https:\/\/www.agriculture-machine.com\/wp-content\/uploads\/2023\/12\/crop-cleaning-machine.webp\" alt=\"bitkisel temizleyici makine\" class=\"wp-image-16347\" srcset=\"https:\/\/www.agriculture-machine.com\/wp-content\/uploads\/2023\/12\/crop-cleaning-machine.webp 720w, https:\/\/www.agriculture-machine.com\/wp-content\/uploads\/2023\/12\/crop-cleaning-machine-360x270.webp 360w, https:\/\/www.agriculture-machine.com\/wp-content\/uploads\/2023\/12\/crop-cleaning-machine-240x180.webp 240w, https:\/\/www.agriculture-machine.com\/wp-content\/uploads\/2023\/12\/crop-cleaning-machine-16x12.webp 16w\" sizes=\"auto, (max-width: 720px) 100vw, 720px\" \/><figcaption class=\"wp-element-caption\">bitkisel temizleyici makine<\/figcaption><\/figure>    <figure class=\"wp-block-image size-large\"><img loading=\"lazy\" decoding=\"async\" width=\"720\" height=\"540\" data-id=\"16349\" src=\"https:\/\/www.agriculture-machine.com\/wp-content\/uploads\/2023\/12\/grain-sifter.webp\" alt=\"hububat elekleyici\" class=\"wp-image-16349\" srcset=\"https:\/\/www.agriculture-machine.com\/wp-content\/uploads\/2023\/12\/grain-sifter.webp 720w, https:\/\/www.agriculture-machine.com\/wp-content\/uploads\/2023\/12\/grain-sifter-360x270.webp 360w, https:\/\/www.agriculture-machine.com\/wp-content\/uploads\/2023\/12\/grain-sifter-240x180.webp 240w, https:\/\/www.agriculture-machine.com\/wp-content\/uploads\/2023\/12\/grain-sifter-16x12.webp 16w\" sizes=\"auto, (max-width: 720px) 100vw, 720px\" \/><figcaption class=\"wp-element-caption\">hububat elekleyici<\/figcaption><\/figure>    <figure class=\"wp-block-image size-large\"><img loading=\"lazy\" decoding=\"async\" width=\"720\" height=\"540\" data-id=\"16350\" src=\"https:\/\/www.agriculture-machine.com\/wp-content\/uploads\/2023\/12\/grain-sorter.webp\" alt=\"hububat ay\u0131r\u0131c\u0131\" class=\"wp-image-16350\" srcset=\"https:\/\/www.agriculture-machine.com\/wp-content\/uploads\/2023\/12\/grain-sorter.webp 720w, https:\/\/www.agriculture-machine.com\/wp-content\/uploads\/2023\/12\/grain-sorter-360x270.webp 360w, https:\/\/www.agriculture-machine.com\/wp-content\/uploads\/2023\/12\/grain-sorter-240x180.webp 240w, https:\/\/www.agriculture-machine.com\/wp-content\/uploads\/2023\/12\/grain-sorter-16x12.webp 16w\" sizes=\"auto, (max-width: 720px) 100vw, 720px\" \/><figcaption class=\"wp-element-caption\">hububat ay\u0131r\u0131c\u0131<\/figcaption><\/figure> <\/figure>    <h2 class=\"wp-block-heading\">M\u0131s\u0131r temizleyici yap\u0131s\u0131 ve i\u015flevi<\/h2>    <ul class=\"wp-block-list\"> <li><strong>Fan:<\/strong> otomatik y\u00fckleme ve duman emi\u015fi, i\u015flenen malzeme y\u00fcksek h\u0131zl\u0131 ak\u0131\u015fa sahip hava ak\u0131m\u0131yla ta\u015f\u0131n\u0131r ve iletim borusu arac\u0131l\u0131\u011f\u0131yla \u00fc\u00e7gen kutu indirme yerine girer. A\u011f\u0131rl\u0131k nedeniyle malzeme s\u0131k\u0131\u015f\u0131r ve kapal\u0131 hava borusundan d\u0131\u015far\u0131 ak\u0131p ilk d\u00fcz ekrana girer.<\/li>    <li><strong>D\u00fcz elek:<\/strong> farkl\u0131 boyutlarda malzeme ve safs\u0131zl\u0131klar\u0131n kullan\u0131m\u0131, malzeme b\u00fcy\u00fckl\u00fc\u011f\u00fcnden daha k\u00fc\u00e7\u00fck veya daha b\u00fcy\u00fck safs\u0131zl\u0131klar\u0131 temizlemek. Ele\u011fin \u00fcst ve alt \u00e7ift elek yap\u0131s\u0131, geni\u015f dalga hareketi ve y\u00fcksek oranda safs\u0131zl\u0131k temizleme sa\u011flar.<\/li>    <li><strong>Ta\u015f \u00d6zme Makinesi:<\/strong> farkl\u0131 \u00f6zg\u00fcl a\u011f\u0131rl\u0131\u011fa sahip malzeme kullan\u0131m\u0131 nedeniyle ta\u015flar ve ask\u0131 h\u0131z\u0131 farkl\u0131d\u0131r. Ele\u011fin tabakas\u0131ndaki titre\u015fim nedeniyle b\u00fcy\u00fck safs\u0131zl\u0131klar aras\u0131ndan malzeme temizlenir.<\/li>    <li><strong>Bu\u011fday beater\u0131:<\/strong> y\u00fcksek h\u0131zl\u0131 darbeli plakay\u0131 d\u00f6nerek malzeme ve safs\u0131zl\u0131klarla m\u00fccadele etme. Malzemeye yap\u0131\u015fan toprak ve k\u0131r\u0131lgan safs\u0131zl\u0131klar k\u0131r\u0131l\u0131r ve bo\u015faltma a\u011fz\u0131ndan bo\u015falt\u0131l\u0131r.<\/li> <\/ul>    <figure class=\"wp-block-gallery has-nested-images columns-default is-cropped wp-block-gallery-3 is-layout-flex wp-block-gallery-is-layout-flex\"> <figure class=\"wp-block-image size-large\"><img loading=\"lazy\" decoding=\"async\" width=\"720\" height=\"540\" data-id=\"16346\" src=\"https:\/\/www.agriculture-machine.com\/wp-content\/uploads\/2023\/12\/structure-of-grain-cleaning-machine.webp\" alt=\"hububat temizleme makinesinin yap\u0131s\u0131\" class=\"wp-image-16346\" srcset=\"https:\/\/www.agriculture-machine.com\/wp-content\/uploads\/2023\/12\/structure-of-grain-cleaning-machine.webp 720w, https:\/\/www.agriculture-machine.com\/wp-content\/uploads\/2023\/12\/structure-of-grain-cleaning-machine-360x270.webp 360w, https:\/\/www.agriculture-machine.com\/wp-content\/uploads\/2023\/12\/structure-of-grain-cleaning-machine-240x180.webp 240w, https:\/\/www.agriculture-machine.com\/wp-content\/uploads\/2023\/12\/structure-of-grain-cleaning-machine-16x12.webp 16w\" sizes=\"auto, (max-width: 720px) 100vw, 720px\" \/><figcaption class=\"wp-element-caption\">hububat temizleme makinesinin yap\u0131s\u0131<\/figcaption><\/figure>    <figure class=\"wp-block-image size-large\"><img loading=\"lazy\" decoding=\"async\" width=\"720\" height=\"540\" data-id=\"16345\" src=\"https:\/\/www.agriculture-machine.com\/wp-content\/uploads\/2023\/12\/grain-cleaner-basic-components.webp\" alt=\"hububat temizleyici temel bile\u015fenleri\" class=\"wp-image-16345\" srcset=\"https:\/\/www.agriculture-machine.com\/wp-content\/uploads\/2023\/12\/grain-cleaner-basic-components.webp 720w, https:\/\/www.agriculture-machine.com\/wp-content\/uploads\/2023\/12\/grain-cleaner-basic-components-360x270.webp 360w, https:\/\/www.agriculture-machine.com\/wp-content\/uploads\/2023\/12\/grain-cleaner-basic-components-240x180.webp 240w, https:\/\/www.agriculture-machine.com\/wp-content\/uploads\/2023\/12\/grain-cleaner-basic-components-16x12.webp 16w\" sizes=\"auto, (max-width: 720px) 100vw, 720px\" \/><figcaption class=\"wp-element-caption\">hububat temizleyici temel bile\u015fenleri<\/figcaption><\/figure> <\/figure>    <h2 class=\"wp-block-heading\">M\u0131s\u0131r temizleme makinesi teknik parametreleri<\/h2>    <ul class=\"wp-block-list\"> <li>D\u0131\u015f boyutlar: 1200*770*2900mm (uzunluk\u00d7geni\u015flik\u00d7y\u00fckseklik)<\/li>    <li>A\u011f\u0131rl\u0131k: 300kg<\/li>    <li>\u00c7\u0131kt\u0131: 600kg\/sa<\/li>    <li>Destek g\u00fcc\u00fc: 4 seviye 3kw<\/li>    <li>\u00dcfleyici h\u0131z\u0131: 3100rpm <\/li>    <li>Bu\u011fday beater h\u0131z\u0131: 1200 rpm<\/li>    <li>Elek g\u00f6vdesi rezonans frekans\u0131: 550rpm<\/li>    <li>Ta\u015f temizleyici fan h\u0131z\u0131: 1230rpm<\/li> <\/ul>    <figure class=\"wp-block-gallery has-nested-images columns-default is-cropped wp-block-gallery-4 is-layout-flex wp-block-gallery-is-layout-flex\"> <figure class=\"wp-block-image size-large\"><img loading=\"lazy\" decoding=\"async\" width=\"720\" height=\"540\" data-id=\"15452\" src=\"https:\/\/www.agriculture-machine.com\/wp-content\/uploads\/2023\/12\/maize-cleaning-machine.webp\" alt=\"m\u0131s\u0131r temizleme makinesi\" class=\"wp-image-15452\" srcset=\"https:\/\/www.agriculture-machine.com\/wp-content\/uploads\/2023\/12\/maize-cleaning-machine.webp 720w, https:\/\/www.agriculture-machine.com\/wp-content\/uploads\/2023\/12\/maize-cleaning-machine-360x270.webp 360w, https:\/\/www.agriculture-machine.com\/wp-content\/uploads\/2023\/12\/maize-cleaning-machine-240x180.webp 240w\" sizes=\"auto, (max-width: 720px) 100vw, 720px\" \/><figcaption class=\"wp-element-caption\">m\u0131s\u0131r temizleme makinesi<\/figcaption><\/figure>    <figure class=\"wp-block-image size-large\"><img loading=\"lazy\" decoding=\"async\" width=\"720\" height=\"540\" data-id=\"15456\" src=\"https:\/\/www.agriculture-machine.com\/wp-content\/uploads\/2023\/12\/grain-cleaning-equipment.webp\" alt=\"hububat temizleme ekipman\u0131\" class=\"wp-image-15456\" srcset=\"https:\/\/www.agriculture-machine.com\/wp-content\/uploads\/2023\/12\/grain-cleaning-equipment.webp 720w, https:\/\/www.agriculture-machine.com\/wp-content\/uploads\/2023\/12\/grain-cleaning-equipment-360x270.webp 360w, https:\/\/www.agriculture-machine.com\/wp-content\/uploads\/2023\/12\/grain-cleaning-equipment-240x180.webp 240w\" sizes=\"auto, (max-width: 720px) 100vw, 720px\" \/><figcaption class=\"wp-element-caption\">hububat temizleme ekipman\u0131<\/figcaption><\/figure> <\/figure>    <h2 class=\"wp-block-heading\">Hububat temizleyici kurulumu i\u00e7in \u00d6nlemler<\/h2>    <ul class=\"wp-block-list\"> <li>Kurulum temeli d\u00fcz olmal\u0131 ve ankraj c\u0131vatalar\u0131 s\u0131k\u0131 olmal\u0131d\u0131r.<\/li>    <li>Motorun d\u00f6n\u00fc\u015f y\u00f6n\u00fc, millerde i\u015faretlenen d\u00f6n\u00fc\u015f y\u00f6n\u00fc ile tutarl\u0131 olmal\u0131d\u0131r.<\/li>    <li>Kablolar\u0131n ve motorlar\u0131n kurulumu elektrik\u00e7iler ve teknisyenler taraf\u0131ndan birlikte tamamlanmal\u0131d\u0131r.<\/li>    <li>Bu m\u0131s\u0131r temizleyici makinesi, di\u011fer \u00f6\u011f\u00fctme ekipmanlar\u0131yla birlikte kullan\u0131l\u0131r; hububat deposunun g\u00f6reli konumunu g\u00f6z \u00f6n\u00fcnde bulundurur.<\/li> <\/ul>    <figure class=\"wp-block-gallery has-nested-images columns-default is-cropped wp-block-gallery-5 is-layout-flex wp-block-gallery-is-layout-flex\"> <figure class=\"wp-block-image size-large\"><img loading=\"lazy\" decoding=\"async\" width=\"720\" height=\"540\" data-id=\"15453\" src=\"https:\/\/www.agriculture-machine.com\/wp-content\/uploads\/2023\/12\/corn-cleaner-for-sale.webp\" alt=\"sat\u0131l\u0131k m\u0131s\u0131r temizleyici\" class=\"wp-image-15453\" srcset=\"https:\/\/www.agriculture-machine.com\/wp-content\/uploads\/2023\/12\/corn-cleaner-for-sale.webp 720w, https:\/\/www.agriculture-machine.com\/wp-content\/uploads\/2023\/12\/corn-cleaner-for-sale-360x270.webp 360w, https:\/\/www.agriculture-machine.com\/wp-content\/uploads\/2023\/12\/corn-cleaner-for-sale-240x180.webp 240w\" sizes=\"auto, (max-width: 720px) 100vw, 720px\" \/><figcaption class=\"wp-element-caption\">sat\u0131l\u0131k m\u0131s\u0131r temizleyici<\/figcaption><\/figure>    <figure class=\"wp-block-image size-large\"><img loading=\"lazy\" decoding=\"async\" width=\"720\" height=\"540\" data-id=\"15454\" src=\"https:\/\/www.agriculture-machine.com\/wp-content\/uploads\/2023\/12\/corn-cleaning-machine-for-sale.webp\" alt=\"sat\u0131l\u0131k m\u0131s\u0131r temizleme makinesi\" class=\"wp-image-15454\" srcset=\"https:\/\/www.agriculture-machine.com\/wp-content\/uploads\/2023\/12\/corn-cleaning-machine-for-sale.webp 720w, https:\/\/www.agriculture-machine.com\/wp-content\/uploads\/2023\/12\/corn-cleaning-machine-for-sale-360x270.webp 360w, https:\/\/www.agriculture-machine.com\/wp-content\/uploads\/2023\/12\/corn-cleaning-machine-for-sale-240x180.webp 240w\" sizes=\"auto, (max-width: 720px) 100vw, 720px\" \/><figcaption class=\"wp-element-caption\">sat\u0131l\u0131k m\u0131s\u0131r temizleme makinesi<\/figcaption><\/figure> <\/figure>    <h2 class=\"wp-block-heading\"><strong>Kurulum ayar\u0131 ve i\u015fletme<\/strong><\/h2>    <p>Kurulumdan \u00f6nce ekipmanda herhangi bir art\u0131\u011f\u0131n olup olmad\u0131\u011f\u0131n\u0131 kontrol edin. Operat\u00f6r \u00f6nce insanlar\u0131n ve makinelerin g\u00fcvenli\u011fini sa\u011flamal\u0131d\u0131r.<\/p>    <ul class=\"wp-block-list\"> <li>M\u0131s\u0131r temizleyici makine r\u00f6lanti halinde 1-2 dakika sonra, normal ko\u015fullarda besleyiciyi a\u00e7\u0131n ve kapa\u011f\u0131 k\u00fc\u00e7\u00fckten b\u00fcy\u00fc\u011fe do\u011fru uygun konuma ayarlay\u0131n.<\/li>    <li>Kapal\u0131 hava kanal\u0131 elastik bandesinin bas\u0131nc\u0131 ayarlanmal\u0131 ki m\u0131s\u0131r e\u015fit olarak bo\u015falmal\u0131, fan \u00e7\u0131k\u0131\u015f\u0131nda ka\u00e7ak olmayacak ve \u00e7ok gev\u015fek ya da \u00e7ok s\u0131k\u0131 olmayacakt\u0131r.<\/li>    <li>Ta\u015f temizleyici a\u011f\u0131z ve bu\u011fday beater giri\u015fi aras\u0131ndaki a\u00e7\u0131kl\u0131k uygun \u015fekilde koordine edilmelidir. Aksi halde her hangi bir darbeye ba\u011fl\u0131 olarak ta\u015f temizleme etkisi bozulabilir.<\/li>    <li>Bu\u011fday beceri \u00e7\u0131k\u0131\u015f\u0131 ile kar\u0131\u015ft\u0131r\u0131c\u0131 giri\u015finin s\u0131k\u0131ca uyumlu olmas\u0131 gerekir. Malzeme s\u0131z\u0131nt\u0131s\u0131 olmamal\u0131d\u0131r.<\/li>    <li>Bu\u011fday neminin, durum bu\u011fday neminin .5-16.5% olmas\u0131n\u0131 sa\u011flay\u0131n.<\/li>    <li>Havan\u0131n \u00e7\u0131k\u0131\u015f a\u011fz\u0131n\u0131n t\u0131kanmamas\u0131 i\u00e7in fan hava \u00e7\u0131k\u0131\u015f\u0131n\u0131n po\u015fetlerle sar\u0131lmamas\u0131 gerekir.<\/li> <\/ul>    <figure class=\"wp-block-gallery has-nested-images columns-default is-cropped wp-block-gallery-6 is-layout-flex wp-block-gallery-is-layout-flex\"> <figure class=\"wp-block-image size-large\"><img loading=\"lazy\" decoding=\"async\" width=\"720\" height=\"540\" data-id=\"15455\" src=\"https:\/\/www.agriculture-machine.com\/wp-content\/uploads\/2023\/12\/maize-corn-cleaner-machine.webp\" alt=\"m\u0131s\u0131r temizleyici makinesi\" class=\"wp-image-15455\" srcset=\"https:\/\/www.agriculture-machine.com\/wp-content\/uploads\/2023\/12\/maize-corn-cleaner-machine.webp 720w, https:\/\/www.agriculture-machine.com\/wp-content\/uploads\/2023\/12\/maize-corn-cleaner-machine-360x270.webp 360w, https:\/\/www.agriculture-machine.com\/wp-content\/uploads\/2023\/12\/maize-corn-cleaner-machine-240x180.webp 240w\" sizes=\"auto, (max-width: 720px) 100vw, 720px\" \/><figcaption class=\"wp-element-caption\">m\u0131s\u0131r temizleyici makinesi<\/figcaption><\/figure>    <figure class=\"wp-block-image size-large\"><img loading=\"lazy\" decoding=\"async\" width=\"720\" height=\"540\" data-id=\"15457\" src=\"https:\/\/www.agriculture-machine.com\/wp-content\/uploads\/2023\/12\/grain-cleaner-packing-site.webp\" alt=\"hububat temizleyici paketleme sahas\u0131\" class=\"wp-image-15457\" srcset=\"https:\/\/www.agriculture-machine.com\/wp-content\/uploads\/2023\/12\/grain-cleaner-packing-site.webp 720w, https:\/\/www.agriculture-machine.com\/wp-content\/uploads\/2023\/12\/grain-cleaner-packing-site-360x270.webp 360w, https:\/\/www.agriculture-machine.com\/wp-content\/uploads\/2023\/12\/grain-cleaner-packing-site-240x180.webp 240w\" sizes=\"auto, (max-width: 720px) 100vw, 720px\" \/><figcaption class=\"wp-element-caption\">hububat temizleyici paketleme sahas\u0131<\/figcaption><\/figure> <\/figure>    <p>M\u0131s\u0131r ekiminden hasada, irmik \u00f6\u011f\u00fctmeye ve ba\u015fka bir dizi i\u015fleme kadar ilgili makinelerimiz bulunmaktad\u0131r. L\u00fctfen bizimle ileti\u015fime ge\u00e7in, ihtiya\u00e7lar\u0131n\u0131z\u0131 s\u00f6yleyin ve sizin i\u00e7in en uygun makineyi \u00f6nerece\u011fiz.<\/p>","protected":false},"excerpt":{"rendered":"<p>Corn cleaner&#8217;s main function is to clean the impurities in corn and other grains, in line with the requirements of the market and food safety.<\/p>","protected":false},"author":1,"featured_media":16353,"parent":0,"comment_status":"closed","ping_status":"closed","template":"","tags":[2636],"product-type":[873],"class_list":["post-15451","product","type-product","status-publish","has-post-thumbnail","hentry","tag-cleaning","product-type-corn-grains-grinding-equipment"],"_links":{"self":[{"href":"https:\/\/www.agriculture-machine.com\/tr\/wp-json\/wp\/v2\/product\/15451","targetHints":{"allow":["GET"]}}],"collection":[{"href":"https:\/\/www.agriculture-machine.com\/tr\/wp-json\/wp\/v2\/product"}],"about":[{"href":"https:\/\/www.agriculture-machine.com\/tr\/wp-json\/wp\/v2\/types\/product"}],"author":[{"embeddable":true,"href":"https:\/\/www.agriculture-machine.com\/tr\/wp-json\/wp\/v2\/users\/1"}],"replies":[{"embeddable":true,"href":"https:\/\/www.agriculture-machine.com\/tr\/wp-json\/wp\/v2\/comments?post=15451"}],"wp:featuredmedia":[{"embeddable":true,"href":"https:\/\/www.agriculture-machine.com\/tr\/wp-json\/wp\/v2\/media\/16353"}],"wp:attachment":[{"href":"https:\/\/www.agriculture-machine.com\/tr\/wp-json\/wp\/v2\/media?parent=15451"}],"wp:term":[{"taxonomy":"post_tag","embeddable":true,"href":"https:\/\/www.agriculture-machine.com\/tr\/wp-json\/wp\/v2\/tags?post=15451"},{"taxonomy":"product-type","embeddable":true,"href":"https:\/\/www.agriculture-machine.com\/tr\/wp-json\/wp\/v2\/product-type?post=15451"}],"curies":[{"name":"wp","href":"https:\/\/api.w.org\/{rel}","templated":true}]}}