{"id":15641,"date":"2024-01-25T14:30:54","date_gmt":"2024-01-25T06:30:54","guid":{"rendered":"https:\/\/www.agriculture-machine.com\/?post_type=product&#038;p=15641"},"modified":"2025-08-25T16:48:08","modified_gmt":"2025-08-25T08:48:08","slug":"silage-spreader-feeding-car","status":"publish","type":"product","link":"https:\/\/www.agriculture-machine.com\/tr\/silage-spreader-feeding-car\/","title":{"rendered":"Elektrikli \u00c7im Kar\u0131\u015ft\u0131r\u0131c\u0131 Silaj Yayma Makinesi Hayvanc\u0131l\u0131k Besleme Arac\u0131"},"content":{"rendered":"<p>Silaj da\u011f\u0131t\u0131c\u0131, esas olarak silaj yemi veya di\u011fer yemleri kar\u0131\u015ft\u0131rmak ve sonra h\u0131zl\u0131 ve e\u015fit \u015fekilde hayvan ve koyun besleme alanlar\u0131na yaymak i\u00e7in kullan\u0131l\u0131r. Bu ekipman kullanmak, yem kullan\u0131m\u0131n\u0131 -20 art\u0131rabilir ve at\u0131klar\u0131 \u00f6nemli \u00f6l\u00e7\u00fcde azalt\u0131r.<\/p>    <p>Bu makine, kar\u0131\u015ft\u0131rma, ta\u015f\u0131ma ve da\u011f\u0131tma fonksiyonlar\u0131n\u0131 entegre eder, kullan\u0131m\u0131 kolay ve y\u00fcksek verimlidir, bilimsel ve b\u00fcy\u00fck \u00f6l\u00e7ekli yem da\u011f\u0131t\u0131m\u0131n\u0131 sa\u011flar.<\/p>    <p>Yaln\u0131zca yem verimlili\u011fini ve \u00e7iftlik y\u00f6netim standartlar\u0131n\u0131 art\u0131rmakla kalmaz, ayn\u0131 zamanda s\u0131\u011f\u0131r ve koyunlar\u0131n dengeli beslenmesini sa\u011flar, b\u00f6ylece sa\u011fl\u0131kl\u0131 b\u00fcy\u00fcmeyi te\u015fvik eder ve besleme maliyetlerini azalt\u0131r.<\/p>    <figure class=\"wp-block-embed aligncenter is-type-video is-provider-youtube wp-block-embed-youtube wp-embed-aspect-16-9 wp-has-aspect-ratio\"><div class=\"wp-block-embed__wrapper\"> <iframe loading=\"lazy\" title=\"Verimli Silaj \u0130\u015fleme! \u00c7im kar\u0131\u015ft\u0131r\u0131c\u0131 yem silaj da\u011f\u0131t\u0131c\u0131 kamyonu canl\u0131 operasyon videosu#silaj\" width=\"500\" height=\"281\" src=\"https:\/\/www.youtube.com\/embed\/OP465T0OIl0?feature=oembed\" frameborder=\"0\" allow=\"accelerometer; autoplay; clipboard-write; encrypted-media; gyroscope; picture-in-picture; web-share\" referrerpolicy=\"strict-origin-when-cross-origin\" allowfullscreen><\/iframe> <\/div><figcaption class=\"wp-element-caption\">Ku\u015f\u00e7uluk besleyici \u00e7al\u0131\u015fma videosu<\/figcaption><\/figure>    <h2 class=\"wp-block-heading\">Silaj da\u011f\u0131t\u0131c\u0131 uygulamalar\u0131<\/h2>    <ul class=\"wp-block-list\"> <li>\u00c7iftlikler i\u00e7in hayvan besleme: b\u00fcy\u00fck \u00f6l\u00e7ekli \u00e7iftlikler ve aile i\u015fletmeleri i\u00e7in uygundur, bu sistem s\u0131\u011f\u0131r ve koyun gibi gevi\u015f getiren hayvanlara silaj, saman, yem ve pelet yemi ile besleme ama\u00e7l\u0131 tasarlanm\u0131\u015ft\u0131r.<\/li>    <li>\u00c7oklu yem t\u00fcrleriyle uyumlu: m\u0131s\u0131r silaj\u0131, saman unu, kuru ot ve karma yem dahil olmak \u00fczere \u00e7e\u015fitli yem maddelerini i\u015fleyebilir.<\/li>    <li>\u00c7ok ortaml\u0131 uygulama: a\u00e7\u0131k otlaklar, ah\u0131rlar veya yar\u0131 kapal\u0131 \u00e7iftlik ortamlar\u0131nda esnek \u00e7al\u0131\u015fabilir, yem da\u011f\u0131t\u0131m\u0131n\u0131 e\u015fit \u015fekilde sa\u011flar.<\/li>    <li>Farkl\u0131 \u00e7ift\u00e7ilik \u00f6l\u00e7eklerine uygun: k\u00fc\u00e7\u00fck aile \u00e7iftlikleri ve b\u00fcy\u00fck hayvanc\u0131l\u0131k \u015firketleri i\u00e7in uygundur, ihtiya\u00e7lara g\u00f6re farkl\u0131 kapasiteler ve modeller se\u00e7enekleri mevcuttur.<\/li> <\/ul>    <figure class=\"wp-block-image aligncenter size-full\"><img loading=\"lazy\" decoding=\"async\" width=\"720\" height=\"540\" src=\"https:\/\/www.agriculture-machine.com\/wp-content\/uploads\/2024\/01\/automatic-animal-feed-spreader.webp\" alt=\"otomatik hayvan yemi da\u011f\u0131t\u0131c\u0131\" class=\"wp-image-15647\" srcset=\"https:\/\/www.agriculture-machine.com\/wp-content\/uploads\/2024\/01\/automatic-animal-feed-spreader.webp 720w, https:\/\/www.agriculture-machine.com\/wp-content\/uploads\/2024\/01\/automatic-animal-feed-spreader-360x270.webp 360w, https:\/\/www.agriculture-machine.com\/wp-content\/uploads\/2024\/01\/automatic-animal-feed-spreader-240x180.webp 240w\" sizes=\"auto, (max-width: 720px) 100vw, 720px\" \/><figcaption class=\"wp-element-caption\">otomatik hayvan yemi da\u011f\u0131t\u0131c\u0131<\/figcaption><\/figure>    <h2 class=\"wp-block-heading\">Hayvan yeti\u015ftiricili\u011fi besleme arabas\u0131 faydalar\u0131<\/h2>    <ul class=\"wp-block-list\"> <li>Y\u00fcksek verimli ve enerji tasarruflu: manuel beslemeye g\u00f6re birka\u00e7 kat daha verimli, saatte y\u00fczlerce s\u0131\u011f\u0131r ve koyun besleyebilen tek makine.<\/li>    <li>Y\u00fcksek yem kullan\u0131m\u0131: yemlerin e\u015fit da\u011f\u0131l\u0131m\u0131, se\u00e7ici yeme ve israf\u0131 \u00f6nler, yem kullan\u0131m\u0131n\u0131 -20 art\u0131r\u0131r.<\/li>    <li>\u0130\u015f\u00e7ilik maliyetlerini azalt\u0131r: otomatik \u00e7al\u0131\u015fma \u00f6nemli \u00f6l\u00e7\u00fcde i\u015f\u00e7ilik girdisini azalt\u0131r ve i\u015f\u00e7ilik maliyetlerini d\u00fc\u015f\u00fcr\u00fcr.<\/li>    <li>Esnek ve manevra kabiliyetli: kompakt tasar\u0131m ve esnek \u00e7al\u0131\u015fma, \u00e7e\u015fitli arazi ve \u00e7iftlik ortamlar\u0131nda serbest hareket ve \u00e7al\u0131\u015fma sa\u011flar.<\/li>    <li>G\u00fcvenli ve g\u00fcvenilir: a\u015f\u0131nmaya dayan\u0131kl\u0131 \u00e7elik ve y\u00fcksek performansl\u0131 transmisyon sistemi ile in\u015fa edilmi\u015ftir, makine sa\u011flam yap\u0131ya, uzun hizmet \u00f6mr\u00fcne ve basit bak\u0131ma sahiptir.<\/li>    <li>Hayvan sa\u011fl\u0131\u011f\u0131n\u0131 te\u015fvik eder: hayvanlar\u0131n dengeli beslenmesini sa\u011flar, sa\u011fl\u0131kl\u0131 b\u00fcy\u00fcmeyi te\u015fvik eder ve pazarlanabilirli\u011fi ile s\u00fct verim oranlar\u0131n\u0131 art\u0131r\u0131r.<\/li> <\/ul>    <h2 class=\"wp-block-heading\">Silaj da\u011f\u0131t\u0131c\u0131 t\u00fcrleri<\/h2>    <p>\u0130htiya\u00e7lar\u0131n\u0131za g\u00f6re farkl\u0131 silaj da\u011f\u0131t\u0131c\u0131 kamyon tipleri sunuyoruz, ihtiya\u00e7lara g\u00f6re se\u00e7im yapabilirsiniz.<\/p>    <h3 class=\"wp-block-heading\">Dikey ve yatay silaj da\u011f\u0131t\u0131c\u0131<\/h3>    <p>Bu iki tip aras\u0131ndaki tek fark, dikeyin silindirik ve yatay\u0131n k\u00fcbik olmas\u0131d\u0131r. Hacimler 3 ve 5 metrek\u00fcpt\u00fcr. A\u015fa\u011f\u0131daki iki resim farklar\u0131n\u0131 g\u00f6sterir.<\/p>    <figure class=\"wp-block-image aligncenter size-full\"><img loading=\"lazy\" decoding=\"async\" width=\"720\" height=\"540\" src=\"https:\/\/www.agriculture-machine.com\/wp-content\/uploads\/2024\/01\/vertical-type-silage-spreader.webp\" alt=\"dikey tip silaj da\u011f\u0131t\u0131c\u0131\" class=\"wp-image-15643\" srcset=\"https:\/\/www.agriculture-machine.com\/wp-content\/uploads\/2024\/01\/vertical-type-silage-spreader.webp 720w, https:\/\/www.agriculture-machine.com\/wp-content\/uploads\/2024\/01\/vertical-type-silage-spreader-360x270.webp 360w, https:\/\/www.agriculture-machine.com\/wp-content\/uploads\/2024\/01\/vertical-type-silage-spreader-240x180.webp 240w\" sizes=\"auto, (max-width: 720px) 100vw, 720px\" \/><figcaption class=\"wp-element-caption\">dikey tip silaj da\u011f\u0131t\u0131c\u0131<\/figcaption><\/figure>    <figure class=\"wp-block-image aligncenter size-full\"><img loading=\"lazy\" decoding=\"async\" width=\"720\" height=\"540\" src=\"https:\/\/www.agriculture-machine.com\/wp-content\/uploads\/2024\/01\/horizontal-type-feeding-car.webp\" alt=\"yatay tip besleme arabas\u0131\" class=\"wp-image-15644\" srcset=\"https:\/\/www.agriculture-machine.com\/wp-content\/uploads\/2024\/01\/horizontal-type-feeding-car.webp 720w, https:\/\/www.agriculture-machine.com\/wp-content\/uploads\/2024\/01\/horizontal-type-feeding-car-360x270.webp 360w, https:\/\/www.agriculture-machine.com\/wp-content\/uploads\/2024\/01\/horizontal-type-feeding-car-240x180.webp 240w\" sizes=\"auto, (max-width: 720px) 100vw, 720px\" \/><figcaption class=\"wp-element-caption\">yatay tip besleme arabas\u0131<\/figcaption><\/figure>    <h3 class=\"wp-block-heading\">Elektrikli ara\u00e7 ile \u00e7al\u0131\u015fan da\u011f\u0131t\u0131c\u0131<\/h3>    <p>Bu tip silaj da\u011f\u0131t\u0131c\u0131, g\u00fc\u00e7 kayna\u011f\u0131 olarak elektrikli ara\u00e7 kullan\u0131r ve genellikle g\u00fc\u00e7l\u00fc bir elektrik motoru ile donat\u0131lm\u0131\u015ft\u0131r. <\/p>    <p>Elektrikli s\u00fcr\u00fc\u015f avantajlar\u0131, \u00e7evre dostu, d\u00fc\u015f\u00fck g\u00fcr\u00fclt\u00fc ve d\u00fc\u015f\u00fck enerji t\u00fcketimi, daha sessiz ve temiz bir ortamda \u00e7al\u0131\u015fma gerektiren uygulamalara uygundur. Ayn\u0131 zamanda, elektrikli modeller m\u00fckemmel esneklik ve kontrol sa\u011flar, otlaklar ve \u00e7iftlikler gibi s\u0131n\u0131rl\u0131 alanlarda kullan\u0131m\u0131n\u0131 kolayla\u015ft\u0131r\u0131r.<\/p>    <figure class=\"wp-block-image aligncenter size-full\"><img loading=\"lazy\" decoding=\"async\" width=\"720\" height=\"540\" src=\"https:\/\/www.agriculture-machine.com\/wp-content\/uploads\/2024\/01\/electric-cattle-feed-spreader.webp\" alt=\"elektrikli s\u0131\u011f\u0131r yem da\u011f\u0131t\u0131c\u0131\" class=\"wp-image-15645\" srcset=\"https:\/\/www.agriculture-machine.com\/wp-content\/uploads\/2024\/01\/electric-cattle-feed-spreader.webp 720w, https:\/\/www.agriculture-machine.com\/wp-content\/uploads\/2024\/01\/electric-cattle-feed-spreader-360x270.webp 360w, https:\/\/www.agriculture-machine.com\/wp-content\/uploads\/2024\/01\/electric-cattle-feed-spreader-240x180.webp 240w\" sizes=\"auto, (max-width: 720px) 100vw, 720px\" \/><figcaption class=\"wp-element-caption\">elektrikli s\u0131\u011f\u0131r yem da\u011f\u0131t\u0131c\u0131<\/figcaption><\/figure>    <p class=\"translation-block\">Bu makine, silaj balyalar\u0131n\u0131 da\u011f\u0131tmak i\u00e7in ayr\u0131 bir kar\u0131\u015ft\u0131r\u0131c\u0131 ile donat\u0131lmal\u0131d\u0131r (genellikle fermantasyonu koruma etkisi olan balya kapatma makinesi ile birlikte kullan\u0131l\u0131r). Bu, konvey\u00f6r band\u0131 arac\u0131l\u0131\u011f\u0131yla silaj da\u011f\u0131t\u0131c\u0131s\u0131na verilir.<\/p>    <h3 class=\"wp-block-heading\">Dizel model s\u0131\u011f\u0131r yem da\u011f\u0131t\u0131c\u0131<\/h3>    <p>Bu makine ayn\u0131 zamanda elektrikli ara\u00e7 taraf\u0131ndan da \u00e7al\u0131\u015ft\u0131r\u0131l\u0131r, ancak makine dizel motorla donat\u0131lm\u0131\u015ft\u0131r, b\u00f6ylece kendi kendine kar\u0131\u015ft\u0131rma fonksiyonu, kar\u0131\u015ft\u0131rma ve beslemeden sonra ayr\u0131 bir kar\u0131\u015ft\u0131r\u0131c\u0131ya ihtiya\u00e7 duyulmaz. <\/p>    <p>Dizel motorun avantaj\u0131, yak\u0131t\u0131n y\u00fcksek enerji yo\u011funlu\u011fudur, b\u00f6ylece uzun s\u00fcre boyunca s\u00fcrekli ve g\u00fc\u00e7l\u00fc g\u00fc\u00e7 \u00e7\u0131k\u0131\u015f\u0131 sa\u011flayabilir, uzun s\u00fcre, y\u00fcksek yo\u011funluklu kullan\u0131m i\u00e7in uygundur.<\/p>    <figure class=\"wp-block-image aligncenter size-full\"><img loading=\"lazy\" decoding=\"async\" width=\"720\" height=\"540\" src=\"https:\/\/www.agriculture-machine.com\/wp-content\/uploads\/2024\/01\/disel-huabandry-silage-spreader.webp\" alt=\"dizel hayvanc\u0131l\u0131k silaj da\u011f\u0131t\u0131c\u0131\" class=\"wp-image-15646\" srcset=\"https:\/\/www.agriculture-machine.com\/wp-content\/uploads\/2024\/01\/disel-huabandry-silage-spreader.webp 720w, https:\/\/www.agriculture-machine.com\/wp-content\/uploads\/2024\/01\/disel-huabandry-silage-spreader-360x270.webp 360w, https:\/\/www.agriculture-machine.com\/wp-content\/uploads\/2024\/01\/disel-huabandry-silage-spreader-240x180.webp 240w\" sizes=\"auto, (max-width: 720px) 100vw, 720px\" \/><figcaption class=\"wp-element-caption\">dizel hayvanc\u0131l\u0131k silaj da\u011f\u0131t\u0131c\u0131<\/figcaption><\/figure>    <h2 class=\"wp-block-heading\">\u0130nek s\u0131\u011f\u0131r yem da\u011f\u0131t\u0131c\u0131 nas\u0131l \u00e7al\u0131\u015f\u0131r?<\/h2>   <div id=\"rank-math-howto\" class=\"rank-math-block\" > <div class=\"rank-math-howto-description\">  <p>Silaj s\u0131\u011f\u0131r ve koyun yem da\u011f\u0131t\u0131c\u0131 \u00e7al\u0131\u015fma prensibi iki ana ad\u0131ma ayr\u0131l\u0131r:<\/p>  <\/div>  <div class=\"rank-math-steps\"> <div id=\"howto-step-1706084567805\" class=\"rank-math-step\"> <h3 class=\"rank-math-step-title\">Yem y\u00fckleme<\/h3> <div class=\"rank-math-step-content\"><p>\u0130lk olarak, operat\u00f6r silaj\u0131 (genellikle do\u011franm\u0131\u015f yem veya bitki) da\u011f\u0131t\u0131c\u0131n\u0131n haznesine y\u00fckler. Bu, mekanik y\u00fckleme sistemi veya di\u011fer y\u00fckleme ekipmanlar\u0131yla yap\u0131labilir. <\/p> <p>Baz\u0131 da\u011f\u0131t\u0131m vagonlar\u0131, farkl\u0131 yem t\u00fcrlerinin kar\u0131\u015ft\u0131r\u0131lmas\u0131na olanak tan\u0131yan kar\u0131\u015f\u0131k y\u00fckleme \u00f6zelli\u011fine de sahip olabilir, b\u00f6ylece hayvanlar dengeli beslenir.<\/p> <\/div> <\/div> <div id=\"howto-step-1706084630549\" class=\"rank-math-step\"> <h3 class=\"rank-math-step-title\">Da\u011f\u0131t\u0131m s\u00fcreci<\/h3> <div class=\"rank-math-step-content\"><p>Yem y\u00fcklendikten sonra, silaj da\u011f\u0131t\u0131c\u0131 kamyon, yem alan\u0131na mekanik sistem arac\u0131l\u0131\u011f\u0131yla e\u015fit \u015fekilde yayar. <\/p> <p>Bu genellikle bir fan veya dairesel da\u011f\u0131t\u0131c\u0131 d\u00f6nd\u00fcr\u00fclerek ger\u00e7ekle\u015ftirilir. Da\u011f\u0131t\u0131c\u0131, yemlerin e\u015fit da\u011f\u0131l\u0131m\u0131n\u0131 sa\u011flamak i\u00e7in da\u011f\u0131t\u0131m\u0131n kapsam\u0131n\u0131 ve yo\u011funlu\u011funu ayarlar. <\/p> <p>Ara\u00e7lar\u0131n seyahat h\u0131z\u0131 ve da\u011f\u0131t\u0131c\u0131 d\u00f6n\u00fc\u015f h\u0131z\u0131, farkl\u0131 besleme alanlar\u0131n\u0131n ihtiya\u00e7lar\u0131na g\u00f6re ayarlanabilir.<\/p> <\/div> <\/div> <\/div> <\/div>       <h2 class=\"wp-block-heading\">Silaj kar\u0131\u015ft\u0131r\u0131c\u0131 da\u011f\u0131t\u0131c\u0131 parametreleri<\/h2>    <figure class=\"wp-block-table is-style-stripes\"><table><tbody><tr><td class=\"has-text-align-center\" data-align=\"center\">Model<\/td><td class=\"has-text-align-center\" data-align=\"center\">SL-3<\/td><\/tr><tr><td class=\"has-text-align-center\" data-align=\"center\">Genel boyut<\/td><td class=\"has-text-align-center\" data-align=\"center\">3.6*1.5*2.0m<\/td><\/tr><tr><td class=\"has-text-align-center\" data-align=\"center\">Kasa boyutu<\/td><td class=\"has-text-align-center\" data-align=\"center\">2.0*1.2*1.4m<\/td><\/tr><tr><td class=\"has-text-align-center\" data-align=\"center\">Bant geni\u015fli\u011fi<\/td><td class=\"has-text-align-center\" data-align=\"center\">400mm<\/td><\/tr><tr><td class=\"has-text-align-center\" data-align=\"center\">Ak\u00fc say\u0131s\u0131<\/td><td class=\"has-text-align-center\" data-align=\"center\">6<\/td><\/tr><tr><td class=\"has-text-align-center\" data-align=\"center\">Giri\u015f voltaj\u0131<\/td><td class=\"has-text-align-center\" data-align=\"center\">72V<\/td><\/tr><tr><td class=\"has-text-align-center\" data-align=\"center\">Ak\u00fc \u00f6zellikleri<\/td><td class=\"has-text-align-center\" data-align=\"center\">kuru pil Chaowei veya Camel markas\u0131<\/td><\/tr><tr><td class=\"has-text-align-center\" data-align=\"center\">Lastik modeli<\/td><td class=\"has-text-align-center\" data-align=\"center\">Arka tekerlekler 3.50*12(2)   5.00*12(1)<\/td><\/tr><tr><td class=\"has-text-align-center\" data-align=\"center\">Kasa boyutu<\/td><td class=\"has-text-align-center\" data-align=\"center\">3m\u00b3<\/td><\/tr><tr><td class=\"has-text-align-center\" data-align=\"center\">Rulman<\/td><td class=\"has-text-align-center\" data-align=\"center\">F206(4)<\/td><\/tr><tr><td class=\"has-text-align-center\" data-align=\"center\">Ta\u015f\u0131ma y\u00f6ntemi<\/td><td class=\"has-text-align-center\" data-align=\"center\">kapan<\/td><\/tr><tr><td class=\"has-text-align-center\" data-align=\"center\">Da\u011f\u0131t\u0131m y\u00f6ntemi<\/td><td class=\"has-text-align-center\" data-align=\"center\">\u00e7ift y\u00f6nl\u00fcl\u00fck<\/td><\/tr><tr><td class=\"has-text-align-center\" data-align=\"center\">Fren<\/td><td class=\"has-text-align-center\" data-align=\"center\">ya\u011f fren<\/td><\/tr><tr><td class=\"has-text-align-center\" data-align=\"center\">Da\u011f\u0131t\u0131m y\u00fcksekli\u011fi<\/td><td class=\"has-text-align-center\" data-align=\"center\">60cm<\/td><\/tr><tr><td class=\"has-text-align-center\" data-align=\"center\">\u0130letim<\/td><td class=\"has-text-align-center\" data-align=\"center\">zincirler<\/td><\/tr><tr><td class=\"has-text-align-center\" data-align=\"center\">Direksiyon<\/td><td class=\"has-text-align-center\" data-align=\"center\">kulp<\/td><\/tr><tr><td class=\"has-text-align-center\" data-align=\"center\">Elektrikli motor<\/td><td class=\"has-text-align-center\" data-align=\"center\">1.5\/1.5\/2.2<\/td><\/tr><tr><td class=\"has-text-align-center\" data-align=\"center\">Ak\u00fc kapasitesi<\/td><td class=\"has-text-align-center\" data-align=\"center\">70A<\/td><\/tr><\/tbody><\/table><figcaption class=\"wp-element-caption\">s\u0131\u011f\u0131r koyun silaj yem da\u011f\u0131t\u0131c\u0131 teknik verileri<\/figcaption><\/figure>    <h2 class=\"wp-block-heading\">\u0130stedi\u011finiz zaman bizimle ileti\u015fime ge\u00e7in<\/h2>    <p>Silaj da\u011f\u0131t\u0131c\u0131ya ilgi duyuyorsan\u0131z, l\u00fctfen makine hakk\u0131nda daha detayl\u0131 bilgi almak i\u00e7in bizimle ileti\u015fime ge\u00e7mekten \u00e7ekinmeyin. Size detayl\u0131 \u00fcr\u00fcn a\u00e7\u0131klamalar\u0131 ve \u00f6zelle\u015ftirme \u00f6nerileri sunmaktan memnuniyet duyar\u0131z. Ayr\u0131ca, fabrikam\u0131z\u0131 ziyaret etmenizi de memnuniyetle kar\u015f\u0131l\u0131yoruz ve daha verimli ve ak\u0131ll\u0131 besleme \u00e7\u00f6z\u00fcmleri olu\u015fturmak i\u00e7in sizinle \u00e7al\u0131\u015fmay\u0131 d\u00f6rt g\u00f6zle bekliyoruz.<\/p>","protected":false},"excerpt":{"rendered":"<p>Silaj da\u011f\u0131t\u0131c\u0131, silaj ve \u00e7e\u015fitli yemleri s\u0131\u011f\u0131r ve koyun besleme alanlar\u0131na e\u015fit \u015fekilde da\u011f\u0131tarak yem kullan\u0131m\u0131 art\u0131r\u0131r ve i\u015f\u00e7ilik maliyetlerini azalt\u0131r.<\/p>","protected":false},"author":1,"featured_media":15645,"parent":0,"comment_status":"closed","ping_status":"closed","template":"","tags":[591],"product-type":[876],"class_list":["post-15641","product","type-product","status-publish","has-post-thumbnail","hentry","tag-silage","product-type-silage-machine"],"_links":{"self":[{"href":"https:\/\/www.agriculture-machine.com\/tr\/wp-json\/wp\/v2\/product\/15641","targetHints":{"allow":["GET"]}}],"collection":[{"href":"https:\/\/www.agriculture-machine.com\/tr\/wp-json\/wp\/v2\/product"}],"about":[{"href":"https:\/\/www.agriculture-machine.com\/tr\/wp-json\/wp\/v2\/types\/product"}],"author":[{"embeddable":true,"href":"https:\/\/www.agriculture-machine.com\/tr\/wp-json\/wp\/v2\/users\/1"}],"replies":[{"embeddable":true,"href":"https:\/\/www.agriculture-machine.com\/tr\/wp-json\/wp\/v2\/comments?post=15641"}],"wp:featuredmedia":[{"embeddable":true,"href":"https:\/\/www.agriculture-machine.com\/tr\/wp-json\/wp\/v2\/media\/15645"}],"wp:attachment":[{"href":"https:\/\/www.agriculture-machine.com\/tr\/wp-json\/wp\/v2\/media?parent=15641"}],"wp:term":[{"taxonomy":"post_tag","embeddable":true,"href":"https:\/\/www.agriculture-machine.com\/tr\/wp-json\/wp\/v2\/tags?post=15641"},{"taxonomy":"product-type","embeddable":true,"href":"https:\/\/www.agriculture-machine.com\/tr\/wp-json\/wp\/v2\/product-type?post=15641"}],"curies":[{"name":"wp","href":"https:\/\/api.w.org\/{rel}","templated":true}]}}