{"id":15769,"date":"2024-03-07T16:43:43","date_gmt":"2024-03-07T08:43:43","guid":{"rendered":"https:\/\/www.agriculture-machine.com\/?post_type=product&#038;p=15769"},"modified":"2024-08-20T17:42:26","modified_gmt":"2024-08-20T09:42:26","slug":"peanut-roasting-machine","status":"publish","type":"product","link":"https:\/\/www.agriculture-machine.com\/tr\/peanut-roasting-machine\/","title":{"rendered":"Elektrikli ve Gazl\u0131 Yerf\u0131st\u0131\u011f\u0131 Kavurma Makinesi Sat\u0131l\u0131k"},"content":{"rendered":"<p class=\"translation-block\"><strong>yerf\u0131st\u0131\u011f\u0131 kavurma makinesi<\/strong> esas olarak yerf\u0131st\u0131\u011f\u0131, ceviz, badem, fasulye, kahve \u00e7ekirde\u011fi, kavun \u00e7ekirde\u011fi ve di\u011fer gran\u00fcl materyaller ve tozlar\u0131n kavrulmas\u0131 veya kurutulmas\u0131 i\u00e7in kullan\u0131l\u0131r.<\/p>    <p>Bu makine elektrik \u0131s\u0131tma, ya\u011f, gaz veya k\u00f6m\u00fcr kullanabilir. D\u00f6ner tambur, \u0131s\u0131 iletimi ve radyasyon ilkelerini benimser, k\u00f6m\u00fcr yak\u0131t olarak kullan\u0131l\u0131r, \u00fcretim maliyeti d\u00fc\u015f\u00fckt\u00fcr. Makinenin kullan\u0131m\u0131 kolay, y\u00fcksek verimli, enerji tasarruflu ve dayan\u0131kl\u0131d\u0131r. Pi\u015fmi\u015f \u00fcr\u00fcnler iyi kalite, hijyenik tat ve ihracat standartlar\u0131n\u0131 kar\u015f\u0131lar.<\/p>    <figure class=\"wp-block-embed aligncenter is-type-video is-provider-youtube wp-block-embed-youtube wp-embed-aspect-16-9 wp-has-aspect-ratio\"><div class=\"wp-block-embed__wrapper\"> <iframe loading=\"lazy\" title=\"Yerf\u0131st\u0131\u011f\u0131 Kavurma Sanat\u0131n\u0131 Ustaca \u00d6\u011frenin: F\u0131st\u0131k Kavurma Makinesi Kullan\u0131m\u0131 \u0130\u00e7in Nihai Rehber!\" width=\"500\" height=\"281\" src=\"https:\/\/www.youtube.com\/embed\/ywy1h1PrqeQ?feature=oembed\" frameborder=\"0\" allow=\"accelerometer; autoplay; clipboard-write; encrypted-media; gyroscope; picture-in-picture; web-share\" referrerpolicy=\"strict-origin-when-cross-origin\" allowfullscreen><\/iframe> <\/div><figcaption class=\"wp-element-caption\">Yerf\u0131st\u0131\u011f\u0131 \u00e7ekirde\u011fi kavurma makinesi \u00e7al\u0131\u015fma videosu<\/figcaption><\/figure>    <h2 class=\"wp-block-heading\">Yerf\u0131st\u0131\u011f\u0131 kavurma makinesi nas\u0131l \u00e7al\u0131\u015f\u0131r?<\/h2>   <div id=\"rank-math-howto\" class=\"rank-math-block\" > <div class=\"rank-math-howto-description\">  <p>Yerf\u0131st\u0131\u011f\u0131 kavurma makinesinin \u00e7al\u0131\u015fma prensibi \u015fu ad\u0131mlara ayr\u0131l\u0131r:<\/p>  <\/div>  <div class=\"rank-math-steps\"> <div id=\"howto-step-1709796115027\" class=\"rank-math-step\"> <h3 class=\"rank-math-step-title\">Y\u00fckleniyor<\/h3> <div class=\"rank-math-step-content\"><p>Yerf\u0131st\u0131klar\u0131 giri\u015fte yer al\u0131r ve konvey\u00f6r band\u0131 veya di\u011fer yollarla pi\u015firme odas\u0131na girer.<\/p> <\/div> <\/div> <div id=\"howto-step-1709796163601\" class=\"rank-math-step\"> <h3 class=\"rank-math-step-title\">\u00d6n \u0131s\u0131tma<\/h3> <div class=\"rank-math-step-content\"><p>Yerf\u0131st\u0131klar\u0131 pi\u015firme odas\u0131na girmeden \u00f6nce, makine k\u0131sa bir \u00f6n \u0131s\u0131tma yapacakt\u0131r. Bu, t\u00fcm sistemin verimli bir pi\u015firme i\u015flemi i\u00e7in uygun s\u0131cakl\u0131kta olmas\u0131n\u0131 sa\u011flar. Genellikle oda s\u0131cakl\u0131\u011f\u0131nda 300 derece ayarlan\u0131r.<\/p> <\/div> <\/div> <div id=\"howto-step-1709796223154\" class=\"rank-math-step\"> <h3 class=\"rank-math-step-title\">Kavurma<\/h3> <div class=\"rank-math-step-content\"><p>Yerf\u0131st\u0131klar\u0131, s\u0131cak hava veya radyant \u0131s\u0131tma yoluyla pi\u015firme odas\u0131nda belirli bir s\u00fcre kavrulur. S\u0131cakl\u0131k ve zaman kontrol\u00fc, yerf\u0131st\u0131klar\u0131n\u0131n e\u015fit \u0131s\u0131nmas\u0131n\u0131 ve istenen tat ve renk elde edilmesini sa\u011flamak i\u00e7in \u00e7ok kritiktir.<\/p> <\/div> <\/div> <div id=\"howto-step-1709796242114\" class=\"rank-math-step\"> <h3 class=\"rank-math-step-title\">So\u011futma<\/h3> <div class=\"rank-math-step-content\"><p>Pi\u015firmenin ard\u0131ndan, kavrulmu\u015f yerf\u0131st\u0131klar\u0131 makineden so\u011futulur. Bu a\u015fama, yerf\u0131st\u0131klar\u0131n\u0131n s\u0131cakl\u0131\u011f\u0131n\u0131 stabilize etmeye yard\u0131mc\u0131 olurken, a\u015f\u0131r\u0131 \u0131s\u0131nmalar\u0131n\u0131 ve kalitelerini etkilemelerini \u00f6nler.<\/p> <\/div> <\/div> <div id=\"howto-step-1709796257088\" class=\"rank-math-step\"> <h3 class=\"rank-math-step-title\">Bo\u015faltma<\/h3> <div class=\"rank-math-step-content\"><p>So\u011futulan yerf\u0131st\u0131klar\u0131 sonunda makineden \u00e7\u0131kar ve konvey\u00f6r bantlar\u0131 veya di\u011fer sistemlerle toplanabilir veya sonraki i\u015fleme a\u015famalar\u0131na al\u0131nabilir.<\/p> <\/div> <\/div> <\/div> <\/div>       <figure class=\"wp-block-embed aligncenter is-type-video is-provider-youtube wp-block-embed-youtube wp-embed-aspect-16-9 wp-has-aspect-ratio\"><div class=\"wp-block-embed__wrapper\"> <iframe loading=\"lazy\" title=\"Verimli Yerf\u0131st\u0131\u011f\u0131 Kavurma ve So\u011futma Makinesi \u00c7al\u0131\u015f\u0131yor!#yerf\u0131st\u0131k #yerf\u0131st\u0131\u011f\u0131 #kavurma\" width=\"500\" height=\"281\" src=\"https:\/\/www.youtube.com\/embed\/4rRCnqDT7xk?feature=oembed\" frameborder=\"0\" allow=\"accelerometer; autoplay; clipboard-write; encrypted-media; gyroscope; picture-in-picture; web-share\" referrerpolicy=\"strict-origin-when-cross-origin\" allowfullscreen><\/iframe> <\/div><figcaption class=\"wp-element-caption\">Yerf\u0131st\u0131\u011f\u0131 kavurma ve so\u011futma an\u0131n\u0131 g\u00f6steren video<\/figcaption><\/figure>    <h2 class=\"wp-block-heading\">Yerf\u0131st\u0131\u011f\u0131 kavurma makinesi parametreleri<\/h2>    <figure class=\"wp-block-table is-style-stripes\"><table><tbody><tr><td class=\"has-text-align-center\" data-align=\"center\"><strong>Model<\/strong><\/td><td class=\"has-text-align-center\" data-align=\"center\"><strong>Boyutlar(mm)<\/strong><\/td><td class=\"has-text-align-center\" data-align=\"center\"><strong>Kapasi\u0307te\u0307t(kg\/h)<\/strong><\/td><td class=\"has-text-align-center\" data-align=\"center\"><strong>G\u00fc\u00e7(kW)<\/strong><\/td><td class=\"has-text-align-center\" data-align=\"center\"><strong>Elektrikli Is\u0131tma G\u00fcc\u00fc(kW)<\/strong><\/td><td class=\"has-text-align-center\" data-align=\"center\"><strong>Gaz T\u00fcketimi(kg)<\/strong><\/td><\/tr><tr><td class=\"has-text-align-center\" data-align=\"center\">MHK\u20141<\/td><td class=\"has-text-align-center\" data-align=\"center\">3000*1200*1700<\/td><td class=\"has-text-align-center\" data-align=\"center\">80\u2014120<\/td><td class=\"has-text-align-center\" data-align=\"center\">1.1<\/td><td class=\"has-text-align-center\" data-align=\"center\">22<\/td><td class=\"has-text-align-center\" data-align=\"center\">2-3<\/td><\/tr><tr><td class=\"has-text-align-center\" data-align=\"center\">MHK\u20142<\/td><td class=\"has-text-align-center\" data-align=\"center\">3000*2200*1700<\/td><td class=\"has-text-align-center\" data-align=\"center\">180\u2014250<\/td><td class=\"has-text-align-center\" data-align=\"center\">2.2<\/td><td class=\"has-text-align-center\" data-align=\"center\">44<\/td><td class=\"has-text-align-center\" data-align=\"center\">3-6<\/td><\/tr><tr><td class=\"has-text-align-center\" data-align=\"center\">MHK\u20143<\/td><td class=\"has-text-align-center\" data-align=\"center\">3000*3300*1700<\/td><td class=\"has-text-align-center\" data-align=\"center\">280\u2014350<\/td><td class=\"has-text-align-center\" data-align=\"center\">3.3<\/td><td class=\"has-text-align-center\" data-align=\"center\">66<\/td><td class=\"has-text-align-center\" data-align=\"center\">6-9<\/td><\/tr><tr><td class=\"has-text-align-center\" data-align=\"center\">MHK\u20144<\/td><td class=\"has-text-align-center\" data-align=\"center\">3000*4400*1700<\/td><td class=\"has-text-align-center\" data-align=\"center\">380\u2014450<\/td><td class=\"has-text-align-center\" data-align=\"center\">4.4<\/td><td class=\"has-text-align-center\" data-align=\"center\">88<\/td><td class=\"has-text-align-center\" data-align=\"center\">9-12<\/td><\/tr><tr><td class=\"has-text-align-center\" data-align=\"center\">MHK\u20145<\/td><td class=\"has-text-align-center\" data-align=\"center\">3000*5500*1700<\/td><td class=\"has-text-align-center\" data-align=\"center\">500&#8211;650<\/td><td class=\"has-text-align-center\" data-align=\"center\">5.5<\/td><td class=\"has-text-align-center\" data-align=\"center\">110<\/td><td class=\"has-text-align-center\" data-align=\"center\">12-15<\/td><\/tr><\/tbody><\/table><figcaption class=\"wp-element-caption\">yerf\u0131st\u0131\u011f\u0131 kavurma detay teknik verileri<\/figcaption><\/figure>    <figure class=\"wp-block-gallery has-nested-images columns-default is-cropped wp-block-gallery-2 is-layout-flex wp-block-gallery-is-layout-flex\"> <figure class=\"wp-block-image size-large\"><img loading=\"lazy\" decoding=\"async\" width=\"720\" height=\"540\" data-id=\"15805\" src=\"https:\/\/www.agriculture-machine.com\/wp-content\/uploads\/2024\/03\/automatic-nut-roasting-equipment.webp\" alt=\"otomatik kuruyemi\u015f kavurma ekipman\u0131\" class=\"wp-image-15805\" srcset=\"https:\/\/www.agriculture-machine.com\/wp-content\/uploads\/2024\/03\/automatic-nut-roasting-equipment.webp 720w, https:\/\/www.agriculture-machine.com\/wp-content\/uploads\/2024\/03\/automatic-nut-roasting-equipment-360x270.webp 360w, https:\/\/www.agriculture-machine.com\/wp-content\/uploads\/2024\/03\/automatic-nut-roasting-equipment-240x180.webp 240w, https:\/\/www.agriculture-machine.com\/wp-content\/uploads\/2024\/03\/automatic-nut-roasting-equipment-16x12.webp 16w\" sizes=\"auto, (max-width: 720px) 100vw, 720px\" \/><figcaption class=\"wp-element-caption\">otomatik kuruyemi\u015f kavurma ekipman\u0131<\/figcaption><\/figure>    <figure class=\"wp-block-image size-large\"><img loading=\"lazy\" decoding=\"async\" width=\"720\" height=\"540\" data-id=\"15806\" src=\"https:\/\/www.agriculture-machine.com\/wp-content\/uploads\/2024\/03\/efficient-nut-roasting-machine.webp\" alt=\"Verimli kuruyemi\u015f kavurma makinesi\" class=\"wp-image-15806\" srcset=\"https:\/\/www.agriculture-machine.com\/wp-content\/uploads\/2024\/03\/efficient-nut-roasting-machine.webp 720w, https:\/\/www.agriculture-machine.com\/wp-content\/uploads\/2024\/03\/efficient-nut-roasting-machine-360x270.webp 360w, https:\/\/www.agriculture-machine.com\/wp-content\/uploads\/2024\/03\/efficient-nut-roasting-machine-240x180.webp 240w, https:\/\/www.agriculture-machine.com\/wp-content\/uploads\/2024\/03\/efficient-nut-roasting-machine-16x12.webp 16w\" sizes=\"auto, (max-width: 720px) 100vw, 720px\" \/><figcaption class=\"wp-element-caption\">Verimli kuruyemi\u015f kavurma makinesi<\/figcaption><\/figure> <\/figure>    <h2 class=\"wp-block-heading\">\u00c7e\u015fitli makine tipleri<\/h2>    <p>Fabrikam\u0131z 1-5 silindirli kavurma makineleri \u00fcretmektedir. Ayr\u0131ca, tambur tipi d\u0131\u015f\u0131nda, konvey\u00f6rl\u00fc s\u00fcrekli kavurma makineleri ve entegre kavurma ve so\u011futma makineleri de sa\u011flayabiliriz.<\/p>    <p>\u0130htiyac\u0131n\u0131za g\u00f6re makine boyutu ve \u00e7\u0131k\u0131\u015f\u0131na ba\u011fl\u0131 olarak, farkl\u0131 tipler \u00fcretebiliriz. <\/p>    <p>A\u015fa\u011f\u0131da iki tip yerf\u0131st\u0131\u011f\u0131 kavurma makinesi bulunmaktad\u0131r: tek silindirli ve \u00e7ift silindirli. Bu ikisi en \u00e7ok satan makineler aras\u0131ndad\u0131r.<\/p>    <h3 class=\"wp-block-heading\">Tek silindirli yerf\u0131st\u0131\u011f\u0131 kavurma makinesi<\/h3>    <figure class=\"wp-block-gallery has-nested-images columns-default is-cropped wp-block-gallery-3 is-layout-flex wp-block-gallery-is-layout-flex\"> <figure class=\"wp-block-image size-large\"><img loading=\"lazy\" decoding=\"async\" width=\"720\" height=\"540\" data-id=\"15808\" src=\"https:\/\/www.agriculture-machine.com\/wp-content\/uploads\/2024\/03\/small-scale-nut-roasting-machine.webp\" alt=\"k\u00fc\u00e7\u00fck \u00f6l\u00e7ekli kuruyemi\u015f kavurma makinesi\" class=\"wp-image-15808\" srcset=\"https:\/\/www.agriculture-machine.com\/wp-content\/uploads\/2024\/03\/small-scale-nut-roasting-machine.webp 720w, https:\/\/www.agriculture-machine.com\/wp-content\/uploads\/2024\/03\/small-scale-nut-roasting-machine-360x270.webp 360w, https:\/\/www.agriculture-machine.com\/wp-content\/uploads\/2024\/03\/small-scale-nut-roasting-machine-240x180.webp 240w, https:\/\/www.agriculture-machine.com\/wp-content\/uploads\/2024\/03\/small-scale-nut-roasting-machine-16x12.webp 16w\" sizes=\"auto, (max-width: 720px) 100vw, 720px\" \/><figcaption class=\"wp-element-caption\">k\u00fc\u00e7\u00fck \u00f6l\u00e7ekli kuruyemi\u015f kavurma makinesi<\/figcaption><\/figure>    <figure class=\"wp-block-image size-large\"><img loading=\"lazy\" decoding=\"async\" width=\"720\" height=\"540\" data-id=\"15807\" src=\"https:\/\/www.agriculture-machine.com\/wp-content\/uploads\/2024\/03\/peanut-processing-machinery.webp\" alt=\"yerf\u0131st\u0131\u011f\u0131 i\u015fleme makineleri\" class=\"wp-image-15807\" srcset=\"https:\/\/www.agriculture-machine.com\/wp-content\/uploads\/2024\/03\/peanut-processing-machinery.webp 720w, https:\/\/www.agriculture-machine.com\/wp-content\/uploads\/2024\/03\/peanut-processing-machinery-360x270.webp 360w, https:\/\/www.agriculture-machine.com\/wp-content\/uploads\/2024\/03\/peanut-processing-machinery-240x180.webp 240w, https:\/\/www.agriculture-machine.com\/wp-content\/uploads\/2024\/03\/peanut-processing-machinery-16x12.webp 16w\" sizes=\"auto, (max-width: 720px) 100vw, 720px\" \/><figcaption class=\"wp-element-caption\">yerf\u0131st\u0131\u011f\u0131 i\u015fleme makineleri<\/figcaption><\/figure> <\/figure>    <h3 class=\"wp-block-heading\">\u00c7ift silindirli yerf\u0131st\u0131\u011f\u0131 kavurma makinesi<\/h3>    <figure class=\"wp-block-gallery has-nested-images columns-default is-cropped wp-block-gallery-4 is-layout-flex wp-block-gallery-is-layout-flex\"> <figure class=\"wp-block-image size-large\"><img loading=\"lazy\" decoding=\"async\" width=\"720\" height=\"540\" data-id=\"15810\" src=\"https:\/\/www.agriculture-machine.com\/wp-content\/uploads\/2024\/03\/roasted-nut-production-machine.webp\" alt=\"kavrulmu\u015f kuruyemi\u015f \u00fcretim makinesi\" class=\"wp-image-15810\" srcset=\"https:\/\/www.agriculture-machine.com\/wp-content\/uploads\/2024\/03\/roasted-nut-production-machine.webp 720w, https:\/\/www.agriculture-machine.com\/wp-content\/uploads\/2024\/03\/roasted-nut-production-machine-360x270.webp 360w, https:\/\/www.agriculture-machine.com\/wp-content\/uploads\/2024\/03\/roasted-nut-production-machine-240x180.webp 240w, https:\/\/www.agriculture-machine.com\/wp-content\/uploads\/2024\/03\/roasted-nut-production-machine-16x12.webp 16w\" sizes=\"auto, (max-width: 720px) 100vw, 720px\" \/><figcaption class=\"wp-element-caption\">kavrulmu\u015f kuruyemi\u015f \u00fcretim makinesi<\/figcaption><\/figure>    <figure class=\"wp-block-image size-large\"><img loading=\"lazy\" decoding=\"async\" width=\"720\" height=\"540\" data-id=\"15809\" src=\"https:\/\/www.agriculture-machine.com\/wp-content\/uploads\/2024\/03\/high-capacity-peanut-roasting-machine.webp\" alt=\"y\u00fcksek kapasiteli yerf\u0131st\u0131\u011f\u0131 kavurma makinesi\" class=\"wp-image-15809\" srcset=\"https:\/\/www.agriculture-machine.com\/wp-content\/uploads\/2024\/03\/high-capacity-peanut-roasting-machine.webp 720w, https:\/\/www.agriculture-machine.com\/wp-content\/uploads\/2024\/03\/high-capacity-peanut-roasting-machine-360x270.webp 360w, https:\/\/www.agriculture-machine.com\/wp-content\/uploads\/2024\/03\/high-capacity-peanut-roasting-machine-240x180.webp 240w, https:\/\/www.agriculture-machine.com\/wp-content\/uploads\/2024\/03\/high-capacity-peanut-roasting-machine-16x12.webp 16w\" sizes=\"auto, (max-width: 720px) 100vw, 720px\" \/><figcaption class=\"wp-element-caption\">y\u00fcksek kapasiteli yerf\u0131st\u0131\u011f\u0131 kavurma makinesi<\/figcaption><\/figure> <\/figure>    <h2 class=\"wp-block-heading\">Yerf\u0131st\u0131\u011f\u0131 kavurma makinesinin temel faydalar\u0131<\/h2>    <ol class=\"wp-block-list\"> <li><strong>E\u015fit kavurma<\/strong>: yerf\u0131st\u0131\u011f\u0131 kavurma makinesi, yerf\u0131st\u0131klar\u0131n\u0131n e\u015fit \u0131s\u0131nmas\u0131n\u0131 sa\u011flamak, a\u015f\u0131r\u0131 kavurma veya az pi\u015firme sorunlar\u0131n\u0131 \u00f6nlemek ve \u00fcr\u00fcn\u00fcn tutarl\u0131 tad\u0131n\u0131 garanti alt\u0131na almak i\u00e7in geli\u015fmi\u015f tambur teknolojisi kullan\u0131r.<\/li>    <li><strong>Ak\u0131ll\u0131 kontrol sistemi<\/strong>: ak\u0131ll\u0131 s\u0131cakl\u0131k ve zaman kontrol sistemi ile donat\u0131lm\u0131\u015ft\u0131r, bu da i\u015flemi kolayla\u015ft\u0131r\u0131r, \u00fcretim s\u00fcrecini daha kontrol edilebilir k\u0131lar, insan hatalar\u0131n\u0131 azalt\u0131r ve \u00fcretim verimlili\u011fini art\u0131r\u0131r.<\/li>    <li><strong>Y\u00fcksek \u00fcretim verimlili\u011fi<\/strong>: otomatik s\u00fcre\u00e7ler ve s\u00fcrekli \u00e7al\u0131\u015fma ile, yerf\u0131st\u0131\u011f\u0131 kavurma makinesi k\u0131sa s\u00fcrede seri \u00fcretim yapabilir, \u00fcretim verimlili\u011fini art\u0131r\u0131r ve \u00fcretim maliyetlerini d\u00fc\u015f\u00fcr\u00fcr.<\/li>    <li><strong>\u00c7ok fonksiyonlu tasar\u0131m<\/strong>: farkl\u0131 t\u00fcr ve \u00f6zelliklerde kuruyemi\u015fleri kavurmak i\u00e7in uygundur ve g\u00fc\u00e7l\u00fc \u00e7ok y\u00f6nl\u00fcl\u00fc\u011f\u00fc sayesinde g\u0131da i\u015fleme \u015firketleri i\u00e7in piyasa taleplerine esnek yan\u0131t verme a\u00e7\u0131s\u0131ndan ideal bir se\u00e7imdir.<\/li>    <li><strong>\u0130stikrarl\u0131 \u00fcr\u00fcn kalitesi<\/strong>: the machine&#8217;s precise temperature control and operating system ensure the consistency of the roasting quality of each batch of peanuts, providing manufacturers with more reliable products.<\/li> <\/ol>    <figure class=\"wp-block-gallery has-nested-images columns-default is-cropped wp-block-gallery-5 is-layout-flex wp-block-gallery-is-layout-flex\"> <figure class=\"wp-block-image size-large\"><img loading=\"lazy\" decoding=\"async\" width=\"720\" height=\"540\" data-id=\"15803\" src=\"https:\/\/www.agriculture-machine.com\/wp-content\/uploads\/2024\/03\/peanut-roasting-machine-working-site.webp\" alt=\"Yerf\u0131st\u0131\u011f\u0131 kavurma makinesi \u00e7al\u0131\u015fma alan\u0131\" class=\"wp-image-15803\" srcset=\"https:\/\/www.agriculture-machine.com\/wp-content\/uploads\/2024\/03\/peanut-roasting-machine-working-site.webp 720w, https:\/\/www.agriculture-machine.com\/wp-content\/uploads\/2024\/03\/peanut-roasting-machine-working-site-360x270.webp 360w, https:\/\/www.agriculture-machine.com\/wp-content\/uploads\/2024\/03\/peanut-roasting-machine-working-site-240x180.webp 240w, https:\/\/www.agriculture-machine.com\/wp-content\/uploads\/2024\/03\/peanut-roasting-machine-working-site-16x12.webp 16w\" sizes=\"auto, (max-width: 720px) 100vw, 720px\" \/><figcaption class=\"wp-element-caption\">Yerf\u0131st\u0131\u011f\u0131 kavurma makinesi \u00e7al\u0131\u015fma alan\u0131<\/figcaption><\/figure>    <figure class=\"wp-block-image size-large\"><img loading=\"lazy\" decoding=\"async\" width=\"720\" height=\"540\" data-id=\"15804\" src=\"https:\/\/www.agriculture-machine.com\/wp-content\/uploads\/2024\/03\/professional-nut-roasting-system.webp\" alt=\"profesyonel kuruyemi\u015f kavurma sistemi\" class=\"wp-image-15804\" srcset=\"https:\/\/www.agriculture-machine.com\/wp-content\/uploads\/2024\/03\/professional-nut-roasting-system.webp 720w, https:\/\/www.agriculture-machine.com\/wp-content\/uploads\/2024\/03\/professional-nut-roasting-system-360x270.webp 360w, https:\/\/www.agriculture-machine.com\/wp-content\/uploads\/2024\/03\/professional-nut-roasting-system-240x180.webp 240w, https:\/\/www.agriculture-machine.com\/wp-content\/uploads\/2024\/03\/professional-nut-roasting-system-16x12.webp 16w\" sizes=\"auto, (max-width: 720px) 100vw, 720px\" \/><figcaption class=\"wp-element-caption\">profesyonel kuruyemi\u015f kavurma sistemi<\/figcaption><\/figure> <\/figure>    <h2 class=\"wp-block-heading\">Yerf\u0131st\u0131\u011f\u0131 kavurma makinesi ba\u015far\u0131 \u00f6rnekleri<\/h2>    <p>Yerf\u0131st\u0131\u011f\u0131 kavurma makinemiz, Gana, Tanzanya, Pakistan, Banglade\u015f, Almanya gibi bir\u00e7ok \u00fclkeye ba\u015far\u0131yla sevk edilmi\u015ftir. A\u015fa\u011f\u0131daki resim, makine paketleme ve sevkiyat diyagram\u0131n\u0131 g\u00f6stermektedir.<\/p>    <p>Son zamanlarda, Gana'daki bir m\u00fc\u015fterimize iki adet yerf\u0131st\u0131\u011f\u0131 kavurma makinemizi ba\u015far\u0131yla sevk ettik. Bu m\u00fc\u015fteri, kavrulmu\u015f yerf\u0131st\u0131\u011f\u0131 ve di\u011fer kuruyemi\u015f bazl\u0131 at\u0131\u015ft\u0131rmal\u0131klar\u0131n \u00fcretimi ve sat\u0131\u015f\u0131yla u\u011fra\u015fan hareketli bir at\u0131\u015ft\u0131rmal\u0131k i\u015fi i\u015fletmektedir.<\/p>    <p>Makinemizle, yerel pazarlar\u0131n artan talebini kar\u015f\u0131lamay\u0131 ve \u00fcr\u00fcn yelpazelerini yenilik\u00e7i at\u0131\u015ft\u0131rmal\u0131k varyasyonlar\u0131yla geni\u015fletmeyi hedefliyorlar.<\/p>    <figure class=\"wp-block-gallery has-nested-images columns-default is-cropped wp-block-gallery-6 is-layout-flex wp-block-gallery-is-layout-flex\"> <figure class=\"wp-block-image size-large\"><img loading=\"lazy\" decoding=\"async\" width=\"720\" height=\"540\" data-id=\"15801\" src=\"https:\/\/www.agriculture-machine.com\/wp-content\/uploads\/2024\/03\/commercial-nut-roaster.webp\" alt=\"ticari kuruyemi\u015f kavurma makinesi\" class=\"wp-image-15801\" srcset=\"https:\/\/www.agriculture-machine.com\/wp-content\/uploads\/2024\/03\/commercial-nut-roaster.webp 720w, https:\/\/www.agriculture-machine.com\/wp-content\/uploads\/2024\/03\/commercial-nut-roaster-360x270.webp 360w, https:\/\/www.agriculture-machine.com\/wp-content\/uploads\/2024\/03\/commercial-nut-roaster-240x180.webp 240w, https:\/\/www.agriculture-machine.com\/wp-content\/uploads\/2024\/03\/commercial-nut-roaster-16x12.webp 16w\" sizes=\"auto, (max-width: 720px) 100vw, 720px\" \/><figcaption class=\"wp-element-caption\">ticari kuruyemi\u015f kavurma makinesi<\/figcaption><\/figure>    <figure class=\"wp-block-image size-large\"><img loading=\"lazy\" decoding=\"async\" width=\"720\" height=\"540\" data-id=\"15802\" src=\"https:\/\/www.agriculture-machine.com\/wp-content\/uploads\/2024\/03\/industrial-peanut-roaster.webp\" alt=\"end\u00fcstriyel yerf\u0131st\u0131\u011f\u0131 kavurma makinesi\" class=\"wp-image-15802\" srcset=\"https:\/\/www.agriculture-machine.com\/wp-content\/uploads\/2024\/03\/industrial-peanut-roaster.webp 720w, https:\/\/www.agriculture-machine.com\/wp-content\/uploads\/2024\/03\/industrial-peanut-roaster-360x270.webp 360w, https:\/\/www.agriculture-machine.com\/wp-content\/uploads\/2024\/03\/industrial-peanut-roaster-240x180.webp 240w, https:\/\/www.agriculture-machine.com\/wp-content\/uploads\/2024\/03\/industrial-peanut-roaster-16x12.webp 16w\" sizes=\"auto, (max-width: 720px) 100vw, 720px\" \/><figcaption class=\"wp-element-caption\">end\u00fcstriyel yerf\u0131st\u0131\u011f\u0131 kavurma makinesi<\/figcaption><\/figure> <\/figure>    <h2 class=\"wp-block-heading\">\u0130stedi\u011finiz zaman bizimle ileti\u015fime ge\u00e7in<\/h2>    <p>Bu yerf\u0131st\u0131\u011f\u0131 kavurma makinesi ile ilgileniyorsan\u0131z, l\u00fctfen bizimle ileti\u015fime ge\u00e7mekten \u00e7ekinmeyin. Size daha fazla detay ve teklif g\u00f6nderece\u011fiz. <\/p>    <p class=\"translation-block\">\u00dcretim zincirinizi kapsaml\u0131 \u015fekilde geli\u015ftirmek i\u00e7in, \u015firketimizden di\u011fer yerf\u0131st\u0131\u011f\u0131 ile ilgili i\u015fleme makinelerini de \u00f6neririz, bunlar aras\u0131nda <strong><em><a href=\"https:\/\/www.agriculture-machine.com\/tr\/peanut-planter-peanut-planting-machine\/\">yerf\u0131st\u0131k tohumlay\u0131c\u0131lar<\/a><\/em><\/strong>, <strong><em><a href=\"https:\/\/www.agriculture-machine.com\/tr\/peanut-harvester\/\">yerf\u0131st\u0131\u011f\u0131 hasat makineleri<\/a><\/em><\/strong>, <strong><em><a href=\"https:\/\/www.agriculture-machine.com\/tr\/peanut-sheller\/\">yerf\u0131st\u0131\u011f\u0131 kabuk ay\u0131rma makineleri<\/a><\/em><\/strong>, vb., tam bir \u00e7\u00f6z\u00fcm sa\u011flamak i\u00e7in. <\/p>    <p>Bu yenilik\u00e7i teknolojileri ilk elden deneyimlemek ve anlamak i\u00e7in fabrikam\u0131z\u0131 ziyaret etmeye davetlisiniz. Birlikte \u00e7al\u0131\u015farak yerf\u0131st\u0131\u011f\u0131 sekt\u00f6r\u00fcn\u00fczde daha b\u00fcy\u00fck ba\u015far\u0131lar elde etmenize yard\u0131mc\u0131 olal\u0131m!<\/p>","protected":false},"excerpt":{"rendered":"<p>Yerf\u0131st\u0131\u011f\u0131 kavurma makinesi, geli\u015fmi\u015f kavurma teknolojisi ve ak\u0131ll\u0131 kontrol sistemi ile yerf\u0131st\u0131\u011f\u0131 \u00fcretimine verimli, e\u015fit ve m\u00fckemmel kalite \u00e7\u00f6z\u00fcmleri sunar.<\/p>","protected":false},"author":1,"featured_media":15811,"parent":0,"comment_status":"closed","ping_status":"closed","template":"","tags":[798,797],"product-type":[1],"class_list":["post-15769","product","type-product","status-publish","has-post-thumbnail","hentry","tag-groundnut","tag-peanut","product-type-other"],"_links":{"self":[{"href":"https:\/\/www.agriculture-machine.com\/tr\/wp-json\/wp\/v2\/product\/15769","targetHints":{"allow":["GET"]}}],"collection":[{"href":"https:\/\/www.agriculture-machine.com\/tr\/wp-json\/wp\/v2\/product"}],"about":[{"href":"https:\/\/www.agriculture-machine.com\/tr\/wp-json\/wp\/v2\/types\/product"}],"author":[{"embeddable":true,"href":"https:\/\/www.agriculture-machine.com\/tr\/wp-json\/wp\/v2\/users\/1"}],"replies":[{"embeddable":true,"href":"https:\/\/www.agriculture-machine.com\/tr\/wp-json\/wp\/v2\/comments?post=15769"}],"wp:featuredmedia":[{"embeddable":true,"href":"https:\/\/www.agriculture-machine.com\/tr\/wp-json\/wp\/v2\/media\/15811"}],"wp:attachment":[{"href":"https:\/\/www.agriculture-machine.com\/tr\/wp-json\/wp\/v2\/media?parent=15769"}],"wp:term":[{"taxonomy":"post_tag","embeddable":true,"href":"https:\/\/www.agriculture-machine.com\/tr\/wp-json\/wp\/v2\/tags?post=15769"},{"taxonomy":"product-type","embeddable":true,"href":"https:\/\/www.agriculture-machine.com\/tr\/wp-json\/wp\/v2\/product-type?post=15769"}],"curies":[{"name":"wp","href":"https:\/\/api.w.org\/{rel}","templated":true}]}}