{"id":16007,"date":"2024-05-15T16:41:38","date_gmt":"2024-05-15T08:41:38","guid":{"rendered":"https:\/\/www.agriculture-machine.com\/?post_type=product&#038;p=16007"},"modified":"2024-08-20T17:44:02","modified_gmt":"2024-08-20T09:44:02","slug":"peanut-peeling-machine","status":"publish","type":"product","link":"https:\/\/www.agriculture-machine.com\/tr\/peanut-peeling-machine\/","title":{"rendered":"Yerf\u0131st\u0131\u011f\u0131 Soyma Makinesi Kavrulmu\u015f Yerf\u0131st\u0131\u011f\u0131 Kabuk \u00c7\u0131kar\u0131c\u0131 Sat\u0131l\u0131k"},"content":{"rendered":"<p class=\"translation-block\"><strong>Yerf\u0131st\u0131\u011f\u0131 soyma makinesi<\/strong>, kavrulmu\u015f yerf\u0131st\u0131\u011f\u0131n\u0131 soyma i\u00e7in \u00f6zel olarak tasarlanm\u0131\u015ft\u0131r. Bu makine, diferansiyel yuvarlama s\u00fcrt\u00fcnme iletim prensibini benimser. K\u0131rm\u0131z\u0131 d\u0131\u015f kabu\u011fu otomatik olarak \u00e7\u0131karabilir ve yerf\u0131st\u0131\u011f\u0131 \u00e7ekirde\u011fine zarar vermez. <\/p>    <p>Our factory processes different models of roasted peanut red skin peeler machines for choice, with output ranging from 200-1000kg\/h. The peanut&#8217;s peeling rate is as high as 98%, and the kernel damage rate is less than 2%.<\/p>    <p>Bu yerf\u0131st\u0131\u011f\u0131 soyma makinesi, k\u0131zart\u0131lm\u0131\u015f yerf\u0131st\u0131\u011f\u0131, \u00e7oklu lezzetli yerf\u0131st\u0131\u011f\u0131, yerf\u0131st\u0131\u011f\u0131 s\u00fct\u00fc, yerf\u0131st\u0131\u011f\u0131 proteini tozu, yerf\u0131st\u0131\u011f\u0131 \u015fekeri, yerf\u0131st\u0131\u011f\u0131 karameli, yerf\u0131st\u0131\u011f\u0131 keki, yerf\u0131st\u0131\u011f\u0131 ezmesi ve konserve \u00fcr\u00fcnleri \u00fcretiminde yayg\u0131n olarak kullan\u0131l\u0131r.<\/p>    <figure class=\"wp-block-embed aligncenter is-type-video is-provider-youtube wp-block-embed-youtube wp-embed-aspect-16-9 wp-has-aspect-ratio\"><div class=\"wp-block-embed__wrapper\"> <iframe loading=\"lazy\" title=\"Verimli Yerf\u0131st\u0131\u011f\u0131 Soyma Makinesi Yerf\u0131st\u0131\u011f\u0131 \u0130\u015fleme!#yerf\u0131st\u0131\u011f\u0131 #yerf\u0131st\u0131\u011f\u0131 #soyma\" width=\"500\" height=\"281\" src=\"https:\/\/www.youtube.com\/embed\/_HGeXxUyVp0?feature=oembed\" frameborder=\"0\" allow=\"accelerometer; autoplay; clipboard-write; encrypted-media; gyroscope; picture-in-picture; web-share\" referrerpolicy=\"strict-origin-when-cross-origin\" allowfullscreen><\/iframe> <\/div><figcaption class=\"wp-element-caption\">Kavrulmu\u015f yerf\u0131st\u0131\u011f\u0131 soyma makinesinin \u00e7al\u0131\u015fma videosu<\/figcaption><\/figure>    <h2 class=\"wp-block-heading\">Ham maddeler i\u00e7in gereksinimler<\/h2>    <ol class=\"wp-block-list\"> <li>Ham maddelerin nem i\u00e7eri\u011fi, k\u0131zartma\/ kavurma sonras\u0131 yakla\u015f\u0131k %4't\u00fcr.<\/li>    <li>Ham maddeler f\u0131r\u0131ndan \u00e7\u0131kt\u0131ktan sonra, s\u0131cakl\u0131k \u00e7ok y\u00fcksek olur, bu da soyma etkisini etkiler ve makineye zarar verir.<\/li>    <li>Soyulmas\u0131 gereken ham maddelerin demir tozu ve ta\u015f gibi yabanc\u0131 maddeler i\u00e7ermemesi gerekir, b\u00f6ylece makine zarar g\u00f6rmez.<\/li> <\/ol>    <p class=\"translation-block\">Yerf\u0131st\u0131klar\u0131 genellikle kavrulmu\u015f yerf\u0131st\u0131\u011f\u0131 makinesi ile kullan\u0131l\u0131r, ki biz de sa\u011flayabiliriz. Daha fazla bilgi i\u00e7in l\u00fctfen t\u0131klay\u0131n <strong><em><a href=\"https:\/\/www.agriculture-machine.com\/tr\/peanut-roasting-machine\/\">Elektrik ve Gazl\u0131 Yerf\u0131st\u0131\u011f\u0131 Kavurma Makinesi Yerf\u0131st\u0131\u011f\u0131 Kavurma Makinesi Sat\u0131\u015f<\/a><\/em><\/strong>.<\/p>    <h2 class=\"wp-block-heading\">Ba\u011flant\u0131 ve \u00e7al\u0131\u015fma y\u00f6ntemi<\/h2>    <ol class=\"wp-block-list\"> <li>Gerilim: 380V, 3 faz, 50hz.<\/li>    <li>Makinenin arkas\u0131ndaki hazneden ba\u011flant\u0131 yapt\u0131ktan sonra, bir anahtar var. Ba\u011flant\u0131 anahtar\u0131n\u0131 a\u00e7\u0131n.<\/li>    <li>Makineyi dengede tutacak \u015fekilde yerle\u015ftirin ve fan a\u011fz\u0131na bir deri torba koyun.<\/li>    <li>Makineyi \u00e7al\u0131\u015ft\u0131rmadan \u00f6nce, g\u00fc\u00e7 hatt\u0131n\u0131n normal olup olmad\u0131\u011f\u0131n\u0131, bile\u015fenlerin gev\u015fek olup olmad\u0131\u011f\u0131n\u0131 ve test \u00e7al\u0131\u015fmas\u0131n\u0131n normal olup olmad\u0131\u011f\u0131n\u0131 kontrol edin.<\/li>    <li>Ana \u00fcnite ve fan\u0131n d\u00f6nd\u00fcrd\u00fc\u011f\u00fcnden emin olun.<\/li> <\/ol>    <figure class=\"wp-block-gallery has-nested-images columns-default is-cropped wp-block-gallery-2 is-layout-flex wp-block-gallery-is-layout-flex\"> <figure class=\"wp-block-image size-large\"><img loading=\"lazy\" decoding=\"async\" width=\"720\" height=\"540\" data-id=\"16011\" src=\"https:\/\/www.agriculture-machine.com\/wp-content\/uploads\/2024\/05\/peanut-peeling-machine-for-sale.webp\" alt=\"sat\u0131l\u0131k yerf\u0131st\u0131\u011f\u0131 soyma makinesi\" class=\"wp-image-16011\" srcset=\"https:\/\/www.agriculture-machine.com\/wp-content\/uploads\/2024\/05\/peanut-peeling-machine-for-sale.webp 720w, https:\/\/www.agriculture-machine.com\/wp-content\/uploads\/2024\/05\/peanut-peeling-machine-for-sale-360x270.webp 360w, https:\/\/www.agriculture-machine.com\/wp-content\/uploads\/2024\/05\/peanut-peeling-machine-for-sale-240x180.webp 240w, https:\/\/www.agriculture-machine.com\/wp-content\/uploads\/2024\/05\/peanut-peeling-machine-for-sale-16x12.webp 16w\" sizes=\"auto, (max-width: 720px) 100vw, 720px\" \/><figcaption class=\"wp-element-caption\">sat\u0131l\u0131k yerf\u0131st\u0131\u011f\u0131 soyma makinesi<\/figcaption><\/figure>    <figure class=\"wp-block-image size-large\"><img loading=\"lazy\" decoding=\"async\" width=\"720\" height=\"540\" data-id=\"16010\" src=\"https:\/\/www.agriculture-machine.com\/wp-content\/uploads\/2024\/05\/high-efficiency-peanut-peeler.webp\" alt=\"y\u00fcksek verimli yerf\u0131st\u0131\u011f\u0131 soyucu\" class=\"wp-image-16010\" srcset=\"https:\/\/www.agriculture-machine.com\/wp-content\/uploads\/2024\/05\/high-efficiency-peanut-peeler.webp 720w, https:\/\/www.agriculture-machine.com\/wp-content\/uploads\/2024\/05\/high-efficiency-peanut-peeler-360x270.webp 360w, https:\/\/www.agriculture-machine.com\/wp-content\/uploads\/2024\/05\/high-efficiency-peanut-peeler-240x180.webp 240w, https:\/\/www.agriculture-machine.com\/wp-content\/uploads\/2024\/05\/high-efficiency-peanut-peeler-16x12.webp 16w\" sizes=\"auto, (max-width: 720px) 100vw, 720px\" \/><figcaption class=\"wp-element-caption\">y\u00fcksek verimli yerf\u0131st\u0131\u011f\u0131 soyucu<\/figcaption><\/figure> <\/figure>    <h2 class=\"wp-block-heading\">Ana yap\u0131 ve fonksiyon<\/h2>    <p>Bu \u00fcnite, f\u0131st\u0131k soyma makinesi ve kabuk saklama ekipman\u0131ndan olu\u015fur:<\/p>    <ol class=\"wp-block-list\"> <li>Soyma makinesi, \u00e7e\u015fitli boyutlardaki yerf\u0131st\u0131\u011f\u0131n\u0131n k\u0131rm\u0131z\u0131 kabu\u011funu \u00e7\u0131karmak i\u00e7in kullan\u0131l\u0131r.<\/li>    <li>Kabuk saklama ekipman\u0131, fan arac\u0131l\u0131\u011f\u0131yla soyulmu\u015f yerf\u0131st\u0131\u011f\u0131 kabuklar\u0131n\u0131 kabuk torbas\u0131na emmek i\u00e7in kullan\u0131l\u0131r.<\/li> <\/ol>    <p>Ana fonksiyon:<\/p>    <p>Silindirik s\u00fcrt\u00fcnme yap\u0131s\u0131 benimsenmi\u015f olup, kurutulmu\u015f yerf\u0131st\u0131\u011f\u0131 \u00e7ekirde\u011fi, hopper arac\u0131l\u0131\u011f\u0131yla ana makineye girer. K\u0131rm\u0131z\u0131 kabuk, y\u00fcksek h\u0131zda d\u00f6nen s\u00fcrt\u00fcnme silindiri taraf\u0131ndan \u00e7\u0131kar\u0131l\u0131r ve fan taraf\u0131ndan emilir, soyulmu\u015f yerf\u0131st\u0131\u011f\u0131 beyaz \u00e7ekirdek \u00f6n malzeme portundan d\u0131\u015far\u0131 at\u0131l\u0131r.<\/p>    <h2 class=\"wp-block-heading\">F\u0131st\u0131k soyma makinesi \u00e7al\u0131\u015fmas\u0131<\/h2>    <p>Makineyi \u00e7al\u0131\u015ft\u0131rmadan \u00f6nce, g\u00fc\u00e7 devresinin normal olup olmad\u0131\u011f\u0131n\u0131 ve test \u00e7al\u0131\u015fmas\u0131n\u0131n normal olup olmad\u0131\u011f\u0131n\u0131 kontrol edin.<\/p>   <div id=\"rank-math-howto\" class=\"rank-math-block\" > <div class=\"rank-math-howto-description\">  <\/div>  <div class=\"rank-math-steps\"> <div id=\"howto-step-1715758075524\" class=\"rank-math-step\"> <div class=\"rank-math-step-content\"><p>\u0130lk olarak yerf\u0131st\u0131\u011f\u0131 soyma makinesini ba\u015flat\u0131n, ard\u0131ndan so\u011futulmu\u015f pi\u015fmi\u015f yerf\u0131st\u0131klar\u0131n\u0131 koyun.<\/p> <\/div> <\/div> <div id=\"howto-step-1715758090000\" class=\"rank-math-step\"> <div class=\"rank-math-step-content\"><p>Rotate the peeler machine&#8217;s discharge plate rod to the right to raise the discharge plate and slow the rapid outflow of peanuts.<\/p> <\/div> <\/div> <div id=\"howto-step-1715758095905\" class=\"rank-math-step\"> <div class=\"rank-math-step-content\"><p>D\u00fc\u015f\u00fck yar\u0131m tah\u0131l oran\u0131 ve y\u00fcksek soyma oran\u0131 ile bo\u015faltma plakas\u0131n\u0131 yeniden ayarlay\u0131n.<\/p> <\/div> <\/div> <\/div> <\/div>       <figure class=\"wp-block-gallery has-nested-images columns-default is-cropped wp-block-gallery-3 is-layout-flex wp-block-gallery-is-layout-flex\"> <figure class=\"wp-block-image size-large\"><img loading=\"lazy\" decoding=\"async\" width=\"720\" height=\"540\" data-id=\"16013\" src=\"https:\/\/www.agriculture-machine.com\/wp-content\/uploads\/2024\/05\/groundnut-dry-peeling-machine.webp\" alt=\"yerf\u0131st\u0131\u011f\u0131 kuru soyma makinesi\" class=\"wp-image-16013\" srcset=\"https:\/\/www.agriculture-machine.com\/wp-content\/uploads\/2024\/05\/groundnut-dry-peeling-machine.webp 720w, https:\/\/www.agriculture-machine.com\/wp-content\/uploads\/2024\/05\/groundnut-dry-peeling-machine-360x270.webp 360w, https:\/\/www.agriculture-machine.com\/wp-content\/uploads\/2024\/05\/groundnut-dry-peeling-machine-240x180.webp 240w, https:\/\/www.agriculture-machine.com\/wp-content\/uploads\/2024\/05\/groundnut-dry-peeling-machine-16x12.webp 16w\" sizes=\"auto, (max-width: 720px) 100vw, 720px\" \/><figcaption class=\"wp-element-caption\">yerf\u0131st\u0131\u011f\u0131 kuru soyma makinesi<\/figcaption><\/figure>    <figure class=\"wp-block-image size-large\"><img loading=\"lazy\" decoding=\"async\" width=\"720\" height=\"540\" data-id=\"16012\" src=\"https:\/\/www.agriculture-machine.com\/wp-content\/uploads\/2024\/05\/automatic-groundnut-peeler.webp\" alt=\"otomatik yerf\u0131st\u0131\u011f\u0131 soyucu\" class=\"wp-image-16012\" srcset=\"https:\/\/www.agriculture-machine.com\/wp-content\/uploads\/2024\/05\/automatic-groundnut-peeler.webp 720w, https:\/\/www.agriculture-machine.com\/wp-content\/uploads\/2024\/05\/automatic-groundnut-peeler-360x270.webp 360w, https:\/\/www.agriculture-machine.com\/wp-content\/uploads\/2024\/05\/automatic-groundnut-peeler-240x180.webp 240w, https:\/\/www.agriculture-machine.com\/wp-content\/uploads\/2024\/05\/automatic-groundnut-peeler-16x12.webp 16w\" sizes=\"auto, (max-width: 720px) 100vw, 720px\" \/><figcaption class=\"wp-element-caption\">otomatik yerf\u0131st\u0131\u011f\u0131 soyucu<\/figcaption><\/figure> <\/figure>    <h2 class=\"wp-block-heading\">Yerf\u0131st\u0131\u011f\u0131 kabuk \u00e7\u0131karma avantajlar\u0131<\/h2>    <ul class=\"wp-block-list\"> <li>The stripping rate is as high as 98% and the crushing rate is low.<\/li>    <li>Makine k\u00fc\u00e7\u00fck boyutlu ve kurulumu ve kullan\u0131m\u0131 kolayd\u0131r.<\/li>    <li>Yerf\u0131st\u0131\u011f\u0131 \u00e7ekirde\u011fi ve k\u0131rm\u0131z\u0131 kabuk otomatik olarak ayr\u0131l\u0131r, kolay toplama.<\/li>    <li>K\u0131rm\u0131z\u0131 kabuk, di\u011fer kullan\u0131mlar i\u00e7in uygun olan bir r\u00fczgar makinesiyle toplan\u0131r, \u00f6rne\u011fin ila\u00e7 sanayisi gibi.<\/li> <\/ul>    <figure class=\"wp-block-gallery has-nested-images columns-default is-cropped wp-block-gallery-4 is-layout-flex wp-block-gallery-is-layout-flex\"> <figure class=\"wp-block-image size-large\"><img loading=\"lazy\" decoding=\"async\" width=\"405\" height=\"540\" data-id=\"16008\" src=\"https:\/\/www.agriculture-machine.com\/wp-content\/uploads\/2024\/05\/commercial-nut-processing-machine-405x540.webp\" alt=\"ticari kuruyemi\u015f i\u015fleme makinesi\" class=\"wp-image-16008\" srcset=\"https:\/\/www.agriculture-machine.com\/wp-content\/uploads\/2024\/05\/commercial-nut-processing-machine-405x540.webp 405w, https:\/\/www.agriculture-machine.com\/wp-content\/uploads\/2024\/05\/commercial-nut-processing-machine-203x270.webp 203w, https:\/\/www.agriculture-machine.com\/wp-content\/uploads\/2024\/05\/commercial-nut-processing-machine-9x12.webp 9w, https:\/\/www.agriculture-machine.com\/wp-content\/uploads\/2024\/05\/commercial-nut-processing-machine.webp 540w\" sizes=\"auto, (max-width: 405px) 100vw, 405px\" \/><figcaption class=\"wp-element-caption\">ticari kuruyemi\u015f i\u015fleme makinesi<\/figcaption><\/figure>    <figure class=\"wp-block-image size-large\"><img loading=\"lazy\" decoding=\"async\" width=\"405\" height=\"540\" data-id=\"16009\" src=\"https:\/\/www.agriculture-machine.com\/wp-content\/uploads\/2024\/05\/peanut-skin-removal-machine-405x540.webp\" alt=\"yerf\u0131st\u0131\u011f\u0131 kabuk \u00e7\u0131karma makinesi\" class=\"wp-image-16009\" srcset=\"https:\/\/www.agriculture-machine.com\/wp-content\/uploads\/2024\/05\/peanut-skin-removal-machine-405x540.webp 405w, https:\/\/www.agriculture-machine.com\/wp-content\/uploads\/2024\/05\/peanut-skin-removal-machine-203x270.webp 203w, https:\/\/www.agriculture-machine.com\/wp-content\/uploads\/2024\/05\/peanut-skin-removal-machine-9x12.webp 9w, https:\/\/www.agriculture-machine.com\/wp-content\/uploads\/2024\/05\/peanut-skin-removal-machine.webp 540w\" sizes=\"auto, (max-width: 405px) 100vw, 405px\" \/><figcaption class=\"wp-element-caption\">yerf\u0131st\u0131\u011f\u0131 kabuk \u00e7\u0131karma makinesi<\/figcaption><\/figure> <\/figure>    <h2 class=\"wp-block-heading\">Yerf\u0131st\u0131\u011f\u0131 kabuklar\u0131n\u0131 \u00e7\u0131karma makinesi parametreleri<\/h2>    <figure class=\"wp-block-table is-style-stripes\"><table><tbody><tr><td>Model<\/td><td>Kapasite<\/td><td>Parametreler<\/td><\/tr><tr><td>ht-1<\/td><td>200-250kg\/saat<\/td><td>Motor g\u00fcc\u00fc: 0.55kw<br>Fan g\u00fcc\u00fc: 0.37kw<br>Gerilim: 380V\/220V<br>Frekans: 50HZ<br>A\u011f\u0131rl\u0131k: 110kg<br>Soyma oran\u0131: \u226598%<br>Boyut: 1200*500*1200mm<\/td><\/tr><tr><td>ht-2<\/td><td>400-500kg\/h<\/td><td>Motor g\u00fcc\u00fc: 0.55kw*2<br>Fan g\u00fcc\u00fc: 0.55kw<br>Gerilim: 380V\/220V<br>Frekans: 50HZ<br>A\u011f\u0131rl\u0131k: 200kg<br>Soyma oran\u0131: \u226598%<br>Boyut: 1200*750*1200mm<\/td><\/tr><tr><td>ht-3<\/td><td>600-750kg\/saat<\/td><td>Motor g\u00fcc\u00fc: 0.55kw*3<br>Fan g\u00fcc\u00fc: 0.75kw<br>Gerilim: 380V\/220V<br>Frekans: 50HZ<br>A\u011f\u0131rl\u0131k: 280kg<br>Soyma oran\u0131: \u226598%<br>Boyut: 1200*1050*1200mm<\/td><\/tr><tr><td>ht-4<\/td><td>800-1000kg\/h<\/td><td>Motor g\u00fcc\u00fc: 0.55kw*4<br>Fan g\u00fcc\u00fc: 1.5kw<br>Gerilim: 380V\/220V<br>Frekans: 50HZ<br>A\u011f\u0131rl\u0131k: 360kg<br>Soyma oran\u0131: \u226598%<br>Boyut: 1200*1400*1200mm<\/td><\/tr><\/tbody><\/table><figcaption class=\"wp-element-caption\">yerf\u0131st\u0131\u011f\u0131 soyma makinesi teknik verileri<\/figcaption><\/figure>    <h2 class=\"wp-block-heading\">Makine <strong>bak\u0131m ve onar\u0131m<\/strong><\/h2>    <ul class=\"wp-block-list\"> <li>\u0130\u015f bittikten sonra, z\u0131mpara silindiri kal\u0131nt\u0131lar\u0131 bir f\u0131r\u00e7a ile temizlenmeli ve saklama torbas\u0131n\u0131n (kutunun) k\u0131r\u0131k deri kal\u0131nt\u0131lar\u0131 temizlenmelidir.<\/li>    <li>Z\u0131mpara silindiri d\u00fczenli olarak temizlenmelidir.<\/li>    <li>Her g\u00fcn fan kovas\u0131ndaki yerf\u0131st\u0131\u011f\u0131 ve taneleri temizleyin ve makinenin alt\u0131ndaki kayd\u0131rmal\u0131 kap\u0131y\u0131 a\u00e7arak par\u00e7ac\u0131klar\u0131 serbest b\u0131rak\u0131n.<\/li>    <li>Tek bir kum d\u00f6nm\u00fcyorsa, l\u00fctfen kay\u0131\u015f\u0131 de\u011fi\u015ftirin.<\/li>    <li>Fan pervanelerini d\u00fczenli olarak temizleyin (bir yerf\u0131st\u0131\u011f\u0131 tozu ve ezilmi\u015f kabuk pervane \u00fczerinde).<\/li> <\/ul>    <p>Taizy Machinery Manufacturing tedarik\u00e7isinden fabrika fiyatl\u0131 yerf\u0131st\u0131\u011f\u0131 soyma makinesi sat\u0131n alabilirsiniz, \u00fccretsiz kullan\u0131m talimat\u0131 ile. \u0130spanya, Vietnam, Kamerun, Kenya, \u0130ran, Kongo, Tanzanya, Bolivya, Sri Lanka, Nijerya ve M\u0131s\u0131r\u2019a d\u00fc\u015f\u00fck maliyetle makineler g\u00f6nderdik. Sa\u011fdaki mesaj formu arac\u0131l\u0131\u011f\u0131yla \u00f6zel ihtiya\u00e7lar\u0131n\u0131z\u0131 bize iletebilirsiniz, umar\u0131z yerf\u0131st\u0131\u011f\u0131 i\u015fleme projeniz i\u00e7in uygun ekipman\u0131 sa\u011flayabiliriz.<\/p>","protected":false},"excerpt":{"rendered":"<p>Yerf\u0131st\u0131\u011f\u0131 soyma makinesi, yerf\u0131st\u0131\u011f\u0131n\u0131n d\u0131\u015f kabu\u011funu h\u0131zla \u00e7\u0131karmak \u00fczere tasarlanm\u0131\u015ft\u0131r, b\u00fcy\u00fck \u00f6l\u00e7ekli yerf\u0131st\u0131\u011f\u0131 g\u0131da i\u015fleme end\u00fcstrisi i\u00e7in uygundur.<\/p>","protected":false},"author":1,"featured_media":16014,"parent":0,"comment_status":"closed","ping_status":"closed","template":"","tags":[798,797,799],"product-type":[162,2],"class_list":["post-16007","product","type-product","status-publish","has-post-thumbnail","hentry","tag-groundnut","tag-peanut","tag-peanut-kernel","product-type-other-type","product-type-products"],"_links":{"self":[{"href":"https:\/\/www.agriculture-machine.com\/tr\/wp-json\/wp\/v2\/product\/16007","targetHints":{"allow":["GET"]}}],"collection":[{"href":"https:\/\/www.agriculture-machine.com\/tr\/wp-json\/wp\/v2\/product"}],"about":[{"href":"https:\/\/www.agriculture-machine.com\/tr\/wp-json\/wp\/v2\/types\/product"}],"author":[{"embeddable":true,"href":"https:\/\/www.agriculture-machine.com\/tr\/wp-json\/wp\/v2\/users\/1"}],"replies":[{"embeddable":true,"href":"https:\/\/www.agriculture-machine.com\/tr\/wp-json\/wp\/v2\/comments?post=16007"}],"wp:featuredmedia":[{"embeddable":true,"href":"https:\/\/www.agriculture-machine.com\/tr\/wp-json\/wp\/v2\/media\/16014"}],"wp:attachment":[{"href":"https:\/\/www.agriculture-machine.com\/tr\/wp-json\/wp\/v2\/media?parent=16007"}],"wp:term":[{"taxonomy":"post_tag","embeddable":true,"href":"https:\/\/www.agriculture-machine.com\/tr\/wp-json\/wp\/v2\/tags?post=16007"},{"taxonomy":"product-type","embeddable":true,"href":"https:\/\/www.agriculture-machine.com\/tr\/wp-json\/wp\/v2\/product-type?post=16007"}],"curies":[{"name":"wp","href":"https:\/\/api.w.org\/{rel}","templated":true}]}}