{"id":173,"date":"2018-07-12T07:03:18","date_gmt":"2018-07-11T23:03:18","guid":{"rendered":"https:\/\/www.agriculture-machine.com\/?p=173"},"modified":"2024-09-18T16:02:03","modified_gmt":"2024-09-18T08:02:03","slug":"maize-sheller","status":"publish","type":"product","link":"https:\/\/www.agriculture-machine.com\/tr\/maize-sheller\/","title":{"rendered":"Harika performansl\u0131 m\u0131s\u0131r ay\u0131r\u0131c\u0131\u4e28maize threshing machine"},"content":{"rendered":"<p>M\u0131s\u0131r ay\u0131klama makinesi, g\u00fcne\u015fte kurutulmu\u015f m\u0131s\u0131r\u0131n ay\u0131klanmas\u0131 i\u00e7in profesyonel bir ekipmand\u0131r. K\u00fc\u00e7\u00fck ayak izi, y\u00fcksek \u00e7al\u0131\u015fma verimlili\u011fi ve kolay ta\u015f\u0131nabilirli\u011fi ile \u00f6ne \u00e7\u0131kar. Her yere kolayca ta\u015f\u0131nabilir. Bu nedenle, bu m\u0131s\u0131r ay\u0131klama makinesi ev kullan\u0131m\u0131 i\u00e7in ilk tercihtir. <\/p>    <p>Bir tar\u0131m makineleri \u00fcreticisi olarak, m\u0131s\u0131r ay\u0131klama makinesini s\u00fcrekli geli\u015ftiriyoruz ve \u015fu anki makine en yeni modeldir. M\u0131s\u0131r ay\u0131klama i\u015flemi daha stabil ve dayan\u0131kl\u0131d\u0131r.<\/p>    <figure class=\"wp-block-embed aligncenter is-type-video is-provider-youtube wp-block-embed-youtube wp-embed-aspect-16-9 wp-has-aspect-ratio\"><div class=\"wp-block-embed__wrapper\"> <iframe loading=\"lazy\" title=\"Verimli ve Pratik! En G\u00fcncel M\u0131s\u0131r Ay\u0131klama Makinesi Kullan\u0131m K\u0131lavuzu!\" width=\"500\" height=\"281\" src=\"https:\/\/www.youtube.com\/embed\/1nKcF5ElUqA?feature=oembed\" frameborder=\"0\" allow=\"accelerometer; autoplay; clipboard-write; encrypted-media; gyroscope; picture-in-picture; web-share\" referrerpolicy=\"strict-origin-when-cross-origin\" allowfullscreen><\/iframe> <\/div><figcaption class=\"wp-element-caption\">M\u0131s\u0131r ay\u0131klama makinesi \u00e7al\u0131\u015fma videosu<\/figcaption><\/figure>    <h2 class=\"wp-block-heading\" id=\"h-brief-introduction-of-corn-sheller-machine\">M\u0131s\u0131r ay\u0131klama makinesinin k\u0131sa tan\u0131t\u0131m\u0131<\/h2>    <p>M\u0131s\u0131r ay\u0131klama makinesi y\u00fcksek kapasiteye (3-4t\/h) sahiptir. Hafif (86kg) ve 4 tekerle\u011fe sahip olup, \u00e7ift\u00e7ilerin kolayca hareket ettirmesini sa\u011flar. Bu el tipi m\u0131s\u0131r ay\u0131klama makinesi y\u00fcksek ay\u0131klama oran\u0131 ve d\u00fc\u015f\u00fck k\u0131r\u0131lma oran\u0131na sahiptir, bu y\u00fczden m\u00fc\u015fterilerimiz bu makineyi \u00e7ok be\u011feniyor. Yeni tasar\u0131m silindir rulo, m\u0131s\u0131r\u0131n kolayca zarar g\u00f6rmemesini sa\u011flar.<\/p>    <p class=\"translation-block\">Bu m\u0131s\u0131r ay\u0131klama makinesini, motor, benzinli motor ve dizel motor olmak \u00fczere \u00fc\u00e7 farkl\u0131 g\u00fc\u00e7le donatabiliriz. B\u00f6ylece m\u00fc\u015fterilerin her yerde kullanmas\u0131 kolay olur. Ayr\u0131ca, <a href=\"https:\/\/www.agriculture-machine.com\/tr\/multifunctional-thresher-for-maize-beans-sorghum-millet\/\">\u00e7ok fonksiyonlu ay\u0131klama makinesi<\/a>, <a href=\"https:\/\/taizyfarmequipment.com\/product\/thresher-machine-for-rice-wheat\/\" target=\"_blank\" rel=\"noopener\">pirin\u00e7 ve bu\u011fday ay\u0131klama makinesi<\/a>, <a href=\"https:\/\/www.agriculture-machine.com\/tr\/small-sweet-corn-sheller-for-fresh-maize\/\">taze m\u0131s\u0131r ay\u0131klama makinesi<\/a> gibi di\u011fer ay\u0131klama makinelerimiz de mevcuttur.<\/p>    <figure class=\"wp-block-gallery has-nested-images columns-2 is-cropped wp-block-gallery-2 is-layout-flex wp-block-gallery-is-layout-flex\"> <figure class=\"wp-block-image size-large\"><img loading=\"lazy\" decoding=\"async\" width=\"720\" height=\"540\" data-id=\"13356\" src=\"https:\/\/www.agriculture-machine.com\/wp-content\/uploads\/2022\/04\/corn-sheller-0.jpg\" alt=\"m\u0131s\u0131r kabuklama makinesi\" class=\"wp-image-13356\" title=\"m\u0131s\u0131r kabuklama makinesi\" srcset=\"https:\/\/www.agriculture-machine.com\/wp-content\/uploads\/2022\/04\/corn-sheller-0.jpg 720w, https:\/\/www.agriculture-machine.com\/wp-content\/uploads\/2022\/04\/corn-sheller-0-360x270.jpg 360w, https:\/\/www.agriculture-machine.com\/wp-content\/uploads\/2022\/04\/corn-sheller-0-240x180.jpg 240w\" sizes=\"auto, (max-width: 720px) 100vw, 720px\" \/><figcaption class=\"wp-element-caption\">m\u0131s\u0131r kabuklama makinesi<\/figcaption><\/figure>    <figure class=\"wp-block-image size-large\"><img loading=\"lazy\" decoding=\"async\" width=\"720\" height=\"540\" data-id=\"13357\" src=\"https:\/\/www.agriculture-machine.com\/wp-content\/uploads\/2022\/04\/corn-thresher0.jpg\" alt=\"m\u0131s\u0131r harman\u0131\" class=\"wp-image-13357\" title=\"m\u0131s\u0131r harman\u0131\" srcset=\"https:\/\/www.agriculture-machine.com\/wp-content\/uploads\/2022\/04\/corn-thresher0.jpg 720w, https:\/\/www.agriculture-machine.com\/wp-content\/uploads\/2022\/04\/corn-thresher0-360x270.jpg 360w, https:\/\/www.agriculture-machine.com\/wp-content\/uploads\/2022\/04\/corn-thresher0-240x180.jpg 240w\" sizes=\"auto, (max-width: 720px) 100vw, 720px\" \/><figcaption class=\"wp-element-caption\">m\u0131s\u0131r harman\u0131<\/figcaption><\/figure>    <figure class=\"wp-block-image size-large\"><img loading=\"lazy\" decoding=\"async\" width=\"720\" height=\"540\" data-id=\"13358\" src=\"https:\/\/www.agriculture-machine.com\/wp-content\/uploads\/2022\/04\/maize-threshing-machine0.jpg\" alt=\"m\u0131s\u0131r ay\u0131klama makinesi\" class=\"wp-image-13358\" title=\"m\u0131s\u0131r ay\u0131klama makinesi\" srcset=\"https:\/\/www.agriculture-machine.com\/wp-content\/uploads\/2022\/04\/maize-threshing-machine0.jpg 720w, https:\/\/www.agriculture-machine.com\/wp-content\/uploads\/2022\/04\/maize-threshing-machine0-360x270.jpg 360w, https:\/\/www.agriculture-machine.com\/wp-content\/uploads\/2022\/04\/maize-threshing-machine0-240x180.jpg 240w\" sizes=\"auto, (max-width: 720px) 100vw, 720px\" \/><figcaption class=\"wp-element-caption\">m\u0131s\u0131r ay\u0131klama makinesi<\/figcaption><\/figure>    <figure class=\"wp-block-image size-large\"><img loading=\"lazy\" decoding=\"async\" width=\"720\" height=\"540\" data-id=\"13359\" src=\"https:\/\/www.agriculture-machine.com\/wp-content\/uploads\/2022\/04\/maize-thresher0.jpg\" alt=\"m\u0131s\u0131r harman\u0131\" class=\"wp-image-13359\" title=\"m\u0131s\u0131r harman\u0131\" srcset=\"https:\/\/www.agriculture-machine.com\/wp-content\/uploads\/2022\/04\/maize-thresher0.jpg 720w, https:\/\/www.agriculture-machine.com\/wp-content\/uploads\/2022\/04\/maize-thresher0-360x270.jpg 360w, https:\/\/www.agriculture-machine.com\/wp-content\/uploads\/2022\/04\/maize-thresher0-240x180.jpg 240w\" sizes=\"auto, (max-width: 720px) 100vw, 720px\" \/><figcaption class=\"wp-element-caption\">m\u0131s\u0131r harman\u0131<\/figcaption><\/figure> <\/figure>    <h2 class=\"wp-block-heading\" id=\"h-main-structure-of-maize-threshing-machine\">M\u0131s\u0131r ay\u0131klama makinesinin ana yap\u0131s\u0131<\/h2>    <p>Bir m\u0131s\u0131r ay\u0131klama makinesinin ana yap\u0131s\u0131, esasen bir \u00e7er\u00e7eve, malzeme giri\u015fi, ay\u0131klama cihaz\u0131, ekran, motor (motor, benzinli motor veya dizel motor) tekerlek, m\u0131s\u0131r tanesi \u00e7\u0131k\u0131\u015f\u0131, m\u0131s\u0131r ko\u00e7an\u0131 \u00e7\u0131k\u0131\u015f\u0131 vb. bile\u015fenlerden olu\u015fur. M\u0131s\u0131r ay\u0131klama makinesi g\u00fczel g\u00f6r\u00fcn\u00fc\u015fl\u00fc ve uzun \u00f6m\u00fcrl\u00fcd\u00fcr, ev kullan\u0131m\u0131 i\u00e7in iyi bir yard\u0131mc\u0131d\u0131r.<\/p>    <figure class=\"wp-block-image aligncenter size-full\"><img loading=\"lazy\" decoding=\"async\" width=\"720\" height=\"540\" src=\"https:\/\/www.agriculture-machine.com\/wp-content\/uploads\/2022\/04\/corn-shellers-structure-1.jpg\" alt=\"M\u0131s\u0131r ay\u0131klama makinesinin yap\u0131s\u0131 \" class=\"wp-image-13360\" title=\"M\u0131s\u0131r ay\u0131klama makinesinin yap\u0131s\u0131 \" srcset=\"https:\/\/www.agriculture-machine.com\/wp-content\/uploads\/2022\/04\/corn-shellers-structure-1.jpg 720w, https:\/\/www.agriculture-machine.com\/wp-content\/uploads\/2022\/04\/corn-shellers-structure-1-360x270.jpg 360w, https:\/\/www.agriculture-machine.com\/wp-content\/uploads\/2022\/04\/corn-shellers-structure-1-240x180.jpg 240w\" sizes=\"auto, (max-width: 720px) 100vw, 720px\" \/><figcaption class=\"wp-element-caption\">corn sheller&#8217;s structure<\/figcaption><\/figure>    <h2 class=\"wp-block-heading\">M\u0131s\u0131r ay\u0131klama makinesinin teknik parametreleri<\/h2>    <div class=\"table-responsive\"> <table class=\"table table-striped\"> <tbody> <tr> <td width=\"284\">Model<\/td> <td width=\"284\">SL-B<\/td> <\/tr> <tr> <td width=\"284\">G\u00fc\u00e7<\/td> <td width=\"284\">2.2kw motor, benzinli motor ve dizel motor<\/td> <\/tr> <tr> <td width=\"284\">Kapasite<\/td> <td width=\"284\">3-4t\/h<\/td> <\/tr> <tr> <td width=\"284\">A\u011f\u0131rl\u0131k<\/td> <td width=\"284\">86kg<\/td> <\/tr> <tr> <td width=\"284\">Boyut<\/td> <td width=\"284\">1080*6500*1300mm<\/td> <\/tr> <\/tbody> <\/table> <\/div>    <h2 class=\"wp-block-heading\" id=\"h-what-advantages-does-the-maize-sheller-machine-has\">M\u0131s\u0131r ay\u0131klama makinesinin ne gibi avantajlar\u0131 vard\u0131r?<\/h2>    <p>1. M\u0131s\u0131r ay\u0131klama makinesi kompakt yap\u0131ya ve y\u00fcksek kaliteli \u00e7eli\u011fe sahiptir. Bu nedenle uzun s\u00fcre kullan\u0131labilir.<br>2. Y\u00fcksek temizleme oran\u0131. Makinenin y\u00fcksek uzakla\u015ft\u0131rma oran\u0131 olmas\u0131n\u0131n yan\u0131 s\u0131ra, son m\u0131s\u0131r tanesi de temizdir.<br>3. \u00d6zel malzeme kullan\u0131larak, makinenin i\u00e7indeki yeni tasar\u0131m silindirleri tanelere zarar vermez. B\u00f6ylece, m\u0131s\u0131r tanesi do\u011frudan sat\u0131labilir. <br>4. M\u0131s\u0131r ay\u0131klama makinesi kullan\u0131m\u0131 kolay ve ayarlanabilir olup, k\u00fc\u00e7\u00fck alan kaplar ve y\u00fcksek \u00e7\u0131kt\u0131 sa\u011flar. Bu nedenle hem yurti\u00e7inde hem de yurtd\u0131\u015f\u0131nda pop\u00fclerdir. <br>5. Esnek yap\u0131s\u0131, emek ve zaman\u0131 tasarruf eder, ay\u0131klama, savurma ve elekleme gibi i\u015flemleri tamamlar.<\/p>    <figure class=\"wp-block-image aligncenter size-full\"><img loading=\"lazy\" decoding=\"async\" width=\"720\" height=\"540\" src=\"https:\/\/www.agriculture-machine.com\/wp-content\/uploads\/2022\/04\/threshing-effect-0.jpg\" alt=\"ay\u0131klama etkisi\" class=\"wp-image-13382\" title=\"ay\u0131klama etkisi\" srcset=\"https:\/\/www.agriculture-machine.com\/wp-content\/uploads\/2022\/04\/threshing-effect-0.jpg 720w, https:\/\/www.agriculture-machine.com\/wp-content\/uploads\/2022\/04\/threshing-effect-0-360x270.jpg 360w, https:\/\/www.agriculture-machine.com\/wp-content\/uploads\/2022\/04\/threshing-effect-0-240x180.jpg 240w\" sizes=\"auto, (max-width: 720px) 100vw, 720px\" \/><figcaption class=\"wp-element-caption\">ay\u0131klama etkisi<\/figcaption><\/figure>    <h2 class=\"wp-block-heading\">M\u0131s\u0131r ay\u0131klama makinesinin \u00e7al\u0131\u015fma prensibi<\/h2>    <p>1. M\u0131s\u0131r ay\u0131klama makinesi \u00e7al\u0131\u015f\u0131rken, operat\u00f6rler \u00f6nce m\u0131s\u0131r\u0131 giri\u015fe koyar.<br>2. M\u0131s\u0131r, besleme giri\u015finden ay\u0131klama odas\u0131na girer ve rotor, m\u0131s\u0131r tanelerine vurur.<br>3. Rulolar, motor g\u00fcc\u00fcyle d\u00f6ner ve m\u0131s\u0131r, iki rulo aras\u0131na girerken inan\u0131lmaz h\u0131zda ay\u0131klar.<br>4. M\u0131s\u0131r ko\u00e7an\u0131, m\u0131s\u0131r ay\u0131klama makinesinin kuyru\u011fundan bo\u015falt\u0131l\u0131r. M\u0131s\u0131r kabu\u011fu ve di\u011fer kirleticiler, kabu\u011fu ve baz\u0131 k\u00fc\u00e7\u00fck par\u00e7ac\u0131klar\u0131 emebilen hava \u00fcfleme fan\u0131ndan bo\u015falt\u0131l\u0131r ve m\u0131s\u0131r tanelerinin temiz kalmas\u0131n\u0131 sa\u011flar.<br>5. M\u0131s\u0131r taneleri elek deliklerinden d\u00fc\u015fer. Giri\u015fin alt k\u0131sm\u0131nda, d\u00fc\u015fen m\u0131s\u0131r tanelerinin insanlara zarar vermesini \u00f6nlemek i\u00e7in bir bariyer bulunur.<\/p>    <p>Not: M\u0131s\u0131r ay\u0131klama makinesinin ay\u0131klama verimlili\u011fi, tamburun uzunlu\u011fu ve \u00e7ap\u0131na ba\u011fl\u0131d\u0131r. Rotor \u00fczerindeki dikenler zay\u0131f noktad\u0131r. Ve bunlar\u0131 s\u0131k s\u0131k kontrol etmeliyiz. Di\u015flerin d\u00f6rtte biri a\u015f\u0131nd\u0131\u011f\u0131nda, ayar yapabilir veya elektrik kayna\u011f\u0131 ile kaynak yaparak de\u011fi\u015ftirebiliriz, rotorun dengesini sa\u011flamak i\u00e7in. Ekran da t\u00fcketilebilir bir par\u00e7ad\u0131r. Bu y\u00fczden, k\u0131r\u0131ld\u0131\u011f\u0131nda de\u011fi\u015ftirilmelidir.<\/p>    <figure class=\"wp-block-gallery has-nested-images columns-default is-cropped wp-block-gallery-3 is-layout-flex wp-block-gallery-is-layout-flex\"> <figure class=\"wp-block-image size-large\"><img loading=\"lazy\" decoding=\"async\" width=\"720\" height=\"540\" data-id=\"13365\" src=\"https:\/\/www.agriculture-machine.com\/wp-content\/uploads\/2022\/04\/high-efficiency-corn-thresher-0.jpg\" alt=\"y\u00fcksek verimli m\u0131s\u0131r ay\u0131klama makinesi\" class=\"wp-image-13365\" title=\"y\u00fcksek verimli m\u0131s\u0131r ay\u0131klama makinesi\" srcset=\"https:\/\/www.agriculture-machine.com\/wp-content\/uploads\/2022\/04\/high-efficiency-corn-thresher-0.jpg 720w, https:\/\/www.agriculture-machine.com\/wp-content\/uploads\/2022\/04\/high-efficiency-corn-thresher-0-360x270.jpg 360w, https:\/\/www.agriculture-machine.com\/wp-content\/uploads\/2022\/04\/high-efficiency-corn-thresher-0-240x180.jpg 240w\" sizes=\"auto, (max-width: 720px) 100vw, 720px\" \/><figcaption class=\"wp-element-caption\">y\u00fcksek verimli m\u0131s\u0131r ay\u0131klama makinesi<\/figcaption><\/figure>    <figure class=\"wp-block-image size-large\"><img loading=\"lazy\" decoding=\"async\" width=\"720\" height=\"540\" data-id=\"13366\" src=\"https:\/\/www.agriculture-machine.com\/wp-content\/uploads\/2022\/04\/working-situation-0.jpg\" alt=\"\u00e7al\u0131\u015fma durumu\" class=\"wp-image-13366\" title=\"\u00e7al\u0131\u015fma durumu\" srcset=\"https:\/\/www.agriculture-machine.com\/wp-content\/uploads\/2022\/04\/working-situation-0.jpg 720w, https:\/\/www.agriculture-machine.com\/wp-content\/uploads\/2022\/04\/working-situation-0-360x270.jpg 360w, https:\/\/www.agriculture-machine.com\/wp-content\/uploads\/2022\/04\/working-situation-0-240x180.jpg 240w\" sizes=\"auto, (max-width: 720px) 100vw, 720px\" \/><figcaption class=\"wp-element-caption\">\u00e7al\u0131\u015fma durumu<\/figcaption><\/figure> <\/figure>    <h2 class=\"wp-block-heading\" id=\"h-application-of-corn-sheller-machine\">M\u0131s\u0131r ay\u0131klama makinesinin uygulamas\u0131<\/h2>    <p>M\u0131s\u0131r ay\u0131klama makinesi, ko\u00e7anlardan m\u0131s\u0131r tanelerini inan\u0131lmaz h\u0131zla ay\u0131r\u0131r ve taneler b\u00fct\u00fcn kal\u0131r, bu da hayvanc\u0131l\u0131k, \u00e7iftlikler ve g\u00fcnl\u00fck kullan\u0131m i\u00e7in yayg\u0131n olarak kullan\u0131l\u0131r.<\/p>    <h2 class=\"wp-block-heading\" id=\"h-the-successful-case-of-corn-sheller-machine\">M\u0131s\u0131r ay\u0131klama makinesinin ba\u015far\u0131l\u0131 \u00f6rne\u011fi<\/h2>    <p>M\u00fc\u015fterilerimiz, d\u00fc\u015f\u00fck k\u0131r\u0131lma oran\u0131, m\u00fckemmel temizlik kabiliyeti ve y\u00fcksek verimlilik nedeniyle m\u0131s\u0131r ay\u0131klama makinesinden \u00e7ok memnun kald\u0131. \u015eimdiye kadar, d\u00fcnya genelinde bir\u00e7ok m\u0131s\u0131r ay\u0131klama makinesi ihra\u00e7 ettik. <\/p>    <p>Ve onlardan iyi geri bildirim ald\u0131k. M\u00fckemmel sat\u0131\u015f sonras\u0131 hizmet ve samimi tutum ile m\u00fc\u015fterilerin g\u00fcvenini kazand\u0131k. Her zaman m\u00fc\u015fterinin yerine kendimizi koyar ve onlar\u0131n \u00e7\u0131karlar\u0131n\u0131 \u00f6n planda tutar\u0131z.<\/p>    <figure class=\"wp-block-gallery has-nested-images columns-default is-cropped wp-block-gallery-4 is-layout-flex wp-block-gallery-is-layout-flex\"> <figure class=\"wp-block-image size-large\"><img loading=\"lazy\" decoding=\"async\" width=\"720\" height=\"540\" data-id=\"13375\" src=\"https:\/\/www.agriculture-machine.com\/wp-content\/uploads\/2022\/04\/maize-sheller-0.jpg\" alt=\"m\u0131s\u0131r kabuklama makinesi\" class=\"wp-image-13375\" title=\"m\u0131s\u0131r kabuklama makinesi\" srcset=\"https:\/\/www.agriculture-machine.com\/wp-content\/uploads\/2022\/04\/maize-sheller-0.jpg 720w, https:\/\/www.agriculture-machine.com\/wp-content\/uploads\/2022\/04\/maize-sheller-0-360x270.jpg 360w, https:\/\/www.agriculture-machine.com\/wp-content\/uploads\/2022\/04\/maize-sheller-0-240x180.jpg 240w\" sizes=\"auto, (max-width: 720px) 100vw, 720px\" \/><figcaption class=\"wp-element-caption\">m\u0131s\u0131r kabuklama makinesi<\/figcaption><\/figure>    <figure class=\"wp-block-image size-large\"><img loading=\"lazy\" decoding=\"async\" width=\"720\" height=\"540\" data-id=\"13376\" src=\"https:\/\/www.agriculture-machine.com\/wp-content\/uploads\/2022\/04\/corn-thresher-0.jpg\" alt=\"m\u0131s\u0131r harman\u0131\" class=\"wp-image-13376\" title=\"m\u0131s\u0131r harman\u0131\" srcset=\"https:\/\/www.agriculture-machine.com\/wp-content\/uploads\/2022\/04\/corn-thresher-0.jpg 720w, https:\/\/www.agriculture-machine.com\/wp-content\/uploads\/2022\/04\/corn-thresher-0-360x270.jpg 360w, https:\/\/www.agriculture-machine.com\/wp-content\/uploads\/2022\/04\/corn-thresher-0-240x180.jpg 240w\" sizes=\"auto, (max-width: 720px) 100vw, 720px\" \/><figcaption class=\"wp-element-caption\">m\u0131s\u0131r harman\u0131<\/figcaption><\/figure>    <figure class=\"wp-block-image size-large\"><img loading=\"lazy\" decoding=\"async\" width=\"720\" height=\"540\" data-id=\"13377\" src=\"https:\/\/www.agriculture-machine.com\/wp-content\/uploads\/2022\/04\/shipping-of-the-corn-thresher-0.jpg\" alt=\"M\u0131s\u0131r ay\u0131klama makinesinin sevkiyat\u0131\" class=\"wp-image-13377\" title=\"M\u0131s\u0131r ay\u0131klama makinesinin sevkiyat\u0131\" srcset=\"https:\/\/www.agriculture-machine.com\/wp-content\/uploads\/2022\/04\/shipping-of-the-corn-thresher-0.jpg 720w, https:\/\/www.agriculture-machine.com\/wp-content\/uploads\/2022\/04\/shipping-of-the-corn-thresher-0-360x270.jpg 360w, https:\/\/www.agriculture-machine.com\/wp-content\/uploads\/2022\/04\/shipping-of-the-corn-thresher-0-240x180.jpg 240w\" sizes=\"auto, (max-width: 720px) 100vw, 720px\" \/><figcaption class=\"wp-element-caption\">M\u0131s\u0131r ay\u0131klama makinesinin sevkiyat\u0131<\/figcaption><\/figure> <\/figure>    <h2 class=\"wp-block-heading\" id=\"h-faq\">SSS<\/h2>   <div id=\"rank-math-faq\" class=\"rank-math-block\"> <div class=\"rank-math-list\"> <div id=\"faq-question-1714386534812\" class=\"rank-math-list-item\"> <h3 class=\"rank-math-question\">Bu makine sadece m\u0131s\u0131r ay\u0131klamak i\u00e7in mi?<\/h3> <div class=\"rank-math-answer\">  <p>Evet, bu sadece m\u0131s\u0131r i\u00e7in olan bir makinedir.<\/p>  <\/div> <\/div> <div id=\"faq-question-1714386538716\" class=\"rank-math-list-item\"> <h3 class=\"rank-math-question\">Bu makinenin zay\u0131f noktas\u0131 nedir?<\/h3> <div class=\"rank-math-answer\">  <p>Silindir ve ekran zay\u0131f noktad\u0131r. Ve bunlar\u0131 s\u0131k s\u0131k de\u011fi\u015ftirmeliyiz.<\/p>  <\/div> <\/div> <div id=\"faq-question-1714386569735\" class=\"rank-math-list-item\"> <h3 class=\"rank-math-question\">Ka\u00e7 t\u00fcr m\u0131s\u0131r ay\u0131klama makinesi var?<\/h3> <div class=\"rank-math-answer\">  <p>M\u0131s\u0131r ay\u0131klama makinesi en \u00e7ok satan \u00fcr\u00fcn\u00fcm\u00fczd\u00fcr. 1t\/h, 3-4t\/h, 4t\/h, 5t\/h, 6t\/h gibi farkl\u0131 kapasitelerimiz var. Daha fazla bilgi almak i\u00e7in bizimle ileti\u015fime ge\u00e7mekten \u00e7ekinmeyin.<\/p>  <\/div> <\/div> <div id=\"faq-question-1714386580546\" class=\"rank-math-list-item\"> <h3 class=\"rank-math-question\">Ekran nas\u0131l de\u011fi\u015ftirilir?<\/h3> <div class=\"rank-math-answer\">  <p>Ekran kolayca de\u011fi\u015ftirilebilir. Ekran\u0131 de\u011fi\u015ftirme ile ilgili detayl\u0131 video sa\u011flayaca\u011f\u0131z.<\/p>  <\/div> <\/div> <\/div> <\/div>","protected":false},"excerpt":{"rendered":"<p>M\u0131s\u0131r ay\u0131klama makinesi, g\u00fcne\u015fte kurutulmu\u015f m\u0131s\u0131r\u0131n ay\u0131klanmas\u0131 i\u00e7in profesyonel ekipmand\u0131r. K\u00fc\u00e7\u00fck ayak izi, y\u00fcksek verimlilik ve kolay ta\u015f\u0131nabilirlik sa\u011flar.<\/p>","protected":false},"author":1,"featured_media":0,"parent":0,"comment_status":"closed","ping_status":"closed","template":"","tags":[491,2613],"product-type":[893],"class_list":["post-173","product","type-product","status-publish","hentry","tag-corn","tag-peeling","product-type-corn-thresher"],"_links":{"self":[{"href":"https:\/\/www.agriculture-machine.com\/tr\/wp-json\/wp\/v2\/product\/173","targetHints":{"allow":["GET"]}}],"collection":[{"href":"https:\/\/www.agriculture-machine.com\/tr\/wp-json\/wp\/v2\/product"}],"about":[{"href":"https:\/\/www.agriculture-machine.com\/tr\/wp-json\/wp\/v2\/types\/product"}],"author":[{"embeddable":true,"href":"https:\/\/www.agriculture-machine.com\/tr\/wp-json\/wp\/v2\/users\/1"}],"replies":[{"embeddable":true,"href":"https:\/\/www.agriculture-machine.com\/tr\/wp-json\/wp\/v2\/comments?post=173"}],"wp:attachment":[{"href":"https:\/\/www.agriculture-machine.com\/tr\/wp-json\/wp\/v2\/media?parent=173"}],"wp:term":[{"taxonomy":"post_tag","embeddable":true,"href":"https:\/\/www.agriculture-machine.com\/tr\/wp-json\/wp\/v2\/tags?post=173"},{"taxonomy":"product-type","embeddable":true,"href":"https:\/\/www.agriculture-machine.com\/tr\/wp-json\/wp\/v2\/product-type?post=173"}],"curies":[{"name":"wp","href":"https:\/\/api.w.org\/{rel}","templated":true}]}}