{"id":17458,"date":"2026-02-27T17:02:53","date_gmt":"2026-02-27T09:02:53","guid":{"rendered":"https:\/\/www.agriculture-machine.com\/?post_type=product&#038;p=17458"},"modified":"2026-02-27T17:02:55","modified_gmt":"2026-02-27T09:02:55","slug":"silage-round-baler-wrapper","status":"publish","type":"product","link":"https:\/\/www.agriculture-machine.com\/tr\/silage-round-baler-wrapper\/","title":{"rendered":"9YDB-60 Silaj Yuvarlak Balya Sar\u0131c\u0131 | Yem Balyalama Sarma Makinesi"},"content":{"rendered":"<p>Verimli balyalama ve kapal\u0131 silaj depolama, yem maliyetlerini azaltmak ve yem kalitesini art\u0131rmak i\u00e7in kritik ad\u0131mlard\u0131r. Yeni y\u00fckseltilmi\u015f 9YDB-60 kay\u0131\u015f tipi silaj yuvarlak balya sar\u0131c\u0131 ambalajlay\u0131c\u0131, balyalama, film \u00e7ekme, sarmalama, hazne a\u00e7ma\/kapatma ve balya \u00e7evirme\/bo\u015faltma i\u015flemlerini tam otomasyonla ger\u00e7ekle\u015ftiren bir herringbone kay\u0131\u015f s\u0131k\u0131\u015ft\u0131rma yap\u0131s\u0131 ve tamamen otomatik PLC kontrol sistemi kullan\u0131r.<\/p>    <p>Ekipman, saatte 50\u201375 balya \u00fcretim verimlili\u011fi sa\u011flar, bireysel balya a\u011f\u0131rl\u0131klar\u0131 90\u2013140kg aras\u0131nda de\u011fi\u015fir. Balya \u00f6l\u00e7\u00fcleri \u03a6600\u00d7520mm olup, balya yo\u011funlu\u011fu 800kg\/m\u00b3'\u00fc a\u015far ve g\u00fcnl\u00fck 48 tondan fazla i\u015fleme kapasitesine sahiptir.<\/p>    <p>Y\u00fcksek yo\u011funluklu s\u0131k\u0131\u015ft\u0131rma ve \u00e7ok katmanl\u0131 yem filmi m\u00fch\u00fcrleme, hava giri\u015fini etkin \u015fekilde engeller, laktik asit fermantasyonunu te\u015fvik eder ve bozulma oran\u0131n\u0131 \u00f6nemli \u00f6l\u00e7\u00fcde azalt\u0131r. Bu, \u00e7iftlikler, kooperatifler ve b\u00fcy\u00fck tar\u0131m i\u015fletmeleri i\u00e7in ideal silaj ekipman\u0131d\u0131r.<\/p>    <figure class=\"wp-block-embed aligncenter is-type-video is-provider-youtube wp-block-embed-youtube wp-embed-aspect-16-9 wp-has-aspect-ratio\"><div class=\"wp-block-embed__wrapper\"> <iframe loading=\"lazy\" title=\"New Model Belt Type Silage Baler Wrapper | Efficient &amp; Durable | Latest Design!#silage #silagebaler\" width=\"500\" height=\"281\" src=\"https:\/\/www.youtube.com\/embed\/1WBs7jM_mDE?feature=oembed\" frameborder=\"0\" allow=\"accelerometer; autoplay; clipboard-write; encrypted-media; gyroscope; picture-in-picture; web-share\" referrerpolicy=\"strict-origin-when-cross-origin\" allowfullscreen><\/iframe> <\/div><figcaption class=\"wp-element-caption\">Yeni kay\u0131\u015f tipi silaj balyalama ve sarmalama makinesi \u00e7al\u0131\u015fma videosu<\/figcaption><\/figure>    <h2 class=\"wp-block-heading\">Silaj yuvarlak balya sar\u0131c\u0131 uygulama alanlar\u0131<\/h2>    <ul class=\"wp-block-list\"> <li>B\u00fcy\u00fck \u00f6l\u00e7ekli \u00e7iftlikler i\u00e7in: mera, m\u0131s\u0131r sap\u0131 ve silaj\u0131n merkezi i\u015flenmesi ve uzun vadeli depolanmas\u0131, s\u00fct, s\u0131\u011f\u0131r ve koyun \u00e7iftlikleri i\u00e7in.<\/li>    <li>Kooperatifler ve aile \u00e7iftlikleri i\u00e7in: depolama verimlili\u011fini art\u0131r\u0131r, i\u015f g\u00fcc\u00fcn\u00fc azalt\u0131r ve k\u00fc\u00e7\u00fck-orta \u00f6l\u00e7ekli tar\u0131m ve hayvanc\u0131l\u0131k \u00e7iftlikleri i\u00e7in yem maliyetlerini d\u00fc\u015f\u00fcr\u00fcr.<\/li>    <li>B\u00fcy\u00fck tar\u0131m i\u015fletmeleri i\u00e7in: silaj hasad\u0131 s\u0131ras\u0131nda y\u00fcksek yo\u011funluklu, s\u00fcrekli operasyonu destekler, ta\u015f\u0131may\u0131, sat\u0131\u015f\u0131 ve b\u00f6lgesel depolamay\u0131 sa\u011flar.<\/li>    <li>Makine kiralama sa\u011flay\u0131c\u0131lar\u0131 i\u00e7in: yerel \u00e7ift\u00e7ilere silaj balyalama hizmetleri sunar, k\u0131sa yat\u0131r\u0131m geri d\u00f6n\u00fc\u015f s\u00fcresi ile.<\/li> <\/ul>    <figure class=\"wp-block-gallery has-nested-images columns-default is-cropped wp-block-gallery-2 is-layout-flex wp-block-gallery-is-layout-flex\"> <figure class=\"wp-block-image size-large\"><img loading=\"lazy\" decoding=\"async\" width=\"720\" height=\"540\" data-id=\"17465\" src=\"https:\/\/www.agriculture-machine.com\/wp-content\/uploads\/2026\/02\/silage-round-baler-wrapper.webp\" alt=\"silaj yuvarlak balya sar\u0131c\u0131\" class=\"wp-image-17465\" srcset=\"https:\/\/www.agriculture-machine.com\/wp-content\/uploads\/2026\/02\/silage-round-baler-wrapper.webp 720w, https:\/\/www.agriculture-machine.com\/wp-content\/uploads\/2026\/02\/silage-round-baler-wrapper-360x270.webp 360w, https:\/\/www.agriculture-machine.com\/wp-content\/uploads\/2026\/02\/silage-round-baler-wrapper-240x180.webp 240w, https:\/\/www.agriculture-machine.com\/wp-content\/uploads\/2026\/02\/silage-round-baler-wrapper-16x12.webp 16w\" sizes=\"auto, (max-width: 720px) 100vw, 720px\" \/><figcaption class=\"wp-element-caption\">silaj yuvarlak balya sar\u0131c\u0131<\/figcaption><\/figure>    <figure class=\"wp-block-image size-large\"><img loading=\"lazy\" decoding=\"async\" width=\"720\" height=\"540\" data-id=\"17464\" src=\"https:\/\/www.agriculture-machine.com\/wp-content\/uploads\/2026\/02\/hay-silage-baler-and-wrapper.webp\" alt=\"ot silaj balya ve sarmalama\" class=\"wp-image-17464\" srcset=\"https:\/\/www.agriculture-machine.com\/wp-content\/uploads\/2026\/02\/hay-silage-baler-and-wrapper.webp 720w, https:\/\/www.agriculture-machine.com\/wp-content\/uploads\/2026\/02\/hay-silage-baler-and-wrapper-360x270.webp 360w, https:\/\/www.agriculture-machine.com\/wp-content\/uploads\/2026\/02\/hay-silage-baler-and-wrapper-240x180.webp 240w, https:\/\/www.agriculture-machine.com\/wp-content\/uploads\/2026\/02\/hay-silage-baler-and-wrapper-16x12.webp 16w\" sizes=\"auto, (max-width: 720px) 100vw, 720px\" \/><figcaption class=\"wp-element-caption\">ot silaj balya ve sarmalama<\/figcaption><\/figure> <\/figure>    <h2 class=\"wp-block-heading\">Kay\u0131\u015f tipi silaj balya makinesi yap\u0131s\u0131<\/h2>    <p>Bu silaj yuvarlak balya sar\u0131c\u0131 makinesi esas olarak iki temel bile\u015fenden olu\u015fur: balyalama odas\u0131 sistemi ve sarmalama sistemi.<\/p>    <p class=\"translation-block\"><strong>Balya odas\u0131 b\u00f6l\u00fcm\u00fc<\/strong><\/p>    <ul class=\"wp-block-list\"> <li>Bal\u0131k s\u0131rt\u0131 tarz\u0131 konvey\u00f6r s\u0131k\u0131\u015ft\u0131rma kay\u0131\u015f\u0131<\/li>    <li>\u00c7ok silind\u0131rl\u0131 y\u00fcksek mukavemetli al\u00fcminyum ala\u015f\u0131ml\u0131 d\u00f6k\u00fcm<\/li>    <li>Otomatik odan\u0131n a\u00e7ma\/kapatma sistemi<\/li>    <li>Otomatik balya \u00e7evirme ve atma mekanizmas\u0131<\/li> <\/ul>    <p class=\"translation-block\"><strong>Sarmalama b\u00f6l\u00fcm\u00fc<\/strong><\/p>    <ul class=\"wp-block-list\"> <li>Otomatik film \u00e7ekme cihaz\u0131<\/li>    <li>Di\u015fli red\u00fckt\u00f6r tahrik<\/li>    <li>Sarmalama katman\u0131 ayar sistemi<\/li>    <li>Otomatik film kesme mekanizmas\u0131<\/li> <\/ul>    <p>Eski TZ-55-52 ve 70 silaj yuvarlak balya sar\u0131c\u0131 modellerinin aksine, 9YDB-60 \u015feffaf yem filmi entegre balyalama ve sarmalama yap\u0131s\u0131 kullan\u0131r, \u00fcst\u00fcn s\u0131zd\u0131rmazl\u0131k performans\u0131 sa\u011flar.<\/p>    <figure class=\"wp-block-gallery has-nested-images columns-2 is-cropped wp-block-gallery-3 is-layout-flex wp-block-gallery-is-layout-flex\"> <figure class=\"wp-block-image size-large\"><img loading=\"lazy\" decoding=\"async\" width=\"720\" height=\"540\" data-id=\"17468\" src=\"https:\/\/www.agriculture-machine.com\/wp-content\/uploads\/2026\/02\/conveyor-belt-and-plastic-film.webp\" alt=\"konvey\u00f6r kay\u0131\u015f\u0131 ve plastik film\" class=\"wp-image-17468\" srcset=\"https:\/\/www.agriculture-machine.com\/wp-content\/uploads\/2026\/02\/conveyor-belt-and-plastic-film.webp 720w, https:\/\/www.agriculture-machine.com\/wp-content\/uploads\/2026\/02\/conveyor-belt-and-plastic-film-360x270.webp 360w, https:\/\/www.agriculture-machine.com\/wp-content\/uploads\/2026\/02\/conveyor-belt-and-plastic-film-240x180.webp 240w, https:\/\/www.agriculture-machine.com\/wp-content\/uploads\/2026\/02\/conveyor-belt-and-plastic-film-16x12.webp 16w\" sizes=\"auto, (max-width: 720px) 100vw, 720px\" \/><figcaption class=\"wp-element-caption\">konvey\u00f6r kay\u0131\u015f\u0131 ve plastik film<\/figcaption><\/figure>    <figure class=\"wp-block-image size-large\"><img loading=\"lazy\" decoding=\"async\" width=\"720\" height=\"540\" data-id=\"17469\" src=\"https:\/\/www.agriculture-machine.com\/wp-content\/uploads\/2026\/02\/PLC-control-cabinet-and-bin.webp\" alt=\"PLC kontrol kabini ve hazne\" class=\"wp-image-17469\" srcset=\"https:\/\/www.agriculture-machine.com\/wp-content\/uploads\/2026\/02\/PLC-control-cabinet-and-bin.webp 720w, https:\/\/www.agriculture-machine.com\/wp-content\/uploads\/2026\/02\/PLC-control-cabinet-and-bin-360x270.webp 360w, https:\/\/www.agriculture-machine.com\/wp-content\/uploads\/2026\/02\/PLC-control-cabinet-and-bin-240x180.webp 240w, https:\/\/www.agriculture-machine.com\/wp-content\/uploads\/2026\/02\/PLC-control-cabinet-and-bin-16x12.webp 16w\" sizes=\"auto, (max-width: 720px) 100vw, 720px\" \/><figcaption class=\"wp-element-caption\">PLC kontrol kabini ve hazne<\/figcaption><\/figure>    <figure class=\"wp-block-image size-large\"><img loading=\"lazy\" decoding=\"async\" width=\"720\" height=\"540\" data-id=\"17467\" src=\"https:\/\/www.agriculture-machine.com\/wp-content\/uploads\/2026\/02\/baling-belt-and-wrap-device.webp\" alt=\"balyalama kay\u0131\u015f\u0131 ve sarmalama cihaz\u0131\" class=\"wp-image-17467\" srcset=\"https:\/\/www.agriculture-machine.com\/wp-content\/uploads\/2026\/02\/baling-belt-and-wrap-device.webp 720w, https:\/\/www.agriculture-machine.com\/wp-content\/uploads\/2026\/02\/baling-belt-and-wrap-device-360x270.webp 360w, https:\/\/www.agriculture-machine.com\/wp-content\/uploads\/2026\/02\/baling-belt-and-wrap-device-240x180.webp 240w, https:\/\/www.agriculture-machine.com\/wp-content\/uploads\/2026\/02\/baling-belt-and-wrap-device-16x12.webp 16w\" sizes=\"auto, (max-width: 720px) 100vw, 720px\" \/><figcaption class=\"wp-element-caption\">balyalama kay\u0131\u015f\u0131 ve sarmalama cihaz\u0131<\/figcaption><\/figure>    <figure class=\"wp-block-image size-large\"><img loading=\"lazy\" decoding=\"async\" width=\"720\" height=\"540\" data-id=\"17466\" src=\"https:\/\/www.agriculture-machine.com\/wp-content\/uploads\/2026\/02\/automatic-film-cutting-and-alarming.webp\" alt=\"otomatik film kesme ve alarm\" class=\"wp-image-17466\" srcset=\"https:\/\/www.agriculture-machine.com\/wp-content\/uploads\/2026\/02\/automatic-film-cutting-and-alarming.webp 720w, https:\/\/www.agriculture-machine.com\/wp-content\/uploads\/2026\/02\/automatic-film-cutting-and-alarming-360x270.webp 360w, https:\/\/www.agriculture-machine.com\/wp-content\/uploads\/2026\/02\/automatic-film-cutting-and-alarming-240x180.webp 240w, https:\/\/www.agriculture-machine.com\/wp-content\/uploads\/2026\/02\/automatic-film-cutting-and-alarming-16x12.webp 16w\" sizes=\"auto, (max-width: 720px) 100vw, 720px\" \/><figcaption class=\"wp-element-caption\">otomatik film kesme ve alarm<\/figcaption><\/figure> <\/figure>    <h3 class=\"wp-block-heading\">Anahtar detaylar g\u00f6sterimi<\/h3>    <div class=\"wp-block-media-text is-stacked-on-mobile\"><figure class=\"wp-block-media-text__media\"><img loading=\"lazy\" decoding=\"async\" width=\"720\" height=\"540\" src=\"https:\/\/www.agriculture-machine.com\/wp-content\/uploads\/2026\/02\/belt-type-silage-round-baler-wrapper-structure.webp\" alt=\"9YDB-60 silaj yuvarlak balya sar\u0131c\u0131 ambalajlay\u0131c\u0131, y\u00fcksek yo\u011funluklu s\u0131k\u0131\u015ft\u0131rma i\u00e7in bal\u0131k s\u0131rt\u0131 kay\u0131\u015f sistemi kullan\u0131r ve verimli balyalama, sarmalama ve uzun vadeli silaj depolama i\u00e7in saatte 50\u201375 balya teslim eder.\" class=\"wp-image-17476 size-full\" srcset=\"https:\/\/www.agriculture-machine.com\/wp-content\/uploads\/2026\/02\/belt-type-silage-round-baler-wrapper-structure.webp 720w, https:\/\/www.agriculture-machine.com\/wp-content\/uploads\/2026\/02\/belt-type-silage-round-baler-wrapper-structure-360x270.webp 360w, https:\/\/www.agriculture-machine.com\/wp-content\/uploads\/2026\/02\/belt-type-silage-round-baler-wrapper-structure-240x180.webp 240w, https:\/\/www.agriculture-machine.com\/wp-content\/uploads\/2026\/02\/belt-type-silage-round-baler-wrapper-structure-16x12.webp 16w\" sizes=\"auto, (max-width: 720px) 100vw, 720px\" \/><\/figure><div class=\"wp-block-media-text__content\"> <ul class=\"wp-block-list\"> <li>Konvey\u00f6r kay\u0131\u015f\u0131 boyutlar\u0131: 2500\u00d7517mm<\/li>    <li>Bal\u0131k s\u0131rt\u0131 kay\u0131\u015f boyutlar\u0131: 2300\u00d7517mm (Sabit Hazne), 2470\u00d7517mm (Hareketli Hazne)<\/li>    <li>Kay\u0131\u015f kal\u0131nl\u0131\u011f\u0131: 5mm<\/li>    <li>Bas\u0131n\u00e7 silindiri \u015faft \u00e7ap\u0131: 30mm<\/li>    <li>Al\u00fcminyum silindir yatak Modeli: FC205 (D\u00f6rt Vida Montaj\u0131)<\/li>    <li>Zincir modeli: 12A End\u00fcstriyel Zincir<\/li>    <li>Yan panel kal\u0131nl\u0131\u011f\u0131: 6mm<\/li>    <li>T\u00fcm \u00fcnite toz boya ile kaplanm\u0131\u015ft\u0131r, \u00fcst\u00fcn korozyon direnci sa\u011flar<\/li>    <li>Pratik g\u00fcnl\u00fck bak\u0131m i\u00e7in hava tabancas\u0131 ile donat\u0131lm\u0131\u015ft\u0131r<\/li> <\/ul> <\/div><\/div>    <h2 class=\"wp-block-heading\">Yem balya ve sarmalama \u00e7al\u0131\u015fma prensibi<\/h2>    <ol class=\"wp-block-list\"> <li>Ham madde \u00f6n i\u015fleme: silaj hammaddesi genellikle bir k\u0131y\u0131c\u0131 ile do\u011fran\u0131r ve otomatik konvey\u00f6r band\u0131 arac\u0131l\u0131\u011f\u0131yla balyalama odas\u0131na e\u015fit \u015fekilde beslenir.<\/li>    <li>S\u0131k\u0131\u015ft\u0131rma kal\u0131plama: kay\u0131\u015f ve bas\u0131n\u00e7 silindiri birlikte \u00e7al\u0131\u015farak malzemeyi y\u00fcksek yo\u011funluklu silindirik balyalara s\u0131k\u0131\u015ft\u0131r\u0131r.<\/li>    <li>Otomatik film sarmalama: balyalama tamamland\u0131\u011f\u0131nda, film otomatik olarak \u00e7ekilir ve balya etraf\u0131na e\u015fit \u015fekilde sar\u0131l\u0131r, tam kaps\u00fclleme sa\u011flar.<\/li>    <li>Otomatik balya \u00e7evirme ve bo\u015faltma: sar\u0131lm\u0131\u015f balya otomatik olarak \u00e7evrilir ve bo\u015falt\u0131l\u0131r, kolay y\u00fckleme veya depolama i\u00e7in.<\/li> <\/ol>    <figure class=\"wp-block-gallery has-nested-images columns-default is-cropped wp-block-gallery-4 is-layout-flex wp-block-gallery-is-layout-flex\"> <figure class=\"wp-block-image size-large\"><img loading=\"lazy\" decoding=\"async\" width=\"720\" height=\"540\" data-id=\"17470\" src=\"https:\/\/www.agriculture-machine.com\/wp-content\/uploads\/2026\/02\/automatic-forage-bale-wrapper.webp\" alt=\"otomatik yem balyalama sar\u0131c\u0131\" class=\"wp-image-17470\" srcset=\"https:\/\/www.agriculture-machine.com\/wp-content\/uploads\/2026\/02\/automatic-forage-bale-wrapper.webp 720w, https:\/\/www.agriculture-machine.com\/wp-content\/uploads\/2026\/02\/automatic-forage-bale-wrapper-360x270.webp 360w, https:\/\/www.agriculture-machine.com\/wp-content\/uploads\/2026\/02\/automatic-forage-bale-wrapper-240x180.webp 240w, https:\/\/www.agriculture-machine.com\/wp-content\/uploads\/2026\/02\/automatic-forage-bale-wrapper-16x12.webp 16w\" sizes=\"auto, (max-width: 720px) 100vw, 720px\" \/><figcaption class=\"wp-element-caption\">otomatik yem balyalama sar\u0131c\u0131<\/figcaption><\/figure>    <figure class=\"wp-block-image size-large\"><img loading=\"lazy\" decoding=\"async\" width=\"720\" height=\"540\" data-id=\"17471\" src=\"https:\/\/www.agriculture-machine.com\/wp-content\/uploads\/2026\/02\/high\u2011density-forage-bale-wrapper-machine.webp\" alt=\"y\u00fcksek yo\u011funluklu yem balya sar\u0131c\u0131 makinesi\" class=\"wp-image-17471\" srcset=\"https:\/\/www.agriculture-machine.com\/wp-content\/uploads\/2026\/02\/high\u2011density-forage-bale-wrapper-machine.webp 720w, https:\/\/www.agriculture-machine.com\/wp-content\/uploads\/2026\/02\/high\u2011density-forage-bale-wrapper-machine-360x270.webp 360w, https:\/\/www.agriculture-machine.com\/wp-content\/uploads\/2026\/02\/high\u2011density-forage-bale-wrapper-machine-240x180.webp 240w, https:\/\/www.agriculture-machine.com\/wp-content\/uploads\/2026\/02\/high\u2011density-forage-bale-wrapper-machine-16x12.webp 16w\" sizes=\"auto, (max-width: 720px) 100vw, 720px\" \/><figcaption class=\"wp-element-caption\">y\u00fcksek yo\u011funluklu yem balya sar\u0131c\u0131 makinesi<\/figcaption><\/figure> <\/figure>    <h2 class=\"wp-block-heading\">Silaj otu balya sar\u0131c\u0131 \u00f6zellikleri<\/h2>    <figure class=\"wp-block-table is-style-stripes\"><table class=\"has-fixed-layout\"><tbody><tr><td><strong>Model<\/strong><\/td><td><strong>9YDB-60 Kay\u0131\u015f Tipi<\/strong><\/td><\/tr><tr><td>Bale Boyutu<\/td><td>\u03a6600\u00d7520 mm<\/td><\/tr><tr><td>Balya A\u011f\u0131rl\u0131\u011f\u0131<\/td><td>90\u2013140 kg<\/td><\/tr><tr><td>Verimlilik<\/td><td>50\u201375 balya\/s<\/td><\/tr><tr><td>G\u00fcnl\u00fck Kapasite<\/td><td>En fazla 48 ton<\/td><\/tr><tr><td>Ana G\u00fc\u00e7<\/td><td>7.5 kW<\/td><\/tr><tr><td>Hava Kompres\u00f6r\u00fc Motoru<\/td><td>1.5 kW<\/td><\/tr><tr><td>Sarmalama Motoru<\/td><td>0.75 kW<\/td><\/tr><tr><td>Dereceli H\u0131z<\/td><td>350 r\/dak<\/td><\/tr><tr><td>Yo\u011funluk<\/td><td>\u2265800 kg\/m\u00b3<\/td><\/tr><tr><td>Makine Boyutu<\/td><td>3500\u00d71450\u00d71550 mm<\/td><\/tr><tr><td>Kay\u0131\u015f Kal\u0131nl\u0131\u011f\u0131<\/td><td>5 mm<\/td><\/tr><tr><td>Duvar Plakas\u0131 Kal\u0131nl\u0131\u011f\u0131<\/td><td>6 mm<\/td><\/tr><tr><td>Sarmalama Katmanlar\u0131<\/td><td>Ayarlanabilir<\/td><\/tr><tr><td>Sarmalama Malzemesi<\/td><td>Silaj Filmi<\/td><\/tr><\/tbody><\/table><figcaption class=\"wp-element-caption\">Kay\u0131\u015f tipi silaj yuvarlak balya sar\u0131c\u0131 makinesi teknik parametreleri<\/figcaption><\/figure>    <figure class=\"wp-block-gallery has-nested-images columns-default is-cropped wp-block-gallery-5 is-layout-flex wp-block-gallery-is-layout-flex\"> <figure class=\"wp-block-image size-large\"><img loading=\"lazy\" decoding=\"async\" width=\"720\" height=\"540\" data-id=\"17473\" src=\"https:\/\/www.agriculture-machine.com\/wp-content\/uploads\/2026\/02\/silage-round-bale-packing-machine.webp\" alt=\"silaj yuvarlak balya paketleme makinesi\" class=\"wp-image-17473\" srcset=\"https:\/\/www.agriculture-machine.com\/wp-content\/uploads\/2026\/02\/silage-round-bale-packing-machine.webp 720w, https:\/\/www.agriculture-machine.com\/wp-content\/uploads\/2026\/02\/silage-round-bale-packing-machine-360x270.webp 360w, https:\/\/www.agriculture-machine.com\/wp-content\/uploads\/2026\/02\/silage-round-bale-packing-machine-240x180.webp 240w, https:\/\/www.agriculture-machine.com\/wp-content\/uploads\/2026\/02\/silage-round-bale-packing-machine-16x12.webp 16w\" sizes=\"auto, (max-width: 720px) 100vw, 720px\" \/><figcaption class=\"wp-element-caption\">silaj yuvarlak balya paketleme makinesi<\/figcaption><\/figure>    <figure class=\"wp-block-image size-large\"><img loading=\"lazy\" decoding=\"async\" width=\"720\" height=\"540\" data-id=\"17472\" src=\"https:\/\/www.agriculture-machine.com\/wp-content\/uploads\/2026\/02\/agricultural-baling-machinery.webp\" alt=\"tar\u0131m balyalama makineleri\" class=\"wp-image-17472\" srcset=\"https:\/\/www.agriculture-machine.com\/wp-content\/uploads\/2026\/02\/agricultural-baling-machinery.webp 720w, https:\/\/www.agriculture-machine.com\/wp-content\/uploads\/2026\/02\/agricultural-baling-machinery-360x270.webp 360w, https:\/\/www.agriculture-machine.com\/wp-content\/uploads\/2026\/02\/agricultural-baling-machinery-240x180.webp 240w, https:\/\/www.agriculture-machine.com\/wp-content\/uploads\/2026\/02\/agricultural-baling-machinery-16x12.webp 16w\" sizes=\"auto, (max-width: 720px) 100vw, 720px\" \/><figcaption class=\"wp-element-caption\">tar\u0131m balyalama makineleri<\/figcaption><\/figure> <\/figure>    <h2 class=\"wp-block-heading\">Kay\u0131\u015f tipi yem balyalama makinesinin temel avantajlar\u0131<\/h2>    <ul class=\"wp-block-list\"> <li>Herringbone kay\u0131\u015flar ile y\u00fcksek yo\u011funluklu s\u0131k\u0131\u015ft\u0131rma: hem hareketli hem de sabit odalar i\u00e7in bu yap\u0131, 17 presleme silindiri (8 hareketli   9 sabit) ile uniform s\u0131k\u0131\u015ft\u0131rma ve yo\u011fun balya olu\u015fturma sa\u011flar.<\/li>    <li>Tam otomatik ak\u0131ll\u0131 kontrol: PLC kontrol kabini, otomatik\/manuel modlar; otomatik balyalama, sarmalama, d\u00f6nd\u00fcrme ve geri alma, i\u015f g\u00fcc\u00fcn\u00fc b\u00fcy\u00fck \u00f6l\u00e7\u00fcde azalt\u0131r.<\/li>    <li>Ayarlanabilir yo\u011funluk sistemi: ak\u0131m ayar\u0131yla kontrol edilebilir, farkl\u0131 nem i\u00e7eri\u011fine sahip malzemeler i\u00e7in uygundur.<\/li>    <li>\u00c7ift yayl\u0131 film tutucu: germe ve sarmalama performans\u0131n\u0131 art\u0131r\u0131r, s\u0131zd\u0131rmazl\u0131\u011f\u0131 iyile\u015ftirir.<\/li>    <li>D\u0131\u015f yatak yap\u0131s\u0131: t\u00fcm yataklar kolay bak\u0131m ve uzun servis \u00f6mr\u00fc i\u00e7in d\u0131\u015fa monte edilmi\u015ftir.<\/li> <\/ul>    <h2 class=\"wp-block-heading\">Silaj balya sar\u0131c\u0131 i\u00e7in destek ekipman\u0131<\/h2>    <ul class=\"wp-block-list\"> <li>Otomatik silaj besleyici: s\u00fcrekli, e\u015fit besleme sa\u011flamak ve genel operasyonel kararl\u0131l\u0131\u011f\u0131 art\u0131rmak i\u00e7in otomatik besleme konvey\u00f6r\u00fc ile kullan\u0131lmas\u0131 \u00f6nerilir.<\/li>    <li>\u00dccretsiz ta\u015f\u0131ma trolley: kolay balya aktar\u0131m\u0131 ve istifleme i\u00e7in \u00fccretsiz ta\u015f\u0131ma trolley dahil, operasyon verimlili\u011fini art\u0131r\u0131r.<\/li> <\/ul>    <figure class=\"wp-block-gallery has-nested-images columns-default is-cropped wp-block-gallery-6 is-layout-flex wp-block-gallery-is-layout-flex\"> <figure class=\"wp-block-image size-large\"><img loading=\"lazy\" decoding=\"async\" width=\"720\" height=\"540\" data-id=\"17475\" src=\"https:\/\/www.agriculture-machine.com\/wp-content\/uploads\/2026\/02\/silage-baler-with-a-feeder.webp\" alt=\"silaj balyas\u0131na sahip balya makinesi\" class=\"wp-image-17475\" srcset=\"https:\/\/www.agriculture-machine.com\/wp-content\/uploads\/2026\/02\/silage-baler-with-a-feeder.webp 720w, https:\/\/www.agriculture-machine.com\/wp-content\/uploads\/2026\/02\/silage-baler-with-a-feeder-360x270.webp 360w, https:\/\/www.agriculture-machine.com\/wp-content\/uploads\/2026\/02\/silage-baler-with-a-feeder-240x180.webp 240w, https:\/\/www.agriculture-machine.com\/wp-content\/uploads\/2026\/02\/silage-baler-with-a-feeder-16x12.webp 16w\" sizes=\"auto, (max-width: 720px) 100vw, 720px\" \/><figcaption class=\"wp-element-caption\">silaj balyas\u0131na sahip balya makinesi<\/figcaption><\/figure>    <figure class=\"wp-block-image size-large\"><img loading=\"lazy\" decoding=\"async\" width=\"720\" height=\"540\" data-id=\"17474\" src=\"https:\/\/www.agriculture-machine.com\/wp-content\/uploads\/2026\/02\/complimentary-trolley.webp\" alt=\"\u00dccretsiz trolley\" class=\"wp-image-17474\" srcset=\"https:\/\/www.agriculture-machine.com\/wp-content\/uploads\/2026\/02\/complimentary-trolley.webp 720w, https:\/\/www.agriculture-machine.com\/wp-content\/uploads\/2026\/02\/complimentary-trolley-360x270.webp 360w, https:\/\/www.agriculture-machine.com\/wp-content\/uploads\/2026\/02\/complimentary-trolley-240x180.webp 240w, https:\/\/www.agriculture-machine.com\/wp-content\/uploads\/2026\/02\/complimentary-trolley-16x12.webp 16w\" sizes=\"auto, (max-width: 720px) 100vw, 720px\" \/><figcaption class=\"wp-element-caption\">silaj yuvarlak balya sar\u0131c\u0131 i\u00e7in \u00fccretsiz trolley<\/figcaption><\/figure> <\/figure>    <figure class=\"wp-block-embed aligncenter is-type-video is-provider-youtube wp-block-embed-youtube wp-embed-aspect-16-9 wp-has-aspect-ratio\"><div class=\"wp-block-embed__wrapper\"> <iframe loading=\"lazy\" title=\"Silage Baler Wrapper with Storage Hopper | Higher Efficiency &amp; Continuous Operation!#silagebaler\" width=\"500\" height=\"281\" src=\"https:\/\/www.youtube.com\/embed\/8sUb9oKwDqk?feature=oembed\" frameborder=\"0\" allow=\"accelerometer; autoplay; clipboard-write; encrypted-media; gyroscope; picture-in-picture; web-share\" referrerpolicy=\"strict-origin-when-cross-origin\" allowfullscreen><\/iframe> <\/div><figcaption class=\"wp-element-caption\">Silaj yuvarlak balya sar\u0131c\u0131 makinesinin \u00e7al\u0131\u015fma videosu ve silaj besleyici<\/figcaption><\/figure>    <p class=\"translation-block\">Daha fazla silaj yuvarlak balya sar\u0131c\u0131 modeli i\u00e7in l\u00fctfen t\u0131klay\u0131n: <a href=\"https:\/\/www.agriculture-machine.com\/tr\/full-automatic-silage-baling-machine\/\"><strong><em>Tam Otomatik Silaj Balya Makinesi Yem Balyalama Ekipman\u0131<\/em><\/strong><\/a>.<\/p>    <p>Ekipman videolar\u0131, teklif \u00f6nerileri veya \u00f6zelle\u015ftirme hizmetleri hakk\u0131nda daha fazla bilgi almak isterseniz, bizimle istedi\u011finiz zaman ileti\u015fime ge\u00e7ebilirsiniz. Ayr\u0131ca, fabrikam\u0131z\u0131 yerinde inceleme i\u00e7in ziyaret etmeye davet ediyoruz. Sizinle \u00e7al\u0131\u015fmay\u0131 d\u00f6rt g\u00f6zle bekliyoruz!<\/p>","protected":false},"excerpt":{"rendered":"<p>9YDB-60 silaj yuvarlak balya sar\u0131c\u0131, y\u00fcksek yo\u011funluklu s\u0131k\u0131\u015ft\u0131rma i\u00e7in bal\u0131k s\u0131rt\u0131 kay\u0131\u015f sistemi kullan\u0131r, saatte 50-75 balya \u00fcreterek verimli balyalama, sarmalama ve uzun vadeli silaj depolama sa\u011flar.<\/p>","protected":false},"author":1,"featured_media":17477,"parent":0,"comment_status":"open","ping_status":"closed","template":"","tags":[772,591,807],"product-type":[876,908],"class_list":["post-17458","product","type-product","status-publish","has-post-thumbnail","hentry","tag-forage","tag-silage","tag-silage-bale","product-type-silage-machine","product-type-sliage-baler"],"_links":{"self":[{"href":"https:\/\/www.agriculture-machine.com\/tr\/wp-json\/wp\/v2\/product\/17458","targetHints":{"allow":["GET"]}}],"collection":[{"href":"https:\/\/www.agriculture-machine.com\/tr\/wp-json\/wp\/v2\/product"}],"about":[{"href":"https:\/\/www.agriculture-machine.com\/tr\/wp-json\/wp\/v2\/types\/product"}],"author":[{"embeddable":true,"href":"https:\/\/www.agriculture-machine.com\/tr\/wp-json\/wp\/v2\/users\/1"}],"replies":[{"embeddable":true,"href":"https:\/\/www.agriculture-machine.com\/tr\/wp-json\/wp\/v2\/comments?post=17458"}],"wp:featuredmedia":[{"embeddable":true,"href":"https:\/\/www.agriculture-machine.com\/tr\/wp-json\/wp\/v2\/media\/17477"}],"wp:attachment":[{"href":"https:\/\/www.agriculture-machine.com\/tr\/wp-json\/wp\/v2\/media?parent=17458"}],"wp:term":[{"taxonomy":"post_tag","embeddable":true,"href":"https:\/\/www.agriculture-machine.com\/tr\/wp-json\/wp\/v2\/tags?post=17458"},{"taxonomy":"product-type","embeddable":true,"href":"https:\/\/www.agriculture-machine.com\/tr\/wp-json\/wp\/v2\/product-type?post=17458"}],"curies":[{"name":"wp","href":"https:\/\/api.w.org\/{rel}","templated":true}]}}