{"id":17495,"date":"2026-03-05T17:40:30","date_gmt":"2026-03-05T09:40:30","guid":{"rendered":"https:\/\/www.agriculture-machine.com\/?post_type=product&#038;p=17495"},"modified":"2026-04-13T15:59:27","modified_gmt":"2026-04-13T07:59:27","slug":"silage-packing-baler","status":"publish","type":"product","link":"https:\/\/www.agriculture-machine.com\/tr\/silage-packing-baler\/","title":{"rendered":"9YDB-60-2 Silaj Paketleme Balya Makinesi | \u00c7ift Film Sarma Balya Makinesi"},"content":{"rendered":"<p>9YDB-60-2 trakt\u00f6r montajl\u0131 \u00e7ift film kaplama silaj paketleme balya makinesi, y\u00fcksek verimli yeni geli\u015ftirilmi\u015f yuvarlak balya makinesi ve \u00e7ift katmanl\u0131 kaplama cihaz\u0131d\u0131r, \u00f6zellikle y\u00fcksek yo\u011funluklu silaj i\u00e7in tasarlanm\u0131\u015ft\u0131r.<\/p>    <p>\u03a6550\u00d7550 mm \u00f6l\u00e7\u00fclerinde, her biri 80-120 kg a\u011f\u0131rl\u0131\u011f\u0131nda balyalar \u00fcreterek saatte 60-85 balya \u00e7\u0131k\u0131\u015f\u0131 sa\u011flar. Bu, silaj fermantasyon kalitesini ve depolama stabilitesini \u00f6nemli \u00f6l\u00e7\u00fcde art\u0131r\u0131rken, malzeme s\u0131z\u0131nt\u0131s\u0131n\u0131 da en aza indirir. <\/p>    <p>Elektrikli motor tahriki ve zincir konvey\u00f6r sistemi ile makine, d\u00fc\u015f\u00fck bak\u0131m maliyetleriyle kolay ve stabil \u00e7al\u0131\u015f\u0131r, \u00e7iftlikler, silaj i\u015fleme merkezleri ve distrib\u00fct\u00f6rler i\u00e7in idealdir.<\/p>    <figure class=\"wp-block-embed aligncenter is-type-video is-provider-youtube wp-block-embed-youtube wp-embed-aspect-16-9 wp-has-aspect-ratio\"><div class=\"wp-block-embed__wrapper\"> <iframe loading=\"lazy\" title=\"Yeni Geli\u015ftirilmi\u015f Silaj Balyalama Sarmalama Makinesi | Daha H\u0131zl\u0131, Daha Ak\u0131ll\u0131, Daha Verimli \ud83c\udf3e\ud83d\ude9c#silaj #silajbalyalama\" width=\"500\" height=\"281\" src=\"https:\/\/www.youtube.com\/embed\/aGn-YblQw_g?feature=oembed\" frameborder=\"0\" allow=\"accelerometer; autoplay; clipboard-write; encrypted-media; gyroscope; picture-in-picture; web-share\" referrerpolicy=\"strict-origin-when-cross-origin\" allowfullscreen><\/iframe> <\/div><figcaption class=\"wp-element-caption\">Yeni model T60 silaj paketleme balyalama makinesi \u00e7al\u0131\u015fma videosu<\/figcaption><\/figure>    <h2 class=\"wp-block-heading\">Silaj paketleme balyalama makinesi uygulamalar\u0131<\/h2>    <p>Bu \u00e7ift film kaplama silaj paketleme balya makinesi, \u00e7e\u015fitli silaj yemlerini s\u0131k\u0131\u015ft\u0131rmak ve m\u00fch\u00fcrlemek i\u00e7in uygundur ve a\u015fa\u011f\u0131daki sekt\u00f6rlerde geni\u015f \u00e7apta kullan\u0131lmaktad\u0131r:<\/p>    <ul class=\"wp-block-list\"> <li>\u00c7iftlikler ve s\u00fct \u00e7iftlikleri: m\u0131s\u0131r saplar\u0131, otlak otu ve yonca gibi silaj yemleri balyalama ve sarmalama i\u00e7in.<\/li>    <li>Silaj i\u015fleme merkezleri: b\u00fcy\u00fck \u00f6l\u00e7ekli silaj \u00fcretimi ve tedariki i\u00e7in.<\/li>    <li>Tar\u0131m kooperatifleri: \u00fcr\u00fcn sap\u0131 kaynaklar\u0131n\u0131n merkezi i\u015flenmesi.<\/li>    <li>Yem i\u015fleme i\u015fletmeleri: silaj depolama kalitesini ve ticarile\u015ftirmeyi art\u0131rmak.<\/li> <\/ul>    <p>Sarmalama ve m\u00fch\u00fcrleme sonras\u0131, silaj anaerobik ko\u015fullarda fermente olur, besin kayb\u0131n\u0131 etkin \u015fekilde en aza indirir ve depolama s\u00fcresini uzat\u0131r.<\/p>    <h2 class=\"wp-block-heading\">Silaj balyalama sarmalama makinesi avantajlar\u0131<\/h2>    <ul class=\"wp-block-list\"> <li>\u00c7ift katmanl\u0131 sarmalama tasar\u0131m\u0131: yem fermantasyonunu uniform hale getirir ve depolama s\u00fcresini uzat\u0131r.<\/li>    <li>Zincir konvey\u00f6r   silindir yap\u0131s\u0131: malzeme d\u00f6k\u00fclmesini en aza indirir ve silaj kayb\u0131n\u0131 azalt\u0131r.<\/li>    <li>Tam elektrikli tahrik: sorunsuz \u00e7al\u0131\u015fma ve d\u00fc\u015f\u00fck bak\u0131m maliyetleri sa\u011flar.<\/li>    <li>Mod\u00fcler yap\u0131sal tasar\u0131m: rutin bak\u0131m ve ar\u0131za te\u015fhisi kolayla\u015ft\u0131r\u0131r.<\/li>    <li>Y\u00fcksek mukavemetli malzemeler ve g\u00fc\u00e7lendirilmi\u015f yataklar: hizmet \u00f6mr\u00fcn\u00fc uzat\u0131r.<\/li>    <li>LCD ve PLC kontrol: sezgisel kullan\u0131m ve hassas parametre ayarlar\u0131.<\/li>    <li>\u00d6zelle\u015ftirilmi\u015f hizmet deste\u011fi: m\u00fc\u015fteri gereksinimlerine uyarlanabilir boyutlar ve sarmalama y\u00f6ntemleri.<\/li>    <li>Trakt\u00f6r \u00e7eki\u015fli b\u00fcy\u00fck lastik tasar\u0131m\u0131: trakt\u00f6r \u00e7eki\u015fi ile \u00e7al\u0131\u015fmaya uygundur, otlaklarda veya silaj \u00e7ukurlar\u0131nda kullan\u0131labilir.<\/li> <\/ul>    <figure class=\"wp-block-gallery has-nested-images columns-default is-cropped wp-block-gallery-2 is-layout-flex wp-block-gallery-is-layout-flex\"> <figure class=\"wp-block-image size-large\"><img loading=\"lazy\" decoding=\"async\" width=\"720\" height=\"540\" data-id=\"17503\" src=\"https:\/\/www.agriculture-machine.com\/wp-content\/uploads\/2026\/03\/round-silage-baler-machine.webp\" alt=\"Silaj yuvarlak balyalama makinesi\" class=\"wp-image-17503\" srcset=\"https:\/\/www.agriculture-machine.com\/wp-content\/uploads\/2026\/03\/round-silage-baler-machine.webp 720w, https:\/\/www.agriculture-machine.com\/wp-content\/uploads\/2026\/03\/round-silage-baler-machine-360x270.webp 360w, https:\/\/www.agriculture-machine.com\/wp-content\/uploads\/2026\/03\/round-silage-baler-machine-240x180.webp 240w, https:\/\/www.agriculture-machine.com\/wp-content\/uploads\/2026\/03\/round-silage-baler-machine-16x12.webp 16w\" sizes=\"auto, (max-width: 720px) 100vw, 720px\" \/><figcaption class=\"wp-element-caption\">Silaj yuvarlak balyalama makinesi<\/figcaption><\/figure>    <figure class=\"wp-block-image size-large\"><img loading=\"lazy\" decoding=\"async\" width=\"720\" height=\"540\" data-id=\"17502\" src=\"https:\/\/www.agriculture-machine.com\/wp-content\/uploads\/2026\/03\/round-bale-silage-wrapper.webp\" alt=\"Yuvarlak balya silaj sarmalama makinesi\" class=\"wp-image-17502\" srcset=\"https:\/\/www.agriculture-machine.com\/wp-content\/uploads\/2026\/03\/round-bale-silage-wrapper.webp 720w, https:\/\/www.agriculture-machine.com\/wp-content\/uploads\/2026\/03\/round-bale-silage-wrapper-360x270.webp 360w, https:\/\/www.agriculture-machine.com\/wp-content\/uploads\/2026\/03\/round-bale-silage-wrapper-240x180.webp 240w, https:\/\/www.agriculture-machine.com\/wp-content\/uploads\/2026\/03\/round-bale-silage-wrapper-16x12.webp 16w\" sizes=\"auto, (max-width: 720px) 100vw, 720px\" \/><figcaption class=\"wp-element-caption\">Yuvarlak balya silaj sarmalama makinesi<\/figcaption><\/figure> <\/figure>    <h2 class=\"wp-block-heading\">Silaj otu balyalama sarmalama makinesi yap\u0131s\u0131<\/h2>    <ul class=\"wp-block-list\"> <li>Besleme ve s\u0131k\u0131\u015ft\u0131rma sistemi: konvey\u00f6r band\u0131 arac\u0131l\u0131\u011f\u0131yla besinleri balyalama odas\u0131na iletir ve s\u0131k\u0131\u015ft\u0131r\u0131r.<\/li>    <li>Balyalama ve \u015fekillendirme sistemi: besini standart yuvarlak balyalara s\u0131k\u0131\u015ft\u0131r\u0131r ve ilk sarmalamay\u0131 yapar.<\/li>    <li>\u00c7ift katmanl\u0131 sarmalama sistemi: iki kat plastik film sarmalayarak yemlerin m\u00fch\u00fcrl\u00fc fermantasyonunu sa\u011flar.<\/li>    <li>Zincir konvey\u00f6r sistemi: malzeme ta\u015f\u0131may\u0131 sorunsuz hale getirir, d\u00f6k\u00fclme ve t\u0131kan\u0131kl\u0131\u011f\u0131 en aza indirir.<\/li>    <li>Motor tahriki ve kontrol sistemi: PLC kontroll\u00fc \u00e7al\u0131\u015fma, balyalama, sarmalama ve bo\u015faltma i\u015flemleri i\u00e7in.<\/li> <\/ul>    <p>Mod\u00fcler ve \u015feffaf tasar\u0131m, bak\u0131m\u0131n\u0131 kolayla\u015ft\u0131r\u0131r ve uzun vadeli operasyonel g\u00fcvenilirli\u011fi garanti eder.<\/p>    <figure class=\"wp-block-gallery has-nested-images columns-default is-cropped wp-block-gallery-3 is-layout-flex wp-block-gallery-is-layout-flex\"> <figure class=\"wp-block-image size-large\"><img loading=\"lazy\" decoding=\"async\" width=\"720\" height=\"540\" data-id=\"17500\" src=\"https:\/\/www.agriculture-machine.com\/wp-content\/uploads\/2026\/03\/forage-baler-wrapper-machine.webp\" alt=\"fut\u00f6r balya sarma makinesi\" class=\"wp-image-17500\" srcset=\"https:\/\/www.agriculture-machine.com\/wp-content\/uploads\/2026\/03\/forage-baler-wrapper-machine.webp 720w, https:\/\/www.agriculture-machine.com\/wp-content\/uploads\/2026\/03\/forage-baler-wrapper-machine-360x270.webp 360w, https:\/\/www.agriculture-machine.com\/wp-content\/uploads\/2026\/03\/forage-baler-wrapper-machine-240x180.webp 240w, https:\/\/www.agriculture-machine.com\/wp-content\/uploads\/2026\/03\/forage-baler-wrapper-machine-16x12.webp 16w\" sizes=\"auto, (max-width: 720px) 100vw, 720px\" \/><figcaption class=\"wp-element-caption\">fut\u00f6r balya sarma makinesi<\/figcaption><\/figure>    <figure class=\"wp-block-image size-large\"><img loading=\"lazy\" decoding=\"async\" width=\"720\" height=\"540\" data-id=\"17501\" src=\"https:\/\/www.agriculture-machine.com\/wp-content\/uploads\/2026\/03\/silage-packing-baler-wrapper.webp\" alt=\"silaj paketleme balyalama makinesi sarmalama\" class=\"wp-image-17501\" srcset=\"https:\/\/www.agriculture-machine.com\/wp-content\/uploads\/2026\/03\/silage-packing-baler-wrapper.webp 720w, https:\/\/www.agriculture-machine.com\/wp-content\/uploads\/2026\/03\/silage-packing-baler-wrapper-360x270.webp 360w, https:\/\/www.agriculture-machine.com\/wp-content\/uploads\/2026\/03\/silage-packing-baler-wrapper-240x180.webp 240w, https:\/\/www.agriculture-machine.com\/wp-content\/uploads\/2026\/03\/silage-packing-baler-wrapper-16x12.webp 16w\" sizes=\"auto, (max-width: 720px) 100vw, 720px\" \/><figcaption class=\"wp-element-caption\">silaj paketleme balyalama makinesi sarmalama<\/figcaption><\/figure> <\/figure>    <h2 class=\"wp-block-heading\">Silaj yuvarlak balya \u00e7al\u0131\u015fma prensibi<\/h2>    <ol class=\"wp-block-list\"> <li>Silaj, konvey\u00f6r band\u0131 arac\u0131l\u0131\u011f\u0131yla balyalama odas\u0131na girer.<\/li>    <li>Malzeme, standart yuvarlak balyalar halinde s\u0131k\u0131\u015ft\u0131r\u0131l\u0131r ve \u00f6n ba\u011flama ipi veya plastik a\u011f ile \u00f6n ba\u011flama yap\u0131l\u0131r.<\/li>    <li>Ba\u011flama tamamland\u0131ktan sonra, oda kap\u0131s\u0131 otomatik olarak a\u00e7\u0131l\u0131r ve yuvarlak balya sarmalama b\u00f6lgesine girer.<\/li>    <li>\u0130ki kat plastik film otomatik olarak balyan\u0131n etraf\u0131n\u0131 sarar, kal\u0131nl\u0131k ve gerilim PLC kontrol paneli ile ayarlanabilir.<\/li>    <li>Sarmalama tamamland\u0131ktan sonra, balya otomatik olarak bo\u015falt\u0131l\u0131r.<\/li>    <li>T\u00fcm s\u00fcre\u00e7 s\u00fcrekli \u00e7al\u0131\u015f\u0131r, manuel m\u00fcdahale en aza indirilir ve \u00fcretim verimlili\u011fi art\u0131r\u0131l\u0131r.<\/li> <\/ol>    <figure class=\"wp-block-gallery has-nested-images columns-default is-cropped wp-block-gallery-4 is-layout-flex wp-block-gallery-is-layout-flex\"> <figure class=\"wp-block-image size-large\"><img loading=\"lazy\" decoding=\"async\" width=\"720\" height=\"540\" data-id=\"17505\" src=\"https:\/\/www.agriculture-machine.com\/wp-content\/uploads\/2026\/03\/silage-wrapping-hay-baler.webp\" alt=\"silaj sarmalama ot balyalama makinesi\" class=\"wp-image-17505\" srcset=\"https:\/\/www.agriculture-machine.com\/wp-content\/uploads\/2026\/03\/silage-wrapping-hay-baler.webp 720w, https:\/\/www.agriculture-machine.com\/wp-content\/uploads\/2026\/03\/silage-wrapping-hay-baler-360x270.webp 360w, https:\/\/www.agriculture-machine.com\/wp-content\/uploads\/2026\/03\/silage-wrapping-hay-baler-240x180.webp 240w, https:\/\/www.agriculture-machine.com\/wp-content\/uploads\/2026\/03\/silage-wrapping-hay-baler-16x12.webp 16w\" sizes=\"auto, (max-width: 720px) 100vw, 720px\" \/><figcaption class=\"wp-element-caption\">silaj sarmalama ot balyalama makinesi<\/figcaption><\/figure>    <figure class=\"wp-block-image size-large\"><img loading=\"lazy\" decoding=\"async\" width=\"720\" height=\"540\" data-id=\"17504\" src=\"https:\/\/www.agriculture-machine.com\/wp-content\/uploads\/2026\/03\/automatic-silage-baler-wrapper.webp\" alt=\"Otomatik silaj balyalama ve paketleme\" class=\"wp-image-17504\" srcset=\"https:\/\/www.agriculture-machine.com\/wp-content\/uploads\/2026\/03\/automatic-silage-baler-wrapper.webp 720w, https:\/\/www.agriculture-machine.com\/wp-content\/uploads\/2026\/03\/automatic-silage-baler-wrapper-360x270.webp 360w, https:\/\/www.agriculture-machine.com\/wp-content\/uploads\/2026\/03\/automatic-silage-baler-wrapper-240x180.webp 240w, https:\/\/www.agriculture-machine.com\/wp-content\/uploads\/2026\/03\/automatic-silage-baler-wrapper-16x12.webp 16w\" sizes=\"auto, (max-width: 720px) 100vw, 720px\" \/><figcaption class=\"wp-element-caption\">Otomatik silaj balyalama ve paketleme<\/figcaption><\/figure> <\/figure>    <h2 class=\"wp-block-heading\">T60 silaj paketleme balyalama makinesi \u00f6zellikleri<\/h2>    <figure class=\"wp-block-table is-style-stripes\"><table class=\"has-fixed-layout\"><tbody><tr><td><strong>Model<\/strong><\/td><td><strong>9YDB-60-2<\/strong><\/td><\/tr><tr><td>Bale Boyutu<\/td><td>\u03a6550\u00d7550 mm<\/td><\/tr><tr><td>Balya A\u011f\u0131rl\u0131\u011f\u0131<\/td><td>80-120 kg<\/td><\/tr><tr><td>Rated G\u00fc\u00e7<\/td><td>7.5kW-6<\/td><\/tr><tr><td>Kompres\u00f6r Motoru<\/td><td>3 kW<\/td><\/tr><tr><td>Film Rulo Say\u0131s\u0131<\/td><td>14 adet<\/td><\/tr><tr><td>Konvey\u00f6r Bant\u0131 (Uzunluk\u00d7Geni\u015flik)<\/td><td>2500\u00d763 mm<\/td><\/tr><tr><td>Duvar Kal\u0131nl\u0131\u011f\u0131<\/td><td>8 mm<\/td><\/tr><tr><td>Film D\u00f6n\u00fc\u015f Yar\u0131\u00e7ap\u0131<\/td><td>775 \u00b15 mm<\/td><\/tr><tr><td>\u00c7\u0131k\u0131\u015f<\/td><td>60-85 balya\/saat<\/td><\/tr><tr><td>Toplam A\u011f\u0131rl\u0131k<\/td><td>1700 kg<\/td><\/tr><tr><td>Film Geni\u015fli\u011fi<\/td><td>600 mm<\/td><\/tr><tr><td>Silaj Filmi<\/td><td>1800m\u00d7250mm\u00d725\u03bcm<\/td><\/tr><tr><td>Tekerlek Say\u0131s\u0131<\/td><td>2<\/td><\/tr><\/tbody><\/table><figcaption class=\"wp-element-caption\">Yeni tip silaj paketleme balyalama sarmalama makinesi teknik parametreleri<\/figcaption><\/figure>    <p>T60 trakt\u00f6r montajl\u0131 silaj balyalama makinesi, y\u00fcksek \u00e7\u0131k\u0131\u015f, \u00e7ift katmanl\u0131 sarmalama ve tamamen elektrikli tahrik \u00f6zellikleriyle \u00e7iftlikler ve silaj i\u015fleme merkezleri i\u00e7in idealdir.<\/p>    <p class=\"translation-block\">Ayr\u0131ca, \u00e7e\u015fitli m\u00fc\u015fteri \u00fcretim gereksinimlerini kar\u015f\u0131lamak i\u00e7in <strong><em><a href=\"https:\/\/www.agriculture-machine.com\/tr\/baling-and-wrapping-machine\/\">TZ-55-52 silaj yuvarlak balyalama makinesi<\/a><\/em><\/strong> ve <strong><em><a href=\"https:\/\/www.agriculture-machine.com\/tr\/silage-round-baler-wrapper\/\">9YDB-60 silaj balyalama sarmalama makinesi<\/a><\/em><\/strong> gibi di\u011fer balyalama-sarmalama modellerini de sunuyoruz. Sat\u0131n alma hakk\u0131nda herhangi bir zamanda bilgi almak i\u00e7in l\u00fctfen bizimle ileti\u015fime ge\u00e7in.<\/p>","protected":false},"excerpt":{"rendered":"<p>9YDB-60-2 \u00e7ift film kaplama silaj paketleme balya makinesi, \u03a655\u00d755 cm yuvarlak balyalar \u00fcretir ve saatte 60-85 balya kapasitesine sahiptir. \u00c7ift film kaplama, stabil yem fermantasyonunu sa\u011flar.<\/p>","protected":false},"author":1,"featured_media":17506,"parent":0,"comment_status":"open","ping_status":"closed","template":"","tags":[772,591,807],"product-type":[876,908],"class_list":["post-17495","product","type-product","status-publish","has-post-thumbnail","hentry","tag-forage","tag-silage","tag-silage-bale","product-type-silage-machine","product-type-sliage-baler"],"_links":{"self":[{"href":"https:\/\/www.agriculture-machine.com\/tr\/wp-json\/wp\/v2\/product\/17495","targetHints":{"allow":["GET"]}}],"collection":[{"href":"https:\/\/www.agriculture-machine.com\/tr\/wp-json\/wp\/v2\/product"}],"about":[{"href":"https:\/\/www.agriculture-machine.com\/tr\/wp-json\/wp\/v2\/types\/product"}],"author":[{"embeddable":true,"href":"https:\/\/www.agriculture-machine.com\/tr\/wp-json\/wp\/v2\/users\/1"}],"replies":[{"embeddable":true,"href":"https:\/\/www.agriculture-machine.com\/tr\/wp-json\/wp\/v2\/comments?post=17495"}],"wp:featuredmedia":[{"embeddable":true,"href":"https:\/\/www.agriculture-machine.com\/tr\/wp-json\/wp\/v2\/media\/17506"}],"wp:attachment":[{"href":"https:\/\/www.agriculture-machine.com\/tr\/wp-json\/wp\/v2\/media?parent=17495"}],"wp:term":[{"taxonomy":"post_tag","embeddable":true,"href":"https:\/\/www.agriculture-machine.com\/tr\/wp-json\/wp\/v2\/tags?post=17495"},{"taxonomy":"product-type","embeddable":true,"href":"https:\/\/www.agriculture-machine.com\/tr\/wp-json\/wp\/v2\/product-type?post=17495"}],"curies":[{"name":"wp","href":"https:\/\/api.w.org\/{rel}","templated":true}]}}