{"id":17514,"date":"2026-03-10T14:56:50","date_gmt":"2026-03-10T06:56:50","guid":{"rendered":"https:\/\/www.agriculture-machine.com\/?post_type=product&#038;p=17514"},"modified":"2026-03-10T14:58:45","modified_gmt":"2026-03-10T06:58:45","slug":"silage-baler-and-wrapper-machine","status":"publish","type":"product","link":"https:\/\/www.agriculture-machine.com\/tr\/silage-baler-and-wrapper-machine\/","title":{"rendered":"9YDB-70 Silaj Balya ve Sarma Makinesi"},"content":{"rendered":"<p>9YDB-70 modeli silaj balyalama ve sarmalama makinesi, bu\u011fday sap\u0131, m\u0131s\u0131r sap\u0131 ve do\u011fal yem otu gibi \u00e7e\u015fitli malzemeleri i\u015fleyebilir, \u00f6zellikle yem depolama ve hayvanc\u0131l\u0131k i\u00e7in tasarlanm\u0131\u015ft\u0131r. \u03a670\u00d770cm \u00f6l\u00e7\u00fclerinde balyalar \u00fcretir, her biri 150-200kg a\u011f\u0131rl\u0131\u011f\u0131ndad\u0131r. Saatte 55-75 balya ile y\u00fcksek verimlilik sa\u011flar, \u00e7iftlik \u00fcretkenli\u011fini \u00f6nemli \u00f6l\u00e7\u00fcde art\u0131r\u0131r.<\/p>    <p>fermente saman balyalar\u0131 hayvan beslemesi i\u00e7in daha uygundur, zengin besin de\u011feri ve uzun s\u00fcreli depolama kolayl\u0131\u011f\u0131 sa\u011flar. Bu makine, Endonezya, Filipinler, Portekiz, Hollanda, Nijerya ve Zimbabve dahil olmak \u00fczere Asya, Afrika ve Avrupa \u00fclkelerine ihra\u00e7 edilmi\u015ftir ve geni\u015f \u00e7apta be\u011feni toplam\u0131\u015ft\u0131r.<\/p>    <figure class=\"wp-block-embed aligncenter is-type-video is-provider-youtube wp-block-embed-youtube wp-embed-aspect-16-9 wp-has-aspect-ratio\"><div class=\"wp-block-embed__wrapper\"> <iframe loading=\"lazy\" title=\"Heavy-Duty Silage Baling &amp; Wrapping Machine | Large-Size Packaging Solution#silage #silagebaler\" width=\"500\" height=\"281\" src=\"https:\/\/www.youtube.com\/embed\/49EW7mGd7Gs?feature=oembed\" frameborder=\"0\" allow=\"accelerometer; autoplay; clipboard-write; encrypted-media; gyroscope; picture-in-picture; web-share\" referrerpolicy=\"strict-origin-when-cross-origin\" allowfullscreen><\/iframe> <\/div><figcaption class=\"wp-element-caption\">Model 9YDB-70 silaj balyalama ve sarmalama makinesinin \u00e7al\u0131\u015fma videosu<\/figcaption><\/figure>    <h2 class=\"wp-block-heading\">Silaj balyalama makinelerinin uygulama senaryolar\u0131<\/h2>    <p>Silaj balyalama ve sarmalama makinesi, hayvanc\u0131l\u0131k ve \u00fcr\u00fcn sap\u0131 i\u015fleme alan\u0131nda yayg\u0131n olarak kullan\u0131l\u0131r, \u015funlar\u0131 i\u00e7erir:<\/p>    <ul class=\"wp-block-list\"> <li>\u0130nek, koyun, at ve di\u011fer \u00e7iftlik hayvanlar\u0131 i\u00e7in silaj yemi haz\u0131rlama.<\/li>    <li>M\u0131s\u0131r ve bu\u011fday saplar\u0131n\u0131n balyalama ve depolanmas\u0131.<\/li>    <li>Hasattan sonra do\u011fal \u00e7ay\u0131r otunun verimli i\u015flenmesi.<\/li>    <li>\u00c7iftliklerde b\u00fcy\u00fck \u00f6l\u00e7ekli saman depolama ve ta\u015f\u0131ma.<\/li> <\/ul>    <p>Bu makine, orta ve b\u00fcy\u00fck \u00f6l\u00e7ekli \u00e7iftlik i\u015fletmeleri i\u00e7in uygun oldu\u011fu kadar, at\u0131k balyalama ve at\u0131k y\u00f6netimi \u00e7\u00f6z\u00fcm\u00fc olarak da kullan\u0131labilir.<\/p>    <figure class=\"wp-block-gallery has-nested-images columns-default is-cropped wp-block-gallery-2 is-layout-flex wp-block-gallery-is-layout-flex\"> <figure class=\"wp-block-image size-large\"><img loading=\"lazy\" decoding=\"async\" width=\"720\" height=\"540\" data-id=\"17519\" src=\"https:\/\/www.agriculture-machine.com\/wp-content\/uploads\/2026\/03\/hay-baler-and-wrapper.webp\" alt=\"yem balyalama ve sarmalama\" class=\"wp-image-17519\" srcset=\"https:\/\/www.agriculture-machine.com\/wp-content\/uploads\/2026\/03\/hay-baler-and-wrapper.webp 720w, https:\/\/www.agriculture-machine.com\/wp-content\/uploads\/2026\/03\/hay-baler-and-wrapper-360x270.webp 360w, https:\/\/www.agriculture-machine.com\/wp-content\/uploads\/2026\/03\/hay-baler-and-wrapper-240x180.webp 240w, https:\/\/www.agriculture-machine.com\/wp-content\/uploads\/2026\/03\/hay-baler-and-wrapper-16x12.webp 16w\" sizes=\"auto, (max-width: 720px) 100vw, 720px\" \/><figcaption class=\"wp-element-caption\">yem balyalama ve sarmalama<\/figcaption><\/figure>    <figure class=\"wp-block-image size-large\"><img loading=\"lazy\" decoding=\"async\" width=\"720\" height=\"540\" data-id=\"17518\" src=\"https:\/\/www.agriculture-machine.com\/wp-content\/uploads\/2026\/03\/forage-feed-bales.webp\" alt=\"yem balyalar\u0131\" class=\"wp-image-17518\" srcset=\"https:\/\/www.agriculture-machine.com\/wp-content\/uploads\/2026\/03\/forage-feed-bales.webp 720w, https:\/\/www.agriculture-machine.com\/wp-content\/uploads\/2026\/03\/forage-feed-bales-360x270.webp 360w, https:\/\/www.agriculture-machine.com\/wp-content\/uploads\/2026\/03\/forage-feed-bales-240x180.webp 240w, https:\/\/www.agriculture-machine.com\/wp-content\/uploads\/2026\/03\/forage-feed-bales-16x12.webp 16w\" sizes=\"auto, (max-width: 720px) 100vw, 720px\" \/><figcaption class=\"wp-element-caption\">yem balyalar\u0131<\/figcaption><\/figure> <\/figure>    <h2 class=\"wp-block-heading\">Silaj balyalama ve sarmalama makinesi avantajlar\u0131<\/h2>    <ul class=\"wp-block-list\"> <li>Y\u00fcksek verimlilikli \u00e7al\u0131\u015fma: saatte 55-75 balya, operasyon verimlili\u011fini \u00f6nemli \u00f6l\u00e7\u00fcde art\u0131r\u0131r.<\/li>    <li>Standartla\u015ft\u0131r\u0131lm\u0131\u015f balyalar: kolay depolama ve ta\u015f\u0131ma i\u00e7in stabil a\u011f\u0131rl\u0131k ve \u03a670\u00d770cm tutarl\u0131 boyutlar.<\/li>    <li>Fermentasyon optimizasyonu: balyalamadan sonra do\u011frudan silaj i\u015flemi i\u00e7in haz\u0131r, yem besin de\u011ferini art\u0131r\u0131r.<\/li>    <li>\u0130ste\u011fe ba\u011fl\u0131 konfig\u00fcrasyonlar: yem kar\u0131\u015ft\u0131r\u0131c\u0131lar, kald\u0131r\u0131c\u0131lar ve di\u011fer ekipmanlarla uyumlu, tam otomatik operasyonlar sa\u011flar.<\/li>    <li>\u00c7ok y\u00f6nl\u00fc uygulama: saman, yem otu ve m\u0131s\u0131r sap\u0131 gibi \u00e7e\u015fitli malzemeleri destekler.<\/li>    <li>Alan tasarrufu sa\u011flayan tasar\u0131m: standart balyalar, verimli istifleme ve depo y\u00f6netimi sa\u011flar.<\/li> <\/ul>    <figure class=\"wp-block-gallery has-nested-images columns-default is-cropped wp-block-gallery-3 is-layout-flex wp-block-gallery-is-layout-flex\"> <figure class=\"wp-block-image size-large\"><img loading=\"lazy\" decoding=\"async\" width=\"720\" height=\"540\" data-id=\"17521\" src=\"https:\/\/www.agriculture-machine.com\/wp-content\/uploads\/2026\/03\/silage-baler-and-wrapper-machine.webp\" alt=\"silaj balyalama ve sarma makinesi\" class=\"wp-image-17521\" srcset=\"https:\/\/www.agriculture-machine.com\/wp-content\/uploads\/2026\/03\/silage-baler-and-wrapper-machine.webp 720w, https:\/\/www.agriculture-machine.com\/wp-content\/uploads\/2026\/03\/silage-baler-and-wrapper-machine-360x270.webp 360w, https:\/\/www.agriculture-machine.com\/wp-content\/uploads\/2026\/03\/silage-baler-and-wrapper-machine-240x180.webp 240w, https:\/\/www.agriculture-machine.com\/wp-content\/uploads\/2026\/03\/silage-baler-and-wrapper-machine-16x12.webp 16w\" sizes=\"auto, (max-width: 720px) 100vw, 720px\" \/><figcaption class=\"wp-element-caption\">silaj balyalama ve sarma makinesi<\/figcaption><\/figure>    <figure class=\"wp-block-image size-large\"><img loading=\"lazy\" decoding=\"async\" width=\"720\" height=\"540\" data-id=\"17520\" src=\"https:\/\/www.agriculture-machine.com\/wp-content\/uploads\/2026\/03\/forage-baling-wrapping-machine.webp\" alt=\"saman balyas\u0131 sarma makinesi\" class=\"wp-image-17520\" srcset=\"https:\/\/www.agriculture-machine.com\/wp-content\/uploads\/2026\/03\/forage-baling-wrapping-machine.webp 720w, https:\/\/www.agriculture-machine.com\/wp-content\/uploads\/2026\/03\/forage-baling-wrapping-machine-360x270.webp 360w, https:\/\/www.agriculture-machine.com\/wp-content\/uploads\/2026\/03\/forage-baling-wrapping-machine-240x180.webp 240w, https:\/\/www.agriculture-machine.com\/wp-content\/uploads\/2026\/03\/forage-baling-wrapping-machine-16x12.webp 16w\" sizes=\"auto, (max-width: 720px) 100vw, 720px\" \/><figcaption class=\"wp-element-caption\">saman balyas\u0131 sarma makinesi<\/figcaption><\/figure> <\/figure>    <h2 class=\"wp-block-heading\">Silaj yuvarlak balya nas\u0131l \u00e7al\u0131\u015f\u0131r?<\/h2>    <p>9YDB-70 silaj balyalama ve sarmalama makinesi, a\u015fa\u011f\u0131daki temel bile\u015fenlerden olu\u015fur:<\/p>    <ul class=\"wp-block-list\"> <li>Balyalama \u00fcnitesi: ham maddeleri stabil saman balyalar\u0131na s\u0131k\u0131\u015ft\u0131rmaktan sorumludur.<\/li>    <li>Sarmalama mekanizmas\u0131: otomatik film kesme teknolojisi kullanarak alt\u0131 katmanl\u0131 plastik film sarmay\u0131 tamamlar.<\/li>    <li>Yem konvey\u00f6r sistemi: standart yap\u0131land\u0131rma, s\u00fcrekli malzeme tedariki sa\u011flayan 700\u00d72100mm konvey\u00f6r band\u0131n\u0131 i\u00e7erir.<\/li>    <li>Elektrik kontrol sistemi: \u00e7oklu g\u00fc\u00e7 motorlar\u0131 ve kontrol kutusu ile hassas \u00e7al\u0131\u015fma sa\u011flar.<\/li> <\/ul>    <p>\u00c7al\u0131\u015fma prensibi: ham maddeler, bant arac\u0131l\u0131\u011f\u0131yla balyalama makinesine iletilir, makaralar taraf\u0131ndan standart saman balyalar\u0131na s\u0131k\u0131\u015ft\u0131r\u0131l\u0131r ve ard\u0131ndan sarmalama mekanizmas\u0131yla otomatik olarak plastik filmle sar\u0131l\u0131r. Bu verimli, s\u00fcrekli s\u00fcre\u00e7, b\u00fcy\u00fck \u00f6l\u00e7ekli yem \u00fcretim operasyonlar\u0131 i\u00e7in idealdir.<\/p>    <figure class=\"wp-block-embed aligncenter is-type-video is-provider-youtube wp-block-embed-youtube wp-embed-aspect-16-9 wp-has-aspect-ratio\"><div class=\"wp-block-embed__wrapper\"> <iframe loading=\"lazy\" title=\"Silaj Besleme Balyalama Sarma Makinesi Endonezya Geri Bildirimi!#silaj\" width=\"500\" height=\"281\" src=\"https:\/\/www.youtube.com\/embed\/RYShT_NtZWw?feature=oembed\" frameborder=\"0\" allow=\"accelerometer; autoplay; clipboard-write; encrypted-media; gyroscope; picture-in-picture; web-share\" referrerpolicy=\"strict-origin-when-cross-origin\" allowfullscreen><\/iframe> <\/div><figcaption class=\"wp-element-caption\">Yem balyalama ve sarmalama makinesi m\u00fc\u015fteri geri bildirim videosu<\/figcaption><\/figure>    <h2 class=\"wp-block-heading\">Yem balyalama sarmalama makinesi \u00f6zellikleri<\/h2>    <figure class=\"wp-block-table is-style-stripes\"><table class=\"has-fixed-layout\"><tbody><tr><td><strong>\u00dcr\u00fcn<\/strong><\/td><td><strong>Detaylar<\/strong><\/td><\/tr><tr><td>Model<\/td><td>9YJD-70<\/td><\/tr><tr><td>G\u00fc\u00e7<\/td><td>11kw 0.55kw 0.75kw 3kw 0.37kw<\/td><\/tr><tr><td>Saman boyutu<\/td><td>\u03a670*70cm<\/td><\/tr><tr><td>Balyan\u0131n a\u011f\u0131rl\u0131\u011f\u0131<\/td><td>150-200kg\/bale<\/td><\/tr><tr><td>Kapasite<\/td><td>55-75 balya\/saat<\/td><\/tr><tr><td>Hava kompres\u00f6r\u00fc hacmi<\/td><td>0.36m\u00b3<\/td><\/tr><tr><td>Besleme konvey\u00f6r\u00fc (G*U)<\/td><td>700*2100mm<\/td><\/tr><tr><td>Filme kesme<\/td><td>Otomatik<\/td><\/tr><tr><td>Sar\u0131lma verimlili\u011fi<\/td><td>6 katman, 22s ba\u015f\u0131na balya<\/td><\/tr><tr><td>Makine boyutu<\/td><td>4500\u00d71900\u00d72000mm<\/td><\/tr><tr><td>Makine a\u011f\u0131rl\u0131\u011f\u0131<\/td><td>1100kg<\/td><\/tr><\/tbody><\/table><figcaption class=\"wp-element-caption\">9YDB-70 silaj balyalama ve sarmalama makinesi teknik parametreleri<\/figcaption><\/figure>    <figure class=\"wp-block-gallery has-nested-images columns-default is-cropped wp-block-gallery-4 is-layout-flex wp-block-gallery-is-layout-flex\"> <figure class=\"wp-block-image size-large\"><img loading=\"lazy\" decoding=\"async\" width=\"720\" height=\"540\" data-id=\"17522\" src=\"https:\/\/www.agriculture-machine.com\/wp-content\/uploads\/2026\/03\/forage-baler-wrapper.webp\" alt=\"yem balyalama sarmalama makinesi\" class=\"wp-image-17522\" srcset=\"https:\/\/www.agriculture-machine.com\/wp-content\/uploads\/2026\/03\/forage-baler-wrapper.webp 720w, https:\/\/www.agriculture-machine.com\/wp-content\/uploads\/2026\/03\/forage-baler-wrapper-360x270.webp 360w, https:\/\/www.agriculture-machine.com\/wp-content\/uploads\/2026\/03\/forage-baler-wrapper-240x180.webp 240w, https:\/\/www.agriculture-machine.com\/wp-content\/uploads\/2026\/03\/forage-baler-wrapper-16x12.webp 16w\" sizes=\"auto, (max-width: 720px) 100vw, 720px\" \/><figcaption class=\"wp-element-caption\">yem balyalama sarmalama makinesi<\/figcaption><\/figure>    <figure class=\"wp-block-image size-large\"><img loading=\"lazy\" decoding=\"async\" width=\"720\" height=\"540\" data-id=\"17523\" src=\"https:\/\/www.agriculture-machine.com\/wp-content\/uploads\/2026\/03\/silage-bales.webp\" alt=\"silaj balyalar\u0131\" class=\"wp-image-17523\" srcset=\"https:\/\/www.agriculture-machine.com\/wp-content\/uploads\/2026\/03\/silage-bales.webp 720w, https:\/\/www.agriculture-machine.com\/wp-content\/uploads\/2026\/03\/silage-bales-360x270.webp 360w, https:\/\/www.agriculture-machine.com\/wp-content\/uploads\/2026\/03\/silage-bales-240x180.webp 240w, https:\/\/www.agriculture-machine.com\/wp-content\/uploads\/2026\/03\/silage-bales-16x12.webp 16w\" sizes=\"auto, (max-width: 720px) 100vw, 720px\" \/><figcaption class=\"wp-element-caption\">silaj balyalar\u0131<\/figcaption><\/figure> <\/figure>    <h3 class=\"wp-block-heading\">T\u00fcketim malzemeleri \u00f6zellikleri (plastik a\u011f ve film)<\/h3>    <figure class=\"wp-block-table is-style-stripes\"><table class=\"has-fixed-layout\"><tbody><tr><td><strong>\u00dcr\u00fcn<\/strong><\/td><td><strong>Plastik A\u011f<\/strong><\/td><td><strong>Film<\/strong><\/td><\/tr><tr><td>Malzeme<\/td><td>PE<\/td><td>PE<\/td><\/tr><tr><td>Geni\u015flik<\/td><td>70cm<\/td><td>33cm<\/td><\/tr><tr><td>Kal\u0131nl\u0131k<\/td><td>25um<\/td><td>25um<\/td><\/tr><tr><td>A\u011f\u0131rl\u0131k<\/td><td>10kg<\/td><td>11.4kg<\/td><\/tr><tr><td>Toplam Uzunluk<\/td><td>1500m<\/td><td>1800m<\/td><\/tr><\/tbody><\/table><figcaption class=\"wp-element-caption\">Silaj balyalama plastik a\u011f\u0131 ve film detaylar\u0131<\/figcaption><\/figure>    <figure class=\"wp-block-gallery has-nested-images columns-default is-cropped wp-block-gallery-5 is-layout-flex wp-block-gallery-is-layout-flex\"> <figure class=\"wp-block-image size-large\"><img loading=\"lazy\" decoding=\"async\" width=\"720\" height=\"540\" data-id=\"17524\" src=\"https:\/\/www.agriculture-machine.com\/wp-content\/uploads\/2026\/03\/silage-bale-packing-machine.webp\" alt=\"silaj balyas\u0131 paketleme makinesi\" class=\"wp-image-17524\" srcset=\"https:\/\/www.agriculture-machine.com\/wp-content\/uploads\/2026\/03\/silage-bale-packing-machine.webp 720w, https:\/\/www.agriculture-machine.com\/wp-content\/uploads\/2026\/03\/silage-bale-packing-machine-360x270.webp 360w, https:\/\/www.agriculture-machine.com\/wp-content\/uploads\/2026\/03\/silage-bale-packing-machine-240x180.webp 240w, https:\/\/www.agriculture-machine.com\/wp-content\/uploads\/2026\/03\/silage-bale-packing-machine-16x12.webp 16w\" sizes=\"auto, (max-width: 720px) 100vw, 720px\" \/><figcaption class=\"wp-element-caption\">silaj balyas\u0131 paketleme makinesi<\/figcaption><\/figure>    <figure class=\"wp-block-image size-large\"><img loading=\"lazy\" decoding=\"async\" width=\"720\" height=\"540\" data-id=\"17525\" src=\"https:\/\/www.agriculture-machine.com\/wp-content\/uploads\/2026\/03\/silage-baling-equipment.webp\" alt=\"silaj balyalama ekipman\u0131\" class=\"wp-image-17525\" srcset=\"https:\/\/www.agriculture-machine.com\/wp-content\/uploads\/2026\/03\/silage-baling-equipment.webp 720w, https:\/\/www.agriculture-machine.com\/wp-content\/uploads\/2026\/03\/silage-baling-equipment-360x270.webp 360w, https:\/\/www.agriculture-machine.com\/wp-content\/uploads\/2026\/03\/silage-baling-equipment-240x180.webp 240w, https:\/\/www.agriculture-machine.com\/wp-content\/uploads\/2026\/03\/silage-baling-equipment-16x12.webp 16w\" sizes=\"auto, (max-width: 720px) 100vw, 720px\" \/><figcaption class=\"wp-element-caption\">silaj balyalama ekipman\u0131<\/figcaption><\/figure> <\/figure>    <h2 class=\"wp-block-heading\">Uygun ekipman<\/h2>    <p>Verimli ve otomatik yem i\u015fleme i\u00e7in, 9YDB-70 silaj balyalama ve sarmalama makinesi a\u015fa\u011f\u0131daki ekipmanlarla kullan\u0131labilir:<\/p>    <h3 class=\"wp-block-heading\"><em><a href=\"https:\/\/www.agriculture-machine.com\/tr\/4-15t-h-grass-cutting-machine-cutting-wet-grass-grass-cutter\/\">Yem k\u0131y\u0131c\u0131<\/a><\/em><\/h3>    <ul class=\"wp-block-list\"> <li>M\u0131s\u0131r sap\u0131 ve yem otu gibi ham maddeleri do\u011framak ve balyalamay\u0131 kolayla\u015ft\u0131rmak i\u00e7in kullan\u0131l\u0131r.<\/li>    <li>Balyalama kalitesini ve silaj etkinli\u011fini \u00f6nemli \u00f6l\u00e7\u00fcde art\u0131r\u0131r.<\/li> <\/ul>    <h3 class=\"wp-block-heading\">Silaj kar\u0131\u015ft\u0131r\u0131c\u0131\/kar\u0131\u015ft\u0131r\u0131c\u0131<\/h3>    <p>Birden fazla ham maddeyi homojen \u015fekilde kar\u0131\u015ft\u0131rmak, yem beslenme dengesini art\u0131r\u0131r.<\/p>    <ul class=\"wp-block-list\"> <li>G\u00fc\u00e7: 3kW<\/li>    <li>Kapasite: 3-5m\u00b3<\/li>    <li>Boyutlar: 3100\u00d71440\u00d71740mm<\/li>    <li>A\u011f\u0131rl\u0131k: 500-800kg<\/li> <\/ul>    <figure class=\"wp-block-gallery has-nested-images columns-default is-cropped wp-block-gallery-6 is-layout-flex wp-block-gallery-is-layout-flex\"> <figure class=\"wp-block-image size-large\"><img loading=\"lazy\" decoding=\"async\" width=\"720\" height=\"540\" data-id=\"17527\" src=\"https:\/\/www.agriculture-machine.com\/wp-content\/uploads\/2026\/03\/silage-production-machine.webp\" alt=\"silaj \u00fcretim makinesi\" class=\"wp-image-17527\" srcset=\"https:\/\/www.agriculture-machine.com\/wp-content\/uploads\/2026\/03\/silage-production-machine.webp 720w, https:\/\/www.agriculture-machine.com\/wp-content\/uploads\/2026\/03\/silage-production-machine-360x270.webp 360w, https:\/\/www.agriculture-machine.com\/wp-content\/uploads\/2026\/03\/silage-production-machine-240x180.webp 240w, https:\/\/www.agriculture-machine.com\/wp-content\/uploads\/2026\/03\/silage-production-machine-16x12.webp 16w\" sizes=\"auto, (max-width: 720px) 100vw, 720px\" \/><figcaption class=\"wp-element-caption\">silaj \u00fcretim makinesi<\/figcaption><\/figure>    <figure class=\"wp-block-image size-large\"><img loading=\"lazy\" decoding=\"async\" width=\"720\" height=\"540\" data-id=\"17526\" src=\"https:\/\/www.agriculture-machine.com\/wp-content\/uploads\/2026\/03\/hay-baling-wrapping-equipment.webp\" alt=\"yem balyalama sarmalama ekipman\u0131\" class=\"wp-image-17526\" srcset=\"https:\/\/www.agriculture-machine.com\/wp-content\/uploads\/2026\/03\/hay-baling-wrapping-equipment.webp 720w, https:\/\/www.agriculture-machine.com\/wp-content\/uploads\/2026\/03\/hay-baling-wrapping-equipment-360x270.webp 360w, https:\/\/www.agriculture-machine.com\/wp-content\/uploads\/2026\/03\/hay-baling-wrapping-equipment-240x180.webp 240w, https:\/\/www.agriculture-machine.com\/wp-content\/uploads\/2026\/03\/hay-baling-wrapping-equipment-16x12.webp 16w\" sizes=\"auto, (max-width: 720px) 100vw, 720px\" \/><figcaption class=\"wp-element-caption\">yem balyalama sarmalama ekipman\u0131<\/figcaption><\/figure> <\/figure>    <h3 class=\"wp-block-heading\">Asans\u00f6r<\/h3>    <ul class=\"wp-block-list\"> <li>Do\u011fray\u0131c\u0131 veya kar\u0131\u015ft\u0131r\u0131c\u0131 ham maddeleri balyalama makinesine ileterek s\u00fcrekli ve verimli \u00e7al\u0131\u015fma sa\u011flar.<\/li>    <li>Y\u00fckseklik ve a\u00e7\u0131, saha ve operasyonel gereksinimlere g\u00f6re esnek \u015fekilde ayarlanabilir.<\/li> <\/ul>    <p>Yukar\u0131daki ekipmanlar\u0131n birlikte kullan\u0131m\u0131yla, 9YDB-70 silaj balyalama ve sarmalama makinesi, yem i\u015fleme ve kar\u0131\u015ft\u0131rmadan balyalama ve sarmaya kadar tam s\u00fcre\u00e7 operasyonlar\u0131 ger\u00e7ekle\u015ftirir, operasyon verimlili\u011fini art\u0131r\u0131r ve yem kalitesini sa\u011flar.<\/p>    <h2 class=\"wp-block-heading\">Sonu\u00e7<\/h2>    <p class=\"translation-block\">Farkl\u0131 balya boyutlar\u0131 gerektiren m\u00fc\u015fteriler i\u00e7in, k\u00fc\u00e7\u00fckten b\u00fcy\u00fc\u011fe \u00e7e\u015fitli ihtiya\u00e7lara uygun <strong><em><a href=\"https:\/\/www.agriculture-machine.com\/tr\/baling-and-wrapping-machine\/\">55-52 yuvarlak yem balyas\u0131 sarmalama<\/a><\/em><\/strong> ve <strong><em><a href=\"https:\/\/www.agriculture-machine.com\/tr\/silage-round-baler-wrapper\/\">9YDB-60 silaj balyalama ve sarmalama makinesi<\/a><\/em><\/strong> modellerini de sunuyoruz. L\u00fctfen bizimle ileti\u015fime ge\u00e7mekten \u00e7ekinmeyin.<\/p>","protected":false},"excerpt":{"rendered":"<p>9YDB-70 silaj balyalama ve sarmalama makinesi, 70 \u00d7 70 cm boyutunda, 150\u2013200 kg a\u011f\u0131rl\u0131\u011f\u0131nda yem balyalar\u0131 \u00fcretebilir. Tam otomatik, y\u00fcksek verimli operasyonlar i\u00e7in kar\u0131\u015ft\u0131r\u0131c\u0131lar ve asans\u00f6rlerle entegre edilebilir.<\/p>","protected":false},"author":1,"featured_media":17529,"parent":0,"comment_status":"open","ping_status":"closed","template":"","tags":[772,591,807],"product-type":[876,908],"class_list":["post-17514","product","type-product","status-publish","has-post-thumbnail","hentry","tag-forage","tag-silage","tag-silage-bale","product-type-silage-machine","product-type-sliage-baler"],"_links":{"self":[{"href":"https:\/\/www.agriculture-machine.com\/tr\/wp-json\/wp\/v2\/product\/17514","targetHints":{"allow":["GET"]}}],"collection":[{"href":"https:\/\/www.agriculture-machine.com\/tr\/wp-json\/wp\/v2\/product"}],"about":[{"href":"https:\/\/www.agriculture-machine.com\/tr\/wp-json\/wp\/v2\/types\/product"}],"author":[{"embeddable":true,"href":"https:\/\/www.agriculture-machine.com\/tr\/wp-json\/wp\/v2\/users\/1"}],"replies":[{"embeddable":true,"href":"https:\/\/www.agriculture-machine.com\/tr\/wp-json\/wp\/v2\/comments?post=17514"}],"wp:featuredmedia":[{"embeddable":true,"href":"https:\/\/www.agriculture-machine.com\/tr\/wp-json\/wp\/v2\/media\/17529"}],"wp:attachment":[{"href":"https:\/\/www.agriculture-machine.com\/tr\/wp-json\/wp\/v2\/media?parent=17514"}],"wp:term":[{"taxonomy":"post_tag","embeddable":true,"href":"https:\/\/www.agriculture-machine.com\/tr\/wp-json\/wp\/v2\/tags?post=17514"},{"taxonomy":"product-type","embeddable":true,"href":"https:\/\/www.agriculture-machine.com\/tr\/wp-json\/wp\/v2\/product-type?post=17514"}],"curies":[{"name":"wp","href":"https:\/\/api.w.org\/{rel}","templated":true}]}}