{"id":17544,"date":"2026-03-17T17:53:56","date_gmt":"2026-03-17T09:53:56","guid":{"rendered":"https:\/\/www.agriculture-machine.com\/?post_type=product&#038;p=17544"},"modified":"2026-04-07T17:00:03","modified_gmt":"2026-04-07T09:00:03","slug":"cow-dung-cleaning-machine","status":"publish","type":"product","link":"https:\/\/www.agriculture-machine.com\/tr\/cow-dung-cleaning-machine\/","title":{"rendered":"\u0130nek G\u00fcbre Temizleme Makinesi | Hayvan G\u00fcbresi Toplama Cihaz\u0131"},"content":{"rendered":"<p>Bir inek g\u00fcbresi temizleme makinesi, modern hayvanc\u0131l\u0131k \u00e7iftlikleri i\u00e7in tasarlanm\u0131\u015f otomatik g\u00fcbre kald\u0131rma sistemidir. Ba\u015fl\u0131ca kullan\u0131m\u0131, s\u0131\u011f\u0131r ah\u0131rlar\u0131, koyun bar\u0131naklar\u0131 ve hayvanc\u0131l\u0131k \u00e7iftlikleri gibi hayvan yeti\u015ftiricili\u011fi ortamlar\u0131nda g\u00fcbrenin merkezi toplama ve ta\u015f\u0131mad\u0131r.<\/p>    <p>Ekipman, g\u00fcbre toplama, ta\u015f\u0131ma, nakliye ve kendinden bo\u015faltma fonksiyonlar\u0131n\u0131 tek bir birimde entegre eder. \u00d6n monte vida toplay\u0131c\u0131 cihaz ve zincirli kaz\u0131y\u0131c\u0131 konvey\u00f6r sistemi sayesinde, g\u00fcbreyi h\u0131zla toplar ve arka b\u00f6lmeye ileterek y\u00fcksek verimli temizlik operasyonlar\u0131 sa\u011flar.<\/p>    <p>Geleneksel manuel g\u00fcbre kald\u0131rma y\u00f6ntemlerine k\u0131yasla, bu ekipman temizlik verimlili\u011fini \u00f6nemli \u00f6l\u00e7\u00fcde art\u0131r\u0131r. \u00d6rne\u011fin, 3m\u00b3 model, tam bir y\u00fck g\u00fcbresi tamamlamak i\u00e7in 3\u20135 dakika, 5m\u00b3 model ise yakla\u015f\u0131k 5\u20138 dakika gerekir.<\/p>    <figure class=\"wp-block-embed aligncenter is-type-video is-provider-youtube wp-block-embed-youtube wp-embed-aspect-16-9 wp-has-aspect-ratio\"><div class=\"wp-block-embed__wrapper\"> <iframe loading=\"lazy\" title=\"Efficient Cow &amp; Sheep Manure Cleaning Machine | Smart Farm Cleaning Equipment \ud83d\ude9c\ud83d\udc04#cleaner\" width=\"500\" height=\"281\" src=\"https:\/\/www.youtube.com\/embed\/Np55Evcl7-o?feature=oembed\" frameborder=\"0\" allow=\"accelerometer; autoplay; clipboard-write; encrypted-media; gyroscope; picture-in-picture; web-share\" referrerpolicy=\"strict-origin-when-cross-origin\" allowfullscreen><\/iframe> <\/div><figcaption class=\"wp-element-caption\">\u0130nek g\u00fcbresi temizleme makinesi \u00e7al\u0131\u015fma videosu<\/figcaption><\/figure>    <p>T\u00fcm makine dizel g\u00fc\u00e7le \u00e7al\u0131\u015f\u0131r ve \u00fc\u00e7 veya d\u00f6rt tekerlekli \u015fasi ara\u00e7lar\u0131yla uyumludur. \u00c7al\u0131\u015fma basittir, sadece bir ki\u015finin hayvan g\u00fcbresi temizleme g\u00f6revini tamamlamas\u0131 yeterlidir, bu da i\u015f\u00e7ilik maliyetlerini \u00f6nemli \u00f6l\u00e7\u00fcde azalt\u0131rken \u00e7iftlik hijyenini art\u0131r\u0131r ve hayvan yeti\u015ftiricili\u011fi standartlar\u0131n\u0131 y\u00fckseltir.<\/p>    <h2 class=\"wp-block-heading\">\u0130nek g\u00fcbresi temizleme makinesinin uygulamalar\u0131<\/h2>    <p>G\u00fcbre toplama ara\u00e7lar\u0131, \u00e7e\u015fitli hayvanc\u0131l\u0131k \u00e7iftliklerinde g\u00fcbre kald\u0131rma ve ta\u015f\u0131ma i\u00e7in kullan\u0131l\u0131r ve a\u015fa\u011f\u0131daki durumlara uygundur:<\/p>    <ul class=\"wp-block-list\"> <li>S\u00fct \u00e7iftlikleri<\/li>    <li>S\u0131\u011f\u0131r \u00e7iftlikleri<\/li>    <li>Koyun \u00e7iftlikleri ve hayvan yeti\u015ftiricili\u011fi tesisleri<\/li>    <li>B\u00fcy\u00fck \u00e7iftlikler ve standart hayvanc\u0131l\u0131k \u00e7iftlikleri<\/li>    <li>Merkezi hayvan g\u00fcbresi ar\u0131tma sistemleri<\/li> <\/ul>    <p>Bu inek d\u0131\u015fk\u0131s\u0131 temizleme makinesi, ah\u0131r zemininde biriken g\u00fcbre ve at\u0131klar\u0131 h\u0131zla temizleyebilir ve belirlenmi\u015f ar\u0131tma alanlar\u0131na ta\u015f\u0131yabilir, temiz ve hijyenik bir \u00e7ift\u00e7ilik ortam\u0131 sa\u011flar.<\/p>    <figure class=\"wp-block-gallery has-nested-images columns-default is-cropped wp-block-gallery-2 is-layout-flex wp-block-gallery-is-layout-flex\"> <figure class=\"wp-block-image size-large\"><img loading=\"lazy\" decoding=\"async\" width=\"720\" height=\"540\" data-id=\"17549\" src=\"https:\/\/www.agriculture-machine.com\/wp-content\/uploads\/2026\/03\/cattle-manure-scraper.webp\" alt=\"s\u0131\u011f\u0131r g\u00fcbresi kaz\u0131y\u0131c\u0131\" class=\"wp-image-17549\" srcset=\"https:\/\/www.agriculture-machine.com\/wp-content\/uploads\/2026\/03\/cattle-manure-scraper.webp 720w, https:\/\/www.agriculture-machine.com\/wp-content\/uploads\/2026\/03\/cattle-manure-scraper-360x270.webp 360w, https:\/\/www.agriculture-machine.com\/wp-content\/uploads\/2026\/03\/cattle-manure-scraper-240x180.webp 240w, https:\/\/www.agriculture-machine.com\/wp-content\/uploads\/2026\/03\/cattle-manure-scraper-16x12.webp 16w\" sizes=\"auto, (max-width: 720px) 100vw, 720px\" \/><figcaption class=\"wp-element-caption\">s\u0131\u011f\u0131r g\u00fcbresi kaz\u0131y\u0131c\u0131<\/figcaption><\/figure>    <figure class=\"wp-block-image size-large\"><img loading=\"lazy\" decoding=\"async\" width=\"720\" height=\"540\" data-id=\"17548\" src=\"https:\/\/www.agriculture-machine.com\/wp-content\/uploads\/2026\/03\/cattle-farm-cleaning-equipment.webp\" alt=\"\u0130nek \u00e7iftli\u011fi temizleme ekipman\u0131\" class=\"wp-image-17548\" srcset=\"https:\/\/www.agriculture-machine.com\/wp-content\/uploads\/2026\/03\/cattle-farm-cleaning-equipment.webp 720w, https:\/\/www.agriculture-machine.com\/wp-content\/uploads\/2026\/03\/cattle-farm-cleaning-equipment-360x270.webp 360w, https:\/\/www.agriculture-machine.com\/wp-content\/uploads\/2026\/03\/cattle-farm-cleaning-equipment-240x180.webp 240w, https:\/\/www.agriculture-machine.com\/wp-content\/uploads\/2026\/03\/cattle-farm-cleaning-equipment-16x12.webp 16w\" sizes=\"auto, (max-width: 720px) 100vw, 720px\" \/><figcaption class=\"wp-element-caption\">\u0130nek \u00e7iftli\u011fi temizleme ekipman\u0131<\/figcaption><\/figure> <\/figure>    <h2 class=\"wp-block-heading\">G\u00fcbrenin kald\u0131r\u0131lmas\u0131 makinesinin avantajlar\u0131<\/h2>    <ul class=\"wp-block-list\"> <li>Y\u00fcksek verimli g\u00fcbre kald\u0131rma: spiral toplama   zincirli kaz\u0131y\u0131c\u0131 konvey\u00f6r yap\u0131s\u0131 kullanarak, g\u00fcbreyi h\u0131zla toplar ve ta\u015f\u0131r, \u00e7iftlik temizli\u011fini art\u0131r\u0131r.<\/li>    <li>\u0130\u015f\u00e7ilik maliyetlerini azaltma: sadece bir operat\u00f6r g\u00fcbrenin kald\u0131r\u0131lmas\u0131, ta\u015f\u0131nmas\u0131 ve bo\u015faltma i\u015flemlerini tamamlar, bu da i\u015f\u00e7ilik gereksinimini \u00f6nemli \u00f6l\u00e7\u00fcde azalt\u0131r.<\/li>    <li>Y\u00fcksek kapasiteli ta\u015f\u0131ma tasar\u0131m\u0131: 3m\u00b3 veya 5m\u00b3 y\u00fcksek kapasiteli hazne ile donat\u0131lm\u0131\u015ft\u0131r, tek seferde b\u00fcy\u00fck hacimli g\u00fcbre ta\u015f\u0131yabilir, tur say\u0131s\u0131n\u0131 azalt\u0131r.<\/li>    <li>Dayan\u0131kl\u0131 yap\u0131sal tasar\u0131m: t\u00fcm makine y\u00fcksek mukavemetli \u00e7elik yap\u0131 ve a\u015f\u0131nmaya dayan\u0131kl\u0131 kaz\u0131y\u0131c\u0131 zincirler ile donat\u0131lm\u0131\u015ft\u0131r, korozyon ve a\u015f\u0131nmaya kar\u015f\u0131 diren\u00e7lidir, uzun hizmet \u00f6mr\u00fc sa\u011flar.<\/li>    <li>Karma\u015f\u0131k \u00e7iftlik ortamlar\u0131na uyum sa\u011flayabilir: g\u00fc\u00e7l\u00fc performans\u0131 ile ekipman, \u00e7e\u015fitli b\u00fcy\u00fckl\u00fckteki \u00e7iftlikler ve karma\u015f\u0131k zemin ko\u015fullar\u0131 i\u00e7in uygundur, stabil ve g\u00fcvenilir \u00e7al\u0131\u015fma sa\u011flar.<\/li> <\/ul>    <figure class=\"wp-block-gallery has-nested-images columns-default is-cropped wp-block-gallery-3 is-layout-flex wp-block-gallery-is-layout-flex\"> <figure class=\"wp-block-image size-large\"><img loading=\"lazy\" decoding=\"async\" width=\"720\" height=\"540\" data-id=\"17550\" src=\"https:\/\/www.agriculture-machine.com\/wp-content\/uploads\/2026\/03\/cow-dung-cleaner.webp\" alt=\"\u0130nek g\u00fcbresi temizleyici\" class=\"wp-image-17550\" srcset=\"https:\/\/www.agriculture-machine.com\/wp-content\/uploads\/2026\/03\/cow-dung-cleaner.webp 720w, https:\/\/www.agriculture-machine.com\/wp-content\/uploads\/2026\/03\/cow-dung-cleaner-360x270.webp 360w, https:\/\/www.agriculture-machine.com\/wp-content\/uploads\/2026\/03\/cow-dung-cleaner-240x180.webp 240w, https:\/\/www.agriculture-machine.com\/wp-content\/uploads\/2026\/03\/cow-dung-cleaner-16x12.webp 16w\" sizes=\"auto, (max-width: 720px) 100vw, 720px\" \/><figcaption class=\"wp-element-caption\">\u0130nek g\u00fcbresi temizleyici<\/figcaption><\/figure>    <figure class=\"wp-block-image size-large\"><img loading=\"lazy\" decoding=\"async\" width=\"720\" height=\"540\" data-id=\"17551\" src=\"https:\/\/www.agriculture-machine.com\/wp-content\/uploads\/2026\/03\/cow-shed-cleaning-machine.webp\" alt=\"\u0130nek ah\u0131r\u0131 temizleme makinesi\" class=\"wp-image-17551\" srcset=\"https:\/\/www.agriculture-machine.com\/wp-content\/uploads\/2026\/03\/cow-shed-cleaning-machine.webp 720w, https:\/\/www.agriculture-machine.com\/wp-content\/uploads\/2026\/03\/cow-shed-cleaning-machine-360x270.webp 360w, https:\/\/www.agriculture-machine.com\/wp-content\/uploads\/2026\/03\/cow-shed-cleaning-machine-240x180.webp 240w, https:\/\/www.agriculture-machine.com\/wp-content\/uploads\/2026\/03\/cow-shed-cleaning-machine-16x12.webp 16w\" sizes=\"auto, (max-width: 720px) 100vw, 720px\" \/><figcaption class=\"wp-element-caption\">\u0130nek ah\u0131r\u0131 temizleme makinesi<\/figcaption><\/figure> <\/figure>    <h2 class=\"wp-block-heading\">\u0130nek g\u00fcbresi temizleme makinesinin \u00e7al\u0131\u015fma prensibi<\/h2>    <p>\u0130nek g\u00fcbresi temizleme makinesi, \u00f6zellikle spiral toplama cihaz\u0131, zincirli kaz\u0131y\u0131c\u0131 konvey\u00f6r sistemi ve hidrolik t\u0131rm\u0131k mekanizmas\u0131 ile otomatik g\u00fcbre kald\u0131rma i\u015flemi yapar. \u0130\u015flem \u015fu \u015fekildedir:<\/p>    <ol class=\"wp-block-list\"> <li>Operat\u00f6r, ekipman\u0131 ba\u015flat\u0131r ve g\u00fcbre toplama arac\u0131n\u0131 ah\u0131r koridoruna s\u00fcrer.<\/li>    <li>\u00d6n monte spiral toplay\u0131c\u0131, ara\u00e7 ilerlerken yere sa\u00e7\u0131lan g\u00fcbreden toplar.<\/li>    <li>G\u00fcbre, zincirli kaz\u0131y\u0131c\u0131 konvey\u00f6r sistemi arac\u0131l\u0131\u011f\u0131yla arka b\u00f6lmeye ta\u015f\u0131n\u0131r.<\/li>    <li>Kabin doldu\u011funda, ara\u00e7 belirlenmi\u015f alana gider.<\/li>    <li>Hidrolik t\u0131rm\u0131k sistemi, g\u00fcbrenin otomatik bo\u015falt\u0131m\u0131n\u0131 sa\u011flar.<\/li> <\/ol>    <p>T\u00fcm s\u00fcre\u00e7 y\u00fcksek otomasyon seviyesine sahiptir, s\u00fcrekli g\u00fcbre toplama ve ta\u015f\u0131ma sa\u011flar.<\/p>    <figure class=\"wp-block-gallery has-nested-images columns-default is-cropped wp-block-gallery-4 is-layout-flex wp-block-gallery-is-layout-flex\"> <figure class=\"wp-block-image size-large\"><img loading=\"lazy\" decoding=\"async\" width=\"720\" height=\"540\" data-id=\"17553\" src=\"https:\/\/www.agriculture-machine.com\/wp-content\/uploads\/2026\/03\/manure-collector-machine.webp\" alt=\"G\u00fcbre toplay\u0131c\u0131 makine\" class=\"wp-image-17553\" srcset=\"https:\/\/www.agriculture-machine.com\/wp-content\/uploads\/2026\/03\/manure-collector-machine.webp 720w, https:\/\/www.agriculture-machine.com\/wp-content\/uploads\/2026\/03\/manure-collector-machine-360x270.webp 360w, https:\/\/www.agriculture-machine.com\/wp-content\/uploads\/2026\/03\/manure-collector-machine-240x180.webp 240w, https:\/\/www.agriculture-machine.com\/wp-content\/uploads\/2026\/03\/manure-collector-machine-16x12.webp 16w\" sizes=\"auto, (max-width: 720px) 100vw, 720px\" \/><figcaption class=\"wp-element-caption\">G\u00fcbre toplay\u0131c\u0131 makine<\/figcaption><\/figure>    <figure class=\"wp-block-image size-large\"><img loading=\"lazy\" decoding=\"async\" width=\"720\" height=\"540\" data-id=\"17552\" src=\"https:\/\/www.agriculture-machine.com\/wp-content\/uploads\/2026\/03\/cow-dung-cleaning-machine.webp\" alt=\"\u0130nek g\u00fcbresi temizleme makinesi\" class=\"wp-image-17552\" srcset=\"https:\/\/www.agriculture-machine.com\/wp-content\/uploads\/2026\/03\/cow-dung-cleaning-machine.webp 720w, https:\/\/www.agriculture-machine.com\/wp-content\/uploads\/2026\/03\/cow-dung-cleaning-machine-360x270.webp 360w, https:\/\/www.agriculture-machine.com\/wp-content\/uploads\/2026\/03\/cow-dung-cleaning-machine-240x180.webp 240w, https:\/\/www.agriculture-machine.com\/wp-content\/uploads\/2026\/03\/cow-dung-cleaning-machine-16x12.webp 16w\" sizes=\"auto, (max-width: 720px) 100vw, 720px\" \/><figcaption class=\"wp-element-caption\">\u0130nek g\u00fcbresi temizleme makinesi<\/figcaption><\/figure> <\/figure>    <h2 class=\"wp-block-heading\">Hayvan g\u00fcbresi temizleme makinesi teknik \u00f6zellikleri<\/h2>    <figure class=\"wp-block-table is-style-stripes\"><table class=\"has-fixed-layout\"><tbody><tr><td><strong>Model<\/strong><\/td><td><strong>QF-3<\/strong><\/td><td><strong>QF-5<\/strong><\/td><\/tr><tr><td>Sepet Hacmi<\/td><td>3 m\u00b3<\/td><td>5 m\u00b3<\/td><\/tr><tr><td>Boyut<\/td><td>4500\u00d71450\u00d72450 mm<\/td><td>5200\u00d72200\u00d72600 mm<\/td><\/tr><tr><td>G\u00fc\u00e7<\/td><td>25 HP Dizel Motor<\/td><td>Dizel Motor<\/td><\/tr><tr><td>Y\u00fcr\u00fcy\u00fc\u015f G\u00fcc\u00fc<\/td><td>\u00dc\u00e7 tekerlekli<\/td><td>D\u00f6rt tekerlekli kamyon<\/td><\/tr><tr><td>\u00dcretim Kapasitesi<\/td><td>3\u20135 dk\/araba<\/td><td>5\u20138 dk\/araba<\/td><\/tr><tr><td>G\u00fcbre Temizleme Geni\u015fli\u011fi<\/td><td>1500 mm<\/td><td>2000 mm<\/td><\/tr><tr><td>Lastik Say\u0131s\u0131<\/td><td>3 adet<\/td><td>4 adet<\/td><\/tr><tr><td>G\u00fcbre Toplama Sistemi<\/td><td>Vida   Zincir Kaz\u0131y\u0131c\u0131 Konvey\u00f6r<\/td><td>Vida   Zincir Kaz\u0131y\u0131c\u0131 Konvey\u00f6r<\/td><\/tr><tr><td>Bo\u015faltma Y\u00f6ntemi<\/td><td>Hidrolik T\u0131rm\u0131k<\/td><td>Hidrolik T\u0131rm\u0131k<\/td><\/tr><\/tbody><\/table><figcaption class=\"wp-element-caption\">\u0130nek g\u00fcbresi temizleme makinesinin teknik parametreleri<\/figcaption><\/figure>    <h2 class=\"wp-block-heading\">Neden bizi se\u00e7melisiniz?<\/h2>    <p>\u0130nek g\u00fcbresi temizleme makinemizi se\u00e7mek, \u00e7iftliklere stabil ve g\u00fcvenilir bir g\u00fcbre y\u00f6netimi \u00e7\u00f6z\u00fcm\u00fc sunar:<\/p>    <ul class=\"wp-block-list\"> <li>Kan\u0131tlanm\u0131\u015f \u00fcretim deneyimi: hayvanc\u0131l\u0131k makineleri \u00fcretiminde y\u0131llar\u0131n tecr\u00fcbesi ile \u00fcr\u00fcnlerimiz bir\u00e7ok \u00fclkeye ihra\u00e7 edilmektedir.<\/li>    <li>Farkl\u0131 ihtiya\u00e7lara uygun \u00e7e\u015fitli modeller: 3m\u00b3 ve 5m\u00b3 gibi \u00e7e\u015fitli \u00f6zelliklerde ekipman sunuyoruz.<\/li>    <li>Y\u00fcksek kaliteli temel bile\u015fenler: a\u015f\u0131nmaya dayan\u0131kl\u0131 kaz\u0131y\u0131c\u0131 zincirler ve stabil \u00e7al\u0131\u015fma i\u00e7in y\u00fcksek kaliteli g\u00fc\u00e7 sistemi ile donat\u0131lm\u0131\u015ft\u0131r.<\/li>    <li>\u00d6zelle\u015ftirme hizmetleri: \u00e7iftlik b\u00fcy\u00fckl\u00fc\u011f\u00fcne g\u00f6re g\u00fcbre toplama geni\u015fli\u011fi, kapasite ve \u015fasi tipi \u00f6zelle\u015ftirmeyi destekliyoruz.<\/li>    <li>Kapsaml\u0131 sat\u0131\u015f sonras\u0131 destek: teknik rehberlik, kurulum deste\u011fi ve uzun vadeli bak\u0131m hizmetleri sa\u011fl\u0131yoruz.<\/li> <\/ul>    <p class=\"translation-block\">Verimli g\u00fcbre toplama i\u015fleminin yan\u0131 s\u0131ra, i\u015flenmi\u015f at\u0131klar tarlada uygulama i\u00e7in g\u00fcbre serpme kamyonumuzla daha da kullan\u0131labilir. Daha fazla bilgi i\u00e7in l\u00fctfen t\u0131klay\u0131n: <a href=\"https:\/\/www.agriculture-machine.com\/tr\/fertilizer-spreader-truck\/\"><strong><em>G\u00fcbre Serpme Kamyonu | Trakt\u00f6r G\u00fcbre Serpme Makinesi<\/em><\/strong><\/a>. Herhangi bir sorunuz varsa bizimle ileti\u015fime ge\u00e7mekten \u00e7ekinmeyin.<\/p>","protected":false},"excerpt":{"rendered":"<p>\u0130nek g\u00fcbresi temizleme makinesi, s\u00fct \u00e7iftlikleri, s\u0131\u011f\u0131r \u00e7iftlikleri ve b\u00fcy\u00fck \u00e7iftlikler i\u00e7in uygundur. Bir y\u00fck g\u00fcbresi 3-8 dakika i\u00e7inde temizleyebilir, bu da i\u015f\u00e7ilik maliyetlerini azalt\u0131r ve \u00e7iftlik ortam\u0131n\u0131 iyile\u015ftirir.<\/p>","protected":false},"author":1,"featured_media":17618,"parent":0,"comment_status":"open","ping_status":"closed","template":"","tags":[2646],"product-type":[162,2],"class_list":["post-17544","product","type-product","status-publish","has-post-thumbnail","hentry","tag-manure","product-type-other-type","product-type-products"],"_links":{"self":[{"href":"https:\/\/www.agriculture-machine.com\/tr\/wp-json\/wp\/v2\/product\/17544","targetHints":{"allow":["GET"]}}],"collection":[{"href":"https:\/\/www.agriculture-machine.com\/tr\/wp-json\/wp\/v2\/product"}],"about":[{"href":"https:\/\/www.agriculture-machine.com\/tr\/wp-json\/wp\/v2\/types\/product"}],"author":[{"embeddable":true,"href":"https:\/\/www.agriculture-machine.com\/tr\/wp-json\/wp\/v2\/users\/1"}],"replies":[{"embeddable":true,"href":"https:\/\/www.agriculture-machine.com\/tr\/wp-json\/wp\/v2\/comments?post=17544"}],"wp:featuredmedia":[{"embeddable":true,"href":"https:\/\/www.agriculture-machine.com\/tr\/wp-json\/wp\/v2\/media\/17618"}],"wp:attachment":[{"href":"https:\/\/www.agriculture-machine.com\/tr\/wp-json\/wp\/v2\/media?parent=17544"}],"wp:term":[{"taxonomy":"post_tag","embeddable":true,"href":"https:\/\/www.agriculture-machine.com\/tr\/wp-json\/wp\/v2\/tags?post=17544"},{"taxonomy":"product-type","embeddable":true,"href":"https:\/\/www.agriculture-machine.com\/tr\/wp-json\/wp\/v2\/product-type?post=17544"}],"curies":[{"name":"wp","href":"https:\/\/api.w.org\/{rel}","templated":true}]}}