{"id":17559,"date":"2026-03-20T15:51:29","date_gmt":"2026-03-20T07:51:29","guid":{"rendered":"https:\/\/www.agriculture-machine.com\/?post_type=product&#038;p=17559"},"modified":"2026-03-20T15:52:07","modified_gmt":"2026-03-20T07:52:07","slug":"fertilizer-spreader-truck","status":"publish","type":"product","link":"https:\/\/www.agriculture-machine.com\/tr\/fertilizer-spreader-truck\/","title":{"rendered":"G\u00fcbre Serpme Kamyonu | Trakt\u00f6r G\u00fcbre Serpme Makinesi"},"content":{"rendered":"<p>G\u00fcbre serpme kamyonu, kuru ve \u0131slak g\u00fcbre, organik g\u00fcbreler, gran\u00fcl g\u00fcbreler ve kimyasal g\u00fcbreler dahil olmak \u00fczere \u00e7e\u015fitli g\u00fcbre t\u00fcrleri i\u00e7in geni\u015f \u00e7apta uygundur. Tar\u0131msal kooperatifler, b\u00fcy\u00fck \u00f6l\u00e7ekli ekim alanlar\u0131 ve hayvanc\u0131l\u0131k \u00e7iftliklerinde b\u00fcy\u00fck \u00f6l\u00e7ekli g\u00fcbreleme operasyonlar\u0131 i\u00e7in uygundur.<\/p>    <p>Bu makine, 50 HP veya daha y\u00fcksek trakt\u00f6rlerle uyumlu \u00fc\u00e7 noktal\u0131 ask\u0131 ve PTO tahriklidir. 3 m\u00b3, 6 m\u00b3, 8 m\u00b3, 10 m\u00b3 ve 12 m\u00b3 kapasiteleri ve 4\u201316 metre yay\u0131lma aral\u0131\u011f\u0131 ile \u00e7e\u015fitli kapasite se\u00e7enekleri sunar. <\/p>    <p>6 m\u00b3 model \u00f6rne\u011fi al\u0131narak, bir seferde g\u00fcbre yay\u0131lmas\u0131 5\u201310 dakika s\u00fcrer. G\u00fcnl\u00fck yakla\u015f\u0131k 500 mu alan\u0131 kaplayabilir, g\u00fcbreleme verimlili\u011fini \u00f6nemli \u00f6l\u00e7\u00fcde art\u0131r\u0131r ve i\u015f\u00e7ilik maliyetlerini azalt\u0131r.<\/p>    <figure class=\"wp-block-embed aligncenter is-type-video is-provider-youtube wp-block-embed-youtube wp-embed-aspect-16-9 wp-has-aspect-ratio\"><div class=\"wp-block-embed__wrapper\"> <iframe loading=\"lazy\" title=\"\ud83d\ude9c G\u00fc\u00e7l\u00fc G\u00fcbre ve G\u00fcbre Serpme Kamyonu Eylemde | \u00c7iftli\u011finizi Verimlili\u011fini Art\u0131r\u0131n \ud83c\udf31\" width=\"500\" height=\"281\" src=\"https:\/\/www.youtube.com\/embed\/87AOeTAYJJ4?feature=oembed\" frameborder=\"0\" allow=\"accelerometer; autoplay; clipboard-write; encrypted-media; gyroscope; picture-in-picture; web-share\" referrerpolicy=\"strict-origin-when-cross-origin\" allowfullscreen><\/iframe> <\/div><figcaption class=\"wp-element-caption\">Farkl\u0131 t\u00fcrlerde g\u00fcbre serpme kamyonlar\u0131n\u0131n saha operasyon videolar\u0131<\/figcaption><\/figure>    <p>T\u00fcm makine, hidrolik kontrol \u00f6zellikli olup, t\u00fcm kal\u0131pl\u0131, kaynakl\u0131 olmayan yap\u0131 kullan\u0131larak in\u015fa edilmi\u015ftir, dayan\u0131kl\u0131l\u0131k ve korozyona kar\u015f\u0131 diren\u00e7 sa\u011flar. <\/p>    <p>Geli\u015fmi\u015f \u00e7ift diskli yay\u0131lma mekanizmas\u0131 ve hidrolik zincir g\u00fcbre besleme sistemi, \u00e7e\u015fitli gran\u00fcl ve kuru g\u00fcbrelerin homojen da\u011f\u0131l\u0131m\u0131n\u0131 sa\u011flar, g\u00fcbre kullan\u0131m\u0131n\u0131 maksimize eder.<\/p>    <h2 class=\"wp-block-heading\">G\u00fcbre serpme kamyonu uygulamalar\u0131<\/h2>    <ul class=\"wp-block-list\"> <li>\u00c7iftlik g\u00fcbresi uygulamas\u0131: s\u0131\u011f\u0131r, koyun ve domuz \u00e7iftliklerinden g\u00fcbreyi verimli \u015fekilde yaymak i\u00e7in idealdir.<\/li>    <li>Ekim alanlar\u0131nda organik g\u00fcbre uygulamas\u0131: organik g\u00fcbrenin h\u0131zl\u0131 ve homojen yay\u0131lmas\u0131n\u0131 sa\u011flar, toprak kalitesini art\u0131r\u0131r.<\/li>    <li>Tar\u0131m kooperatifleri i\u00e7in b\u00fcy\u00fck \u00f6l\u00e7ekli g\u00fcbreleme projeleri: b\u00fcy\u00fck ekim alanlar\u0131n\u0131n merkezi g\u00fcbreleme ihtiya\u00e7lar\u0131n\u0131 kar\u015f\u0131lar.<\/li> <\/ul>    <figure class=\"wp-block-gallery has-nested-images columns-default is-cropped wp-block-gallery-2 is-layout-flex wp-block-gallery-is-layout-flex\"> <figure class=\"wp-block-image size-large\"><img loading=\"lazy\" decoding=\"async\" width=\"720\" height=\"540\" data-id=\"17564\" src=\"https:\/\/www.agriculture-machine.com\/wp-content\/uploads\/2026\/03\/fertilizer-spreader-truck.webp\" alt=\"G\u00fcbre serpme kamyonu\" class=\"wp-image-17564\" srcset=\"https:\/\/www.agriculture-machine.com\/wp-content\/uploads\/2026\/03\/fertilizer-spreader-truck.webp 720w, https:\/\/www.agriculture-machine.com\/wp-content\/uploads\/2026\/03\/fertilizer-spreader-truck-360x270.webp 360w, https:\/\/www.agriculture-machine.com\/wp-content\/uploads\/2026\/03\/fertilizer-spreader-truck-240x180.webp 240w, https:\/\/www.agriculture-machine.com\/wp-content\/uploads\/2026\/03\/fertilizer-spreader-truck-16x12.webp 16w\" sizes=\"auto, (max-width: 720px) 100vw, 720px\" \/><figcaption class=\"wp-element-caption\">G\u00fcbre serpme kamyonu<\/figcaption><\/figure>    <figure class=\"wp-block-image size-large\"><img loading=\"lazy\" decoding=\"async\" width=\"720\" height=\"540\" data-id=\"17565\" src=\"https:\/\/www.agriculture-machine.com\/wp-content\/uploads\/2026\/03\/tractor-manure-spreader.webp\" alt=\"Trakt\u00f6r g\u00fcbre serpici\" class=\"wp-image-17565\" srcset=\"https:\/\/www.agriculture-machine.com\/wp-content\/uploads\/2026\/03\/tractor-manure-spreader.webp 720w, https:\/\/www.agriculture-machine.com\/wp-content\/uploads\/2026\/03\/tractor-manure-spreader-360x270.webp 360w, https:\/\/www.agriculture-machine.com\/wp-content\/uploads\/2026\/03\/tractor-manure-spreader-240x180.webp 240w, https:\/\/www.agriculture-machine.com\/wp-content\/uploads\/2026\/03\/tractor-manure-spreader-16x12.webp 16w\" sizes=\"auto, (max-width: 720px) 100vw, 720px\" \/><figcaption class=\"wp-element-caption\">Trakt\u00f6r g\u00fcbre serpici<\/figcaption><\/figure> <\/figure>    <h2 class=\"wp-block-heading\">G\u00fcbre yayma makinesinin avantajlar\u0131<\/h2>    <ul class=\"wp-block-list\"> <li>Sa\u011flam ve dayan\u0131kl\u0131 \u00e7er\u00e7eve: \u00e7ekme \u00e7er\u00e7evesi, 20\u00d720 cm kare borudan yap\u0131lm\u0131\u015f olup, stabil yap\u0131 ve \u00fcst\u00fcn dayan\u0131kl\u0131l\u0131k sa\u011flar.<\/li>    <li>Y\u00fcksek mukavemetli g\u00fcbre konvey\u00f6r zinciri: zincir, 4\u00d76 cm kare borudan yap\u0131lm\u0131\u015f olup, madencilik kalitesinde zincir ba\u011flant\u0131lar\u0131 uzun s\u00fcre kullan\u0131mda deforme olmadan dayan\u0131kl\u0131l\u0131k sa\u011flar.<\/li>    <li>B\u00fcy\u00fck kapasiteli hidrolik ya\u011f tank\u0131: hava so\u011futmal\u0131 sistemle donat\u0131lm\u0131\u015f olup, hidrolik sistemin stabil \u00e7al\u0131\u015fmas\u0131n\u0131 sa\u011flar.<\/li>    <li>Ayarlanabilir ak\u0131\u015f kontrol vanas\u0131: 10 ayar \u00f6zelli\u011fi; daha y\u00fcksek ayarlar, \u00e7e\u015fitli g\u00fcbreleme ihtiya\u00e7lar\u0131n\u0131 kar\u015f\u0131lamak i\u00e7in daha h\u0131zl\u0131 yay\u0131lma h\u0131zlar\u0131 sa\u011flar.<\/li>    <li>\u00c7ift diskli yay\u0131lma sistemi: 68 cm \u00e7ap\u0131nda olup, yay\u0131lma mesafesi 4 ile 15 metre aras\u0131nda serbest\u00e7e ayarlanabilir, b\u00f6ylece homojen da\u011f\u0131l\u0131m sa\u011flan\u0131r.<\/li> <\/ul>    <figure class=\"wp-block-gallery has-nested-images columns-default is-cropped wp-block-gallery-3 is-layout-flex wp-block-gallery-is-layout-flex\"> <figure class=\"wp-block-image size-large\"><img loading=\"lazy\" decoding=\"async\" width=\"720\" height=\"540\" data-id=\"17566\" src=\"https:\/\/www.agriculture-machine.com\/wp-content\/uploads\/2026\/03\/disc-type-fertilizer-spreader.webp\" alt=\"disk tipi g\u00fcbre serpici\" class=\"wp-image-17566\" srcset=\"https:\/\/www.agriculture-machine.com\/wp-content\/uploads\/2026\/03\/disc-type-fertilizer-spreader.webp 720w, https:\/\/www.agriculture-machine.com\/wp-content\/uploads\/2026\/03\/disc-type-fertilizer-spreader-360x270.webp 360w, https:\/\/www.agriculture-machine.com\/wp-content\/uploads\/2026\/03\/disc-type-fertilizer-spreader-240x180.webp 240w, https:\/\/www.agriculture-machine.com\/wp-content\/uploads\/2026\/03\/disc-type-fertilizer-spreader-16x12.webp 16w\" sizes=\"auto, (max-width: 720px) 100vw, 720px\" \/><figcaption class=\"wp-element-caption\">disk tipi g\u00fcbre serpici<\/figcaption><\/figure>    <figure class=\"wp-block-image size-large\"><img loading=\"lazy\" decoding=\"async\" width=\"720\" height=\"540\" data-id=\"17567\" src=\"https:\/\/www.agriculture-machine.com\/wp-content\/uploads\/2026\/03\/vertical-spiral-manure-spreader.webp\" alt=\"dikey spiral g\u00fcbre serpici\" class=\"wp-image-17567\" srcset=\"https:\/\/www.agriculture-machine.com\/wp-content\/uploads\/2026\/03\/vertical-spiral-manure-spreader.webp 720w, https:\/\/www.agriculture-machine.com\/wp-content\/uploads\/2026\/03\/vertical-spiral-manure-spreader-360x270.webp 360w, https:\/\/www.agriculture-machine.com\/wp-content\/uploads\/2026\/03\/vertical-spiral-manure-spreader-240x180.webp 240w, https:\/\/www.agriculture-machine.com\/wp-content\/uploads\/2026\/03\/vertical-spiral-manure-spreader-16x12.webp 16w\" sizes=\"auto, (max-width: 720px) 100vw, 720px\" \/><figcaption class=\"wp-element-caption\">dikey spiral g\u00fcbre serpici<\/figcaption><\/figure> <\/figure>    <h2 class=\"wp-block-heading\">G\u00fcbre serpici nas\u0131l \u00e7al\u0131\u015f\u0131r?<\/h2>    <p>Taizy g\u00fcbre serpici kamyonu, trakt\u00f6r PTO \u015faft\u0131 ile \u00e7al\u0131\u015f\u0131r ve hidrolik zincir, g\u00fcbrenin arka \u00e7ift diskli yay\u0131lma mekanizmas\u0131na e\u015fit \u015fekilde beslenmesini sa\u011flar.<\/p>    <p>G\u00fcbre, y\u00fcksek h\u0131zl\u0131 d\u00f6nen \u00e7ift diskler arac\u0131l\u0131\u011f\u0131yla tarlaya da\u011f\u0131t\u0131l\u0131r, geni\u015f alanl\u0131, y\u00fcksek verimli g\u00fcbreleme sa\u011flar.<\/p>    <p>\u0130\u015fletme parametreleri, g\u00fcbre t\u00fcr\u00fc, uygulama alan\u0131 ve yay\u0131lma mesafesine g\u00f6re serbest\u00e7e ayarlanabilir.<\/p>    <h2 class=\"wp-block-heading\">What&#8217;s the tractor manure spreader price?<\/h2>    <p>G\u00fcbre serpme kamyonu fiyat\u0131, kapasite, yap\u0131land\u0131rma ve \u00f6zel yap\u0131m olup olmamas\u0131na g\u00f6re de\u011fi\u015fir. \u00d6rne\u011fin, dikey vida sistemiyle donat\u0131lm\u0131\u015f 6m\u00b3 g\u00fcbre serpici, hidrolik kontroll\u00fc \u00e7ift disk sistemine g\u00f6re daha maliyetlidir.<\/p>    <figure class=\"wp-block-gallery has-nested-images columns-default is-cropped wp-block-gallery-4 is-layout-flex wp-block-gallery-is-layout-flex\"> <figure class=\"wp-block-image size-large\"><img loading=\"lazy\" decoding=\"async\" width=\"720\" height=\"540\" data-id=\"17569\" src=\"https:\/\/www.agriculture-machine.com\/wp-content\/uploads\/2026\/03\/large-fertilizer-spreading-machine.webp\" alt=\"b\u00fcy\u00fck g\u00fcbre yayma makinesi\" class=\"wp-image-17569\" srcset=\"https:\/\/www.agriculture-machine.com\/wp-content\/uploads\/2026\/03\/large-fertilizer-spreading-machine.webp 720w, https:\/\/www.agriculture-machine.com\/wp-content\/uploads\/2026\/03\/large-fertilizer-spreading-machine-360x270.webp 360w, https:\/\/www.agriculture-machine.com\/wp-content\/uploads\/2026\/03\/large-fertilizer-spreading-machine-240x180.webp 240w, https:\/\/www.agriculture-machine.com\/wp-content\/uploads\/2026\/03\/large-fertilizer-spreading-machine-16x12.webp 16w\" sizes=\"auto, (max-width: 720px) 100vw, 720px\" \/><figcaption class=\"wp-element-caption\">b\u00fcy\u00fck g\u00fcbre yayma makinesi<\/figcaption><\/figure>    <figure class=\"wp-block-image size-large\"><img loading=\"lazy\" decoding=\"async\" width=\"720\" height=\"540\" data-id=\"17568\" src=\"https:\/\/www.agriculture-machine.com\/wp-content\/uploads\/2026\/03\/8m\u00b3-agricultural-manure-spreader.webp\" alt=\"8m\u00b3 tar\u0131msal g\u00fcbre serpici\" class=\"wp-image-17568\" srcset=\"https:\/\/www.agriculture-machine.com\/wp-content\/uploads\/2026\/03\/8m\u00b3-agricultural-manure-spreader.webp 720w, https:\/\/www.agriculture-machine.com\/wp-content\/uploads\/2026\/03\/8m\u00b3-agricultural-manure-spreader-360x270.webp 360w, https:\/\/www.agriculture-machine.com\/wp-content\/uploads\/2026\/03\/8m\u00b3-agricultural-manure-spreader-240x180.webp 240w, https:\/\/www.agriculture-machine.com\/wp-content\/uploads\/2026\/03\/8m\u00b3-agricultural-manure-spreader-16x12.webp 16w\" sizes=\"auto, (max-width: 720px) 100vw, 720px\" \/><figcaption class=\"wp-element-caption\">8m\u00b3 tar\u0131msal g\u00fcbre serpici<\/figcaption><\/figure> <\/figure>    <p>En son fiyatlar ve sevkiyat se\u00e7enekleri i\u00e7in bizimle ileti\u015fime ge\u00e7in, size \u00f6zel \u00e7\u00f6z\u00fcmler sunuyoruz.<\/p>    <h2 class=\"wp-block-heading\">Uygun g\u00fcbre serpici nas\u0131l se\u00e7ilir?<\/h2>    <ul class=\"wp-block-list\"> <li>Uygulama senaryosu ve g\u00fcbre t\u00fcr\u00fcn\u00fc belirleyin: kuru, \u0131slak veya gran\u00fcl g\u00fcbreler, yay\u0131lma mekanizmas\u0131 ve g\u00fcbre teslimat y\u00f6nteminde farkl\u0131 gereksinimler vard\u0131r.<\/li>    <li>Uygun kapasiteyi se\u00e7in: uygulama alan\u0131 ve g\u00fcbreleme verimlili\u011fine g\u00f6re uygun hacim se\u00e7in.<\/li>    <li>Yay\u0131lma geni\u015fli\u011fi ve verimlili\u011fi g\u00f6z \u00f6n\u00fcnde bulundurun: h\u0131zl\u0131 ve homojen uygulama sa\u011flay\u0131n.<\/li>    <li>Trakt\u00f6r g\u00fc\u00e7 uyumu: en az 50 HP PTO g\u00fcc\u00fc gereklidir; kapasiteye g\u00f6re daha y\u00fcksek g\u00fc\u00e7 se\u00e7in.<\/li>    <li>Hidrolik sistem ve kullan\u0131m kolayl\u0131\u011f\u0131n\u0131 g\u00f6z \u00f6n\u00fcnde bulundurun: uzun vadeli, stabil performans sa\u011flay\u0131n.<\/li>    <li>G\u00fcvenilir bir tedarik\u00e7i se\u00e7in: sat\u0131\u015f sonras\u0131 destek, yedek par\u00e7a ve uzaktan teknik yard\u0131m sa\u011flayan biri.<\/li> <\/ul>    <figure class=\"wp-block-gallery has-nested-images columns-default is-cropped wp-block-gallery-5 is-layout-flex wp-block-gallery-is-layout-flex\"> <figure class=\"wp-block-image size-large\"><img loading=\"lazy\" decoding=\"async\" width=\"720\" height=\"540\" data-id=\"17570\" src=\"https:\/\/www.agriculture-machine.com\/wp-content\/uploads\/2026\/03\/fertilizer-spreader-trucks-factory.webp\" alt=\"g\u00fcbre serpme kamyonlar\u0131 fabrikas\u0131\" class=\"wp-image-17570\" srcset=\"https:\/\/www.agriculture-machine.com\/wp-content\/uploads\/2026\/03\/fertilizer-spreader-trucks-factory.webp 720w, https:\/\/www.agriculture-machine.com\/wp-content\/uploads\/2026\/03\/fertilizer-spreader-trucks-factory-360x270.webp 360w, https:\/\/www.agriculture-machine.com\/wp-content\/uploads\/2026\/03\/fertilizer-spreader-trucks-factory-240x180.webp 240w, https:\/\/www.agriculture-machine.com\/wp-content\/uploads\/2026\/03\/fertilizer-spreader-trucks-factory-16x12.webp 16w\" sizes=\"auto, (max-width: 720px) 100vw, 720px\" \/><figcaption class=\"wp-element-caption\">g\u00fcbre serpme kamyonlar\u0131 fabrikas\u0131<\/figcaption><\/figure>    <figure class=\"wp-block-image size-large\"><img loading=\"lazy\" decoding=\"async\" width=\"720\" height=\"540\" data-id=\"17571\" src=\"https:\/\/www.agriculture-machine.com\/wp-content\/uploads\/2026\/03\/tractor-driven-manure-spreader-machine.webp\" alt=\"Trakt\u00f6r tahrikli g\u00fcbre serpme makinesi\" class=\"wp-image-17571\" srcset=\"https:\/\/www.agriculture-machine.com\/wp-content\/uploads\/2026\/03\/tractor-driven-manure-spreader-machine.webp 720w, https:\/\/www.agriculture-machine.com\/wp-content\/uploads\/2026\/03\/tractor-driven-manure-spreader-machine-360x270.webp 360w, https:\/\/www.agriculture-machine.com\/wp-content\/uploads\/2026\/03\/tractor-driven-manure-spreader-machine-240x180.webp 240w, https:\/\/www.agriculture-machine.com\/wp-content\/uploads\/2026\/03\/tractor-driven-manure-spreader-machine-16x12.webp 16w\" sizes=\"auto, (max-width: 720px) 100vw, 720px\" \/><figcaption class=\"wp-element-caption\">Trakt\u00f6r tahrikli g\u00fcbre serpme makinesi<\/figcaption><\/figure> <\/figure>    <h2 class=\"wp-block-heading\">Hayvanc\u0131l\u0131k g\u00fcbresi serpici makinesi \u00f6zellikleri<\/h2>    <figure class=\"wp-block-table is-style-stripes\"><table class=\"has-fixed-layout\"><tbody><tr><td><strong>\u00dcr\u00fcn<\/strong><\/td><td><strong>2FGH-3<\/strong><\/td><td><strong>2FGH-6<\/strong><\/td><td><strong>2FGH-8<\/strong><\/td><\/tr><tr><td>Silo hacmi<\/td><td>3m\u00b3<\/td><td>6m\u00b3<\/td><td>8m\u00b3<\/td><\/tr><tr><td>Genel boyut<\/td><td>4850*1800*2050mm<\/td><td>5750*2050*2430mm<\/td><td>6350*2200*2430mm<\/td><\/tr><tr><td>Yap\u0131sal form<\/td><td>Kutu tipi<\/td><td>Kutu tipi<\/td><td>Kutu tipi<\/td><\/tr><tr><td>\u00c7al\u0131\u015fma \u015fekli<\/td><td>Arka at\u0131\u015f<\/td><td>Arka at\u0131\u015f<\/td><td>Arka at\u0131\u015f<\/td><\/tr><tr><td>Organik G\u00fcbre <br>teslimat y\u00f6ntemi<\/td><td>Hidrolik zincir itici<\/td><td>Hidrolik zincir itici<\/td><td>Hidrolik zincir itici<\/td><\/tr><tr><td>Yay\u0131lma cihaz\u0131 tipi<\/td><td>Arka \u00e7ift disk<\/td><td>Arka \u00e7ift disk<\/td><td>Arka \u00e7ift disk<\/td><\/tr><tr><td>Yay\u0131lma geni\u015fli\u011fi<\/td><td>\u22655m<\/td><td>\u22655m<\/td><td>\u22655m<\/td><\/tr><tr><td>Disk say\u0131s\u0131<\/td><td>2 adet<\/td><td>2 adet<\/td><td>2 adet<\/td><\/tr><tr><td>Lastik<\/td><td>2 adet<\/td><td>2 adet<\/td><td>2 adet<\/td><\/tr><tr><td>Lastik numaras\u0131<\/td><td>20.5\/70-16<\/td><td>298\/60R22.5<\/td><td>295\/60R22.5<\/td><\/tr><tr><td>E\u015fle\u015ftirilmi\u015f g\u00fc\u00e7<\/td><td>\u226550HP<\/td><td>\u226560.3kw<\/td><td>\u226570kw<\/td><\/tr><tr><td>Maksimum y\u00fck kapasitesi<\/td><td>2400kg<\/td><td>4800kg<\/td><td>6000kg<\/td><\/tr><tr><td>\u00c7al\u0131\u015fma verimlili\u011fi<\/td><td>5-10dk\/ara\u00e7<\/td><td>5-10dk\/ara\u00e7<\/td><td>5-10dk\/ara\u00e7<\/td><\/tr><\/tbody><\/table><figcaption class=\"wp-element-caption\">G\u00fcbre serpme kamyonlar\u0131n\u0131n teknik parametreleri<\/figcaption><\/figure>    <p class=\"translation-block\">Ayr\u0131ca, <strong><em><a href=\"https:\/\/www.agriculture-machine.com\/tr\/cow-dung-cleaning-machine\/\">s\u0131\u011f\u0131r g\u00fcbresi temizleme ve toplama<\/a><\/em><\/strong> gibi di\u011fer tar\u0131m makineleri de sunuyoruz, b\u00f6ylece genel \u00e7iftlik y\u00f6netimi verimlili\u011finizi art\u0131rabilirsiniz. \u00dccretsiz teklif, ekipman videolar\u0131 ve uzman teknik tavsiye i\u00e7in bizimle ileti\u015fime ge\u00e7mekten \u00e7ekinmeyin.<\/p>","protected":false},"excerpt":{"rendered":"<p>Taizy PTO tahrikli g\u00fcbre serpme kamyonu kuru\/\u0131slak g\u00fcbre, organik\/gran\u00fcl g\u00fcbreleri verimli \u015fekilde i\u015fler. 3\u201312m\u00b3 kapasite ve 4\u201316m yay\u0131lma geni\u015fli\u011fi ile \u00e7iftli\u011finizi art\u0131r\u0131r ve i\u015f\u00e7ilik maliyetlerini d\u00fc\u015f\u00fcr\u00fcr.<\/p>","protected":false},"author":1,"featured_media":17573,"parent":0,"comment_status":"open","ping_status":"closed","template":"","tags":[2646],"product-type":[162,2],"class_list":["post-17559","product","type-product","status-publish","has-post-thumbnail","hentry","tag-manure","product-type-other-type","product-type-products"],"_links":{"self":[{"href":"https:\/\/www.agriculture-machine.com\/tr\/wp-json\/wp\/v2\/product\/17559","targetHints":{"allow":["GET"]}}],"collection":[{"href":"https:\/\/www.agriculture-machine.com\/tr\/wp-json\/wp\/v2\/product"}],"about":[{"href":"https:\/\/www.agriculture-machine.com\/tr\/wp-json\/wp\/v2\/types\/product"}],"author":[{"embeddable":true,"href":"https:\/\/www.agriculture-machine.com\/tr\/wp-json\/wp\/v2\/users\/1"}],"replies":[{"embeddable":true,"href":"https:\/\/www.agriculture-machine.com\/tr\/wp-json\/wp\/v2\/comments?post=17559"}],"wp:featuredmedia":[{"embeddable":true,"href":"https:\/\/www.agriculture-machine.com\/tr\/wp-json\/wp\/v2\/media\/17573"}],"wp:attachment":[{"href":"https:\/\/www.agriculture-machine.com\/tr\/wp-json\/wp\/v2\/media?parent=17559"}],"wp:term":[{"taxonomy":"post_tag","embeddable":true,"href":"https:\/\/www.agriculture-machine.com\/tr\/wp-json\/wp\/v2\/tags?post=17559"},{"taxonomy":"product-type","embeddable":true,"href":"https:\/\/www.agriculture-machine.com\/tr\/wp-json\/wp\/v2\/product-type?post=17559"}],"curies":[{"name":"wp","href":"https:\/\/api.w.org\/{rel}","templated":true}]}}