{"id":17605,"date":"2026-04-02T15:32:46","date_gmt":"2026-04-02T07:32:46","guid":{"rendered":"https:\/\/www.agriculture-machine.com\/?post_type=product&#038;p=17605"},"modified":"2026-04-02T15:32:48","modified_gmt":"2026-04-02T07:32:48","slug":"forage-harvester","status":"publish","type":"product","link":"https:\/\/www.agriculture-machine.com\/tr\/forage-harvester\/","title":{"rendered":"Silaj i\u00e7in yem bi\u00e7erd\u00f6veri: Tekerlekli, Paletli ve Montajl\u0131 \u00c7\u00f6z\u00fcmler"},"content":{"rendered":"<p>Yem bi\u00e7me makinesi, kesme, do\u011frama, ta\u015f\u0131ma ve bo\u015faltmay\u0131 tek bir birimde entegre eden modern bir tar\u0131m ve hayvanc\u0131l\u0131k makinesidir. M\u0131s\u0131r saplar\u0131, yem otu ve sorgum gibi silaj bitkilerinin hasad\u0131 ve i\u015flenmesinde yayg\u0131n olarak kullan\u0131l\u0131r. S\u00fcrekli \u00e7al\u0131\u015fma ve ayn\u0131 anda hasat ve y\u00fckleme imkan\u0131 sa\u011flar, b\u00f6ylece manuel i\u015f g\u00fcc\u00fc ihtiyac\u0131n\u0131 \u00f6nemli \u00f6l\u00e7\u00fcde azalt\u0131r ve operasyonel verimlili\u011fi art\u0131r\u0131r.<\/p>    <p>Model ve konfig\u00fcrasyona ba\u011fl\u0131 olarak, ekipman saatte 0.3\u20131.0 hektar aras\u0131nda \u00e7al\u0131\u015fma verimi sa\u011flayabilir, ayarlanabilir do\u011frama uzunluklar\u0131yla (genellikle 5\u201320 mm). Bu, silaj\u0131n s\u0131k\u0131\u015ft\u0131r\u0131lmas\u0131n\u0131 ve fermente edilmesini kolayla\u015ft\u0131r\u0131r, b\u00f6ylece yem kalitesini ve kullan\u0131m\u0131n\u0131 art\u0131r\u0131r.<\/p>    <figure class=\"wp-block-embed aligncenter is-type-video is-provider-youtube wp-block-embed-youtube wp-embed-aspect-16-9 wp-has-aspect-ratio\"><div class=\"wp-block-embed__wrapper\"> <iframe loading=\"lazy\" title=\"T\u00fcrel tipi silaj bi\u00e7me makinesi | G\u00fc\u00e7l\u00fc Performans ile Verimli Yem Hasad\u0131#silaj\" width=\"500\" height=\"281\" src=\"https:\/\/www.youtube.com\/embed\/uG3zA_K-sQ0?feature=oembed\" frameborder=\"0\" allow=\"accelerometer; autoplay; clipboard-write; encrypted-media; gyroscope; picture-in-picture; web-share\" referrerpolicy=\"strict-origin-when-cross-origin\" allowfullscreen><\/iframe> <\/div><figcaption class=\"wp-element-caption\">Kendi kendine hareket eden ye\u015fil yem bi\u00e7me makinesinin \u00e7al\u0131\u015fma videosu<\/figcaption><\/figure>    <p>Bu seri, tekerlekli, t\u00fcrel ve s\u0131rt \u00e7antas\u0131 modelleri dahil olmak \u00fczere \u00e7e\u015fitli silaj ba\u015fl\u0131klar\u0131 sunar, arazi ko\u015fullar\u0131 ve operasyon \u00f6l\u00e7e\u011fine g\u00f6re esnek se\u00e7im imkan\u0131 sa\u011flar. \u00c7ay\u0131rlar, hayvanc\u0131l\u0131k \u00e7iftlikleri ve tar\u0131m kooperatifleri i\u00e7in uygundur, bu makineler mekanize ve b\u00fcy\u00fck \u00f6l\u00e7ekli silaj \u00fcretimine yard\u0131mc\u0131 olur.<\/p>    <h2 class=\"wp-block-heading\">Yem bi\u00e7me makinesinin uygulamalar\u0131<\/h2>    <p>Silaj bi\u00e7me makineleri, \u00e7e\u015fitli yem bitkilerinin hasad\u0131 ve i\u015flenmesi i\u00e7in kullan\u0131l\u0131r ve geni\u015f uygulama alan\u0131na sahiptir:<\/p>    <ul class=\"wp-block-list\"> <li>M\u0131s\u0131r silaj\u0131n\u0131n t\u00fcm bitki hasad\u0131 ve do\u011franmas\u0131.<\/li>    <li>Alfalfa ve \u00e7ay\u0131r otu gibi yem bitkilerinin i\u015flenmesi.<\/li>    <li>Sorgum ve \u015feker kam\u0131\u015f\u0131 gibi saman bitkilerinin kullan\u0131m\u0131.<\/li>    <li>Hayvan \u00e7iftliklerinde g\u00fcnl\u00fck yem i\u015fleme ve depolama.<\/li>    <li>Tar\u0131m kooperatifleri ve b\u00fcy\u00fck \u00f6l\u00e7ekli \u00e7iftliklerde merkezi operasyonlar.<\/li> <\/ul>    <figure class=\"wp-block-gallery has-nested-images columns-default is-cropped wp-block-gallery-2 is-layout-flex wp-block-gallery-is-layout-flex\"> <figure class=\"wp-block-image size-large\"><img loading=\"lazy\" decoding=\"async\" width=\"720\" height=\"540\" data-id=\"17612\" src=\"https:\/\/www.agriculture-machine.com\/wp-content\/uploads\/2026\/04\/wheeled-forage-harvester.webp\" alt=\"Tekerlekli yem bi\u00e7me makinesi\" class=\"wp-image-17612\" srcset=\"https:\/\/www.agriculture-machine.com\/wp-content\/uploads\/2026\/04\/wheeled-forage-harvester.webp 720w, https:\/\/www.agriculture-machine.com\/wp-content\/uploads\/2026\/04\/wheeled-forage-harvester-360x270.webp 360w, https:\/\/www.agriculture-machine.com\/wp-content\/uploads\/2026\/04\/wheeled-forage-harvester-240x180.webp 240w, https:\/\/www.agriculture-machine.com\/wp-content\/uploads\/2026\/04\/wheeled-forage-harvester-16x12.webp 16w\" sizes=\"auto, (max-width: 720px) 100vw, 720px\" \/><figcaption class=\"wp-element-caption\">Tekerlekli yem bi\u00e7me makinesi<\/figcaption><\/figure>    <figure class=\"wp-block-image size-large\"><img loading=\"lazy\" decoding=\"async\" width=\"720\" height=\"540\" data-id=\"17611\" src=\"https:\/\/www.agriculture-machine.com\/wp-content\/uploads\/2026\/04\/self\u2011propelled-silage-harvester.webp\" alt=\"Kendi kendine hareket eden silaj bi\u00e7me makinesi\" class=\"wp-image-17611\" srcset=\"https:\/\/www.agriculture-machine.com\/wp-content\/uploads\/2026\/04\/self\u2011propelled-silage-harvester.webp 720w, https:\/\/www.agriculture-machine.com\/wp-content\/uploads\/2026\/04\/self\u2011propelled-silage-harvester-360x270.webp 360w, https:\/\/www.agriculture-machine.com\/wp-content\/uploads\/2026\/04\/self\u2011propelled-silage-harvester-240x180.webp 240w, https:\/\/www.agriculture-machine.com\/wp-content\/uploads\/2026\/04\/self\u2011propelled-silage-harvester-16x12.webp 16w\" sizes=\"auto, (max-width: 720px) 100vw, 720px\" \/><figcaption class=\"wp-element-caption\">Kendi kendine hareket eden silaj bi\u00e7me makinesi<\/figcaption><\/figure> <\/figure>    <h2 class=\"wp-block-heading\">Silaj bi\u00e7me makinesi yap\u0131sal avantajlar\u0131<\/h2>    <p>Yap\u0131sal tasar\u0131m a\u00e7\u0131s\u0131ndan, yem bi\u00e7me makinesi dayan\u0131kl\u0131l\u0131k ve operasyonel stabiliteye daha fazla \u00f6nem verir:<\/p>    <ul class=\"wp-block-list\"> <li>Y\u00fcksek verimli do\u011frama sistemi: uniform do\u011frama sa\u011flayan a\u015f\u0131nmaya dayan\u0131kl\u0131 ala\u015f\u0131ml\u0131 b\u0131\u00e7aklar ile donat\u0131lm\u0131\u015f, silaj kalitesini art\u0131r\u0131r.<\/li>    <li>G\u00fc\u00e7l\u00fc at\u0131\u015f sistemi: uzun at\u0131\u015f mesafesi, do\u011frudan kamyonlara y\u00fckleme sa\u011flar, ara ad\u0131mlar\u0131 azalt\u0131r.<\/li>    <li>Hidrolik kontrol sistemi: esnek \u00e7al\u0131\u015fma, farkl\u0131 bitki y\u00fcksekli\u011fi ve yo\u011funlu\u011funa uyum sa\u011flar.<\/li>    <li>Kompakt \u015fasi tasar\u0131m\u0131: \u00e7evik d\u00f6n\u00fc\u015f ve m\u00fckemmel manevra kabiliyeti, \u00e7e\u015fitli arazi ko\u015fullar\u0131na uygundur.<\/li>    <li>G\u00fc\u00e7lendirilmi\u015f anahtar bile\u015fenler: hizmet \u00f6mr\u00fcn\u00fc uzat\u0131r ve bak\u0131m maliyetlerini azalt\u0131r.<\/li> <\/ul>    <h2 class=\"wp-block-heading\">Yem bi\u00e7me makinesi nas\u0131l \u00e7al\u0131\u015f\u0131r?<\/h2>    <p>Silaj bi\u00e7me makinesi, g\u00fc\u00e7 aktar\u0131m\u0131n\u0131 kullanarak \u00f6n monte edilen ba\u015fl\u0131\u011f\u0131 hareket ettirir, bu ba\u015fl\u0131k bitkiyi keser ve do\u011frama \u00fcnitesine besler, burada y\u00fcksek h\u0131zda d\u00f6nen b\u0131\u00e7aklar taraf\u0131ndan par\u00e7alan\u0131r.<\/p>    <p>The material is then carried by an airflow generated by the fan into the discharge chute and directly discharged into the transport vehicle, achieving an integrated &#8220;harvesting\u2013chopping\u2013loading&#8221; workflow.<\/p>    <figure class=\"wp-block-embed aligncenter is-type-video is-provider-youtube wp-block-embed-youtube wp-embed-aspect-16-9 wp-has-aspect-ratio\"><div class=\"wp-block-embed__wrapper\"> <iframe loading=\"lazy\" title=\"Silaj Bi\u00e7me Makinesi Tarlada \u00c7al\u0131\u015f\u0131yor | Y\u00fcksek Verimli Yem Hasad\u0131 \ud83c\udf3d\ud83d\ude9c#silaj\" width=\"500\" height=\"281\" src=\"https:\/\/www.youtube.com\/embed\/Nyi1S7FPDEs?feature=oembed\" frameborder=\"0\" allow=\"accelerometer; autoplay; clipboard-write; encrypted-media; gyroscope; picture-in-picture; web-share\" referrerpolicy=\"strict-origin-when-cross-origin\" allowfullscreen><\/iframe> <\/div><figcaption class=\"wp-element-caption\">Tarlada silaj bi\u00e7me makinesi \u00e7al\u0131\u015f\u0131rken video<\/figcaption><\/figure>    <h2 class=\"wp-block-heading\">\u00dc\u00e7 tip silaj bi\u00e7me makinesinin tan\u0131t\u0131m\u0131<\/h2>    <h3 class=\"wp-block-heading\">Tekerlekli silaj bi\u00e7me makinesi<\/h3>    <p>Tekerlekli modeller, d\u00fcz ve b\u00fcy\u00fck \u00f6l\u00e7ekli tarla operasyonlar\u0131 i\u00e7in uygundur.<\/p>    <p>H\u0131zl\u0131 seyahat h\u0131zlar\u0131, y\u00fcksek operasyonel verimlilik ve kolay ta\u015f\u0131nabilirlik ile b\u00fcy\u00fck \u00f6l\u00e7ekli \u00e7iftlik operasyonlar\u0131 i\u00e7in idealdir.<\/p>    <h3 class=\"wp-block-heading\">\u0130zli silaj bi\u00e7me makinesi<\/h3>    <p>\u0130zli modeller, \u00f6zellikle \u00e7amurlu, \u0131slak veya karma\u015f\u0131k arazi ko\u015fullar\u0131 i\u00e7in tasarlanm\u0131\u015ft\u0131r.<\/p>    <p>\u0130yi \u00e7eki\u015f g\u00fcc\u00fc ve stabilite sa\u011flar, kayma olas\u0131l\u0131\u011f\u0131 d\u00fc\u015f\u00fckt\u00fcr ve \u00f6zellikle g\u00fcney b\u00f6lgelerdeki pirin\u00e7 tarlalar\u0131 veya ya\u011f\u0131\u015fl\u0131 sezon \u00e7al\u0131\u015fma ko\u015fullar\u0131 i\u00e7in uygundur.<\/p>    <h3 class=\"wp-block-heading\">Montajl\u0131 silaj kesici<\/h3>    <p>Montajl\u0131 kesiciler, trakt\u00f6r ile kullan\u0131l\u0131r ve toplam yat\u0131r\u0131m maliyetlerini d\u00fc\u015f\u00fcr\u00fcr.<\/p>    <p>Y\u00fcksek esneklik sunar ve k\u00fc\u00e7\u00fck ile orta \u00f6l\u00e7ekli \u00e7ift\u00e7iler veya da\u011f\u0131n\u0131k parsellerdeki operasyonlar i\u00e7in uygundur, bu da onlar\u0131 ekonomik ve pratik bir se\u00e7enek haline getirir.<\/p>    <figure class=\"wp-block-gallery has-nested-images columns-default is-cropped wp-block-gallery-3 is-layout-flex wp-block-gallery-is-layout-flex\"> <figure class=\"wp-block-image size-large\"><img loading=\"lazy\" decoding=\"async\" width=\"720\" height=\"540\" data-id=\"17614\" src=\"https:\/\/www.agriculture-machine.com\/wp-content\/uploads\/2026\/04\/silage-straw-cutting-harvester.webp\" alt=\"silaj saman kesme bi\u00e7me makinesi\" class=\"wp-image-17614\" srcset=\"https:\/\/www.agriculture-machine.com\/wp-content\/uploads\/2026\/04\/silage-straw-cutting-harvester.webp 720w, https:\/\/www.agriculture-machine.com\/wp-content\/uploads\/2026\/04\/silage-straw-cutting-harvester-360x270.webp 360w, https:\/\/www.agriculture-machine.com\/wp-content\/uploads\/2026\/04\/silage-straw-cutting-harvester-240x180.webp 240w, https:\/\/www.agriculture-machine.com\/wp-content\/uploads\/2026\/04\/silage-straw-cutting-harvester-16x12.webp 16w\" sizes=\"auto, (max-width: 720px) 100vw, 720px\" \/><figcaption class=\"wp-element-caption\">silaj saman kesme bi\u00e7me makinesi<\/figcaption><\/figure>    <figure class=\"wp-block-image size-large\"><img loading=\"lazy\" decoding=\"async\" width=\"720\" height=\"540\" data-id=\"17613\" src=\"https:\/\/www.agriculture-machine.com\/wp-content\/uploads\/2026\/04\/crawler-silage-harvesting-machine.webp\" alt=\"T\u00fcrel silaj hasat makinesi\" class=\"wp-image-17613\" srcset=\"https:\/\/www.agriculture-machine.com\/wp-content\/uploads\/2026\/04\/crawler-silage-harvesting-machine.webp 720w, https:\/\/www.agriculture-machine.com\/wp-content\/uploads\/2026\/04\/crawler-silage-harvesting-machine-360x270.webp 360w, https:\/\/www.agriculture-machine.com\/wp-content\/uploads\/2026\/04\/crawler-silage-harvesting-machine-240x180.webp 240w, https:\/\/www.agriculture-machine.com\/wp-content\/uploads\/2026\/04\/crawler-silage-harvesting-machine-16x12.webp 16w\" sizes=\"auto, (max-width: 720px) 100vw, 720px\" \/><figcaption class=\"wp-element-caption\">T\u00fcrel silaj hasat makinesi<\/figcaption><\/figure> <\/figure>    <h2 class=\"wp-block-heading\">What&#8217;s the price of a green feed harvester?<\/h2>    <p>Yem bi\u00e7me makinelerinin fiyatlar\u0131, esas olarak ekipman tipi, g\u00fc\u00e7 \u00f6zellikleri ve fonksiyonel farklara ba\u011fl\u0131d\u0131r:<\/p>    <ul class=\"wp-block-list\"> <li>S\u0131rt \u00e7antas\u0131 tarz\u0131: d\u00fc\u015f\u00fck ba\u015flang\u0131\u00e7 yat\u0131r\u0131m\u0131, s\u0131n\u0131rl\u0131 b\u00fct\u00e7eleri olan kullan\u0131c\u0131lar i\u00e7in uygundur.<\/li>    <li>Tekerlekli\/t\u00fcrel: nispeten daha y\u00fcksek fiyat, ancak daha fazla verimlilik ve daha y\u00fcksek otomasyon seviyesi ile.<\/li> <\/ul>    <p>M\u00fc\u015fteri ihtiya\u00e7lar\u0131na g\u00f6re \u00f6zelle\u015ftirilmi\u015f konfig\u00fcrasyonlar sunuyoruz. Detayl\u0131 fiyat teklifleri ve \u00f6neriler i\u00e7in bizimle ileti\u015fime ge\u00e7mekten \u00e7ekinmeyin.<\/p>    <h2 class=\"wp-block-heading\">Uygun yem bi\u00e7me makinesi nas\u0131l se\u00e7ilir?<\/h2>    <p>Silaj bi\u00e7me makinesi sat\u0131n al\u0131rken a\u015fa\u011f\u0131daki fakt\u00f6rlere odaklanman\u0131z\u0131 \u00f6neririz:<\/p>    <ul class=\"wp-block-list\"> <li>Arazi ko\u015fullar\u0131: d\u00fcz arazi i\u00e7in tekerlekli modeller tercih edilir, karma\u015f\u0131k arazi i\u00e7in ise t\u00fcrel modeller \u00f6nerilir.<\/li>    <li>Operasyon \u00f6l\u00e7e\u011fi: alan ne kadar b\u00fcy\u00fckse, model o kadar verimli olmal\u0131d\u0131r.<\/li>    <li>G\u00fc\u00e7 uyumu: trakt\u00f6r veya kendi kendine hareket eden sistemin g\u00fcc\u00fcn\u00fcn uyumlu oldu\u011fundan emin olun.<\/li>    <li>Do\u011framan\u0131n performans\u0131: bu, silaj kalitesini ve sonraki kullan\u0131m\u0131 do\u011frudan etkiler.<\/li>    <li>Sat\u0131\u015f sonras\u0131 hizmet: ekipman\u0131n uzun vadeli, stabil \u00e7al\u0131\u015fmas\u0131n\u0131 sa\u011flay\u0131n.<\/li> <\/ul>    <figure class=\"wp-block-gallery has-nested-images columns-default is-cropped wp-block-gallery-4 is-layout-flex wp-block-gallery-is-layout-flex\"> <figure class=\"wp-block-image size-large\"><img loading=\"lazy\" decoding=\"async\" width=\"720\" height=\"540\" data-id=\"17615\" src=\"https:\/\/www.agriculture-machine.com\/wp-content\/uploads\/2026\/04\/corn-forage-harvester-machine.webp\" alt=\"M\u0131s\u0131r yem karma bi\u00e7me makinesi\" class=\"wp-image-17615\" srcset=\"https:\/\/www.agriculture-machine.com\/wp-content\/uploads\/2026\/04\/corn-forage-harvester-machine.webp 720w, https:\/\/www.agriculture-machine.com\/wp-content\/uploads\/2026\/04\/corn-forage-harvester-machine-360x270.webp 360w, https:\/\/www.agriculture-machine.com\/wp-content\/uploads\/2026\/04\/corn-forage-harvester-machine-240x180.webp 240w, https:\/\/www.agriculture-machine.com\/wp-content\/uploads\/2026\/04\/corn-forage-harvester-machine-16x12.webp 16w\" sizes=\"auto, (max-width: 720px) 100vw, 720px\" \/><figcaption class=\"wp-element-caption\">M\u0131s\u0131r yem karma bi\u00e7me makinesi<\/figcaption><\/figure>    <figure class=\"wp-block-image size-large\"><img loading=\"lazy\" decoding=\"async\" width=\"720\" height=\"540\" data-id=\"17616\" src=\"https:\/\/www.agriculture-machine.com\/wp-content\/uploads\/2026\/04\/forage-crop-harvesting-machine.webp\" alt=\"yem bitkisi hasat makinesi\" class=\"wp-image-17616\" srcset=\"https:\/\/www.agriculture-machine.com\/wp-content\/uploads\/2026\/04\/forage-crop-harvesting-machine.webp 720w, https:\/\/www.agriculture-machine.com\/wp-content\/uploads\/2026\/04\/forage-crop-harvesting-machine-360x270.webp 360w, https:\/\/www.agriculture-machine.com\/wp-content\/uploads\/2026\/04\/forage-crop-harvesting-machine-240x180.webp 240w, https:\/\/www.agriculture-machine.com\/wp-content\/uploads\/2026\/04\/forage-crop-harvesting-machine-16x12.webp 16w\" sizes=\"auto, (max-width: 720px) 100vw, 720px\" \/><figcaption class=\"wp-element-caption\">yem bitkisi hasat makinesi<\/figcaption><\/figure> <\/figure>    <h2 class=\"wp-block-heading\">Silaj ye\u015fil yem bi\u00e7me makinesi teknik parametreleri<\/h2>    <figure class=\"wp-block-table is-style-stripes\"><table class=\"has-fixed-layout\"><tbody><tr><td><strong>\u00dcr\u00fcn<\/strong><\/td><td><strong>Tekerlekli Tip<\/strong><\/td><td><strong>T\u00fcrel Tip<\/strong><\/td><td><strong>Montajl\u0131 Tip<\/strong><\/td><\/tr><tr><td>G\u00fc\u00e7<\/td><td>50\u2013100 HP<\/td><td>60\u2013120 HP<\/td><td>\u226550 HP Trakt\u00f6r<\/td><\/tr><tr><td>Kapasite<\/td><td>0.5\u20131.0 ha\/h<\/td><td>0.3\u20130.8 ha\/h<\/td><td>0.3\u20130.6 ha\/h<\/td><\/tr><tr><td>Kesme Uzunlu\u011fu<\/td><td>5\u201320 mm<\/td><td>5\u201320 mm<\/td><td>5\u201320 mm<\/td><\/tr><tr><td>\u00c7al\u0131\u015fma Geni\u015fli\u011fi<\/td><td>1.3\u20132.2 m<\/td><td>1.3\u20132.0 m<\/td><td>1.0\u20131.8 m<\/td><\/tr><tr><td>Bo\u015faltma T\u00fcr\u00fc<\/td><td>Hidrolik atma<\/td><td>Hidrolik atma<\/td><td>PTO ile \u00e7al\u0131\u015ft\u0131r\u0131l\u0131r<\/td><\/tr><tr><td>Uygulama<\/td><td>D\u00fcz arazi<\/td><td>Islak\/kaba arazi<\/td><td>K\u00fc\u00e7\u00fck \u00e7iftlikler<\/td><\/tr><\/tbody><\/table><figcaption class=\"wp-element-caption\">Yem bi\u00e7me makinelerinin teknik parametreleri<\/figcaption><\/figure>    <p class=\"translation-block\">Chaff kesiciler gibi ekipmanlarla birlikte kullan\u0131ld\u0131\u011f\u0131nda <strong><em><a href=\"https:\/\/www.agriculture-machine.com\/tr\/silage-machine\/sliage-baler\/\">silaj balyalama ve ambalaj makineleri<\/a><\/em><\/strong>, bu yem bi\u00e7me makinesi, hasattan depolamaya ve kullan\u0131ma kadar her \u015feyi kapsayan tam bir sistem olu\u015fturabilir, hayvanc\u0131l\u0131k verimlili\u011fini \u00f6nemli \u00f6l\u00e7\u00fcde art\u0131r\u0131r.<\/p>    <p>Y\u00fcksek verimli, g\u00fcvenilir silaj \u00e7\u00f6z\u00fcm\u00fc ar\u0131yorsan\u0131z, l\u00fctfen herhangi bir zamanda ekipman videolar\u0131, fiyat teklifleri ve ki\u015fiselle\u015ftirilmi\u015f \u00f6neriler i\u00e7in bizimle ileti\u015fime ge\u00e7mekten \u00e7ekinmeyin!<\/p>","protected":false},"excerpt":{"rendered":"<p>Yem bi\u00e7me makinesi, kesme, do\u011frama ve \u00fcfleme i\u015flemlerini entegre ederek verimli silaj hasad\u0131 sa\u011flar. Birden fazla tipi mevcuttur, farkl\u0131 arazi ko\u015fullar\u0131na uyum sa\u011flar ve verimlili\u011fi art\u0131r\u0131rken i\u015f g\u00fcc\u00fcn\u00fc azalt\u0131r.<\/p>","protected":false},"author":1,"featured_media":17610,"parent":0,"comment_status":"open","ping_status":"closed","template":"","tags":[772,591],"product-type":[162,2],"class_list":["post-17605","product","type-product","status-publish","has-post-thumbnail","hentry","tag-forage","tag-silage","product-type-other-type","product-type-products"],"_links":{"self":[{"href":"https:\/\/www.agriculture-machine.com\/tr\/wp-json\/wp\/v2\/product\/17605","targetHints":{"allow":["GET"]}}],"collection":[{"href":"https:\/\/www.agriculture-machine.com\/tr\/wp-json\/wp\/v2\/product"}],"about":[{"href":"https:\/\/www.agriculture-machine.com\/tr\/wp-json\/wp\/v2\/types\/product"}],"author":[{"embeddable":true,"href":"https:\/\/www.agriculture-machine.com\/tr\/wp-json\/wp\/v2\/users\/1"}],"replies":[{"embeddable":true,"href":"https:\/\/www.agriculture-machine.com\/tr\/wp-json\/wp\/v2\/comments?post=17605"}],"wp:featuredmedia":[{"embeddable":true,"href":"https:\/\/www.agriculture-machine.com\/tr\/wp-json\/wp\/v2\/media\/17610"}],"wp:attachment":[{"href":"https:\/\/www.agriculture-machine.com\/tr\/wp-json\/wp\/v2\/media?parent=17605"}],"wp:term":[{"taxonomy":"post_tag","embeddable":true,"href":"https:\/\/www.agriculture-machine.com\/tr\/wp-json\/wp\/v2\/tags?post=17605"},{"taxonomy":"product-type","embeddable":true,"href":"https:\/\/www.agriculture-machine.com\/tr\/wp-json\/wp\/v2\/product-type?post=17605"}],"curies":[{"name":"wp","href":"https:\/\/api.w.org\/{rel}","templated":true}]}}