{"id":17641,"date":"2026-04-17T15:23:34","date_gmt":"2026-04-17T07:23:34","guid":{"rendered":"https:\/\/www.agriculture-machine.com\/?post_type=product&#038;p=17641"},"modified":"2026-04-17T15:23:35","modified_gmt":"2026-04-17T07:23:35","slug":"tmr-vertical-feed-mixer","status":"publish","type":"product","link":"https:\/\/www.agriculture-machine.com\/tr\/tmr-vertical-feed-mixer\/","title":{"rendered":"TMR Dikey Yem Kar\u0131\u015ft\u0131r\u0131c\u0131 | Silaj Kar\u0131\u015ft\u0131rma Vagonu"},"content":{"rendered":"<p>TMR dikey yem kar\u0131\u015ft\u0131r\u0131c\u0131, b\u00fcy\u00fck \u00f6l\u00e7ekli s\u00fct \u00e7iftliklerinde toplam kar\u0131\u015f\u0131k rasyonlar\u0131n haz\u0131rlanmas\u0131nda kullan\u0131l\u0131r. Dikey vida kar\u0131\u015ft\u0131rma sistemi, silaj, kuru ot, saman, konsantreler ve mineral takviyelerini do\u011fru oranlarda iyice harmanlar, b\u00f6ylece beslenme a\u00e7\u0131s\u0131ndan dengeli yem sa\u011flar.<\/p>    <p>Ekipman, 3 ile 36 m\u00b3 aras\u0131nda kapasitelere sahiptir. Yayg\u0131n 7 m\u00b3 modeli (9JGL-7), orta \u00f6l\u00e7ekli s\u0131\u011f\u0131r \u00e7iftliklerinin g\u00fcnl\u00fck ihtiya\u00e7lar\u0131n\u0131 kar\u015f\u0131lar ve genellikle 5 ila 15 dakika i\u00e7inde homojen kar\u0131\u015ft\u0131rma sa\u011flar. <\/p>    <p>Yakla\u015f\u0131k 3.000\u20134.000 kg\/saat \u00fcretim kapasitesi ve 70 beygir veya daha fazla g\u00fc\u00e7 sistemi ile, s\u0131\u011f\u0131r, koyun ve di\u011fer hayvanlar\u0131 yeti\u015ftiren hayvan \u00e7iftlikleri i\u00e7in uygundur.<\/p>    <p>Dikey yem kar\u0131\u015ft\u0131r\u0131c\u0131, a\u015f\u0131nmaya dayan\u0131kl\u0131 ala\u015f\u0131m b\u0131\u00e7aklar ve takviye edilmi\u015f \u00e7elik levha yap\u0131s\u0131 ile birlikte, tart\u0131m sistemi ve y\u00fcksek mukavemetli di\u015fli kutusu tasar\u0131m\u0131 ile donat\u0131lm\u0131\u015ft\u0131r. Bu, yem homojenli\u011fini art\u0131r\u0131r, se\u00e7ici yem yemeyi azalt\u0131r ve yem kullan\u0131m\u0131n\u0131 optimize eder, b\u00f6ylece modern, standartla\u015ft\u0131r\u0131lm\u0131\u015f hayvan \u00e7iftlikleri i\u00e7in vazge\u00e7ilmez bir ekipmand\u0131r.<\/p>    <figure class=\"wp-block-embed aligncenter is-type-video is-provider-youtube wp-block-embed-youtube wp-embed-aspect-16-9 wp-has-aspect-ratio\"><div class=\"wp-block-embed__wrapper\"> <iframe loading=\"lazy\" title=\"Dikey TMR Silaj Yemi Kar\u0131\u015ft\u0131r\u0131c\u0131 | Y\u00fcksek Verimli Hayvan Yemi \u00c7\u00f6z\u00fcm\u00fc \ud83d\ude9c\ud83d\udc04#silaj #kar\u0131\u015ft\u0131r\u0131c\u0131\" width=\"500\" height=\"281\" src=\"https:\/\/www.youtube.com\/embed\/fKL42jTkmH4?feature=oembed\" frameborder=\"0\" allow=\"accelerometer; autoplay; clipboard-write; encrypted-media; gyroscope; picture-in-picture; web-share\" referrerpolicy=\"strict-origin-when-cross-origin\" allowfullscreen><\/iframe> <\/div><figcaption class=\"wp-element-caption\">TMR silaj dikey yem kar\u0131\u015ft\u0131r\u0131c\u0131 makinenin \u00e7al\u0131\u015fma videosu<\/figcaption><\/figure>    <h2 class=\"wp-block-heading\">Hayvan yemi kar\u0131\u015ft\u0131r\u0131c\u0131 makine uygulamalar\u0131<\/h2>    <p>Bu ekipman, s\u00fct \u00e7iftlikleri, s\u0131\u011f\u0131r \u00e7iftlikleri, koyun \u00e7iftlikleri ve b\u00fcy\u00fck \u00f6l\u00e7ekli hayvan yeti\u015ftirme tesislerinde yayg\u0131n olarak kullan\u0131l\u0131r.<\/p>    <p>Silaj m\u0131s\u0131r, yonca, kuru ot, saman ve konsantre yemlerin uniform kar\u0131\u015ft\u0131r\u0131lmas\u0131 ve harmanlanmas\u0131 i\u00e7in kullan\u0131labilir. Bilimsel bir TMR besleme sistemi kurmaya yard\u0131mc\u0131 olur ve genel \u00e7ift\u00e7ilik verimlili\u011fini art\u0131r\u0131r.<\/p>    <h2 class=\"wp-block-heading\">Dikey yem kar\u0131\u015ft\u0131r\u0131c\u0131 avantajlar\u0131<\/h2>    <ul class=\"wp-block-list\"> <li>Y\u00fcksek kesme ve kar\u0131\u015ft\u0131rma verimlili\u011fi i\u00e7in Dikey spiral tasar\u0131m.<\/li>    <li>Ala\u015f\u0131m a\u015f\u0131nmaya dayan\u0131kl\u0131 b\u0131\u00e7aklar, uzun lifli saman kesimi i\u00e7in uygundur.<\/li>    <li>Hayvanlar\u0131n se\u00e7ici yem yemesini etkin \u015fekilde engeller ve diyet dengesini art\u0131r\u0131r.<\/li>    <li>Basit tasar\u0131m, d\u00fc\u015f\u00fck bak\u0131m maliyetleri ve m\u00fckemmel maliyet etkinli\u011fi.<\/li>    <li>Daha hassas dozajlama i\u00e7in tart\u0131m sistemi ile donat\u0131lm\u0131\u015ft\u0131r.<\/li>    <li>Daha uzun hizmet \u00f6mr\u00fc i\u00e7in takviye edilmi\u015f \u00e7elik levha yap\u0131s\u0131.<\/li>    <li>\u00c7oklu g\u00fc\u00e7 se\u00e7eneklerini destekler: dizel, elektrik motoru veya trakt\u00f6r.<\/li> <\/ul>    <figure class=\"wp-block-gallery has-nested-images columns-default is-cropped wp-block-gallery-2 is-layout-flex wp-block-gallery-is-layout-flex\"> <figure class=\"wp-block-image size-large\"><img loading=\"lazy\" decoding=\"async\" width=\"720\" height=\"540\" data-id=\"17646\" src=\"https:\/\/www.agriculture-machine.com\/wp-content\/uploads\/2026\/04\/feed-blending-machine.webp\" alt=\"yem kar\u0131\u015ft\u0131rma makinesi\" class=\"wp-image-17646\" srcset=\"https:\/\/www.agriculture-machine.com\/wp-content\/uploads\/2026\/04\/feed-blending-machine.webp 720w, https:\/\/www.agriculture-machine.com\/wp-content\/uploads\/2026\/04\/feed-blending-machine-360x270.webp 360w, https:\/\/www.agriculture-machine.com\/wp-content\/uploads\/2026\/04\/feed-blending-machine-240x180.webp 240w, https:\/\/www.agriculture-machine.com\/wp-content\/uploads\/2026\/04\/feed-blending-machine-16x12.webp 16w\" sizes=\"auto, (max-width: 720px) 100vw, 720px\" \/><figcaption class=\"wp-element-caption\">yem kar\u0131\u015ft\u0131rma makinesi<\/figcaption><\/figure>    <figure class=\"wp-block-image size-large\"><img loading=\"lazy\" decoding=\"async\" width=\"720\" height=\"540\" data-id=\"17647\" src=\"https:\/\/www.agriculture-machine.com\/wp-content\/uploads\/2026\/04\/vertical-silage-mixer-machine.webp\" alt=\"dikey silaj kar\u0131\u015ft\u0131r\u0131c\u0131 makine\" class=\"wp-image-17647\" srcset=\"https:\/\/www.agriculture-machine.com\/wp-content\/uploads\/2026\/04\/vertical-silage-mixer-machine.webp 720w, https:\/\/www.agriculture-machine.com\/wp-content\/uploads\/2026\/04\/vertical-silage-mixer-machine-360x270.webp 360w, https:\/\/www.agriculture-machine.com\/wp-content\/uploads\/2026\/04\/vertical-silage-mixer-machine-240x180.webp 240w, https:\/\/www.agriculture-machine.com\/wp-content\/uploads\/2026\/04\/vertical-silage-mixer-machine-16x12.webp 16w\" sizes=\"auto, (max-width: 720px) 100vw, 720px\" \/><figcaption class=\"wp-element-caption\">dikey silaj kar\u0131\u015ft\u0131r\u0131c\u0131 makine<\/figcaption><\/figure> <\/figure>    <h2 class=\"wp-block-heading\">TMR kar\u0131\u015ft\u0131r\u0131c\u0131 vagon teknik \u00f6zellikleri<\/h2>    <figure class=\"wp-block-table is-style-stripes\"><table class=\"has-fixed-layout\"><tbody><tr><td><strong>\u00dcr\u00fcn<\/strong><\/td><td><strong>\u015eartname<\/strong><\/td><td><strong>\u00dcr\u00fcn<\/strong><\/td><td><strong>\u015eartname<\/strong><\/td><\/tr><tr><td>Model<\/td><td>9JGL-7<\/td><td>Kar\u0131\u015ft\u0131rma Hacmi<\/td><td>7 m\u00b3<\/td><\/tr><tr><td>Yap\u0131<\/td><td>Dikey \u00c7eki\u015f Tipi<\/td><td>G\u00fc\u00e7 Kayna\u011f\u0131<\/td><td>Trakt\u00f6r PTO<\/td><\/tr><tr><td>Gerekli G\u00fc\u00e7<\/td><td>\u226570 HP<\/td><td>Di\u015fli Kutusu Markas\u0131<\/td><td>Jiangling Red\u00fckt\u00f6r<\/td><\/tr><tr><td>Ana Mil H\u0131z\u0131<\/td><td>23 r\/dak<\/td><td>Ana Mil Say\u0131s\u0131<\/td><td>1<\/td><\/tr><tr><td>B\u0131\u00e7ak Say\u0131s\u0131<\/td><td>7 b\u00fcy\u00fck   6 k\u00fc\u00e7\u00fck<\/td><td>B\u0131\u00e7ak Malzemesi<\/td><td>Cr12MoV<\/td><\/tr><tr><td>Makine Boyutu<\/td><td>3700 \u00d7 2200 \u00d7 2300 mm<\/td><td>\u00dcst Tank Boyutu<\/td><td>2700 \u00d7 2100 mm<\/td><\/tr><tr><td>\u00c7elik Kal\u0131nl\u0131\u011f\u0131<\/td><td>Yan 8 mm \/ Alt 20 mm<\/td><td>\u00c7\u0131k\u0131\u015f Kapasitesi<\/td><td>3000\u20134000 kg\/saat<\/td><\/tr><tr><td>Kontrol Sistemi<\/td><td>Tart\u0131m Sistemi<\/td><td>Bo\u015faltma \u00c7\u0131k\u0131\u015f\u0131<\/td><td>1<\/td><\/tr><tr><td>Besleme Y\u00f6ntemi<\/td><td>\u00dcstten Y\u00fckleme<\/td><td>\u0130\u015fletme T\u00fcr\u00fc<\/td><td>\u00c7eki\u015f T\u00fcr\u00fc<\/td><\/tr><\/tbody><\/table><figcaption class=\"wp-element-caption\">7 m\u00b3 dikey yem kar\u0131\u015ft\u0131r\u0131c\u0131 teknik parametreleri<\/figcaption><\/figure>    <figure class=\"wp-block-gallery has-nested-images columns-default is-cropped wp-block-gallery-3 is-layout-flex wp-block-gallery-is-layout-flex\"> <figure class=\"wp-block-image size-large\"><img loading=\"lazy\" decoding=\"async\" width=\"720\" height=\"540\" data-id=\"17649\" src=\"https:\/\/www.agriculture-machine.com\/wp-content\/uploads\/2026\/04\/vertical-feed-mixer.webp\" alt=\"dikey yem kar\u0131\u015ft\u0131r\u0131c\u0131\" class=\"wp-image-17649\" srcset=\"https:\/\/www.agriculture-machine.com\/wp-content\/uploads\/2026\/04\/vertical-feed-mixer.webp 720w, https:\/\/www.agriculture-machine.com\/wp-content\/uploads\/2026\/04\/vertical-feed-mixer-360x270.webp 360w, https:\/\/www.agriculture-machine.com\/wp-content\/uploads\/2026\/04\/vertical-feed-mixer-240x180.webp 240w, https:\/\/www.agriculture-machine.com\/wp-content\/uploads\/2026\/04\/vertical-feed-mixer-16x12.webp 16w\" sizes=\"auto, (max-width: 720px) 100vw, 720px\" \/><figcaption class=\"wp-element-caption\">dikey yem kar\u0131\u015ft\u0131r\u0131c\u0131<\/figcaption><\/figure>    <figure class=\"wp-block-image size-large\"><img loading=\"lazy\" decoding=\"async\" width=\"720\" height=\"540\" data-id=\"17648\" src=\"https:\/\/www.agriculture-machine.com\/wp-content\/uploads\/2026\/04\/total-mixed-ration-mixer.webp\" alt=\"toplam kar\u0131\u015f\u0131k rasyon kar\u0131\u015ft\u0131r\u0131c\u0131\" class=\"wp-image-17648\" srcset=\"https:\/\/www.agriculture-machine.com\/wp-content\/uploads\/2026\/04\/total-mixed-ration-mixer.webp 720w, https:\/\/www.agriculture-machine.com\/wp-content\/uploads\/2026\/04\/total-mixed-ration-mixer-360x270.webp 360w, https:\/\/www.agriculture-machine.com\/wp-content\/uploads\/2026\/04\/total-mixed-ration-mixer-240x180.webp 240w, https:\/\/www.agriculture-machine.com\/wp-content\/uploads\/2026\/04\/total-mixed-ration-mixer-16x12.webp 16w\" sizes=\"auto, (max-width: 720px) 100vw, 720px\" \/><figcaption class=\"wp-element-caption\">toplam kar\u0131\u015f\u0131k rasyon kar\u0131\u015ft\u0131r\u0131c\u0131<\/figcaption><\/figure> <\/figure>    <h2 class=\"wp-block-heading\">Dikey TMR silaj kar\u0131\u015ft\u0131r\u0131c\u0131 \u00e7al\u0131\u015fma prensibi<\/h2>    <p>Hammadde, y\u00fckleme kapa\u011f\u0131ndan i\u00e7eri girdikten sonra, dikey spiral b\u0131\u00e7ak \u015faft\u0131 ile yukar\u0131 do\u011fru kald\u0131r\u0131l\u0131r ve kesilir, alt b\u0131\u00e7aklar ise ikincil \u00f6\u011f\u00fctme yapar. Bu, farkl\u0131 hammaddelerin s\u00fcrekli d\u00f6nd\u00fcr\u00fcl\u00fcp kar\u0131\u015ft\u0131r\u0131lmas\u0131n\u0131 sa\u011flar. <\/p>    <p>Tam kar\u0131\u015f\u0131m oran\u0131n\u0131 hassas \u015fekilde kontrol eden tart\u0131m sistemi ile birlikte, kar\u0131\u015f\u0131m sonunda \u00e7\u0131k\u0131\u015ftan e\u015fit \u015fekilde bo\u015falt\u0131l\u0131r, b\u00f6ylece homojen kar\u0131\u015fm\u0131\u015f tam rasyonlar beslenir.<\/p>    <h2 class=\"wp-block-heading\">Do\u011fru TMR kar\u0131\u015ft\u0131r\u0131c\u0131 nas\u0131l se\u00e7ilir?<\/h2>    <p>Bir TMR kar\u0131\u015ft\u0131r\u0131c\u0131 se\u00e7erken, karar operasyonun \u00f6l\u00e7e\u011fine, g\u00fcnl\u00fck yem al\u0131m\u0131na ve saha ko\u015fullar\u0131na dayanmal\u0131d\u0131r. Ayr\u0131ca g\u00fc\u00e7 kayna\u011f\u0131n\u0131 (elektrikli motor, trakt\u00f6r veya dizel) ve tart\u0131m sistemi ile otomatik fonksiyonlar\u0131n gerekip gerekmedi\u011fini de g\u00f6z \u00f6n\u00fcnde bulundurmak \u00f6nemlidir.<\/p>    <p>K\u00fc\u00e7\u00fck \u00f6l\u00e7ekli \u00e7iftlikler 3\u20137 m\u00b3 kapasiteli modelleri tercih edebilir; orta \u00f6l\u00e7ekli \u00e7iftlikler 7\u201315 m\u00b3 modelleri \u00f6nerilir. B\u00fcy\u00fck \u00f6l\u00e7ekli operasyonlar ise 20 m\u00b3 veya daha fazla kapasiteye sahip ekipmanlar i\u00e7in en uygundur (a\u015fa\u011f\u0131daki \u015fekilde g\u00f6sterildi\u011fi gibi).<\/p>    <figure class=\"wp-block-gallery has-nested-images columns-default is-cropped wp-block-gallery-4 is-layout-flex wp-block-gallery-is-layout-flex\"> <figure class=\"wp-block-image size-large\"><img loading=\"lazy\" decoding=\"async\" width=\"720\" height=\"540\" data-id=\"17650\" src=\"https:\/\/www.agriculture-machine.com\/wp-content\/uploads\/2026\/04\/20-m\u00b3-vertical-feed-mixer.webp\" alt=\"20 m\u00b3 dikey yem kar\u0131\u015ft\u0131r\u0131c\u0131\" class=\"wp-image-17650\" srcset=\"https:\/\/www.agriculture-machine.com\/wp-content\/uploads\/2026\/04\/20-m\u00b3-vertical-feed-mixer.webp 720w, https:\/\/www.agriculture-machine.com\/wp-content\/uploads\/2026\/04\/20-m\u00b3-vertical-feed-mixer-360x270.webp 360w, https:\/\/www.agriculture-machine.com\/wp-content\/uploads\/2026\/04\/20-m\u00b3-vertical-feed-mixer-240x180.webp 240w, https:\/\/www.agriculture-machine.com\/wp-content\/uploads\/2026\/04\/20-m\u00b3-vertical-feed-mixer-16x12.webp 16w\" sizes=\"auto, (max-width: 720px) 100vw, 720px\" \/><figcaption class=\"wp-element-caption\">20 m\u00b3 dikey yem kar\u0131\u015ft\u0131r\u0131c\u0131<\/figcaption><\/figure>    <figure class=\"wp-block-image size-large\"><img loading=\"lazy\" decoding=\"async\" width=\"720\" height=\"540\" data-id=\"17651\" src=\"https:\/\/www.agriculture-machine.com\/wp-content\/uploads\/2026\/04\/large-feed-mixing-wagon.webp\" alt=\"b\u00fcy\u00fck yem kar\u0131\u015ft\u0131rma vagonu\" class=\"wp-image-17651\" srcset=\"https:\/\/www.agriculture-machine.com\/wp-content\/uploads\/2026\/04\/large-feed-mixing-wagon.webp 720w, https:\/\/www.agriculture-machine.com\/wp-content\/uploads\/2026\/04\/large-feed-mixing-wagon-360x270.webp 360w, https:\/\/www.agriculture-machine.com\/wp-content\/uploads\/2026\/04\/large-feed-mixing-wagon-240x180.webp 240w, https:\/\/www.agriculture-machine.com\/wp-content\/uploads\/2026\/04\/large-feed-mixing-wagon-16x12.webp 16w\" sizes=\"auto, (max-width: 720px) 100vw, 720px\" \/><figcaption class=\"wp-element-caption\">b\u00fcy\u00fck yem kar\u0131\u015ft\u0131rma vagonu<\/figcaption><\/figure> <\/figure>    <h2 class=\"wp-block-heading\">Neden bizi se\u00e7melisiniz?<\/h2>    <p>Hayvan yemi ekipmanlar\u0131n\u0131n ara\u015ft\u0131rma, geli\u015ftirme ve \u00fcretiminde uzman\u0131z. Ekipmanlar\u0131m\u0131z y\u00fcksek mukavemetli, end\u00fcstriyel kalite malzemelerden imal edilmi\u015ftir ve kan\u0131tlanm\u0131\u015f yap\u0131sal tasar\u0131mlara sahiptir, b\u00f6ylece uzun vadeli, g\u00fcvenilir \u00e7al\u0131\u015fma sa\u011flar.<\/p>    <p class=\"translation-block\">Ayr\u0131ca <strong><em><a href=\"https:\/\/www.agriculture-machine.com\/tr\/horizontal-tmr-feed-mixer-for-sale-forage-mixer-mash-mixer\/\">yatay tip TMR yem kar\u0131\u015ft\u0131r\u0131c\u0131lar<\/a><\/em><\/strong> ve <strong><em><a href=\"https:\/\/www.agriculture-machine.com\/tr\/tmr-silage-mixer-and-spreader\/\">saman yem yayma makineleri<\/a><\/em><\/strong> de tedarik ediyoruz, t\u00fcm b\u00fcy\u00fckl\u00fckteki \u00e7iftliklerin ihtiya\u00e7lar\u0131n\u0131 kar\u015f\u0131lamak i\u00e7in. L\u00fctfen daha detayl\u0131 \u00e7\u00f6z\u00fcmler ve fiyat teklifleri i\u00e7in bizimle ileti\u015fime ge\u00e7mekten \u00e7ekinmeyin, b\u00f6ylece daha verimli, modern bir besleme sistemi olu\u015fturman\u0131za yard\u0131mc\u0131 oluruz.<\/p>","protected":false},"excerpt":{"rendered":"<p>TMR dikey yem kar\u0131\u015ft\u0131r\u0131c\u0131, silaj ve konsantre yemi e\u015fit \u015fekilde harmanlayacak \u015fekilde tasarlanm\u0131\u015ft\u0131r, b\u00f6ylece yem kullan\u0131m\u0131n\u0131 art\u0131r\u0131r ve b\u00fcy\u00fck \u00f6l\u00e7ekli s\u0131\u011f\u0131r ve koyun \u00e7iftlikleri i\u00e7in uygundur.<\/p>","protected":false},"author":1,"featured_media":17652,"parent":0,"comment_status":"open","ping_status":"closed","template":"","tags":[772,591],"product-type":[2],"class_list":["post-17641","product","type-product","status-publish","has-post-thumbnail","hentry","tag-forage","tag-silage","product-type-products"],"_links":{"self":[{"href":"https:\/\/www.agriculture-machine.com\/tr\/wp-json\/wp\/v2\/product\/17641","targetHints":{"allow":["GET"]}}],"collection":[{"href":"https:\/\/www.agriculture-machine.com\/tr\/wp-json\/wp\/v2\/product"}],"about":[{"href":"https:\/\/www.agriculture-machine.com\/tr\/wp-json\/wp\/v2\/types\/product"}],"author":[{"embeddable":true,"href":"https:\/\/www.agriculture-machine.com\/tr\/wp-json\/wp\/v2\/users\/1"}],"replies":[{"embeddable":true,"href":"https:\/\/www.agriculture-machine.com\/tr\/wp-json\/wp\/v2\/comments?post=17641"}],"wp:featuredmedia":[{"embeddable":true,"href":"https:\/\/www.agriculture-machine.com\/tr\/wp-json\/wp\/v2\/media\/17652"}],"wp:attachment":[{"href":"https:\/\/www.agriculture-machine.com\/tr\/wp-json\/wp\/v2\/media?parent=17641"}],"wp:term":[{"taxonomy":"post_tag","embeddable":true,"href":"https:\/\/www.agriculture-machine.com\/tr\/wp-json\/wp\/v2\/tags?post=17641"},{"taxonomy":"product-type","embeddable":true,"href":"https:\/\/www.agriculture-machine.com\/tr\/wp-json\/wp\/v2\/product-type?post=17641"}],"curies":[{"name":"wp","href":"https:\/\/api.w.org\/{rel}","templated":true}]}}