{"id":180,"date":"2018-07-12T07:09:54","date_gmt":"2018-07-11T23:09:54","guid":{"rendered":"https:\/\/www.agriculture-machine.com\/?p=180"},"modified":"2024-08-20T17:41:00","modified_gmt":"2024-08-20T09:41:00","slug":"peanut-sheller","status":"publish","type":"product","link":"https:\/\/www.agriculture-machine.com\/tr\/peanut-sheller\/","title":{"rendered":"Yerf\u0131st\u0131\u011f\u0131 Kabuk Ay\u0131r\u0131c\u0131 \/ yerf\u0131st\u0131\u011f\u0131 kabuklama fabrikas\u0131"},"content":{"rendered":"<h2 class=\"wp-block-heading\">F\u0131st\u0131k Kabuk Ay\u0131r\u0131c\u0131 Makine Tan\u0131t\u0131m\u0131<\/h2>    <p class=\"translation-block\">F\u0131st\u0131k kabuk ay\u0131r\u0131c\u0131 makinesi esasen f\u0131st\u0131klar\u0131n kabuklar\u0131n\u0131 \u00e7\u0131kar\u0131r, yani y\u00fcksek h\u0131zda d\u00f6nen g\u00f6vde arac\u0131l\u0131\u011f\u0131yla f\u0131st\u0131klar\u0131n kabuklar\u0131n\u0131 ay\u0131r\u0131r ve f\u0131st\u0131klar b\u00fct\u00fcn kal\u0131r. F\u0131st\u0131k kabuk ay\u0131r\u0131c\u0131 makinesi ayr\u0131ca <strong>yer f\u0131st\u0131\u011f\u0131 kabuk ay\u0131r\u0131c\u0131<\/strong> veya yer f\u0131st\u0131\u011f\u0131 kabuk \u00e7\u0131karma makinesi olarak da adland\u0131r\u0131l\u0131r.<\/p>    <p class=\"translation-block\">\u0130ki tip <strong>f\u0131st\u0131k kabuk ay\u0131r\u0131c\u0131lar\u0131<\/strong> var ve farkl\u0131 tipler farkl\u0131 kapasiteler ta\u015f\u0131r, yani 200kg\/h ve 600-800kg\/h. Daha k\u00fc\u00e7\u00fck olan\u0131 ev kullan\u0131m\u0131 i\u00e7in se\u00e7ebilirsiniz, ve her ikisi de \u00e7al\u0131\u015fma s\u0131ras\u0131nda m\u00fckemmel performans g\u00f6sterir.<\/p>    <center><\/center>    <center> <p><\/p><\/center>   <p><iframe loading=\"lazy\" title=\"Yer f\u0131st\u0131\u011f\u0131 kabuk ay\u0131r\u0131c\u0131 makine \/ kabuk soyma makinesi geri bildirim videosu\" width=\"500\" height=\"281\" src=\"https:\/\/www.youtube.com\/embed\/dxo5IU9mOk4?feature=oembed\" frameborder=\"0\" allow=\"accelerometer; autoplay; clipboard-write; encrypted-media; gyroscope; picture-in-picture; web-share\" referrerpolicy=\"strict-origin-when-cross-origin\" allowfullscreen><\/iframe><\/p>   <p><iframe loading=\"lazy\" title=\"800kg\/saat f\u0131st\u0131k kabuk ay\u0131r\u0131c\u0131 \/ yer f\u0131st\u0131\u011f\u0131 kabuk \u00e7\u0131karma makinesi \/ kabuk soyma makinesi\" width=\"500\" height=\"281\" src=\"https:\/\/www.youtube.com\/embed\/R4L8zYg9cd8?feature=oembed\" frameborder=\"0\" allow=\"accelerometer; autoplay; clipboard-write; encrypted-media; gyroscope; picture-in-picture; web-share\" referrerpolicy=\"strict-origin-when-cross-origin\" allowfullscreen><\/iframe><\/p>    <p class=\"translation-block\"><strong>Tip bir (200kg\/h)<\/strong><\/p>    <center><img decoding=\"async\" src=\"https:\/\/www.agriculture-machine.com\/wp-content\/uploads\/2018\/07\/Peanut-Sheller01.jpg\" alt=\"F\u0131st\u0131k Kabuk Ay\u0131r\u0131c\u013101\"><\/center>    <h2 class=\"wp-block-heading\">F\u0131st\u0131k kabuk ay\u0131r\u0131c\u0131 makinesinin teknik parametreleri<\/h2>    <div class=\"table-responsive\"> <table class=\"table table-striped\"> <tbody> <tr> <td width=\"187\">Model<\/td> <td width=\"349\">TBX- 200<\/td> <\/tr> <tr> <td width=\"187\">Kapasite<\/td> <td width=\"349\">200kg\/h<\/td> <\/tr> <tr> <td width=\"187\">Boyut<\/td> <td width=\"349\">650*560*1000mm<\/td> <\/tr> <tr> <td width=\"187\">A\u011f\u0131rl\u0131k<\/td> <td width=\"349\">40kg<\/td> <\/tr> <tr> <td width=\"187\">Motor<\/td> <td width=\"349\">2.2kw motor, benzinli motor veya dizel motor<\/td> <\/tr> <\/tbody> <\/table> <\/div>    <h2 class=\"wp-block-heading\">F\u0131st\u0131k kabuk ay\u0131r\u0131c\u0131 makine detayl\u0131 resimleri<\/h2>    <p class=\"translation-block\"><img decoding=\"async\" style=\"width: 345px; float: left; margin-right: 10px; margin-bottom: 10px;\" src=\"https:\/\/www.agriculture-machine.com\/wp-content\/uploads\/2018\/07\/Peanut-Sheller03.jpg\" alt=\"Peanut-Sheller03\"><img decoding=\"async\" style=\"width: 345px; margin-bottom: 10px;\" src=\"https:\/\/www.agriculture-machine.com\/wp-content\/uploads\/2018\/07\/Peanut-Sheller04.jpg\" alt=\"Peanut-Sheller04\"><br><img decoding=\"async\" style=\"width: 345px; float: left; margin-right: 10px;\" src=\"https:\/\/www.agriculture-machine.com\/wp-content\/uploads\/2018\/07\/Peanut-Sheller05.jpg\" alt=\"Peanut-Sheller05\"><img decoding=\"async\" style=\"width: 345px;\" src=\"https:\/\/www.agriculture-machine.com\/wp-content\/uploads\/2018\/07\/Peanut-Sheller06.jpg\" alt=\"Peanut-Sheller06\"><br><strong>Type two(600-800kg\/h\uff09<\/strong><\/p>    <h2 class=\"wp-block-heading\">F\u0131st\u0131k kabuk ay\u0131r\u0131c\u0131 makinesinin teknik parametreleri<\/h2>    <div class=\"table-responsive\"> <table class=\"table table-striped\"> <tbody> <tr> <td width=\"210\"><strong><b>Model<\/b><\/strong><\/td> <td width=\"353\"><strong><b>TBH-800<\/b><\/strong><\/td> <\/tr> <tr> <td width=\"210\"><strong><b>G\u00fc\u00e7<\/b><\/strong><\/td> <td width=\"353\"><strong><b>3KW Motor veya benzinli motor veya dizel motor<\/b><\/strong><\/td> <\/tr> <tr> <td width=\"210\"><strong><b>Boyut<\/b><\/strong><\/td> <td width=\"353\"><strong><b>1330x750x1570mm<\/b><\/strong><\/td> <\/tr> <tr> <td width=\"210\"><strong><b>Kapasite<\/b><\/strong><\/td> <td width=\"353\"><strong><b>600-800kg\/h<\/b><\/strong><\/td> <\/tr> <tr> <td width=\"210\"><strong><b>A\u011f\u0131rl\u0131k<\/b><\/strong><\/td> <td width=\"353\"><strong><b>160kg<\/b><\/strong><\/td> <\/tr> <\/tbody> <\/table> <\/div>    <h2 class=\"wp-block-heading\">\u00c7al\u0131\u015fma prensibi <a href=\"https:\/\/www.agriculture-machine.com\/tr\/combined-peanut-cleaning-and-shelling-machine\/\">Yerf\u0131st\u0131\u011f\u0131 Kabuklama Makinesi<\/a><\/h2>    <p>1. Operat\u00f6r, makine birka\u00e7 dakika bo\u015fta \u00e7al\u0131\u015ft\u0131ktan sonra, f\u0131st\u0131klar\u0131 elle giri\u015fe yerle\u015ftirir.<br>2. F\u0131st\u0131klar kau\u00e7uk makaraya d\u00fc\u015fer. Kau\u00e7uk makaralar\u0131n d\u00f6n\u00fc\u015f\u00fc s\u0131ras\u0131nda olu\u015fan kuvvet nedeniyle, f\u0131st\u0131k \u00e7ekirdekleri ve kabuklar ayr\u0131l\u0131r.<br>3. Sonra f\u0131st\u0131klar ayn\u0131 anda \u0131zgaraya d\u00fc\u015fer ve kabuklar r\u00fczgarla d\u0131\u015far\u0131 \u00fcflenir.<br>4. Daha k\u00fc\u00e7\u00fck f\u0131st\u0131k kabuk ay\u0131r\u0131c\u0131 makine i\u00e7in, i\u015flem tamamlanm\u0131\u015ft\u0131r ve temiz f\u0131st\u0131k \u00e7ekirdekleri alabilirsiniz.<br>5. B\u00fcy\u00fck boyutlu yer f\u0131st\u0131\u011f\u0131 kabuk ay\u0131r\u0131c\u0131yla ilgili olarak, soyulmam\u0131\u015f baz\u0131 f\u0131st\u0131klar yo\u011funluk ay\u0131rma ekran\u0131na d\u00fc\u015fer. Bu kabuklu f\u0131st\u0131klar, plastik kald\u0131r\u0131c\u0131yla ta\u015f\u0131n\u0131r ve tekrar kabuklanmak \u00fczere makaraya gider. Son olarak, \u00e7ekirdekler kab\u0131n i\u00e7ine d\u00fc\u015fer.<\/p>    <center><img decoding=\"async\" src=\"https:\/\/www.agriculture-machine.com\/wp-content\/uploads\/2018\/07\/Peanut-Sheller02.jpg\" alt=\"F\u0131st\u0131k Kabuk Ay\u0131r\u0131c\u013102\"><\/center>    <h2 class=\"wp-block-heading\">F\u0131st\u0131k kabuk ay\u0131r\u0131c\u0131 makinesi gereksinimleri<\/h2>    <p>1. Yer f\u0131st\u0131\u011f\u0131 kabuk ay\u0131r\u0131c\u0131 makinesi i\u00e7in gereksinimler. Makineye herhangi bir sert nesne d\u00fc\u015f\u00fcrmek yasakt\u0131r.<br>F\u0131st\u0131klar i\u00e7in gereksinimler. F\u0131st\u0131klar \u00e7ok kuru veya \u00e7ok \u0131slak olmamal\u0131d\u0131r, bu da s\u0131f\u0131rlama oran\u0131n\u0131 d\u00fc\u015f\u00fck yapar ve \u00e7al\u0131\u015fma verimlili\u011fini s\u0131ras\u0131yla etkiler<\/p>    <h2 class=\"wp-block-heading\">F\u0131st\u0131k kabuk ay\u0131r\u0131c\u0131 makinesinin avantajlar\u0131<\/h2>    <p>1. Yer f\u0131st\u0131\u011f\u0131 kabu\u011fu ay\u0131r\u0131c\u0131, kabuk temizleme, hava ile iletme ve ayr\u0131m\u0131 bir b\u00fct\u00fcn olarak entegre eder ve y\u00fcksek verimle \u00e7al\u0131\u015f\u0131r (600-800 kg\/sa). Kabuk ay\u0131rma oran\u0131 97% veya daha fazlas\u0131na ula\u015fabilir.<br>2. D\u00f6rt tekerlek sayesinde kolayca hareket ettirilebilir.<br>3. D\u00fc\u015f\u00fck k\u0131r\u0131lma oran\u0131. T\u00fcm f\u0131st\u0131klar kabukland\u0131ktan sonra k\u0131r\u0131lmaz hale gelir.<br>4. Y\u00fcksek temizlik oran\u0131. F\u0131st\u0131k \u00e7ekirde\u011fi \u00e7\u0131k\u0131\u015f\u0131nda bir bariyer vard\u0131r ve bu, f\u0131st\u0131k kabu\u011funun \u00e7\u0131kmas\u0131n\u0131 etkili bir \u015fekilde engeller, temizlik oran\u0131n\u0131 art\u0131r\u0131r.<br>5. \u00c7elik makaraya k\u0131yasla, kau\u00e7uk makaralar f\u0131st\u0131\u011fa zarar vermez.<br>6. Makinenin yan\u0131ndaki plastik kald\u0131r\u0131c\u0131 sayesinde, k\u00fc\u00e7\u00fck f\u0131st\u0131klar ve tam soyulmam\u0131\u015f f\u0131st\u0131klar tekrar kabuklanabilir.<\/p>    <figure class=\"wp-block-image aligncenter\"><img decoding=\"async\" src=\"https:\/\/www.agriculture-machine.com\/wp-content\/uploads\/2018\/07\/Peanut-Sheller8.jpg\" alt=\"F\u0131st\u0131k Kabuk Ay\u0131r\u0131c\u01318\"\/><\/figure>    <figure class=\"wp-block-image aligncenter\"><img decoding=\"async\" src=\"https:\/\/www.agriculture-machine.com\/wp-content\/uploads\/2018\/07\/Peanut-Sheller6-1.jpg\" alt=\"F\u0131st\u0131k Kabuk Ay\u0131r\u0131c\u01316-1\"\/><\/figure>    <figure class=\"wp-block-image aligncenter\"><img decoding=\"async\" src=\"https:\/\/www.agriculture-machine.com\/wp-content\/uploads\/2018\/07\/Peanut-Sheller4-1.jpg\" alt=\"F\u0131st\u0131k Kabuk Ay\u0131r\u0131c\u01314-1\"\/><\/figure>    <figure class=\"wp-block-image aligncenter\"><img decoding=\"async\" src=\"https:\/\/www.agriculture-machine.com\/wp-content\/uploads\/2018\/07\/Peanut-Sheller3-1.jpg\" alt=\"F\u0131st\u0131k Kabuk Ay\u0131r\u0131c\u01313-1\"\/><\/figure>    <figure class=\"wp-block-image aligncenter\"><img decoding=\"async\" src=\"https:\/\/www.agriculture-machine.com\/wp-content\/uploads\/2018\/07\/Peanut-Sheller2-1.jpg\" alt=\"F\u0131st\u0131k Kabuk Ay\u0131r\u0131c\u01312-1\"\/><\/figure>    <figure class=\"wp-block-image aligncenter\"><img decoding=\"async\" src=\"https:\/\/www.agriculture-machine.com\/wp-content\/uploads\/2018\/07\/Peanut-Sheller1-1.jpg\" alt=\"F\u0131st\u0131k Kabuk Ay\u0131r\u0131c\u01311-1\"\/><\/figure>    <h2 class=\"wp-block-heading\">F\u0131st\u0131k kabuk ay\u0131r\u0131c\u0131 makinesi \u00f6nlemleri<\/h2>    <p>1. \u00c7al\u0131\u015fma s\u0131ras\u0131nda, demir tala\u015f\u0131, ta\u015flar ve di\u011fer sert nesneler gibi kirleticiler giri\u015fe konmamal\u0131d\u0131r.<br>2. Makinenin i\u00e7indeki ekran, bir f\u0131st\u0131k boyutuna uygun olmal\u0131, aksi takdirde baz\u0131 f\u0131st\u0131klar tam soyulmayabilir.<br>3. Bir fan bariyeri kullanmak gerekir, bu sadece r\u00fczgar\u0131n etkisini art\u0131rmakla kalmaz, ayn\u0131 zamanda f\u0131st\u0131k \u00e7ekirdekleriyle kar\u0131\u015fm\u0131\u015f kabuklar\u0131 azalt\u0131r.<br>4. %5'ten fazla k\u0131r\u0131lma oran\u0131yla kar\u015f\u0131la\u015f\u0131l\u0131rsa, operat\u00f6r makaralar aras\u0131ndaki bo\u015flu\u011fu art\u0131rmal\u0131, ancak bu 25~40 mm aras\u0131nda olmal\u0131d\u0131r.<br>5. \u00c7al\u0131\u015fmadan \u00f6nce makinenin hasar g\u00f6r\u00fcp g\u00f6rmedi\u011fini kontrol edin.<br>6. \u00c7al\u0131\u015fma s\u0131ras\u0131nda, operat\u00f6r giri\u015f kapatmal\u0131 ve ekran doldu\u011funda 1-2cm a\u00e7\u0131k tutmal\u0131, b\u00f6ylece f\u0131st\u0131klar d\u0131\u015far\u0131 \u00e7\u0131kabilir.<br>7. Normalde, \u00e7al\u0131\u015fma s\u0131ras\u0131nda ekran\u0131n tamamen dolu olmas\u0131 gerekir, aksi takdirde baz\u0131 f\u0131st\u0131klar tam soyulmayabilir.<br>8. F\u0131st\u0131klar \u00e7\u0131k\u0131\u015f\u0131n d\u0131\u015f\u0131na d\u00fc\u015ferse, operat\u00f6r r\u00fczgar y\u00f6nlendiricisini d\u0131\u015far\u0131 ayarlamal\u0131 veya hava giri\u015fini kapatmal\u0131d\u0131r.<br>9. K\u0131r\u0131lma oran\u0131 y\u00fcksekse ve k\u0131rm\u0131z\u0131 kabuklar \u00e7\u0131kar\u0131l\u0131rsa, f\u0131st\u0131k \u00e7ok kuruysa, \u00fczerine su p\u00fcsk\u00fcrt\u00fclerek sonra kabuklar\u0131 soyulur.<br>10. Makinenin her iki taraf\u0131nda d\u00f6rt konumland\u0131rma yataklar\u0131 vard\u0131r ve \u00e7al\u0131\u015f\u0131rken her d\u00f6rt saatte bir elek ve yatak ortas\u0131na tereya\u011f\u0131 eklenir.<\/p>    <h2 class=\"wp-block-heading\">Ba\u015far\u0131l\u0131 f\u0131st\u0131k kabuk ay\u0131r\u0131c\u0131 makinesi \u00f6rne\u011fi<\/h2>    <p>Ge\u00e7en y\u0131l, Nijerya'ya 70 set f\u0131st\u0131k kabuk ay\u0131r\u0131c\u0131 makinesi ihra\u00e7 ettik ve m\u00fc\u015fterilerimizden iyi geri bildirim ald\u0131k. O, bir bayi ve makineyi yerel \u00e7ift\u00e7ilere satt\u0131. <\/p>    <p>Bizim f\u0131st\u0131k kabuk ay\u0131r\u0131c\u0131 makinemiz, \u00e7al\u0131\u015fma verimlili\u011fini ve ya\u015fam standartlar\u0131n\u0131 art\u0131rmaya yard\u0131mc\u0131 olur. Her \u00e7ift\u00e7inin makinemizden faydalanmas\u0131n\u0131 ve ya\u015famlar\u0131n\u0131n giderek daha iyi olmas\u0131n\u0131 umuyoruz.<br><img decoding=\"async\" style=\"width: 345px; float: left; margin-right: 10px; margin-bottom: 10px;\" src=\"https:\/\/www.agriculture-machine.com\/wp-content\/uploads\/2018\/07\/Peanut-Sheller08.jpg\" alt=\"F\u0131st\u0131k Kabuk Ay\u0131r\u0131c\u013108\"><img decoding=\"async\" style=\"width: 345px; margin-bottom: 10px;\" src=\"https:\/\/www.agriculture-machine.com\/wp-content\/uploads\/2018\/07\/Peanut-Sheller11.jpg\" alt=\"F\u0131st\u0131k Kabuk Ay\u0131r\u0131c\u013111\"><br><img decoding=\"async\" style=\"width: 345px; float: left; margin-right: 10px;\" src=\"https:\/\/www.agriculture-machine.com\/wp-content\/uploads\/2018\/07\/Peanut-Sheller10.jpg\" alt=\"F\u0131st\u0131k Kabuk Ay\u0131r\u0131c\u013112\"><img decoding=\"async\" style=\"width: 345px;\" src=\"https:\/\/www.agriculture-machine.com\/wp-content\/uploads\/2018\/07\/Peanut-Sheller12.jpg\" alt=\"F\u0131st\u0131k Kabuk Ay\u0131r\u0131c\u013110\"><br><img decoding=\"async\" src=\"https:\/\/www.agriculture-machine.com\/wp-content\/uploads\/2018\/07\/Peanut-Sheller.jpg\" alt=\"F\u0131st\u0131k Kabuk Ay\u0131r\u0131c\u0131\"><\/p>    <h2 class=\"wp-block-heading\">SSS<\/h2>   <div id=\"rank-math-faq\" class=\"rank-math-block\"> <div class=\"rank-math-list\"> <div id=\"faq-question-1710754185820\" class=\"rank-math-list-item\"> <h3 class=\"rank-math-question\">\u0130ki tip f\u0131st\u0131k kabuk ay\u0131r\u0131c\u0131lar\u0131n fonksiyonlar\u0131 ayn\u0131 m\u0131?<\/h3> <div class=\"rank-math-answer\">  <p class=\"translation-block\">Evet, hasattan sonra temiz <a href=\"https:\/\/en.wikipedia.org\/wiki\/Peanut\" target=\"_blank\" rel=\"noopener\">f\u0131st\u0131k<\/a> \u00e7ekirdekleri alabilirsiniz.<\/p>  <\/div> <\/div> <div id=\"faq-question-1710754189960\" class=\"rank-math-list-item\"> <h3 class=\"rank-math-question\">\u0130ki t\u00fcr aras\u0131ndaki fark nedir?<\/h3> <div class=\"rank-math-answer\">  <p>K\u00fc\u00e7\u00fck boyutlu f\u0131st\u0131k kabuk ay\u0131r\u0131c\u0131lar\u0131n, di\u011ferlerinin sahip oldu\u011fu kald\u0131r\u0131c\u0131ya sahip olmad\u0131\u011f\u0131n\u0131 ve kapasitenin farkl\u0131 oldu\u011funu.<\/p>  <\/div> <\/div> <div id=\"faq-question-1710754206867\" class=\"rank-math-list-item\"> <h3 class=\"rank-math-question\">Teslimat s\u00fcresi nedir?<\/h3> <div class=\"rank-math-answer\">  <p>\u0130ki tip stokta var ve istedi\u011finiz zaman teslim edilebilir.<\/p>  <\/div> <\/div> <div id=\"faq-question-1710754215113\" class=\"rank-math-list-item\"> <h3 class=\"rank-math-question\">K\u0131r\u0131lma oran\u0131 nedir?<\/h3> <div class=\"rank-math-answer\">  <p>%5'ten az.<\/p>  <\/div> <\/div> <div id=\"faq-question-1710754227280\" class=\"rank-math-list-item\"> <h3 class=\"rank-math-question\">Bu makineleri hangi \u00fclkelere ihra\u00e7 ettiniz?<\/h3> <div class=\"rank-math-answer\">  <p class=\"translation-block\">Bir\u00e7ok \u00fclkeye ihra\u00e7 ettik, \u00f6zellikle <a href=\"https:\/\/www.agriculture-machine.com\/tr\/three-combined-peanut-sheller-machine-sold-to-kenya\/\">Afrika pazar\u0131<\/a>.<\/p>  <\/div> <\/div> <\/div> <\/div>","protected":false},"excerpt":{"rendered":"<p>Brief Introduction of Peanut Sheller Machine The peanut sheller machine mainly removes the shells of the peanuts, that is, through the high-speed rotating body the shells of the peanuts, and the peanuts are kept intact. The peanut sheller machine is also called the groundnut sheller or groundnut shell removing machine. We have 2 types of [&hellip;]<\/p>\n","protected":false},"author":1,"featured_media":0,"parent":0,"comment_status":"closed","ping_status":"closed","template":"","tags":[],"product-type":[895],"class_list":["post-180","product","type-product","status-publish","hentry","product-type-peanut-sheller"],"_links":{"self":[{"href":"https:\/\/www.agriculture-machine.com\/tr\/wp-json\/wp\/v2\/product\/180","targetHints":{"allow":["GET"]}}],"collection":[{"href":"https:\/\/www.agriculture-machine.com\/tr\/wp-json\/wp\/v2\/product"}],"about":[{"href":"https:\/\/www.agriculture-machine.com\/tr\/wp-json\/wp\/v2\/types\/product"}],"author":[{"embeddable":true,"href":"https:\/\/www.agriculture-machine.com\/tr\/wp-json\/wp\/v2\/users\/1"}],"replies":[{"embeddable":true,"href":"https:\/\/www.agriculture-machine.com\/tr\/wp-json\/wp\/v2\/comments?post=180"}],"wp:attachment":[{"href":"https:\/\/www.agriculture-machine.com\/tr\/wp-json\/wp\/v2\/media?parent=180"}],"wp:term":[{"taxonomy":"post_tag","embeddable":true,"href":"https:\/\/www.agriculture-machine.com\/tr\/wp-json\/wp\/v2\/tags?post=180"},{"taxonomy":"product-type","embeddable":true,"href":"https:\/\/www.agriculture-machine.com\/tr\/wp-json\/wp\/v2\/product-type?post=180"}],"curies":[{"name":"wp","href":"https:\/\/api.w.org\/{rel}","templated":true}]}}