{"id":1889,"date":"2019-02-14T07:41:31","date_gmt":"2019-02-13T23:41:31","guid":{"rendered":"https:\/\/www.agriculture-machine.com\/?p=1889"},"modified":"2025-06-23T16:22:12","modified_gmt":"2025-06-23T08:22:12","slug":"corn-planter","status":"publish","type":"product","link":"https:\/\/www.agriculture-machine.com\/tr\/corn-planter\/","title":{"rendered":"Trakt\u00f6rle \u00c7al\u0131\u015fan M\u0131s\u0131r Ekim Makinesi"},"content":{"rendered":"<p>M\u0131s\u0131r ekim makinesi, ayn\u0131 anda birden fazla s\u0131ra m\u0131s\u0131r tohumunun ekim i\u015flemini tamamlayabilir. Sadece tohumlar\u0131 de\u011fil, ayn\u0131 zamanda e\u015fit ekim derinli\u011fi ve aral\u0131k sa\u011flar, b\u00f6ylece m\u0131s\u0131r fide kalitesini \u00f6nemli \u00f6l\u00e7\u00fcde art\u0131r\u0131r.<\/p>    <p>Kararl\u0131 performans, kullan\u0131\u015fl\u0131 operasyon, tek seferde t\u00fcm oluk a\u00e7ma, g\u00fcbreleme, ekim, mal\u00e7lama, s\u0131k\u0131\u015ft\u0131rma, ekim derinli\u011fi hatas\u0131 \u2264 \u00b1 1cm, bitki aral\u0131\u011f\u0131 uygunluk oran\u0131 \u226595% ile tamamlanabilir.<\/p>    <p>\u015eirketimiz taraf\u0131ndan geli\u015ftirilen m\u0131s\u0131r ekim makinesi, 2, 3, 4, 5, 6 ve 8 s\u0131ra ekim destekler. Farkl\u0131 \u00f6l\u00e7eklerdeki tarla operasyonlar\u0131nda yayg\u0131n olarak kullan\u0131l\u0131r, El Salvador, Nijerya, ABD, Moritanya, Burkina Faso, Gine ve di\u011fer \u00fclkelerden m\u00fc\u015fteriler taraf\u0131ndan be\u011fenilmektedir.<\/p>    <figure class=\"wp-block-embed aligncenter is-type-video is-provider-youtube wp-block-embed-youtube wp-embed-aspect-16-9 wp-has-aspect-ratio\"><div class=\"wp-block-embed__wrapper\"> <iframe loading=\"lazy\" title=\"Trakt\u00f6r Montajl\u0131 M\u0131s\u0131r Tohumu Ekim Makinesi | Verimli ve Hassas Ekim Teknolojisi#m\u0131s\u0131r #ekim makinesi\" width=\"500\" height=\"281\" src=\"https:\/\/www.youtube.com\/embed\/tu_HUx3x9x0?feature=oembed\" frameborder=\"0\" allow=\"accelerometer; autoplay; clipboard-write; encrypted-media; gyroscope; picture-in-picture; web-share\" referrerpolicy=\"strict-origin-when-cross-origin\" allowfullscreen><\/iframe> <\/div><figcaption class=\"wp-element-caption\">M\u0131s\u0131r ekim makinesi \u00e7al\u0131\u015fma videosu<\/figcaption><\/figure>    <h2 class=\"wp-block-heading\" id=\"h-brief-introduction-of-corn-planter\">M\u0131s\u0131r ekim makinesinin avantajlar\u0131<\/h2>    <ol class=\"wp-block-list\"> <li>E\u015fit tohum yerle\u015ftirme ve tutarl\u0131 derinlik (3-10cm) sa\u011flar, hata \u2264 \u00b1 1cm, d\u00fczenli fide \u00e7\u0131k\u0131\u015f\u0131, \u00fcr\u00fcn kalitesini art\u0131r\u0131r.<\/li>    <li>45-70cm s\u0131ra aral\u0131\u011f\u0131n\u0131n ve 15-30cm bitki aral\u0131\u011f\u0131n\u0131n esnek ayar\u0131n\u0131 destekler, farkl\u0131 toprak ko\u015fullar\u0131 ve ekim modlar\u0131na uyum sa\u011flar.<\/li>    <li>\u00c7ift b\u00f6lmeli izolasyon g\u00fcbre kutusu, tohum ve g\u00fcbrenin katmanlanmas\u0131n\u0131 sa\u011flar ve aral\u0131k 3-7cm aras\u0131nda ayarlanabilir, fide yanmas\u0131n\u0131 \u00f6nler.<\/li>    <li>2-8 s\u0131ra modeller se\u00e7ilebilir, tek ge\u00e7i\u015fte oluk a\u00e7ma, g\u00fcbreleme, ekim vb. i\u015flemleri tamamlar, verimlilik saatte 40 d\u00f6n\u00fcm kadar \u00e7\u0131kabilir.<\/li>    <li>11-180 hp trakt\u00f6rlere uygun, tek tu\u015fla ba\u011flanabilir, tek ki\u015fi oturma pozisyonunda operasyonu tamamlayabilir.<\/li> <\/ol>    <figure class=\"wp-block-gallery has-nested-images columns-default is-cropped wp-block-gallery-2 is-layout-flex wp-block-gallery-is-layout-flex\"> <figure class=\"wp-block-image size-large\"><img loading=\"lazy\" decoding=\"async\" width=\"720\" height=\"540\" data-id=\"12701\" src=\"https:\/\/www.agriculture-machine.com\/wp-content\/uploads\/2022\/03\/corn-planter-_720_540.jpg\" alt=\"m\u0131s\u0131r ekici\" class=\"wp-image-12701\" title=\"m\u0131s\u0131r ekici\" srcset=\"https:\/\/www.agriculture-machine.com\/wp-content\/uploads\/2022\/03\/corn-planter-_720_540.jpg 720w, https:\/\/www.agriculture-machine.com\/wp-content\/uploads\/2022\/03\/corn-planter-_720_540-360x270.jpg 360w, https:\/\/www.agriculture-machine.com\/wp-content\/uploads\/2022\/03\/corn-planter-_720_540-240x180.jpg 240w\" sizes=\"auto, (max-width: 720px) 100vw, 720px\" \/><figcaption class=\"wp-element-caption\">m\u0131s\u0131r ekici<\/figcaption><\/figure>    <figure class=\"wp-block-image size-large\"><img loading=\"lazy\" decoding=\"async\" width=\"720\" height=\"540\" data-id=\"12702\" src=\"https:\/\/www.agriculture-machine.com\/wp-content\/uploads\/2022\/03\/maize-planting-machine_720_540.jpg\" alt=\"m\u0131s\u0131r ekim makinesi\" class=\"wp-image-12702\" title=\"m\u0131s\u0131r ekim makinesi\" srcset=\"https:\/\/www.agriculture-machine.com\/wp-content\/uploads\/2022\/03\/maize-planting-machine_720_540.jpg 720w, https:\/\/www.agriculture-machine.com\/wp-content\/uploads\/2022\/03\/maize-planting-machine_720_540-360x270.jpg 360w, https:\/\/www.agriculture-machine.com\/wp-content\/uploads\/2022\/03\/maize-planting-machine_720_540-240x180.jpg 240w\" sizes=\"auto, (max-width: 720px) 100vw, 720px\" \/><figcaption class=\"wp-element-caption\">m\u0131s\u0131r ekim makinesi<\/figcaption><\/figure> <figcaption class=\"blocks-gallery-caption wp-element-caption\">trakt\u00f6rle monte edilen m\u0131s\u0131r ekim makinesi<\/figcaption><\/figure>    <h2 class=\"wp-block-heading\" id=\"h-how-does-the-corn-planting-machine-work\">M\u0131s\u0131r ekim makinesi nas\u0131l \u00e7al\u0131\u015f\u0131r?<\/h2>    <p>M\u0131s\u0131r ekim makinesinin \u00e7al\u0131\u015fma prensibi a\u015fa\u011f\u0131daki ad\u0131mlara ayr\u0131labilir:<\/p>    <ol class=\"wp-block-list\"> <li>Trakt\u00f6rle \u00e7al\u0131\u015ft\u0131rma: trakt\u00f6rle ba\u011flanarak, makine ileriye do\u011fru hareket eder ve \u00e7al\u0131\u015fmaya ba\u015flar.<\/li>    <li>\u00c7ukurlama i\u015flemi: \u00f6n taraftaki \u00e7ukurlama a\u00e7\u0131c\u0131, toprakta e\u015fit ekim \u00e7ukuru olu\u015fturur.<\/li>    <li>Kesin ekim: tohum bo\u015faltma cihaz\u0131, tohumlar\u0131 ayarlanan aral\u0131\u011fa g\u00f6re oluklara do\u011fru \u015fekilde yerle\u015ftirir.<\/li>    <li>Mal\u00e7lama: mal\u00e7lay\u0131c\u0131, tohumlar\u0131n oluklarda toprakla kaplanmas\u0131n\u0131 sa\u011flar.<\/li>    <li>Bask\u0131 \u015fekillendirme: bask\u0131 tekerle\u011fi y\u00fczey topra\u011f\u0131n\u0131 s\u0131k\u0131\u015ft\u0131r\u0131r, tohumlar ve toprak aras\u0131ndaki temas\u0131 art\u0131r\u0131r ve fide \u00e7\u0131k\u0131\u015f oran\u0131n\u0131 iyile\u015ftirir.<\/li> <\/ol>    <figure class=\"wp-block-embed aligncenter is-type-video is-provider-youtube wp-block-embed-youtube wp-embed-aspect-16-9 wp-has-aspect-ratio\"><div class=\"wp-block-embed__wrapper\"> <iframe loading=\"lazy\" title=\"\u00c7ift\u00e7ilerin kullan\u0131\u015fl\u0131 arac\u0131 m\u0131s\u0131r ekim makinesi\u4e28 m\u0131s\u0131r ekim makinesi\u4e28yerf\u0131st\u0131\u011f\u0131 ekim\u4e28trakt\u00f6rle m\u0131s\u0131r makinesi\" width=\"500\" height=\"281\" src=\"https:\/\/www.youtube.com\/embed\/2iS0mMUiw34?feature=oembed\" frameborder=\"0\" allow=\"accelerometer; autoplay; clipboard-write; encrypted-media; gyroscope; picture-in-picture; web-share\" referrerpolicy=\"strict-origin-when-cross-origin\" allowfullscreen><\/iframe> <\/div><figcaption class=\"wp-element-caption\">3 s\u0131ra m\u0131s\u0131r tohum ekim makinesi \u00e7al\u0131\u015fma alan\u0131<\/figcaption><\/figure>    <h2 class=\"wp-block-heading\" id=\"h-technical-parameter-of-the-maize-planter\">M\u0131s\u0131r ekim makinesi teknik parametreleri<\/h2>    <figure class=\"wp-block-table is-style-stripes\"><table class=\"has-fixed-layout\"><tbody><tr><td>Model<\/td><td>2BYSF-2<\/td><td>2BYSF-3<\/td><td>2BYSF-4<\/td><td>2BYSF-5<\/td><td>2BYSF-6<\/td><td>2BYSF-8<\/td><\/tr><tr><td>Boyut<\/td><td>1.57*1.3*1.2m<\/td><td>1.57*1.7*1.2m<\/td><td>1.62*2.35*1.2m<\/td><td>1.62*2.75*1.2m<\/td><td>1.62*3.35*1.2m<\/td><td>1.64*4.6*1.2m<\/td><\/tr><tr><td>S\u0131ra<\/td><td>2<\/td><td>3<\/td><td>4<\/td><td>5<\/td><td>6<\/td><td>8<\/td><\/tr><tr><td>S\u0131ra aral\u0131\u011f\u0131<\/td><td>428-570mm<\/td><td>428-570mm<\/td><td>428-570mm<\/td><td>428-570mm<\/td><td>428-570mm<\/td><td>428-570mm<\/td><\/tr><tr><td>S\u0131ra aras\u0131<\/td><td>140mm-280mm<\/td><td>140mm-280mm<\/td><td>140mm-280mm<\/td><td>140mm-280mm<\/td><td>140mm-280mm<\/td><td>140mm-280mm<\/td><\/tr><tr><td>Kanal a\u00e7ma derinli\u011fi<\/td><td>60-80mm<\/td><td>60-80mm<\/td><td>60-80mm<\/td><td>60-80mm<\/td><td>60-80mm<\/td><td>60-80mm<\/td><\/tr><tr><td>G\u00fcbreleme Derinli\u011fi<\/td><td>60-80mm<\/td><td>60-80mm<\/td><td>60-80mm<\/td><td>60-80mm<\/td><td>60-80mm<\/td><td>60-80mm<\/td><\/tr><tr><td>Ekim Derinli\u011fi<\/td><td>30-50mm<\/td><td>30-50mm<\/td><td>30-50mm<\/td><td>30-50mm<\/td><td>30-50mm<\/td><td>30-50mm<\/td><\/tr><tr><td>G\u00fcbre tank\u0131 kapasitesi<\/td><td>18.75L x2<\/td><td>18.75L x3<\/td><td>18.75L x4<\/td><td>18.75L x5<\/td><td>18.75L x6<\/td><td>18.75L x8<\/td><\/tr><tr><td>Tohum kutusu kapasitesi<\/td><td>8.5 x 2<\/td><td>8.5 x 3<\/td><td>8.5 x 4<\/td><td>8.5 x 5<\/td><td>8.5 x 6<\/td><td>8.5 x 8<\/td><\/tr><tr><td>A\u011f\u0131rl\u0131k<\/td><td>150kg<\/td><td>200kg<\/td><td>295kg<\/td><td>360kg<\/td><td>425kg<\/td><td>650kg<\/td><\/tr><tr><td>E\u015fle\u015ftirilmi\u015f g\u00fc\u00e7<\/td><td>&nbsp;12-18hp<\/td><td>15-25hp<\/td><td>25-40hp<\/td><td>40-60hp<\/td><td>50-80hp<\/td><td>75-100hp<\/td><\/tr><tr><td>Ba\u011flant\u0131<\/td><td>&nbsp;\u00dc\u00e7 noktal\u0131<\/td><td>&nbsp;\u00dc\u00e7 noktal\u0131<\/td><td>&nbsp;\u00dc\u00e7 noktal\u0131<\/td><td>&nbsp;\u00dc\u00e7 noktal\u0131<\/td><td>&nbsp;\u00dc\u00e7 noktal\u0131<\/td><td>&nbsp;\u00dc\u00e7 noktal\u0131<\/td><\/tr><\/tbody><\/table><figcaption class=\"wp-element-caption\">trakt\u00f6rle \u00e7al\u0131\u015fan m\u0131s\u0131r ekim makinesi teknik verileri<\/figcaption><\/figure>    <figure class=\"wp-block-gallery has-nested-images columns-default is-cropped wp-block-gallery-3 is-layout-flex wp-block-gallery-is-layout-flex\"> <figure class=\"wp-block-image size-large\"><img loading=\"lazy\" decoding=\"async\" width=\"720\" height=\"540\" data-id=\"12703\" src=\"https:\/\/www.agriculture-machine.com\/wp-content\/uploads\/2022\/03\/factory-of-corn-planting-machine-.jpg\" alt=\"fabrika \" class=\"wp-image-12703\" title=\"fabrika \" srcset=\"https:\/\/www.agriculture-machine.com\/wp-content\/uploads\/2022\/03\/factory-of-corn-planting-machine-.jpg 720w, https:\/\/www.agriculture-machine.com\/wp-content\/uploads\/2022\/03\/factory-of-corn-planting-machine--360x270.jpg 360w, https:\/\/www.agriculture-machine.com\/wp-content\/uploads\/2022\/03\/factory-of-corn-planting-machine--240x180.jpg 240w\" sizes=\"auto, (max-width: 720px) 100vw, 720px\" \/><figcaption class=\"wp-element-caption\">fabrika <\/figcaption><\/figure>    <figure class=\"wp-block-image size-large\"><img loading=\"lazy\" decoding=\"async\" width=\"720\" height=\"540\" data-id=\"12704\" src=\"https:\/\/www.agriculture-machine.com\/wp-content\/uploads\/2022\/03\/multi-row-maize-planter-.jpg\" alt=\"ekim makinesinin \u00fcretimi\" class=\"wp-image-12704\" title=\"ekim makinesinin \u00fcretimi\" srcset=\"https:\/\/www.agriculture-machine.com\/wp-content\/uploads\/2022\/03\/multi-row-maize-planter-.jpg 720w, https:\/\/www.agriculture-machine.com\/wp-content\/uploads\/2022\/03\/multi-row-maize-planter--360x270.jpg 360w, https:\/\/www.agriculture-machine.com\/wp-content\/uploads\/2022\/03\/multi-row-maize-planter--240x180.jpg 240w\" sizes=\"auto, (max-width: 720px) 100vw, 720px\" \/><figcaption class=\"wp-element-caption\">ekim makinesinin \u00fcretimi<\/figcaption><\/figure> <figcaption class=\"blocks-gallery-caption wp-element-caption\">m\u0131s\u0131r ekim makinesi<\/figcaption><\/figure>    <h2 class=\"wp-block-heading\" id=\"h-how-to-use-a-4-row-corn-planter\">M\u0131s\u0131r ekim makinesi kullan\u0131m\u0131 i\u00e7in \u00f6nlemler<\/h2>    <ol class=\"wp-block-list\"> <li>Kullan\u0131mdan \u00f6nce kontrol ve temizlik yap\u0131n: tohum kutusundaki kal\u0131nt\u0131lar\u0131 ve \u00e7ukur a\u00e7\u0131c\u0131daki ot ve topra\u011f\u0131 temizleyin, ekipman\u0131n temiz ve t\u0131kal\u0131 olmad\u0131\u011f\u0131ndan emin olun.<\/li>    <li>Ya\u011flama ve bak\u0131m: kullan\u0131m k\u0131lavuzundaki talimatlara uygun olarak, transmisyon ve d\u00f6nen par\u00e7alara zaman\u0131nda ya\u011flay\u0131c\u0131 ekleyin.<\/li>    <li>Ba\u011flant\u0131 elemanlar\u0131n\u0131 kontrol edin: makinenin transmisyon zincirini, gerilimini ve civatalar\u0131n s\u0131k\u0131l\u0131\u011f\u0131n\u0131 kontrol etmeye dikkat edin.<\/li>    <li>G\u00f6vdeyi d\u00fcz tutun: ekim makinesi trakt\u00f6rle ba\u011fland\u0131ktan sonra, e\u011filmesini \u00f6nlemek i\u00e7in g\u00f6vdeyi \u00f6ncesinde ve sonras\u0131nda d\u00fcz tutun, b\u00f6ylece ekim etkisi bozulmaz.<\/li>    <li>Parametrelerin makul ayar\u0131: tohum miktar\u0131n\u0131, a\u00e7\u0131c\u0131 s\u0131ra aral\u0131\u011f\u0131n\u0131 ve oluk tekerle\u011finin ekim derinli\u011fini do\u011fru \u015fekilde ayarlayarak, e\u015fit ve verimli ekim sa\u011flay\u0131n.<\/li> <\/ol>    <figure class=\"wp-block-image aligncenter size-full is-resized\"><img loading=\"lazy\" decoding=\"async\" width=\"720\" height=\"540\" src=\"https:\/\/www.agriculture-machine.com\/wp-content\/uploads\/2022\/03\/planter1_720_540.jpg\" alt=\"m\u0131s\u0131r ekme makinesi\" class=\"wp-image-12707\" title=\"dikim makinesi\" srcset=\"https:\/\/www.agriculture-machine.com\/wp-content\/uploads\/2022\/03\/planter1_720_540.jpg 720w, https:\/\/www.agriculture-machine.com\/wp-content\/uploads\/2022\/03\/planter1_720_540-360x270.jpg 360w, https:\/\/www.agriculture-machine.com\/wp-content\/uploads\/2022\/03\/planter1_720_540-240x180.jpg 240w\" sizes=\"auto, (max-width: 720px) 100vw, 720px\" \/><figcaption class=\"wp-element-caption\">m\u0131s\u0131r ekme makinesi<\/figcaption><\/figure>    <h2 class=\"wp-block-heading\">Trakt\u00f6rle \u00e7al\u0131\u015fan m\u0131s\u0131r ekim makinesi ba\u015far\u0131 \u00f6rnekleri<\/h2>    <p class=\"translation-block\">Bir\u00e7ok ba\u015far\u0131l\u0131 m\u0131s\u0131r ekim makinesi \u00f6rne\u011fimiz var ve bunlar yurt d\u0131\u015f\u0131na ihra\u00e7 edilmektedir. \u00d6rne\u011fin, Panama\u2019ya 3 s\u0131ra g\u00fcbreli 5 set m\u0131s\u0131r ekim makinesi satt\u0131k. M\u00fc\u015fteri, sipari\u015fi onaylamak i\u00e7in fabrikam\u0131z\u0131 ziyaret etti. Ve bu m\u0131s\u0131r ekim makinesini almadan \u00f6nce, 20HP trakt\u00f6r ald\u0131. Bu y\u00fczden, ona 3 s\u0131ra ekim makinesi \u00f6neriyoruz, \u00e7\u00fcnk\u00fc trakt\u00f6r\u00fcyle uyumlu olmal\u0131.<\/p>    <p class=\"translation-block\">Recently, we exported a 4-row corn planter machine to <a href=\"https:\/\/en.wikipedia.org\/wiki\/El_Salvador\" target=\"_blank\" rel=\"noopener\">El Salvador<\/a>. It is worth mentioning that we have customized machines for our customers. according to the customer&#8217;s requirements. we also have customized the seed box for him.<\/p>    <figure class=\"wp-block-gallery has-nested-images columns-2 is-cropped wp-block-gallery-4 is-layout-flex wp-block-gallery-is-layout-flex\"> <figure class=\"wp-block-image size-large\"><a href=\"https:\/\/www.agriculture-machine.com\/wp-content\/uploads\/2022\/03\/wrap-film-4.jpg\"><img loading=\"lazy\" decoding=\"async\" width=\"720\" height=\"540\" data-id=\"12708\" src=\"https:\/\/www.agriculture-machine.com\/wp-content\/uploads\/2022\/03\/wrap-film-4.jpg\" alt=\"ambalaj filmi\" class=\"wp-image-12708\" title=\"ambalaj filmi\" srcset=\"https:\/\/www.agriculture-machine.com\/wp-content\/uploads\/2022\/03\/wrap-film-4.jpg 720w, https:\/\/www.agriculture-machine.com\/wp-content\/uploads\/2022\/03\/wrap-film-4-360x270.jpg 360w, https:\/\/www.agriculture-machine.com\/wp-content\/uploads\/2022\/03\/wrap-film-4-240x180.jpg 240w\" sizes=\"auto, (max-width: 720px) 100vw, 720px\" \/><\/a><figcaption class=\"wp-element-caption\">ambalaj filmi<\/figcaption><\/figure>    <figure class=\"wp-block-image size-large\"><a href=\"https:\/\/www.agriculture-machine.com\/wp-content\/uploads\/2022\/03\/loading-tuya.jpg\"><img loading=\"lazy\" decoding=\"async\" width=\"720\" height=\"540\" data-id=\"12709\" src=\"https:\/\/www.agriculture-machine.com\/wp-content\/uploads\/2022\/03\/loading-tuya.jpg\" alt=\"y\u00fckleme\" class=\"wp-image-12709\" title=\"y\u00fckleme\" srcset=\"https:\/\/www.agriculture-machine.com\/wp-content\/uploads\/2022\/03\/loading-tuya.jpg 720w, https:\/\/www.agriculture-machine.com\/wp-content\/uploads\/2022\/03\/loading-tuya-360x270.jpg 360w, https:\/\/www.agriculture-machine.com\/wp-content\/uploads\/2022\/03\/loading-tuya-240x180.jpg 240w\" sizes=\"auto, (max-width: 720px) 100vw, 720px\" \/><\/a><figcaption class=\"wp-element-caption\">y\u00fckleme<\/figcaption><\/figure>    <figure class=\"wp-block-image size-large\"><a href=\"https:\/\/www.agriculture-machine.com\/wp-content\/uploads\/2022\/03\/shipping-3.jpg\"><img loading=\"lazy\" decoding=\"async\" width=\"720\" height=\"540\" data-id=\"12710\" src=\"https:\/\/www.agriculture-machine.com\/wp-content\/uploads\/2022\/03\/shipping-3.jpg\" alt=\"nakliye\" class=\"wp-image-12710\" title=\"nakliye\" srcset=\"https:\/\/www.agriculture-machine.com\/wp-content\/uploads\/2022\/03\/shipping-3.jpg 720w, https:\/\/www.agriculture-machine.com\/wp-content\/uploads\/2022\/03\/shipping-3-360x270.jpg 360w, https:\/\/www.agriculture-machine.com\/wp-content\/uploads\/2022\/03\/shipping-3-240x180.jpg 240w\" sizes=\"auto, (max-width: 720px) 100vw, 720px\" \/><\/a><figcaption class=\"wp-element-caption\">nakliye<\/figcaption><\/figure>    <figure class=\"wp-block-image size-large\"><a href=\"https:\/\/www.agriculture-machine.com\/wp-content\/uploads\/2022\/03\/in-container1-.jpg\"><img loading=\"lazy\" decoding=\"async\" width=\"720\" height=\"540\" data-id=\"12711\" src=\"https:\/\/www.agriculture-machine.com\/wp-content\/uploads\/2022\/03\/in-container1-.jpg\" alt=\"konteynerde\" class=\"wp-image-12711\" title=\"konteynerde\" srcset=\"https:\/\/www.agriculture-machine.com\/wp-content\/uploads\/2022\/03\/in-container1-.jpg 720w, https:\/\/www.agriculture-machine.com\/wp-content\/uploads\/2022\/03\/in-container1--360x270.jpg 360w, https:\/\/www.agriculture-machine.com\/wp-content\/uploads\/2022\/03\/in-container1--240x180.jpg 240w\" sizes=\"auto, (max-width: 720px) 100vw, 720px\" \/><\/a><figcaption class=\"wp-element-caption\">konteynerde<\/figcaption><\/figure> <figcaption class=\"blocks-gallery-caption wp-element-caption\">m\u0131s\u0131r ekim makineleri paketleme ve sevkiyat<\/figcaption><\/figure>    <h2 class=\"wp-block-heading\" id=\"h-the-troubleshooting-and-solutions\"><a href=\"https:\/\/www.agriculture-machine.com\/tr\/what-should-you-pay-attention-to-when-using-corn-planter-machine\/\">Sorun giderme ve \u00e7\u00f6z\u00fcmler<\/a><\/h2>    <ol class=\"wp-block-list\"> <li>Tohum yok: transmisyon di\u015flisi tak\u0131l\u0131 de\u011fil veya silindir kare deli\u011fi a\u015f\u0131nm\u0131\u015f olabilir, kontrol edilip onar\u0131lmal\u0131 veya yedek par\u00e7a de\u011fi\u015ftirilmelidir.<\/li>    <li>Bireysel ekim cihaz\u0131 \u00e7al\u0131\u015fm\u0131yor: genellikle tohum \u00e7\u0131k\u0131\u015f\u0131nda t\u0131kan\u0131kl\u0131k vard\u0131r, t\u0131kan\u0131kl\u0131\u011f\u0131 temizleyerek normale d\u00f6nebilir.<\/li>    <li>Tohum bitmi\u015f ama toprakta tohum yok: a\u00e7\u0131c\u0131 veya tohum borusu t\u0131kal\u0131 olabilir, t\u0131kan\u0131kl\u0131\u011f\u0131 zaman\u0131nda temizleyin, sorunsuz \u00e7al\u0131\u015fmas\u0131n\u0131 sa\u011flay\u0131n.<\/li> <\/ol>    <h2 class=\"wp-block-heading\" id=\"h-faq\">SSS<\/h2>   <div id=\"rank-math-faq\" class=\"rank-math-block\"> <div class=\"rank-math-list\"> <div id=\"faq-question-1717040469237\" class=\"rank-math-list-item\"> <h3 class=\"rank-math-question\">Ka\u00e7 s\u0131ra m\u0131s\u0131r ekim makineniz var?<\/h3> <div class=\"rank-math-answer\">  <p>2 s\u0131ra, 3 s\u0131ra, 4 s\u0131ra, 5 s\u0131ra, 6 s\u0131ra ve 8 s\u0131ra m\u0131s\u0131r ekim makineleri var. \u0130htiyac\u0131n\u0131za g\u00f6re se\u00e7ebilirsiniz.<\/p>  <\/div> <\/div> <div id=\"faq-question-1717040477193\" class=\"rank-math-list-item\"> <h3 class=\"rank-math-question\">S\u0131ra aral\u0131\u011f\u0131 ve bitki aral\u0131\u011f\u0131 ayarlanabilir mi?<\/h3> <div class=\"rank-math-answer\">  <p>Evet, ayarlanabilirler.<\/p>  <\/div> <\/div> <div id=\"faq-question-1717040488671\" class=\"rank-math-list-item\"> <h3 class=\"rank-math-question\">Farkl\u0131 s\u0131ral\u0131 m\u0131s\u0131r ekim makineleri i\u00e7in farkl\u0131 trakt\u00f6rler gerekiyor mu?<\/h3> <div class=\"rank-math-answer\">  <p>Elbette, trakt\u00f6r\u00fcn motoru farkl\u0131 s\u0131ralar i\u00e7in farkl\u0131d\u0131r.<\/p>  <\/div> <\/div> <div id=\"faq-question-1717040497645\" class=\"rank-math-list-item\"> <h3 class=\"rank-math-question\">Sat\u0131l\u0131k m\u0131s\u0131r ekim makinesi trakt\u00f6rle kolayca ba\u011flanabilir mi?<\/h3> <div class=\"rank-math-answer\">  <p>Evet, bu kolayd\u0131r. Endi\u015felenmeyin, size nas\u0131l yapaca\u011f\u0131n\u0131z\u0131 \u00f6\u011fretece\u011fiz.<\/p>  <\/div> <\/div> <\/div> <\/div>   <p class=\"translation-block\">M\u0131s\u0131r hasad\u0131, m\u0131s\u0131r de\u011firmeni ve m\u0131s\u0131r k\u0131rma makineleri de dahil olmak \u00fczere, ekimden i\u015fleme kadar t\u00fcm alanlar\u0131 kapsayan \u00e7\u00f6z\u00fcmler sunuyoruz. L\u00fctfen ihtiya\u00e7lar\u0131n\u0131za uygun m\u0131s\u0131r makineleri \u00e7\u00f6z\u00fcmleri i\u00e7in bizimle ileti\u015fime ge\u00e7in!<\/p>","protected":false},"excerpt":{"rendered":"<p>M\u0131s\u0131r ekim makinesi, e\u015fit tohum ve g\u00fcbre senkronizasyonu sa\u011flar. 2-8 \u00e7oklu s\u0131ra ekim se\u00e7eneklerimiz, her t\u00fcrl\u00fc tarla ekim operasyonunda yayg\u0131n olarak kullan\u0131lmaktad\u0131r.<\/p>","protected":false},"author":1,"featured_media":12713,"parent":0,"comment_status":"closed","ping_status":"closed","template":"","tags":[491,481],"product-type":[882,870],"class_list":["post-1889","product","type-product","status-publish","has-post-thumbnail","hentry","tag-corn","tag-maize","product-type-corn-planter","product-type-planter"],"_links":{"self":[{"href":"https:\/\/www.agriculture-machine.com\/tr\/wp-json\/wp\/v2\/product\/1889","targetHints":{"allow":["GET"]}}],"collection":[{"href":"https:\/\/www.agriculture-machine.com\/tr\/wp-json\/wp\/v2\/product"}],"about":[{"href":"https:\/\/www.agriculture-machine.com\/tr\/wp-json\/wp\/v2\/types\/product"}],"author":[{"embeddable":true,"href":"https:\/\/www.agriculture-machine.com\/tr\/wp-json\/wp\/v2\/users\/1"}],"replies":[{"embeddable":true,"href":"https:\/\/www.agriculture-machine.com\/tr\/wp-json\/wp\/v2\/comments?post=1889"}],"wp:featuredmedia":[{"embeddable":true,"href":"https:\/\/www.agriculture-machine.com\/tr\/wp-json\/wp\/v2\/media\/12713"}],"wp:attachment":[{"href":"https:\/\/www.agriculture-machine.com\/tr\/wp-json\/wp\/v2\/media?parent=1889"}],"wp:term":[{"taxonomy":"post_tag","embeddable":true,"href":"https:\/\/www.agriculture-machine.com\/tr\/wp-json\/wp\/v2\/tags?post=1889"},{"taxonomy":"product-type","embeddable":true,"href":"https:\/\/www.agriculture-machine.com\/tr\/wp-json\/wp\/v2\/product-type?post=1889"}],"curies":[{"name":"wp","href":"https:\/\/api.w.org\/{rel}","templated":true}]}}