{"id":1925,"date":"2019-02-15T09:27:53","date_gmt":"2019-02-15T01:27:53","guid":{"rendered":"https:\/\/www.agriculture-machine.com\/?p=1925"},"modified":"2026-03-02T17:54:39","modified_gmt":"2026-03-02T09:54:39","slug":"peony-transplant-cucumber-transplant-factory-direct","status":"publish","type":"product","link":"https:\/\/www.agriculture-machine.com\/tr\/peony-transplant-cucumber-transplant-factory-direct\/","title":{"rendered":"\u015eakay\u0131k Fidan Dikim Makinesi Salatal\u0131k Sebze Dikim Makinesi"},"content":{"rendered":"<p>\u015eakay\u0131k nakil makinesi, domates, biber, patl\u0131can, lahana, marul, so\u011fan, brokoli, salatal\u0131k, karpuz, m\u0131s\u0131r, pancar, tatl\u0131 patates, \u015fakay\u0131k ve \u00e7e\u015fitli t\u0131bbi bitkilerin hassas nakli i\u00e7in tasarlanm\u0131\u015ft\u0131r. <\/p>    <p>\u00dc\u00e7 model sunuyoruz: tekerlekli kendi-ilerlemeli, paletli kendi-ilerlemeli ve trakt\u00f6r-\u00e7eki\u015fli. <\/p>    <p>4.05\u20137.5 kW benzin motorlar\u0131 veya \u226530 HP trakt\u00f6rler ile \u00e7al\u0131\u015f\u0131r, 1\u201312 s\u0131ral\u0131 destekler, bitki aral\u0131\u011f\u0131 8\u201350 cm, s\u0131ra aral\u0131\u011f\u0131 10\u201350 cm ve derinlik 4\u201315 cm aras\u0131nda ayarlanabilir. Verimlilik saatte 3.600 bitki veya 4.000 m\u00b2 \u00fczerindedir. <\/p>    <p>D\u00fcz arazi, tepeler, teraslar ve sulak alanlarda istikrarl\u0131 \u00e7al\u0131\u015f\u0131r, uniform dikim ve y\u00fcksek hayatta kalma oranlar\u0131 sa\u011flar \u2014 modern sebze \u00fcretim alanlar\u0131, kooperatifler ve b\u00fcy\u00fck \u00e7iftlikler i\u00e7in idealdir.<\/p>    <figure class=\"wp-block-embed aligncenter is-type-video is-provider-youtube wp-block-embed-youtube wp-embed-aspect-16-9 wp-has-aspect-ratio\"><div class=\"wp-block-embed__wrapper\"> <iframe loading=\"lazy\" title=\"\u0130nan\u0131lmaz sebze fidesi nakil makinesi\" width=\"500\" height=\"281\" src=\"https:\/\/www.youtube.com\/embed\/BIM_KAOJubE?feature=oembed\" frameborder=\"0\" allow=\"accelerometer; autoplay; clipboard-write; encrypted-media; gyroscope; picture-in-picture; web-share\" referrerpolicy=\"strict-origin-when-cross-origin\" allowfullscreen><\/iframe> <\/div><figcaption class=\"wp-element-caption\">peony nakil makinesi \u00e7al\u0131\u015fma videosu<\/figcaption><\/figure>    <p class=\"translation-block\">Bu makine genellikle bir fidanl\u0131k makinesi ile birlikte kullan\u0131l\u0131r, k\u00fcltivasyon fidesi dikmek i\u00e7in. Daha fazla bilgi i\u00e7in t\u0131klay\u0131n: <strong><em><a href=\"https:\/\/www.agriculture-machine.com\/tr\/nursery-seeding-machine-seeder-machine-vegetable-seeder-machine\/\">Fidanl\u0131k Ekim Makinesi | Ekim Makinesi | Sebze Ekim Makinesi<\/a><\/em><\/strong>.<\/p>    <h2 class=\"wp-block-heading\"><strong><b>Birinci tip: Trakt\u00f6rle hareket eden nakil makinesi<\/b><\/strong><\/h2>    <p>The tractor-driven peony transplanter machine is driven by the tractor&#8217;s PTO, with no need for a separate power system. Its simple structure ensures stable operation, ideal for large-scale planting bases. <\/p>    <p>Farkl\u0131 \u00e7iftlik b\u00fcy\u00fckl\u00fckleri ve \u00fcr\u00fcnlere uygun 2\u2011, 4\u2011, 6\u2011, 8\u2011, 10\u2011 veya 12\u2011 s\u0131ral\u0131 modeller sunar. Bitki aral\u0131\u011f\u0131 100\u2013500 mm, s\u0131ra aral\u0131\u011f\u0131 150\u2013500 mm ve nakil derinli\u011fi 4\u201315 cm aras\u0131nda ayarlanabilir, \u00e7e\u015fitli tar\u0131msal ihtiya\u00e7lara cevap verir. <\/p>    <p>Domates, biber, ananas, \u015fakay\u0131k ve di\u011fer k\u00f6k bitkileri i\u00e7in uygundur. Opsiyonel mod\u00fcller aras\u0131nda s\u0131ralama, g\u00fcbreleme, mulching, damla sulama, p\u00fcsk\u00fcrtme ve sulama bulunur. Bu hepsi-bir arada makine, verimlili\u011fi b\u00fcy\u00fck \u00f6l\u00e7\u00fcde art\u0131r\u0131r ve i\u015f\u00e7ilik maliyetlerini d\u00fc\u015f\u00fcr\u00fcr, modern tar\u0131msal makinele\u015fmede anahtar rol oynar.<\/p>    <figure class=\"wp-block-gallery has-nested-images columns-default is-cropped wp-block-gallery-2 is-layout-flex wp-block-gallery-is-layout-flex\"> <figure class=\"wp-block-image size-large\"><img loading=\"lazy\" decoding=\"async\" width=\"720\" height=\"540\" data-id=\"16122\" src=\"https:\/\/www.agriculture-machine.com\/wp-content\/uploads\/2019\/02\/2-row-tractor-driven-transplanter.webp\" alt=\"2 s\u0131ra trakt\u00f6rle hareket eden nakil makinesi\" class=\"wp-image-16122\" srcset=\"https:\/\/www.agriculture-machine.com\/wp-content\/uploads\/2019\/02\/2-row-tractor-driven-transplanter.webp 720w, https:\/\/www.agriculture-machine.com\/wp-content\/uploads\/2019\/02\/2-row-tractor-driven-transplanter-360x270.webp 360w, https:\/\/www.agriculture-machine.com\/wp-content\/uploads\/2019\/02\/2-row-tractor-driven-transplanter-240x180.webp 240w, https:\/\/www.agriculture-machine.com\/wp-content\/uploads\/2019\/02\/2-row-tractor-driven-transplanter-16x12.webp 16w\" sizes=\"auto, (max-width: 720px) 100vw, 720px\" \/><figcaption class=\"wp-element-caption\">2 s\u0131ra trakt\u00f6rle hareket eden nakil makinesi<\/figcaption><\/figure>    <figure class=\"wp-block-image size-large\"><img loading=\"lazy\" decoding=\"async\" width=\"720\" height=\"540\" data-id=\"16123\" src=\"https:\/\/www.agriculture-machine.com\/wp-content\/uploads\/2019\/02\/4-row-towed-transplanting-machine.webp\" alt=\"4 s\u0131ra \u00e7ekici nakil makinesi\" class=\"wp-image-16123\" srcset=\"https:\/\/www.agriculture-machine.com\/wp-content\/uploads\/2019\/02\/4-row-towed-transplanting-machine.webp 720w, https:\/\/www.agriculture-machine.com\/wp-content\/uploads\/2019\/02\/4-row-towed-transplanting-machine-360x270.webp 360w, https:\/\/www.agriculture-machine.com\/wp-content\/uploads\/2019\/02\/4-row-towed-transplanting-machine-240x180.webp 240w, https:\/\/www.agriculture-machine.com\/wp-content\/uploads\/2019\/02\/4-row-towed-transplanting-machine-16x12.webp 16w\" sizes=\"auto, (max-width: 720px) 100vw, 720px\" \/><figcaption class=\"wp-element-caption\">4 s\u0131ra \u00e7ekici nakil makinesi<\/figcaption><\/figure> <\/figure>    <h3 class=\"wp-block-heading\"><strong><b>Trakt\u00f6rle hareket eden nakil makinesi teknik parametreleri<\/b><\/strong><\/h3>    <figure class=\"wp-block-table is-style-stripes\"><table class=\"has-fixed-layout\"><tbody><tr><td>Model<\/td><td>S\u0131ra aras\u0131<\/td><td>S\u0131ra aral\u0131\u011f\u0131<\/td><td>Kapasite<\/td><td>S\u0131ra<\/td><td>G\u00fc\u00e7<\/td><\/tr><tr><td>2ZBX-2<\/td><td>200-500mm<\/td><td>250-500mm<\/td><td>1000-1700\u33a1\/h<\/td><td>2<\/td><td>\u226530hp<\/td><\/tr><tr><td>2ZBX-4<\/td><td>200-500mm<\/td><td>250-500mm<\/td><td>1000-2700\u33a1\/h<\/td><td>4<\/td><td>\u226550hp<\/td><\/tr><tr><td>2ZBX-6<\/td><td>100-400mm<\/td><td>150-300mm<\/td><td>1400-3400\u33a1\/h<\/td><td>6<\/td><td>\u226560hp<\/td><\/tr><tr><td>2ZBX-8<\/td><td>100-400mm<\/td><td>150-300mm<\/td><td>2000-4000\u33a1\/h<\/td><td>8<\/td><td>\u226560hp<\/td><\/tr><tr><td>2ZBX-10<\/td><td>100-400mm<\/td><td>150-300mm<\/td><td>2700-5400\u33a1\/h<\/td><td>10<\/td><td>\u226560hp<\/td><\/tr><tr><td>2ZBX-12<\/td><td>100-400mm<\/td><td>150-300mm<\/td><td>3700-6700\u33a1\/h<\/td><td>12<\/td><td>\u226560hp<\/td><\/tr><\/tbody><\/table><figcaption class=\"wp-element-caption\">Trakt\u00f6rle \u00c7al\u0131\u015ft\u0131r\u0131lan \u015eakay\u0131k Nakil Makinesi Teknik Verileri<\/figcaption><\/figure>    <figure class=\"wp-block-image aligncenter\"><img decoding=\"async\" src=\"https:\/\/www.agriculture-machine.com\/wp-content\/uploads\/2019\/02\/peony-transplant5.jpg\" alt=\"peony-transplant5\"\/><\/figure>    <h2 class=\"wp-block-heading\">\u0130kinci tip: Kendi-ilerlemeli nakil makinesi<\/h2>    <p>Kendi-ilerlemeli \u015fakay\u0131k nakil makineleri iki t\u00fcre ayr\u0131l\u0131r: tekerlekli ve paletli modeller. Her ikisi de benzin motorlar\u0131yla \u00e7al\u0131\u015f\u0131r, otomatik hareket ve nakil fonksiyonlar\u0131n\u0131 entegre eder, esnek operasyon sa\u011flar.<\/p>    <p>K\u00fc\u00e7\u00fck ve orta \u00f6l\u00e7ekli \u00e7iftlikler ve \u00e7e\u015fitli arazi tipleri i\u00e7in uygundur. G\u00fc\u00e7 4.05 kW ile 7.5 kW aras\u0131nda de\u011fi\u015fir, ve yap\u0131land\u0131rmalar 1\u2019den 12\u2019ye kadar s\u0131ral\u0131 destekler, farkl\u0131 dikim \u00f6l\u00e7ekleri i\u00e7in uygundur.<\/p>    <h3 class=\"wp-block-heading\">Tekerlekli kendi-ilerlemeli nakil makinesi<\/h3>    <p>Kompakt yap\u0131, duyarl\u0131 direksiyon ve kolay ta\u015f\u0131nabilirlik, ovalar, seralar ve genel tepelik alanlar i\u00e7in uygundur.<\/p>    <p>20\u201350cm aras\u0131nda ayarlanabilir bitki aral\u0131\u011f\u0131yla 1 s\u0131ral\u0131, 2 s\u0131ral\u0131 veya 4 s\u0131ral\u0131 operasyonlar\u0131 destekler, istikrarl\u0131 verim sa\u011flar.<\/p>    <p>Manuel fide yerle\u015ftirme, uniform ve d\u00fczenli dikim sa\u011flar, i\u015f\u00e7ilik yo\u011funlu\u011funu \u00f6nemli \u00f6l\u00e7\u00fcde azalt\u0131r.<\/p>    <figure class=\"wp-block-table is-style-stripes\"><table class=\"has-fixed-layout\"><tbody><tr><td>Model<\/td><td>Benzinli <br>motor(kW)<\/td><td>Bitki aral\u0131\u011f\u0131 (cm)<\/td><td>S\u0131ra aral\u0131\u011f\u0131 (cm)<\/td><td>Kapasite (acre\/h)<\/td><td>\u00c7al\u0131\u015fma s\u0131ralar\u0131<\/td><\/tr><tr><td>2ZBZ-1A<\/td><td>4.06<\/td><td>20-50<\/td><td>\/<\/td><td>0.25<\/td><td>1<\/td><\/tr><tr><td>2ZBZ-2A<\/td><td>4.06<\/td><td>20-50<\/td><td>30-50<\/td><td>0.25-0.3<\/td><td>2<\/td><\/tr><tr><td>2ZBZ-4A<\/td><td>4.06<\/td><td>20-50<\/td><td>15-30<\/td><td>0.25-0.5<\/td><td>4<\/td><\/tr><\/tbody><\/table><figcaption class=\"wp-element-caption\">Tekerlekli tipi \u015fakay\u0131k nakil makinesi teknik parametreleri<\/figcaption><\/figure>    <figure class=\"wp-block-gallery has-nested-images columns-default is-cropped wp-block-gallery-3 is-layout-flex wp-block-gallery-is-layout-flex\"> <figure class=\"wp-block-image size-large\"><img loading=\"lazy\" decoding=\"async\" width=\"720\" height=\"540\" data-id=\"16126\" src=\"https:\/\/www.agriculture-machine.com\/wp-content\/uploads\/2019\/02\/wheeled-self-propelled-type.webp\" alt=\"Tekerlekli kendi kendine hareket eden tip\" class=\"wp-image-16126\" srcset=\"https:\/\/www.agriculture-machine.com\/wp-content\/uploads\/2019\/02\/wheeled-self-propelled-type.webp 720w, https:\/\/www.agriculture-machine.com\/wp-content\/uploads\/2019\/02\/wheeled-self-propelled-type-360x270.webp 360w, https:\/\/www.agriculture-machine.com\/wp-content\/uploads\/2019\/02\/wheeled-self-propelled-type-240x180.webp 240w, https:\/\/www.agriculture-machine.com\/wp-content\/uploads\/2019\/02\/wheeled-self-propelled-type-16x12.webp 16w\" sizes=\"auto, (max-width: 720px) 100vw, 720px\" \/><figcaption class=\"wp-element-caption\">Tekerlekli kendi kendine hareket eden tip<\/figcaption><\/figure>    <figure class=\"wp-block-image size-large\"><img loading=\"lazy\" decoding=\"async\" width=\"720\" height=\"540\" data-id=\"16125\" src=\"https:\/\/www.agriculture-machine.com\/wp-content\/uploads\/2019\/02\/crawler-type-peony-transplanter.webp\" alt=\"paletli peony nakil makinesi\" class=\"wp-image-16125\" srcset=\"https:\/\/www.agriculture-machine.com\/wp-content\/uploads\/2019\/02\/crawler-type-peony-transplanter.webp 720w, https:\/\/www.agriculture-machine.com\/wp-content\/uploads\/2019\/02\/crawler-type-peony-transplanter-360x270.webp 360w, https:\/\/www.agriculture-machine.com\/wp-content\/uploads\/2019\/02\/crawler-type-peony-transplanter-240x180.webp 240w, https:\/\/www.agriculture-machine.com\/wp-content\/uploads\/2019\/02\/crawler-type-peony-transplanter-16x12.webp 16w\" sizes=\"auto, (max-width: 720px) 100vw, 720px\" \/><figcaption class=\"wp-element-caption\">paletli peony nakil makinesi<\/figcaption><\/figure> <\/figure>    <h3 class=\"wp-block-heading\">Paletli tipi kendi-ilerlemeli nakil makinesi<\/h3>    <p>B\u00fcy\u00fck yer temas alan\u0131 ve g\u00fc\u00e7l\u00fc \u00e7eki\u015f sa\u011flayan paletli yap\u0131, sulak alanlar, tepeler ve terasl\u0131 alanlar gibi karma\u015f\u0131k arazilerde stabil \u00e7al\u0131\u015fma sa\u011flar.<\/p>    <p>Ayarlanabilir bitki aral\u0131\u011f\u0131 (8\u201320cm) ve \u00f6zelle\u015ftirilebilir s\u0131ra aral\u0131\u011f\u0131 ile verimli 4\u201312 s\u0131ral\u0131 nakliye deste\u011fi sa\u011flar, tar\u0131msal gereksinimleri kar\u015f\u0131lar.<\/p>    <p>So\u011fan, lahana, brokoli ve t\u0131bbi bitkiler gibi y\u00fcksek yo\u011funluklu \u00fcr\u00fcnler i\u00e7in idealdir, \u00f6zellikle b\u00fcy\u00fck \u00f6l\u00e7ekli, s\u00fcrekli alan \u00fcretimi i\u00e7in uygundur.<\/p>    <figure class=\"wp-block-table is-style-stripes\"><table class=\"has-fixed-layout\"><tbody><tr><td>Model<\/td><td>A\u011f\u0131rl\u0131k<br>(kg)<\/td><td>Yap\u0131<\/td><td>Dikim <br>ara\u00e7<\/td><td>Bitki <br>bo\u015fluk<br>(cm)<\/td><td>S\u0131ra <br>bo\u015fluk <br>(cm)<\/td><td>Y\u00fckseklik <br>-in <br>fide<br>(cm)<\/td><td>S\u0131ralar<\/td><td>Operat\u00f6r<\/td><td>G\u00fc\u00e7<br>(kW)<\/td><\/tr><tr><td>2ZBLZ-4A<\/td><td>450<\/td><td>Kendi-<br>itmeli<\/td><td>\u00d6rdek <br>a\u011f\u0131z <br>as\u0131l\u0131 kupa<\/td><td>8-20<\/td><td>25-40<\/td><td>10-20<\/td><td>4<\/td><td>3<\/td><td>7.5<\/td><\/tr><tr><td>2ZBLZ-6<\/td><td>1050<\/td><td>Kendi-<br>itmeli <br>paletli<\/td><td>\u00d6rdek <br>a\u011f\u0131z <br>as\u0131l\u0131 kupa<\/td><td>8-20<\/td><td>15-20<\/td><td>10-20<\/td><td>6<\/td><td>4<\/td><td>7.5<\/td><\/tr><tr><td>2ZBLZ-8<\/td><td>1150<\/td><td>Kendi-<br>itmeli <br>paletli<\/td><td>\u00d6rdek <br>a\u011f\u0131z <br>as\u0131l\u0131 kupa<\/td><td>8-20<\/td><td>10-20<\/td><td>10-20<\/td><td>8<\/td><td>5<\/td><td>7.5<\/td><\/tr><tr><td>2ZBLZ-10<\/td><td>1250<\/td><td>Kendi-<br>itmeli <br>paletli<\/td><td>\u00d6rdek <br>a\u011f\u0131z <br>as\u0131l\u0131 kupa<\/td><td>8-20<\/td><td>15<\/td><td>10-20<\/td><td>10<\/td><td>6<\/td><td>7.5<\/td><\/tr><tr><td>2ZBLZ-12<\/td><td>1350<\/td><td>Kendi-<br>itmeli <br>paletli<\/td><td>\u00d6rdek <br>a\u011f\u0131z <br>as\u0131l\u0131 kupa<\/td><td>8-20<\/td><td>10-15<\/td><td>10-20<\/td><td>12<\/td><td>7<\/td><td>7.5<\/td><\/tr><\/tbody><\/table><figcaption class=\"wp-element-caption\">Paletli fide nakil makinesi teknik \u00f6zellikleri<\/figcaption><\/figure>    <h2 class=\"wp-block-heading\">\u015eakay\u0131k nakil makinesinin \u00e7al\u0131\u015fma prensibi<\/h2>    <p>Ana \u00e7al\u0131\u015fma prensibi, \u00e7ift krank mili d\u00f6n\u00fc\u015f\u00fcn\u00fc tohum i\u011fnesini hareket ettirmek i\u00e7in kullanmakt\u0131r. Tohum i\u011fnesi ile trakt\u00f6r aras\u0131ndaki kuvvet, tohumun dik olarak dikilmesini sa\u011flar.<\/p>    <figure class=\"wp-block-embed aligncenter is-type-video is-provider-youtube wp-block-embed-youtube wp-embed-aspect-16-9 wp-has-aspect-ratio\"><div class=\"wp-block-embed__wrapper\"> <iframe loading=\"lazy\" title=\"Trakt\u00f6rle hareket eden nakil makinesinin canl\u0131 g\u00f6sterimi | H\u0131zl\u0131 Nakil Teknolojisi!\" width=\"500\" height=\"281\" src=\"https:\/\/www.youtube.com\/embed\/dFsIqkHmOaU?start=1&#038;feature=oembed\" frameborder=\"0\" allow=\"accelerometer; autoplay; clipboard-write; encrypted-media; gyroscope; picture-in-picture; web-share\" referrerpolicy=\"strict-origin-when-cross-origin\" allowfullscreen><\/iframe> <\/div><figcaption class=\"wp-element-caption\">Trakt\u00f6rle \u00c7al\u0131\u015ft\u0131r\u0131lan Sebze Nakil Alan\u0131<\/figcaption><\/figure>    <h2 class=\"wp-block-heading\">Peony nakil makinesinin avantajlar\u0131<\/h2>    <ul class=\"wp-block-list\"> <li>Y\u00fcksek verimli 1\u201312 s\u0131ral\u0131 \u00e7al\u0131\u015fma, saatte 3.600\u2019den fazla bitkiye ula\u015f\u0131r.<\/li>    <li>Hassas ve ayarlanabilir bitki aral\u0131\u011f\u0131, s\u0131ra aral\u0131\u011f\u0131 ve dikim derinli\u011fi.<\/li>    <li>Ovalarda, tepelerde, seralarda ve b\u00fcy\u00fck \u00e7iftliklerde geni\u015f arazi uyumu.<\/li>    <li>\u0130\u015f\u00e7ilik girdisini \u00f6nemli \u00f6l\u00e7\u00fcde azalt\u0131r ve i\u015f\u00e7ilik maliyetlerini d\u00fc\u015f\u00fcr\u00fcr.<\/li>    <li>Sebzeler, k\u00f6k bitkileri, \u00e7i\u00e7ekler ve t\u0131bbi bitkiler i\u00e7in uygundur.<\/li>    <li>S\u0131ralama, g\u00fcbreleme, mulching ve p\u00fcsk\u00fcrtme fonksiyonlar\u0131yla geni\u015fletilebilir.<\/li>    <li>Sa\u011flam yap\u0131, g\u00fcvenilir performans ve kolay bak\u0131m.<\/li>    <li>Aile \u00e7iftlikleri ve b\u00fcy\u00fck tar\u0131msal i\u015fletmeler i\u00e7in esnek modeller.<br><img decoding=\"async\" src=\"https:\/\/www.agriculture-machine.com\/wp-content\/uploads\/2019\/02\/peony-transplant1.jpg\" alt=\"peony-transplant1\"><\/li> <\/ul>    <h2 class=\"wp-block-heading\">Kantitatif \u00fcretim kapasitesi garantisi<\/h2>    <p>Yirmi y\u0131ldan fazla teknik birikim sonras\u0131, sebze fidesi nakil makinemizin temel bile\u015fenleri mod\u00fcler tasar\u0131m kullanmakta, ak\u0131ll\u0131 montaj hatt\u0131 ile, \u015fu anda g\u00fcnl\u00fck 50 setlik seri \u00fcretim kapasitesine ula\u015fm\u0131\u015ft\u0131r.<\/p>    <p>Her makinenin fabrika standartlar\u0131na uygunlu\u011funu sa\u011flamak i\u00e7in \u00fc\u00e7 katmanl\u0131 kalite kontrol sistemi kurduk: <\/p>    <ul class=\"wp-block-list\"> <li>0 ithal hassas par\u00e7a kalite kontrol\u00fc.<\/li>    <li>T\u00fcm makine montaj hatas\u0131 0.3mm i\u00e7inde kontrol edilir.<\/li>    <li>Fabrikadan \u00e7\u0131kmadan \u00f6nce 48 saatlik s\u00fcrekli deneme \u00e7al\u0131\u015fmas\u0131 testi. <\/li> <\/ul>    <p>A\u015fa\u011f\u0131daki videoya t\u0131klayarak sevkiyata haz\u0131r d\u00fczenlenmi\u015f ekipman\u0131 g\u00f6rebilirsiniz:<\/p>    <figure class=\"wp-block-embed aligncenter is-type-video is-provider-youtube wp-block-embed-youtube wp-embed-aspect-16-9 wp-has-aspect-ratio\"><div class=\"wp-block-embed__wrapper\"> <iframe loading=\"lazy\" title=\"Sebze Fidesi Nakil Makineleri Fabrika Seri \u00dcretim ve \u00c7al\u0131\u015fma Sahnesi G\u00f6sterimi#nakilci\" width=\"500\" height=\"281\" src=\"https:\/\/www.youtube.com\/embed\/Ew5S8QEcbaU?feature=oembed\" frameborder=\"0\" allow=\"accelerometer; autoplay; clipboard-write; encrypted-media; gyroscope; picture-in-picture; web-share\" referrerpolicy=\"strict-origin-when-cross-origin\" allowfullscreen><\/iframe> <\/div><figcaption class=\"wp-element-caption\">Fabrika'da sebze peony nakil makineleri<\/figcaption><\/figure>    <h2 class=\"wp-block-heading\">SSS<\/h2>   <div id=\"rank-math-faq\" class=\"rank-math-block\"> <div class=\"rank-math-list\"> <div id=\"faq-question-1717062234738\" class=\"rank-math-list-item\"> <h3 class=\"rank-math-question\">Bu nakil makineleri hangi \u00e7iftlikler i\u00e7in uygundur?<\/h3> <div class=\"rank-math-answer\">  <p>Tekerlekli: k\u00fc\u00e7\u00fck ve orta \u00f6l\u00e7ekli \u00e7iftlikler ve d\u00fcz arazi; paletli: tepeler, sulak alanlar, teraslar; trakt\u00f6r \u00e7eki\u015fli: b\u00fcy\u00fck \u00f6l\u00e7ekli \u00e7iftlikler.<\/p>  <\/div> <\/div> <div id=\"faq-question-1717062238523\" class=\"rank-math-list-item\"> <h3 class=\"rank-math-question\">Bir makine ka\u00e7 s\u0131ral\u0131 nakliye yapabilir?<\/h3> <div class=\"rank-math-answer\">  <p>1\u201312 s\u0131ral\u0131. Tekerlekli: 1\u20134 s\u0131ral\u0131; paletli ve \u00e7eki\u015fli: 4\u201312 s\u0131ral\u0131.<\/p>  <\/div> <\/div> <div id=\"faq-question-1717062249115\" class=\"rank-math-list-item\"> <h3 class=\"rank-math-question\">Fide aral\u0131\u011f\u0131 ve s\u0131ra aral\u0131\u011f\u0131 ayarlanabilir mi?<\/h3> <div class=\"rank-math-answer\">  <p>Evet. Bitki aral\u0131\u011f\u0131: 8\u201350 cm; s\u0131ra aral\u0131\u011f\u0131: 10\u201350 cm. Baz\u0131 \u00e7eki\u015fli modeller i\u00e7in \u00f6zelle\u015ftirme m\u00fcmk\u00fcnd\u00fcr.<\/p>  <\/div> <\/div> <div id=\"faq-question-1717062257275\" class=\"rank-math-list-item\"> <h3 class=\"rank-math-question\">Hangi \u00fcr\u00fcnler nakledilebilir?<\/h3> <div class=\"rank-math-answer\">  <p>Domates, biber, patl\u0131can, lahana, marul, so\u011fan, tatl\u0131 patates, m\u0131s\u0131r, \u015fakay\u0131k ve \u00e7e\u015fitli t\u0131bbi bitkiler.<\/p>  <\/div> <\/div> <div id=\"faq-question-1772443962396\" class=\"rank-math-list-item\"> <h3 class=\"rank-math-question\">Hangi trakt\u00f6r g\u00fcc\u00fc gerekir?<\/h3> <div class=\"rank-math-answer\">  <p>\u00c7eki\u015fli nakil makineleri \u226530 HP trakt\u00f6rler gerektirir.<\/p>  <\/div> <\/div> <div id=\"faq-question-1772443974302\" class=\"rank-math-list-item\"> <h3 class=\"rank-math-question\">Hangi trakt\u00f6r g\u00fcc\u00fc gerekir?<\/h3> <div class=\"rank-math-answer\">  <p>\u00c7eki\u015fli nakil makineleri \u226530 HP trakt\u00f6rler gerektirir.<\/p>  <\/div> <\/div> <div id=\"faq-question-1772443984546\" class=\"rank-math-list-item\"> <h3 class=\"rank-math-question\">Nakil derli\u011fi ayarlanabilir mi?<\/h3> <div class=\"rank-math-answer\">  <p>Evet, 4\u201315 cm aras\u0131 farkl\u0131 \u00fcr\u00fcnler i\u00e7in.<\/p>  <\/div> <\/div> <div id=\"faq-question-1772443993439\" class=\"rank-math-list-item\"> <h3 class=\"rank-math-question\">Ek fonksiyonlar eklenebilir mi?<\/h3> <div class=\"rank-math-answer\">  <p>Evet. \u00c7eki\u015fli \u015fakay\u0131k nakil makineleri s\u0131ralama, g\u00fcbreleme, mulching, damla sulama, p\u00fcsk\u00fcrtme ve sulama ile donat\u0131labilir.<\/p>  <\/div> <\/div> <div id=\"faq-question-1772444006485\" class=\"rank-math-list-item\"> <h3 class=\"rank-math-question\">Sat\u0131\u015f sonras\u0131 hizmetler nas\u0131l?<\/h3> <div class=\"rank-math-answer\">  <p>Garanti, yedek par\u00e7a, montaj videolar\u0131 ve uzaktan teknik destek sa\u011flan\u0131r.<\/p>  <\/div> <\/div> <\/div> <\/div>","protected":false},"excerpt":{"rendered":"<p>Bu makale, tekerlekli kendi-ilerlemeli, paletli kendi-ilerlemeli ve trakt\u00f6r \u00e7eki\u015fli olmak \u00fczere \u00fc\u00e7 tip \u015fakay\u0131k nakil makinelerini tan\u0131tmaktad\u0131r. Uygulama alanlar\u0131, teknik \u00f6zellikleri ve operasyonel avantajlar\u0131n\u0131 kapsar.<\/p>","protected":false},"author":1,"featured_media":14627,"parent":0,"comment_status":"closed","ping_status":"closed","template":"","tags":[930],"product-type":[877,916],"class_list":["post-1925","product","type-product","status-publish","has-post-thumbnail","hentry","tag-vegetable-seedling","product-type-nursery-transplanter","product-type-vegetable-transplanter"],"_links":{"self":[{"href":"https:\/\/www.agriculture-machine.com\/tr\/wp-json\/wp\/v2\/product\/1925","targetHints":{"allow":["GET"]}}],"collection":[{"href":"https:\/\/www.agriculture-machine.com\/tr\/wp-json\/wp\/v2\/product"}],"about":[{"href":"https:\/\/www.agriculture-machine.com\/tr\/wp-json\/wp\/v2\/types\/product"}],"author":[{"embeddable":true,"href":"https:\/\/www.agriculture-machine.com\/tr\/wp-json\/wp\/v2\/users\/1"}],"replies":[{"embeddable":true,"href":"https:\/\/www.agriculture-machine.com\/tr\/wp-json\/wp\/v2\/comments?post=1925"}],"wp:featuredmedia":[{"embeddable":true,"href":"https:\/\/www.agriculture-machine.com\/tr\/wp-json\/wp\/v2\/media\/14627"}],"wp:attachment":[{"href":"https:\/\/www.agriculture-machine.com\/tr\/wp-json\/wp\/v2\/media?parent=1925"}],"wp:term":[{"taxonomy":"post_tag","embeddable":true,"href":"https:\/\/www.agriculture-machine.com\/tr\/wp-json\/wp\/v2\/tags?post=1925"},{"taxonomy":"product-type","embeddable":true,"href":"https:\/\/www.agriculture-machine.com\/tr\/wp-json\/wp\/v2\/product-type?post=1925"}],"curies":[{"name":"wp","href":"https:\/\/api.w.org\/{rel}","templated":true}]}}