{"id":1931,"date":"2019-02-20T09:34:02","date_gmt":"2019-02-20T01:34:02","guid":{"rendered":"https:\/\/www.agriculture-machine.com\/?p=1931"},"modified":"2025-03-14T17:56:59","modified_gmt":"2025-03-14T09:56:59","slug":"combine-harvester","status":"publish","type":"product","link":"https:\/\/www.agriculture-machine.com\/tr\/combine-harvester\/","title":{"rendered":"Kombine Bu\u011fday Pirin\u00e7 Hasat Makinesi"},"content":{"rendered":"<p>Geleneksel pirin\u00e7 hasad\u0131 y\u00f6nteminde, manuel hasat ve ay\u0131klama g\u00f6revleri sadece \u00f6nemli miktarda emek gerektirmekle kalmaz, ayn\u0131 zamanda yakla\u015f\u0131k  ila  aras\u0131nda tah\u0131l kayb\u0131na yol a\u00e7ar.<\/p>    <p>Pirincin bu\u011fdayla birlikte hasad\u0131n\u0131 ve ay\u0131klamas\u0131n\u0131 ak\u0131ll\u0131ca birle\u015ftiren k\u00fc\u00e7\u00fck kombine hasat makinesi, verimli bir operasyon sa\u011flar. G\u00fcnl\u00fck 50 ila 80 mu alan\u0131 kaplayabilir ve kay\u0131p oran\u0131 sadece %1.5 veya daha azd\u0131r, modern \u00e7ift\u00e7ilik i\u00e7in kapsaml\u0131 bir \u00e7\u00f6z\u00fcm sunar, sizi tarladan tah\u0131l ambar\u0131na sorunsuz g\u00f6t\u00fcr\u00fcr.<\/p>    <figure class=\"wp-block-embed aligncenter is-type-video is-provider-youtube wp-block-embed-youtube wp-embed-aspect-16-9 wp-has-aspect-ratio\"><div class=\"wp-block-embed__wrapper\"> <iframe loading=\"lazy\" title=\"Geli\u015fmi\u015f Teknoloji, Tek Makine! Pirin\u00e7 Bu\u011fday Hasat ve Ay\u0131klama Makinesi \u015ea\u015f\u0131rt\u0131c\u0131 Bir G\u00f6r\u00fcn\u00fcm Sunuyor!\" width=\"500\" height=\"281\" src=\"https:\/\/www.youtube.com\/embed\/-JwfU0i0ZWo?start=24&#038;feature=oembed\" frameborder=\"0\" allow=\"accelerometer; autoplay; clipboard-write; encrypted-media; gyroscope; picture-in-picture; web-share\" referrerpolicy=\"strict-origin-when-cross-origin\" allowfullscreen><\/iframe> <\/div><figcaption class=\"wp-element-caption\">k\u00fc\u00e7\u00fck kombine hasat makinesi \u00e7al\u0131\u015fma videosu<\/figcaption><\/figure>    <p>En iyi yan\u0131, iki ayr\u0131 makineye yat\u0131r\u0131m yapman\u0131za gerek olmamas\u0131 \u2014 k\u00fc\u00e7\u00fck kombine hasat makinesi ve ay\u0131klay\u0131c\u0131. Bu t\u00fcr makine ger\u00e7ekten hem para hem de enerji tasarrufu sa\u011flar. Bu makalede, iki farkl\u0131 pirin\u00e7 hasat makinesi t\u00fcr\u00fcn\u00fc inceleyece\u011fiz.<\/p>    <h2 class=\"wp-block-heading\">Birinci tip<\/h2>    <p>Bu k\u00fc\u00e7\u00fck kombine hasat makinesi, pirin\u00e7 ve bu\u011fday i\u00e7in tasarlanm\u0131\u015ft\u0131r. \u00dcr\u00fcnleri do\u011frudan tarladan keserek verimli bi\u00e7imde hasat eder, ayn\u0131 zamanda ay\u0131klar, saplar\u0131 ay\u0131r\u0131r ve yabanc\u0131 maddeleri giderir. <\/p>    <p>Daha basit ifadeyle, bu makine sadece pirin\u00e7 veya bu\u011fday\u0131 kesmekle kalmaz, ayn\u0131 zamanda ay\u0131klar, size temiz taneler sa\u011flar. Ayr\u0131ca, sadece %1.5 oran\u0131nda d\u00fc\u015f\u00fck tanelik k\u0131r\u0131lma oran\u0131 ve %2 pirin\u00e7 kayb\u0131 oran\u0131na sahiptir.<\/p>    <figure class=\"wp-block-image aligncenter wp-image-4063 size-full\"><img loading=\"lazy\" decoding=\"async\" width=\"750\" height=\"600\" src=\"https:\/\/www.agriculture-machine.com\/wp-content\/uploads\/2019\/02\/harvester-machine-5.jpg\" alt=\"k\u00fc\u00e7\u00fck kombine hasat makinesi\" class=\"wp-image-4063\" srcset=\"https:\/\/www.agriculture-machine.com\/wp-content\/uploads\/2019\/02\/harvester-machine-5.jpg 750w, https:\/\/www.agriculture-machine.com\/wp-content\/uploads\/2019\/02\/harvester-machine-5-338x270.jpg 338w, https:\/\/www.agriculture-machine.com\/wp-content\/uploads\/2019\/02\/harvester-machine-5-675x540.jpg 675w\" sizes=\"auto, (max-width: 750px) 100vw, 750px\" \/><figcaption class=\"wp-element-caption\">k\u00fc\u00e7\u00fck kombine hasat makinesi<\/figcaption><\/figure>    <figure class=\"wp-block-image aligncenter\"><img decoding=\"async\" src=\"https:\/\/www.agriculture-machine.com\/wp-content\/uploads\/2019\/02\/combine-harvester06.jpg\" alt=\"Bu\u011fday hasat yap\u0131s\u0131\"\/><figcaption class=\"wp-element-caption\">Bu\u011fday hasat yap\u0131s\u0131<\/figcaption><\/figure>    <h3 class=\"wp-block-heading\">K\u00fc\u00e7\u00fck kombine hasat makinesinin teknik parametreleri<\/h3>    <figure class=\"wp-block-table is-style-stripes\"><table class=\"has-fixed-layout\"><tbody><tr><td>Model<\/td><td><strong><strong>4LZ-0.8 (iz)<\/strong><\/strong><\/td><\/tr><tr><td>Ba\u011flant\u0131\/S\u00fcr\u00fc\u015f<\/td><td>Tek miller, \u00e7eki\u015f<\/td><\/tr><tr><td>Ba\u015flang\u0131\u00e7 modu<\/td><td>Elektrik ile ba\u015flatma<\/td><\/tr><tr><td>Ayd\u0131nlatma<\/td><td>12V\/100W<\/td><\/tr><tr><td>So\u011futma<\/td><td>Hava so\u011futmal\u0131<\/td><\/tr><tr><td>A\u011f\u0131rl\u0131k<\/td><td>450 kg<\/td><\/tr><tr><td>Boyutlar<\/td><td>2700*1420*1350 mm<\/td><\/tr><tr><td>Motor Modeli<\/td><td>188 F<\/td><\/tr><tr><td>Dizel motor<\/td><td>Tek silindir, yatay, buharla\u015ft\u0131r\u0131c\u0131 su, do\u011frudan enjeksiyon<\/td><\/tr><tr><td>De\u011ferlendirilmi\u015f g\u00fc\u00e7<\/td><td>13.5 Hp<\/td><\/tr><tr><td>De\u011ferlendirilmi\u015f motor h\u0131z\u0131<\/td><td>3600 r\/dak<\/td><\/tr><tr><td>Yak\u0131t t\u00fcketimi<\/td><td>20 kg\/hm2<\/td><\/tr><tr><td>Teorik \u00e7al\u0131\u015fma h\u0131z\u0131<\/td><td>2.56 (ikinci vites)<\/td><\/tr><tr><td>Verimlilik<\/td><td>400-1000m2\/h<\/td><\/tr><tr><td>K\u0131r\u0131lma oran\u0131<\/td><td>1.5%<\/td><\/tr><tr><td>Pirincin kay\u0131p oran\u0131<\/td><td>2%<\/td><\/tr><tr><td>Bu\u011fday kay\u0131p oran\u0131<\/td><td>3.5%<\/td><\/tr><tr><td>Kesim geni\u015fli\u011fi (Rated)<\/td><td>1200 mm<\/td><\/tr><tr><td>Minimum yerden y\u00fckseklik<\/td><td>180 mm<\/td><\/tr><tr><td>Kedi<\/td><td>Uzunluk 800 *Geni\u015flik 250 mm<\/td><\/tr><tr><td>Lastik boyutu<\/td><td>5.00-12<\/td><\/tr><\/tbody><\/table><figcaption class=\"wp-element-caption\">k\u00fc\u00e7\u00fck kombine hasat makinesi teknik verileri<\/figcaption><\/figure>    <h3 class=\"wp-block-heading\">K\u00fc\u00e7\u00fck kombine hasat makinesinin \u00f6n haz\u0131rl\u0131\u011f\u0131<\/h3>    <ul class=\"wp-block-list\"> <li>Pirincin ve bu\u011fday\u0131n hasat makinesi, tarlaya d\u00fczg\u00fcn gitmeli, bu da \u00e7al\u0131\u015fma verimlili\u011fini art\u0131r\u0131r ve \u00fcr\u00fcn israf\u0131n\u0131 \u00f6nler.<\/li>    <li>Kullan\u0131c\u0131, bu\u011fday hasat makinesinin h\u0131z\u0131n\u0131, \u00fcr\u00fcn y\u00fcksekli\u011fi ve nem oran\u0131na g\u00f6re ayarlamal\u0131d\u0131r. Y\u00fcksek \u00fcr\u00fcnler i\u00e7in yava\u015flat\u0131n, kuru tarlalar i\u00e7in h\u0131zland\u0131r\u0131n.<\/li> <\/ul>    <figure class=\"wp-block-image aligncenter\"><img decoding=\"async\" src=\"https:\/\/www.agriculture-machine.com\/wp-content\/uploads\/2019\/02\/combine-harvester08.jpg\" alt=\"pirin\u00e7 hasat makinesi \u00e7al\u0131\u015fma alan\u0131\"\/><figcaption class=\"wp-element-caption\">K\u00fc\u00e7\u00fck kombine pirin\u00e7 hasat makinesinin \u00e7al\u0131\u015fma alan\u0131<\/figcaption><\/figure>    <h3 class=\"wp-block-heading\">Pirincin hasad\u0131 avantajlar\u0131<\/h3>    <ul class=\"wp-block-list\"> <li>Temiz taneler ve tam ayr\u0131m i\u00e7in y\u00fcksek ay\u0131klama teknolojisi.<\/li>    <li>\u00dc\u00e7\u00fc bir arada tambur, d\u00fc\u015f\u00fck y\u00fck ve d\u00fc\u015f\u00fck k\u0131r\u0131lma oran\u0131 ile uyum sa\u011flar.<\/li>    <li>Daha geni\u015f besleme giri\u015fi: ham madde makineye sorunsuz \u015fekilde aktar\u0131labilir.<\/li>    <li>Daha geni\u015f kald\u0131rma konvey\u00f6r\u00fc: \u00fcr\u00fcnleri kolayca iletmek i\u00e7in.<\/li>    <li>Kombine pirin\u00e7 hasat makinemiz, makul tasar\u0131m\u0131, y\u00fcksek g\u00fcvenilirli\u011fi, kolay bak\u0131m\u0131 ve d\u00fc\u015f\u00fck maliyetleri ile \u00f6ne \u00e7\u0131kar.<\/li>    <li>Y\u00fcksek bi\u00e7me\/ay\u0131rma oran\u0131. Bi\u00e7me\/ay\u0131rma oran\u0131 y\u00fczde 95'in \u00fczerindedir.<\/li>    <li>\u0130nsanlar makineye oturup kullanabilir, zaman ve enerji tasarrufu sa\u011flar.<\/li> <\/ul>    <h2 class=\"wp-block-heading\">\u0130kinci tip<\/h2>    <p>K\u00fc\u00e7\u00fck kendi kendine hareket eden kombine hasat makinesi, y\u00fcr\u00fcy\u00fc\u015f, hasat, temizlik ve ay\u0131klamay\u0131 tek makinede yapacak \u015fekilde tasarlanm\u0131\u015ft\u0131r, dizel motorla \u00e7al\u0131\u015f\u0131r. Operat\u00f6rler rahat\u00e7a oturabilir, bu da \u00e7ift\u00e7iler i\u00e7in \u00e7ok uygundur. <\/p>    <p>Bu hasat makinesi, m\u00fckemmel manevra kabiliyeti, kolay hareket ve etkileyici \u00fcretim verimlili\u011fi sunar. Hasattan sonra, \u00fcr\u00fcnler tambura beslenir ve ay\u0131klama yap\u0131l\u0131r, bu da zaman ve emek tasarrufu sa\u011flar. Y\u00fcksek kapasitesi ve d\u00fc\u015f\u00fck kay\u0131p oran\u0131 en b\u00fcy\u00fck avantajlar\u0131ndand\u0131r.<\/p>    <figure class=\"wp-block-image aligncenter wp-image-2050 size-full\"><img loading=\"lazy\" decoding=\"async\" width=\"667\" height=\"502\" src=\"https:\/\/www.agriculture-machine.com\/wp-content\/uploads\/2018\/10\/rice-harvester2.jpg\" alt=\"Tamamlanm\u0131\u015f pirin\u00e7 hasat makinesi\" class=\"wp-image-2050\" srcset=\"https:\/\/www.agriculture-machine.com\/wp-content\/uploads\/2018\/10\/rice-harvester2.jpg 667w, https:\/\/www.agriculture-machine.com\/wp-content\/uploads\/2018\/10\/rice-harvester2-360x270.jpg 360w, https:\/\/www.agriculture-machine.com\/wp-content\/uploads\/2018\/10\/rice-harvester2-240x180.jpg 240w\" sizes=\"auto, (max-width: 667px) 100vw, 667px\" \/><figcaption class=\"wp-element-caption\">Tamamlanm\u0131\u015f pirin\u00e7 hasat makinesi<\/figcaption><\/figure>    <figure class=\"wp-block-table is-style-stripes\"><table><tbody><tr><td>Model<\/td><td>TZY-100A<\/td><\/tr><tr><td>T\u00fcr<\/td><td>S\u00fcr\u00fc\u015f tipi (insanlar oturabilir)<\/td><\/tr><tr><td>motor<\/td><td>9.2kw<\/td><\/tr><tr><td>motor<\/td><td>12.5Hp dizel motor<\/td><\/tr><tr><td>kesim geni\u015fli\u011fi<\/td><td>120cm<\/td><\/tr><tr><td>kesim y\u00fcksekli\u011fi<\/td><td>12-75cm<\/td><\/tr><tr><td>k\u0131r\u0131lma oran\u0131<\/td><td>&lt;5%<\/td><\/tr><tr><td>\u00c7\u00f6p i\u00e7eri\u011fi<\/td><td>&lt;7%<\/td><\/tr><tr><td>Kapasite<\/td><td>1000m\u00b3\/h<\/td><\/tr><tr><td>Boyut<\/td><td>2600*1340*1540mm<\/td><\/tr><tr><td>A\u011f\u0131rl\u0131k<\/td><td>450kg<\/td><\/tr><\/tbody><\/table><figcaption class=\"wp-element-caption\">k\u00fc\u00e7\u00fck kombine hasat makinesi teknik verileri<\/figcaption><\/figure>    <figure class=\"wp-block-image aligncenter wp-image-4061 size-full\"><img loading=\"lazy\" decoding=\"async\" width=\"750\" height=\"600\" src=\"https:\/\/www.agriculture-machine.com\/wp-content\/uploads\/2019\/02\/harvester-machine-3.jpg\" alt=\"pirin\u00e7 hasat makinesi\" class=\"wp-image-4061\" srcset=\"https:\/\/www.agriculture-machine.com\/wp-content\/uploads\/2019\/02\/harvester-machine-3.jpg 750w, https:\/\/www.agriculture-machine.com\/wp-content\/uploads\/2019\/02\/harvester-machine-3-338x270.jpg 338w, https:\/\/www.agriculture-machine.com\/wp-content\/uploads\/2019\/02\/harvester-machine-3-675x540.jpg 675w\" sizes=\"auto, (max-width: 750px) 100vw, 750px\" \/><figcaption class=\"wp-element-caption\">pirin\u00e7 hasat makinesi<\/figcaption><\/figure>    <h2 class=\"wp-block-heading\">Pirincin ay\u0131klama makinesi \u00f6nceli\u011fi<\/h2>    <ol class=\"wp-block-list\"> <li>L\u00fctfen \u00fcr\u00fcn kullan\u0131m k\u0131lavuzunu dikkatlice okuyun. Bu\u011fday hasat makinesinin yap\u0131s\u0131 karma\u015f\u0131kt\u0131r, makinenin kalitesi \u00e7ok iyi olsa da, i\u00e7 yap\u0131s\u0131n\u0131 bilmek ve kullan\u0131m talimatlar\u0131na uygun kullanmak gerekir. Aksi takdirde, k\u00fc\u00e7\u00fck kombine hasat makinesi ar\u0131zalanabilir.<\/li>    <li>Hasat edilen \u00fcr\u00fcnlerin durumu \u00e7ok \u00e7e\u015fitli, \u00f6rne\u011fin \u00fcr\u00fcn \u00e7e\u015fidi, olgunluk, nem i\u00e7eri\u011fi, verim ve bitki y\u00fcksekli\u011fi. Bu nedenle, makinenin ilgili mekanizmalar\u0131 zaman\u0131nda ayarlanmal\u0131, iyi performans sa\u011flanmal\u0131d\u0131r.<\/li>    <li>Pirincin hasat\u0131nda kullan\u0131lan koruyucu cihaz, operat\u00f6r\u00fcn g\u00fcvenli\u011fini sa\u011flamak i\u00e7indir. Bu nedenle, \u00e7al\u0131\u015fma s\u0131ras\u0131nda s\u00f6k\u00fclemez. Bak\u0131m s\u0131ras\u0131nda s\u00f6k\u00fcld\u00fcyse, tekrar tak\u0131lmal\u0131, kazalara kar\u015f\u0131 \u00f6nlem al\u0131nmal\u0131d\u0131r.<\/li>    <li>Kombine hasat makinesi, d\u00fczenli bak\u0131m ve kontrol gerektirir, \u00f6rne\u011fin ya\u011f veya su eksikli\u011fi, gev\u015fek vidalar ve anormal sesler gibi.<\/li>    <li>T\u00fcm par\u00e7alar\u0131n <a href=\"https:\/\/www.agriculture-machine.com\/tr\/reaper-binder\/\"><strong>Bu\u011fday hasat makinesi<\/strong><\/a> Koordine edilmek \u00fczere tasarlanm\u0131\u015f ve rastgele de\u011fi\u015ftirilemezler.<\/li> <\/ol>    <figure class=\"wp-block-image aligncenter wp-image-2049 size-full\"><img loading=\"lazy\" decoding=\"async\" width=\"668\" height=\"473\" src=\"https:\/\/www.agriculture-machine.com\/wp-content\/uploads\/2018\/10\/rice-harvester1.jpg\" alt=\"pirin\u00e7 hasat makinesi\" class=\"wp-image-2049\" srcset=\"https:\/\/www.agriculture-machine.com\/wp-content\/uploads\/2018\/10\/rice-harvester1.jpg 668w, https:\/\/www.agriculture-machine.com\/wp-content\/uploads\/2018\/10\/rice-harvester1-360x255.jpg 360w\" sizes=\"auto, (max-width: 668px) 100vw, 668px\" \/><figcaption class=\"wp-element-caption\">pirin\u00e7 hasat makinesi<\/figcaption><\/figure>    <figure class=\"wp-block-image aligncenter\"><img decoding=\"async\" src=\"https:\/\/www.agriculture-machine.com\/wp-content\/uploads\/2019\/02\/combine-harvester05.jpg\" alt=\"pirin\u00e7 hasat avantaj\u0131\"\/><figcaption class=\"wp-element-caption\">pirin\u00e7 hasat avantaj\u0131<\/figcaption><\/figure>    <h2 class=\"wp-block-heading\"><strong>K\u00fc\u00e7\u00fck pirin\u00e7 hasat makinesi avantajlar\u0131<\/strong><\/h2>    <ol class=\"wp-block-list\"> <li>D\u00fc\u015f\u00fck k\u0131r\u0131lma oran\u0131. Sadece %5 ve \u00e7ok sa\u011flam ve temiz taneler elde edilebilir.<\/li>    <li>Y\u00fcksek kapasite. Bu kombine hasat makinesi, di\u011ferlerine k\u0131yasla daha y\u00fcksek kapasiteye (1000m\u00b3\/h) sahiptir.<\/li>    <li>Kesim y\u00fcksekli\u011fi ayarlanabilir (12-75cm).<\/li>    <li>Kolay kullan\u0131m. Sadece bir ki\u015fi t\u00fcm i\u015flemleri tamamlayabilir.<\/li>    <li>\u00c7ok fonksiyonlu. \u00d6nce pirin\u00e7 ve bu\u011fday hasad\u0131 yapabilir, ard\u0131ndan ay\u0131klayabilir, bu da zaman ve enerji tasarrufu sa\u011flar.<\/li> <\/ol>    <figure class=\"wp-block-image aligncenter wp-image-2051 size-full\"><img loading=\"lazy\" decoding=\"async\" width=\"672\" height=\"478\" src=\"https:\/\/www.agriculture-machine.com\/wp-content\/uploads\/2018\/10\/rice-harvester3.jpg\" alt=\"pirin\u00e7 hasat makinesi\" class=\"wp-image-2051\" srcset=\"https:\/\/www.agriculture-machine.com\/wp-content\/uploads\/2018\/10\/rice-harvester3.jpg 672w, https:\/\/www.agriculture-machine.com\/wp-content\/uploads\/2018\/10\/rice-harvester3-360x256.jpg 360w\" sizes=\"auto, (max-width: 672px) 100vw, 672px\" \/><figcaption class=\"wp-element-caption\">pirin\u00e7 hasat makinesi<\/figcaption><\/figure>    <h2 class=\"wp-block-heading\">Pirincin hasad\u0131 ve ar\u0131zas\u0131 ile ilgili \u00e7\u00f6z\u00fcm<\/h2>    <figure class=\"wp-block-table is-style-stripes\"><table><tbody><tr><td>Ar\u0131za<\/td><td>Neden<\/td><td>\u00c7\u00f6z\u00fcm<\/td><\/tr><tr><td rowspan=\"4\">Bi\u00e7ici t\u0131kand\u0131.<\/td><td>1. Bi\u00e7me alan\u0131nda ot ve \u00e7amur.<\/td><td>1. Dur ve engelleri temizle.<\/td><\/tr><tr><td>2. B\u0131\u00e7ak aral\u0131\u011f\u0131 \u00e7ok b\u00fcy\u00fck.<\/td><td>2. B\u0131\u00e7ak a\u00e7\u0131kl\u0131\u011f\u0131n\u0131 ayarlay\u0131n.<\/td><\/tr><tr><td>3. \u00dcr\u00fcn miktar\u0131 fazla.<\/td><td>3. Hasat geni\u015fli\u011fini azalt.<\/td><\/tr><tr><td>4. B\u0131\u00e7a\u011fa zarar.<\/td><td>4. Tamir veya de\u011fi\u015ftir.<\/td><\/tr><tr><td rowspan=\"2\">Besleme miktar\u0131n\u0131 azalt\u0131n ve orta ve b\u00fcy\u00fck gaz kelebe\u011fi ile \u00e7al\u0131\u015f\u0131n.<\/td><td>1. Bitki y\u00fcksekli\u011fi 55 cm'den k\u0131sa.<\/td><td>1. Sap y\u00fcksekli\u011fini azaltmaya \u00e7al\u0131\u015f\u0131n.<\/td><\/tr><tr><td>2. Bi\u00e7me makinesinin ta\u015f\u0131ma raf\u0131 hasar g\u00f6rm\u00fc\u015f.<\/td><td>2. Tamir veya de\u011fi\u015ftir.<\/td><\/tr><tr><td rowspan=\"4\">Ay\u0131klama silindiri t\u0131kand\u0131.<\/td><td>1. Besleme miktar\u0131 fazla veya d\u00fczensiz.<\/td><td>1. \u0130\u015flem s\u0131ras\u0131nda bi\u00e7me makinesini e\u015fit \u015fekilde kontrol edin.<\/td><\/tr><tr><td>2. Tambur h\u0131z\u0131 d\u00fc\u015f\u00fck.<\/td><td>2. Orta ve b\u00fcy\u00fck gaz kelebe\u011fi ile \u00e7al\u0131\u015fmak<\/td><\/tr><tr><td>3. G\u00f6vde \u00e7ok \u0131slak ve bitki \u00e7ok y\u00fcksek.<\/td><td>3. Kurutulmu\u015f \u00fcr\u00fcnleri hasat edin ve sap y\u00fcksekli\u011fini art\u0131r\u0131n.<\/td><\/tr><tr><td>4. K\u0131lavuz plaka ayr\u0131lm\u0131\u015f veya a\u015f\u0131nm\u0131\u015f.<\/td><td>4. Tamir veya de\u011fi\u015ftir.<\/td><\/tr><tr><td rowspan=\"2\">Tohum \u00e7\u0131k\u0131\u015f\u0131 t\u0131kand\u0131.<\/td><td>1. Tohum \u00e7\u0131k\u0131\u015f\u0131 dolu ve tohum kab\u0131 zaman\u0131nda de\u011fi\u015ftirilmedi.<\/td><td>1. Zaman\u0131nda kab\u0131 de\u011fi\u015ftirin.<\/td><\/tr><tr><td>2. G\u00f6vde \u0131slak ve tah\u0131l yabanc\u0131 ot i\u00e7eriyor.<\/td><td>Kesici y\u00fcksekli\u011fini ayarlay\u0131n.<\/td><\/tr><tr><td>Bitki ba\u015f\u0131 tarlaya d\u00fc\u015fer.<\/td><td>Hasat edilen bitki y\u00fcksekli\u011fi 1.1 m.'yi a\u015f\u0131yor.<\/td><td>Kesici y\u00fcksekli\u011fini ayarlay\u0131n.<\/td><\/tr><\/tbody><\/table><figcaption class=\"wp-element-caption\">K\u00fc\u00e7\u00fck kombine hasat makinesini do\u011fru kullanma yollar\u0131<\/figcaption><\/figure>    <h2 class=\"wp-block-heading\">Bir kombine bu\u011fday pirin\u00e7 hasat makinesi nas\u0131l kullan\u0131l\u0131r?<\/h2>    <p class=\"translation-block\">Hasat sezonunda, yo\u011fun i\u015fler nedeniyle, <strong>pirin\u00e7 hasat\u00e7\u0131<\/strong> genellikle \u00e7e\u015fitli \u00fcr\u00fcnler, farkl\u0131 b\u00fcy\u00fckl\u00fckte tarlalar ve karma\u015f\u0131k ve \u00e7e\u015fitli do\u011fal ko\u015fullarla kar\u015f\u0131la\u015f\u0131r. \u00c7al\u0131\u015fma verimlili\u011fini en \u00fcst d\u00fczeye \u00e7\u0131karmak i\u00e7in, operat\u00f6r sadece yap\u0131sal performans\u0131 bilmekle kalmaz, ayn\u0131 zamanda do\u011fru y\u00f6ntem ve kullan\u0131m prosed\u00fcrlerini de \u00f6\u011frenmelidir.<\/p>    <ol class=\"wp-block-list\"> <li>Kullan\u0131mdan \u00f6nce haz\u0131rl\u0131k.<\/li> <\/ol>    <p>Bak\u0131m temelinde, baz\u0131 gerekli ara\u00e7lar ve hassas par\u00e7alar ta\u015f\u0131nmal\u0131. Ayn\u0131 zamanda, yeterli yak\u0131t ve ya\u011flama ya\u011f\u0131 eklenmelidir.<\/p>    <ol start=\"2\" class=\"wp-block-list\"> <li>Haz\u0131rl\u0131k ve hasat y\u00f6ntemleri.<\/li> <\/ol>    <ul class=\"wp-block-list\"> <li>Bu\u011fday hasat makinesinde uygun ayarlamalar yapmak i\u00e7in yol durumu, toprak derinli\u011fi, bitki y\u00fcksekli\u011fi ve nem oran\u0131n\u0131 bilmelisiniz.<\/li>    <li>K\u00fc\u00e7\u00fck kombine hasat makinesi tarlaya giderken genellikle sol k\u00f6\u015feden giri\u015f yapmal\u0131d\u0131r. Kay\u0131plar\u0131 \u00f6nlemek i\u00e7in, sa\u011f k\u00f6\u015fedeki 1.2m x 2.4m a\u00e7\u0131k alan manuel olarak kesilmelidir. Alan y\u00fcksek de\u011filse, pirin\u00e7 hasat makinesi do\u011frudan \u00e7al\u0131\u015fabilir.<\/li>    <li>Arazi d\u00fczg\u00fcn ve y\u00fcksek de\u011filse, \u00fcretkenli\u011fi art\u0131rmak i\u00e7in birden fazla tarlay\u0131 ba\u011flayabilirsiniz.<\/li> <\/ul>    <h2 class=\"wp-block-heading\">Ba\u015far\u0131l\u0131 bir pirin\u00e7 hasat makinesi \u00f6rne\u011fi<\/h2>    <p>Haziran ba\u015f\u0131nda, Kongo'ya iki set k\u00fc\u00e7\u00fck kombine hasat makinesi g\u00f6nderdik. M\u00fc\u015fteri, makineleri fabrikam\u0131zda test etti ve performanslar\u0131ndan \u00e7ok memnun kald\u0131. <\/p>    <p>G\u00fc\u00e7l\u00fc uzun vadeli ortakl\u0131k kurmak i\u00e7in, ona baz\u0131 temel yedek par\u00e7alar\u0131 \u00fccretsiz sa\u011flad\u0131k, bu ilk i\u015fbirli\u011fimizdir. Ekibimiz, makineleri hasar g\u00f6rmeden teslim almak i\u00e7in \u00f6zenle paketledi. \u0130\u015fte k\u00fc\u00e7\u00fck kombine hasat makinesinin nas\u0131l paketlendi\u011fine dair baz\u0131 resimler.<\/p>    <figure class=\"wp-block-image aligncenter\"><img loading=\"lazy\" decoding=\"async\" width=\"720\" height=\"540\" src=\"https:\/\/www.agriculture-machine.com\/wp-content\/uploads\/2019\/02\/rice-harvester-1.jpg\" alt=\"g\u00f6nderi resmi04\" class=\"wp-image-4281\" srcset=\"https:\/\/www.agriculture-machine.com\/wp-content\/uploads\/2019\/02\/rice-harvester-1.jpg 720w, https:\/\/www.agriculture-machine.com\/wp-content\/uploads\/2019\/02\/rice-harvester-1-360x270.jpg 360w, https:\/\/www.agriculture-machine.com\/wp-content\/uploads\/2019\/02\/rice-harvester-1-240x180.jpg 240w\" sizes=\"auto, (max-width: 720px) 100vw, 720px\" \/><\/figure>    <figure class=\"wp-block-image aligncenter\"><img loading=\"lazy\" decoding=\"async\" width=\"720\" height=\"540\" src=\"https:\/\/www.agriculture-machine.com\/wp-content\/uploads\/2019\/02\/rice-harvester-2.jpg\" alt=\"g\u00f6nderi resmi05\" class=\"wp-image-4282\" srcset=\"https:\/\/www.agriculture-machine.com\/wp-content\/uploads\/2019\/02\/rice-harvester-2.jpg 720w, https:\/\/www.agriculture-machine.com\/wp-content\/uploads\/2019\/02\/rice-harvester-2-360x270.jpg 360w, https:\/\/www.agriculture-machine.com\/wp-content\/uploads\/2019\/02\/rice-harvester-2-240x180.jpg 240w\" sizes=\"auto, (max-width: 720px) 100vw, 720px\" \/><\/figure>    <figure class=\"wp-block-image aligncenter\"><img loading=\"lazy\" decoding=\"async\" width=\"720\" height=\"540\" src=\"https:\/\/www.agriculture-machine.com\/wp-content\/uploads\/2019\/02\/rice-harvester-3.jpg\" alt=\"g\u00f6nderi resmi06\" class=\"wp-image-4283\" srcset=\"https:\/\/www.agriculture-machine.com\/wp-content\/uploads\/2019\/02\/rice-harvester-3.jpg 720w, https:\/\/www.agriculture-machine.com\/wp-content\/uploads\/2019\/02\/rice-harvester-3-360x270.jpg 360w, https:\/\/www.agriculture-machine.com\/wp-content\/uploads\/2019\/02\/rice-harvester-3-240x180.jpg 240w\" sizes=\"auto, (max-width: 720px) 100vw, 720px\" \/><\/figure>    <h2 class=\"wp-block-heading\">SSS<\/h2>   <div id=\"rank-math-faq\" class=\"rank-math-block\"> <div class=\"rank-math-list\"> <div id=\"faq-question-1716197682348\" class=\"rank-math-list-item\"> <h3 class=\"rank-math-question\">\u0130ki pirin\u00e7 hasat makinesinin kesim geni\u015fli\u011fi nedir?<\/h3> <div class=\"rank-math-answer\">  <p>\u0130ki makinenin kesim geni\u015fli\u011fi 120cm.<\/p>  <\/div> <\/div> <div id=\"faq-question-1716197686223\" class=\"rank-math-list-item\"> <h3 class=\"rank-math-question\">Kesim y\u00fcksekli\u011fi nedir?<\/h3> <div class=\"rank-math-answer\">  <p>12-75cm.<\/p>  <\/div> <\/div> <div id=\"faq-question-1716197697136\" class=\"rank-math-list-item\"> <h3 class=\"rank-math-question\">Her iki makine aras\u0131ndaki fark nedir?<\/h3> <div class=\"rank-math-answer\">  <p>Birinci tip elektrikle ba\u015flat\u0131l\u0131r, ikinci tip ise s\u00fcr\u00fc\u015f tipi (insanlar oturabilir).<\/p>  <\/div> <\/div> <div id=\"faq-question-1716197708327\" class=\"rank-math-list-item\"> <h3 class=\"rank-math-question\">Her iki makinenin kay\u0131p oran\u0131 nedir?<\/h3> <div class=\"rank-math-answer\">  <p>Birinci tip: pirin\u00e7 kay\u0131p oran\u0131 %2.<br \/>Bu\u011fday kay\u0131p oran\u0131 %3.5.<br \/>\u0130kinci tip: %5'ten az kay\u0131p.<\/p>  <\/div> <\/div> <div id=\"faq-question-1716197720791\" class=\"rank-math-list-item\"> <h3 class=\"rank-math-question\">Bu makine kullan\u0131larak temiz pirin\u00e7 veya bu\u011fday taneleri al\u0131nabilir mi?<\/h3> <div class=\"rank-math-answer\">  <p>Evet, makine pirin\u00e7 veya bu\u011fday\u0131 kesip ay\u0131klayabilir ve ayn\u0131 anda yapabilir.<\/p>  <\/div> <\/div> <div id=\"faq-question-1716197734790\" class=\"rank-math-list-item\"> <h3 class=\"rank-math-question\">Bu makinenin hammaddesi nedir?<\/h3> <div class=\"rank-math-answer\">  <p>Sadece pirin\u00e7 ve bu\u011fday.<\/p>  <\/div> <\/div> <div id=\"faq-question-1716197744079\" class=\"rank-math-list-item\"> <h3 class=\"rank-math-question\">\u00dcretici misiniz?<\/h3> <div class=\"rank-math-answer\">  <p>Evet, biz var\u0131z. Fabrikam\u0131z\u0131 ziyaret etmeye ho\u015f geldiniz.<\/p>  <\/div> <\/div> <div id=\"faq-question-1716197754447\" class=\"rank-math-list-item\"> <h3 class=\"rank-math-question\">Makine voltaj\u0131n\u0131 iste\u011fimize g\u00f6re de\u011fi\u015ftirebilir misiniz?<\/h3> <div class=\"rank-math-answer\">  <p>Evet, yapabiliriz.<\/p>  <\/div> <\/div> <div id=\"faq-question-1716197763735\" class=\"rank-math-list-item\"> <h3 class=\"rank-math-question\">Sat\u0131\u015f sonras\u0131 hizmetiniz nas\u0131l?<\/h3> <div class=\"rank-math-answer\">  <p>M\u00fchendisimiz, d\u0131\u015far\u0131 \u00e7\u0131k\u0131p \u00e7al\u0131\u015fanlar\u0131n\u0131za makine hatt\u0131n\u0131 kurma ve kullanma konusunda e\u011fitim verebilir.<\/p>  <\/div> <\/div> <div id=\"faq-question-1716197773985\" class=\"rank-math-list-item\"> <h3 class=\"rank-math-question\">K\u00fc\u00e7\u00fck kombine hasat makinenizin garanti s\u00fcresi nedir?<\/h3> <div class=\"rank-math-answer\">  <p>1 y\u0131l.<\/p>  <\/div> <\/div> <\/div> <\/div>   <p><br><\/p>","protected":false},"excerpt":{"rendered":"<p>K\u00fc\u00e7\u00fck kombine hasat makinesi, pirin\u00e7 ve bu\u011fday hasad\u0131 ve ay\u0131klama fonksiyonlar\u0131n\u0131 i\u00e7erir, tarladan do\u011frudan \u00fcr\u00fcn toplayabilir ve tohum k\u0131r\u0131lma oran\u0131 sadece %1.5'tir.<\/p>","protected":false},"author":1,"featured_media":1943,"parent":0,"comment_status":"closed","ping_status":"closed","template":"","tags":[490,796,158],"product-type":[888],"class_list":["post-1931","product","type-product","status-publish","has-post-thumbnail","hentry","tag-harvester","tag-rice","tag-wheat","product-type-rice-reaper"],"_links":{"self":[{"href":"https:\/\/www.agriculture-machine.com\/tr\/wp-json\/wp\/v2\/product\/1931","targetHints":{"allow":["GET"]}}],"collection":[{"href":"https:\/\/www.agriculture-machine.com\/tr\/wp-json\/wp\/v2\/product"}],"about":[{"href":"https:\/\/www.agriculture-machine.com\/tr\/wp-json\/wp\/v2\/types\/product"}],"author":[{"embeddable":true,"href":"https:\/\/www.agriculture-machine.com\/tr\/wp-json\/wp\/v2\/users\/1"}],"replies":[{"embeddable":true,"href":"https:\/\/www.agriculture-machine.com\/tr\/wp-json\/wp\/v2\/comments?post=1931"}],"wp:featuredmedia":[{"embeddable":true,"href":"https:\/\/www.agriculture-machine.com\/tr\/wp-json\/wp\/v2\/media\/1943"}],"wp:attachment":[{"href":"https:\/\/www.agriculture-machine.com\/tr\/wp-json\/wp\/v2\/media?parent=1931"}],"wp:term":[{"taxonomy":"post_tag","embeddable":true,"href":"https:\/\/www.agriculture-machine.com\/tr\/wp-json\/wp\/v2\/tags?post=1931"},{"taxonomy":"product-type","embeddable":true,"href":"https:\/\/www.agriculture-machine.com\/tr\/wp-json\/wp\/v2\/product-type?post=1931"}],"curies":[{"name":"wp","href":"https:\/\/api.w.org\/{rel}","templated":true}]}}