{"id":200,"date":"2018-07-12T07:22:03","date_gmt":"2018-07-11T23:22:03","guid":{"rendered":"https:\/\/www.agriculture-machine.com\/?p=200"},"modified":"2024-10-24T14:12:06","modified_gmt":"2024-10-24T06:12:06","slug":"small-chaff-cutter","status":"publish","type":"product","link":"https:\/\/www.agriculture-machine.com\/tr\/small-chaff-cutter\/","title":{"rendered":"\u00dc\u00e7 tip k\u00fc\u00e7\u00fck saman kesici \/ \u00e7im bi\u00e7me makinesi"},"content":{"rendered":"<h1 class=\"wp-block-heading\"><span style=\"color: #ff0000;\">Birinci tip<\/span><\/h1>    <p>HC-400 ot kesici k\u00fc\u00e7\u00fck boyutlu olmas\u0131na ra\u011fmen, \u00e7ift\u00e7iler i\u00e7in kullan\u0131\u015fl\u0131 bir ara\u00e7t\u0131r ve bu\u011fday, m\u0131s\u0131r veya kesilecek otlar varsa teredd\u00fct etmeden tercih edilebilir. Kesilen otlar, hayvanlara yem olarak kullan\u0131labilir ve k\u00fc\u00e7\u00fck \u015fekli sayesinde sindirimi kolayd\u0131r. 400-500kg\/h kapasiteyle, yurti\u00e7inde ve yurtd\u0131\u015f\u0131nda bir\u00e7ok set sat\u0131lm\u0131\u015ft\u0131r, \u00e7ift\u00e7ilerin enerji ve zaman tasarrufu yapmas\u0131na b\u00fcy\u00fck katk\u0131 sa\u011flar.<\/p>   <p><iframe loading=\"lazy\" title=\"Ucuz ve uygun fiyatl\u0131 samur kesici \/ ot kesici makinesi \/ \u00c7in fabrikas\u0131nda samur silaj kesimi\" width=\"500\" height=\"281\" src=\"https:\/\/www.youtube.com\/embed\/xqezorsYNPE?start=3&#038;feature=oembed\" frameborder=\"0\" allow=\"accelerometer; autoplay; clipboard-write; encrypted-media; gyroscope; picture-in-picture; web-share\" referrerpolicy=\"strict-origin-when-cross-origin\" allowfullscreen><\/iframe><\/p>    <h2 class=\"wp-block-heading\">Ot kesici teknik parametreleri<\/h2>    <figure class=\"wp-block-image aligncenter\"><img loading=\"lazy\" decoding=\"async\" width=\"500\" height=\"500\" src=\"https:\/\/www.agriculture-machine.com\/wp-content\/uploads\/2018\/07\/11.jpg\" alt=\"samur kesici\" class=\"wp-image-2983\" srcset=\"https:\/\/www.agriculture-machine.com\/wp-content\/uploads\/2018\/07\/11.jpg 500w, https:\/\/www.agriculture-machine.com\/wp-content\/uploads\/2018\/07\/11-270x270.jpg 270w\" sizes=\"auto, (max-width: 500px) 100vw, 500px\" \/><figcaption class=\"wp-element-caption\">samur kesici<\/figcaption><\/figure>    <figure class=\"wp-block-table is-style-stripes\"><table><tbody><tr><td>Model<\/td><td>HC-400<\/td><\/tr><tr><td>G\u00fc\u00e7<\/td><td>2.2kw motor, benzinli motor veya dizel motor<\/td><\/tr><tr><td>Kapasite<\/td><td>400-500kg\/h<\/td><\/tr><tr><td>A\u011f\u0131rl\u0131k<\/td><td>80kg<\/td><\/tr><tr><td>Boyut<\/td><td>1050*580*800mm<\/td><\/tr><\/tbody><\/table><figcaption class=\"wp-element-caption\">samur kesici makinesi teknik verileri<\/figcaption><\/figure>    <h2 class=\"wp-block-heading\">Ot bi\u00e7me makinesinin yap\u0131s\u0131<\/h2>    <figure class=\"wp-block-image aligncenter\"><img loading=\"lazy\" decoding=\"async\" width=\"500\" height=\"500\" src=\"https:\/\/www.agriculture-machine.com\/wp-content\/uploads\/2018\/07\/88.jpg\" alt=\"\" class=\"wp-image-2987\" srcset=\"https:\/\/www.agriculture-machine.com\/wp-content\/uploads\/2018\/07\/88.jpg 500w, https:\/\/www.agriculture-machine.com\/wp-content\/uploads\/2018\/07\/88-270x270.jpg 270w\" sizes=\"auto, (max-width: 500px) 100vw, 500px\" \/><\/figure>    <figure class=\"wp-block-image aligncenter\"><img loading=\"lazy\" decoding=\"async\" width=\"500\" height=\"500\" src=\"https:\/\/www.agriculture-machine.com\/wp-content\/uploads\/2018\/07\/77.jpg\" alt=\"\" class=\"wp-image-2986\" srcset=\"https:\/\/www.agriculture-machine.com\/wp-content\/uploads\/2018\/07\/77.jpg 500w, https:\/\/www.agriculture-machine.com\/wp-content\/uploads\/2018\/07\/77-270x270.jpg 270w\" sizes=\"auto, (max-width: 500px) 100vw, 500px\" \/><\/figure>    <figure class=\"wp-block-image aligncenter\"><img loading=\"lazy\" decoding=\"async\" width=\"500\" height=\"500\" src=\"https:\/\/www.agriculture-machine.com\/wp-content\/uploads\/2018\/07\/66.jpg\" alt=\"\" class=\"wp-image-2985\" srcset=\"https:\/\/www.agriculture-machine.com\/wp-content\/uploads\/2018\/07\/66.jpg 500w, https:\/\/www.agriculture-machine.com\/wp-content\/uploads\/2018\/07\/66-270x270.jpg 270w\" sizes=\"auto, (max-width: 500px) 100vw, 500px\" \/><\/figure>    <h2 class=\"wp-block-heading\">Ot bi\u00e7me makinesinin uygulamas\u0131<\/h2>    <ol class=\"wp-block-list\"> <li>Sat\u0131l\u0131k samur kesici makinesi, fasulye, m\u0131s\u0131r, pirin\u00e7, bu\u011fday, yonca, ot, saman, yerf\u0131st\u0131\u011f\u0131 kabu\u011fu, yerli tavuklar vb. i\u00e7in saplar\u0131 kesebilir.<\/li>    <li>Ot kesici k\u0131l\u0131c\u0131, \u00e7o\u011fu k\u0131rsal \u00e7ift\u00e7i ve k\u00fc\u00e7\u00fck veya orta \u00f6l\u00e7ekli yem i\u015fleme tesisleri i\u00e7in mekanik ekipmand\u0131r ve meralar, ka\u011f\u0131t fabrikalar\u0131 ve t\u0131bbi bitkiler taraf\u0131ndan da kullan\u0131labilir.<\/li> <\/ol>    <figure class=\"wp-block-image aligncenter\"><img loading=\"lazy\" decoding=\"async\" width=\"500\" height=\"500\" src=\"https:\/\/www.agriculture-machine.com\/wp-content\/uploads\/2018\/07\/99.jpg\" alt=\"ot kesici makinesi\" class=\"wp-image-2988\" srcset=\"https:\/\/www.agriculture-machine.com\/wp-content\/uploads\/2018\/07\/99.jpg 500w, https:\/\/www.agriculture-machine.com\/wp-content\/uploads\/2018\/07\/99-270x270.jpg 270w\" sizes=\"auto, (max-width: 500px) 100vw, 500px\" \/><\/figure>    <h2 class=\"wp-block-heading\">Ot kesme makinesinin \u00f6zellikleri<\/h2>    <ol class=\"wp-block-list\"> <li>D\u00f6rt tekerlekli, manuel ot kesici kolayca hareket ettirilebilir.<\/li>    <li>Otun kesim uzunlu\u011fu, m\u00fc\u015fterinin ihtiyac\u0131na g\u00f6re ayarlanabilir.<\/li>    <li>Bu makineyle kesilen otlar, hayvanlar taraf\u0131ndan kolayca sindirilebilir.<\/li>    <li>Y\u00fcksek kesim etkisi. Nihai par\u00e7alar\u0131n etkisi \u00e7ok iyidir.<\/li>    <li>K\u00fc\u00e7\u00fck boyutlu ve hafif. Ev kullan\u0131m\u0131 i\u00e7in uygundur.<\/li> <\/ol>    <h1 class=\"wp-block-heading\"><span style=\"color: #ff0000;\">\u0130kinci tip<\/span><\/h1>    <figure class=\"wp-block-image aligncenter\"><img decoding=\"async\" src=\"https:\/\/www.agriculture-machine.com\/wp-content\/uploads\/2018\/07\/IMG_7060.jpg\" alt=\"ot kesici makinesi\" class=\"wp-image-3517\"\/><figcaption class=\"wp-element-caption\">ot kesici makinesi<\/figcaption><\/figure>    <h2 class=\"wp-block-heading\"><strong><b>K\u0131saca tan\u0131t\u0131m <\/b><\/strong>mera hasat makinesi<\/h2>    <p>Hafif tekerleklerle donat\u0131lm\u0131\u015f samur kesici makinesi, hareketi kolayd\u0131r. Bir saman kesici makinesi, elektrik eksikli\u011fi olan yerler i\u00e7in 2.2kw motor veya k\u00fc\u00e7\u00fck benzinli motorla \u00e7al\u0131\u015fabilir. Otun kesim uzunlu\u011fu, m\u00fc\u015fterinin ihtiyac\u0131na g\u00f6re ayarlanabilir.<\/p>    <figure class=\"wp-block-image aligncenter\"><img decoding=\"async\" src=\"https:\/\/www.agriculture-machine.com\/wp-content\/uploads\/2018\/07\/IMG_6925.jpg\" alt=\"\u00e7im bi\u00e7me makinesi\" class=\"wp-image-3516\"\/><figcaption class=\"wp-element-caption\">\u00e7im bi\u00e7me makinesi<\/figcaption><\/figure>    <figure class=\"wp-block-table is-style-stripes\"><table><tbody><tr><td>Kapasite<\/td><td>500kg\/h<\/td><\/tr><tr><td>ambalaj boyutu<\/td><td>400*500*600mm<\/td><\/tr><tr><td>g\u00fc\u00e7<\/td><td>2.2kw<\/td><\/tr><tr><td>A\u011f\u0131rl\u0131k<\/td><td>50kg<\/td><\/tr><\/tbody><\/table><figcaption class=\"wp-element-caption\">Ot kesici makinesi parametreleri<\/figcaption><\/figure>    <h2 class=\"wp-block-heading\"><strong><b>Uygulama alan\u0131 <\/b><\/strong>mera hasat makinesi<\/h2>    <p>Ot bi\u00e7me makinesi, ot, saman, tah\u0131l sap\u0131, bu\u011fday sap\u0131, m\u0131s\u0131r sap\u0131, yerf\u0131st\u0131\u011f\u0131 kabu\u011fu gibi maddeleri kesebilir ve s\u0131\u011f\u0131r, at, koyun, kaz, tavuk, \u00f6rdek ve di\u011fer hayvanlar\u0131n yeti\u015ftirilmesinde kullan\u0131labilir, bu da onlar\u0131n sindirimi i\u00e7in uygundur.<\/p>    <figure class=\"wp-block-image aligncenter\"><img decoding=\"async\" src=\"https:\/\/www.agriculture-machine.com\/wp-content\/uploads\/2018\/07\/IMG_7292.jpg\" alt=\"\" class=\"wp-image-3519\"\/><\/figure>    <h2 class=\"wp-block-heading\"><strong><b>Avantaj\u0131 of <\/b><\/strong>samur kesici<\/h2>    <p>1. Ot kesici makinesi, \u00e7o\u011fu k\u0131rsal \u00e7ift\u00e7i ve k\u00fc\u00e7\u00fck veya orta \u00f6l\u00e7ekli yem i\u015fleme tesisleri i\u00e7in mekanik ekipmand\u0131r ve meralar, ka\u011f\u0131t fabrikalar\u0131 ve t\u0131bbi bitkiler taraf\u0131ndan da kullan\u0131labilir.<\/p>    <p>2. B\u0131\u00e7ak, y\u00fcksek kaliteli \u00e7elikten yap\u0131lm\u0131\u015f olup, y\u00fcksek mukavemetli c\u0131vatalar ve \u00f6zel bir i\u015flemle i\u015flenmi\u015ftir, bu da g\u00fcvenli, dayan\u0131kl\u0131 ve a\u015f\u0131nmaya kar\u015f\u0131 diren\u00e7lidir.<\/p>    <figure class=\"wp-block-image aligncenter\"><img decoding=\"async\" src=\"https:\/\/www.agriculture-machine.com\/wp-content\/uploads\/2018\/07\/IMG_7082.jpg\" alt=\"\" class=\"wp-image-3518\"\/><\/figure>    <h1 class=\"wp-block-heading\"><span style=\"color: #ff0000;\">\u00dc\u00e7\u00fcnc\u00fc tip<\/span><\/h1>    <figure class=\"wp-block-image aligncenter\"><img loading=\"lazy\" decoding=\"async\" width=\"750\" height=\"750\" src=\"https:\/\/www.agriculture-machine.com\/wp-content\/uploads\/2018\/07\/01.jpg\" alt=\"\" class=\"wp-image-3523\" srcset=\"https:\/\/www.agriculture-machine.com\/wp-content\/uploads\/2018\/07\/01.jpg 750w, https:\/\/www.agriculture-machine.com\/wp-content\/uploads\/2018\/07\/01-270x270.jpg 270w, https:\/\/www.agriculture-machine.com\/wp-content\/uploads\/2018\/07\/01-540x540.jpg 540w\" sizes=\"auto, (max-width: 750px) 100vw, 750px\" \/><\/figure>    <h2 class=\"wp-block-heading\">Ot kesici tan\u0131t\u0131m\u0131<\/h2>    <p>1. Bu makinenin iki fonksiyonu: samur kesimi ve tah\u0131l \u00f6\u011f\u00fctme. Bu ot kesme makinesi, samur kesimi ve tah\u0131l \u00f6\u011f\u00fctmeyi b\u00fct\u00fcnle\u015ftirir.<\/p>    <p>2. M\u0131s\u0131r sap\u0131, saman, ot, tah\u0131l vb. hammaddeleri olabilir.<\/p>    <p>3. Farkl\u0131 a\u011f mesh ekranlar, farkl\u0131 \u015fekillerde tozlar \u00fcretebilir.<\/p>    <p>4. Bitmi\u015f \u00fcr\u00fcn, \u00e7iftlik hayvanlar\u0131n\u0131n yemesi i\u00e7in pop\u00fclerdir.<\/p>    <p>5. \u0130htiyac\u0131n\u0131za g\u00f6re farkl\u0131 d\u00fc\u015fmanlar se\u00e7ebilirsiniz.<\/p>    <p>6. \u0130ki esnek tekerlek ve stabil bir destek, hareketi kolayla\u015ft\u0131r\u0131r.<\/p>    <figure class=\"wp-block-image aligncenter\"><img loading=\"lazy\" decoding=\"async\" width=\"750\" height=\"750\" src=\"https:\/\/www.agriculture-machine.com\/wp-content\/uploads\/2018\/07\/03.jpg\" alt=\"\" class=\"wp-image-3524\" srcset=\"https:\/\/www.agriculture-machine.com\/wp-content\/uploads\/2018\/07\/03.jpg 750w, https:\/\/www.agriculture-machine.com\/wp-content\/uploads\/2018\/07\/03-270x270.jpg 270w, https:\/\/www.agriculture-machine.com\/wp-content\/uploads\/2018\/07\/03-540x540.jpg 540w\" sizes=\"auto, (max-width: 750px) 100vw, 750px\" \/><\/figure>    <figure class=\"wp-block-table is-style-stripes\"><table><tbody><tr><td> <p style=\"text-align: center; vertical-align: baseline; margin: 0.0000pt;\" align=\"center\" class=\"translation-block\"><strong><span style=\"font-family: Arial;color: #000000;font-weight: bold;font-style: normal;font-size: 10.5000pt\">Model<\/span><\/strong><\/p> <\/td><td> <p style=\"text-align: center; vertical-align: baseline; margin: 0.0000pt;\" align=\"center\" class=\"translation-block\"><strong><span style=\"font-family: Arial;color: #000000;font-weight: bold;font-style: normal;font-size: 10.5000pt\">TZY-D1<\/span><\/strong><\/p> <\/td><\/tr><tr><td> <p style=\"text-align: center; vertical-align: baseline; margin: 0.0000pt;\" align=\"center\"><span style=\"font-family: Arial; color: #000000; font-style: normal; font-size: 10.5000pt;\">Motor<\/span><\/p> <\/td><td> <p style=\"text-align: center; vertical-align: baseline; margin: 0.0000pt;\" align=\"center\"><span style=\"font-family: Arial; color: #000000; font-style: normal; font-size: 10.5000pt;\">1.5kw<\/span><\/p> <\/td><\/tr><tr><td> <p style=\"text-align: center; vertical-align: baseline; margin: 0.0000pt;\" align=\"center\"><span style=\"font-family: Arial; color: #000000; font-style: normal; font-size: 10.5000pt;\">Boyut<\/span><\/p> <\/td><td> <p style=\"text-align: center; vertical-align: baseline; margin: 0.0000pt;\" align=\"center\"><span style=\"font-family: Arial; color: #000000; font-style: normal; font-size: 10.5000pt;\">1150*680*1360mm<\/span><\/p> <\/td><\/tr><tr><td> <p style=\"text-align: center; vertical-align: baseline; margin: 0.0000pt;\" align=\"center\"><span style=\"font-family: Arial; color: #000000; font-style: normal; font-size: 10.5000pt;\">A\u011f\u0131rl\u0131k<\/span><\/p> <\/td><td> <p style=\"text-align: center; vertical-align: baseline; margin: 0.0000pt;\" align=\"center\"><span style=\"font-family: Arial; color: #000000; font-style: normal; font-size: 10.5000pt;\">87kg<\/span><\/p> <\/td><\/tr><tr><td> <p style=\"text-align: center; vertical-align: baseline; margin: 0.0000pt;\" align=\"center\"><span style=\"font-family: Arial; color: #000000; font-style: normal; font-size: 10.5000pt;\">Kapasite<\/span><\/p> <\/td><td> <p style=\"text-align: center; vertical-align: baseline; margin: 0.0000pt;\" align=\"center\"><span style=\"font-family: Arial; color: #000000; font-style: normal; font-size: 10.5000pt;\">1t\/h<\/span><\/p> <\/td><\/tr><\/tbody><\/table><figcaption class=\"wp-element-caption\">\u00dcr\u00fcn \u00f6\u011f\u00fct\u00fcc\u00fc makinesi detayl\u0131 bilgileri<\/figcaption><\/figure>    <p class=\"translation-block\">Ayr\u0131ca, benzer makinelerimiz <strong><em>Hayvan yemi kesme makinesi | sap kesici | ot kesici y\u00fcksek kapasiteyle<\/em><\/strong>, ve <strong><em>4-15t\/h ot kesme makinesi \/ \u0131slak ot kesme\/ot kesici<\/em><\/strong>.<\/p>    <h2 class=\"wp-block-heading\">Ot kesici \u00f6rne\u011fi ba\u015far\u0131 hikayesi<\/h2>    <p>Bu samur kesici makinesi, fabrikam\u0131zda en \u00e7ok satan \u00fcr\u00fcn olup, her ay bir\u00e7ok set sat\u0131yoruz. Ge\u00e7en ay, 500 set Pakistan'a sevk edildi, m\u00fc\u015fterimiz t\u00fcm makineleri ald\u0131 ve kaliteyi y\u00fcksek takdir ediyor. A\u015fa\u011f\u0131daki resim paketleme detaylar\u0131n\u0131 g\u00f6stermektedir.<\/p>    <p>Ayr\u0131ca, onun i\u00e7in 24 saat \u00e7evrimi\u00e7i hizmet, bir y\u0131l i\u00e7inde \u00fccretsiz yedek par\u00e7a g\u00f6nderimi, m\u00fchendislerimizin \u00e7al\u0131\u015fanlar\u0131n\u0131 e\u011fitmesi gibi m\u00fckemmel sat\u0131\u015f sonras\u0131 hizmetler sunuyoruz. Sonu\u00e7 olarak, t\u00fcm sorunlar\u0131n\u0131 \u00e7\u00f6zmek i\u00e7in b\u00fcy\u00fck \u00e7aba g\u00f6sterece\u011fiz.<\/p>    <figure class=\"wp-block-image aligncenter\"><img loading=\"lazy\" decoding=\"async\" width=\"500\" height=\"500\" src=\"https:\/\/www.agriculture-machine.com\/wp-content\/uploads\/2018\/07\/333.jpg\" alt=\"\" class=\"wp-image-2991\" srcset=\"https:\/\/www.agriculture-machine.com\/wp-content\/uploads\/2018\/07\/333.jpg 500w, https:\/\/www.agriculture-machine.com\/wp-content\/uploads\/2018\/07\/333-270x270.jpg 270w\" sizes=\"auto, (max-width: 500px) 100vw, 500px\" \/><\/figure>    <figure class=\"wp-block-image aligncenter\"><img loading=\"lazy\" decoding=\"async\" width=\"500\" height=\"500\" src=\"https:\/\/www.agriculture-machine.com\/wp-content\/uploads\/2018\/07\/555.jpg\" alt=\"\" class=\"wp-image-2992\" srcset=\"https:\/\/www.agriculture-machine.com\/wp-content\/uploads\/2018\/07\/555.jpg 500w, https:\/\/www.agriculture-machine.com\/wp-content\/uploads\/2018\/07\/555-270x270.jpg 270w\" sizes=\"auto, (max-width: 500px) 100vw, 500px\" \/><\/figure>    <h2 class=\"wp-block-heading\">SSS<\/h2>   <div id=\"rank-math-faq\" class=\"rank-math-block\"> <div class=\"rank-math-list\"> <div id=\"faq-question-1709531769865\" class=\"rank-math-list-item\"> <h3 class=\"rank-math-question\">Bu saman kesici makinesi ka\u00e7 b\u0131\u00e7ak i\u00e7eriyor?<\/h3> <div class=\"rank-math-answer\">  <p>4 b\u0131\u00e7akl\u0131.<\/p>  <\/div> <\/div> <div id=\"faq-question-1709531776517\" class=\"rank-math-list-item\"> <h3 class=\"rank-math-question\">Bu makineyle hangi t\u00fcr ham madde kesilebilir?<\/h3> <div class=\"rank-math-answer\">  <p>Pirincin sap\u0131, bu\u011fday sap\u0131, m\u0131s\u0131r sap\u0131, a\u011fa\u00e7 dallar\u0131 ve di\u011fer otlar.<\/p>  <\/div> <\/div> <div id=\"faq-question-1709531783645\" class=\"rank-math-list-item\"> <h3 class=\"rank-math-question\">Farkl\u0131 ot kesici makineleri var m\u0131?<\/h3> <div class=\"rank-math-answer\">  <p>Evet, tabii ki, en k\u00fc\u00e7\u00fc\u011f\u00fc budur ve ayr\u0131ca daha b\u00fcy\u00fck boyutlar ve y\u00fcksek kapasiteli ot kesici makinelerimiz de mevcuttur.<\/p>  <\/div> <\/div> <div id=\"faq-question-1709531794566\" class=\"rank-math-list-item\"> <h3 class=\"rank-math-question\">Bir ot kesici makinesinin kapasitesi nedir?<\/h3> <div class=\"rank-math-answer\">  <p>Kapasitesi 400-500kg\/h'dir.<\/p>  <\/div> <\/div> <div id=\"faq-question-1709531820733\" class=\"rank-math-list-item\"> <h3 class=\"rank-math-question\">Bireysel kullan\u0131m i\u00e7in uygun mu?<\/h3> <div class=\"rank-math-answer\">  <p>Evet, tabii ki.<\/p>  <\/div> <\/div> <\/div> <\/div>","protected":false},"excerpt":{"rendered":"<p>4 b\u0131\u00e7akl\u0131 k\u00fc\u00e7\u00fck boyutlu samur ot kesici makinesi olup, bireysel \u00e7ift\u00e7iler taraf\u0131ndan b\u00fcy\u00fck ilgi g\u00f6rmektedir. Ham madde olarak ot, pirin\u00e7, m\u0131s\u0131r ve bu\u011fday sap\u0131 kullan\u0131labilir.<\/p>","protected":false},"author":1,"featured_media":0,"parent":0,"comment_status":"closed","ping_status":"closed","template":"","tags":[832,2609],"product-type":[912],"class_list":["post-200","product","type-product","status-publish","hentry","tag-chaff","tag-cutter","product-type-chaff-cutter"],"_links":{"self":[{"href":"https:\/\/www.agriculture-machine.com\/tr\/wp-json\/wp\/v2\/product\/200","targetHints":{"allow":["GET"]}}],"collection":[{"href":"https:\/\/www.agriculture-machine.com\/tr\/wp-json\/wp\/v2\/product"}],"about":[{"href":"https:\/\/www.agriculture-machine.com\/tr\/wp-json\/wp\/v2\/types\/product"}],"author":[{"embeddable":true,"href":"https:\/\/www.agriculture-machine.com\/tr\/wp-json\/wp\/v2\/users\/1"}],"replies":[{"embeddable":true,"href":"https:\/\/www.agriculture-machine.com\/tr\/wp-json\/wp\/v2\/comments?post=200"}],"wp:attachment":[{"href":"https:\/\/www.agriculture-machine.com\/tr\/wp-json\/wp\/v2\/media?parent=200"}],"wp:term":[{"taxonomy":"post_tag","embeddable":true,"href":"https:\/\/www.agriculture-machine.com\/tr\/wp-json\/wp\/v2\/tags?post=200"},{"taxonomy":"product-type","embeddable":true,"href":"https:\/\/www.agriculture-machine.com\/tr\/wp-json\/wp\/v2\/product-type?post=200"}],"curies":[{"name":"wp","href":"https:\/\/api.w.org\/{rel}","templated":true}]}}