{"id":2279,"date":"2018-10-17T09:50:12","date_gmt":"2018-10-17T01:50:12","guid":{"rendered":"https:\/\/www.agriculture-machine.com\/?p=1011"},"modified":"2024-09-18T16:08:35","modified_gmt":"2024-09-18T08:08:35","slug":"rice-transplanter-machine","status":"publish","type":"product","link":"https:\/\/www.agriculture-machine.com\/tr\/rice-transplanter-machine\/","title":{"rendered":"2 s\u0131ral\u0131 pirin\u00e7 nakil makinesi"},"content":{"rendered":"<h2 class=\"wp-block-heading\">2 s\u0131ral\u0131 pirin\u00e7 fidanl\u0131k makinesinin k\u0131sa tan\u0131t\u0131m\u0131<\/h2>    <p class=\"translation-block\">Bu, 2 s\u0131ral\u0131 <strong>pirin\u00e7 fidanl\u0131k makinesi<\/strong> olup, elle kullan\u0131lmak \u00fczere tasarlanm\u0131\u015ft\u0131r. Makine hafiftir (20kg) ve \u00e7ift\u00e7iler i\u00e7in \u00e7ok uygundur. S\u0131ra aral\u0131\u011f\u0131 250mm olup, ayarlanamaz. En y\u00fcksek dikim derinli\u011fi 65mm ve en y\u00fcksek dikim s\u0131kl\u0131\u011f\u0131 120 adet\/dakikad\u0131r. Bu k\u00fc\u00e7\u00fck tip pirin\u00e7 fidanl\u0131k makinesi kullan\u0131m\u0131 kolayd\u0131r ve fabrikam\u0131zda \u00e7ok satan bir \u00fcr\u00fcnd\u00fcr.<\/p>   <p><iframe loading=\"lazy\" title=\"Birle\u015fik pirin\u00e7 de\u011firmeni | Pirin\u00e7 \u00f6\u011f\u00fctme ve k\u0131rma makinesi\" width=\"500\" height=\"281\" src=\"https:\/\/www.youtube.com\/embed\/DcsznGBC44g?feature=oembed\" frameborder=\"0\" allow=\"accelerometer; autoplay; clipboard-write; encrypted-media; gyroscope; picture-in-picture; web-share\" referrerpolicy=\"strict-origin-when-cross-origin\" allowfullscreen><\/iframe><\/p>    <figure class=\"wp-block-image aligncenter\"><img loading=\"lazy\" decoding=\"async\" width=\"750\" height=\"689\" src=\"https:\/\/www.agriculture-machine.com\/wp-content\/uploads\/2018\/10\/CY2-TRANSPLANTER-1.jpg\" alt=\"2 s\u0131ral\u0131 pirin\u00e7 fidanl\u0131k makinesinin yap\u0131s\u0131\" class=\"wp-image-3245\" srcset=\"https:\/\/www.agriculture-machine.com\/wp-content\/uploads\/2018\/10\/CY2-TRANSPLANTER-1.jpg 750w, https:\/\/www.agriculture-machine.com\/wp-content\/uploads\/2018\/10\/CY2-TRANSPLANTER-1-294x270.jpg 294w, https:\/\/www.agriculture-machine.com\/wp-content\/uploads\/2018\/10\/CY2-TRANSPLANTER-1-588x540.jpg 588w\" sizes=\"auto, (max-width: 750px) 100vw, 750px\" \/><\/figure>    <h2 class=\"wp-block-heading\">2 s\u0131ral\u0131 pirin\u00e7 fidanl\u0131k makinesinin teknik parametreleri<\/h2>    <figure class=\"wp-block-table is-style-stripes\"><table><tbody><tr><td>\u0130sim<\/td><td>Pirinc fidanl\u0131k makinesi<\/td><\/tr><tr><td>Model<\/td><td>&nbsp;CY-2<\/td><\/tr><tr><td>S\u0131ralar<\/td><td>\u0130ki s\u0131ral\u0131<\/td><\/tr><tr><td>T\u00fcr<\/td><td>&nbsp;Manuel<\/td><\/tr><tr><td>S\u0131ra aral\u0131\u011f\u0131<\/td><td>&nbsp;250mm, can&#8217;t adjusted<\/td><\/tr><tr><td>En y\u00fcksek dikim s\u0131kl\u0131\u011f\u0131<\/td><td>&nbsp;1 20 adet\/dakika<\/td><\/tr><tr><td>En y\u00fcksek dikim derinli\u011fi<\/td><td>&nbsp;65mm<\/td><\/tr><tr><td>Boyut<\/td><td>600* 700** 800mm<\/td><\/tr><tr><td>A\u011f\u0131rl\u0131k<\/td><td>20kg<\/td><\/tr><tr><td>20GP<\/td><td>190 tak\u0131m<\/td><\/tr><\/tbody><\/table><figcaption class=\"wp-element-caption\">\u0130ki s\u0131ral\u0131 pirin\u00e7 ekim makinesi teknik verileri<\/figcaption><\/figure>    <h2 class=\"wp-block-heading\">2 s\u0131ral\u0131 pirin\u00e7 fidanl\u0131k makinesinin yap\u0131s\u0131<\/h2>    <p>\u0130\u00e7eri\u011fi, zincir, el tutama\u011f\u0131, fide yataklar\u0131 ve \u00fcstten olu\u015fur.<\/p>    <figure class=\"wp-block-image aligncenter\"><img loading=\"lazy\" decoding=\"async\" width=\"750\" height=\"869\" src=\"https:\/\/www.agriculture-machine.com\/wp-content\/uploads\/2018\/10\/CY2-TRANSPLANTER-2.jpg\" alt=\"Vaka \u00e7al\u0131\u015fmas\u0131\" class=\"wp-image-3246\" srcset=\"https:\/\/www.agriculture-machine.com\/wp-content\/uploads\/2018\/10\/CY2-TRANSPLANTER-2.jpg 750w, https:\/\/www.agriculture-machine.com\/wp-content\/uploads\/2018\/10\/CY2-TRANSPLANTER-2-233x270.jpg 233w, https:\/\/www.agriculture-machine.com\/wp-content\/uploads\/2018\/10\/CY2-TRANSPLANTER-2-466x540.jpg 466w\" sizes=\"auto, (max-width: 750px) 100vw, 750px\" \/><\/figure>    <h2 class=\"wp-block-heading\"><strong><b>Bu ekipman\u0131n \u00e7al\u0131\u015fma prensibi<\/b><\/strong><\/h2>    <ol class=\"wp-block-list\"> <li>Makinenin iki fide yata\u011f\u0131na fideleri yerle\u015ftirin<\/li>    <li>El tutama\u011f\u0131n\u0131 ayn\u0131 y\u00f6nde d\u00f6nd\u00fcr\u00fcn<\/li>    <li>Fidan ekme i\u011fnesi, fideleri tek tek a\u015fa\u011f\u0131 do\u011fru al\u0131r<\/li>    <li>Sonra onlar\u0131 topra\u011fa yerle\u015ftirin<\/li>    <li>\u0130\u015flem s\u0131ras\u0131nda, operat\u00f6r makineye y\u00fcz\u00fcn\u00fc d\u00f6nmeli ve s\u00fcrekli geri gitmelidir.<\/li> <\/ol>    <figure class=\"wp-block-image aligncenter\"><img loading=\"lazy\" decoding=\"async\" width=\"750\" height=\"1054\" src=\"https:\/\/www.agriculture-machine.com\/wp-content\/uploads\/2018\/10\/CY2-TRANSPLANTER-6.jpg\" alt=\"gemi g\u00f6nderme resmi 10\" class=\"wp-image-3247\" srcset=\"https:\/\/www.agriculture-machine.com\/wp-content\/uploads\/2018\/10\/CY2-TRANSPLANTER-6.jpg 750w, https:\/\/www.agriculture-machine.com\/wp-content\/uploads\/2018\/10\/CY2-TRANSPLANTER-6-192x270.jpg 192w, https:\/\/www.agriculture-machine.com\/wp-content\/uploads\/2018\/10\/CY2-TRANSPLANTER-6-384x540.jpg 384w\" sizes=\"auto, (max-width: 750px) 100vw, 750px\" \/><\/figure>    <h2 class=\"wp-block-heading\">Fidanl\u0131k makinemizin teknik ko\u015fullar\u0131 nelerdir?<\/h2>    <ul class=\"wp-block-list\"> <li>Fidan y\u00fcksekli\u011fi 180-300mm aras\u0131nda olmal\u0131d\u0131r<\/li>    <li>Fidanlar\u0131n k\u00f6kleri, yakla\u015f\u0131k 60mm topra\u011fa yerle\u015ftirilmelidir<\/li>    <li>\u00c7al\u0131\u015fma derinli\u011fi 10-20mm aras\u0131nda kontrol edilmelidir<\/li>    <li>Operat\u00f6r, kullanmadan \u00f6nce s\u00fcrt\u00fcnme par\u00e7as\u0131na ya\u011f eklemeli ve esnek d\u00f6n\u00fc\u015f\u00fcme ula\u015fmal\u0131d\u0131r<\/li>    <li>\u0130\u015flem s\u0131ras\u0131nda, fide paralel olmal\u0131d\u0131r<\/li> <\/ul>    <h2 class=\"wp-block-heading\">2 s\u0131ral\u0131 pirin\u00e7 fidanl\u0131k makinelerinin avantaj\u0131<\/h2>    <ol class=\"wp-block-list\"> <li>Fidan yata\u011f\u0131, temizlenmek \u00fczere kolayca itilebilir<\/li>    <li>Hafifli\u011fi, pirin\u00e7 tarlas\u0131nda hareket etmeyi kolayla\u015ft\u0131r\u0131r<\/li>    <li>Sadece bir ki\u015finin kullanmas\u0131 yeterlidir.<\/li>    <li>Fidanlar, topra\u011fa dikey ve d\u00fczenli bir \u015fekilde yerle\u015ftirilebilir<\/li>    <li>Y\u00fcksek uyarlanabilirlik sa\u011flar ve tepelere, da\u011flara, ovalara vb. uygundur.<\/li> <\/ol>    <h2 class=\"wp-block-heading\">Fidanl\u0131k makinemizin ba\u015far\u0131l\u0131 vakalar\u0131<\/h2>    <p>Vaka 1<\/p>    <p>A\u011fustos 2018'de Sri Lanka'ya 190 set (20 GP) pirin\u00e7 fidanl\u0131k makinesi teslim ettik. Kas\u0131m Sri Lanka'da ekim sezonudur ve teslim s\u00fcresi yakla\u015f\u0131k 40-50 g\u00fcnd\u00fcr. Ba\u015fka bir deyi\u015fle, m\u00fc\u015fterimiz A\u011fustos ay\u0131nda bir pirin\u00e7 ekim makinesi sat\u0131n ald\u0131 ve Ekim ay\u0131nda teslim alacak. Kendisi yerel pazarda bir bayi olup, makineleri \u00e7ift\u00e7ilere da\u011f\u0131tacakt\u0131r.<\/p>    <figure class=\"wp-block-image aligncenter\"><img loading=\"lazy\" decoding=\"async\" width=\"960\" height=\"1280\" src=\"https:\/\/www.agriculture-machine.com\/wp-content\/uploads\/2018\/10\/6bfe28209ccdc550c111f8325ad1b82.jpg\" alt=\"gemi g\u00f6nderme resmi 12\" class=\"wp-image-3243\" srcset=\"https:\/\/www.agriculture-machine.com\/wp-content\/uploads\/2018\/10\/6bfe28209ccdc550c111f8325ad1b82.jpg 960w, https:\/\/www.agriculture-machine.com\/wp-content\/uploads\/2018\/10\/6bfe28209ccdc550c111f8325ad1b82-203x270.jpg 203w, https:\/\/www.agriculture-machine.com\/wp-content\/uploads\/2018\/10\/6bfe28209ccdc550c111f8325ad1b82-405x540.jpg 405w, https:\/\/www.agriculture-machine.com\/wp-content\/uploads\/2018\/10\/6bfe28209ccdc550c111f8325ad1b82-768x1024.jpg 768w\" sizes=\"auto, (max-width: 960px) 100vw, 960px\" \/><\/figure>    <figure class=\"wp-block-image aligncenter\"><img loading=\"lazy\" decoding=\"async\" width=\"960\" height=\"1280\" src=\"https:\/\/www.agriculture-machine.com\/wp-content\/uploads\/2018\/10\/92f84b9e6f760a47d96b2cf8bd56a06.jpg\" alt=\"g\u00f6nderim resmi 12\" class=\"wp-image-3244\" srcset=\"https:\/\/www.agriculture-machine.com\/wp-content\/uploads\/2018\/10\/92f84b9e6f760a47d96b2cf8bd56a06.jpg 960w, https:\/\/www.agriculture-machine.com\/wp-content\/uploads\/2018\/10\/92f84b9e6f760a47d96b2cf8bd56a06-203x270.jpg 203w, https:\/\/www.agriculture-machine.com\/wp-content\/uploads\/2018\/10\/92f84b9e6f760a47d96b2cf8bd56a06-405x540.jpg 405w, https:\/\/www.agriculture-machine.com\/wp-content\/uploads\/2018\/10\/92f84b9e6f760a47d96b2cf8bd56a06-768x1024.jpg 768w\" sizes=\"auto, (max-width: 960px) 100vw, 960px\" \/><\/figure>    <p>Ocak 2019'da, Amerika'dan m\u00fc\u015fterimiz 100 tak\u0131m sipari\u015f verdi. Pirin\u00e7 Amerika'da \u00e7ok yayg\u0131nd\u0131r, bu nedenle pirin\u00e7 fidanl\u0131k makineleri Amerikan \u00e7ift\u00e7ileri aras\u0131nda pop\u00fclerdir. \u0130ki s\u0131ral\u0131 pirin\u00e7 fidanl\u0131k makinemiz hafif ve fonksiyonel olup, bireysel \u00e7ift\u00e7iler veya bayiler i\u00e7in iyi bir se\u00e7imdir.<\/p>    <p>Pirin\u00e7 fidanl\u0131k makinesinin m\u00fckemmel performans\u0131n\u0131 \u00f6\u011frendikten sonra, \u00fcr\u00fcnlerimizle ilgileniyorsan\u0131z, daha fazla detay i\u00e7in bizimle ileti\u015fime ge\u00e7mekten \u00e7ekinmeyin. Geli\u015fmi\u015f tar\u0131m makinelerimiz hakk\u0131nda daha heyecan verici bilgiler payla\u015fmay\u0131 d\u00f6rt g\u00f6zle bekliyoruz! Ayr\u0131ca, teknik g\u00fcc\u00fcm\u00fcz\u00fc ve \u00f6zenli hizmetimizi deneyimlemek i\u00e7in fabrikam\u0131z\u0131 ziyaret etmenizi de memnuniyetle kar\u015f\u0131l\u0131yoruz. Sizinle daha fazla i\u015fbirli\u011fi yapmay\u0131 d\u00f6rt g\u00f6zle bekliyoruz!<\/p>    <p class=\"translation-block\">Ayr\u0131ca 6 s\u0131ral\u0131 ve 8 s\u0131ral\u0131 pirin\u00e7 fidanl\u0131k makinelerimiz de mevcuttur, daha fazla bilgi i\u00e7in a\u015fa\u011f\u0131daki ba\u011flant\u0131ya t\u0131klay\u0131n. (<em>\u0130lgili makale: <strong><a href=\"https:\/\/www.agriculture-machine.com\/tr\/8-rows-rice-transplanter\/\">Pirinc Fidanl\u0131k \/ Pirin\u00e7 Ekim Makinesi<\/a><\/strong><\/em>)<\/p>    <h2 class=\"wp-block-heading\">\u0130stedi\u011finiz zaman bizimle ileti\u015fime ge\u00e7in<\/h2>    <p>Birle\u015fik pirin\u00e7 de\u011firmeni | Pirin\u00e7 \u00f6\u011f\u00fctme ve k\u0131rma makinesi<\/p>","protected":false},"excerpt":{"rendered":"<p>Verimli 2 S\u0131ral\u0131 Pirin\u00e7 Fidanl\u0131k Makinesi Uygun Fiyatla<\/p>","protected":false},"author":1,"featured_media":1031,"parent":0,"comment_status":"closed","ping_status":"closed","template":"","tags":[2607,492,796,151],"product-type":[914],"class_list":["post-2279","product","type-product","status-publish","has-post-thumbnail","hentry","tag-nursery","tag-planter","tag-rice","tag-transplanter","product-type-rice-transplanter"],"_links":{"self":[{"href":"https:\/\/www.agriculture-machine.com\/tr\/wp-json\/wp\/v2\/product\/2279","targetHints":{"allow":["GET"]}}],"collection":[{"href":"https:\/\/www.agriculture-machine.com\/tr\/wp-json\/wp\/v2\/product"}],"about":[{"href":"https:\/\/www.agriculture-machine.com\/tr\/wp-json\/wp\/v2\/types\/product"}],"author":[{"embeddable":true,"href":"https:\/\/www.agriculture-machine.com\/tr\/wp-json\/wp\/v2\/users\/1"}],"replies":[{"embeddable":true,"href":"https:\/\/www.agriculture-machine.com\/tr\/wp-json\/wp\/v2\/comments?post=2279"}],"wp:featuredmedia":[{"embeddable":true,"href":"https:\/\/www.agriculture-machine.com\/tr\/wp-json\/wp\/v2\/media\/1031"}],"wp:attachment":[{"href":"https:\/\/www.agriculture-machine.com\/tr\/wp-json\/wp\/v2\/media?parent=2279"}],"wp:term":[{"taxonomy":"post_tag","embeddable":true,"href":"https:\/\/www.agriculture-machine.com\/tr\/wp-json\/wp\/v2\/tags?post=2279"},{"taxonomy":"product-type","embeddable":true,"href":"https:\/\/www.agriculture-machine.com\/tr\/wp-json\/wp\/v2\/product-type?post=2279"}],"curies":[{"name":"wp","href":"https:\/\/api.w.org\/{rel}","templated":true}]}}