{"id":230,"date":"2018-07-12T07:42:09","date_gmt":"2018-07-11T23:42:09","guid":{"rendered":"https:\/\/www.agriculture-machine.com\/?p=230"},"modified":"2025-03-10T16:33:26","modified_gmt":"2025-03-10T08:33:26","slug":"chaff-cutter-and-grain-crusher","status":"publish","type":"product","link":"https:\/\/www.agriculture-machine.com\/tr\/chaff-cutter-and-grain-crusher\/","title":{"rendered":"\u00c7im Bi\u00e7me Makinesi | Saman Kesici ve Tah\u0131l K\u0131r\u0131c\u0131"},"content":{"rendered":"<p>With over 20 years of experience in manufacturing silage machinery, our chaff cutter machine stands out for its &#8220;high efficiency cutting and multi-scene adaptation.&#8221; We have provided services to agricultural and animal husbandry enterprises in more than 50 countries and regions worldwide. <\/p>    <p>Ana modelimiz, saatte 25 tona kadar etkileyici bir kapasiteye sahiptir ve yem kullan\u0131m\u0131n\u0131 P'den fazla art\u0131rmaktad\u0131r. <\/p>    <p>Bu makalede, ihtiya\u00e7lar\u0131n\u0131za g\u00f6re bilin\u00e7li bir se\u00e7im yapman\u0131za yard\u0131mc\u0131 olmak i\u00e7in \u00fc\u00e7 farkl\u0131 tip saman kesiciyi detayland\u0131raca\u011f\u0131z. Ayr\u0131ca, makinenin \u00f6zel gereksinimlerinizi tam olarak kar\u015f\u0131lamas\u0131n\u0131 sa\u011flamak i\u00e7in \u00f6zelle\u015ftirilmi\u015f hizmetler sunuyoruz.<\/p>    <figure class=\"wp-block-embed aligncenter is-type-video is-provider-youtube wp-block-embed-youtube wp-embed-aspect-16-9 wp-has-aspect-ratio\"><div class=\"wp-block-embed__wrapper\"> <iframe loading=\"lazy\" title=\"Saman Do\u011fray\u0131c\u0131 ve K\u0131r\u0131c\u0131 Makine, Tar\u0131m Hasat Verimlili\u011fini Art\u0131r\u0131yor!\" width=\"500\" height=\"281\" src=\"https:\/\/www.youtube.com\/embed\/csKAdpXtbn8?feature=oembed\" frameborder=\"0\" allow=\"accelerometer; autoplay; clipboard-write; encrypted-media; gyroscope; picture-in-picture; web-share\" referrerpolicy=\"strict-origin-when-cross-origin\" allowfullscreen><\/iframe> <\/div><figcaption class=\"wp-element-caption\">saman do\u011fray\u0131c\u0131 makine \u00e7al\u0131\u015fma videosu<\/figcaption><\/figure>    <h2 class=\"wp-block-heading\">Birinci tip: TZY-A yem k\u0131r\u0131c\u0131 makinesi<\/h2>    <p>Bu saman do\u011fray\u0131c\u0131 makinesi, tah\u0131l, silaj ve kuru saman i\u00e7in saatte 800kg, 2000kg ve 1000kg ile uygulanabilir. Ot kesme makineleri, saman kesme ve tah\u0131l k\u0131rma i\u015flemlerini i\u00e7erir. \u00c7ekme \u00e7ubu\u011fu tasar\u0131m\u0131, tarlada kolayca hareket etmesini sa\u011flar.<\/p>    <figure class=\"wp-block-image aligncenter size-large\"><img loading=\"lazy\" decoding=\"async\" width=\"570\" height=\"540\" src=\"https:\/\/www.agriculture-machine.com\/wp-content\/uploads\/2018\/07\/\u672a\u6807\u9898-1_01-570x540.jpg\" alt=\"ot saman do\u011fray\u0131c\u0131\" class=\"wp-image-3018\" srcset=\"https:\/\/www.agriculture-machine.com\/wp-content\/uploads\/2018\/07\/\u672a\u6807\u9898-1_01-570x540.jpg 570w, https:\/\/www.agriculture-machine.com\/wp-content\/uploads\/2018\/07\/\u672a\u6807\u9898-1_01-285x270.jpg 285w, https:\/\/www.agriculture-machine.com\/wp-content\/uploads\/2018\/07\/\u672a\u6807\u9898-1_01.jpg 750w\" sizes=\"auto, (max-width: 570px) 100vw, 570px\" \/><figcaption class=\"wp-element-caption\">ot saman do\u011fray\u0131c\u0131<\/figcaption><\/figure>    <h3 class=\"wp-block-heading\">Saman do\u011fray\u0131c\u0131 ve m\u0131s\u0131r k\u0131r\u0131c\u0131 teknik parametreleri<\/h3>    <figure class=\"wp-block-table is-style-stripes\"><table><tbody><tr><td>Model<\/td><td>TZY-A<\/td><\/tr><tr><td>G\u00fc\u00e7<\/td><td>3kw motor veya benzinli motor<\/td><\/tr><tr><td>Kapasite<\/td><td>Tah\u0131llar\u0131 k\u0131rmak i\u00e7in saatte 800kg, silaj i\u00e7in 2000kg, kuru saman i\u00e7in 1000kg.<\/td><\/tr><tr><td>A\u011f\u0131rl\u0131k<\/td><td>150kg<\/td><\/tr><tr><td>Boyut<\/td><td>1200*1100*1630mm<\/td><\/tr><\/tbody><\/table><figcaption class=\"wp-element-caption\">saman do\u011fray\u0131c\u0131 makine detayl\u0131 teknik verileri<\/figcaption><\/figure>    <h3 class=\"wp-block-heading\">saman yem do\u011fray\u0131c\u0131 makinesinin yap\u0131s\u0131<\/h3>    <figure class=\"wp-block-image aligncenter\"><img loading=\"lazy\" decoding=\"async\" width=\"750\" height=\"954\" src=\"https:\/\/www.agriculture-machine.com\/wp-content\/uploads\/2018\/07\/\u672a\u6807\u9898-1_03.jpg\" alt=\"\" class=\"wp-image-3019\" srcset=\"https:\/\/www.agriculture-machine.com\/wp-content\/uploads\/2018\/07\/\u672a\u6807\u9898-1_03.jpg 750w, https:\/\/www.agriculture-machine.com\/wp-content\/uploads\/2018\/07\/\u672a\u6807\u9898-1_03-212x270.jpg 212w, https:\/\/www.agriculture-machine.com\/wp-content\/uploads\/2018\/07\/\u672a\u6807\u9898-1_03-425x540.jpg 425w\" sizes=\"auto, (max-width: 750px) 100vw, 750px\" \/><\/figure>    <h3 class=\"wp-block-heading\">Hayvan yem k\u0131r\u0131c\u0131 \u00e7al\u0131\u015fma performans\u0131<\/h3>    <ul class=\"wp-block-list\"> <li>Ot kesici, tah\u0131l, silaj ve kuru saman i\u00e7in saatte 800kg, 2000kg ve 1000kg ile uygulanabilir.<\/li>    <li>Saman do\u011fray\u0131c\u0131 ve tah\u0131l k\u0131r\u0131c\u0131, saman kesme ve tah\u0131l k\u0131rma dahil iki i\u015flevi vard\u0131r.<\/li> <\/ul>    <figure class=\"wp-block-image aligncenter\"><img loading=\"lazy\" decoding=\"async\" width=\"750\" height=\"958\" src=\"https:\/\/www.agriculture-machine.com\/wp-content\/uploads\/2018\/07\/\u672a\u6807\u9898-1_06.jpg\" alt=\"\" class=\"wp-image-3022\" srcset=\"https:\/\/www.agriculture-machine.com\/wp-content\/uploads\/2018\/07\/\u672a\u6807\u9898-1_06.jpg 750w, https:\/\/www.agriculture-machine.com\/wp-content\/uploads\/2018\/07\/\u672a\u6807\u9898-1_06-211x270.jpg 211w, https:\/\/www.agriculture-machine.com\/wp-content\/uploads\/2018\/07\/\u672a\u6807\u9898-1_06-423x540.jpg 423w\" sizes=\"auto, (max-width: 750px) 100vw, 750px\" \/><\/figure>    <h3 class=\"wp-block-heading\">Saman do\u011fray\u0131c\u0131 yem k\u0131r\u0131c\u0131 i\u00e7in e\u015fle\u015fen g\u00fc\u00e7<\/h3>    <p>Bu saman do\u011fray\u0131c\u0131 ve tah\u0131l k\u0131r\u0131c\u0131lar sadece elektrik motorlar\u0131 ile de\u011fil, ayn\u0131 zamanda dizel motorlar ve benzinli motorlar ile de kullan\u0131labilir, bu da elektrik eksikli\u011fi olan b\u00f6lgelerde kullan\u0131\u015fl\u0131d\u0131r.<\/p>    <h2 class=\"wp-block-heading\">\u0130kinci tip: TZY-B silaj kesme makinesi<\/h2>    <figure class=\"wp-block-image aligncenter\"><img loading=\"lazy\" decoding=\"async\" width=\"750\" height=\"714\" src=\"https:\/\/www.agriculture-machine.com\/wp-content\/uploads\/2018\/07\/\u672a\u6807\u9898-1_01-1.jpg\" alt=\"\" class=\"wp-image-3025\" srcset=\"https:\/\/www.agriculture-machine.com\/wp-content\/uploads\/2018\/07\/\u672a\u6807\u9898-1_01-1.jpg 750w, https:\/\/www.agriculture-machine.com\/wp-content\/uploads\/2018\/07\/\u672a\u6807\u9898-1_01-1-284x270.jpg 284w, https:\/\/www.agriculture-machine.com\/wp-content\/uploads\/2018\/07\/\u672a\u6807\u9898-1_01-1-567x540.jpg 567w\" sizes=\"auto, (max-width: 750px) 100vw, 750px\" \/><\/figure>    <h3 class=\"wp-block-heading\">Saman do\u011fray\u0131c\u0131 makine uygulamas\u0131<\/h3>    <ul class=\"wp-block-list\"> <li>Bu saman do\u011fray\u0131c\u0131 ve tah\u0131l k\u0131r\u0131c\u0131, do\u011frama, ovalama, k\u0131rma ve vurma i\u015flemlerini birle\u015ftiren yeni bir yem i\u015fleme makinesidir.<\/li>    <li>Saman do\u011fray\u0131c\u0131lar sadece kuru veya ye\u015fil m\u0131s\u0131r saplar\u0131n\u0131, sorgum saplar\u0131n\u0131, yerf\u0131st\u0131\u011f\u0131 sarma\u015f\u0131klar\u0131n\u0131, tatl\u0131 patates kaps\u00fcllerini ve \u00e7e\u015fitli meralar\u0131 par\u00e7alamakla kalmaz, ayn\u0131 zamanda tah\u0131l ve m\u0131s\u0131r\u0131 hayvanlar\u0131 beslemek i\u00e7in de k\u0131rabilir, bu da hayvanlar\u0131n saman\u0131n sindirimini ve emilimini art\u0131rmak i\u00e7in faydal\u0131d\u0131r.<\/li> <\/ul>    <figure class=\"wp-block-image aligncenter\"><img loading=\"lazy\" decoding=\"async\" width=\"750\" height=\"1399\" src=\"https:\/\/www.agriculture-machine.com\/wp-content\/uploads\/2018\/07\/\u672a\u6807\u9898-1_04-1.jpg\" alt=\"\" class=\"wp-image-3027\" srcset=\"https:\/\/www.agriculture-machine.com\/wp-content\/uploads\/2018\/07\/\u672a\u6807\u9898-1_04-1.jpg 750w, https:\/\/www.agriculture-machine.com\/wp-content\/uploads\/2018\/07\/\u672a\u6807\u9898-1_04-1-145x270.jpg 145w, https:\/\/www.agriculture-machine.com\/wp-content\/uploads\/2018\/07\/\u672a\u6807\u9898-1_04-1-289x540.jpg 289w\" sizes=\"auto, (max-width: 750px) 100vw, 750px\" \/><\/figure>    <h3 class=\"wp-block-heading\">Saman kesme k\u0131r\u0131c\u0131 i\u00e7in e\u015fle\u015fen g\u00fc\u00e7<\/h3>    <p>G\u00fc\u00e7 a\u00e7\u0131s\u0131ndan, saman do\u011fray\u0131c\u0131 makinesi motor, dizel motor veya benzinli motor ile yap\u0131labilir.<\/p>    <h2 class=\"wp-block-heading\">\u00dc\u00e7\u00fcnc\u00fc tip: TZY-C ot kesme makinesi<\/h2>    <p>Yap\u0131: 1. Bo\u015faltma \u00e7\u0131k\u0131\u015f\u0131 2. G\u00f6vde 3. Rotor 4. Besleme ve par\u00e7alama cihaz\u0131 5. Besleme yar\u0131\u011f\u0131 6. \u015easi 7. Koruyucu kapak 8. Rotor motoru 9. Y\u00fcr\u00fcy\u00fc\u015f tekerle\u011fi<\/p>    <h3 class=\"wp-block-heading\">Hayvan yemi kesme makinesi parametreleri<\/h3>    <figure class=\"wp-block-table is-style-stripes\"><table class=\"has-fixed-layout\"><tbody><tr><td>Model<\/td><td>TZY-C<\/td><\/tr><tr><td>Kapasite<\/td><td>Tah\u0131llar\u0131 k\u0131rmak i\u00e7in saatte 500kg, silaj i\u00e7in 1500kg, kuru saman i\u00e7in 700kg.<\/td><\/tr><tr><td>G\u00fc\u00e7<\/td><td>3kw veya benzinli motor veya dizel motor<\/td><\/tr><tr><td>A\u011f\u0131rl\u0131k<\/td><td>150kg<\/td><\/tr><tr><td>Boyut<\/td><td>1200*1100*1630mm<\/td><\/tr><\/tbody><\/table><figcaption class=\"wp-element-caption\">TZY-C saman do\u011fray\u0131c\u0131 makine teknik verileri<\/figcaption><\/figure>    <h2 class=\"wp-block-heading\">Saman do\u011fray\u0131c\u0131 makinesinin \u00e7al\u0131\u015fma prensibi (3 tip i\u00e7in)<\/h2>    <h3 class=\"wp-block-heading\">Ot kesme \u00e7al\u0131\u015fma prensibi<\/h3>   <div id=\"rank-math-howto\" class=\"rank-math-block\" > <div class=\"rank-math-howto-description\">  <\/div>  <div class=\"rank-math-steps\"> <div id=\"howto-step-1716372815267\" class=\"rank-math-step\"> <div class=\"rank-math-step-content\"><p>\u00d6ncelikle motoru a\u00e7\u0131n. Ard\u0131ndan, operat\u00f6r, i\u015flem stabil hale geldikten sonra otu uzun bir giri\u015fe e\u015fit \u015fekilde yayar.<\/p> <\/div> <\/div> <div id=\"howto-step-1716372822238\" class=\"rank-math-step\"> <div class=\"rank-math-step-content\"><p>Hammadde, kesme cihaz\u0131ndan y\u00fcksek h\u0131zda tambura girer. \u00c7al\u0131\u015fma s\u0131ras\u0131nda, bir b\u0131\u00e7ak sabit kal\u0131r ve di\u011fer 3 b\u0131\u00e7ak dinamik olup, par\u00e7alamak, y\u0131rtmak ve k\u00fc\u00e7\u00fck par\u00e7alara ay\u0131rmak i\u00e7in kullan\u0131l\u0131r.<\/p> <\/div> <\/div> <div id=\"howto-step-1716372835088\" class=\"rank-math-step\"> <div class=\"rank-math-step-content\"><p>Son olarak, otlar makineden \u00fcst \u00e7\u0131k\u0131\u015ftan santrif\u00fcj kuvvetiyle at\u0131l\u0131r.<\/p> <\/div> <\/div> <\/div> <\/div>       <h3 class=\"wp-block-heading\">M\u0131s\u0131r k\u0131rma \u00e7al\u0131\u015fma prensibi<\/h3>    <ul class=\"wp-block-list\"> <li>\u00d6ncelikle, m\u0131s\u0131r\u0131 yuvarlak giri\u015fe b\u0131rak\u0131n.<\/li>    <li>Sonra, m\u0131s\u0131rlar k\u0131rma k\u0131sm\u0131na girer.<\/li>    <li>Makinenin i\u00e7indeki 24 \u00e7eki\u00e7in vuru\u015flar\u0131 alt\u0131nda, m\u0131s\u0131rlar k\u0131r\u0131l\u0131r ve ard\u0131ndan \u00e7\u0131k\u0131\u015ftan (makinenin alt k\u0131sm\u0131nda) \u00fcflenir.<\/li> <\/ul>    <figure class=\"wp-block-image aligncenter size-large\"><img loading=\"lazy\" decoding=\"async\" width=\"608\" height=\"540\" src=\"https:\/\/www.agriculture-machine.com\/wp-content\/uploads\/2018\/07\/Chaff-cutter-machine2-608x540.jpg\" alt=\"Saman do\u011fray\u0131c\u0131 makine2\" class=\"wp-image-2104\" srcset=\"https:\/\/www.agriculture-machine.com\/wp-content\/uploads\/2018\/07\/Chaff-cutter-machine2-608x540.jpg 608w, https:\/\/www.agriculture-machine.com\/wp-content\/uploads\/2018\/07\/Chaff-cutter-machine2-304x270.jpg 304w, https:\/\/www.agriculture-machine.com\/wp-content\/uploads\/2018\/07\/Chaff-cutter-machine2.jpg 750w\" sizes=\"auto, (max-width: 608px) 100vw, 608px\" \/><figcaption class=\"wp-element-caption\">Saman do\u011fray\u0131c\u0131 makine2<\/figcaption><\/figure>    <h2 class=\"wp-block-heading\">Saman do\u011fray\u0131c\u0131 ve k\u0131r\u0131c\u0131 makine \u00f6zellikleri<\/h2>    <ul class=\"wp-block-list\"> <li><strong>Zincir Otomatik Besleme<\/strong><br>Uzun sapl\u0131 \u00fcr\u00fcnler (m\u0131s\u0131r\/sorgum) i\u00e7in manuel besleme s\u00fcresini 0 azalt\u0131r.<\/li>    <li>\u200b<strong>\u00c7ift itme silindiri kesimi<\/strong><br>Eliminates blockages, boosts efficiency 40%, ensures 95% material uniformity.<\/li>    <li>\u200b<strong>Hareketlilik Tasar\u0131m\u0131<\/strong><br>S\u00f6k\u00fclebilir tekerlekler   hafif yap\u0131, tek ki\u015finin ta\u015f\u0131nmas\u0131n\u0131 sa\u011flar.<\/li>    <li><strong>\u200b\u22645mm Hassas K\u0131rma<br><\/strong>Y\u00fcksek karbonlu \u00e7elik b\u0131\u00e7aklar sindirilebilirli\u011fi art\u0131r\u0131r, besin emilimini   art\u0131r\u0131r.<\/li> <\/ul>    <figure class=\"wp-block-image aligncenter size-large\"><img loading=\"lazy\" decoding=\"async\" width=\"440\" height=\"540\" src=\"https:\/\/www.agriculture-machine.com\/wp-content\/uploads\/2018\/07\/Chaff-cutter-machine3-440x540.jpg\" alt=\"\" class=\"wp-image-2105\" srcset=\"https:\/\/www.agriculture-machine.com\/wp-content\/uploads\/2018\/07\/Chaff-cutter-machine3-440x540.jpg 440w, https:\/\/www.agriculture-machine.com\/wp-content\/uploads\/2018\/07\/Chaff-cutter-machine3-220x270.jpg 220w, https:\/\/www.agriculture-machine.com\/wp-content\/uploads\/2018\/07\/Chaff-cutter-machine3.jpg 750w\" sizes=\"auto, (max-width: 440px) 100vw, 440px\" \/><\/figure>    <h2 class=\"wp-block-heading\">Saman yem do\u011fray\u0131c\u0131 geni\u015f uygulama<\/h2>    <p>M\u0131s\u0131r, k\u0131rma i\u015flevi i\u00e7in en yayg\u0131n hammadde olup, bu makine ile bu\u011fday, pirin\u00e7 ve fasulye de i\u015flenebilir. <\/p>    <p>Kesme i\u015flevi i\u00e7in, ot, tah\u0131l saman\u0131, saplar, yonca ve daha fazlas\u0131yla iyi \u00e7al\u0131\u015f\u0131r. Her iki \u00e7\u0131k\u0131\u015f da hayvanlar\u0131 beslemek i\u00e7in m\u00fckemmel yem olarak hizmet eder.<\/p>    <figure class=\"wp-block-image aligncenter size-large\"><img loading=\"lazy\" decoding=\"async\" width=\"330\" height=\"540\" src=\"https:\/\/www.agriculture-machine.com\/wp-content\/uploads\/2018\/07\/Chaff-cutter-machine4-330x540.jpg\" alt=\"\" class=\"wp-image-2106\" srcset=\"https:\/\/www.agriculture-machine.com\/wp-content\/uploads\/2018\/07\/Chaff-cutter-machine4-330x540.jpg 330w, https:\/\/www.agriculture-machine.com\/wp-content\/uploads\/2018\/07\/Chaff-cutter-machine4-165x270.jpg 165w, https:\/\/www.agriculture-machine.com\/wp-content\/uploads\/2018\/07\/Chaff-cutter-machine4.jpg 750w\" sizes=\"auto, (max-width: 330px) 100vw, 330px\" \/><\/figure>    <figure class=\"wp-block-image aligncenter size-large\"><img loading=\"lazy\" decoding=\"async\" width=\"544\" height=\"540\" src=\"https:\/\/www.agriculture-machine.com\/wp-content\/uploads\/2018\/07\/Chaff-cutter-machine5-544x540.jpg\" alt=\"\" class=\"wp-image-2107\" srcset=\"https:\/\/www.agriculture-machine.com\/wp-content\/uploads\/2018\/07\/Chaff-cutter-machine5-544x540.jpg 544w, https:\/\/www.agriculture-machine.com\/wp-content\/uploads\/2018\/07\/Chaff-cutter-machine5-272x270.jpg 272w, https:\/\/www.agriculture-machine.com\/wp-content\/uploads\/2018\/07\/Chaff-cutter-machine5.jpg 750w\" sizes=\"auto, (max-width: 544px) 100vw, 544px\" \/><\/figure>    <h2 class=\"wp-block-heading\">Saman \u00f6\u011f\u00fctme makinesinin ba\u015far\u0131l\u0131 durumu<\/h2>    <p class=\"translation-block\">Bu ay, <a href=\"https:\/\/en.wikipedia.org\/wiki\/Philippines\" target=\"_blank\" rel=\"noopener\">Filipinler<\/a>'deki m\u00fc\u015fterimiz 6 set saman do\u011fray\u0131c\u0131 makinesi sipari\u015f etti ve a\u015fa\u011f\u0131daki resim paketleme detaylar\u0131n\u0131 g\u00f6stermektedir. Her makine bir kutuya paketlenmi\u015ftir ve ana yedek par\u00e7alar, olas\u0131 hasarlar\u0131 \u00f6nlemek i\u00e7in s\u00f6k\u00fclm\u00fc\u015ft\u00fcr. T\u00fcm makinelerin iyi paketlendi\u011finden emin olduk ve zaten teslim ettik.<\/p>    <figure class=\"wp-block-gallery has-nested-images columns-default is-cropped wp-block-gallery-2 is-layout-flex wp-block-gallery-is-layout-flex\"> <figure class=\"wp-block-image size-large\"><img loading=\"lazy\" decoding=\"async\" width=\"261\" height=\"540\" data-id=\"2123\" src=\"https:\/\/www.agriculture-machine.com\/wp-content\/uploads\/2018\/07\/Chaff-Cutter-machine-1-261x540.jpg\" alt=\"Saman Do\u011fray\u0131c\u0131 makine\" class=\"wp-image-2123\" srcset=\"https:\/\/www.agriculture-machine.com\/wp-content\/uploads\/2018\/07\/Chaff-Cutter-machine-1-261x540.jpg 261w, https:\/\/www.agriculture-machine.com\/wp-content\/uploads\/2018\/07\/Chaff-Cutter-machine-1-131x270.jpg 131w, https:\/\/www.agriculture-machine.com\/wp-content\/uploads\/2018\/07\/Chaff-Cutter-machine-1-768x1589.jpg 768w, https:\/\/www.agriculture-machine.com\/wp-content\/uploads\/2018\/07\/Chaff-Cutter-machine-1-742x1536.jpg 742w, https:\/\/www.agriculture-machine.com\/wp-content\/uploads\/2018\/07\/Chaff-Cutter-machine-1.jpg 928w\" sizes=\"auto, (max-width: 261px) 100vw, 261px\" \/><figcaption class=\"wp-element-caption\">Saman Do\u011fray\u0131c\u0131 makine<\/figcaption><\/figure>    <figure class=\"wp-block-image size-large\"><img loading=\"lazy\" decoding=\"async\" width=\"252\" height=\"540\" data-id=\"2124\" src=\"https:\/\/www.agriculture-machine.com\/wp-content\/uploads\/2018\/07\/Chaff-Cutter-machine-2-252x540.jpg\" alt=\"saman par\u00e7alama makinesi\" class=\"wp-image-2124\" srcset=\"https:\/\/www.agriculture-machine.com\/wp-content\/uploads\/2018\/07\/Chaff-Cutter-machine-2-252x540.jpg 252w, https:\/\/www.agriculture-machine.com\/wp-content\/uploads\/2018\/07\/Chaff-Cutter-machine-2-126x270.jpg 126w, https:\/\/www.agriculture-machine.com\/wp-content\/uploads\/2018\/07\/Chaff-Cutter-machine-2-768x1646.jpg 768w, https:\/\/www.agriculture-machine.com\/wp-content\/uploads\/2018\/07\/Chaff-Cutter-machine-2-717x1536.jpg 717w, https:\/\/www.agriculture-machine.com\/wp-content\/uploads\/2018\/07\/Chaff-Cutter-machine-2.jpg 896w\" sizes=\"auto, (max-width: 252px) 100vw, 252px\" \/><figcaption class=\"wp-element-caption\">saman par\u00e7alama makinesi<\/figcaption><\/figure>    <figure class=\"wp-block-image size-large\"><img loading=\"lazy\" decoding=\"async\" width=\"252\" height=\"540\" data-id=\"2125\" src=\"https:\/\/www.agriculture-machine.com\/wp-content\/uploads\/2018\/07\/Chaff-Cutter-machine-3-252x540.jpg\" alt=\"\u00fcr\u00fcn art\u0131\u011f\u0131 k\u0131r\u0131c\u0131\" class=\"wp-image-2125\" srcset=\"https:\/\/www.agriculture-machine.com\/wp-content\/uploads\/2018\/07\/Chaff-Cutter-machine-3-252x540.jpg 252w, https:\/\/www.agriculture-machine.com\/wp-content\/uploads\/2018\/07\/Chaff-Cutter-machine-3-126x270.jpg 126w, https:\/\/www.agriculture-machine.com\/wp-content\/uploads\/2018\/07\/Chaff-Cutter-machine-3-768x1646.jpg 768w, https:\/\/www.agriculture-machine.com\/wp-content\/uploads\/2018\/07\/Chaff-Cutter-machine-3-717x1536.jpg 717w, https:\/\/www.agriculture-machine.com\/wp-content\/uploads\/2018\/07\/Chaff-Cutter-machine-3.jpg 896w\" sizes=\"auto, (max-width: 252px) 100vw, 252px\" \/><figcaption class=\"wp-element-caption\">\u00fcr\u00fcn art\u0131\u011f\u0131 k\u0131r\u0131c\u0131<\/figcaption><\/figure> <\/figure>    <p class=\"translation-block\">Bir\u00e7ok tip silaj saman do\u011fray\u0131c\u0131 makinemiz var, ilgileniyorsan\u0131z t\u0131klay\u0131n: <strong><em><a href=\"https:\/\/www.agriculture-machine.com\/tr\/4-15t-h-grass-cutting-machine-cutting-wet-grass-grass-cutter\/\">4-15t\/S Ot Kesme Makinesi \/ Islak Otu Kesme\/Ot Kesici<\/a><\/em><\/strong>, <strong><em><a href=\"https:\/\/www.agriculture-machine.com\/tr\/combined-chaff-cutter-and-grinder-straw-cutter-and-grain-grinder\/\">Saman Do\u011fray\u0131c\u0131 ve Tah\u0131l \u00d6\u011f\u00fct\u00fcc\u00fc | Kombine Saman Kesici ve \u00d6\u011f\u00fct\u00fcc\u00fc<\/a><\/em><\/strong> ve <strong><em><a href=\"https:\/\/www.agriculture-machine.com\/tr\/animal-feed-cutting-grass-machine-straw-cutter-grass-cutter-with-great-capacity\/\">Hayvan Yemi Kesme Ot Makinesi | Saman Kesici | Y\u00fcksek Kapasiteli Ot Kesici<\/a><\/em><\/strong>.<\/p>    <h2 class=\"wp-block-heading\">SSS<\/h2>   <div id=\"rank-math-faq\" class=\"rank-math-block\"> <div class=\"rank-math-list\"> <div id=\"faq-question-1716372232137\" class=\"rank-math-list-item\"> <h3 class=\"rank-math-question\">Sadece bir t\u00fcr saman do\u011fray\u0131c\u0131 makineniz mi var?<\/h3> <div class=\"rank-math-answer\">  <p>Hay\u0131r, farkl\u0131 kapasitelerde bir\u00e7ok tip saman do\u011fray\u0131c\u0131 makinemiz var, daha fazla bilgi i\u00e7in l\u00fctfen bizimle ileti\u015fime ge\u00e7in.<\/p>  <\/div> <\/div> <div id=\"faq-question-1716372258548\" class=\"rank-math-list-item\"> <h3 class=\"rank-math-question\">Bu makinenin hammaddesi nedir?<\/h3> <div class=\"rank-math-answer\">  <p>Hammadde ot, a\u011fa\u00e7 dallar\u0131, her t\u00fcrl\u00fc tar\u0131m saplar\u0131 ve saman olabilir.<\/p>  <\/div> <\/div> <div id=\"faq-question-1716372266339\" class=\"rank-math-list-item\"> <h3 class=\"rank-math-question\">Saman do\u011fray\u0131c\u0131 makinesinin i\u00e7inde ka\u00e7 b\u0131\u00e7ak ve \u00e7eki\u00e7 var?<\/h3> <div class=\"rank-math-answer\">  <p>4 b\u0131\u00e7ak ve 24 \u00e7eki\u00e7.<\/p>  <\/div> <\/div> <div id=\"faq-question-1716372277108\" class=\"rank-math-list-item\"> <h3 class=\"rank-math-question\">Son \u00fcr\u00fcn ne i\u00e7in kullan\u0131labilir?<\/h3> <div class=\"rank-math-answer\">  <p>Son \u00fcr\u00fcn genellikle hayvanlar\u0131 beslemek i\u00e7in kullan\u0131labilir.<\/p>  <\/div> <\/div> <div id=\"faq-question-1716372290002\" class=\"rank-math-list-item\"> <h3 class=\"rank-math-question\">Neden bir makine hem otu kesip hem de tah\u0131l\u0131 k\u0131rabiliyor?<\/h3> <div class=\"rank-math-answer\">  <p>\u0130ki giri\u015f ve iki \u00e7\u0131k\u0131\u015f vard\u0131r, b\u0131\u00e7aklar otu kesmek i\u00e7in, \u00e7eki\u00e7ler ise tah\u0131l\u0131 k\u0131rmak i\u00e7in kullan\u0131l\u0131r. Farkl\u0131 hammaddeler belirli besleme deliklerine yerle\u015ftirilmelidir.<\/p>  <\/div> <\/div> <\/div> <\/div>   <p><br><\/p>","protected":false},"excerpt":{"rendered":"<p>Bu, hem saman do\u011fray\u0131c\u0131 hem de tah\u0131l k\u0131r\u0131c\u0131 makinesi olan bir kombine makinedir, bu sadece otu kesmekle kalmaz, ayn\u0131 zamanda tah\u0131llar\u0131 da k\u0131rabilir. Koyun, inek ve tavuk \u00e7iftliklerinde yayg\u0131n olarak kullan\u0131lmaktad\u0131r.<\/p>","protected":false},"author":1,"featured_media":0,"parent":0,"comment_status":"closed","ping_status":"closed","template":"","tags":[832,591],"product-type":[912],"class_list":["post-230","product","type-product","status-publish","hentry","tag-chaff","tag-silage","product-type-chaff-cutter"],"_links":{"self":[{"href":"https:\/\/www.agriculture-machine.com\/tr\/wp-json\/wp\/v2\/product\/230","targetHints":{"allow":["GET"]}}],"collection":[{"href":"https:\/\/www.agriculture-machine.com\/tr\/wp-json\/wp\/v2\/product"}],"about":[{"href":"https:\/\/www.agriculture-machine.com\/tr\/wp-json\/wp\/v2\/types\/product"}],"author":[{"embeddable":true,"href":"https:\/\/www.agriculture-machine.com\/tr\/wp-json\/wp\/v2\/users\/1"}],"replies":[{"embeddable":true,"href":"https:\/\/www.agriculture-machine.com\/tr\/wp-json\/wp\/v2\/comments?post=230"}],"wp:attachment":[{"href":"https:\/\/www.agriculture-machine.com\/tr\/wp-json\/wp\/v2\/media?parent=230"}],"wp:term":[{"taxonomy":"post_tag","embeddable":true,"href":"https:\/\/www.agriculture-machine.com\/tr\/wp-json\/wp\/v2\/tags?post=230"},{"taxonomy":"product-type","embeddable":true,"href":"https:\/\/www.agriculture-machine.com\/tr\/wp-json\/wp\/v2\/product-type?post=230"}],"curies":[{"name":"wp","href":"https:\/\/api.w.org\/{rel}","templated":true}]}}