{"id":240,"date":"2018-07-12T07:48:04","date_gmt":"2018-07-11T23:48:04","guid":{"rendered":"https:\/\/www.agriculture-machine.com\/?p=240"},"modified":"2024-09-18T16:13:05","modified_gmt":"2024-09-18T08:13:05","slug":"small-thresher-for-rice-wheat-beans-sorghum-millet","status":"publish","type":"product","link":"https:\/\/www.agriculture-machine.com\/tr\/small-thresher-for-rice-wheat-beans-sorghum-millet\/","title":{"rendered":"Pirincin, bu\u011fday\u0131n, fasulyenin, sorgumun, dar\u0131 \/ bu\u011fday ay\u0131klama makinesi"},"content":{"rendered":"<p class=\"translation-block\">Bu <strong>bu\u011fday de\u011firmeni<\/strong> k\u00fc\u00e7\u00fckt\u00fcr ve hafiftir, fakat y\u00fcksek kapasiteye sahiptir. Farkl\u0131 ekranlar de\u011fi\u015ftirildi\u011finde farkl\u0131 hammaddelere uyacak \u015fekilde ayarlanabilir, bu y\u00fczden ba\u015fka de\u011firmenler sat\u0131nman\u0131za gerek kalmaz, bir\u00e7ok \u00fclkeden \u00e7ift\u00e7iler taraf\u0131ndan geni\u015f \u00e7apta uygulan\u0131r. Bu\u011fday de\u011firmeni motor, dizel motor ve benzinli motor ile \u00e7al\u0131\u015fabilir, m\u00fc\u015fterinin farkl\u0131 isteklerini kar\u015f\u0131lar.<\/p> <p>E\u011fer siz bir \u00e7ift\u00e7iyseniz ve pirin\u00e7, bu\u011fday, fasulye, \u00e7avdar veya arpa ekiyorsan\u0131z. Ki\u015fisel olarak s\u00f6ylemek gerekirse, bu \u00fcr\u00fcnler g\u00fcnl\u00fck hayat\u0131m\u0131zda nereden geldi\u011finize bakmaks\u0131z\u0131n yayg\u0131nd\u0131r. Bunlar\u0131 \u00f6\u011f\u00fctmek i\u00e7in bir bu\u011fday de\u011firmeni ar\u0131yorsan\u0131z, neden bu k\u00fc\u00e7\u00fck boyutlu de\u011firmene bakm\u0131yorsunuz? B\u00f6yle bir bu\u011fday de\u011firmeni alman\u0131n pi\u015fmanl\u0131k verece\u011fini sanm\u0131yorum \u00e7\u00fcnk\u00fc size bir\u00e7ok i\u015fi yapmada yard\u0131mc\u0131 olabilir.<\/p> <p><img loading=\"lazy\" decoding=\"async\" class=\"alignnone wp-image-2962\" src=\"https:\/\/www.agriculture-machine.com\/wp-content\/uploads\/2018\/07\/wheat-thresher-machine-2.jpg\" alt=\"\" width=\"582\" height=\"698\" srcset=\"https:\/\/www.agriculture-machine.com\/wp-content\/uploads\/2018\/07\/wheat-thresher-machine-2.jpg 750w, https:\/\/www.agriculture-machine.com\/wp-content\/uploads\/2018\/07\/wheat-thresher-machine-2-225x270.jpg 225w, https:\/\/www.agriculture-machine.com\/wp-content\/uploads\/2018\/07\/wheat-thresher-machine-2-450x540.jpg 450w\" sizes=\"auto, (max-width: 582px) 100vw, 582px\" \/><\/p> <div class=\"img\"> <p>&nbsp;<\/p> <p>&nbsp;<\/p> <h2>Bu\u011fday de\u011firmeni i\u00e7in teknik parametreler<\/h2> <table> <tbody> <tr> <td width=\"284\">Model<\/td> <td width=\"284\">SL-50<\/td> <\/tr> <tr> <td width=\"284\">G\u00fc\u00e7<\/td> <td width=\"284\">3kW motor, benzinli motor veya 8HP dizel motor<\/td> <\/tr> <tr> <td width=\"284\">Kapasite<\/td> <td width=\"284\">400-500kg\/h<\/td> <\/tr> <tr> <td width=\"284\">A\u011f\u0131rl\u0131k<\/td> <td width=\"284\">50kg<\/td> <\/tr> <tr> <td width=\"284\">Boyut<\/td> <td width=\"284\">980mm*500mm*1200mm<\/td> <\/tr> <\/tbody> <\/table> <h2>Bu\u011fday ay\u0131klay\u0131c\u0131s\u0131n\u0131n avantaj\u0131<\/h2> <ol> <li>K\u00fc\u00e7\u00fck boy. Evde bireysel kullan\u0131ma \u00e7ok uygun.<\/li> <li>Hafif. A\u011f\u0131rl\u0131\u011f\u0131 sadece 50 kg, bu y\u00fczden \u00e7ift\u00e7iler i\u00e7in kolay ta\u015f\u0131ma.<\/li> <li>\u00c7oklu fonksiyonlar. sat\u0131l\u0131k bu\u011fday de\u011firmeni aral\u0131\u011f\u0131 pirin\u00e7, fasulye, \u00e7avdar, arpa ve bu\u011fday\u0131 \u00f6\u011f\u00fctebilir.<\/li> <li>Y\u00fcksek de\u011firmen oran\u0131. Kabu\u011fun i\u00e7inde neredeyse hi\u00e7 \u00e7ekirdek kalmaz.<\/li> <li>D\u00fc\u015f\u00fck kay\u0131p oran\u0131. %2\u2019yi ge\u00e7mez.<\/li> <li>Bu\u011fday de\u011firmeni kararl\u0131 \u00e7al\u0131\u015fabilir, kullan\u0131m\u0131 ve bak\u0131m\u0131 kolayd\u0131r.<\/li> <li>d\u00fc\u015f\u00fck fiyat ama y\u00fcksek k\u00e2r.<\/li> <\/ol> <p><img loading=\"lazy\" decoding=\"async\" class=\"alignnone wp-image-2967\" src=\"https:\/\/www.agriculture-machine.com\/wp-content\/uploads\/2018\/07\/wheat-thresher-machine-7.jpg\" alt=\"\" width=\"609\" height=\"731\" srcset=\"https:\/\/www.agriculture-machine.com\/wp-content\/uploads\/2018\/07\/wheat-thresher-machine-7.jpg 750w, https:\/\/www.agriculture-machine.com\/wp-content\/uploads\/2018\/07\/wheat-thresher-machine-7-225x270.jpg 225w, https:\/\/www.agriculture-machine.com\/wp-content\/uploads\/2018\/07\/wheat-thresher-machine-7-450x540.jpg 450w\" sizes=\"auto, (max-width: 609px) 100vw, 609px\" \/><\/p> <p><img loading=\"lazy\" decoding=\"async\" class=\"alignnone wp-image-2968\" src=\"https:\/\/www.agriculture-machine.com\/wp-content\/uploads\/2018\/07\/wheat-thresher-machine-8.jpg\" alt=\"\" width=\"606\" height=\"727\" srcset=\"https:\/\/www.agriculture-machine.com\/wp-content\/uploads\/2018\/07\/wheat-thresher-machine-8.jpg 750w, https:\/\/www.agriculture-machine.com\/wp-content\/uploads\/2018\/07\/wheat-thresher-machine-8-225x270.jpg 225w, https:\/\/www.agriculture-machine.com\/wp-content\/uploads\/2018\/07\/wheat-thresher-machine-8-450x540.jpg 450w\" sizes=\"auto, (max-width: 606px) 100vw, 606px\" \/><\/p> <h2>Bu\u011fday de\u011firmeni ile ilgili ba\u015far\u0131l\u0131 vaka<\/h2> <p class=\"translation-block\"><strong><span style=\"color: #ff0000\">Durum bir<\/span><\/strong><\/p> <p>2018 y\u0131l\u0131nda Tanzanya\u2019ya 15000 adet sorghum de\u011firmeni teslim ettik; bunlar 3 ay i\u00e7inde tamamland\u0131. A\u015fa\u011f\u0131daki resimlerde makinelerin konteynere y\u00fcklenmeye ba\u015fland\u0131\u011f\u0131 g\u00f6r\u00fclebilir. G\u00fcvenini kazand\u0131ktan sonra talep oldu\u011funda art\u0131k tar\u0131m makinelerini bizden al\u0131yor.<\/p> <p class=\"translation-block\"><strong><span style=\"color: #ff0000;\">Case two<\/span><\/strong><br \/> 10 sets wheat thresher are delivered to America last week, and this customer wants to thresh beans. We installed the beans screen for him so that he can use machine directly after receiving it. In addition, due to the first cooperation, my factory sent him 3 different screens for free.<\/p> <p><img loading=\"lazy\" decoding=\"async\" class=\"alignnone wp-image-2971\" src=\"https:\/\/www.agriculture-machine.com\/wp-content\/uploads\/2018\/07\/wheat-sheller-1.jpg\" alt=\"\" width=\"643\" height=\"643\" srcset=\"https:\/\/www.agriculture-machine.com\/wp-content\/uploads\/2018\/07\/wheat-sheller-1.jpg 750w, https:\/\/www.agriculture-machine.com\/wp-content\/uploads\/2018\/07\/wheat-sheller-1-270x270.jpg 270w, https:\/\/www.agriculture-machine.com\/wp-content\/uploads\/2018\/07\/wheat-sheller-1-540x540.jpg 540w\" sizes=\"auto, (max-width: 643px) 100vw, 643px\" \/><\/p> <p>&nbsp;<\/p> <p><img loading=\"lazy\" decoding=\"async\" class=\"alignnone wp-image-2972\" src=\"https:\/\/www.agriculture-machine.com\/wp-content\/uploads\/2018\/07\/wheat-sheller-2.jpg\" alt=\"\" width=\"641\" height=\"641\" srcset=\"https:\/\/www.agriculture-machine.com\/wp-content\/uploads\/2018\/07\/wheat-sheller-2.jpg 750w, https:\/\/www.agriculture-machine.com\/wp-content\/uploads\/2018\/07\/wheat-sheller-2-270x270.jpg 270w, https:\/\/www.agriculture-machine.com\/wp-content\/uploads\/2018\/07\/wheat-sheller-2-540x540.jpg 540w\" sizes=\"auto, (max-width: 641px) 100vw, 641px\" \/><\/p> <h2>SSS<\/h2> <ol> <li>Bu pirin\u00e7 de\u011firmeninin kapasitesi nedir?<\/li> <\/ol> <p>Kapasitesi 400-500kg\/saat\u2019tir<\/p> <ol start=\"2\"> <li>Hammaddesi nedir?<\/li> <\/ol> <p>Bunu pirin\u00e7, arpa, \u00e7avdar, pirin\u00e7, fasulye \u00f6\u011f\u00fctmede kullanabilirsiniz.<\/p> <ol start=\"3\"> <li>Do\u011fru motoru nas\u0131l se\u00e7erim?<\/li> <\/ol> <p>\u0130nsanlar genellikle ucuz olan 3 kW motor kullan\u0131r ve bu motor ayr\u0131ca benzinli motor veya 8 HP dizel motorla donat\u0131labilir.<\/p> <ol start=\"4\"> <li>\u00c7ok i\u015flevli bir de\u011firmeni oldu\u011fundan \u00fccretsiz olarak be\u015f ekrana m\u0131 g\u00f6ndereceksiniz?<\/li> <\/ol> <p>Makineye bir ekran \u00fccretsiz olarak takaca\u011f\u0131z, ancak di\u011fer d\u00f6rt ekran i\u00e7in ek \u00f6deme yapmal\u0131s\u0131n\u0131z.<\/p> <ol start=\"5\"> <li>Ba\u015fka yedek par\u00e7alara ihtiyac\u0131m var m\u0131?<\/li> <\/ol> <p>Bir\u00e7ok \u00fcr\u00fcn\u00fc \u00f6\u011f\u00fctlemek istiyorsan\u0131z ek ekranlar almak daha iyidir.<\/p> <ol start=\"6\"> <li>\u00c7ok b\u00fcy\u00fck tarlam varsa kapasitesi daha y\u00fcksek mi?<\/li> <\/ol> <p>Evet, tabii ki 800-1000 kg\/saat kapasiteli de\u011firmenimiz de var, daha fazla t\u00fcr i\u00e7in bizimle ileti\u015fime ge\u00e7in.<\/p> <ol start=\"7\"> <li>Hangi \u00fclkelerde bu\u011fday de\u011firmeni sat\u0131\u015f\u0131 yapt\u0131n\u0131z?<\/li> <\/ol> <p>Son y\u0131llarda bu fasulye de\u011firmenlerini Nijerya, G\u00fcney Afrika, Tanzanya, Pakistan, Amerika, Malezya, Vietnam, Ekvador, Sudan, Kongo vb. bir\u00e7ok \u00fclkeye ihra\u00e7 ettik.<\/p> <p>&nbsp;<\/p> <\/div>","protected":false},"excerpt":{"rendered":"<p>This wheat thresher has small size and light weight, but boasts high capacity. By changing different screens, it can fit for different raw materials, so you don\u2019t need to buy other threshers, widely applying to thresh many crops. Therefore, it is favored by many farmers from different countries. The wheat thresher can work with motor, [&hellip;]<\/p>\n","protected":false},"author":1,"featured_media":0,"parent":0,"comment_status":"closed","ping_status":"closed","template":"","tags":[2614],"product-type":[894],"class_list":["post-240","product","type-product","status-publish","hentry","tag-thresher","product-type-rice-and-wheat-thresher"],"_links":{"self":[{"href":"https:\/\/www.agriculture-machine.com\/tr\/wp-json\/wp\/v2\/product\/240","targetHints":{"allow":["GET"]}}],"collection":[{"href":"https:\/\/www.agriculture-machine.com\/tr\/wp-json\/wp\/v2\/product"}],"about":[{"href":"https:\/\/www.agriculture-machine.com\/tr\/wp-json\/wp\/v2\/types\/product"}],"author":[{"embeddable":true,"href":"https:\/\/www.agriculture-machine.com\/tr\/wp-json\/wp\/v2\/users\/1"}],"replies":[{"embeddable":true,"href":"https:\/\/www.agriculture-machine.com\/tr\/wp-json\/wp\/v2\/comments?post=240"}],"wp:attachment":[{"href":"https:\/\/www.agriculture-machine.com\/tr\/wp-json\/wp\/v2\/media?parent=240"}],"wp:term":[{"taxonomy":"post_tag","embeddable":true,"href":"https:\/\/www.agriculture-machine.com\/tr\/wp-json\/wp\/v2\/tags?post=240"},{"taxonomy":"product-type","embeddable":true,"href":"https:\/\/www.agriculture-machine.com\/tr\/wp-json\/wp\/v2\/product-type?post=240"}],"curies":[{"name":"wp","href":"https:\/\/api.w.org\/{rel}","templated":true}]}}