{"id":250,"date":"2018-07-12T07:56:10","date_gmt":"2018-07-11T23:56:10","guid":{"rendered":"https:\/\/www.agriculture-machine.com\/?p=250"},"modified":"2024-09-18T16:16:44","modified_gmt":"2024-09-18T08:16:44","slug":"big-thresher-for-rice-wheat-beans-sorghum-millet","status":"publish","type":"product","link":"https:\/\/www.agriculture-machine.com\/tr\/big-thresher-for-rice-wheat-beans-sorghum-millet\/","title":{"rendered":"Pirinc, bu\u011fday, dar\u0131 i\u00e7in ay\u0131klay\u0131c\u0131"},"content":{"rendered":"<h2 class=\"wp-block-heading\">Pirin\u00e7 ay\u0131klama makinesi<\/h2>    <p class=\"translation-block\">SL-125<strong>\u00a0<a href=\"https:\/\/www.agriculture-machine.com\/tr\/multifunctional-thresher-machine\/\">pirin\u00e7 ay\u0131klama makinesi<\/a><\/strong> b\u00fcy\u00fck boyutlu bir makinedir ve pirincin kabu\u011funu ay\u0131klayarak temiz pirin\u00e7 taneleri elde etmek i\u00e7in kullan\u0131l\u0131r. Di\u011fer ay\u0131klay\u0131c\u0131larla kar\u015f\u0131la\u015ft\u0131r\u0131ld\u0131\u011f\u0131nda, dar\u0131, sorgum ve fasulye i\u00e7in de kullan\u0131labilir. Son zamanlarda, G\u00fcney Afrika, Nijerya, Amerika, Pakistan, Hindistan, Avustralya vb. gibi di\u011fer \u00fclkelere bir\u00e7ok konteyner pirin\u00e7 ay\u0131klama makinesi satt\u0131k ve iyi geri bildirimler ald\u0131k.<\/p>    <figure class=\"wp-block-embed aligncenter is-type-video is-provider-youtube wp-block-embed-youtube wp-embed-aspect-16-9 wp-has-aspect-ratio\"><div class=\"wp-block-embed__wrapper\"> <iframe loading=\"lazy\" title=\"\u0641\u064a\u062f\u064a\u0648 \u0631\u062f\u0648\u062f \u0627\u0644\u0641\u0639\u0644 \u0639\u0644\u0649 \u0622\u0644\u0629 \u062f\u0631\u0633 \u0627\u0644\u0623\u0631\u0632 \/ \u0622\u0644\u0629 \u062f\u0631\u0633 \u0627\u0644\u0642\u0645\u062d \/ \u0622\u0644\u0629 \u062f\u0631\u0633 \u0627\u0644\u062f\u062e\u0646 \u0648\u0627\u0644\u0630\u0631\u0629 \u0627\u0644\u0631\u0641\u064a\u0639\u0629 \/ \u0622\u0644\u0629 \u0627\u0644\u062f\u0631\u0633\" width=\"500\" height=\"281\" src=\"https:\/\/www.youtube.com\/embed\/OhbHTPxLlCM?feature=oembed\" frameborder=\"0\" allow=\"accelerometer; autoplay; clipboard-write; encrypted-media; gyroscope; picture-in-picture; web-share\" referrerpolicy=\"strict-origin-when-cross-origin\" allowfullscreen><\/iframe> <\/div><figcaption class=\"wp-element-caption\">pirin\u00e7 ay\u0131klama makinesi geri bildirim \u00e7al\u0131\u015fma videosu<\/figcaption><\/figure>    <h2 class=\"wp-block-heading\">Pirin\u00e7 ay\u0131klama makinesinin uygulamas\u0131<\/h2>    <p>Bizim ay\u0131klay\u0131c\u0131 pirin\u00e7\u00a0pirin\u00e7, bu\u011fday, sorgum, dar\u0131 ve fasulye ay\u0131klayabilir ve kullan\u0131c\u0131lar farkl\u0131 ama\u00e7lara uygun olmas\u0131 i\u00e7in makinenin i\u00e7indeki ekran\u0131 de\u011fi\u015ftirmelidir.<\/p>    <figure class=\"wp-block-image aligncenter wp-image-2859\"><img loading=\"lazy\" decoding=\"async\" width=\"750\" height=\"750\" src=\"https:\/\/www.agriculture-machine.com\/wp-content\/uploads\/2019\/03\/wheat-rice-thresher-2.jpg\" alt=\"pirin\u00e7 ay\u0131klama makinesi\" class=\"wp-image-2859\" srcset=\"https:\/\/www.agriculture-machine.com\/wp-content\/uploads\/2019\/03\/wheat-rice-thresher-2.jpg 750w, https:\/\/www.agriculture-machine.com\/wp-content\/uploads\/2019\/03\/wheat-rice-thresher-2-270x270.jpg 270w, https:\/\/www.agriculture-machine.com\/wp-content\/uploads\/2019\/03\/wheat-rice-thresher-2-540x540.jpg 540w\" sizes=\"auto, (max-width: 750px) 100vw, 750px\" \/><figcaption class=\"wp-element-caption\">pirin\u00e7 ay\u0131klama makinesi<\/figcaption><\/figure>    <h2 class=\"wp-block-heading\">Pirincin ana yap\u0131s\u0131<\/h2>    <p>Bu bu\u011fday ay\u0131klama makinesi\u00a0ba\u015fl\u0131ca bir besleme haznesi, silindir, ekran, tekerlekler, \u00e7eki\u015f fan\u0131 vb. i\u00e7erir, makul tasar\u0131ma sahiptir ve tekerlekleriyle ta\u015f\u0131nmas\u0131 kolayd\u0131r.<\/p>    <h2 class=\"wp-block-heading\">Pirincin harman makinesinin teknik parametreleri<\/h2>    <figure class=\"wp-block-table is-style-stripes\"><table><tbody><tr><td>Model<\/td><td>SL-125<\/td><\/tr><tr><td>Hammadde<\/td><td>Pirin\u00e7, bu\u011fday, fasulye, sorgum, dar\u0131<\/td><\/tr><tr><td>G\u00fc\u00e7<\/td><td>3kw motor<\/td><\/tr><tr><td>Motor<\/td><td>Bir benzinli motor veya 12Hp dizel motor<\/td><\/tr><tr><td>Kapasite<\/td><td>800-1000kg\/h<\/td><\/tr><tr><td>A\u011f\u0131rl\u0131k<\/td><td>400kg<\/td><\/tr><tr><td>Boyut<\/td><td>1340*2030*1380mm<\/td><\/tr><\/tbody><\/table><figcaption class=\"wp-element-caption\">pirin\u00e7 ay\u0131klama makinesi teknik verileri<\/figcaption><\/figure>    <h2 class=\"wp-block-heading\">Pirincin harman makinesinin \u00e7al\u0131\u015fma prensibi<\/h2>    <ol class=\"wp-block-list\"> <li>Pirinci, bu\u011fday\u0131, sorgumu, dar\u0131y\u0131 veya fasulyeyi giri\u015fe koyun.<\/li>    <li>Ay\u0131klama b\u00f6l\u00fcm\u00fcne girdiklerinde, iki silindirin s\u00fcrt\u00fcnmesi alt\u0131nda taneler tamamen ayr\u0131l\u0131r.<\/li>    <li>Sonra taneler ekran taraf\u0131ndan filtrelenir ve son giri\u015ften \u00e7\u0131kar.<\/li>    <li>\u00c7eki\u015f, kabuk ve saman gibi di\u011fer kirleri \u00fcfleyen hava \u00fcfleme fonksiyonu.<\/li> <\/ol>    <figure class=\"wp-block-image aligncenter wp-image-2864 size-full\"><img loading=\"lazy\" decoding=\"async\" width=\"2560\" height=\"1707\" src=\"https:\/\/www.agriculture-machine.com\/wp-content\/uploads\/2019\/03\/wheat-rice-thresher-6.jpg\" alt=\"bu\u011fday harman makinesi\" class=\"wp-image-2864\" srcset=\"https:\/\/www.agriculture-machine.com\/wp-content\/uploads\/2019\/03\/wheat-rice-thresher-6.jpg 2560w, https:\/\/www.agriculture-machine.com\/wp-content\/uploads\/2019\/03\/wheat-rice-thresher-6-360x240.jpg 360w, https:\/\/www.agriculture-machine.com\/wp-content\/uploads\/2019\/03\/wheat-rice-thresher-6-720x480.jpg 720w, https:\/\/www.agriculture-machine.com\/wp-content\/uploads\/2019\/03\/wheat-rice-thresher-6-768x512.jpg 768w, https:\/\/www.agriculture-machine.com\/wp-content\/uploads\/2019\/03\/wheat-rice-thresher-6-1536x1024.jpg 1536w, https:\/\/www.agriculture-machine.com\/wp-content\/uploads\/2019\/03\/wheat-rice-thresher-6-2048x1366.jpg 2048w\" sizes=\"auto, (max-width: 2560px) 100vw, 2560px\" \/><figcaption class=\"wp-element-caption\">bu\u011fday harman makinesi<\/figcaption><\/figure>    <h2 class=\"wp-block-heading\">Bu\u011fday ay\u0131klay\u0131c\u0131s\u0131n\u0131n avantaj\u0131<\/h2>    <ol class=\"wp-block-list\"> <li>High threshing rate. The threshing rate can reach 98% and the final kernels are very clean.<\/li>    <li>\u00c7ok fonksiyonlu \u00f6zellikler. Bu pirin\u00e7 ay\u0131klama makinesi pirin\u00e7, bu\u011fday, sorgum, dar\u0131 ve fasulye i\u00e7in uygundur.<\/li>    <li>Bu\u011fday ay\u0131klay\u0131c\u0131 kullan\u0131m\u0131 kolayd\u0131r ve \u00e7\u0131k\u0131\u015f a\u011fz\u0131 g\u00fc\u00e7l\u00fc bir \u00fcfleyici ve titre\u015fimli ekranla donat\u0131lm\u0131\u015ft\u0131r, bu da kirleri daha da \u00fcflerken olduk\u00e7a temiz \u00e7ekirdekleri filtreler.<\/li>    <li>Y\u00fcksek kapasitesi 1000kg\/h olan dar\u0131 ay\u0131klama makinesi, Afrika pazar\u0131nda \u00e7ok pop\u00fclerdir, her y\u0131l oraya 10.000\u2019den fazla par\u00e7a tedarik ediyoruz.<\/li> <\/ol>    <figure class=\"wp-block-image aligncenter wp-image-2865\"><img loading=\"lazy\" decoding=\"async\" width=\"2560\" height=\"1707\" src=\"https:\/\/www.agriculture-machine.com\/wp-content\/uploads\/2019\/03\/wheat-rice-thresher-7.jpg\" alt=\"bu\u011fday harman makinesi\" class=\"wp-image-2865\" srcset=\"https:\/\/www.agriculture-machine.com\/wp-content\/uploads\/2019\/03\/wheat-rice-thresher-7.jpg 2560w, https:\/\/www.agriculture-machine.com\/wp-content\/uploads\/2019\/03\/wheat-rice-thresher-7-360x240.jpg 360w, https:\/\/www.agriculture-machine.com\/wp-content\/uploads\/2019\/03\/wheat-rice-thresher-7-720x480.jpg 720w, https:\/\/www.agriculture-machine.com\/wp-content\/uploads\/2019\/03\/wheat-rice-thresher-7-768x512.jpg 768w, https:\/\/www.agriculture-machine.com\/wp-content\/uploads\/2019\/03\/wheat-rice-thresher-7-1536x1024.jpg 1536w, https:\/\/www.agriculture-machine.com\/wp-content\/uploads\/2019\/03\/wheat-rice-thresher-7-2048x1366.jpg 2048w\" sizes=\"auto, (max-width: 2560px) 100vw, 2560px\" \/><figcaption class=\"wp-element-caption\">bu\u011fday harman makinesi<\/figcaption><\/figure>    <h2 class=\"wp-block-heading\">Ba\u015far\u0131 hikayesi<\/h2>    <p>Sat\u0131\u015fa haz\u0131r paketlenmi\u015f bir bu\u011fday ay\u0131klay\u0131c\u0131 makinesinin resmi ve Nijerya\u2019ya teslim edilmesi gerekiyor. Bu m\u00fc\u015fteri 2018\u2019de 2000 set pirin\u00e7 ay\u0131klama makinesi sat\u0131n ald\u0131 ve bu sipari\u015fin g\u00fcvenli \u00fcretim ve teslimat\u0131 i\u00e7in b\u00fcy\u00fck \u00f6nem verdik.<\/p>    <figure class=\"wp-block-image aligncenter wp-image-2862\"><img loading=\"lazy\" decoding=\"async\" width=\"750\" height=\"750\" src=\"https:\/\/www.agriculture-machine.com\/wp-content\/uploads\/2019\/03\/wheat-rice-thresher-5.jpg\" alt=\"pirin\u00e7 ay\u0131klama makinesi teslimat yeri\" class=\"wp-image-2862\" srcset=\"https:\/\/www.agriculture-machine.com\/wp-content\/uploads\/2019\/03\/wheat-rice-thresher-5.jpg 750w, https:\/\/www.agriculture-machine.com\/wp-content\/uploads\/2019\/03\/wheat-rice-thresher-5-270x270.jpg 270w, https:\/\/www.agriculture-machine.com\/wp-content\/uploads\/2019\/03\/wheat-rice-thresher-5-540x540.jpg 540w\" sizes=\"auto, (max-width: 750px) 100vw, 750px\" \/><figcaption class=\"wp-element-caption\">pirin\u00e7 ay\u0131klama makinesi teslimat yeri<\/figcaption><\/figure>    <p>Makinalar\u0131n sakland\u0131\u011f\u0131 alan ve burada yerel \u00e7ift\u00e7ilere da\u011f\u0131t\u0131l\u0131r, \u00e7al\u0131\u015fma verimliliklerini art\u0131rmaya yard\u0131mc\u0131 olur.<\/p>    <figure class=\"wp-block-image aligncenter wp-image-2861\"><img loading=\"lazy\" decoding=\"async\" width=\"750\" height=\"750\" src=\"https:\/\/www.agriculture-machine.com\/wp-content\/uploads\/2019\/03\/wheat-rice-thresher-4.jpg\" alt=\"dar\u0131 ay\u0131klama makinesi kullanma alan\u0131\" class=\"wp-image-2861\" srcset=\"https:\/\/www.agriculture-machine.com\/wp-content\/uploads\/2019\/03\/wheat-rice-thresher-4.jpg 750w, https:\/\/www.agriculture-machine.com\/wp-content\/uploads\/2019\/03\/wheat-rice-thresher-4-270x270.jpg 270w, https:\/\/www.agriculture-machine.com\/wp-content\/uploads\/2019\/03\/wheat-rice-thresher-4-540x540.jpg 540w\" sizes=\"auto, (max-width: 750px) 100vw, 750px\" \/><figcaption class=\"wp-element-caption\">dar\u0131 ay\u0131klama makinesi kullanma alan\u0131<\/figcaption><\/figure>    <h2 class=\"wp-block-heading\">SSS<\/h2>   <div id=\"rank-math-faq\" class=\"rank-math-block\"> <div class=\"rank-math-list\"> <div id=\"faq-question-1712114956297\" class=\"rank-math-list-item\"> <h3 class=\"rank-math-question\">Bu ay\u0131klay\u0131c\u0131n\u0131n hammaddesi nedir?<\/h3> <div class=\"rank-math-answer\">  <p class=\"translation-block\">Hammadde pirin\u00e7, bu\u011fday, fasulye, sorgum ve <a href=\"https:\/\/en.wikipedia.org\/wiki\/Millet\" target=\"_blank\" rel=\"noopener\">dar\u0131<\/a> olabilir.<\/p>  <\/div> <\/div> <div id=\"faq-question-1712114960765\" class=\"rank-math-list-item\"> <h3 class=\"rank-math-question\">Neden bir makine bir\u00e7ok \u00fcr\u00fcn\u00fc ay\u0131klar?<\/h3> <div class=\"rank-math-answer\">  <p>Makinenin i\u00e7indeki ekran de\u011fi\u015ftirilebilir.<br \/>A\u015fa\u011f\u0131daki resim gibi bir\u00e7ok ekran\u0131m\u0131z var.<\/p>  <\/div> <\/div> <\/div> <\/div>   <figure class=\"wp-block-image aligncenter is-resized wp-image-2866\"><img loading=\"lazy\" decoding=\"async\" width=\"750\" height=\"750\" src=\"https:\/\/www.agriculture-machine.com\/wp-content\/uploads\/2019\/03\/wheat-rice-thresher-9.jpg\" alt=\"bu\u011fday ay\u0131klay\u0131c\u0131s\u0131n\u0131n ekranlar\u0131\" class=\"wp-image-2866\" style=\"width:750px;height:auto\" srcset=\"https:\/\/www.agriculture-machine.com\/wp-content\/uploads\/2019\/03\/wheat-rice-thresher-9.jpg 750w, https:\/\/www.agriculture-machine.com\/wp-content\/uploads\/2019\/03\/wheat-rice-thresher-9-270x270.jpg 270w, https:\/\/www.agriculture-machine.com\/wp-content\/uploads\/2019\/03\/wheat-rice-thresher-9-540x540.jpg 540w\" sizes=\"auto, (max-width: 750px) 100vw, 750px\" \/><figcaption class=\"wp-element-caption\">bu\u011fday ay\u0131klay\u0131c\u0131s\u0131n\u0131n ekranlar\u0131<\/figcaption><\/figure>   <div id=\"rank-math-faq\" class=\"rank-math-block\"> <div class=\"rank-math-list\"> <div id=\"faq-question-1712114994043\" class=\"rank-math-list-item\"> <h3 class=\"rank-math-question\">Farkl\u0131 bir makineye ge\u00e7mek kolay m\u0131?<\/h3> <div class=\"rank-math-answer\">  <p>Evet, de\u011fi\u015ftirmesi kolayd\u0131r ve sadece ay\u0131klay\u0131c\u0131n\u0131n i\u00e7indeki vidalar\u0131 gev\u015fetmeniz gerekir.<\/p>  <\/div> <\/div> <div id=\"faq-question-1712114997620\" class=\"rank-math-list-item\"> <h3 class=\"rank-math-question\">Bir makine al\u0131rsam bana be\u015f ekran g\u00f6nderir misiniz?<\/h3> <div class=\"rank-math-answer\">  <p>Size sadece bir ekran \u00fccretsiz g\u00f6nderiyoruz ve daha fazlas\u0131n\u0131 almak i\u00e7in ek \u00fccret \u00f6demeniz gerekir. Bir ekran 20 dolar tutar.<\/p>  <\/div> <\/div> <\/div> <\/div>","protected":false},"excerpt":{"rendered":"<p>SL-125 pirin\u00e7 ay\u0131klama makinesi b\u00fcy\u00fck boyutlu bir makinedir, di\u011fer ay\u0131klay\u0131c\u0131lara k\u0131yasla ve pirin\u00e7, dar\u0131, sorgum ve fasulye i\u00e7in kullan\u0131labilir.<\/p>","protected":false},"author":1,"featured_media":0,"parent":0,"comment_status":"closed","ping_status":"closed","template":"","tags":[94,796,2614,158],"product-type":[894],"class_list":["post-250","product","type-product","status-publish","hentry","tag-millet","tag-rice","tag-thresher","tag-wheat","product-type-rice-and-wheat-thresher"],"_links":{"self":[{"href":"https:\/\/www.agriculture-machine.com\/tr\/wp-json\/wp\/v2\/product\/250","targetHints":{"allow":["GET"]}}],"collection":[{"href":"https:\/\/www.agriculture-machine.com\/tr\/wp-json\/wp\/v2\/product"}],"about":[{"href":"https:\/\/www.agriculture-machine.com\/tr\/wp-json\/wp\/v2\/types\/product"}],"author":[{"embeddable":true,"href":"https:\/\/www.agriculture-machine.com\/tr\/wp-json\/wp\/v2\/users\/1"}],"replies":[{"embeddable":true,"href":"https:\/\/www.agriculture-machine.com\/tr\/wp-json\/wp\/v2\/comments?post=250"}],"wp:attachment":[{"href":"https:\/\/www.agriculture-machine.com\/tr\/wp-json\/wp\/v2\/media?parent=250"}],"wp:term":[{"taxonomy":"post_tag","embeddable":true,"href":"https:\/\/www.agriculture-machine.com\/tr\/wp-json\/wp\/v2\/tags?post=250"},{"taxonomy":"product-type","embeddable":true,"href":"https:\/\/www.agriculture-machine.com\/tr\/wp-json\/wp\/v2\/product-type?post=250"}],"curies":[{"name":"wp","href":"https:\/\/api.w.org\/{rel}","templated":true}]}}