{"id":253,"date":"2018-07-12T08:01:38","date_gmt":"2018-07-12T00:01:38","guid":{"rendered":"https:\/\/www.agriculture-machine.com\/?p=253"},"modified":"2024-09-18T16:05:45","modified_gmt":"2024-09-18T08:05:45","slug":"kenaf-decorticator","status":"publish","type":"product","link":"https:\/\/www.agriculture-machine.com\/tr\/kenaf-decorticator\/","title":{"rendered":"Kenaf j\u00fct keten ay\u0131klama makinesi \/ Kenaf ay\u0131klama makinesi"},"content":{"rendered":"<h2>Kenevir ay\u0131r\u0131c\u0131'n\u0131n k\u0131sa tan\u0131t\u0131m\u0131.<\/h2> <p class=\"translation-block\">Our <strong>hemp cutter machine<\/strong> is to use to extract the fiber of hemp, jute, kenaf, ramie, etc. With two big wheels, the machine is easy to move. The cleaning rate can reach 96% without any damage to the fiber itself. Hemp decorticator is suitable for processing plant fibers of hemp, jute, kenaf and red ramie in agriculture. It can be used for both dry and wet Raw materials and is convenient for your use.<\/p> <div align=\"center\"><\/div> <h2>Kenevir ay\u0131r\u0131c\u0131'n\u0131n ana yap\u0131s\u0131.<\/h2> <p>Kenaf ay\u0131r\u0131c\u0131, esasen bir \u00e7er\u00e7eve, b\u0131\u00e7ak, b\u0131\u00e7ak plakas\u0131, besleme a\u011fz\u0131, g\u00fcvenlik kapa\u011f\u0131, \u00e7ift silindir, bo\u015faltma konvey\u00f6r\u00fc vb. bile\u015fenlerden olu\u015fur.<br \/> Makinenin i\u00e7 k\u0131sm\u0131 (silindirlerin farkl\u0131 a\u00e7\u0131lar\u0131)<\/p> <div id='gallery-1' class='gallery galleryid-253 gallery-columns-2 gallery-size-thumbnail'><figure class='gallery-item'> \t\t\t<div class='gallery-icon landscape'> \t\t\t\t<img loading=\"lazy\" decoding=\"async\" width=\"240\" height=\"180\" src=\"https:\/\/www.agriculture-machine.com\/wp-content\/uploads\/2018\/07\/hemp-cutter-machine-5-1-240x180.jpg\" class=\"attachment-thumbnail size-thumbnail\" alt=\"\" srcset=\"https:\/\/www.agriculture-machine.com\/wp-content\/uploads\/2018\/07\/hemp-cutter-machine-5-1-240x180.jpg 240w, https:\/\/www.agriculture-machine.com\/wp-content\/uploads\/2018\/07\/hemp-cutter-machine-5-1-360x270.jpg 360w, https:\/\/www.agriculture-machine.com\/wp-content\/uploads\/2018\/07\/hemp-cutter-machine-5-1.jpg 480w\" sizes=\"auto, (max-width: 240px) 100vw, 240px\" \/> \t\t\t<\/div><\/figure><figure class='gallery-item'> \t\t\t<div class='gallery-icon landscape'> \t\t\t\t<img loading=\"lazy\" decoding=\"async\" width=\"240\" height=\"180\" src=\"https:\/\/www.agriculture-machine.com\/wp-content\/uploads\/2018\/07\/hemp-cutter-machine-6-1-240x180.jpg\" class=\"attachment-thumbnail size-thumbnail\" alt=\"\" srcset=\"https:\/\/www.agriculture-machine.com\/wp-content\/uploads\/2018\/07\/hemp-cutter-machine-6-1-240x180.jpg 240w, https:\/\/www.agriculture-machine.com\/wp-content\/uploads\/2018\/07\/hemp-cutter-machine-6-1-360x270.jpg 360w, https:\/\/www.agriculture-machine.com\/wp-content\/uploads\/2018\/07\/hemp-cutter-machine-6-1.jpg 480w\" sizes=\"auto, (max-width: 240px) 100vw, 240px\" \/> \t\t\t<\/div><\/figure> \t\t<\/div>  <h2>Kenevir ay\u0131r\u0131c\u0131'n\u0131n uygulamas\u0131.<\/h2> <p>Kenaf sap\u0131n\u0131 h\u0131zl\u0131ca ezip kabu\u011funu temizler. Bu kenevir kesim makinesi, kenevir, j\u00fct, ramie, kenaf vb. i\u00e7in kullan\u0131labilir.<\/p> <p><img loading=\"lazy\" decoding=\"async\" class=\"alignnone size-full wp-image-4349\" src=\"https:\/\/www.agriculture-machine.com\/wp-content\/uploads\/2018\/07\/hemp-cutting-3.jpg\" alt=\"\" width=\"750\" height=\"750\" srcset=\"https:\/\/www.agriculture-machine.com\/wp-content\/uploads\/2018\/07\/hemp-cutting-3.jpg 750w, https:\/\/www.agriculture-machine.com\/wp-content\/uploads\/2018\/07\/hemp-cutting-3-270x270.jpg 270w, https:\/\/www.agriculture-machine.com\/wp-content\/uploads\/2018\/07\/hemp-cutting-3-540x540.jpg 540w\" sizes=\"auto, (max-width: 750px) 100vw, 750px\" \/><\/p> <h2>Kenevir ay\u0131r\u0131c\u0131'n\u0131n avantajlar\u0131.<\/h2> <p>1. Geleneksel soyma y\u00f6ntemine k\u0131yasla, taze kenevir ay\u0131r\u0131c\u0131.<br \/> \u00c7ok fazla emek ve zaman tasarrufu sa\u011flar.<br \/> 2. \u0130ki e\u011fimli b\u0131\u00e7akl\u0131 silindir, sap\u0131 b\u00fcy\u00fck \u00f6l\u00e7\u00fcde par\u00e7alayabilir ve \u00e7al\u0131\u015fma verimlili\u011fini art\u0131r\u0131r.<br \/> 3. Y\u00fcksek temizlik oran\u0131. Nihai lif \u00e7ok temizdir.<br \/> 4. Y\u00fcksek kapasite. En b\u00fcy\u00fck kapasitesi 150m2\/h.<\/p> <ol start=\"5\"> <li>Kenevir lifi soyma i\u015fleminden sonra k\u0131r\u0131lmaz.<\/li> <li>Soyma oran\u0131 \u00e7ok y\u00fcksektir ve neredeyse t\u00fcm lifler tek seferde soyulabilir.<\/li> <li>Kenevir ay\u0131r\u0131c\u0131lar, iki tekerlek sayesinde kolayca hareket ettirilebilir ve \u0131slak veya kuru hammaddeler i\u00e7in uygundur.<\/li> <li>Kenevir ay\u0131r\u0131c\u0131'n\u0131n \u00e7\u0131k\u0131\u015f\u0131nda, lifleri toplamak i\u00e7in \u00e7apraz bir \u00e7ubuk bulunur.<\/li> <\/ol> <p>&nbsp;<\/p> <p><img decoding=\"async\" src=\"https:\/\/www.agriculture-machine.com\/wp-content\/uploads\/2018\/07\/hemp-cutter-machine-1.jpg\" alt=\"kenevir-kesim-makinesi-1\" \/><\/p> <h2>Kenevir ay\u0131r\u0131c\u0131'n\u0131n \u00e7al\u0131\u015fma prensibi.<\/h2> <p>1. Operat\u00f6r, kenevirleri besleme haznesine koyar.<br \/> 2. Kenevir, iki silindirin ortas\u0131na girer.<br \/> 3. Motor veya dizel motorla \u00e7al\u0131\u015fan e\u011fimli b\u0131\u00e7aklar, sap\u0131 s\u00fcrekli d\u00f6nd\u00fcrerek par\u00e7alar.<br \/> 4. Saplar tamamen ezilir ve lifler birka\u00e7 saniye i\u00e7inde toplan\u0131r.<\/p> <p><img loading=\"lazy\" decoding=\"async\" class=\"alignnone size-full wp-image-4348\" src=\"https:\/\/www.agriculture-machine.com\/wp-content\/uploads\/2018\/07\/hemp-cutting-2.jpg\" alt=\"\" width=\"750\" height=\"750\" srcset=\"https:\/\/www.agriculture-machine.com\/wp-content\/uploads\/2018\/07\/hemp-cutting-2.jpg 750w, https:\/\/www.agriculture-machine.com\/wp-content\/uploads\/2018\/07\/hemp-cutting-2-270x270.jpg 270w, https:\/\/www.agriculture-machine.com\/wp-content\/uploads\/2018\/07\/hemp-cutting-2-540x540.jpg 540w\" sizes=\"auto, (max-width: 750px) 100vw, 750px\" \/><\/p> <h2>Kenevir ay\u0131r\u0131c\u0131'n\u0131n uygun g\u00fc\u00e7 gereksinimi.<\/h2> <p>Kenaf ay\u0131r\u0131c\u0131 makinesi 7.5kw motor veya 10HP dizel motor ile \u00e7al\u0131\u015f\u0131r.<\/p> <p><img loading=\"lazy\" decoding=\"async\" class=\"alignnone size-full wp-image-4347\" src=\"https:\/\/www.agriculture-machine.com\/wp-content\/uploads\/2018\/07\/hemp-cutting-1.jpg\" alt=\"\" width=\"750\" height=\"750\" srcset=\"https:\/\/www.agriculture-machine.com\/wp-content\/uploads\/2018\/07\/hemp-cutting-1.jpg 750w, https:\/\/www.agriculture-machine.com\/wp-content\/uploads\/2018\/07\/hemp-cutting-1-270x270.jpg 270w, https:\/\/www.agriculture-machine.com\/wp-content\/uploads\/2018\/07\/hemp-cutting-1-540x540.jpg 540w\" sizes=\"auto, (max-width: 750px) 100vw, 750px\" \/><\/p> <h2>Kenevir ay\u0131r\u0131c\u0131'n\u0131n teknik parametreleri.<\/h2> <div class=\"table-responsive\"> <table class=\"table table-striped\"> <tbody> <tr> <td width=\"346\"><strong><b>Model<\/b><\/strong><\/td> <td width=\"293\"><strong><b>SLHM-550<\/b><\/strong><\/td> <\/tr> <tr> <td width=\"346\">Hokey b\u0131\u00e7a\u011f\u0131n\u0131n d\u00f6ner h\u0131z\u0131.<\/td> <td width=\"293\">1000-1200r\/dak.<\/td> <\/tr> <tr> <td width=\"346\">Motor g\u00fcc\u00fc.<\/td> <td width=\"293\">7.5Kw \/ (10HP dizel motor)<\/td> <\/tr> <tr> <td width=\"346\">Kapasite<\/td> <td width=\"293\">150m2\/h<\/td> <\/tr> <tr> <td width=\"346\">Boyut<\/td> <td width=\"293\">1500*1400*1050mm<\/td> <\/tr> <tr> <td width=\"346\">A\u011f\u0131rl\u0131k<\/td> <td width=\"293\">255Kg<\/td> <\/tr> <tr> <td width=\"346\">Kirli oran\u0131<\/td> <td width=\"293\">&lt;0.2%<\/td> <\/tr> <\/tbody> <\/table> <h2>Kenevir ay\u0131r\u0131c\u0131'n\u0131n en son ba\u015far\u0131l\u0131 \u00f6rne\u011fi.<\/h2> <p class=\"translation-block\"><strong><span style=\"color: #ff0000\">durum bir<\/span><\/strong><\/p> <p>\u015eubat 2019'da, rekabet\u00e7i fiyatla Polonya'ya 1 set kenevir kesim makinesi satt\u0131k. O bir \u00e7ift\u00e7i ve son y\u0131llarda kenevir yeti\u015ftiriyor, lifini \u00e7\u0131karmak istiyor. A\u015fa\u011f\u0131daki resim, sat\u0131\u015f y\u00f6neticimiz ile onun aras\u0131ndaki diyalo\u011fu g\u00f6stermektedir.<br \/> <img decoding=\"async\" src=\"https:\/\/www.agriculture-machine.com\/wp-content\/uploads\/2018\/07\/hemp-cutter-machine-3.jpg\" alt=\"hemp-cutter-machine-3\" \/><img decoding=\"async\" src=\"https:\/\/www.agriculture-machine.com\/wp-content\/uploads\/2018\/07\/hemp-cutter-machine.png\" alt=\"hemp-cutter-machine\" \/><br \/> Asl\u0131nda, o Ocak ay\u0131nda bizimle ileti\u015fime ge\u00e7ti ve \u015eubat ay\u0131nda sipari\u015f verdi. Y\u00f6neticimiz, sorunu b\u00fcy\u00fck sab\u0131rla \u00e7\u00f6zd\u00fc ve onunla uzun vadeli ortakl\u0131k kurmak istedi.<\/p> <p>A\u015fa\u011f\u0131daki paketleme resimleri.<\/p> <div id='gallery-2' class='gallery galleryid-253 gallery-columns-2 gallery-size-full'><figure class='gallery-item'> \t\t\t<div class='gallery-icon landscape'> \t\t\t\t<a href='https:\/\/www.agriculture-machine.com\/tr\/hemp-cutter-machine-8\/'><img loading=\"lazy\" decoding=\"async\" width=\"1440\" height=\"1080\" src=\"https:\/\/www.agriculture-machine.com\/wp-content\/uploads\/2018\/07\/hemp-cutter-machine-8.jpg\" class=\"attachment-full size-full\" alt=\"kenevir kesim makinesi (8)\" aria-describedby=\"gallery-2-2249\" srcset=\"https:\/\/www.agriculture-machine.com\/wp-content\/uploads\/2018\/07\/hemp-cutter-machine-8.jpg 1440w, https:\/\/www.agriculture-machine.com\/wp-content\/uploads\/2018\/07\/hemp-cutter-machine-8-360x270.jpg 360w, https:\/\/www.agriculture-machine.com\/wp-content\/uploads\/2018\/07\/hemp-cutter-machine-8-720x540.jpg 720w, https:\/\/www.agriculture-machine.com\/wp-content\/uploads\/2018\/07\/hemp-cutter-machine-8-240x180.jpg 240w, https:\/\/www.agriculture-machine.com\/wp-content\/uploads\/2018\/07\/hemp-cutter-machine-8-768x576.jpg 768w\" sizes=\"auto, (max-width: 1440px) 100vw, 1440px\" \/><\/a> \t\t\t<\/div> \t\t\t\t<figcaption class='wp-caption-text gallery-caption' id='gallery-2-2249'> \t\t\t\tkenevir kesim makinesi (8) \t\t\t\t<\/figcaption><\/figure><figure class='gallery-item'> \t\t\t<div class='gallery-icon landscape'> \t\t\t\t<a href='https:\/\/www.agriculture-machine.com\/tr\/hemp-cutter-machine-7\/'><img loading=\"lazy\" decoding=\"async\" width=\"1440\" height=\"1080\" src=\"https:\/\/www.agriculture-machine.com\/wp-content\/uploads\/2018\/07\/hemp-cutter-machine-7.jpg\" class=\"attachment-full size-full\" alt=\"kenevir kesim makinesi (7)\" aria-describedby=\"gallery-2-2248\" srcset=\"https:\/\/www.agriculture-machine.com\/wp-content\/uploads\/2018\/07\/hemp-cutter-machine-7.jpg 1440w, https:\/\/www.agriculture-machine.com\/wp-content\/uploads\/2018\/07\/hemp-cutter-machine-7-360x270.jpg 360w, https:\/\/www.agriculture-machine.com\/wp-content\/uploads\/2018\/07\/hemp-cutter-machine-7-720x540.jpg 720w, https:\/\/www.agriculture-machine.com\/wp-content\/uploads\/2018\/07\/hemp-cutter-machine-7-240x180.jpg 240w, https:\/\/www.agriculture-machine.com\/wp-content\/uploads\/2018\/07\/hemp-cutter-machine-7-768x576.jpg 768w\" sizes=\"auto, (max-width: 1440px) 100vw, 1440px\" \/><\/a> \t\t\t<\/div> \t\t\t\t<figcaption class='wp-caption-text gallery-caption' id='gallery-2-2248'> \t\t\t\tkenevir kesim makinesi (7) \t\t\t\t<\/figcaption><\/figure> \t\t<\/div>  <h2><span style=\"color: #ff0000;\">durum iki<\/span><\/h2> <p class=\"translation-block\">May\u0131s ay\u0131 ba\u015f\u0131nda, H\u0131rvatistan'daki m\u00fc\u015fteriden bir soru ald\u0131k ve bir <strong>kenevir ay\u0131r\u0131c\u0131<\/strong> sat\u0131n almak istedi. Asl\u0131nda, sat\u0131\u015f temsilcimizle \u00e7ok fazla konu\u015fmad\u0131. Nakliye \u015firketi bilgilerini do\u011frulad\u0131ktan sonra, bizden bir set<strong>kenevir ay\u0131r\u0131c\u0131<\/strong> sipari\u015f etti. Stoklar\u0131m\u0131zda bir\u00e7ok kenevir ay\u0131r\u0131c\u0131 var, bu y\u00fczden \u00f6demeyi ald\u0131ktan sonra makinesini paketleyip teslim etmek bir g\u00fcn s\u00fcrd\u00fc.<\/p> <div id='gallery-3' class='gallery galleryid-253 gallery-columns-2 gallery-size-full'><figure class='gallery-item'> \t\t\t<div class='gallery-icon portrait'> \t\t\t\t<a href='https:\/\/www.agriculture-machine.com\/tr\/kenaf-decorticator\/attachment\/hemp-decorticator5\/'><img loading=\"lazy\" decoding=\"async\" width=\"450\" height=\"600\" src=\"https:\/\/www.agriculture-machine.com\/wp-content\/uploads\/2018\/07\/hemp-decorticator5.jpg\" class=\"attachment-full size-full\" alt=\"\" srcset=\"https:\/\/www.agriculture-machine.com\/wp-content\/uploads\/2018\/07\/hemp-decorticator5.jpg 450w, https:\/\/www.agriculture-machine.com\/wp-content\/uploads\/2018\/07\/hemp-decorticator5-203x270.jpg 203w, https:\/\/www.agriculture-machine.com\/wp-content\/uploads\/2018\/07\/hemp-decorticator5-405x540.jpg 405w\" sizes=\"auto, (max-width: 450px) 100vw, 450px\" \/><\/a> \t\t\t<\/div><\/figure><figure class='gallery-item'> \t\t\t<div class='gallery-icon portrait'> \t\t\t\t<a href='https:\/\/www.agriculture-machine.com\/tr\/kenaf-decorticator\/attachment\/hemp-decorticator4\/'><img loading=\"lazy\" decoding=\"async\" width=\"450\" height=\"600\" src=\"https:\/\/www.agriculture-machine.com\/wp-content\/uploads\/2018\/07\/hemp-decorticator4.jpg\" class=\"attachment-full size-full\" alt=\"\" srcset=\"https:\/\/www.agriculture-machine.com\/wp-content\/uploads\/2018\/07\/hemp-decorticator4.jpg 450w, https:\/\/www.agriculture-machine.com\/wp-content\/uploads\/2018\/07\/hemp-decorticator4-203x270.jpg 203w, https:\/\/www.agriculture-machine.com\/wp-content\/uploads\/2018\/07\/hemp-decorticator4-405x540.jpg 405w\" sizes=\"auto, (max-width: 450px) 100vw, 450px\" \/><\/a> \t\t\t<\/div><\/figure> \t\t<\/div>  <div id='gallery-4' class='gallery galleryid-253 gallery-columns-2 gallery-size-full'><figure class='gallery-item'> \t\t\t<div class='gallery-icon portrait'> \t\t\t\t<a href='https:\/\/www.agriculture-machine.com\/tr\/kenaf-decorticator\/attachment\/hemp-decorticator3\/'><img loading=\"lazy\" decoding=\"async\" width=\"450\" height=\"600\" src=\"https:\/\/www.agriculture-machine.com\/wp-content\/uploads\/2018\/07\/hemp-decorticator3.jpg\" class=\"attachment-full size-full\" alt=\"\" srcset=\"https:\/\/www.agriculture-machine.com\/wp-content\/uploads\/2018\/07\/hemp-decorticator3.jpg 450w, https:\/\/www.agriculture-machine.com\/wp-content\/uploads\/2018\/07\/hemp-decorticator3-203x270.jpg 203w, https:\/\/www.agriculture-machine.com\/wp-content\/uploads\/2018\/07\/hemp-decorticator3-405x540.jpg 405w\" sizes=\"auto, (max-width: 450px) 100vw, 450px\" \/><\/a> \t\t\t<\/div><\/figure><figure class='gallery-item'> \t\t\t<div class='gallery-icon portrait'> \t\t\t\t<a href='https:\/\/www.agriculture-machine.com\/tr\/kenaf-decorticator\/attachment\/hemp-decorticator2\/'><img loading=\"lazy\" decoding=\"async\" width=\"450\" height=\"600\" src=\"https:\/\/www.agriculture-machine.com\/wp-content\/uploads\/2018\/07\/hemp-decorticator2.jpg\" class=\"attachment-full size-full\" alt=\"\" srcset=\"https:\/\/www.agriculture-machine.com\/wp-content\/uploads\/2018\/07\/hemp-decorticator2.jpg 450w, https:\/\/www.agriculture-machine.com\/wp-content\/uploads\/2018\/07\/hemp-decorticator2-203x270.jpg 203w, https:\/\/www.agriculture-machine.com\/wp-content\/uploads\/2018\/07\/hemp-decorticator2-405x540.jpg 405w\" sizes=\"auto, (max-width: 450px) 100vw, 450px\" \/><\/a> \t\t\t<\/div><\/figure> \t\t<\/div>  <h2>SSS<\/h2> <p>1. Makinenin iki silindiri neden e\u011fik?<br \/> E\u011fimli iki silindir, kenevir saplar\u0131n\u0131 tamamen ezebilir ve onlar\u0131 ve lifleri etkili \u015fekilde ay\u0131rabilir.<br \/> 2. Bu j\u00fct ay\u0131r\u0131c\u0131'n\u0131n hammaddeleri nelerdir?<br \/> Hammaddeler, kenevir, kenaf, ramie, j\u00fct vb. olabilir.<br \/> 3. \u0130ki silindirin liflere zarar vermesi muhtemel mi?<br \/> Hay\u0131r, liflere zarar vermez \u00e7\u00fcnk\u00fc silindirdeki b\u0131\u00e7aklar k\u00f6reltidir.<br \/> 4. Nihai \u00fcr\u00fcn ne i\u00e7in kullan\u0131labilir?<br \/> \u0130plik veya kuma\u015f yapabilir.<br \/> 5. Islak ve kuru kenevir i\u00e7in uygun mu?<br \/> Evet, yapabilir.<br \/> <img decoding=\"async\" src=\"https:\/\/www.agriculture-machine.com\/wp-content\/uploads\/2018\/07\/hemp-cutter-machine-4.jpg\" alt=\"hemp-cutter-machine-4\" \/><\/p> <h2>Neden bizi se\u00e7iyorsunuz?<\/h2> <p>Neden bizi se\u00e7ti\u011finizi anlayabilirsiniz?<br \/> Bu resim, kenevir lifi \u00e7\u0131karma makinesinin stok g\u00f6r\u00fcnt\u00fcs\u00fcd\u00fcr ve her y\u0131l di\u011fer \u00fclkelere 1000'den fazla set sat\u0131yoruz. A\u00e7\u0131k\u00e7as\u0131, ayl\u0131k 500 set \u00fcretebiliyoruz ve talebinizi tamamen kar\u015f\u0131l\u0131yoruz.<\/p> <\/div>","protected":false},"excerpt":{"rendered":"<p>Brief introduction of hemp decorticator Our hemp cutter machine is to use to extract the fiber of hemp, jute, kenaf, ramie, etc. With two big wheels, the machine is easy to move. The cleaning rate can reach 96% without any damage to the fiber itself. Hemp decorticator is suitable for processing plant fibers of hemp, [&hellip;]<\/p>\n","protected":false},"author":1,"featured_media":0,"parent":0,"comment_status":"closed","ping_status":"closed","template":"","tags":[2618],"product-type":[917,1],"class_list":["post-253","product","type-product","status-publish","hentry","tag-hemp","product-type-hemp-peeling-machine","product-type-other"],"_links":{"self":[{"href":"https:\/\/www.agriculture-machine.com\/tr\/wp-json\/wp\/v2\/product\/253","targetHints":{"allow":["GET"]}}],"collection":[{"href":"https:\/\/www.agriculture-machine.com\/tr\/wp-json\/wp\/v2\/product"}],"about":[{"href":"https:\/\/www.agriculture-machine.com\/tr\/wp-json\/wp\/v2\/types\/product"}],"author":[{"embeddable":true,"href":"https:\/\/www.agriculture-machine.com\/tr\/wp-json\/wp\/v2\/users\/1"}],"replies":[{"embeddable":true,"href":"https:\/\/www.agriculture-machine.com\/tr\/wp-json\/wp\/v2\/comments?post=253"}],"wp:attachment":[{"href":"https:\/\/www.agriculture-machine.com\/tr\/wp-json\/wp\/v2\/media?parent=253"}],"wp:term":[{"taxonomy":"post_tag","embeddable":true,"href":"https:\/\/www.agriculture-machine.com\/tr\/wp-json\/wp\/v2\/tags?post=253"},{"taxonomy":"product-type","embeddable":true,"href":"https:\/\/www.agriculture-machine.com\/tr\/wp-json\/wp\/v2\/product-type?post=253"}],"curies":[{"name":"wp","href":"https:\/\/api.w.org\/{rel}","templated":true}]}}