{"id":3286,"date":"2019-04-19T22:57:14","date_gmt":"2019-04-19T14:57:14","guid":{"rendered":"https:\/\/www.agriculture-machine.com\/?p=3286"},"modified":"2024-09-23T11:15:58","modified_gmt":"2024-09-23T03:15:58","slug":"amazing-garden-sprayer-drones-in-agriculture-crop-spraying","status":"publish","type":"product","link":"https:\/\/www.agriculture-machine.com\/tr\/amazing-garden-sprayer-drones-in-agriculture-crop-spraying\/","title":{"rendered":"Harika bah\u00e7e p\u00fcsk\u00fcrt\u00fcc\u00fcs\u00fc \/ tar\u0131mda drone'lar"},"content":{"rendered":"<p class=\"translation-block\">\u00d6zel tasar\u0131m<strong> bah\u00e7e p\u00fcsk\u00fcrt\u00fcc\u00fcs\u00fc<\/strong>, su, pestisit p\u00fcsk\u00fcrtmek i\u00e7in kullan\u0131labilir. \u00c7ift\u00e7iler i\u00e7in iyi bir ara\u00e7t\u0131r ve bah\u00e7eler, tarlalar ve di\u011fer alanlar i\u00e7in kullan\u0131labilir. Tar\u0131mda drone'lar\u0131n p\u00fcsk\u00fcrtme h\u0131z\u0131 4-8m\/s'dir, bu da y\u00fcksek verimlilik sa\u011flar. Pestisit kutusunun hacmi 10L ve 16L'dir, ihtiyac\u0131n\u0131za g\u00f6re birini se\u00e7ebilirsiniz.<\/p> <p><iframe loading=\"lazy\" title=\"en iyi drone 2018 \/ dji drone \/ bah\u00e7e p\u00fcsk\u00fcrt\u00fcc\u00fc \/ drone p\u00fcsk\u00fcrt\u00fcc\u00fc nas\u0131l kurulur\" width=\"500\" height=\"281\" src=\"https:\/\/www.youtube.com\/embed\/QPc56YfjM_A?feature=oembed\" frameborder=\"0\" allow=\"accelerometer; autoplay; clipboard-write; encrypted-media; gyroscope; picture-in-picture; web-share\" referrerpolicy=\"strict-origin-when-cross-origin\" allowfullscreen><\/iframe><\/p> <h2><\/h2> <h2><strong><b>Teknik parametreleri <\/b><\/strong><strong><b>bah\u00e7e p\u00fcsk\u00fcrt\u00fcc\u00fcs\u00fc<\/b><\/strong><\/h2> <table> <tbody> <tr> <td width=\"189\">Model<\/td> <td width=\"189\">3W4-10B<\/td> <td width=\"189\">3W4-16<\/td> <\/tr> <tr> <td width=\"189\">Net a\u011f\u0131rl\u0131k<\/td> <td width=\"189\">24.2kg<\/td> <td width=\"189\">27.9<\/td> <\/tr> <tr> <td width=\"189\">Pestisit kutusunun hacmi<\/td> <td width=\"189\">10L<\/td> <td width=\"189\">16L<\/td> <\/tr> <tr> <td width=\"189\">S\u0131v\u0131 pompa<\/td> <td width=\"189\">Diyafram pompas\u0131<\/td> <td width=\"189\">Diyafram pompas\u0131<\/td> <\/tr> <tr> <td width=\"189\">Kanad\u0131n say\u0131s\u0131<\/td> <td width=\"189\">4<\/td> <td width=\"189\">4<\/td> <\/tr> <tr> <td width=\"189\">Motor tipi<\/td> <td width=\"189\">F\u0131r\u00e7as\u0131z DC motor<\/td> <td width=\"189\">F\u0131r\u00e7as\u0131z DC motor<\/td> <\/tr> <tr> <td width=\"189\">Maks motor<\/td> <td width=\"189\">5000w<\/td> <td width=\"189\">5000w<\/td> <\/tr> <tr> <td width=\"189\">Maksimum elektrik ak\u0131m\u0131<\/td> <td width=\"189\">65A<\/td> <td width=\"189\">65A<\/td> <\/tr> <tr> <td width=\"189\">Pil<\/td> <td width=\"189\">Lityum pil<\/td> <td width=\"189\">Lityum pil<\/td> <\/tr> <tr> <td width=\"189\">Kanad\u0131n \u00e7ap\u0131<\/td> <td width=\"189\">890mm<\/td> <td width=\"189\">890mm<\/td> <\/tr> <tr> <td width=\"189\">Su ge\u00e7irmez ve toz ge\u00e7irmez s\u0131n\u0131f<\/td> <td width=\"189\">IP56<\/td> <td width=\"189\">IP56<\/td> <\/tr> <tr> <td width=\"189\">Nozullar<\/td> <td width=\"189\">4<\/td> <td width=\"189\">4<\/td> <\/tr> <tr> <td width=\"189\">P\u00fcsk\u00fcrtme hacmi<\/td> <td width=\"189\">600-1600ml\/dakika<\/td> <td width=\"189\">600-2100ml\/dakika<\/td> <\/tr> <tr> <td width=\"189\">P\u00fcsk\u00fcrtme h\u0131z\u0131<\/td> <td width=\"189\">4-8m\/s<\/td> <td width=\"189\">4-8m\/s<\/td> <\/tr> <tr> <td width=\"189\">P\u00fcsk\u00fcrtme geni\u015fli\u011fi<\/td> <td width=\"189\">4-6m<\/td> <td width=\"189\">4-6m<\/td> <\/tr> <tr> <td width=\"189\">\u00c7al\u0131\u015fma y\u00fcksekli\u011fi<\/td> <td width=\"189\">1-3m<\/td> <td width=\"189\">1-3m<\/td> <\/tr> <tr> <td width=\"189\">S\u00fcrd\u00fcr\u00fclebilir p\u00fcsk\u00fcrtme s\u00fcresi (kapasite)<\/td> <td width=\"189\">10 dakikadan fazla<\/td> <td width=\"189\">10 dakikadan fazla<\/td> <\/tr> <tr> <td width=\"189\">P\u00fcsk\u00fcrtme hacmi<\/td> <td width=\"189\">0.6-0.9hm2\/h<\/td> <td width=\"189\">0.9-1.3hm2\/h<\/td> <\/tr> <\/tbody> <\/table> <h2>Bah\u00e7e p\u00fcsk\u00fcrt\u00fcc\u00fcs\u00fcn\u00fcn \u00e7al\u0131\u015fma ad\u0131mlar\u0131<\/h2> <figure id=\"attachment_3291\" aria-describedby=\"caption-attachment-3291\" style=\"width: 600px\" class=\"wp-caption aligncenter\"><img loading=\"lazy\" decoding=\"async\" class=\"wp-image-3291 size-full\" src=\"https:\/\/www.agriculture-machine.com\/wp-content\/uploads\/2019\/04\/drone-sprayer-4.jpg\" alt=\"drone p\u00fcsk\u00fcrt\u00fcc\u00fc\" width=\"600\" height=\"450\" srcset=\"https:\/\/www.agriculture-machine.com\/wp-content\/uploads\/2019\/04\/drone-sprayer-4.jpg 600w, https:\/\/www.agriculture-machine.com\/wp-content\/uploads\/2019\/04\/drone-sprayer-4-360x270.jpg 360w, https:\/\/www.agriculture-machine.com\/wp-content\/uploads\/2019\/04\/drone-sprayer-4-240x180.jpg 240w\" sizes=\"auto, (max-width: 600px) 100vw, 600px\" \/><figcaption id=\"caption-attachment-3291\" class=\"wp-caption-text\">drone p\u00fcsk\u00fcrt\u00fcc\u00fc<\/figcaption><\/figure> <ol> <li>\u0130lk olarak, bah\u00e7e p\u00fcsk\u00fcrt\u00fcc\u00fcs\u00fcn\u00fcn d\u00f6rt kanad\u0131n\u0131 tak\u0131n.<\/li> <li>K\u00f6p\u00fcrme ajan\u0131n\u0131 ekle.<\/li> <li>Batarya yerle\u015ftirin, makinenin 10 dakika u\u00e7mas\u0131n\u0131 sa\u011flar.<\/li> <li>Makine, \u00e7al\u0131\u015fma s\u0131ras\u0131nda uzaktan kumanda ile kontrol edilir.<\/li> <li>Pestisit, bitkinin arka ve \u00f6n\u00fcne yap\u0131\u015fabilir, zararl\u0131lar\u0131 etkili bir \u015fekilde \u00f6ld\u00fcr\u00fcr.<\/li> <\/ol> <figure id=\"attachment_3288\" aria-describedby=\"caption-attachment-3288\" style=\"width: 600px\" class=\"wp-caption aligncenter\"><img loading=\"lazy\" decoding=\"async\" class=\"wp-image-3288 size-full\" src=\"https:\/\/www.agriculture-machine.com\/wp-content\/uploads\/2019\/04\/drone-sprayer-1.jpg\" alt=\"bah\u00e7e p\u00fcsk\u00fcrt\u00fcc\u00fcs\u00fc\" width=\"600\" height=\"450\" srcset=\"https:\/\/www.agriculture-machine.com\/wp-content\/uploads\/2019\/04\/drone-sprayer-1.jpg 600w, https:\/\/www.agriculture-machine.com\/wp-content\/uploads\/2019\/04\/drone-sprayer-1-360x270.jpg 360w, https:\/\/www.agriculture-machine.com\/wp-content\/uploads\/2019\/04\/drone-sprayer-1-240x180.jpg 240w\" sizes=\"auto, (max-width: 600px) 100vw, 600px\" \/><figcaption id=\"caption-attachment-3288\" class=\"wp-caption-text\">bah\u00e7e p\u00fcsk\u00fcrt\u00fcc\u00fcs\u00fc<\/figcaption><\/figure> <h2>Bah\u00e7e p\u00fcsk\u00fcrt\u00fcc\u00fcs\u00fcn\u00fcn detayl\u0131 resmi<\/h2> <figure id=\"attachment_3295\" aria-describedby=\"caption-attachment-3295\" style=\"width: 600px\" class=\"wp-caption aligncenter\"><img loading=\"lazy\" decoding=\"async\" class=\"wp-image-3295 size-full\" src=\"https:\/\/www.agriculture-machine.com\/wp-content\/uploads\/2019\/04\/drone-sprayer-8.jpg\" alt=\"tarla p\u00fcsk\u00fcrt\u00fcc\u00fc kanad\u0131\" width=\"600\" height=\"450\" srcset=\"https:\/\/www.agriculture-machine.com\/wp-content\/uploads\/2019\/04\/drone-sprayer-8.jpg 600w, https:\/\/www.agriculture-machine.com\/wp-content\/uploads\/2019\/04\/drone-sprayer-8-360x270.jpg 360w, https:\/\/www.agriculture-machine.com\/wp-content\/uploads\/2019\/04\/drone-sprayer-8-240x180.jpg 240w\" sizes=\"auto, (max-width: 600px) 100vw, 600px\" \/><figcaption id=\"caption-attachment-3295\" class=\"wp-caption-text\">tarla p\u00fcsk\u00fcrt\u00fcc\u00fc kanad\u0131<\/figcaption><\/figure> <figure id=\"attachment_3294\" aria-describedby=\"caption-attachment-3294\" style=\"width: 600px\" class=\"wp-caption aligncenter\"><img loading=\"lazy\" decoding=\"async\" class=\"wp-image-3294 size-full\" src=\"https:\/\/www.agriculture-machine.com\/wp-content\/uploads\/2019\/04\/drone-sprayer-7.jpg\" alt=\"bah\u00e7e p\u00fcsk\u00fcrtme makinesi\" width=\"600\" height=\"450\" srcset=\"https:\/\/www.agriculture-machine.com\/wp-content\/uploads\/2019\/04\/drone-sprayer-7.jpg 600w, https:\/\/www.agriculture-machine.com\/wp-content\/uploads\/2019\/04\/drone-sprayer-7-360x270.jpg 360w, https:\/\/www.agriculture-machine.com\/wp-content\/uploads\/2019\/04\/drone-sprayer-7-240x180.jpg 240w\" sizes=\"auto, (max-width: 600px) 100vw, 600px\" \/><figcaption id=\"caption-attachment-3294\" class=\"wp-caption-text\">bah\u00e7e p\u00fcsk\u00fcrt\u00fcc\u00fc memesi<\/figcaption><\/figure> <figure id=\"attachment_3293\" aria-describedby=\"caption-attachment-3293\" style=\"width: 600px\" class=\"wp-caption aligncenter\"><img loading=\"lazy\" decoding=\"async\" class=\"wp-image-3293 size-full\" src=\"https:\/\/www.agriculture-machine.com\/wp-content\/uploads\/2019\/04\/drone-sprayer-6.jpg\" alt=\"bah\u00e7e p\u00fcsk\u00fcrt\u00fcc\u00fc memesi\" width=\"600\" height=\"450\" srcset=\"https:\/\/www.agriculture-machine.com\/wp-content\/uploads\/2019\/04\/drone-sprayer-6.jpg 600w, https:\/\/www.agriculture-machine.com\/wp-content\/uploads\/2019\/04\/drone-sprayer-6-360x270.jpg 360w, https:\/\/www.agriculture-machine.com\/wp-content\/uploads\/2019\/04\/drone-sprayer-6-240x180.jpg 240w\" sizes=\"auto, (max-width: 600px) 100vw, 600px\" \/><figcaption id=\"caption-attachment-3293\" class=\"wp-caption-text\">bah\u00e7e p\u00fcsk\u00fcrt\u00fcc\u00fc memesi<\/figcaption><\/figure> <figure id=\"attachment_3292\" aria-describedby=\"caption-attachment-3292\" style=\"width: 600px\" class=\"wp-caption aligncenter\"><img loading=\"lazy\" decoding=\"async\" class=\"wp-image-3292 size-full\" src=\"https:\/\/www.agriculture-machine.com\/wp-content\/uploads\/2019\/04\/drone-sprayer-5.jpg\" alt=\"p\u00fcsk\u00fcrtme makinesi par\u00e7as\u0131\" width=\"600\" height=\"450\" srcset=\"https:\/\/www.agriculture-machine.com\/wp-content\/uploads\/2019\/04\/drone-sprayer-5.jpg 600w, https:\/\/www.agriculture-machine.com\/wp-content\/uploads\/2019\/04\/drone-sprayer-5-360x270.jpg 360w, https:\/\/www.agriculture-machine.com\/wp-content\/uploads\/2019\/04\/drone-sprayer-5-240x180.jpg 240w\" sizes=\"auto, (max-width: 600px) 100vw, 600px\" \/><figcaption id=\"caption-attachment-3292\" class=\"wp-caption-text\">p\u00fcsk\u00fcrtme makinesi par\u00e7as\u0131<\/figcaption><\/figure> <h2>Bah\u00e7e p\u00fcsk\u00fcrt\u00fcc\u00fcs\u00fcn\u00fcn geni\u015f uygulama alan\u0131<\/h2> <p>Tar\u0131mda kullan\u0131lan \u00fcr\u00fcnlerin yan\u0131 s\u0131ra, di\u011fer alanlarda da kullan\u0131labilir.<\/p> <p>1. Elektrik g\u00fcc\u00fc.<\/p> <p>2. Trafik.<\/p> <p>3. Su Kaynaklar\u0131<\/p> <p>4. Ter\u00f6r konusunda kamu g\u00fcvenli\u011fi.<\/p> <figure id=\"attachment_3296\" aria-describedby=\"caption-attachment-3296\" style=\"width: 600px\" class=\"wp-caption aligncenter\"><img loading=\"lazy\" decoding=\"async\" class=\"wp-image-3296 size-full\" src=\"https:\/\/www.agriculture-machine.com\/wp-content\/uploads\/2019\/04\/drone-sprayer-9.jpg\" alt=\"p\u00fcsk\u00fcrtme makinesi\" width=\"600\" height=\"450\" srcset=\"https:\/\/www.agriculture-machine.com\/wp-content\/uploads\/2019\/04\/drone-sprayer-9.jpg 600w, https:\/\/www.agriculture-machine.com\/wp-content\/uploads\/2019\/04\/drone-sprayer-9-360x270.jpg 360w, https:\/\/www.agriculture-machine.com\/wp-content\/uploads\/2019\/04\/drone-sprayer-9-240x180.jpg 240w\" sizes=\"auto, (max-width: 600px) 100vw, 600px\" \/><figcaption id=\"caption-attachment-3296\" class=\"wp-caption-text\">p\u00fcsk\u00fcrtme makinesi<\/figcaption><\/figure> <h2>Bah\u00e7e p\u00fcsk\u00fcrt\u00fcc\u00fcs\u00fcn\u00fcn avantaj\u0131<\/h2> <p>1. P\u00fcsk\u00fcrtme makinesi, uzaktan kumanda ile pestisit p\u00fcsk\u00fcrtebilir, bu da g\u00fcvenli ve emek tasarrufludur.<\/p> <p>2. Geleneksel p\u00fcsk\u00fcrtme y\u00f6ntemleriyle kar\u015f\u0131la\u015ft\u0131r\u0131ld\u0131\u011f\u0131nda, insanlar do\u011frudan pestisitle temas etmez, bu da pestisitlerin insan sa\u011fl\u0131\u011f\u0131na zarar\u0131n\u0131 azalt\u0131r.<\/p> <p>3. U\u00e7an drone'lar\u0131n \u00e7al\u0131\u015fma verimlili\u011fi, manuel p\u00fcsk\u00fcrtmeden 30 kat fazlad\u0131r.<\/p> <p>4. Y\u00fcksek atomizasyon ve mikro damla p\u00fcsk\u00fcrtme teknolojisini benimseyen bu drone p\u00fcsk\u00fcrt\u00fcc\u00fc, pestisit kullan\u0131m\u0131n\u0131 tamamen art\u0131rabilir.<\/p> <p>5. Rotor a\u015fa\u011f\u0131 ak\u0131\u015f \u00fcretir, bu da sis ak\u0131\u015f\u0131n\u0131n bitkiye n\u00fcfuzunu art\u0131r\u0131r ve iyi kontrol etkisi sa\u011flar.<\/p> <figure id=\"attachment_3290\" aria-describedby=\"caption-attachment-3290\" style=\"width: 600px\" class=\"wp-caption aligncenter\"><img loading=\"lazy\" decoding=\"async\" class=\"wp-image-3290 size-full\" src=\"https:\/\/www.agriculture-machine.com\/wp-content\/uploads\/2019\/04\/drone-sprayer-3.jpg\" alt=\"\u00c7iftlik p\u00fcsk\u00fcrt\u00fcc\u00fc ekran\u0131\" width=\"600\" height=\"450\" srcset=\"https:\/\/www.agriculture-machine.com\/wp-content\/uploads\/2019\/04\/drone-sprayer-3.jpg 600w, https:\/\/www.agriculture-machine.com\/wp-content\/uploads\/2019\/04\/drone-sprayer-3-360x270.jpg 360w, https:\/\/www.agriculture-machine.com\/wp-content\/uploads\/2019\/04\/drone-sprayer-3-240x180.jpg 240w\" sizes=\"auto, (max-width: 600px) 100vw, 600px\" \/><figcaption id=\"caption-attachment-3290\" class=\"wp-caption-text\">\u00c7iftlik p\u00fcsk\u00fcrt\u00fcc\u00fc ekran\u0131<\/figcaption><\/figure> <h2>Neden bah\u00e7e p\u00fcsk\u00fcrt\u00fcc\u00fcs\u00fcne ihtiyac\u0131n\u0131z var?<\/h2> <p>\u00c7in b\u00fcy\u00fck \u00f6l\u00e7\u00fcde tar\u0131msal bir \u00fclkedir, 3 milyon d\u00f6n\u00fcm temel tar\u0131m arazisi kaplar ve her y\u0131l b\u00fcy\u00fck miktarda \u00fcr\u00fcn bak\u0131m p\u00fcsk\u00fcrt\u00fcc\u00fcs\u00fc gerektirir. Ne yaz\u0131k ki, \u00c7in'de her y\u0131l 100.000'den fazla pestisit zehirlenmesi kazas\u0131 olur ve \u00f6l\u00fcm oran\u0131  'ye ula\u015f\u0131r. Pestisit kal\u0131nt\u0131lar\u0131 ve kirlilik nedeniyle \u00f6l\u00fcmlerin resmi istatistikleri yoktur, bu da \u015fa\u015f\u0131rt\u0131c\u0131 bir say\u0131 olmal\u0131.<\/p> <p>\u015eirketimiz taraf\u0131ndan \u00fcretilen tar\u0131msal uzaktan kumandal\u0131 \u00fcr\u00fcn p\u00fcsk\u00fcrt\u00fcc\u00fc drone'lar, 10-17 kg pestisit y\u00fckleyebilir ve d\u00fc\u015f\u00fck irtifada p\u00fcsk\u00fcrtebilir. Bu en iyi bah\u00e7e p\u00fcsk\u00fcrt\u00fcc\u00fc, 20 d\u00f6n\u00fcml\u00fck tarlay\u0131 10 dakikadan az s\u00fcrede tamamen p\u00fcsk\u00fcrtebilir ve pirin\u00e7 tarlalar\u0131 ve e\u011fimli alanlar gibi alanlar i\u00e7in uygundur.<\/p> <p class=\"translation-block\"><strong>bah\u00e7e p\u00fcsk\u00fcrt\u00fcc\u00fcs\u00fcn\u00fcn<\/strong> geleneksel i\u015f\u00e7ilikten 30 kat daha verimli oldu\u011fu. Rotor taraf\u0131ndan \u00fcretilen a\u015fa\u011f\u0131 ak\u0131\u015f, sis ak\u0131\u015f\u0131n\u0131n bitkiye n\u00fcfuzunu art\u0131rmaya yard\u0131mc\u0131 olur ve kontrol etkisi iyidir. Ayn\u0131 zamanda, uzun mesafe manip\u00fclasyonu pestisit p\u00fcsk\u00fcrtmenin g\u00fcvenli\u011fini b\u00fcy\u00fck \u00f6l\u00e7\u00fcde art\u0131r\u0131r.<\/p> <figure id=\"attachment_3289\" aria-describedby=\"caption-attachment-3289\" style=\"width: 600px\" class=\"wp-caption aligncenter\"><img loading=\"lazy\" decoding=\"async\" class=\"wp-image-3289 size-full\" src=\"https:\/\/www.agriculture-machine.com\/wp-content\/uploads\/2019\/04\/drone-sprayer-2.jpg\" alt=\"tarla p\u00fcsk\u00fcrt\u00fcc\u00fcs\u00fc\" width=\"600\" height=\"450\" srcset=\"https:\/\/www.agriculture-machine.com\/wp-content\/uploads\/2019\/04\/drone-sprayer-2.jpg 600w, https:\/\/www.agriculture-machine.com\/wp-content\/uploads\/2019\/04\/drone-sprayer-2-360x270.jpg 360w, https:\/\/www.agriculture-machine.com\/wp-content\/uploads\/2019\/04\/drone-sprayer-2-240x180.jpg 240w\" sizes=\"auto, (max-width: 600px) 100vw, 600px\" \/><figcaption id=\"caption-attachment-3289\" class=\"wp-caption-text\">tarla p\u00fcsk\u00fcrt\u00fcc\u00fcs\u00fc<\/figcaption><\/figure> <h2>SSS<\/h2> <ol> <li>Bah\u00e7e p\u00fcsk\u00fcrt\u00fcc\u00fc \u00e7al\u0131\u015fma s\u0131ras\u0131nda g\u00fcvenli midir?<\/li> <\/ol> <p>Evet, elbette, g\u00fcvenli \u00e7al\u0131\u015fmay\u0131 sa\u011flamak i\u00e7in bir\u00e7ok test yapt\u0131k.<\/p> <ol start=\"2\"> <li>Bu \u00fcr\u00fcnle p\u00fcsk\u00fcrt\u00fclen pestisit, t\u00fcm zararl\u0131lar\u0131 tamamen \u00f6ld\u00fcrebilir mi?<\/li> <\/ol> <p>99% b\u00f6cek tamamen \u00f6ld\u00fcr\u00fclebilir.<\/p> <ol start=\"3\"> <li>Bu tar\u0131m drone p\u00fcsk\u00fcrt\u00fcc\u00fcs\u00fcn\u00fc sat\u0131n al\u0131rsam, e\u011fitim almam gerekir mi?<\/li> <\/ol> <p>G\u00fcvenli kullan\u0131m i\u00e7in, yakla\u015f\u0131k 5 g\u00fcn fabrikam\u0131zda e\u011fitim alman\u0131z gerekir.<\/p> <ol start=\"4\"> <li>P\u00fcsk\u00fcrt\u00fcc\u00fcn\u00fcn y\u00fcksekli\u011fini kontrol edebilir miyim?<\/li> <\/ol> <p>Evet, uzaktan kumanda ile yapabilirsiniz.<\/p> <ol start=\"5\"> <li>U\u00e7u\u015f y\u00fcksekli\u011fi aral\u0131\u011f\u0131 nedir?<\/li> <\/ol> <p>Bu 1-3 metre i\u00e7indedir.<\/p>","protected":false},"excerpt":{"rendered":"<p>It is a special design garden sprayer,and it can be used to spray water, pesticide to the surface of the plant. It is a good tool for farmers, and they can use it for gardens, farmlands and other fields. The spraying speed of drones in agriculture is 4-8m\/s, which means it works with high efficiency. [&hellip;]<\/p>\n","protected":false},"author":1,"featured_media":3297,"parent":0,"comment_status":"closed","ping_status":"closed","template":"","tags":[136],"product-type":[920,1],"class_list":["post-3286","product","type-product","status-publish","has-post-thumbnail","hentry","tag-sprayer","product-type-drone-sprayer","product-type-other"],"_links":{"self":[{"href":"https:\/\/www.agriculture-machine.com\/tr\/wp-json\/wp\/v2\/product\/3286","targetHints":{"allow":["GET"]}}],"collection":[{"href":"https:\/\/www.agriculture-machine.com\/tr\/wp-json\/wp\/v2\/product"}],"about":[{"href":"https:\/\/www.agriculture-machine.com\/tr\/wp-json\/wp\/v2\/types\/product"}],"author":[{"embeddable":true,"href":"https:\/\/www.agriculture-machine.com\/tr\/wp-json\/wp\/v2\/users\/1"}],"replies":[{"embeddable":true,"href":"https:\/\/www.agriculture-machine.com\/tr\/wp-json\/wp\/v2\/comments?post=3286"}],"wp:featuredmedia":[{"embeddable":true,"href":"https:\/\/www.agriculture-machine.com\/tr\/wp-json\/wp\/v2\/media\/3297"}],"wp:attachment":[{"href":"https:\/\/www.agriculture-machine.com\/tr\/wp-json\/wp\/v2\/media?parent=3286"}],"wp:term":[{"taxonomy":"post_tag","embeddable":true,"href":"https:\/\/www.agriculture-machine.com\/tr\/wp-json\/wp\/v2\/tags?post=3286"},{"taxonomy":"product-type","embeddable":true,"href":"https:\/\/www.agriculture-machine.com\/tr\/wp-json\/wp\/v2\/product-type?post=3286"}],"curies":[{"name":"wp","href":"https:\/\/api.w.org\/{rel}","templated":true}]}}