{"id":3374,"date":"2019-04-28T03:32:40","date_gmt":"2019-04-27T19:32:40","guid":{"rendered":"https:\/\/www.agriculture-machine.com\/?p=3374"},"modified":"2026-02-27T17:12:18","modified_gmt":"2026-02-27T09:12:18","slug":"big-size-corn-sheller-machine-for-sale-corn-thresher-shelling-corn-maize","status":"publish","type":"product","link":"https:\/\/www.agriculture-machine.com\/tr\/big-size-corn-sheller-machine-for-sale-corn-thresher-shelling-corn-maize\/","title":{"rendered":"Sat\u0131l\u0131k b\u00fcy\u00fck boy m\u0131s\u0131r kabuklama makinesi | M\u0131s\u0131r ay\u0131klay\u0131c\u0131 | m\u0131s\u0131r kabu\u011fu"},"content":{"rendered":"<p class=\"translation-block\">Bu bir s\u00fcper boyut <strong>m\u0131s\u0131r kabuklama makinesi<\/strong> ve bir makine bir k\u00f6y\u00fcn tamam\u0131na hizmet verebilir, 28-35 hp trakt\u00f6rle uyumlu, bu y\u00fczden kullan\u0131m\u0131 kolayd\u0131r.<\/p>   <p><iframe loading=\"lazy\" title=\"Y\u00fcksek kapasiteli m\u0131s\u0131r kabuklama ve ay\u0131klama makinesi, saatte 12 ton kapasite ile\" width=\"500\" height=\"281\" src=\"https:\/\/www.youtube.com\/embed\/x3JAf3rrtdA?start=31&#038;feature=oembed\" frameborder=\"0\" allow=\"accelerometer; autoplay; clipboard-write; encrypted-media; gyroscope; picture-in-picture; web-share\" referrerpolicy=\"strict-origin-when-cross-origin\" allowfullscreen><\/iframe><\/p>    <h2 class=\"wp-block-heading\"><strong><b>&nbsp;<\/b><\/strong><strong><b>Ana yap\u0131 <\/b><\/strong>m\u0131s\u0131r kabuklama makinesi<\/h2>    <p>Bu kabuklama makinesi, esas olarak toplama b\u00f6l\u00fcm\u00fc, ta\u015f\u0131ma b\u00f6l\u00fcm\u00fc, ay\u0131klama b\u00f6l\u00fcm\u00fc, ay\u0131rma ve temizleme b\u00f6l\u00fcm\u00fc ve yard\u0131mc\u0131 b\u00f6l\u00fcmden olu\u015fur.<\/p>    <ul class=\"wp-block-list\"> <li>Toplama b\u00f6l\u00fcm\u00fc: ba\u015flang\u0131\u00e7ta havalanan m\u0131s\u0131r ko\u00e7anlar\u0131n\u0131 toplar<\/li>    <li>Ta\u015f\u0131ma b\u00f6l\u00fcm\u00fc: toplanan m\u0131s\u0131r ko\u00e7an\u0131n\u0131 ay\u0131klama b\u00f6l\u00fcm\u00fcne ta\u015f\u0131ma.<\/li>    <li>Hasat b\u00f6l\u00fcm\u00fc: m\u0131s\u0131r tanelerini ve ko\u00e7anlar\u0131n\u0131 ay\u0131rma<\/li>    <li>Ayr\u0131\u015ft\u0131rma ve temizleme b\u00f6l\u00fcm\u00fc: i\u00e7indeki di\u011fer kirleticileri tekrar ay\u0131r\u0131r.<\/li>    <li>Yard\u0131mc\u0131 par\u00e7a: debriyaj cihazlar\u0131, transmisyon cihazlar\u0131, g\u00fcvenlik cihazlar\u0131 vb. dahil.<\/li> <\/ul>    <figure class=\"wp-block-image aligncenter wp-image-6501 size-full\"><img loading=\"lazy\" decoding=\"async\" width=\"750\" height=\"792\" src=\"https:\/\/www.agriculture-machine.com\/wp-content\/uploads\/2019\/04\/corn-sheller.jpg\" alt=\"m\u0131s\u0131r kabu\u011fu ay\u0131klama makinesi\" class=\"wp-image-6501\" srcset=\"https:\/\/www.agriculture-machine.com\/wp-content\/uploads\/2019\/04\/corn-sheller.jpg 750w, https:\/\/www.agriculture-machine.com\/wp-content\/uploads\/2019\/04\/corn-sheller-256x270.jpg 256w, https:\/\/www.agriculture-machine.com\/wp-content\/uploads\/2019\/04\/corn-sheller-511x540.jpg 511w\" sizes=\"auto, (max-width: 750px) 100vw, 750px\" \/><figcaption class=\"wp-element-caption\">m\u0131s\u0131r kabu\u011fu ay\u0131klama makinesi<\/figcaption><\/figure>    <figure class=\"wp-block-image aligncenter wp-image-3376\"><img loading=\"lazy\" decoding=\"async\" width=\"760\" height=\"760\" src=\"https:\/\/www.agriculture-machine.com\/wp-content\/uploads\/2019\/04\/1-1.jpg\" alt=\"m\u0131s\u0131r kabuklama makinesi\" class=\"wp-image-3376\" srcset=\"https:\/\/www.agriculture-machine.com\/wp-content\/uploads\/2019\/04\/1-1.jpg 760w, https:\/\/www.agriculture-machine.com\/wp-content\/uploads\/2019\/04\/1-1-270x270.jpg 270w, https:\/\/www.agriculture-machine.com\/wp-content\/uploads\/2019\/04\/1-1-540x540.jpg 540w\" sizes=\"auto, (max-width: 760px) 100vw, 760px\" \/><figcaption class=\"wp-element-caption\">m\u0131s\u0131r kabuklama makinesi<\/figcaption><\/figure>    <h2 class=\"wp-block-heading\">M\u0131s\u0131r kabuklama makinesinin teknik parametreleri<\/h2>    <figure class=\"wp-block-table\"><table class=\"has-fixed-layout\"><tbody><tr><td>Model<\/td><td>9TY-900<\/td><\/tr><tr><td>G\u00fc\u00e7<\/td><td>28-35 hp trakt\u00f6r<\/td><\/tr><tr><td>Kapasite<\/td><td>10-12 t\/saat<\/td><\/tr><tr><td>A\u011f\u0131rl\u0131k<\/td><td>2000kg<\/td><\/tr><tr><td>Boyut<\/td><td>5500*1550*2100 mm<\/td><\/tr><\/tbody><\/table><\/figure>    <h2 class=\"wp-block-heading\">M\u0131s\u0131r kabuklama makinesi avantajlar\u0131<\/h2>    <ol class=\"wp-block-list\"> <li>Otomatik besleme haznesine sahiptir, \u00e7al\u0131\u015fma verimlili\u011fini art\u0131r\u0131r.<\/li>    <li>Y\u00fcksek kapasite. Kapasitesi 10-12 t\/saat.<\/li>    <li>Kullan\u0131c\u0131 oturabilir ve kullanabilir, bu da \u00e7ok enerji tasarrufu sa\u011flar.<\/li>    <li>Makinenin arkas\u0131ndaki \u00e7\u0131k\u0131\u015f her zaman b\u00fcy\u00fck bir torbaya ba\u011flan\u0131r, bu da toz ve di\u011fer kirleticilerin havada u\u00e7u\u015fmas\u0131n\u0131 \u00f6nler.<\/li>    <li>Titre\u015fimli par\u00e7a, ezilmi\u015f m\u0131s\u0131r ko\u00e7anlar\u0131ndan m\u0131s\u0131r tanelerini tamamen ay\u0131rabilir, a\u015fa\u011f\u0131daki y\u00f6nden d\u00fc\u015fen ezilmi\u015f m\u0131s\u0131r ko\u00e7anlar\u0131ndan.<\/li>    <li>\u00d6zel tasar\u0131m, ezilmi\u015f m\u0131s\u0131r ko\u00e7anlar\u0131n\u0131 bo\u015faltmak i\u00e7in iki \u00e7\u0131k\u0131\u015f, temizlik oran\u0131n\u0131 b\u00fcy\u00fck \u00f6l\u00e7\u00fcde art\u0131r\u0131r.<\/li>    <li>Ezilmi\u015f m\u0131s\u0131r par\u00e7alar\u0131n\u0131 bo\u015faltmak i\u00e7in k\u00fc\u00e7\u00fck bir \u00e7\u0131k\u0131\u015f vard\u0131r, bu da hayvanlara yem olarak kullan\u0131labilir.<\/li> <\/ol>    <figure class=\"wp-block-image alignnone wp-image-6502 size-full\"><img loading=\"lazy\" decoding=\"async\" width=\"750\" height=\"1467\" src=\"https:\/\/www.agriculture-machine.com\/wp-content\/uploads\/2019\/04\/corn-shelling-machine-.jpg\" alt=\"m\u0131s\u0131r kabuklama makinesi\" class=\"wp-image-6502\" srcset=\"https:\/\/www.agriculture-machine.com\/wp-content\/uploads\/2019\/04\/corn-shelling-machine-.jpg 750w, https:\/\/www.agriculture-machine.com\/wp-content\/uploads\/2019\/04\/corn-shelling-machine--138x270.jpg 138w, https:\/\/www.agriculture-machine.com\/wp-content\/uploads\/2019\/04\/corn-shelling-machine--276x540.jpg 276w\" sizes=\"auto, (max-width: 750px) 100vw, 750px\" \/><figcaption class=\"wp-element-caption\">m\u0131s\u0131r kabuklama makinesi<\/figcaption><\/figure>    <h2 class=\"wp-block-heading\">M\u0131s\u0131r kabuklama makinesi SSS<\/h2>   <div id=\"rank-math-faq\" class=\"rank-math-block\"> <div class=\"rank-math-list\"> <div id=\"faq-question-1772096703108\" class=\"rank-math-list-item\"> <h3 class=\"rank-math-question\">Bir trakt\u00f6re ihtiyac\u0131m var m\u0131?<\/h3> <div class=\"rank-math-answer\">  <p>Evet, tabii ki, 28-35 hp trakt\u00f6r.<\/p>  <\/div> <\/div> <div id=\"faq-question-1772096710749\" class=\"rank-math-list-item\"> <h3 class=\"rank-math-question\">Bu m\u0131s\u0131r ay\u0131klama makinesinin kapasitesi nedir?<\/h3> <div class=\"rank-math-answer\">  <p>10-12t\/h.<\/p>  <\/div> <\/div> <div id=\"faq-question-1772096728053\" class=\"rank-math-list-item\"> <h3 class=\"rank-math-question\">Bu m\u0131s\u0131r kabuklama makinesi sadece m\u0131s\u0131r i\u00e7in mi?<\/h3> <div class=\"rank-math-answer\">  <p>Evet, sadece m\u0131s\u0131r i\u00e7in.<\/p>  <\/div> <\/div> <div id=\"faq-question-1772096736518\" class=\"rank-math-list-item\"> <h3 class=\"rank-math-question\">Ba\u015fka var m\u0131 <a href=\"https:\/\/www.agriculture-machine.com\/tr\/maize-sheller\/\"><strong>k\u00fc\u00e7\u00fck boyutlu m\u0131s\u0131r kabuklama makinesi<\/strong><\/a>?<\/h3> <div class=\"rank-math-answer\">  <p>Evet, tabii ki, ba\u015fka t\u00fcr m\u0131s\u0131r kabuklama makinelerimiz de var.<\/p>  <\/div> <\/div> <\/div> <\/div>","protected":false},"excerpt":{"rendered":"<p>Bu, s\u00fcper boyut m\u0131s\u0131r kabuklama makinesi ve bir makine bir b\u00fct\u00fcn k\u00f6y i\u00e7in hizmet verebilir, 28-35 hp trakt\u00f6r ile uyumlu, bu y\u00fczden kullan\u0131m\u0131 kolayd\u0131r.<\/p>","protected":false},"author":1,"featured_media":3383,"parent":0,"comment_status":"closed","ping_status":"closed","template":"","tags":[2619],"product-type":[893],"class_list":["post-3374","product","type-product","status-publish","has-post-thumbnail","hentry","tag-sheller","product-type-corn-thresher"],"_links":{"self":[{"href":"https:\/\/www.agriculture-machine.com\/tr\/wp-json\/wp\/v2\/product\/3374","targetHints":{"allow":["GET"]}}],"collection":[{"href":"https:\/\/www.agriculture-machine.com\/tr\/wp-json\/wp\/v2\/product"}],"about":[{"href":"https:\/\/www.agriculture-machine.com\/tr\/wp-json\/wp\/v2\/types\/product"}],"author":[{"embeddable":true,"href":"https:\/\/www.agriculture-machine.com\/tr\/wp-json\/wp\/v2\/users\/1"}],"replies":[{"embeddable":true,"href":"https:\/\/www.agriculture-machine.com\/tr\/wp-json\/wp\/v2\/comments?post=3374"}],"wp:featuredmedia":[{"embeddable":true,"href":"https:\/\/www.agriculture-machine.com\/tr\/wp-json\/wp\/v2\/media\/3383"}],"wp:attachment":[{"href":"https:\/\/www.agriculture-machine.com\/tr\/wp-json\/wp\/v2\/media?parent=3374"}],"wp:term":[{"taxonomy":"post_tag","embeddable":true,"href":"https:\/\/www.agriculture-machine.com\/tr\/wp-json\/wp\/v2\/tags?post=3374"},{"taxonomy":"product-type","embeddable":true,"href":"https:\/\/www.agriculture-machine.com\/tr\/wp-json\/wp\/v2\/product-type?post=3374"}],"curies":[{"name":"wp","href":"https:\/\/api.w.org\/{rel}","templated":true}]}}