{"id":3502,"date":"2019-05-04T05:53:46","date_gmt":"2019-05-03T21:53:46","guid":{"rendered":"https:\/\/www.agriculture-machine.com\/?p=3502"},"modified":"2024-09-23T11:25:52","modified_gmt":"2024-09-23T03:25:52","slug":"high-capacity-beans-peeling-peeler-machine","status":"publish","type":"product","link":"https:\/\/www.agriculture-machine.com\/tr\/high-capacity-beans-peeling-peeler-machine\/","title":{"rendered":"Y\u00fcksek kapasiteli fasulye soyucu makinesi"},"content":{"rendered":"<p class=\"translation-block\">TK-300 serisi <a href=\"https:\/\/www.agriculture-machine.com\/tr\/bean-peeling-machine-green-bean-peeler\/\"><strong>fasulye soyma makinesi<\/strong><\/a> fabrikam\u0131z taraf\u0131ndan tasarlanm\u0131\u015f yeni bir \u00fcr\u00fcnd\u00fcr ve geni\u015f fasulyeler, soya fasulyeleri, bezelye vb. soyma i\u00e7in uygundur. <\/p>    <p>Bu makine, kabuk soyma i\u00e7in \u00f6zel bir \u00f6\u011f\u00fctme diski kullan\u0131r ve bo\u015fluk, fasulye boyutuna g\u00f6re ayarlanabilir, hizmet \u00f6mr\u00fcn\u00fc uzat\u0131r ve m\u00fckemmel soyma etkisi sa\u011flar.<\/p>    <p>Ayn\u0131 zamanda, ay\u0131r\u0131c\u0131 fasulye kabu\u011fu ve \u00e7ekirde\u011fi ay\u0131rmak i\u00e7in kullan\u0131l\u0131r. Bu, k\u0131r\u0131lma oran\u0131n\u0131 azalt\u0131r ve bitmi\u015f \u00fcr\u00fcn kalitesini art\u0131r\u0131r.<\/p>    <figure class=\"wp-block-image aligncenter is-resized\"><img loading=\"lazy\" decoding=\"async\" width=\"600\" height=\"500\" src=\"https:\/\/www.agriculture-machine.com\/wp-content\/uploads\/2019\/05\/beans-peeling-machine-2.jpg\" alt=\"\" class=\"wp-image-3504\" srcset=\"https:\/\/www.agriculture-machine.com\/wp-content\/uploads\/2019\/05\/beans-peeling-machine-2.jpg 600w, https:\/\/www.agriculture-machine.com\/wp-content\/uploads\/2019\/05\/beans-peeling-machine-2-324x270.jpg 324w\" sizes=\"auto, (max-width: 600px) 100vw, 600px\" \/><\/figure>    <figure class=\"wp-block-image aligncenter\"><img loading=\"lazy\" decoding=\"async\" width=\"600\" height=\"500\" src=\"https:\/\/www.agriculture-machine.com\/wp-content\/uploads\/2019\/05\/beans-peeling-machine-1.jpg\" alt=\"\" class=\"wp-image-3503\" srcset=\"https:\/\/www.agriculture-machine.com\/wp-content\/uploads\/2019\/05\/beans-peeling-machine-1.jpg 600w, https:\/\/www.agriculture-machine.com\/wp-content\/uploads\/2019\/05\/beans-peeling-machine-1-324x270.jpg 324w\" sizes=\"auto, (max-width: 600px) 100vw, 600px\" \/><\/figure>    <h2 class=\"wp-block-heading\" id=\"h-technical-parameter-of-beans-peeling-machine\">Fasulye soyma makinesinin teknik parametreleri<\/h2>    <figure class=\"wp-block-table is-style-stripes\"><table><tbody><tr><td>G\u00fc\u00e7<\/td><td>0.55-1.5kw motor<\/td><\/tr><tr><td>Diskin \u00e7ap\u0131<\/td><td>300mm<\/td><\/tr><tr><td>Soyma oran\u0131<\/td><td>95%-98%<\/td><\/tr><tr><td>Ay\u0131rma oran\u0131<\/td><td>95% -98%<\/td><\/tr><tr><td>Kapasite<\/td><td>200-300kg\/h<\/td><\/tr><tr><td>Net a\u011f\u0131rl\u0131k<\/td><td>150KG<\/td><\/tr><tr><td>Boyut<\/td><td>400*1400*1300mm<\/td><\/tr><\/tbody><\/table><figcaption class=\"wp-element-caption\">fasulye soyma makinesi teknik verileri<\/figcaption><\/figure>    <h2 class=\"wp-block-heading\" id=\"h-working-principle-of-beans-peeling-machine\">Fasulye soyma makinesinin \u00e7al\u0131\u015fma prensibi<\/h2>    <p>Fasulyeler, diskin y\u00fczeyine yap\u0131\u015fmadan, \u00e7ekirdek ve kabuk kar\u0131\u015f\u0131m\u0131 filtreye girer ve daha sonra fan taraf\u0131ndan emilen di\u011fer tozlar uzakla\u015ft\u0131r\u0131l\u0131r.<\/p>    <figure class=\"wp-block-image aligncenter\"><img loading=\"lazy\" decoding=\"async\" width=\"600\" height=\"500\" src=\"https:\/\/www.agriculture-machine.com\/wp-content\/uploads\/2019\/05\/beans-peeling-machine-3.jpg\" alt=\"\" class=\"wp-image-3505\" srcset=\"https:\/\/www.agriculture-machine.com\/wp-content\/uploads\/2019\/05\/beans-peeling-machine-3.jpg 600w, https:\/\/www.agriculture-machine.com\/wp-content\/uploads\/2019\/05\/beans-peeling-machine-3-324x270.jpg 324w\" sizes=\"auto, (max-width: 600px) 100vw, 600px\" \/><\/figure>    <h2 class=\"wp-block-heading\" id=\"h-advantage-of-beans-peeling-machine\">Fasulye soyma makinesinin avantajlar\u0131<\/h2>    <p>1. High peeling rate and separating rate. Both are 95%-98%.<br>2. Farkl\u0131 ham maddelerin boyutuna g\u00f6re bo\u015fluk ayarlanabilir.<br>Fasulye, fasulye soyma makinesiyle e\u015fit \u015fekilde ikiye b\u00f6l\u00fcnebilir, besin de\u011feri azalmaz.<br>4. Soyulmu\u015f fasulyeler daha lezzetli olur, g\u0131da i\u015fleme end\u00fcstrilerinde yayg\u0131n olarak kullan\u0131l\u0131r.<br>5. Soyma sonras\u0131 k\u0131r\u0131k fasulye yok.<\/p>    <figure class=\"wp-block-image aligncenter\"><img loading=\"lazy\" decoding=\"async\" width=\"600\" height=\"500\" src=\"https:\/\/www.agriculture-machine.com\/wp-content\/uploads\/2019\/05\/beans-peeling-machine-4.jpg\" alt=\"\" class=\"wp-image-3506\" srcset=\"https:\/\/www.agriculture-machine.com\/wp-content\/uploads\/2019\/05\/beans-peeling-machine-4.jpg 600w, https:\/\/www.agriculture-machine.com\/wp-content\/uploads\/2019\/05\/beans-peeling-machine-4-324x270.jpg 324w\" sizes=\"auto, (max-width: 600px) 100vw, 600px\" \/><\/figure>    <h2 class=\"wp-block-heading\" id=\"h-common-malfunction-and-related-solutions-beans-peeling-machine\">Fasulye soyma makinesinin yayg\u0131n ar\u0131zalar\u0131 ve \u00e7\u00f6z\u00fcmleri<\/h2>    <figure class=\"wp-block-table is-style-stripes\"><table><tbody><tr><td>Ar\u0131za<\/td><td>Neden<\/td><td>\u00c7\u00f6z\u00fcm<\/td><\/tr><tr><td>D\u00fc\u015f\u00fck soyma oran\u0131<\/td><td>fasulye \u00e7ok fazla nem i\u00e7eriyor<\/td><td>Nem oran\u0131n\u0131 d\u00fc\u015f\u00fcrme<\/td><\/tr><tr><td>A\u015f\u0131r\u0131 bo\u015fluk<\/td><td>bo\u015flu\u011fu ayarla<\/td><\/tr><tr><td>Y\u00fcksek k\u0131r\u0131lma oran\u0131<\/td><td>\u00e7ok fazla ham madde<\/td><td>Ham maddeyi giri\u015fe uygun \u015fekilde yerle\u015ftir<\/td><\/tr><tr><td>Bo\u015fluk \u00e7ok yak\u0131n<\/td><td>Bo\u015flu\u011fu art\u0131r<\/td><\/tr><tr><td>Diskin y\u00fczeyi d\u00fczensiz<\/td><td>Y\u00fczeyini d\u00fczle\u015ftir<\/td><\/tr><tr><td>&nbsp;D\u00fc\u015f\u00fck su i\u00e7eri\u011fi<\/td><td>Daha fazla su ekle<\/td><\/tr><tr><td>Kabuklar \u00e7ekirdeklerle kar\u0131\u015fm\u0131\u015f<\/td><td>\u00c7\u0131k\u0131\u015f t\u0131kanmas\u0131<\/td><td>Ham maddeyi \u00e7\u0131kar<\/td><\/tr><tr><td>Fan \u00e7\u0131k\u0131\u015f\u0131n\u0131 t\u0131kama<\/td><\/tr><tr><td>Kabuklar \u00e7ekirdeklerle kar\u0131\u015fm\u0131\u015f<\/td><td>&nbsp;R\u00fczgar h\u0131z\u0131 \u00e7ok y\u00fcksek<\/td><td>Damper\u0131 d\u00fczg\u00fcn a\u00e7\u0131n<\/td><\/tr><\/tbody><\/table><figcaption class=\"wp-element-caption\">Makine ar\u0131zas\u0131 durumunda \u00e7\u00f6z\u00fcmler<\/figcaption><\/figure>    <h2 class=\"wp-block-heading\" id=\"h-precautions-of-beans-peeling-machine\">Fasulye soyma makinesinin \u00f6nlemleri<\/h2>    <p>1. Fasulye genellikle \u00e7ak\u0131l ta\u015flar\u0131 gibi sert maddeler i\u00e7erir, bu da i\u015flem s\u0131ras\u0131nda \u00f6\u011f\u00fctme diskinin zarar g\u00f6rmesine neden olur. Manuel veya elek ile \u00e7\u0131kar\u0131lmal\u0131d\u0131r.<br>2. Fasulye soyma makinesi kullan\u0131m\u0131 s\u0131ras\u0131nda, \u00f6\u011f\u00fctme diskinin a\u015f\u0131nmas\u0131 veya fasulyedeki (ta\u015flar, vidalar vb.) yabanc\u0131 maddelerin diskin y\u00fczeyini d\u00fczensiz hale getirmesi, d\u00fc\u015f\u00fck k\u0131r\u0131lma oran\u0131na ve k\u00f6t\u00fc kapasiteye neden olur.<\/p>    <p>Yukar\u0131daki durum olu\u015fursa, \u00f6\u011f\u00fctme diski demir kaz\u0131y\u0131c\u0131 veya elmas kesim par\u00e7as\u0131 ile i\u015flenebilir.<br>3. \u00d6\u011f\u00fctme diski takarken, operat\u00f6r \u00fcst ve alt \u00f6\u011f\u00fctme diskleri aras\u0131ndaki bo\u015flu\u011fa dikkat etmeli ve \u00e7evresel bo\u015fluk temel olarak ayn\u0131 olmal\u0131d\u0131r.<\/p>    <figure class=\"wp-block-image aligncenter\"><img loading=\"lazy\" decoding=\"async\" width=\"600\" height=\"500\" src=\"https:\/\/www.agriculture-machine.com\/wp-content\/uploads\/2019\/05\/beans-peeling-machine-5.jpg\" alt=\"\" class=\"wp-image-3507\" srcset=\"https:\/\/www.agriculture-machine.com\/wp-content\/uploads\/2019\/05\/beans-peeling-machine-5.jpg 600w, https:\/\/www.agriculture-machine.com\/wp-content\/uploads\/2019\/05\/beans-peeling-machine-5-324x270.jpg 324w\" sizes=\"auto, (max-width: 600px) 100vw, 600px\" \/><\/figure>    <h2 class=\"wp-block-heading\" id=\"h-how-to-install-grinding-disc-of-beans-peeling-machine\">Fasulye soyma makinesinin \u00f6\u011f\u00fctme diski nas\u0131l tak\u0131l\u0131r<\/h2>    <p>1. Fasulye soyma makinesinin besleme haznesini, demir levhay\u0131 ve \u00f6\u011f\u00fctme yuvas\u0131n\u0131 \u00e7\u0131kar\u0131n.<br>2. \u00d6\u011f\u00fctme diski tak\u0131n.<br>3. Panelleri \u00fc\u00e7 tarafl\u0131 s\u00f6k\u00fcn.<br>4. \u00dcst \u00f6\u011f\u00fctme diski \u00fczerinde bir nokta belirleyin (i\u015faret yap\u0131n), sonra alt \u00f6\u011f\u00fctme diskini \u00e7evirin ve paralel olup olmad\u0131\u011f\u0131n\u0131 kontrol edin. E\u011fer b\u00fcy\u00fck bir yukar\u0131-a\u015fa\u011f\u0131 dalgalanma varsa, alt \u00f6\u011f\u00fctme diski vidas\u0131n\u0131 ayarlayarak paralel hale getirin.<br>5. Alt \u00f6\u011f\u00fctme diski yukar\u0131ya ayarlanmal\u0131, b\u00f6ylece \u00fcst \u00f6\u011f\u00fctme diski ile temas edebilir.<br>6. Alt \u00f6\u011f\u00fctme diskini yukar\u0131ya ayarlayarak \u00fcst diske vurmas\u0131n\u0131 sa\u011flay\u0131n.<\/p>    <h2 class=\"wp-block-heading\" id=\"h-successful-case-of-beans-peeling-machine\">Fasulye soyma makinesi ba\u015far\u0131 hikayesi<\/h2>    <p>Bir zamanlar Kanada'ya 5 set fasulye soyma makinesi satt\u0131k ve a\u015fa\u011f\u0131da paketleme detaylar\u0131 bulunmaktad\u0131r. Daha fazla teslimat haberleri i\u00e7in a\u015fa\u011f\u0131daki ba\u011flant\u0131y\u0131 a\u00e7abilirsiniz.<\/p>    <p><strong><a href=\"https:\/\/www.agriculture-machine.com\/tr\/agricultural-machine\/\">Tar\u0131m makineleri teslimat haberleri<\/a><\/strong><\/p>    <h2 class=\"wp-block-heading\" id=\"h-faq-of-beans-peeling-machine\"><img loading=\"lazy\" decoding=\"async\" width=\"600\" height=\"500\" class=\"size-full wp-image-3508 aligncenter\" src=\"https:\/\/www.agriculture-machine.com\/wp-content\/uploads\/2019\/05\/beans-peeling-machine-6.jpg\" alt=\"\" srcset=\"https:\/\/www.agriculture-machine.com\/wp-content\/uploads\/2019\/05\/beans-peeling-machine-6.jpg 600w, https:\/\/www.agriculture-machine.com\/wp-content\/uploads\/2019\/05\/beans-peeling-machine-6-324x270.jpg 324w\" sizes=\"auto, (max-width: 600px) 100vw, 600px\" \/><br>Fasulye soyma makinesi SSS<\/h2>   <div id=\"rank-math-faq\" class=\"rank-math-block\"> <div class=\"rank-math-list\"> <div id=\"faq-question-1705656159566\" class=\"rank-math-list-item\"> <h3 class=\"rank-math-question\">Makine fasulyeleri e\u015fit \u015fekilde ay\u0131rabilir mi?<\/h3> <div class=\"rank-math-answer\">  <p>Evet, tabii ki.<\/p>  <\/div> <\/div> <div id=\"faq-question-1705656165185\" class=\"rank-math-list-item\"> <h3 class=\"rank-math-question\">Hammadde nedir?<\/h3> <div class=\"rank-math-answer\">  <p>Ham madde geni\u015f fasulye, soya fasulyesi, bezelye vb. olabilir.<\/p>  <\/div> <\/div> <div id=\"faq-question-1705656182954\" class=\"rank-math-list-item\"> <h3 class=\"rank-math-question\">Fresin bo\u015flu\u011fu ayarlanabilir mi?<\/h3> <div class=\"rank-math-answer\">  <p>Evet, ayarlanabilir.<\/p>  <\/div> <\/div> <\/div> <\/div>   <h2 class=\"wp-block-heading\">\u0130stedi\u011finiz zaman bizimle ileti\u015fime ge\u00e7in<\/h2>    <p>Soya fasulyesi soyma makinemize ilgi duyuyorsan\u0131z veya herhangi bir sorunuz varsa, l\u00fctfen detayl\u0131 bilgi i\u00e7in profesyonel ekibimizle ileti\u015fime ge\u00e7in. Sizi en k\u0131sa s\u00fcrede yan\u0131tlamay\u0131 d\u00f6rt g\u00f6zle bekliyoruz ve fabrikam\u0131z\u0131 ziyaret etmenizi memnuniyetle kar\u015f\u0131l\u0131yoruz. Size m\u00fckemmel hizmetler ve \u00e7\u00f6z\u00fcmler sunmay\u0131 umuyoruz.<\/p>","protected":false},"excerpt":{"rendered":"<p>TK-300 serisi fasulye soyma makinesi, fabrikam\u0131z taraf\u0131ndan tasarlanm\u0131\u015f yeni bir \u00fcr\u00fcnd\u00fcr ve geni\u015f fasulyeler, soya fasulyeleri, bezelye vb. soyma i\u00e7in uygundur. Kabuk ile \u00e7ekirdek ay\u0131rmak i\u00e7in bir ay\u0131r\u0131c\u0131 kullanmak k\u0131r\u0131lma oran\u0131n\u0131 azalt\u0131r.<\/p>","protected":false},"author":1,"featured_media":3504,"parent":0,"comment_status":"closed","ping_status":"closed","template":"","tags":[2613],"product-type":[902],"class_list":["post-3502","product","type-product","status-publish","has-post-thumbnail","hentry","tag-peeling","product-type-soybean-peeling-machine"],"_links":{"self":[{"href":"https:\/\/www.agriculture-machine.com\/tr\/wp-json\/wp\/v2\/product\/3502","targetHints":{"allow":["GET"]}}],"collection":[{"href":"https:\/\/www.agriculture-machine.com\/tr\/wp-json\/wp\/v2\/product"}],"about":[{"href":"https:\/\/www.agriculture-machine.com\/tr\/wp-json\/wp\/v2\/types\/product"}],"author":[{"embeddable":true,"href":"https:\/\/www.agriculture-machine.com\/tr\/wp-json\/wp\/v2\/users\/1"}],"replies":[{"embeddable":true,"href":"https:\/\/www.agriculture-machine.com\/tr\/wp-json\/wp\/v2\/comments?post=3502"}],"wp:featuredmedia":[{"embeddable":true,"href":"https:\/\/www.agriculture-machine.com\/tr\/wp-json\/wp\/v2\/media\/3504"}],"wp:attachment":[{"href":"https:\/\/www.agriculture-machine.com\/tr\/wp-json\/wp\/v2\/media?parent=3502"}],"wp:term":[{"taxonomy":"post_tag","embeddable":true,"href":"https:\/\/www.agriculture-machine.com\/tr\/wp-json\/wp\/v2\/tags?post=3502"},{"taxonomy":"product-type","embeddable":true,"href":"https:\/\/www.agriculture-machine.com\/tr\/wp-json\/wp\/v2\/product-type?post=3502"}],"curies":[{"name":"wp","href":"https:\/\/api.w.org\/{rel}","templated":true}]}}