{"id":3551,"date":"2019-05-08T04:40:47","date_gmt":"2019-05-07T20:40:47","guid":{"rendered":"https:\/\/www.agriculture-machine.com\/?p=3551"},"modified":"2025-07-11T18:20:20","modified_gmt":"2025-07-11T10:20:20","slug":"4-types-of-automatic-corn-sheller-for-sale-shelling-corn-maize","status":"publish","type":"product","link":"https:\/\/www.agriculture-machine.com\/tr\/4-types-of-automatic-corn-sheller-for-sale-shelling-corn-maize\/","title":{"rendered":"Otomatik M\u0131s\u0131r Kabuk Soyucu | M\u0131s\u0131r Ay\u0131klama Makinesi"},"content":{"rendered":"<p>Otomatik m\u0131s\u0131r kabuklama makineleri, m\u0131s\u0131r tanelerini ko\u00e7andan h\u0131zla ay\u0131rmak i\u00e7in kullan\u0131l\u0131r. En \u00e7ok satan TY-80A, TY-80B, TY-80C ve TY-80D modellerimiz, saatte 4-6 ton y\u00fcksek kapasiteli donan\u0131mlard\u0131r. <\/p>    <p>Tarla, kooperatif ve tar\u0131msal dikim alanlar\u0131 gibi senaryolarda yayg\u0131n olarak kullan\u0131l\u0131r ve \u00f6zellikle k\u0131rsal alanlarda merkezi kullan\u0131m i\u00e7in uygundur. <\/p>    <p>Bir makine t\u00fcm k\u00f6y\u00fc hizmet verebilir, bu da dane ay\u0131klama verimlili\u011fini b\u00fcy\u00fck \u00f6l\u00e7\u00fcde art\u0131r\u0131r ve i\u015f\u00e7ilik maliyetlerini azalt\u0131r, bu da \u00e7ift\u00e7iler i\u00e7in verimli tah\u0131l i\u015fleme sa\u011flamak ad\u0131na ideal bir se\u00e7imdir.<\/p>    <figure class=\"wp-block-embed aligncenter is-type-video is-provider-youtube wp-block-embed-youtube wp-embed-aspect-16-9 wp-has-aspect-ratio\"><div class=\"wp-block-embed__wrapper\"> <iframe loading=\"lazy\" title=\"B\u00fcy\u00fck boy 4-6t\/h m\u0131s\u0131r kabuklama makinesi \/ m\u0131s\u0131r ay\u0131klama makinesi \/ fabrika\" width=\"500\" height=\"281\" src=\"https:\/\/www.youtube.com\/embed\/wa9sml4IRZo?feature=oembed\" frameborder=\"0\" allow=\"accelerometer; autoplay; clipboard-write; encrypted-media; gyroscope; picture-in-picture; web-share\" referrerpolicy=\"strict-origin-when-cross-origin\" allowfullscreen><\/iframe> <\/div><figcaption class=\"wp-element-caption\">B\u00fcy\u00fck kapasiteli m\u0131s\u0131r ay\u0131klama makinesi \u00e7al\u0131\u015fma videosu<\/figcaption><\/figure>    <h2 class=\"wp-block-heading\">S\u0131cak sat\u0131\u015f m\u0131s\u0131r kabuklama makinesinin avantajlar\u0131<\/h2>    <ul class=\"wp-block-list\"> <li>High degermination rate: the degermination rate is up to 99.5% or more, almost no broken and residue.<\/li>    <li>\u00c7ok d\u00fc\u015f\u00fck kirletici oran\u0131: hava se\u00e7imi ve titre\u015fimli tarama sistemi sonras\u0131, m\u0131s\u0131r tohumu temiz ve kirleticisizdir, kirletici oran\u0131 %1'den azd\u0131r.<\/li>    <li>G\u00fc\u00e7l\u00fc \u00fcretim kapasitesi: m\u0131s\u0131r kabuklama kapasitesi saatte 4-6 ton ula\u015fabilir, piyasadaki benzer \u00fcr\u00fcnleri b\u00fcy\u00fck \u00f6l\u00e7\u00fcde a\u015far.<\/li>    <li>Otomatik besleme: otomatik besleme haznesi ile donat\u0131lm\u0131\u015f, besleme h\u0131z\u0131n\u0131 art\u0131r\u0131r ve i\u015f\u00e7ilikten tasarruf sa\u011flar.<\/li>    <li>Geli\u015fmi\u015f yap\u0131: g\u00f6m\u00fcl\u00fc ay\u0131klama tamburu, fan, asans\u00f6r, saman emici ve tarama sistemi entegre tasar\u0131m, otomatik temizlik ve se\u00e7im sa\u011flar.<\/li>    <li>G\u00fc\u00e7 se\u00e7imi: 15 hp dizel motor veya 7,5 kW motor ile donat\u0131lm\u0131\u015f, farkl\u0131 g\u00fc\u00e7 ortamlar\u0131na uyum sa\u011flar.<\/li>    <li>K\u0131rsal kooperatif kullan\u0131m\u0131 i\u00e7in uygun: y\u00fcksek verimlilik ve dayan\u0131kl\u0131l\u0131k, bir\u00e7ok aile taraf\u0131ndan payla\u015f\u0131lan tek makine, tar\u0131msal kooperatifler ve k\u0131rsal merkezi i\u015fletmeler i\u00e7in uygundur.<\/li> <\/ul>    <figure class=\"wp-block-gallery has-nested-images columns-2 is-cropped wp-block-gallery-2 is-layout-flex wp-block-gallery-is-layout-flex\"> <figure class=\"wp-block-image size-large\"><img loading=\"lazy\" decoding=\"async\" width=\"600\" height=\"500\" data-id=\"3561\" src=\"https:\/\/www.agriculture-machine.com\/wp-content\/uploads\/2019\/05\/corn-shelling-machine-9.jpg\" alt=\"\" class=\"wp-image-3561\" srcset=\"https:\/\/www.agriculture-machine.com\/wp-content\/uploads\/2019\/05\/corn-shelling-machine-9.jpg 600w, https:\/\/www.agriculture-machine.com\/wp-content\/uploads\/2019\/05\/corn-shelling-machine-9-324x270.jpg 324w\" sizes=\"auto, (max-width: 600px) 100vw, 600px\" \/><figcaption class=\"wp-element-caption\">otomatik m\u0131s\u0131r kabuklama makinesi<\/figcaption><\/figure>    <figure class=\"wp-block-image size-large\"><img loading=\"lazy\" decoding=\"async\" width=\"600\" height=\"500\" data-id=\"3560\" src=\"https:\/\/www.agriculture-machine.com\/wp-content\/uploads\/2019\/05\/corn-shelling-machine-8.jpg\" alt=\"\" class=\"wp-image-3560\" srcset=\"https:\/\/www.agriculture-machine.com\/wp-content\/uploads\/2019\/05\/corn-shelling-machine-8.jpg 600w, https:\/\/www.agriculture-machine.com\/wp-content\/uploads\/2019\/05\/corn-shelling-machine-8-324x270.jpg 324w\" sizes=\"auto, (max-width: 600px) 100vw, 600px\" \/><figcaption class=\"wp-element-caption\">otomatik m\u0131s\u0131r kabuklama makinesi<\/figcaption><\/figure> <\/figure>    <figure class=\"wp-block-gallery has-nested-images columns-2 is-cropped wp-block-gallery-3 is-layout-flex wp-block-gallery-is-layout-flex\"> <figure class=\"wp-block-image size-large\"><img loading=\"lazy\" decoding=\"async\" width=\"600\" height=\"500\" data-id=\"3565\" src=\"https:\/\/www.agriculture-machine.com\/wp-content\/uploads\/2019\/05\/corn-shelling-machine-13.jpg\" alt=\"\" class=\"wp-image-3565\" srcset=\"https:\/\/www.agriculture-machine.com\/wp-content\/uploads\/2019\/05\/corn-shelling-machine-13.jpg 600w, https:\/\/www.agriculture-machine.com\/wp-content\/uploads\/2019\/05\/corn-shelling-machine-13-324x270.jpg 324w\" sizes=\"auto, (max-width: 600px) 100vw, 600px\" \/><figcaption class=\"wp-element-caption\">maize kabuklama makinesi sitesi<\/figcaption><\/figure>    <figure class=\"wp-block-image size-large\"><img loading=\"lazy\" decoding=\"async\" width=\"600\" height=\"500\" data-id=\"3564\" src=\"https:\/\/www.agriculture-machine.com\/wp-content\/uploads\/2019\/05\/corn-shelling-machine-12.jpg\" alt=\"\" class=\"wp-image-3564\" srcset=\"https:\/\/www.agriculture-machine.com\/wp-content\/uploads\/2019\/05\/corn-shelling-machine-12.jpg 600w, https:\/\/www.agriculture-machine.com\/wp-content\/uploads\/2019\/05\/corn-shelling-machine-12-324x270.jpg 324w\" sizes=\"auto, (max-width: 600px) 100vw, 600px\" \/><figcaption class=\"wp-element-caption\">maize kabuklama makinesi sitesi<\/figcaption><\/figure> <\/figure>    <h2 class=\"wp-block-heading\">M\u0131s\u0131r ay\u0131klama prensibi<\/h2>    <ol class=\"wp-block-list\"> <li>Otomatik besleme: t\u00fcm ko\u00e7an\u0131 otomatik besleme konvey\u00f6r band\u0131na koyun ve ekipman otomatik olarak ay\u0131klama odas\u0131na besler.<\/li>    <li>Ay\u0131klama ve ay\u0131rma: ay\u0131klama odas\u0131ndaki silindir y\u00fcksek h\u0131zda \u00e7al\u0131\u015f\u0131r, m\u0131s\u0131rlar\u0131 yuvarlar ve ovar, taneleri ko\u00e7andan ay\u0131r\u0131r.<\/li>    <li>Tanelerin \u00f6n tarama: ay\u0131klanan m\u0131s\u0131r taneleri ve az miktarda kirli madde, titre\u015fimli ekran ve hareket ettiriciye d\u00fc\u015fer.<\/li>    <li>Kirleticilerin ayr\u0131lmas\u0131: daha k\u00fc\u00e7\u00fck kirleticiler ekran a\u00e7\u0131kl\u0131\u011f\u0131ndan d\u00fc\u015fer, daha b\u00fcy\u00fck kirleticiler ise m\u0131s\u0131r ile birlikte bo\u015faltma noktas\u0131na hareket eder.<\/li>    <li>\u0130kincil ar\u0131tma: y\u00fcksek verimli vakum fan\u0131, m\u0131s\u0131r kabu\u011fu gibi ince kirleticileri otomatik olarak emer ve b\u00f6ylece net tohum oran\u0131n\u0131 art\u0131r\u0131r.<\/li>    <li>Tane toplama: temizlenmi\u015f m\u0131s\u0131r tohumlar\u0131, ekran \u00fczerindeki bo\u015fluktan toplanma torbas\u0131na veya bo\u015faltma cihaz\u0131na girer.<\/li>    <li>Tane bo\u015faltma: ay\u0131klama sonras\u0131 m\u0131s\u0131r taneleri, otomatik olarak sap \u00e7\u0131k\u0131\u015f\u0131ndan bo\u015falt\u0131l\u0131r, bu da birle\u015fik i\u015flem veya geri d\u00f6n\u00fc\u015f\u00fcm i\u00e7in uygundur.<\/li> <\/ol>    <figure class=\"wp-block-embed aligncenter is-type-video is-provider-youtube wp-block-embed-youtube wp-embed-aspect-16-9 wp-has-aspect-ratio\"><div class=\"wp-block-embed__wrapper\"> <iframe loading=\"lazy\" title=\"Verimli M\u0131s\u0131r Kabuklama Makinesi: Hasat S\u00fcrecinizi Kolayla\u015ft\u0131r\u0131n!#m\u0131s\u0131r #maize\" width=\"500\" height=\"281\" src=\"https:\/\/www.youtube.com\/embed\/FE4BLC6WuxE?feature=oembed\" frameborder=\"0\" allow=\"accelerometer; autoplay; clipboard-write; encrypted-media; gyroscope; picture-in-picture; web-share\" referrerpolicy=\"strict-origin-when-cross-origin\" allowfullscreen><\/iframe> <\/div><figcaption class=\"wp-element-caption\">B\u00fcy\u00fck m\u0131s\u0131r kabuklama makinesi \u00e7al\u0131\u015fma videosu<\/figcaption><\/figure>    <h2 class=\"wp-block-heading\">M\u0131s\u0131r tohumlar\u0131n\u0131 toplaman\u0131n \u00fc\u00e7 yolu<\/h2>    <ol class=\"wp-block-list\"> <li>Toprak serme: m\u0131s\u0131r tohumlar\u0131 do\u011frudan topra\u011fa bo\u015falt\u0131labilir, sonraki kurutma ve kurutma i\u015flemleri i\u00e7in uygundur.<\/li>    <li>Toplama torbas\u0131 depolama: temiz m\u0131s\u0131r tohumlar\u0131, aray\u00fcz arac\u0131l\u0131\u011f\u0131yla kuma\u015f torbaya do\u011frudan konur ve saklan\u0131r, bu da ta\u015f\u0131may\u0131 ve depolamay\u0131 kolayla\u015ft\u0131r\u0131r.<\/li>    <li>Araba y\u00fckleme: tohumlar, merkezi ta\u015f\u0131mac\u0131l\u0131k veya al\u0131c\u0131lar ve perakendecilere yerinde sat\u0131\u015f i\u00e7in uygun olan bir arabaya da bo\u015falt\u0131labilir.<\/li> <\/ol>    <figure class=\"wp-block-gallery has-nested-images columns-2 is-cropped wp-block-gallery-4 is-layout-flex wp-block-gallery-is-layout-flex\"> <figure class=\"wp-block-image size-large\"><img loading=\"lazy\" decoding=\"async\" width=\"600\" height=\"500\" data-id=\"3557\" src=\"https:\/\/www.agriculture-machine.com\/wp-content\/uploads\/2019\/05\/corn-shelling-machine-5.jpg\" alt=\"\" class=\"wp-image-3557\" srcset=\"https:\/\/www.agriculture-machine.com\/wp-content\/uploads\/2019\/05\/corn-shelling-machine-5.jpg 600w, https:\/\/www.agriculture-machine.com\/wp-content\/uploads\/2019\/05\/corn-shelling-machine-5-324x270.jpg 324w\" sizes=\"auto, (max-width: 600px) 100vw, 600px\" \/><figcaption class=\"wp-element-caption\">m\u0131s\u0131r ay\u0131klama makinesi<\/figcaption><\/figure>    <figure class=\"wp-block-image size-large\"><img loading=\"lazy\" decoding=\"async\" width=\"600\" height=\"500\" data-id=\"3553\" src=\"https:\/\/www.agriculture-machine.com\/wp-content\/uploads\/2019\/05\/corn-shelling-machine-1.jpg\" alt=\"\" class=\"wp-image-3553\" srcset=\"https:\/\/www.agriculture-machine.com\/wp-content\/uploads\/2019\/05\/corn-shelling-machine-1.jpg 600w, https:\/\/www.agriculture-machine.com\/wp-content\/uploads\/2019\/05\/corn-shelling-machine-1-324x270.jpg 324w\" sizes=\"auto, (max-width: 600px) 100vw, 600px\" \/><figcaption class=\"wp-element-caption\">m\u0131s\u0131r ay\u0131klama makinesi<\/figcaption><\/figure> <\/figure>    <figure class=\"wp-block-gallery has-nested-images columns-2 is-cropped wp-block-gallery-5 is-layout-flex wp-block-gallery-is-layout-flex\"> <figure class=\"wp-block-image size-large\"><img loading=\"lazy\" decoding=\"async\" width=\"600\" height=\"500\" data-id=\"3559\" src=\"https:\/\/www.agriculture-machine.com\/wp-content\/uploads\/2019\/05\/corn-shelling-machine-7.jpg\" alt=\"\" class=\"wp-image-3559\" srcset=\"https:\/\/www.agriculture-machine.com\/wp-content\/uploads\/2019\/05\/corn-shelling-machine-7.jpg 600w, https:\/\/www.agriculture-machine.com\/wp-content\/uploads\/2019\/05\/corn-shelling-machine-7-324x270.jpg 324w\" sizes=\"auto, (max-width: 600px) 100vw, 600px\" \/><figcaption class=\"wp-element-caption\">maize kabuklama makinesi sitesi<\/figcaption><\/figure>    <figure class=\"wp-block-image size-large\"><img loading=\"lazy\" decoding=\"async\" width=\"600\" height=\"500\" data-id=\"3558\" src=\"https:\/\/www.agriculture-machine.com\/wp-content\/uploads\/2019\/05\/corn-shelling-machine-6.jpg\" alt=\"\" class=\"wp-image-3558\" srcset=\"https:\/\/www.agriculture-machine.com\/wp-content\/uploads\/2019\/05\/corn-shelling-machine-6.jpg 600w, https:\/\/www.agriculture-machine.com\/wp-content\/uploads\/2019\/05\/corn-shelling-machine-6-324x270.jpg 324w\" sizes=\"auto, (max-width: 600px) 100vw, 600px\" \/><figcaption class=\"wp-element-caption\">maize kabuklama makinesi sitesi<\/figcaption><\/figure> <\/figure>    <h2 class=\"wp-block-heading\">M\u0131s\u0131r kabuklama makinesi teknik parametreleri<\/h2>    <figure class=\"wp-block-table is-style-stripes\"><table><tbody><tr><td>Model<\/td><td>TY-80A<\/td><td>TY-80B<\/td><td>TY-80C<\/td><td>TY-80D<\/td><\/tr><tr><td>G\u00fc\u00e7<\/td><td>15HP dizel motor veya 7,5 kW motor<\/td><td>15HP dizel motor veya 7,5 kW motor<\/td><td>15HP dizel motor veya 7,5 kW motor<\/td><td>15HP dizel motor veya 7,5 kW motor<\/td><\/tr><tr><td>Kapasite<\/td><td>4t\/s (M\u0131s\u0131r tohumlar\u0131)<\/td><td>5t\/h (M\u0131s\u0131r tohumlar\u0131)<\/td><td>5t\/h (M\u0131s\u0131r tohumlar\u0131)<\/td><td>6t\/s (M\u0131s\u0131r tohumlar\u0131)<\/td><\/tr><tr><td>Ay\u0131klama oran\u0131<\/td><td>\u226599,5%<\/td><td>&nbsp;\u226599,5%<\/td><td>\u226599,5%<\/td><td>\u226599,5%<\/td><\/tr><tr><td>Kay\u0131p oran\u0131<\/td><td>\u22642,0%<\/td><td>\u22642,0%<\/td><td>\u22642,0%<\/td><td>\u22642,0%<\/td><\/tr><tr><td>K\u0131r\u0131lma oran\u0131<\/td><td>\u22641,5%<\/td><td>\u22641,5%<\/td><td>\u22641,5%<\/td><td>\u22641,5%<\/td><\/tr><tr><td>Kirletici oran\u0131<\/td><td>\u22641,0%<\/td><td>\u22641,0%<\/td><td>\u22641,0%<\/td><td>\u22641,0%<\/td><\/tr><tr><td>A\u011f\u0131rl\u0131k<\/td><td>200kg<\/td><td>230kg<\/td><td>320kg<\/td><td>350kg<\/td><\/tr><tr><td>Boyut<\/td><td>2360*1360*1480 mm<\/td><td>2360*1360*2000 mm<\/td><td>3860*1360*1480 mm<\/td><td>3860*1360*2480 mm<\/td><\/tr><\/tbody><\/table><figcaption class=\"wp-element-caption\">maize m\u0131s\u0131r kabuklama makinesi detayl\u0131 bilgi<\/figcaption><\/figure>    <p class=\"translation-block\"><strong><span style=\"color: #ff0000\">\u00a0 \u00a0 \u00a0 \u00a0 \u00a0 \u00a0 \u00a0 \u00a0 \u00a0 \u00a0 \u00a0 \u00a0 \u00a0 \u00a0 \u00a0 \u00a0 \u00a0 TY-80A\u00a0 \u00a0 \u00a0 \u00a0 \u00a0 \u00a0 \u00a0 \u00a0 \u00a0 \u00a0 \u00a0 \u00a0 \u00a0 \u00a0 \u00a0 \u00a0 \u00a0 \u00a0 \u00a0 \u00a0 \u00a0 \u00a0 \u00a0 \u00a0 \u00a0 \u00a0 \u00a0 \u00a0 \u00a0 <b>TY-80B<\/b>\u00a0 \u00a0 \u00a0 \u00a0 \u00a0 \u00a0 \u00a0 \u00a0 \u00a0 \u00a0 \u00a0 \u00a0 \u00a0 \u00a0 \u00a0 \u00a0 \u00a0<\/span><\/strong><\/p>    <figure class=\"wp-block-gallery has-nested-images columns-2 is-cropped wp-block-gallery-6 is-layout-flex wp-block-gallery-is-layout-flex\"> <figure class=\"wp-block-image size-large\"><img loading=\"lazy\" decoding=\"async\" width=\"600\" height=\"500\" data-id=\"3562\" src=\"https:\/\/www.agriculture-machine.com\/wp-content\/uploads\/2019\/05\/corn-shelling-machine-10.jpg\" alt=\"\" class=\"wp-image-3562\" srcset=\"https:\/\/www.agriculture-machine.com\/wp-content\/uploads\/2019\/05\/corn-shelling-machine-10.jpg 600w, https:\/\/www.agriculture-machine.com\/wp-content\/uploads\/2019\/05\/corn-shelling-machine-10-324x270.jpg 324w\" sizes=\"auto, (max-width: 600px) 100vw, 600px\" \/><figcaption class=\"wp-element-caption\">m\u0131s\u0131r kabuklama makinesi<\/figcaption><\/figure>    <figure class=\"wp-block-image size-large\"><img loading=\"lazy\" decoding=\"async\" width=\"540\" height=\"540\" data-id=\"3566\" src=\"https:\/\/www.agriculture-machine.com\/wp-content\/uploads\/2019\/05\/corn-shelling-machine-14-540x540.jpg\" alt=\"\" class=\"wp-image-3566\" srcset=\"https:\/\/www.agriculture-machine.com\/wp-content\/uploads\/2019\/05\/corn-shelling-machine-14-540x540.jpg 540w, https:\/\/www.agriculture-machine.com\/wp-content\/uploads\/2019\/05\/corn-shelling-machine-14-270x270.jpg 270w, https:\/\/www.agriculture-machine.com\/wp-content\/uploads\/2019\/05\/corn-shelling-machine-14.jpg 750w\" sizes=\"auto, (max-width: 540px) 100vw, 540px\" \/><figcaption class=\"wp-element-caption\">m\u0131s\u0131r kabuklama makinesi<\/figcaption><\/figure> <\/figure>    <p class=\"translation-block\"><strong><span style=\"color: #ff0000\">\u00a0 \u00a0 \u00a0 \u00a0 \u00a0 \u00a0 \u00a0 \u00a0 \u00a0 \u00a0 \u00a0 \u00a0 \u00a0 \u00a0 \u00a0 TY-80C\u00a0 \u00a0 \u00a0 \u00a0 \u00a0 \u00a0 \u00a0 \u00a0 \u00a0 \u00a0 \u00a0 \u00a0 \u00a0 \u00a0 \u00a0 \u00a0 \u00a0 \u00a0 \u00a0 \u00a0 \u00a0 \u00a0 \u00a0 \u00a0 \u00a0 \u00a0 \u00a0 \u00a0 \u00a0 \u00a0TY-80D\u00a0 \u00a0 \u00a0\u00a0<\/span><\/strong><\/p>    <figure class=\"wp-block-gallery has-nested-images columns-2 is-cropped wp-block-gallery-7 is-layout-flex wp-block-gallery-is-layout-flex\"> <figure class=\"wp-block-image size-large\"><img loading=\"lazy\" decoding=\"async\" width=\"540\" height=\"540\" data-id=\"3568\" src=\"https:\/\/www.agriculture-machine.com\/wp-content\/uploads\/2019\/05\/corn-shelling-machine-16-540x540.jpg\" alt=\"m\u0131s\u0131r kabu\u011fu ay\u0131klama makinesi\" class=\"wp-image-3568\" srcset=\"https:\/\/www.agriculture-machine.com\/wp-content\/uploads\/2019\/05\/corn-shelling-machine-16-540x540.jpg 540w, https:\/\/www.agriculture-machine.com\/wp-content\/uploads\/2019\/05\/corn-shelling-machine-16-270x270.jpg 270w, https:\/\/www.agriculture-machine.com\/wp-content\/uploads\/2019\/05\/corn-shelling-machine-16.jpg 750w\" sizes=\"auto, (max-width: 540px) 100vw, 540px\" \/><figcaption class=\"wp-element-caption\">m\u0131s\u0131r kabu\u011fu ay\u0131klama makinesi<\/figcaption><\/figure>    <figure class=\"wp-block-image size-large\"><img loading=\"lazy\" decoding=\"async\" width=\"540\" height=\"540\" data-id=\"3567\" src=\"https:\/\/www.agriculture-machine.com\/wp-content\/uploads\/2019\/05\/corn-shelling-machine-15-540x540.jpg\" alt=\"m\u0131s\u0131r ay\u0131klama makinesi\" class=\"wp-image-3567\" srcset=\"https:\/\/www.agriculture-machine.com\/wp-content\/uploads\/2019\/05\/corn-shelling-machine-15-540x540.jpg 540w, https:\/\/www.agriculture-machine.com\/wp-content\/uploads\/2019\/05\/corn-shelling-machine-15-270x270.jpg 270w, https:\/\/www.agriculture-machine.com\/wp-content\/uploads\/2019\/05\/corn-shelling-machine-15.jpg 750w\" sizes=\"auto, (max-width: 540px) 100vw, 540px\" \/><figcaption class=\"wp-element-caption\">m\u0131s\u0131r ay\u0131klama makinesi<\/figcaption><\/figure> <\/figure>    <h2 class=\"wp-block-heading\">Ba\u015far\u0131l\u0131 m\u0131s\u0131r kabuklama makinesi \u00f6rne\u011fi<\/h2>    <p>Ge\u00e7en ay, Kongo'ya 20 set m\u0131s\u0131r ay\u0131klama makinesi satt\u0131k, i\u015fte teslimat foto\u011fraflar\u0131.<\/p>    <figure class=\"wp-block-gallery has-nested-images columns-2 is-cropped wp-block-gallery-8 is-layout-flex wp-block-gallery-is-layout-flex\"> <figure class=\"wp-block-image size-large\"><img loading=\"lazy\" decoding=\"async\" width=\"600\" height=\"500\" data-id=\"3563\" src=\"https:\/\/www.agriculture-machine.com\/wp-content\/uploads\/2019\/05\/corn-shelling-machine-11.jpg\" alt=\"\" class=\"wp-image-3563\" srcset=\"https:\/\/www.agriculture-machine.com\/wp-content\/uploads\/2019\/05\/corn-shelling-machine-11.jpg 600w, https:\/\/www.agriculture-machine.com\/wp-content\/uploads\/2019\/05\/corn-shelling-machine-11-324x270.jpg 324w\" sizes=\"auto, (max-width: 600px) 100vw, 600px\" \/><figcaption class=\"wp-element-caption\">maize ay\u0131klama makinesi teslimat yeri<\/figcaption><\/figure>    <figure class=\"wp-block-image size-large\"><img loading=\"lazy\" decoding=\"async\" width=\"600\" height=\"500\" data-id=\"3556\" src=\"https:\/\/www.agriculture-machine.com\/wp-content\/uploads\/2019\/05\/corn-shelling-machine-4.jpg\" alt=\"\" class=\"wp-image-3556\" srcset=\"https:\/\/www.agriculture-machine.com\/wp-content\/uploads\/2019\/05\/corn-shelling-machine-4.jpg 600w, https:\/\/www.agriculture-machine.com\/wp-content\/uploads\/2019\/05\/corn-shelling-machine-4-324x270.jpg 324w\" sizes=\"auto, (max-width: 600px) 100vw, 600px\" \/><figcaption class=\"wp-element-caption\">maize ay\u0131klama makinesi teslimat yeri<\/figcaption><\/figure> <\/figure>    <p class=\"translation-block\">Ayr\u0131ca k\u00fc\u00e7\u00fck kapasiteli m\u0131s\u0131r kabuklama makinesi de mevcuttur (\u0130lgili \u00fcr\u00fcn: <strong><em><a href=\"https:\/\/www.agriculture-machine.com\/tr\/maize-peeler-and-thresher\/\">M\u0131s\u0131r Ay\u0131klama Makinesi | M\u0131s\u0131r Kabuklama Makinesi | M\u0131s\u0131r Soyma ve Ay\u0131klama Makinesi<\/a><\/em><\/strong>). Daha fazla bilgi almak i\u00e7in bize sorabilirsiniz.<\/p>    <h2 class=\"wp-block-heading\">SSS\u00a0<\/h2>   <div id=\"rank-math-faq\" class=\"rank-math-block\"> <div class=\"rank-math-list\"> <div id=\"faq-question-1705306051658\" class=\"rank-math-list-item\"> <h3 class=\"rank-math-question\">Sat\u0131\u015fta olan 4 m\u0131s\u0131r kabuklama makinesi t\u00fcr\u00fc aras\u0131ndaki fark nedir?<\/h3> <div class=\"rank-math-answer\">  <p>Otomatik besleme giri\u015f ve uzun kald\u0131r\u0131c\u0131 \u00e7al\u0131\u015fma verimlili\u011fini art\u0131rabilir, bu nedenle 4 t\u00fcr m\u0131s\u0131r kabuklama makinesi farkl\u0131 kapasiteler ta\u015f\u0131r.<\/p>  <\/div> <\/div> <div id=\"faq-question-1705306055514\" class=\"rank-math-list-item\"> <h3 class=\"rank-math-question\">Kapasiteleri nedir?<\/h3> <div class=\"rank-math-answer\">  <p>4-6t\/s.<\/p>  <\/div> <\/div> <div id=\"faq-question-1705306086956\" class=\"rank-math-list-item\"> <h3 class=\"rank-math-question\">Neden m\u0131s\u0131r ko\u00e7anlar\u0131 \u00e7ok k\u0131r\u0131lgan?<\/h3> <div class=\"rank-math-answer\">  <p>Ko\u00e7anlar \u00e7\u00fcr\u00fcyebilir veya bo\u015faltma deli\u011fi yava\u015f olabilir.<\/p>  <\/div> <\/div> <div id=\"faq-question-1705306094155\" class=\"rank-math-list-item\"> <h3 class=\"rank-math-question\">Neden bu kadar \u00e7ok kirletici var?<\/h3> <div class=\"rank-math-answer\">  <p>Bir veya iki bo\u015faltma par\u00e7as\u0131n\u0131 \u00e7\u0131kararak ay\u0131klama oran\u0131n\u0131 art\u0131rabilirsiniz.<\/p>  <\/div> <\/div> <div id=\"faq-question-1705306102883\" class=\"rank-math-list-item\"> <h3 class=\"rank-math-question\">Titre\u015fimli ekran\u0131n e\u011fimi ayarlanabilir mi?<\/h3> <div class=\"rank-math-answer\">  <p>Evet, iki destek \u00e7er\u00e7evesinin y\u00fcksekli\u011fini ayarlayabilirsiniz.<\/p>  <\/div> <\/div> <div id=\"faq-question-1705306123589\" class=\"rank-math-list-item\"> <h3 class=\"rank-math-question\">Makine m\u0131s\u0131r kabu\u011fu soyabilir ve ay\u0131klayabilir mi?<\/h3> <div class=\"rank-math-answer\">  <p>Bu makine b\u00fcy\u00fck hacimli m\u0131s\u0131r ay\u0131klama makinesidir, ayr\u0131ca ayr\u0131 bir m\u0131s\u0131r soyma makinesi de mevcuttur.<\/p>  <\/div> <\/div> <\/div> <\/div>   <h2 class=\"wp-block-heading\">\u0130stedi\u011finiz zaman bizimle ileti\u015fime ge\u00e7in<\/h2>    <p class=\"translation-block\">Dikkatiniz i\u00e7in te\u015fekk\u00fcr eder, <a href=\"https:\/\/en.wikipedia.org\/wiki\/Maize\" target=\"_blank\" rel=\"noopener\">m\u0131s\u0131r<\/a> kabuklama makinemizi okudu\u011funuz i\u00e7in te\u015fekk\u00fcr ederiz. Daha fazla sorunuz varsa veya daha detayl\u0131 bilgi almak istiyorsan\u0131z, profesyonel ekibimiz her zaman hizmetinizdedir. Bize istedi\u011finiz zaman ula\u015fabilirsiniz, memnuniyetle cevap verece\u011fiz.<\/p>","protected":false},"excerpt":{"rendered":"<p>Bu m\u0131s\u0131r kabuklama makinesi kullan\u0131m\u0131 kolay ve tasar\u0131m\u0131 kompakt olup, her b\u00fcy\u00fckl\u00fckteki \u00e7iftlikler i\u00e7in uygundur. M\u0131s\u0131r\u0131n ko\u00e7andan verimli ve h\u0131zl\u0131 ayr\u0131lmas\u0131n\u0131 sa\u011flar ve \u00fcretkenli\u011fi art\u0131r\u0131r.<\/p>","protected":false},"author":1,"featured_media":3569,"parent":0,"comment_status":"closed","ping_status":"closed","template":"","tags":[491,481],"product-type":[893],"class_list":["post-3551","product","type-product","status-publish","has-post-thumbnail","hentry","tag-corn","tag-maize","product-type-corn-thresher"],"_links":{"self":[{"href":"https:\/\/www.agriculture-machine.com\/tr\/wp-json\/wp\/v2\/product\/3551","targetHints":{"allow":["GET"]}}],"collection":[{"href":"https:\/\/www.agriculture-machine.com\/tr\/wp-json\/wp\/v2\/product"}],"about":[{"href":"https:\/\/www.agriculture-machine.com\/tr\/wp-json\/wp\/v2\/types\/product"}],"author":[{"embeddable":true,"href":"https:\/\/www.agriculture-machine.com\/tr\/wp-json\/wp\/v2\/users\/1"}],"replies":[{"embeddable":true,"href":"https:\/\/www.agriculture-machine.com\/tr\/wp-json\/wp\/v2\/comments?post=3551"}],"wp:featuredmedia":[{"embeddable":true,"href":"https:\/\/www.agriculture-machine.com\/tr\/wp-json\/wp\/v2\/media\/3569"}],"wp:attachment":[{"href":"https:\/\/www.agriculture-machine.com\/tr\/wp-json\/wp\/v2\/media?parent=3551"}],"wp:term":[{"taxonomy":"post_tag","embeddable":true,"href":"https:\/\/www.agriculture-machine.com\/tr\/wp-json\/wp\/v2\/tags?post=3551"},{"taxonomy":"product-type","embeddable":true,"href":"https:\/\/www.agriculture-machine.com\/tr\/wp-json\/wp\/v2\/product-type?post=3551"}],"curies":[{"name":"wp","href":"https:\/\/api.w.org\/{rel}","templated":true}]}}