{"id":3696,"date":"2019-05-17T23:32:03","date_gmt":"2019-05-17T15:32:03","guid":{"rendered":"https:\/\/www.agriculture-machine.com\/?p=3696"},"modified":"2024-09-18T16:22:54","modified_gmt":"2024-09-18T08:22:54","slug":"4-15t-h-grass-cutting-machine-cutting-wet-grass-grass-cutter","status":"publish","type":"product","link":"https:\/\/www.agriculture-machine.com\/tr\/4-15t-h-grass-cutting-machine-cutting-wet-grass-grass-cutter\/","title":{"rendered":"4-15t\/h \u00e7im bi\u00e7me makinesi \/ \u0131slak ot kesimi \/ \u00e7im bi\u00e7me"},"content":{"rendered":"<p>9RSZ serisi \u00e7im bi\u00e7me makineleri her t\u00fcrl\u00fc \u00e7imi kesmek ve y\u00fcksek \u00e7al\u0131\u015fma verimlili\u011fi sa\u011flamak i\u00e7in tasarlanm\u0131\u015ft\u0131r, yani 4t-15t\/saat ve farkl\u0131 modeller farkl\u0131 kapasitelerde. \u00c7im bi\u00e7me makineleri otlar\u0131 ince telli \u015fekillerde k\u0131yabilir, bu da hayvanlara yem verirken mide sindirimini art\u0131rabilir.<\/p>    <figure class=\"wp-block-embed is-type-video is-provider-youtube wp-block-embed-youtube wp-embed-aspect-16-9 wp-has-aspect-ratio\"><div class=\"wp-block-embed__wrapper\"> <iframe loading=\"lazy\" title=\"Saman Kesici ile \u00c7im Bi\u00e7me Makinesi Aras\u0131ndaki Fark\" width=\"500\" height=\"281\" src=\"https:\/\/www.youtube.com\/embed\/Db5R1KqPhMo?feature=oembed\" frameborder=\"0\" allow=\"accelerometer; autoplay; clipboard-write; encrypted-media; gyroscope; picture-in-picture; web-share\" referrerpolicy=\"strict-origin-when-cross-origin\" allowfullscreen><\/iframe> <\/div><figcaption class=\"wp-element-caption\">\u00c7im bi\u00e7me makinesi \u00e7al\u0131\u015fma videosu<\/figcaption><\/figure>    <p class=\"translation-block\"><span style=\"color: #ff0000\"><strong>birinci tip: 4t\/h saman kesici<\/strong><\/span><\/p>    <figure class=\"wp-block-image aligncenter wp-image-3704 size-full\"><img loading=\"lazy\" decoding=\"async\" width=\"600\" height=\"500\" src=\"https:\/\/www.agriculture-machine.com\/wp-content\/uploads\/2019\/05\/chaff-cutter-8.jpg\" alt=\"\u00e7im bi\u00e7me makinesi\" class=\"wp-image-3704\" srcset=\"https:\/\/www.agriculture-machine.com\/wp-content\/uploads\/2019\/05\/chaff-cutter-8.jpg 600w, https:\/\/www.agriculture-machine.com\/wp-content\/uploads\/2019\/05\/chaff-cutter-8-324x270.jpg 324w\" sizes=\"auto, (max-width: 600px) 100vw, 600px\" \/><figcaption class=\"wp-element-caption\">\u00e7im bi\u00e7me makinesi<\/figcaption><\/figure>    <figure class=\"wp-block-image aligncenter wp-image-3703 size-full\"><img loading=\"lazy\" decoding=\"async\" width=\"600\" height=\"500\" src=\"https:\/\/www.agriculture-machine.com\/wp-content\/uploads\/2019\/05\/chaff-cutter-7.jpg\" alt=\"samur kesme makinesi\" class=\"wp-image-3703\" srcset=\"https:\/\/www.agriculture-machine.com\/wp-content\/uploads\/2019\/05\/chaff-cutter-7.jpg 600w, https:\/\/www.agriculture-machine.com\/wp-content\/uploads\/2019\/05\/chaff-cutter-7-324x270.jpg 324w\" sizes=\"auto, (max-width: 600px) 100vw, 600px\" \/><figcaption class=\"wp-element-caption\">samur kesme makinesi<\/figcaption><\/figure>    <h2 class=\"wp-block-heading\"><strong><b>\u00c7im bi\u00e7me yap\u0131s\u0131 <\/b><\/strong>makine<\/h2>    <p class=\"translation-block\"><strong><b>1. <\/b><\/strong>Bo\u015faltma \u00e7\u0131k\u0131\u015f\u0131 2. G\u00f6vde 3. Rotor 4. Besleme ve par\u00e7alama cihaz\u0131 5. Di\u015fli motor 6. Besleme yuvas\u0131 7. Raf 8. Koruyucu kapak 9. Rotor motoru 10. Y\u00fcr\u00fcy\u00fc\u015f tekerle\u011fi<\/p>    <h2 class=\"wp-block-heading\"><strong><b>Ot kesici teknik parametreleri<\/b><\/strong><\/h2>    <figure class=\"wp-block-table is-style-stripes\"><table><tbody><tr><td>Model<\/td><td>9RSZ-4<\/td><td>9RSZ-6<\/td><td>9RSZ-10<\/td><td>9RSZ-15<\/td><\/tr><tr><td>G\u00fc\u00e7<\/td><td>7.5KW<\/td><td>15 2.2KW<\/td><td>22 3KW<\/td><td>30 5.5KW<\/td><\/tr><tr><td>Besleme tepsisinin geni\u015fli\u011fi<\/td><td>2860r\/dak<\/td><td>2860r\/dak<\/td><td>2860r\/dak<\/td><td>2100r\/dak<\/td><\/tr><tr><td>Kapasite<\/td><td>4t\/h<\/td><td>6t\/h<\/td><td>10t\/h<\/td><td>15t\/h<\/td><\/tr><tr><td>B\u0131\u00e7ak say\u0131s\u0131<\/td><td>32Adet<\/td><td>40Adet<\/td><td>48Adet<\/td><td>64Adet<\/td><\/tr><tr><td>Besleme tepsisinin geni\u015fli\u011fi<\/td><td>240mm<\/td><td>300mm<\/td><td>500mm<\/td><td>800mm<\/td><\/tr><tr><td>At\u0131\u015f mesafesi<\/td><td>2300mm'den fazla<\/td><td>2300mm'den fazla<\/td><td>2300mm'den fazla<\/td><td>2300mm'den fazla<\/td><\/tr><tr><td>Boyut<\/td><td>2000*750*800mm<\/td><td>3000*900*1050mm<\/td><td>3600*930*1240mm<\/td><td>4200*1170*1250mm<\/td><\/tr><tr><td>A\u011f\u0131rl\u0131k<\/td><td>300kg<\/td><td>980kg<\/td><td>1100kg<\/td><td>1400kg<\/td><\/tr><\/tbody><\/table><figcaption class=\"wp-element-caption\">saman kesici teknik verileri<\/figcaption><\/figure>    <p class=\"translation-block\"><strong><span style=\"color: #ff0000\">ikinci tip: 6t\/h saman kesici<\/span><\/strong><\/p>    <figure class=\"wp-block-image aligncenter wp-image-3701 size-full\"><img loading=\"lazy\" decoding=\"async\" width=\"600\" height=\"500\" src=\"https:\/\/www.agriculture-machine.com\/wp-content\/uploads\/2019\/05\/chaff-cutter-5.jpg\" alt=\"ot bi\u00e7me makinesi yap\u0131s\u0131\" class=\"wp-image-3701\" srcset=\"https:\/\/www.agriculture-machine.com\/wp-content\/uploads\/2019\/05\/chaff-cutter-5.jpg 600w, https:\/\/www.agriculture-machine.com\/wp-content\/uploads\/2019\/05\/chaff-cutter-5-324x270.jpg 324w\" sizes=\"auto, (max-width: 600px) 100vw, 600px\" \/><figcaption class=\"wp-element-caption\">ot bi\u00e7me makinesi yap\u0131s\u0131<\/figcaption><\/figure>    <h2 class=\"wp-block-heading\"><strong><b>\u00c7al\u0131\u015fma prensibi <\/b><\/strong><strong><b>\u00e7im bi\u00e7me makinesi<\/b><\/strong><\/h2>    <p>1. Rotor motorunu a\u00e7\u0131n.<\/p>    <p>2. Operasyon stabil hale geldikten sonra otomatik di\u015fli motoru \u00e7al\u0131\u015ft\u0131r\u0131l\u0131r ve otomatik besleme cihaz\u0131 \u00e7al\u0131\u015ft\u0131r\u0131l\u0131r.<\/p>    <p>3. Operat\u00f6r, saman\u0131 otomatik besleme plakas\u0131 ve giri\u015fine e\u015fit \u015fekilde yayar, hammadde y\u00fcksek h\u0131zda tambura girer.<\/p>    <p>4. B\u0131\u00e7aklar vurur, y\u0131rtar ve bu s\u0131rada filament \u015fekline getirir.<\/p>    <p>5. Son olarak, otlar merkezka\u00e7 kuvvetiyle makineden at\u0131l\u0131r.<\/p>    <p class=\"translation-block\"><span style=\"color: #ff0000\"><strong>\u00fc\u00e7\u00fcnc\u00fc tip: 10t\/h 16t\/h saman kesici<\/strong><\/span><\/p>    <figure class=\"wp-block-image aligncenter wp-image-3698 size-full\"><img loading=\"lazy\" decoding=\"async\" width=\"600\" height=\"500\" src=\"https:\/\/www.agriculture-machine.com\/wp-content\/uploads\/2019\/05\/chaff-cutter-2.jpg\" alt=\"saman kesici makinesi\" class=\"wp-image-3698\" srcset=\"https:\/\/www.agriculture-machine.com\/wp-content\/uploads\/2019\/05\/chaff-cutter-2.jpg 600w, https:\/\/www.agriculture-machine.com\/wp-content\/uploads\/2019\/05\/chaff-cutter-2-324x270.jpg 324w\" sizes=\"auto, (max-width: 600px) 100vw, 600px\" \/><figcaption class=\"wp-element-caption\">saman kesici makinesi<\/figcaption><\/figure>    <h2 class=\"wp-block-heading\">\u00c7im bi\u00e7me makinesinin avantajlar\u0131<\/h2>    <ol class=\"wp-block-list\"> <li><strong><a href=\"https:\/\/www.agriculture-machine.com\/tr\/chaff-cutter-and-grain-crusher\/\">\u00c7im bi\u00e7me makinesi<\/a><\/strong> Uzun silindirli yem i\u00e7in uygun zincir otomatik besleme cihaz\u0131 kullan\u0131r, zaman tasarrufu sa\u011flar.<\/li>    <li>\u0130ki kat itmeli silindir emi\u015f ve kesme cihaz\u0131, t\u0131kan\u0131kl\u0131k olmadan iyi kesim etkisi sa\u011flar, \u00e7al\u0131\u015fma verimini art\u0131r\u0131r.<\/li>    <li>\u00c7im bi\u00e7me makinesi, kolay hareket i\u00e7in \u00e7\u0131kar\u0131labilir y\u00fcr\u00fcy\u00fc\u015f tekerle\u011fi ile donat\u0131lm\u0131\u015ft\u0131r.<\/li> <\/ol>    <h2 class=\"wp-block-heading\"><strong><b>C<\/b><\/strong><strong><b>\u00c7im bi\u00e7me makaras\u0131n\u0131n yayg\u0131n ar\u0131zalar\u0131 ve ilgili \u00e7\u00f6z\u00fcmleri<\/b><\/strong><\/h2>    <figure class=\"wp-block-table is-style-stripes\"><table><tbody><tr><td>Yayg\u0131n ar\u0131za<\/td><td>Neden<\/td><td>\u00c7\u00f6z\u00fcm<\/td><\/tr><tr><td>Hammadde t\u0131kanm\u0131\u015f veya <p>A\u015f\u0131r\u0131 y\u00fck durdurmas\u0131<\/p><\/td><td>A\u015f\u0131r\u0131 ot koymu\u015f veya d\u00fczensiz yerle\u015ftirmi\u015f<\/td><td>1. Otlar\u0131 \u00e7\u0131kar\u0131n <br>2. Ot miktar\u0131n\u0131 azalt <br>3. \u00c7imlerin i\u00e7ine <span style=\"font-size: revert; font-family: inherit; font-weight: inherit; color: initial;\">giri\u015f d\u00fczg\u00fcn<\/span><\/td><\/tr><tr><td rowspan=\"4\">K\u0131rma b\u00f6l\u00fcm\u00fcnde anormal ses<p><\/p> <p>K\u0131rma b\u00f6l\u00fcm\u00fcnde anormal ses<\/p><\/td><td>vida gev\u015femi\u015f<\/td><td>C\u0131vata s\u0131k\u0131n<\/td><\/tr><tr><td>makinede metal veya ta\u015f var<\/td><td>Makineyi durdurun ve yedek par\u00e7alar\u0131 kontrol edip de\u011fi\u015ftirin<\/td><\/tr><tr><td>T\u0131rnak k\u0131r\u0131lm\u0131\u015f ve \u00e7eki\u00e7 hareket ediyor<\/td><td>T\u0131rnak k\u0131r\u0131lm\u0131\u015f ve \u00e7eki\u00e7 hareket ediyor<\/td><\/tr><tr><td>T\u0131rnak k\u0131r\u0131lm\u0131\u015f ve \u00e7eki\u00e7 hareket ediyor<\/td><td>T\u0131rna\u011f\u0131 de\u011fi\u015ftir<\/td><\/tr><tr><td rowspan=\"8\">Makinede \u015fiddetli sallanma <p>\u00a0<\/p><\/td><td>makinede \u015fiddetli sallanma <p>\u00a0<\/p><\/td><td>D\u00fczeni uygun \u015fekilde yeniden tak<\/td><\/tr><tr><td>\u0130ki set \u00e7eki\u00e7 aras\u0131ndaki a\u011f\u0131rl\u0131k sapmas\u0131 a\u015f\u0131r\u0131<\/td><td>\u0130ki set \u00e7eki\u00e7 aras\u0131ndaki a\u011f\u0131rl\u0131k sapmas\u0131 5g'yi ge\u00e7mez.<\/td><\/tr><tr><td>Bireysel \u00e7eki\u00e7ler kilitli de\u011fil<\/td><td>\u00c7eki\u00e7leri esnek hale getirme<\/td><\/tr><tr><td>baz\u0131 rot\u00f6rler dengesiz veya a\u015f\u0131nm\u0131\u015f<\/td><td>Mil e\u011filmi\u015f<\/td><\/tr><tr><td>Mil e\u011filmi\u015f<\/td><td>Mil d\u00fczeltme veya de\u011fi\u015ftirme<p><\/p> <p>&nbsp;<\/p><\/td><\/tr><tr><td>Rulman hasar g\u00f6rm\u00fc\u015f<\/td><td>Rulman\u0131 de\u011fi\u015ftir<\/td><\/tr><tr><td>kanca c\u0131vatalar<\/td><td>kanca c\u0131vatalar\u0131n\u0131 s\u0131k\u0131n<p><\/p> <p>&nbsp;<\/p><\/td><\/tr><tr><td>Ayr\u0131lma pimleri hasar g\u00f6rm\u00fc\u015f ve \u00e7eki\u00e7 eksenel olarak hareket ediyor<\/td><td>\u00c7im bi\u00e7meyi durdur ve temizle<\/td><\/tr><tr><td rowspan=\"3\">&nbsp;<p><\/p> <p>Makine esnek de\u011fil<\/p><\/td><td>D\u00f6nme par\u00e7alar\u0131 kar\u0131\u015fm\u0131\u015f ot<\/td><td>\u00c7im bi\u00e7meyi durdur ve temizle<\/td><\/tr><tr><td>Rulman hasar g\u00f6rm\u00fc\u015f<\/td><td>Rulman\u0131 de\u011fi\u015ftir <p>\u00a0<\/p><\/td><\/tr><tr><td>Ya\u011flama ya\u011f\u0131 eksik<\/td><td>Ya\u011flama ya\u011f\u0131 zaman\u0131nda ekle<\/td><\/tr><tr><td rowspan=\"2\">\u00c7\u0131k\u0131\u015f t\u0131kanm\u0131\u015f<\/td><td>V-kay\u0131\u015fi hasar g\u00f6rm\u00fc\u015f veya gev\u015femi\u015f<\/td><td>V-kay\u0131\u015fini de\u011fi\u015ftir veya ger<p><\/p> <p>&nbsp;<\/p><\/td><\/tr><tr><td>K\u0131rma b\u00f6l\u00fcm\u00fc t\u0131kal\u0131<\/td><td>\u0130mha edilecek yabanc\u0131 maddeyi \u00e7\u0131kar<\/td><\/tr><tr><td rowspan=\"2\">&nbsp;<p><\/p> <p>K\u00f6t\u00fc k\u0131rma etkisi<\/p><\/td><td>\u00c7eki\u00e7 ve k\u0131rma cihaz\u0131 hasar g\u00f6rm\u00fc\u015f<\/td><td>\u00c7eki\u00e7 ve k\u0131rma cihaz\u0131n\u0131 de\u011fi\u015ftir<\/td><\/tr><tr><td>D\u00fc\u015f\u00fck mil h\u0131z\u0131<\/td><td>V-kay\u0131\u015fini uygun gerilime ayarla<\/td><\/tr><tr><td rowspan=\"5\">&nbsp;Rulman a\u015f\u0131r\u0131 \u0131s\u0131nm\u0131\u015f<\/td><td>V-kay\u0131\u015f\u0131n\u0131n gerilimini uygun \u015fekilde ayarlay\u0131n <p>Rulman\u0131 de\u011fi\u015ftir<\/p><\/td><td>\u00c7ok fazla veya az ya\u011flama ya\u011f\u0131<\/td><\/tr><tr><td>Uygun ya\u011flama ya\u011f\u0131 ekle<\/td><td>V-kay\u0131\u015finin gerilimini uygun \u015fekilde ayarla<\/td><\/tr><tr><td>V-kay\u0131\u015fini uygun gerilime ayarla<\/td><td>V-kay\u0131\u015fini uygun gerilime ayarla<p><\/p> <p>Mil e\u011filmi\u015f veya rotor dengesiz<\/p><\/td><\/tr><tr><td>Mil d\u00fczelt veya de\u011fi\u015ftir, rotorun dengesini sa\u011fla<\/td><td>Uzun s\u00fcre a\u015f\u0131r\u0131 y\u00fck alt\u0131nda \u00e7al\u0131\u015fma<\/td><\/tr><tr><td>Ot miktar\u0131n\u0131 azalt<\/td><td>V-kay\u0131\u015f\u0131 a\u015f\u0131r\u0131 \u0131s\u0131nm\u0131\u015f<\/td><\/tr><tr><td rowspan=\"3\">V-kay\u0131\u015finin uygun olmayan s\u0131k\u0131l\u0131\u011f\u0131<\/td><td>Kay\u0131\u015f kasna\u011f\u0131n\u0131 kontrol et ve de\u011fi\u015ftir<\/td><td>Kay\u0131\u015f kasna\u011f\u0131 oyuklar\u0131 a\u015f\u0131nm\u0131\u015f veya y\u00fczeyi p\u00fcr\u00fczl\u00fc<\/td><\/tr><tr><td>Kay\u0131\u015f kasna\u011f\u0131n\u0131 kontrol et ve de\u011fi\u015ftir<\/td><td>Ana kasnak ve g\u00fc\u00e7 kasna\u011f\u0131 eksenleri hizalanmam\u0131\u015f ve kay\u0131\u015f oyuklar\u0131 hizalanmam\u0131\u015f.<\/td><\/tr><tr><td>Ana kasnak ve g\u00fc\u00e7 kasna\u011f\u0131 eksenleri paraleldir ve kay\u0131\u015f oyuklar\u0131 hizalanm\u0131\u015ft\u0131r.<p><\/p> <p>&nbsp;<\/p><\/td><td>saman kesici makinesi hakk\u0131nda baz\u0131 ipu\u00e7lar\u0131<\/td><\/tr><\/tbody><\/table><figcaption class=\"wp-element-caption\">\u00e7im bi\u00e7me makinesi uygulamas\u0131<\/figcaption><\/figure>    <figure class=\"wp-block-image aligncenter wp-image-3702 size-full\"><img loading=\"lazy\" decoding=\"async\" width=\"600\" height=\"500\" src=\"https:\/\/www.agriculture-machine.com\/wp-content\/uploads\/2019\/05\/chaff-cutter-6.jpg\" alt=\"Ana par\u00e7alar ve t\u00fcketilebilir par\u00e7alar\u0131n listesi\" class=\"wp-image-3702\" srcset=\"https:\/\/www.agriculture-machine.com\/wp-content\/uploads\/2019\/05\/chaff-cutter-6.jpg 600w, https:\/\/www.agriculture-machine.com\/wp-content\/uploads\/2019\/05\/chaff-cutter-6-324x270.jpg 324w\" sizes=\"auto, (max-width: 600px) 100vw, 600px\" \/><figcaption class=\"wp-element-caption\">Ana par\u00e7alar ve t\u00fcketilebilir par\u00e7alar\u0131n listesi<\/figcaption><\/figure>    <h2 class=\"wp-block-heading\">Numara <strong>\u00e7im bi\u00e7me makinesi<\/strong><\/h2>    <figure class=\"wp-block-table is-style-stripes\"><table><tbody><tr><td>Fonksiyon<\/td><td>\u0130sim<\/td><td>\u0130\u015flev<\/td><td>rulman<\/td><\/tr><tr><td>1<\/td><td>Zincir tekerle\u011fi gerilmesi<\/td><td>3 ay<\/td><td rowspan=\"7\">\u00fcst silindir<\/td><\/tr><tr><td>2<\/td><td>Zincir tekerle\u011fi gerilmesi<\/td><td>konvey\u00f6r<\/td><\/tr><tr><td>3<\/td><td>Zincir tekerle\u011fi gerilmesi<\/td><td>Alt silindir<\/td><\/tr><tr><td>4<\/td><td>Zincir tekerle\u011fi gerilmesi<\/td><td>mil<\/td><\/tr><tr><td>5<\/td><td>Zincir tekerle\u011fi gerilmesi<\/td><td>silindir zinciri<\/td><\/tr><tr><td>6<\/td><td>konvey\u00f6r silindiri zinciri<\/td><td>giri\u015f<\/td><\/tr><tr><td>7<\/td><td>V-kay\u0131\u015f<\/td><td>giri\u015f<\/td><\/tr><tr><td>8<\/td><td>rotor<\/td><td>1 ay<\/td><td rowspan=\"2\">Giri\u015f<\/td><\/tr><tr><td>9<\/td><td>rotor<\/td><td>Giri\u015f<\/td><\/tr><tr><td>10<\/td><td>elektrik dolab\u0131<\/td><td>giri\u015f<\/td><td rowspan=\"2\">\u00fcst silindir<\/td><\/tr><tr><td>11<\/td><td>elektrik kontrol<\/td><td>&nbsp;&nbsp;&nbsp;&nbsp;\u00e7eki\u00e7<p><\/p> <p>&nbsp;<\/p><\/td><\/tr><tr><td>12<\/td><td>\u00e7eki\u00e7<\/td><td><\/td><td>\u00e7eki\u00e7 mili<\/td><\/tr><tr><td>13<\/td><td>Kesim b\u00f6l\u00fcm\u00fc<\/td><td><\/td><td rowspan=\"3\">Giri\u015f<\/td><\/tr><tr><td>14<\/td><td>\u00fcst silindirin kayd\u0131rma k\u0131l\u0131f\u0131<\/td><td><\/td><\/tr><tr><td>15<\/td><td>\u00e7im bi\u00e7me makinesi yedek par\u00e7alar\u0131<\/td><td><\/td><\/tr><\/tbody><\/table><figcaption class=\"wp-element-caption\">\u00c7im bi\u00e7me makinesi SSS<\/figcaption><\/figure>    <h2 class=\"wp-block-heading\"><strong>T\u0131kan\u0131kl\u0131k varsa ne yapmal\u0131y\u0131m?<\/strong><\/h2>   <div id=\"rank-math-faq\" class=\"rank-math-block\"> <div class=\"rank-math-list\"> <div id=\"faq-question-1706520256013\" class=\"rank-math-list-item\"> <h3 class=\"rank-math-question\">Ters anahtar \u201cdur\u201d konumuna \u00e7ekilebilir, sonra \u201cters\u201d konuma \u00e7ekilir. T\u0131kal\u0131 saman\u0131 elle \u00e7\u0131karmak kesinlikle yasakt\u0131r, makine durmadan yap\u0131lmamal\u0131d\u0131r.<\/h3> <div class=\"rank-math-answer\">  <p>Silindirin bo\u015flu\u011funu nas\u0131l art\u0131rabilirim?<\/p>  <\/div> <\/div> <div id=\"faq-question-1706520259976\" class=\"rank-math-list-item\"> <h3 class=\"rank-math-question\">\u0130ster b\u00fcy\u00fck \u00f6l\u00e7ekli \u00e7iftlik olun, ister k\u00fc\u00e7\u00fck \u00fcretici, bizim \u00e7im bi\u00e7me makinelerimiz size verimli ve kullan\u0131\u015fl\u0131 bir \u00e7\u00f6z\u00fcm sunar. Her zaman bizimle ileti\u015fime ge\u00e7mekten \u00e7ekinmeyin, profesyonel ekibimiz makine, \u00f6zelle\u015ftirme se\u00e7enekleri ve daha fazla hizmet hakk\u0131nda size detayl\u0131 bilgi sa\u011flayacakt\u0131r.<\/h3> <div class=\"rank-math-answer\">  <p class=\"translation-block\"><strong>First<\/strong>, loosen the center screw on the upper plate of the grass cutting machine, and adjust the sliding plate and sliding block clockwise.<br \/><strong>Second<\/strong>, adjust the bolt on both sides counterclockwise to the appropriate position. The gap between the two rollers should be Horizontally the same, and the upper and down rollers should be flexible.<br \/><strong>Finally<\/strong>, tighten the bolt on the center screw.<br \/>Adverse action will decrease the gap.<\/p>  <\/div> <\/div> <\/div> <\/div>   <h2 class=\"wp-block-heading\">\u0130stedi\u011finiz zaman bizimle ileti\u015fime ge\u00e7in<\/h2>    <p>Whether you&#8217;re a large-scale farm or a smallholder, our grass cutting machines offer you an efficient and convenient solution for grass handling. Feel free to contact us anytime and our professional team will be happy to provide you with detailed information about the machine, customization options, and more related services.<\/p>","protected":false},"excerpt":{"rendered":"<p>4-15T\/H \u00c7im Bi\u00e7me Makinesi Verimli Saman Kesici Sat\u0131\u015fta<\/p>","protected":false},"author":1,"featured_media":3707,"parent":0,"comment_status":"closed","ping_status":"closed","template":"","tags":[2609,780],"product-type":[912],"class_list":["post-3696","product","type-product","status-publish","has-post-thumbnail","hentry","tag-cutter","tag-grass","product-type-chaff-cutter"],"_links":{"self":[{"href":"https:\/\/www.agriculture-machine.com\/tr\/wp-json\/wp\/v2\/product\/3696","targetHints":{"allow":["GET"]}}],"collection":[{"href":"https:\/\/www.agriculture-machine.com\/tr\/wp-json\/wp\/v2\/product"}],"about":[{"href":"https:\/\/www.agriculture-machine.com\/tr\/wp-json\/wp\/v2\/types\/product"}],"author":[{"embeddable":true,"href":"https:\/\/www.agriculture-machine.com\/tr\/wp-json\/wp\/v2\/users\/1"}],"replies":[{"embeddable":true,"href":"https:\/\/www.agriculture-machine.com\/tr\/wp-json\/wp\/v2\/comments?post=3696"}],"wp:featuredmedia":[{"embeddable":true,"href":"https:\/\/www.agriculture-machine.com\/tr\/wp-json\/wp\/v2\/media\/3707"}],"wp:attachment":[{"href":"https:\/\/www.agriculture-machine.com\/tr\/wp-json\/wp\/v2\/media?parent=3696"}],"wp:term":[{"taxonomy":"post_tag","embeddable":true,"href":"https:\/\/www.agriculture-machine.com\/tr\/wp-json\/wp\/v2\/tags?post=3696"},{"taxonomy":"product-type","embeddable":true,"href":"https:\/\/www.agriculture-machine.com\/tr\/wp-json\/wp\/v2\/product-type?post=3696"}],"curies":[{"name":"wp","href":"https:\/\/api.w.org\/{rel}","templated":true}]}}