{"id":3716,"date":"2019-05-20T23:53:10","date_gmt":"2019-05-20T15:53:10","guid":{"rendered":"https:\/\/www.agriculture-machine.com\/?p=3716"},"modified":"2024-09-23T11:20:59","modified_gmt":"2024-09-23T03:20:59","slug":"gasoline-engine-backpack-sprayer-best-garden-sprayer-spraying-pesticide","status":"publish","type":"product","link":"https:\/\/www.agriculture-machine.com\/tr\/gasoline-engine-backpack-sprayer-best-garden-sprayer-spraying-pesticide\/","title":{"rendered":"Benzinli motorlu s\u0131rt \u00e7antas\u0131 p\u00fcsk\u00fcrt\u00fcc\u00fc \/ en iyi bah\u00e7e p\u00fcsk\u00fcrt\u00fcc\u00fcs\u00fc \/ pestisit p\u00fcsk\u00fcrtme"},"content":{"rendered":"<p class=\"translation-block\">S\u0131cak sat\u0131\u015f<strong> s\u0131rt \u00e7antas\u0131 p\u00fcsk\u00fcrt\u00fcc\u00fc<\/strong> k\u00fc\u00e7\u00fck boyutlu ama \u00e7ok kullan\u0131\u015fl\u0131, bah\u00e7e, tarla ve di\u011fer a\u011fa\u00e7lar\u0131n zararl\u0131lar\u0131yla m\u00fccadelede yayg\u0131n olarak kullan\u0131l\u0131r. P\u00fcsk\u00fcrtme mesafesi (11m'den fazla) ve 26L hacim, y\u00fcksek performansla \u00e7al\u0131\u015fmas\u0131n\u0131 sa\u011flar, ayn\u0131 zamanda i\u015f\u00e7ilik tasarrufu sa\u011flar.<\/p> <p><img loading=\"lazy\" decoding=\"async\" class=\"wp-image-3720 aligncenter\" src=\"https:\/\/www.agriculture-machine.com\/wp-content\/uploads\/2019\/05\/gasoline-sprayer-4.jpg\" alt=\"\" width=\"650\" height=\"601\" srcset=\"https:\/\/www.agriculture-machine.com\/wp-content\/uploads\/2019\/05\/gasoline-sprayer-4.jpg 750w, https:\/\/www.agriculture-machine.com\/wp-content\/uploads\/2019\/05\/gasoline-sprayer-4-292x270.jpg 292w, https:\/\/www.agriculture-machine.com\/wp-content\/uploads\/2019\/05\/gasoline-sprayer-4-584x540.jpg 584w\" sizes=\"auto, (max-width: 650px) 100vw, 650px\" \/><\/p> <p>&nbsp;<\/p> <h2><strong><b>Avantaj\u0131 of <\/b><\/strong><strong><b>s\u0131rt \u00e7antas\u0131 p\u00fcsk\u00fcrt\u00fcc\u00fcs\u00fc<\/b><\/strong><\/h2> <ol> <li>Bitki p\u00fcsk\u00fcrtme drone'u d\u00fc\u015f\u00fck g\u00fcr\u00fclt\u00fc, b\u00fcy\u00fck kapasite ve y\u00fcksek bas\u0131n\u00e7 sa\u011flar, zaman ve enerji tasarrufu sa\u011flar.<\/li> <li>Kullan\u0131m\u0131 kolayd\u0131r.<\/li> <li>Benzinli motorla donat\u0131lm\u0131\u015f olmas\u0131 hareketi kolayla\u015ft\u0131r\u0131r.<\/li> <li>Bu s\u0131rt \u00e7antas\u0131 p\u00fcsk\u00fcrt\u00fcc\u00fcs\u00fc ile p\u00fcsk\u00fcrt\u00fclen pestisit, bitkinin \u00f6n ve arkas\u0131na yap\u0131\u015fabilir, zararl\u0131lar\u0131 tamamen \u00f6ld\u00fcr\u00fcr.<\/li> <\/ol> <p><img loading=\"lazy\" decoding=\"async\" class=\"wp-image-3725 aligncenter\" src=\"https:\/\/www.agriculture-machine.com\/wp-content\/uploads\/2019\/05\/spraying-3.jpg\" alt=\"\" width=\"657\" height=\"599\" srcset=\"https:\/\/www.agriculture-machine.com\/wp-content\/uploads\/2019\/05\/spraying-3.jpg 750w, https:\/\/www.agriculture-machine.com\/wp-content\/uploads\/2019\/05\/spraying-3-296x270.jpg 296w, https:\/\/www.agriculture-machine.com\/wp-content\/uploads\/2019\/05\/spraying-3-592x540.jpg 592w\" sizes=\"auto, (max-width: 657px) 100vw, 657px\" \/><\/p> <p><img loading=\"lazy\" decoding=\"async\" class=\"wp-image-3724 aligncenter\" src=\"https:\/\/www.agriculture-machine.com\/wp-content\/uploads\/2019\/05\/spraying-2.jpg\" alt=\"\" width=\"644\" height=\"654\" srcset=\"https:\/\/www.agriculture-machine.com\/wp-content\/uploads\/2019\/05\/spraying-2.jpg 750w, https:\/\/www.agriculture-machine.com\/wp-content\/uploads\/2019\/05\/spraying-2-266x270.jpg 266w, https:\/\/www.agriculture-machine.com\/wp-content\/uploads\/2019\/05\/spraying-2-532x540.jpg 532w\" sizes=\"auto, (max-width: 644px) 100vw, 644px\" \/><\/p> <h2><strong><b>Teknik parametre<\/b><\/strong><strong><b>\u00a0<\/b><\/strong><strong><b>s\u0131rt \u00e7antas\u0131 p\u00fcsk\u00fcrt\u00fcc\u00fcs\u00fc<\/b><\/strong><\/h2> <table> <tbody> <tr> <td width=\"258\"><strong><b>\u0130sim<\/b><\/strong><\/td> <td width=\"233\"><strong><b>P\u00fcsk\u00fcrt\u00fcc\u00fc<\/b><\/strong><\/td> <\/tr> <tr> <td width=\"258\">Model<\/td> <td width=\"233\">3WF-3A<\/td> <\/tr> <tr> <td width=\"258\">P\u00fcsk\u00fcrtme mesafesi<\/td> <td width=\"233\">\u2265 11m<\/td> <\/tr> <tr> <td width=\"258\">Hacim<\/td> <td width=\"233\">26L<\/td> <\/tr> <tr> <td width=\"258\">Hacim<\/td> <td width=\"233\">41.5cc<\/td> <\/tr> <tr> <td width=\"258\">A\u011f\u0131rl\u0131k<\/td> <td width=\"233\">12KG<\/td> <\/tr> <\/tbody> <\/table> <p>&nbsp;<\/p> <h2><strong><b>Yap\u0131s\u0131<\/b><\/strong><strong><b>\u00a0s\u0131rt \u00e7antas\u0131 p\u00fcsk\u00fcrt\u00fcc\u00fcs\u00fc<\/b><\/strong><\/h2> <p>Bu s\u0131rt \u00e7antas\u0131 p\u00fcsk\u00fcrt\u00fcc\u00fc genellikle meme, ila\u00e7 kab\u0131, \u00e7al\u0131\u015fma kolu, b\u00fcy\u00fck hortum, stabil raf, ba\u015flat\u0131c\u0131, karb\u00fcrat\u00f6r, karb\u00fcrat\u00f6r bo\u011fucu\u011fu, k\u0131v\u0131lc\u0131m bujusu ve yak\u0131t tank\u0131ndan olu\u015fur.<\/p> <p><img loading=\"lazy\" decoding=\"async\" class=\"wp-image-3721 aligncenter\" src=\"https:\/\/www.agriculture-machine.com\/wp-content\/uploads\/2019\/05\/gasoline-sprayer-5.jpg\" alt=\"\" width=\"628\" height=\"633\" srcset=\"https:\/\/www.agriculture-machine.com\/wp-content\/uploads\/2019\/05\/gasoline-sprayer-5.jpg 750w, https:\/\/www.agriculture-machine.com\/wp-content\/uploads\/2019\/05\/gasoline-sprayer-5-268x270.jpg 268w, https:\/\/www.agriculture-machine.com\/wp-content\/uploads\/2019\/05\/gasoline-sprayer-5-536x540.jpg 536w\" sizes=\"auto, (max-width: 628px) 100vw, 628px\" \/><\/p> <h2><strong><b>Ba\u015far\u0131l\u0131 vaka <\/b><\/strong><strong><b>s\u0131rt \u00e7antas\u0131 p\u00fcsk\u00fcrt\u00fcc\u00fcs\u00fc<\/b><\/strong><\/h2> <p>Ge\u00e7en ay Sudan'a 100 set drone pestisit p\u00fcsk\u00fcrt\u00fcc\u00fc satt\u0131k ve a\u015fa\u011f\u0131daki paketleme detaylar\u0131d\u0131r. Bu p\u00fcsk\u00fcrt\u00fcc\u00fc, \u00e7ift\u00e7ilerin i\u015f g\u00fcc\u00fc maliyetlerini azaltmaya ger\u00e7ekten yard\u0131mc\u0131 olabilir.<\/p> <p><img loading=\"lazy\" decoding=\"async\" class=\"wp-image-3633 aligncenter\" src=\"https:\/\/www.agriculture-machine.com\/wp-content\/uploads\/2019\/05\/corn-harvesting-machine-13.jpg\" alt=\"\" width=\"647\" height=\"539\" srcset=\"https:\/\/www.agriculture-machine.com\/wp-content\/uploads\/2019\/05\/corn-harvesting-machine-13.jpg 600w, https:\/\/www.agriculture-machine.com\/wp-content\/uploads\/2019\/05\/corn-harvesting-machine-13-324x270.jpg 324w\" sizes=\"auto, (max-width: 647px) 100vw, 647px\" \/><\/p> <h2><strong><b>SSS<\/b><\/strong><strong><b>\u00a0-in<\/b><\/strong><strong><b>\u00a0s\u0131rt \u00e7antas\u0131 p\u00fcsk\u00fcrt\u00fcc\u00fcs\u00fc<\/b><\/strong><\/h2> <ol> <li>Ya\u011f nas\u0131l eklenir?<\/li> <\/ol> <ul> <li>D\u00f6rt zamanl\u0131 ya\u011flar yerine iki zamanl\u0131 ya\u011flar kullan\u0131lmal\u0131, aksi takdirde silindirde sorunlar ortaya \u00e7\u0131kabilir.<\/li> <li>Benzini, a\u015fa\u011f\u0131daki resimdeki gibi p\u00fcsk\u00fcrt\u00fcc\u00fcdeki b\u00fcy\u00fck \u015fi\u015feye d\u00f6k\u00fcn ve yatay \u00f6l\u00e7e\u011fe dikkat edin.<\/li> <li>Ya\u011f\u0131, g\u00f6sterilen i\u015faret gibi k\u00fc\u00e7\u00fck \u015fi\u015feye d\u00f6k\u00fcn ve ya\u011f\u0131n y\u00fcksekli\u011fi benzin y\u00fcksekli\u011finden d\u00fc\u015f\u00fck olmal\u0131d\u0131r.<\/li> <li>\u0130ki \u015fi\u015fenin kapa\u011f\u0131n\u0131 s\u0131k\u0131ca kapat\u0131n ve iyice kar\u0131\u015ft\u0131r\u0131n, sonunda bunlar\u0131 solo s\u0131rt \u00e7antas\u0131 p\u00fcsk\u00fcrt\u00fcc\u00fcs\u00fcn\u00fcn ya\u011f tank\u0131na d\u00f6k\u00fcn.<\/li> <\/ul> <p>&nbsp;<\/p> <p><img loading=\"lazy\" decoding=\"async\" class=\"wp-image-3717 aligncenter\" src=\"https:\/\/www.agriculture-machine.com\/wp-content\/uploads\/2019\/05\/gasoline-sprayer-1.jpg\" alt=\"\" width=\"660\" height=\"552\" srcset=\"https:\/\/www.agriculture-machine.com\/wp-content\/uploads\/2019\/05\/gasoline-sprayer-1.jpg 769w, https:\/\/www.agriculture-machine.com\/wp-content\/uploads\/2019\/05\/gasoline-sprayer-1-323x270.jpg 323w, https:\/\/www.agriculture-machine.com\/wp-content\/uploads\/2019\/05\/gasoline-sprayer-1-646x540.jpg 646w\" sizes=\"auto, (max-width: 660px) 100vw, 660px\" \/><\/p> <ol start=\"2\"> <li>\u0130la\u00e7 kutusunun hacmi nedir?<\/li> <\/ol> <p>26L.<\/p> <ol start=\"3\"> <li>T\u00fcm zararl\u0131lar \u00f6ld\u00fcr\u00fclebilir mi?<\/li> <\/ol> <p>Killing rate y\u00fczde 98'dir.<\/p> <p>&nbsp;<\/p> <p>&nbsp;<\/p>","protected":false},"excerpt":{"rendered":"<p>Hot sale backpack sprayer\u00a0is small size but very useful, widely applying to control the pest of garden, farmland and other trees. Spraying distance\u00a0(more than 11m\uff09and 26L volume enable it to working wok with high performance, which is labor saving as well. &nbsp; Advantage of backpack sprayer Crop spraying drone\u00a0has low noise, great\u00a0capacity\u00a0and high pressure, \u00a0\u00a0saving\u00a0time\u00a0and [&hellip;]<\/p>\n","protected":false},"author":1,"featured_media":3720,"parent":0,"comment_status":"closed","ping_status":"closed","template":"","tags":[136],"product-type":[920,1],"class_list":["post-3716","product","type-product","status-publish","has-post-thumbnail","hentry","tag-sprayer","product-type-drone-sprayer","product-type-other"],"_links":{"self":[{"href":"https:\/\/www.agriculture-machine.com\/tr\/wp-json\/wp\/v2\/product\/3716","targetHints":{"allow":["GET"]}}],"collection":[{"href":"https:\/\/www.agriculture-machine.com\/tr\/wp-json\/wp\/v2\/product"}],"about":[{"href":"https:\/\/www.agriculture-machine.com\/tr\/wp-json\/wp\/v2\/types\/product"}],"author":[{"embeddable":true,"href":"https:\/\/www.agriculture-machine.com\/tr\/wp-json\/wp\/v2\/users\/1"}],"replies":[{"embeddable":true,"href":"https:\/\/www.agriculture-machine.com\/tr\/wp-json\/wp\/v2\/comments?post=3716"}],"wp:featuredmedia":[{"embeddable":true,"href":"https:\/\/www.agriculture-machine.com\/tr\/wp-json\/wp\/v2\/media\/3720"}],"wp:attachment":[{"href":"https:\/\/www.agriculture-machine.com\/tr\/wp-json\/wp\/v2\/media?parent=3716"}],"wp:term":[{"taxonomy":"post_tag","embeddable":true,"href":"https:\/\/www.agriculture-machine.com\/tr\/wp-json\/wp\/v2\/tags?post=3716"},{"taxonomy":"product-type","embeddable":true,"href":"https:\/\/www.agriculture-machine.com\/tr\/wp-json\/wp\/v2\/product-type?post=3716"}],"curies":[{"name":"wp","href":"https:\/\/api.w.org\/{rel}","templated":true}]}}