{"id":3731,"date":"2019-05-22T05:14:08","date_gmt":"2019-05-21T21:14:08","guid":{"rendered":"https:\/\/www.agriculture-machine.com\/?p=3731"},"modified":"2024-09-23T11:16:59","modified_gmt":"2024-09-23T03:16:59","slug":"animal-feed-cutting-grass-machine-straw-cutter-grass-cutter-with-great-capacity","status":"publish","type":"product","link":"https:\/\/www.agriculture-machine.com\/tr\/animal-feed-cutting-grass-machine-straw-cutter-grass-cutter-with-great-capacity\/","title":{"rendered":"Hayvan yemi kesme makinesi | saman k\u0131r\u0131c\u0131 | y\u00fcksek kapasiteye sahip \u00e7im bi\u00e7me makinesi"},"content":{"rendered":"<p class=\"translation-block\">Disk tipi <strong>\u00e7im bi\u00e7me makinesi<\/strong> kuru veya \u0131slak ot, \u00fcr\u00fcn sap\u0131, sap gibi \u015feyleri kesmek i\u00e7in kullan\u0131l\u0131r ve \u00fc\u00e7 modeli vard\u0131r: 9Z-1.2, 9Z-1.5 ve 9Z-1.8. Farkl\u0131 modellerin ot bi\u00e7me makinelerinin kapasiteleri farkl\u0131d\u0131r. 2.2-3kw motor, benzinli motor ve dizel motor ile uyumludur ve do\u011frama boyutu 5mm, 11mm veya 15mm olabilir. Ezilmi\u015f ot, inek, koyun, kaz, tavuk gibi farkl\u0131 hayvanlara yem olarak verilebilir.<\/p>   <p><iframe loading=\"lazy\" title=\"\u00c7ok d\u00fc\u015f\u00fck fiyatl\u0131 saman kesme ve tah\u0131l \u00f6\u011f\u00fctme makinesi, \u00e7im bi\u00e7me saman kesici\" width=\"500\" height=\"281\" src=\"https:\/\/www.youtube.com\/embed\/WTOfgH9OdSs?feature=oembed\" frameborder=\"0\" allow=\"accelerometer; autoplay; clipboard-write; encrypted-media; gyroscope; picture-in-picture; web-share\" referrerpolicy=\"strict-origin-when-cross-origin\" allowfullscreen><\/iframe><\/p>    <figure class=\"wp-block-image aligncenter wp-image-3736\"><img loading=\"lazy\" decoding=\"async\" width=\"750\" height=\"775\" src=\"https:\/\/www.agriculture-machine.com\/wp-content\/uploads\/2019\/05\/\u672a\u6807\u9898-1_01.jpg\" alt=\"\u00e7im bi\u00e7me makinesi\" class=\"wp-image-3736\" srcset=\"https:\/\/www.agriculture-machine.com\/wp-content\/uploads\/2019\/05\/\u672a\u6807\u9898-1_01.jpg 750w, https:\/\/www.agriculture-machine.com\/wp-content\/uploads\/2019\/05\/\u672a\u6807\u9898-1_01-261x270.jpg 261w, https:\/\/www.agriculture-machine.com\/wp-content\/uploads\/2019\/05\/\u672a\u6807\u9898-1_01-523x540.jpg 523w\" sizes=\"auto, (max-width: 750px) 100vw, 750px\" \/><figcaption class=\"wp-element-caption\">\u00e7im bi\u00e7me makinesi<\/figcaption><\/figure>    <figure class=\"wp-block-image aligncenter wp-image-3735\"><img loading=\"lazy\" decoding=\"async\" width=\"750\" height=\"750\" src=\"https:\/\/www.agriculture-machine.com\/wp-content\/uploads\/2019\/05\/\u672a\u6807\u9898-1.jpg\" alt=\"ot bi\u00e7me makinesi yap\u0131s\u0131\" class=\"wp-image-3735\" srcset=\"https:\/\/www.agriculture-machine.com\/wp-content\/uploads\/2019\/05\/\u672a\u6807\u9898-1.jpg 750w, https:\/\/www.agriculture-machine.com\/wp-content\/uploads\/2019\/05\/\u672a\u6807\u9898-1-270x270.jpg 270w, https:\/\/www.agriculture-machine.com\/wp-content\/uploads\/2019\/05\/\u672a\u6807\u9898-1-540x540.jpg 540w\" sizes=\"auto, (max-width: 750px) 100vw, 750px\" \/><figcaption class=\"wp-element-caption\">ot bi\u00e7me makinesi yap\u0131s\u0131<\/figcaption><\/figure>    <h2 class=\"wp-block-heading\">\u00c7im bi\u00e7me teknik parametreleri<\/h2>    <figure class=\"wp-block-table is-style-stripes\"><table><tbody><tr><td>Model<\/td><td>9Z-1.2<\/td><td>9Z-1.5<\/td><td>9Z-1.8<\/td><\/tr><tr><td>Yap\u0131 Tipi<\/td><td>Disk Tipi<\/td><td>Disk Tipi<\/td><td>Disk Tipi<\/td><\/tr><tr><td>G\u00fc\u00e7<\/td><td>2.2kw-3kw<\/td><td>2.2kw-3kw<\/td><td>2.2kw-3kw<\/td><\/tr><tr><td>A\u011f\u0131rl\u0131k<\/td><td>80kg<\/td><td>90kg<\/td><td>100kg<\/td><\/tr><tr><td>Boyut<\/td><td>660*995*1840mm<\/td><td>770*1010*1870mm<\/td><td>800*1010*1900mm<\/td><\/tr><tr><td>Kapasite<\/td><td>1200kg\/s<\/td><td>1500kg\/s<\/td><td>1800kg\/s<\/td><\/tr><tr><td>Ana Milin H\u0131z\u0131<\/td><td>950r\/dak<\/td><td>950r\/dak<\/td><td>950r\/dak<\/td><\/tr><tr><td>Rotor \u00c7ap\u0131<\/td><td>470mm<\/td><td>510mm<\/td><td>560mm<\/td><\/tr><tr><td>B\u0131\u00e7ak Say\u0131s\u0131<\/td><td>6 adet<\/td><td>6 adet<\/td><td>6 adet<\/td><\/tr><tr><td>B\u0131\u00e7ak \u015eekli<\/td><td>Dikd\u00f6rtgen<\/td><td>Dikd\u00f6rtgen<\/td><td>Dikd\u00f6rtgen<\/td><\/tr><tr><td>Besleme silindiri h\u0131z\u0131<\/td><td>360r\/dak<\/td><td>360r\/dak<\/td><td>360r\/dak<\/td><\/tr><tr><td>Besleme Modu<\/td><td>Manuel<\/td><td>Manuel<\/td><td>Manuel<\/td><\/tr><tr><td>Do\u011frama boyutu<\/td><td>5mm, 11mm, 15mm<\/td><td>5mm, 11mm, 15mm<\/td><td>5mm, 11mm, 15mm<\/td><\/tr><tr><td>Besleme giri\u015finin geni\u015fli\u011fi<\/td><td>170mm<\/td><td>180mm<\/td><td>220mm<\/td><\/tr><\/tbody><\/table><figcaption class=\"wp-element-caption\">\u00e7im bi\u00e7me makinesi teknik verileri<\/figcaption><\/figure>    <h2 class=\"wp-block-heading\">\u00c7im bi\u00e7me makinesinin avantajlar\u0131<\/h2>    <ol class=\"wp-block-list\"> <li>Mant\u0131kl\u0131 yap\u0131. Uzun \u00e7\u0131k\u0131\u015f, otun tahliyesini kolayla\u015ft\u0131r\u0131r ve \u00fc\u00e7 vites, otun uzunlu\u011funu kontrol eder. Ayr\u0131ca, giri\u015fin alt\u0131nda raf, benzinli motorun a\u011f\u0131rl\u0131\u011f\u0131n\u0131 ta\u015f\u0131yabilir.<\/li>    <li>D\u00f6rt tekerlek, hareketi kolayla\u015ft\u0131r\u0131r.<\/li>    <li>Harika \u00e7al\u0131\u015fma performans\u0131 ve hafiftir. Makinenin a\u011f\u0131rl\u0131\u011f\u0131 yakla\u015f\u0131k 90kg, kapasitesi ise 1.5t\/s.<\/li>    <li>Do\u011frama boyutu ihtiyac\u0131n\u0131za g\u00f6re ayarlanabilir, yani 5mm, 11mm, 15mm.<\/li>    <li>\u00c7im bi\u00e7me makinelerinin ezme etkisi \u00e7ok iyidir ve nihai \u00e7\u0131kt\u0131 hayvanlara yem olarak kullan\u0131labilir.<\/li>    <li>\u0130htiyac\u0131n\u0131za g\u00f6re farkl\u0131 modeller se\u00e7ebilirsiniz.<\/li>    <li>Makinedeki b\u0131\u00e7ak \u00e7ok keskindir ve uzun \u00f6m\u00fcrl\u00fcd\u00fcr, otu tamamen kesebilir.<\/li>    <li>\u00c7im bi\u00e7me makinesi kullan\u0131m\u0131 kolayd\u0131r ve sadece bir ki\u015fi i\u015flemi tamamlayabilir.<\/li> <\/ol>    <figure class=\"wp-block-image aligncenter wp-image-3732\"><img decoding=\"async\" src=\"https:\/\/www.agriculture-machine.com\/wp-content\/uploads\/2019\/05\/DSC_3842.jpg\" alt=\"m\u0131s\u0131r sap\u0131 kesici makine test alan\u0131\" class=\"wp-image-3732\"\/><figcaption class=\"wp-element-caption\">m\u0131s\u0131r sap\u0131 kesici makine test alan\u0131<\/figcaption><\/figure>    <figure class=\"wp-block-image aligncenter wp-image-3733\"><img decoding=\"async\" src=\"https:\/\/www.agriculture-machine.com\/wp-content\/uploads\/2019\/05\/DSC_3848.jpg\" alt=\"samur kesme makinesi\" class=\"wp-image-3733\"\/><figcaption class=\"wp-element-caption\">samur kesme makinesi<\/figcaption><\/figure>    <h2 class=\"wp-block-heading\">\u00c7im bi\u00e7me makinesinin \u00e7al\u0131\u015fma prensibi<\/h2>    <ol class=\"wp-block-list\"> <li>\u0130lk olarak, otlar\u0131 besleme haznesine koyun.<\/li>    <li>Uzun di\u015fli, orta di\u015fli ve k\u0131sa di\u015fli olmak \u00fczere \u00fc\u00e7 vites vard\u0131r, bunlar otun uzunlu\u011funu kontrol eder. Bu zamanda 6 b\u0131\u00e7ak ve \u00e7eki\u00e7ler otun tamamen kesilmesini ve par\u00e7alanmas\u0131n\u0131 sa\u011flar.<\/li>    <li>Birka\u00e7 saniye sonra, otlar \u00e7\u0131k\u0131\u015ftan at\u0131l\u0131r.<\/li> <\/ol>    <figure class=\"wp-block-image aligncenter wp-image-3734\"><img decoding=\"async\" src=\"https:\/\/www.agriculture-machine.com\/wp-content\/uploads\/2019\/05\/DSC_3851.jpg\" alt=\"samur kesme makinesinin kesim etkisi\" class=\"wp-image-3734\"\/><figcaption class=\"wp-element-caption\">samur kesme makinesinin kesim etkisi<\/figcaption><\/figure>    <h2 class=\"wp-block-heading\"><span style=\"color: #ff0000;\">\u00c7im bi\u00e7me \u00f6nceli\u011fi<\/span><\/h2>    <ol class=\"wp-block-list\"> <li>Ah\u015fap \u00e7ubuklar, demirler, ta\u015flar gibi sert nesneleri \u00e7\u0131kar\u0131n.<\/li>    <li>\u0130htiyac\u0131n\u0131za g\u00f6re otun uzunlu\u011funa uygun h\u0131z kontrol vitesini tak\u0131n.<\/li>    <li>G\u00fc\u00e7 kayna\u011f\u0131n\u0131 a\u00e7\u0131n ve makineyi birka\u00e7 dakika bo\u015fta \u00e7al\u0131\u015ft\u0131r\u0131n. Sonra uygun miktarda ot al\u0131p besleme giri\u015fine e\u015fit \u015fekilde koyun, b\u00f6ylece anormal bir durum olmaz. \u00c7ok fazla ot, a\u015f\u0131r\u0131 y\u00fcklenmeye neden olur, aksi takdirde kesim verimlili\u011fi etkilenir.<\/li>    <li>Durdururken, makineyi iki dakika bo\u015fta \u00e7al\u0131\u015ft\u0131r\u0131n. \u00c7im bi\u00e7me hayvan\u0131 i\u00e7indeki toz ve yabani otlar\u0131 \u00fcfleyin, sonra makineyi kapat\u0131n ve kolu \u201cdur\u201d konumuna ayarlay\u0131n.<\/li>    <li>Dizel motor veya trakt\u00f6r g\u00fcc\u00fc kullan\u0131rken, dizel motor gaz kelebe\u011fi uygun \u015fekilde kontrol edilmelidir (genellikle ortadaki gaz kelebe\u011fi kullan\u0131l\u0131r). \u00c7ok b\u00fcy\u00fck olursa, makinenin a\u015f\u0131r\u0131 harcamas\u0131na neden olur. Aksi takdirde, \u00e7al\u0131\u015fma verimlili\u011fini etkiler.<\/li>    <li>The gearbox handle of this machine has 3 gear positions, push the handle to the (in) position during normal use. When the feeding is too blocked, push the handle to the \u201cstop\u201d position, wait for a moment, and then push To the &#8220;return&#8221; position. You shall reduce the feeding amount and re-work. When the operation stops, the handle is adjusted to the &#8220;stop&#8221; position; when the handle is pushed, the pushing force should be appropriate.<\/li> <\/ol>    <h2 class=\"wp-block-heading\">\u00c7im bi\u00e7me makinesi SSS<\/h2>   <div id=\"rank-math-faq\" class=\"rank-math-block\"> <div class=\"rank-math-list\"> <div id=\"faq-question-1707040336268\" class=\"rank-math-list-item\"> <h3 class=\"rank-math-question\">Makinenin i\u00e7inde ka\u00e7 adet b\u0131\u00e7ak var? ve b\u0131\u00e7a\u011f\u0131n \u015fekli nedir?<\/h3> <div class=\"rank-math-answer\">  <p>6 adet b\u0131\u00e7ak var.<\/p>  <\/div> <\/div> <div id=\"faq-question-1707040349705\" class=\"rank-math-list-item\"> <h3 class=\"rank-math-question\">B\u0131\u00e7aklar\u0131n \u015fekli nedir?<\/h3> <div class=\"rank-math-answer\">  <p>Dikd\u00f6rtgenlere benziyorlar.<\/p>  <\/div> <\/div> <div id=\"faq-question-1707040362057\" class=\"rank-math-list-item\"> <h3 class=\"rank-math-question\">Son otun do\u011frama boyutu nedir?<\/h3> <div class=\"rank-math-answer\">  <p>5mm, 11mm ve 15mm.<\/p>  <\/div> <\/div> <div id=\"faq-question-1707040375585\" class=\"rank-math-list-item\"> <h3 class=\"rank-math-question\">Ba\u015fka farkl\u0131 kapasitelerde makineleriniz var m\u0131?<\/h3> <div class=\"rank-math-answer\">  <p class=\"translation-block\">Evet, var. Bu <strong><a href=\"https:\/\/www.agriculture-machine.com\/tr\/small-chaff-cutter\/\"><em>saman kesici<\/em><\/a><\/strong> kapasitesi 1.5t\/h'dir. Ayr\u0131ca 2t\/h-10t\/h makinelerimiz de mevcuttur.<\/p>  <\/div> <\/div> <div id=\"faq-question-1707040389913\" class=\"rank-math-list-item\"> <h3 class=\"rank-math-question\">Ezilmi\u015f ot ne i\u00e7in kullan\u0131labilir?<\/h3> <div class=\"rank-math-answer\">  <p>Ezilmi\u015f ot, hayvanlara yem olarak kullan\u0131labilir.<\/p>  <\/div> <\/div> <\/div> <\/div>","protected":false},"excerpt":{"rendered":"<p>Bu \u00e7im bi\u00e7me makinesi 2.2kw motor, benzin ve dizel motor ile uyumludur ve do\u011frama boyutu 5mm, 11mm, 15mm olabilir. Ezilmi\u015f ot, inek, koyun, kaz, tavuk gibi farkl\u0131 hayvanlara yem olarak verilebilir.\u00a0<\/p>","protected":false},"author":1,"featured_media":14626,"parent":0,"comment_status":"closed","ping_status":"closed","template":"","tags":[2609,2630],"product-type":[912,876],"class_list":["post-3731","product","type-product","status-publish","has-post-thumbnail","hentry","tag-cutter","tag-feed","product-type-chaff-cutter","product-type-silage-machine"],"_links":{"self":[{"href":"https:\/\/www.agriculture-machine.com\/tr\/wp-json\/wp\/v2\/product\/3731","targetHints":{"allow":["GET"]}}],"collection":[{"href":"https:\/\/www.agriculture-machine.com\/tr\/wp-json\/wp\/v2\/product"}],"about":[{"href":"https:\/\/www.agriculture-machine.com\/tr\/wp-json\/wp\/v2\/types\/product"}],"author":[{"embeddable":true,"href":"https:\/\/www.agriculture-machine.com\/tr\/wp-json\/wp\/v2\/users\/1"}],"replies":[{"embeddable":true,"href":"https:\/\/www.agriculture-machine.com\/tr\/wp-json\/wp\/v2\/comments?post=3731"}],"wp:featuredmedia":[{"embeddable":true,"href":"https:\/\/www.agriculture-machine.com\/tr\/wp-json\/wp\/v2\/media\/14626"}],"wp:attachment":[{"href":"https:\/\/www.agriculture-machine.com\/tr\/wp-json\/wp\/v2\/media?parent=3731"}],"wp:term":[{"taxonomy":"post_tag","embeddable":true,"href":"https:\/\/www.agriculture-machine.com\/tr\/wp-json\/wp\/v2\/tags?post=3731"},{"taxonomy":"product-type","embeddable":true,"href":"https:\/\/www.agriculture-machine.com\/tr\/wp-json\/wp\/v2\/product-type?post=3731"}],"curies":[{"name":"wp","href":"https:\/\/api.w.org\/{rel}","templated":true}]}}