{"id":3747,"date":"2019-05-23T05:13:35","date_gmt":"2019-05-22T21:13:35","guid":{"rendered":"https:\/\/www.agriculture-machine.com\/?p=3747"},"modified":"2024-08-20T17:43:04","modified_gmt":"2024-08-20T09:43:04","slug":"stainless-steel-cocoa-beans-peeling-machine-with-long-service-life","status":"publish","type":"product","link":"https:\/\/www.agriculture-machine.com\/tr\/stainless-steel-cocoa-beans-peeling-machine-with-long-service-life\/","title":{"rendered":"Uzun hizmet \u00f6mr\u00fcne sahip paslanmaz \u00e7elik kakao \u00e7ekirde\u011fi soyma makinesi"},"content":{"rendered":"<p class=\"translation-block\">Usually, people will process cocoa beans into a variety of cocoa powder, chocolate and other foods. And because of the hardness of the cocoa bean&#8217;s shell. People can use the <a href=\"https:\/\/www.agriculture-machine.com\/tr\/cocoa-pod-breaker-cocoa-pod-splitter-cocoa-pod-opener\/\">cocoa pod breaker<\/a> to break the shell. So that it is convenient for the further process of the cocoa bean. After opening the pod of the cocoa bean, we can use the cocoa beans peeling machine.<strong> The cocoa beans peeling machine<\/strong>\u00a0includes peeling roller, fan and gravity sorting part. This machine has simple and compact structure and stable performance. What\u2019s more, it is safe and reliable during operation. Peeled cocoa beans boasts great aroma, widely applying to produce chocolate, candy and other industries.<\/p> <div id='gallery-1' class='gallery galleryid-3747 gallery-columns-2 gallery-size-full'><figure class='gallery-item'> \t\t\t<div class='gallery-icon portrait'> \t\t\t\t<a href='https:\/\/www.agriculture-machine.com\/tr\/stainless-steel-cocoa-beans-peeling-machine-with-long-service-life\/attachment\/cocoa-beans-peeling-delivery-1\/'><img loading=\"lazy\" decoding=\"async\" width=\"400\" height=\"500\" src=\"https:\/\/www.agriculture-machine.com\/wp-content\/uploads\/2019\/05\/cocoa-beans-peeling-delivery-1.jpg\" class=\"attachment-full size-full\" alt=\"kakao \u00e7ekirde\u011fi soyma teslimat\u0131 (1)\" srcset=\"https:\/\/www.agriculture-machine.com\/wp-content\/uploads\/2019\/05\/cocoa-beans-peeling-delivery-1.jpg 400w, https:\/\/www.agriculture-machine.com\/wp-content\/uploads\/2019\/05\/cocoa-beans-peeling-delivery-1-216x270.jpg 216w\" sizes=\"auto, (max-width: 400px) 100vw, 400px\" \/><\/a> \t\t\t<\/div><\/figure><figure class='gallery-item'> \t\t\t<div class='gallery-icon portrait'> \t\t\t\t<a href='https:\/\/www.agriculture-machine.com\/tr\/stainless-steel-cocoa-beans-peeling-machine-with-long-service-life\/attachment\/cocoa-beans-peeling-2\/'><img loading=\"lazy\" decoding=\"async\" width=\"400\" height=\"500\" src=\"https:\/\/www.agriculture-machine.com\/wp-content\/uploads\/2019\/05\/cocoa-beans-peeling-2.jpg\" class=\"attachment-full size-full\" alt=\"kakao \u00e7ekirde\u011fi soyma (2)\" srcset=\"https:\/\/www.agriculture-machine.com\/wp-content\/uploads\/2019\/05\/cocoa-beans-peeling-2.jpg 400w, https:\/\/www.agriculture-machine.com\/wp-content\/uploads\/2019\/05\/cocoa-beans-peeling-2-216x270.jpg 216w\" sizes=\"auto, (max-width: 400px) 100vw, 400px\" \/><\/a> \t\t\t<\/div><\/figure> \t\t<\/div>  <h2>Kakao \u00e7ekirde\u011fi soyma makinesinin \u00e7al\u0131\u015fma prensibi<\/h2> <ol> <li>Kakao \u00e7ekirdeklerini hammadde haznesine e\u015fit olarak d\u00f6k\u00fcn.<\/li> <li>Kakao \u00e7ekirdekleri makine i\u00e7indeki silindirler taraf\u0131ndan s\u00fcrekli yuvarlan\u0131r ve kakao \u00e7ekirde\u011finin kabu\u011fu daha sonra soyulur.<\/li> <li>Havaland\u0131r\u0131c\u0131\u00fcn r\u00fczg\u00e2r\u0131, cilt par\u00e7alar\u0131n\u0131 siklona \u00e7ekerektir.<\/li> <li>Son olarak soyulmu\u015f kakao \u00e7ekirdekleri makinenin di\u011fer taraf\u0131ndan tahliye edilir<\/li> <\/ol> <div id='gallery-2' class='gallery galleryid-3747 gallery-columns-2 gallery-size-full'><figure class='gallery-item'> \t\t\t<div class='gallery-icon portrait'> \t\t\t\t<a href='https:\/\/www.agriculture-machine.com\/tr\/stainless-steel-cocoa-beans-peeling-machine-with-long-service-life\/attachment\/cocoa-beans-peeling-delivery-6\/'><img loading=\"lazy\" decoding=\"async\" width=\"400\" height=\"500\" src=\"https:\/\/www.agriculture-machine.com\/wp-content\/uploads\/2019\/05\/cocoa-beans-peeling-delivery-6.jpg\" class=\"attachment-full size-full\" alt=\"Kakao \u00e7ekirde\u011fi soymay\u0131 teslim eden (6)\" srcset=\"https:\/\/www.agriculture-machine.com\/wp-content\/uploads\/2019\/05\/cocoa-beans-peeling-delivery-6.jpg 400w, https:\/\/www.agriculture-machine.com\/wp-content\/uploads\/2019\/05\/cocoa-beans-peeling-delivery-6-216x270.jpg 216w\" sizes=\"auto, (max-width: 400px) 100vw, 400px\" \/><\/a> \t\t\t<\/div><\/figure><figure class='gallery-item'> \t\t\t<div class='gallery-icon portrait'> \t\t\t\t<a href='https:\/\/www.agriculture-machine.com\/tr\/stainless-steel-cocoa-beans-peeling-machine-with-long-service-life\/attachment\/cocoa-beans-peeling-2\/'><img loading=\"lazy\" decoding=\"async\" width=\"400\" height=\"500\" src=\"https:\/\/www.agriculture-machine.com\/wp-content\/uploads\/2019\/05\/cocoa-beans-peeling-2.jpg\" class=\"attachment-full size-full\" alt=\"kakao \u00e7ekirde\u011fi soyma (2)\" srcset=\"https:\/\/www.agriculture-machine.com\/wp-content\/uploads\/2019\/05\/cocoa-beans-peeling-2.jpg 400w, https:\/\/www.agriculture-machine.com\/wp-content\/uploads\/2019\/05\/cocoa-beans-peeling-2-216x270.jpg 216w\" sizes=\"auto, (max-width: 400px) 100vw, 400px\" \/><\/a> \t\t\t<\/div><\/figure> \t\t<\/div>  <h2>Kakao \u00e7ekirde\u011fi soyma makinesi uygulamas\u0131<\/h2> <p>Kakao tozu g\u00fc\u00e7l\u00fc bir aroma ta\u015f\u0131r ve \u00fcst d\u00fczey \u00e7ikolata, dondurma, \u015fekerleme ve pastane \u00fcr\u00fcnlerinde kullan\u0131labilir. Ayr\u0131ca t\u0131p ve sa\u011fl\u0131k \u00fcr\u00fcnleri gibi di\u011fer end\u00fcstrilerde de uygulanabilir.<\/p> <div id='gallery-3' class='gallery galleryid-3747 gallery-columns-2 gallery-size-full'><figure class='gallery-item'> \t\t\t<div class='gallery-icon portrait'> \t\t\t\t<a href='https:\/\/www.agriculture-machine.com\/tr\/stainless-steel-cocoa-beans-peeling-machine-with-long-service-life\/attachment\/cocoa-beans-peeling-5\/'><img loading=\"lazy\" decoding=\"async\" width=\"400\" height=\"500\" src=\"https:\/\/www.agriculture-machine.com\/wp-content\/uploads\/2019\/05\/cocoa-beans-peeling-5.jpg\" class=\"attachment-full size-full\" alt=\"kakao \u00e7ekirde\u011fi soyma (5)\" srcset=\"https:\/\/www.agriculture-machine.com\/wp-content\/uploads\/2019\/05\/cocoa-beans-peeling-5.jpg 400w, https:\/\/www.agriculture-machine.com\/wp-content\/uploads\/2019\/05\/cocoa-beans-peeling-5-216x270.jpg 216w\" sizes=\"auto, (max-width: 400px) 100vw, 400px\" \/><\/a> \t\t\t<\/div><\/figure><figure class='gallery-item'> \t\t\t<div class='gallery-icon portrait'> \t\t\t\t<a href='https:\/\/www.agriculture-machine.com\/tr\/stainless-steel-cocoa-beans-peeling-machine-with-long-service-life\/attachment\/cocoa-beans-peeling-delivery-2\/'><img loading=\"lazy\" decoding=\"async\" width=\"400\" height=\"500\" src=\"https:\/\/www.agriculture-machine.com\/wp-content\/uploads\/2019\/05\/cocoa-beans-peeling-delivery-2.jpg\" class=\"attachment-full size-full\" alt=\"kakao \u00e7ekirde\u011fi soyma teslimat\u0131 (2)\" srcset=\"https:\/\/www.agriculture-machine.com\/wp-content\/uploads\/2019\/05\/cocoa-beans-peeling-delivery-2.jpg 400w, https:\/\/www.agriculture-machine.com\/wp-content\/uploads\/2019\/05\/cocoa-beans-peeling-delivery-2-216x270.jpg 216w\" sizes=\"auto, (max-width: 400px) 100vw, 400px\" \/><\/a> \t\t\t<\/div><\/figure> \t\t<\/div>  <h2>Kakao \u00e7ekirde\u011fi soyma makinesinin avantaj\u0131<\/h2> <ol> <li>R\u00fczg\u00e2r\u0131n b\u00fcy\u00fckl\u00fc\u011f\u00fcn\u00fc ve soyma bo\u015flu\u011funu ayarlayarak, t\u00fcm kabuklar ve \u00e7ekirdekler, r\u00fczg\u00e2r g\u00fcc\u00fc ve soyma silindiri a\u00e7\u0131kl\u0131\u011f\u0131 ayarlanarak tamamen ayr\u0131labilir.<\/li> <li>Kakao \u00e7ekirde\u011fi soyucu makinesinin kenar\u0131nda bulunan b\u00fcy\u00fck siklon, kakao \u00e7ekirdeklerinin kabuklar\u0131n\u0131 tamamen emebilir, temizleme oran\u0131n\u0131 art\u0131r\u0131r.<\/li> <li>Peeling rate can reach 99% or more, and the peeled cocoa beans still can keep original aroma.<\/li> <li>Paslanmaz \u00e7elikten yap\u0131lm\u0131\u015ft\u0131r ve uzun hizmet \u00f6mr\u00fcne sahiptir, korozyona kar\u015f\u0131 g\u00fc\u00e7l\u00fcd\u00fcr.<\/li> <\/ol> <h2>Kakao \u00e7ekirde\u011fi soyma makinesinin teknik parametresi<\/h2> <table> <tbody> <tr> <td width=\"284\">Kapasite<\/td> <td width=\"284\">400KG\/H<\/td> <\/tr> <tr> <td width=\"284\">Motor<\/td> <td width=\"284\">\u00a00.75KW<\/td> <\/tr> <tr> <td width=\"284\">Gerilim<\/td> <td width=\"284\">380V<\/td> <\/tr> <tr> <td width=\"284\">Soyma oran\u0131<\/td> <td width=\"284\">\u00a0&gt;99%<\/td> <\/tr> <tr> <td width=\"284\">Boyut<\/td> <td width=\"284\">130*80* 130cm<\/td> <\/tr> <tr> <td width=\"284\">A\u011f\u0131rl\u0131k<\/td> <td width=\"284\">140kg<\/td> <\/tr> <\/tbody> <\/table> <h2>Kakao \u00e7ekirde\u011fi soyma ekipman\u0131n\u0131n ba\u015far\u0131l\u0131 vakas\u0131<\/h2> <p>\u00c7ikolata, dondurma, \u015fekerleme ve pastane \u00fcr\u00fcnleri i\u00e7in malzeme olarak, bu makine \u00e7o\u011fu \u00fclkede \u00e7ok pop\u00fclerdir. D\u00fcn Kamerun\u2019a 5 adet kakao \u00e7ekirde\u011fi soyucu makine satt\u0131k ve bu m\u00fc\u015fteri bize bu t\u00fcr bir makineyi pek \u00e7ok kez sipari\u015f etti. A\u015fa\u011f\u0131da ambalaj ayr\u0131nt\u0131lar\u0131 verilmi\u015ftir.<\/p> <p>B\u00fcy\u00fck boyut nedeniyle siklonun bo\u015falt\u0131lmas\u0131 gerekir.<\/p> <div id='gallery-4' class='gallery galleryid-3747 gallery-columns-2 gallery-size-full'><figure class='gallery-item'> \t\t\t<div class='gallery-icon portrait'> \t\t\t\t<a href='https:\/\/www.agriculture-machine.com\/tr\/stainless-steel-cocoa-beans-peeling-machine-with-long-service-life\/attachment\/cocoa-beans-peeling-delivery-5\/'><img loading=\"lazy\" decoding=\"async\" width=\"400\" height=\"500\" src=\"https:\/\/www.agriculture-machine.com\/wp-content\/uploads\/2019\/05\/cocoa-beans-peeling-delivery-5.jpg\" class=\"attachment-full size-full\" alt=\"kakao \u00e7ekirde\u011fi soyma teslimat\u0131 (5)\" srcset=\"https:\/\/www.agriculture-machine.com\/wp-content\/uploads\/2019\/05\/cocoa-beans-peeling-delivery-5.jpg 400w, https:\/\/www.agriculture-machine.com\/wp-content\/uploads\/2019\/05\/cocoa-beans-peeling-delivery-5-216x270.jpg 216w\" sizes=\"auto, (max-width: 400px) 100vw, 400px\" \/><\/a> \t\t\t<\/div><\/figure><figure class='gallery-item'> \t\t\t<div class='gallery-icon portrait'> \t\t\t\t<a href='https:\/\/www.agriculture-machine.com\/tr\/stainless-steel-cocoa-beans-peeling-machine-with-long-service-life\/attachment\/cocoa-beans-peeling-delivery-7\/'><img loading=\"lazy\" decoding=\"async\" width=\"400\" height=\"500\" src=\"https:\/\/www.agriculture-machine.com\/wp-content\/uploads\/2019\/05\/cocoa-beans-peeling-delivery-7.jpg\" class=\"attachment-full size-full\" alt=\"kakao \u00e7ekirde\u011fi soyma teslimat\u0131 (7)\" srcset=\"https:\/\/www.agriculture-machine.com\/wp-content\/uploads\/2019\/05\/cocoa-beans-peeling-delivery-7.jpg 400w, https:\/\/www.agriculture-machine.com\/wp-content\/uploads\/2019\/05\/cocoa-beans-peeling-delivery-7-216x270.jpg 216w\" sizes=\"auto, (max-width: 400px) 100vw, 400px\" \/><\/a> \t\t\t<\/div><\/figure> \t\t<\/div>  <div id='gallery-5' class='gallery galleryid-3747 gallery-columns-2 gallery-size-full'><figure class='gallery-item'> \t\t\t<div class='gallery-icon portrait'> \t\t\t\t<a href='https:\/\/www.agriculture-machine.com\/tr\/stainless-steel-cocoa-beans-peeling-machine-with-long-service-life\/attachment\/cocoa-beans-peeling-delivery-2\/'><img loading=\"lazy\" decoding=\"async\" width=\"400\" height=\"500\" src=\"https:\/\/www.agriculture-machine.com\/wp-content\/uploads\/2019\/05\/cocoa-beans-peeling-delivery-2.jpg\" class=\"attachment-full size-full\" alt=\"kakao \u00e7ekirde\u011fi soyma teslimat\u0131 (2)\" srcset=\"https:\/\/www.agriculture-machine.com\/wp-content\/uploads\/2019\/05\/cocoa-beans-peeling-delivery-2.jpg 400w, https:\/\/www.agriculture-machine.com\/wp-content\/uploads\/2019\/05\/cocoa-beans-peeling-delivery-2-216x270.jpg 216w\" sizes=\"auto, (max-width: 400px) 100vw, 400px\" \/><\/a> \t\t\t<\/div><\/figure><figure class='gallery-item'> \t\t\t<div class='gallery-icon portrait'> \t\t\t\t<a href='https:\/\/www.agriculture-machine.com\/tr\/stainless-steel-cocoa-beans-peeling-machine-with-long-service-life\/attachment\/cocoa-beans-peeling-delivery-3\/'><img loading=\"lazy\" decoding=\"async\" width=\"400\" height=\"500\" src=\"https:\/\/www.agriculture-machine.com\/wp-content\/uploads\/2019\/05\/cocoa-beans-peeling-delivery-3.jpg\" class=\"attachment-full size-full\" alt=\"kakao \u00e7ekirde\u011fi soyma teslimat\u0131 (3)\" srcset=\"https:\/\/www.agriculture-machine.com\/wp-content\/uploads\/2019\/05\/cocoa-beans-peeling-delivery-3.jpg 400w, https:\/\/www.agriculture-machine.com\/wp-content\/uploads\/2019\/05\/cocoa-beans-peeling-delivery-3-216x270.jpg 216w\" sizes=\"auto, (max-width: 400px) 100vw, 400px\" \/><\/a> \t\t\t<\/div><\/figure> \t\t<\/div>  <h2>Kakao \u00e7ekirde\u011fi soyma makinesi SSS<\/h2> <ol> <li>Bu makinenin soyma oran\u0131 nedir?<\/li> <\/ol> <p>99% ten fazlas\u0131.<\/p> <ol start=\"2\"> <li>Saya\u00e7 aral\u0131\u011f\u0131n\u0131 ayarlayabilir miyim?<\/li> <\/ol> <p>Evet tabii, silindirin a\u00e7\u0131kl\u0131\u011f\u0131 ayarlanabilir; farkl\u0131 kakao \u00e7ekirdekleri farkl\u0131 boyutlardad\u0131r.<\/p> <ol start=\"3\"> <li>Soyulmu\u015f kakao \u00e7ekirdekleri ne i\u00e7in kullan\u0131l\u0131r?<\/li> <\/ol> <p>Bunu \u00e7ikolata, dondurma, \u015fekerleme ve pastane \u00fcr\u00fcnleri yapmak i\u00e7in kullan\u0131labilir, vb.<\/p>","protected":false},"excerpt":{"rendered":"<p>Usually, people will process cocoa beans into a variety of cocoa powder, chocolate and other foods. And because of the hardness of the cocoa bean&#8217;s shell. People can use the cocoa pod breaker to break the shell. So that it is convenient for the further process of the cocoa bean. After opening the pod of [&hellip;]<\/p>\n","protected":false},"author":1,"featured_media":3748,"parent":0,"comment_status":"open","ping_status":"open","template":"","tags":[],"product-type":[904],"class_list":["post-3747","product","type-product","status-publish","has-post-thumbnail","hentry","product-type-cocao-beans-dehuller-machine"],"_links":{"self":[{"href":"https:\/\/www.agriculture-machine.com\/tr\/wp-json\/wp\/v2\/product\/3747","targetHints":{"allow":["GET"]}}],"collection":[{"href":"https:\/\/www.agriculture-machine.com\/tr\/wp-json\/wp\/v2\/product"}],"about":[{"href":"https:\/\/www.agriculture-machine.com\/tr\/wp-json\/wp\/v2\/types\/product"}],"author":[{"embeddable":true,"href":"https:\/\/www.agriculture-machine.com\/tr\/wp-json\/wp\/v2\/users\/1"}],"replies":[{"embeddable":true,"href":"https:\/\/www.agriculture-machine.com\/tr\/wp-json\/wp\/v2\/comments?post=3747"}],"wp:featuredmedia":[{"embeddable":true,"href":"https:\/\/www.agriculture-machine.com\/tr\/wp-json\/wp\/v2\/media\/3748"}],"wp:attachment":[{"href":"https:\/\/www.agriculture-machine.com\/tr\/wp-json\/wp\/v2\/media?parent=3747"}],"wp:term":[{"taxonomy":"post_tag","embeddable":true,"href":"https:\/\/www.agriculture-machine.com\/tr\/wp-json\/wp\/v2\/tags?post=3747"},{"taxonomy":"product-type","embeddable":true,"href":"https:\/\/www.agriculture-machine.com\/tr\/wp-json\/wp\/v2\/product-type?post=3747"}],"curies":[{"name":"wp","href":"https:\/\/api.w.org\/{rel}","templated":true}]}}