{"id":3771,"date":"2019-05-27T04:04:16","date_gmt":"2019-05-26T20:04:16","guid":{"rendered":"https:\/\/www.agriculture-machine.com\/?p=3771"},"modified":"2026-02-25T17:41:02","modified_gmt":"2026-02-25T09:41:02","slug":"wheat-thresher-for-sale-sorghum-rice-thresher-beans-millet-threshing-machine","status":"publish","type":"product","link":"https:\/\/www.agriculture-machine.com\/tr\/wheat-thresher-for-sale-sorghum-rice-thresher-beans-millet-threshing-machine\/","title":{"rendered":"Bu\u011fday bi\u00e7erd\u00f6veri | Sat\u0131l\u0131k pirin\u00e7 bi\u00e7erd\u00f6veri"},"content":{"rendered":"<p class=\"translation-block\">Bu yeni tasar\u0131m <strong>pirin\u00e7 bi\u00e7erd\u00f6ver makinesi<\/strong> y\u00fcksek \u00e7al\u0131\u015fma verimlili\u011fine sahiptir, bu\u011fday, pirin\u00e7 ve dar\u0131 bi\u00e7mekte geni\u015f \u00e7apta kullan\u0131lmaktad\u0131r ve kapasitesi 400-500kg\/saat'tir. Motor, benzin motoru ve dizel motor ile donat\u0131labilir ve elektrik yetersiz olan b\u00f6lgeler i\u00e7in uygundur.<\/p>    <figure class=\"wp-block-image aligncenter wp-image-3775 size-full\"><img loading=\"lazy\" decoding=\"async\" width=\"600\" height=\"500\" src=\"https:\/\/www.agriculture-machine.com\/wp-content\/uploads\/2019\/05\/wheat-thresher-13.jpg\" alt=\"pirin\u00e7 harman makinesi\" class=\"wp-image-3775\" srcset=\"https:\/\/www.agriculture-machine.com\/wp-content\/uploads\/2019\/05\/wheat-thresher-13.jpg 600w, https:\/\/www.agriculture-machine.com\/wp-content\/uploads\/2019\/05\/wheat-thresher-13-324x270.jpg 324w\" sizes=\"auto, (max-width: 600px) 100vw, 600px\" \/><figcaption class=\"wp-element-caption\">pirin\u00e7 harman makinesi<\/figcaption><\/figure>    <p>Bu\u011fday bi\u00e7erd\u00f6verin iki tekerle\u011fi, ayarlanabilir \u00e7er\u00e7evesi, besleme haznesi, yabanc\u0131 maddeler \u00e7\u0131k\u0131\u015f\u0131, saman \u00e7\u0131k\u0131\u015f\u0131 ve tane \u00e7\u0131k\u0131\u015f\u0131 gibi \u00f6zellikleri vard\u0131r.<\/p>    <figure class=\"wp-block-image aligncenter wp-image-3774 size-full\"><img loading=\"lazy\" decoding=\"async\" width=\"600\" height=\"500\" src=\"https:\/\/www.agriculture-machine.com\/wp-content\/uploads\/2019\/05\/wheat-thresher-12.jpg\" alt=\"pirin\u00e7 harman makinesi\" class=\"wp-image-3774\" srcset=\"https:\/\/www.agriculture-machine.com\/wp-content\/uploads\/2019\/05\/wheat-thresher-12.jpg 600w, https:\/\/www.agriculture-machine.com\/wp-content\/uploads\/2019\/05\/wheat-thresher-12-324x270.jpg 324w\" sizes=\"auto, (max-width: 600px) 100vw, 600px\" \/><figcaption class=\"wp-element-caption\">pirin\u00e7 harman makinesi<\/figcaption><\/figure>    <h2 class=\"wp-block-heading\">Pirincin harman makinesinin teknik parametreleri<\/h2>    <figure class=\"wp-block-table\"><table class=\"has-fixed-layout\"><tbody><tr><td><strong><b>Model<\/b><\/strong><\/td><td><strong><b>TZ-50<\/b><\/strong><\/td><\/tr><tr><td><strong><b>Kapasite<\/b><\/strong><\/td><td>400-500kg\/h<\/td><\/tr><tr><td><strong><b>G\u00fc\u00e7<\/b><\/strong><\/td><td>3kw motor<br><p>8hp dizel motor 170F benzin motoru<\/p><\/td><\/tr><tr><td><strong><b>A\u011f\u0131rl\u0131k<\/b><\/strong><\/td><td>85kg<\/td><\/tr><tr><td><strong><b>Boyut<\/b><\/strong><\/td><td>1260*1320*1120mm<\/td><\/tr><\/tbody><\/table><\/figure>    <h2 class=\"wp-block-heading\">Pirincin harman makinesinin avantaj\u0131<\/h2>    <ol class=\"wp-block-list\"> <li>B\u00fcy\u00fck \u00e7\u0131k\u0131\u015fa sahip \u00e7\u0131k\u0131\u015f, temizlik oran\u0131n\u0131 art\u0131rabilir.<\/li>    <li>Motor, dizel motor ve benzinli motor ile ihtiya\u00e7lara g\u00f6re uyum sa\u011flar.<\/li>    <li>\u0130ki tekerlek ve tekerlekler hareketi kolayla\u015ft\u0131r\u0131r.<\/li>    <li>Y\u00fcksek bi\u00e7er oran\u0131.  ula\u015fabilir ve nihai taneler \u00e7ok temizdir.<\/li>    <li>Birden fazla fonksiyon. Farkl\u0131 ekranlar de\u011fi\u015ftirildi\u011finde, bu <a href=\"https:\/\/www.agriculture-machine.com\/tr\/small-thresher-for-rice-wheat-beans-sorghum-millet\/\"><strong>bu\u011fday harman makinesi<\/strong><\/a> Pirincin yan\u0131 s\u0131ra pirin\u00e7, bu\u011fday, fasulye gibi bir\u00e7ok \u00fcr\u00fcn harmanlayabilir.<\/li> <\/ol>    <figure class=\"wp-block-image aligncenter wp-image-3773 size-full\"><img loading=\"lazy\" decoding=\"async\" width=\"600\" height=\"500\" src=\"https:\/\/www.agriculture-machine.com\/wp-content\/uploads\/2019\/05\/wheat-thresher-11.jpg\" alt=\"bu\u011fday harman makinesi\" class=\"wp-image-3773\" srcset=\"https:\/\/www.agriculture-machine.com\/wp-content\/uploads\/2019\/05\/wheat-thresher-11.jpg 600w, https:\/\/www.agriculture-machine.com\/wp-content\/uploads\/2019\/05\/wheat-thresher-11-324x270.jpg 324w\" sizes=\"auto, (max-width: 600px) 100vw, 600px\" \/><figcaption class=\"wp-element-caption\">bu\u011fday harman makinesi<\/figcaption><\/figure>    <p>&nbsp;<\/p>    <h2 class=\"wp-block-heading\">Pirincin harman makinesinin \u00e7al\u0131\u015fma prensibi<\/h2>    <ol class=\"wp-block-list\"> <li>Kullan\u0131c\u0131 pirinci yava\u015f yava\u015f giri\u015fe koyar<\/li>    <li>Silindirlerin g\u00fcc\u00fc alt\u0131nda, pirin\u00e7 taneleri samanlardan ayr\u0131l\u0131r ve kaba d\u00fc\u015fer.<\/li>    <li>3. Ve saplar di\u011fer \u00e7\u0131k\u0131\u015ftan \u00fcflenir.<\/li>    <li>At\u0131klar\u0131n \u00e7\u0131k\u0131\u015f\u0131n\u0131 t\u0131kamamas\u0131 i\u00e7in, zaman\u0131nda k\u00fcrek kullanmak daha iyidir.<\/li> <\/ol>    <figure class=\"wp-block-image aligncenter wp-image-3772 size-full\"><img loading=\"lazy\" decoding=\"async\" width=\"600\" height=\"500\" src=\"https:\/\/www.agriculture-machine.com\/wp-content\/uploads\/2019\/05\/wheat-thresher-10.jpg\" alt=\"bu\u011fday harman makinesi giri\u015f\" class=\"wp-image-3772\" srcset=\"https:\/\/www.agriculture-machine.com\/wp-content\/uploads\/2019\/05\/wheat-thresher-10.jpg 600w, https:\/\/www.agriculture-machine.com\/wp-content\/uploads\/2019\/05\/wheat-thresher-10-324x270.jpg 324w\" sizes=\"auto, (max-width: 600px) 100vw, 600px\" \/><figcaption class=\"wp-element-caption\">bu\u011fday harman makinesi giri\u015f<\/figcaption><\/figure>    <h2 class=\"wp-block-heading\">Pirincin harman makinesi ba\u015far\u0131l\u0131 \u00f6rne\u011fi<\/h2>    <p class=\"translation-block\">2019 \u015eubat ay\u0131nda, 79 set <strong>bu\u011fday harman makinesi<\/strong> Peru'ya ihra\u00e7 edilmi\u015ftir. Y\u00fcksek harman oran\u0131, y\u00fcksek temizlik oran\u0131 ve m\u00fckemmel \u00e7al\u0131\u015fma verimlili\u011fi ile piyasada son derece pop\u00fclerdir ve a\u015fa\u011f\u0131daki paketleme detaylar\u0131d\u0131r.<\/p>    <figure class=\"wp-block-image aligncenter wp-image-3344 size-full\"><img loading=\"lazy\" decoding=\"async\" width=\"600\" height=\"500\" src=\"https:\/\/www.agriculture-machine.com\/wp-content\/uploads\/2019\/04\/wheat-thresher-4.jpg\" alt=\"pirin\u00e7 harman makinesi sevkiyat alan\u0131\" class=\"wp-image-3344\" srcset=\"https:\/\/www.agriculture-machine.com\/wp-content\/uploads\/2019\/04\/wheat-thresher-4.jpg 600w, https:\/\/www.agriculture-machine.com\/wp-content\/uploads\/2019\/04\/wheat-thresher-4-324x270.jpg 324w\" sizes=\"auto, (max-width: 600px) 100vw, 600px\" \/><figcaption class=\"wp-element-caption\">pirin\u00e7 harman makinesi sevkiyat alan\u0131<\/figcaption><\/figure>    <figure class=\"wp-block-image aligncenter wp-image-3345 size-full\"><img loading=\"lazy\" decoding=\"async\" width=\"600\" height=\"500\" src=\"https:\/\/www.agriculture-machine.com\/wp-content\/uploads\/2019\/04\/wheat-thresher-5.jpg\" alt=\"fasulye harman makinesi sevkiyat alan\u0131\" class=\"wp-image-3345\" srcset=\"https:\/\/www.agriculture-machine.com\/wp-content\/uploads\/2019\/04\/wheat-thresher-5.jpg 600w, https:\/\/www.agriculture-machine.com\/wp-content\/uploads\/2019\/04\/wheat-thresher-5-324x270.jpg 324w\" sizes=\"auto, (max-width: 600px) 100vw, 600px\" \/><figcaption class=\"wp-element-caption\">fasulye harman makinesi sevkiyat alan\u0131<\/figcaption><\/figure>    <h2 class=\"wp-block-heading\">Pirincin bi\u00e7erd\u00f6veri SSS<\/h2>   <div id=\"rank-math-faq\" class=\"rank-math-block\"> <div class=\"rank-math-list\"> <div id=\"faq-question-1772012282082\" class=\"rank-math-list-item\"> <h3 class=\"rank-math-question\">What&#8217;s the capacity of the rice thresher machine?<\/h3> <div class=\"rank-math-answer\">  <p>400-500kg\/h.<\/p>  <\/div> <\/div> <div id=\"faq-question-1772012303332\" class=\"rank-math-list-item\"> <h3 class=\"rank-math-question\">Daha \u00f6nce hangi \u00fclkelere ihra\u00e7 ettiniz?<\/h3> <div class=\"rank-math-answer\">  <p>Bu bu\u011fday harman makinesi Filipinler, Tayland, Nijerya, Pakistan vb. \u00fclkelere ihra\u00e7 edilmi\u015ftir.<\/p>  <\/div> <\/div> <div id=\"faq-question-1772012313786\" class=\"rank-math-list-item\"> <h3 class=\"rank-math-question\">Ay\u0131klama oran\u0131 nedir?<\/h3> <div class=\"rank-math-answer\">  <p>Threshing rate is more than 98%.<\/p>  <\/div> <\/div> <div id=\"faq-question-1772012317685\" class=\"rank-math-list-item\"> <h3 class=\"rank-math-question\">Hammadde nedir?<\/h3> <div class=\"rank-math-answer\">  <p>Hammadde esasen pirin\u00e7 ve bu\u011fdayd\u0131r.<\/p>  <\/div> <\/div> <\/div> <\/div>","protected":false},"excerpt":{"rendered":"<p>This rice wheat thresher\u00a0machine with high working efficiency, widely applying to thresh wheat, rice and millet, and its capacity is 400-500kg\/h.<\/p>","protected":false},"author":1,"featured_media":3780,"parent":0,"comment_status":"closed","ping_status":"closed","template":"","tags":[2614],"product-type":[894],"class_list":["post-3771","product","type-product","status-publish","has-post-thumbnail","hentry","tag-thresher","product-type-rice-and-wheat-thresher"],"_links":{"self":[{"href":"https:\/\/www.agriculture-machine.com\/tr\/wp-json\/wp\/v2\/product\/3771","targetHints":{"allow":["GET"]}}],"collection":[{"href":"https:\/\/www.agriculture-machine.com\/tr\/wp-json\/wp\/v2\/product"}],"about":[{"href":"https:\/\/www.agriculture-machine.com\/tr\/wp-json\/wp\/v2\/types\/product"}],"author":[{"embeddable":true,"href":"https:\/\/www.agriculture-machine.com\/tr\/wp-json\/wp\/v2\/users\/1"}],"replies":[{"embeddable":true,"href":"https:\/\/www.agriculture-machine.com\/tr\/wp-json\/wp\/v2\/comments?post=3771"}],"wp:featuredmedia":[{"embeddable":true,"href":"https:\/\/www.agriculture-machine.com\/tr\/wp-json\/wp\/v2\/media\/3780"}],"wp:attachment":[{"href":"https:\/\/www.agriculture-machine.com\/tr\/wp-json\/wp\/v2\/media?parent=3771"}],"wp:term":[{"taxonomy":"post_tag","embeddable":true,"href":"https:\/\/www.agriculture-machine.com\/tr\/wp-json\/wp\/v2\/tags?post=3771"},{"taxonomy":"product-type","embeddable":true,"href":"https:\/\/www.agriculture-machine.com\/tr\/wp-json\/wp\/v2\/product-type?post=3771"}],"curies":[{"name":"wp","href":"https:\/\/api.w.org\/{rel}","templated":true}]}}