{"id":3818,"date":"2019-06-03T05:42:18","date_gmt":"2019-06-02T21:42:18","guid":{"rendered":"https:\/\/www.agriculture-machine.com\/?p=3818"},"modified":"2024-09-18T16:04:28","modified_gmt":"2024-09-18T08:04:28","slug":"hand-operated-maize-corn-planter-machine-peanut-plant","status":"publish","type":"product","link":"https:\/\/www.agriculture-machine.com\/tr\/hand-operated-maize-corn-planter-machine-peanut-plant\/","title":{"rendered":"El ile kullan\u0131lan m\u0131s\u0131r ekim makinesi \/ yer f\u0131st\u0131\u011f\u0131 bitkisi"},"content":{"rendered":"<p class=\"translation-block\"><strong>M\u0131s\u0131r ekici makinesi<\/strong> \u00e7e\u015fitli \u00fcr\u00fcnler ekmek i\u00e7in kullan\u0131l\u0131r, \u00f6rne\u011fin m\u0131s\u0131r, yerf\u0131st\u0131\u011f\u0131 ve farkl\u0131 kapasitelerde \u00e7e\u015fitli el ile \u00e7al\u0131\u015fan ekicilerimiz mevcuttur. Hafif ve uygun fiyatl\u0131d\u0131r, her \u00e7ift\u00e7i taraf\u0131ndan al\u0131nabilir.<\/p> <h2><span style=\"color: #ff0000;\">birinci tip<\/span><\/h2> <h2><strong><b>M\u0131s\u0131r ekici k\u0131sa tan\u0131t\u0131m\u0131<\/b><\/strong><\/h2> <p class=\"translation-block\">El ile kullan\u0131lan<strong> m\u0131s\u0131r ekici makinesi <\/strong> \u00e7ift hazneli olup kapasitesi 0.5 d\u00f6n\u00fcm\/saat'tir, m\u0131s\u0131r, yerf\u0131st\u0131\u011f\u0131, soya fasulyesi, bu\u011fday, sorgum gibi \u00fcr\u00fcnlerin ekiminde yayg\u0131n olarak kullan\u0131l\u0131r. Bu ekici, besleme haznesi, b\u00fcy\u00fck tekerlek, iki kol, toprak kaz\u0131c\u0131, toprak \u00f6rt\u00fc ve tohum ekim b\u00f6l\u00fcmlerinden olu\u015fur.<\/p> <figure id=\"attachment_3827\" aria-describedby=\"caption-attachment-3827\" style=\"width: 600px\" class=\"wp-caption aligncenter\"><img loading=\"lazy\" decoding=\"async\" class=\"wp-image-3827 size-full\" src=\"https:\/\/www.agriculture-machine.com\/wp-content\/uploads\/2019\/06\/corn-planting-9.jpg\" alt=\"m\u0131s\u0131r ekici\" width=\"600\" height=\"410\" srcset=\"https:\/\/www.agriculture-machine.com\/wp-content\/uploads\/2019\/06\/corn-planting-9.jpg 600w, https:\/\/www.agriculture-machine.com\/wp-content\/uploads\/2019\/06\/corn-planting-9-360x246.jpg 360w\" sizes=\"auto, (max-width: 600px) 100vw, 600px\" \/><figcaption id=\"caption-attachment-3827\" class=\"wp-caption-text\">m\u0131s\u0131r ekici<\/figcaption><\/figure> <p>\u0130\u015flem s\u0131ras\u0131nda iki ki\u015fi gereklidir ve kullan\u0131m\u0131 ve i\u015fletimi kolayd\u0131r. Ekim kutusunun d\u0131\u015f\u0131ndaki ye\u015fil eksen tohumun d\u00fc\u015fmesini kontrol eder ve ye\u015fil eksen s\u00f6k\u00fcld\u00fc\u011f\u00fcnde depolama kutusu de\u011fi\u015ftirilebilir. Ekim aral\u0131\u011f\u0131 operat\u00f6r\u00fcn h\u0131z\u0131na ba\u011fl\u0131d\u0131r.<\/p> <figure id=\"attachment_3823\" aria-describedby=\"caption-attachment-3823\" style=\"width: 600px\" class=\"wp-caption aligncenter\"><img loading=\"lazy\" decoding=\"async\" class=\"wp-image-3823 size-full\" src=\"https:\/\/www.agriculture-machine.com\/wp-content\/uploads\/2019\/06\/corn-planting-5.jpg\" alt=\"m\u0131s\u0131r ekme makinesi\" width=\"600\" height=\"476\" srcset=\"https:\/\/www.agriculture-machine.com\/wp-content\/uploads\/2019\/06\/corn-planting-5.jpg 600w, https:\/\/www.agriculture-machine.com\/wp-content\/uploads\/2019\/06\/corn-planting-5-340x270.jpg 340w\" sizes=\"auto, (max-width: 600px) 100vw, 600px\" \/><figcaption id=\"caption-attachment-3823\" class=\"wp-caption-text\">m\u0131s\u0131r ekme makinesi<\/figcaption><\/figure> <figure id=\"attachment_3822\" aria-describedby=\"caption-attachment-3822\" style=\"width: 600px\" class=\"wp-caption aligncenter\"><img loading=\"lazy\" decoding=\"async\" class=\"wp-image-3822 size-full\" src=\"https:\/\/www.agriculture-machine.com\/wp-content\/uploads\/2019\/06\/corn-planting-4.jpg\" alt=\"m\u0131s\u0131r ekici\" width=\"600\" height=\"476\" srcset=\"https:\/\/www.agriculture-machine.com\/wp-content\/uploads\/2019\/06\/corn-planting-4.jpg 600w, https:\/\/www.agriculture-machine.com\/wp-content\/uploads\/2019\/06\/corn-planting-4-340x270.jpg 340w\" sizes=\"auto, (max-width: 600px) 100vw, 600px\" \/><figcaption id=\"caption-attachment-3822\" class=\"wp-caption-text\">m\u0131s\u0131r ekici<\/figcaption><\/figure> <h2><strong><b>Teknik parametre<\/b><\/strong><strong><b> TZY-100<\/b><\/strong><\/h2> <table> <tbody> <tr> <td width=\"284\">\u0130sim<\/td> <td width=\"284\">Ekim makinesi<\/td> <\/tr> <tr> <td width=\"284\">Model<\/td> <td width=\"284\">TZY-100<\/td> <\/tr> <tr> <td width=\"284\">Kapasite<\/td> <td width=\"284\">0.5 d\u00f6n\u00fcm\/saat<\/td> <\/tr> <tr> <td width=\"284\">Boyut<\/td> <td width=\"284\">1370*420*900<\/td> <\/tr> <tr> <td width=\"284\">A\u011f\u0131rl\u0131k<\/td> <td width=\"284\">12kg<\/td> <\/tr> <\/tbody> <\/table> <h2><strong><b>M\u0131s\u0131r ekici makinesinin \u00e7al\u0131\u015fma prensibi<br \/> <\/b><\/strong><\/h2> <ol> <li>\u00d6n s\u0131radaki ki\u015fi, \u00f6n tekerle\u011fin kay\u0131\u015f\u0131n\u0131 \u00e7eker ve arka ki\u015fi makineyi y\u00f6nlendirmek i\u00e7in iter.<\/li> <li>Toprak kaz\u0131c\u0131 ilk olarak belirli derinlikte topra\u011f\u0131 kazar.<\/li> <li>Daha sonra, tohumlar ekim cihaz\u0131 i\u00e7inden yava\u015f yava\u015f yere d\u00fc\u015fer ve iki operat\u00f6r\u00fcn hareketiyle takip eder.<\/li> <li>Son olarak, arka k\u00fc\u00e7\u00fck tekerlek tohumlar\u0131 toprakla kaplar.<\/li> <\/ol> <figure id=\"attachment_3821\" aria-describedby=\"caption-attachment-3821\" style=\"width: 600px\" class=\"wp-caption aligncenter\"><img loading=\"lazy\" decoding=\"async\" class=\"wp-image-3821 size-full\" src=\"https:\/\/www.agriculture-machine.com\/wp-content\/uploads\/2019\/06\/corn-planting-3.jpg\" alt=\"m\u0131s\u0131r ekici\" width=\"600\" height=\"476\" srcset=\"https:\/\/www.agriculture-machine.com\/wp-content\/uploads\/2019\/06\/corn-planting-3.jpg 600w, https:\/\/www.agriculture-machine.com\/wp-content\/uploads\/2019\/06\/corn-planting-3-340x270.jpg 340w\" sizes=\"auto, (max-width: 600px) 100vw, 600px\" \/><figcaption id=\"caption-attachment-3821\" class=\"wp-caption-text\">m\u0131s\u0131r ekici<\/figcaption><\/figure> <figure id=\"attachment_3820\" aria-describedby=\"caption-attachment-3820\" style=\"width: 600px\" class=\"wp-caption aligncenter\"><img loading=\"lazy\" decoding=\"async\" class=\"wp-image-3820 size-full\" src=\"https:\/\/www.agriculture-machine.com\/wp-content\/uploads\/2019\/06\/corn-planting-2.jpg\" alt=\"Makinenin i\u00e7 k\u0131sm\u0131n\u0131n resmi\" width=\"600\" height=\"476\" srcset=\"https:\/\/www.agriculture-machine.com\/wp-content\/uploads\/2019\/06\/corn-planting-2.jpg 600w, https:\/\/www.agriculture-machine.com\/wp-content\/uploads\/2019\/06\/corn-planting-2-340x270.jpg 340w\" sizes=\"auto, (max-width: 600px) 100vw, 600px\" \/><figcaption id=\"caption-attachment-3820\" class=\"wp-caption-text\">Makinenin i\u00e7 k\u0131sm\u0131n\u0131n resmi<\/figcaption><\/figure> <h2><strong><b>Makinemizin avantajlar\u0131<br \/> <\/b><\/strong><\/h2> <ol> <li>M\u0131s\u0131r ekme makinesi, M\u0131s\u0131r, fasulye, yerf\u0131st\u0131\u011f\u0131, bu\u011fday gibi bir\u00e7ok \u00fcr\u00fcn ekebilir.<\/li> <li><strong>Sat\u0131l\u0131k m\u0131s\u0131r ekici<\/strong> hafiftir ve kullan\u0131m\u0131 kolayd\u0131r.<\/li> <li>Tohumlar tarlaya e\u015fit \u015fekilde d\u00fc\u015fer ve y\u00fcksek hayatta kalma oran\u0131na sahiptir.<\/li> <li>Tohum ekim haznelerini de\u011fi\u015ftirmek kolayd\u0131r, b\u00f6ylece farkl\u0131 \u00fcr\u00fcnler ekilebilir.<\/li> <li>Yap\u0131s\u0131 basittir, bu da montaj ve s\u00f6kme i\u015flemini kolayla\u015ft\u0131r\u0131r.<\/li> <li>En \u00f6nemlisi, bu manuel m\u0131s\u0131r ekme makinesi d\u00fc\u015f\u00fck fiyatl\u0131d\u0131r ve herkes taraf\u0131ndan al\u0131nabilir.<\/li> <\/ol> <figure id=\"attachment_3824\" aria-describedby=\"caption-attachment-3824\" style=\"width: 600px\" class=\"wp-caption aligncenter\"><img loading=\"lazy\" decoding=\"async\" class=\"wp-image-3824 size-full\" src=\"https:\/\/www.agriculture-machine.com\/wp-content\/uploads\/2019\/06\/corn-planting-6.jpg\" alt=\"makine aksesuarlar\u0131\" width=\"600\" height=\"476\" srcset=\"https:\/\/www.agriculture-machine.com\/wp-content\/uploads\/2019\/06\/corn-planting-6.jpg 600w, https:\/\/www.agriculture-machine.com\/wp-content\/uploads\/2019\/06\/corn-planting-6-340x270.jpg 340w\" sizes=\"auto, (max-width: 600px) 100vw, 600px\" \/><figcaption id=\"caption-attachment-3824\" class=\"wp-caption-text\">makine aksesuarlar\u0131<\/figcaption><\/figure> <h2><span style=\"color: #ff0000;\">\u0130ki t\u00fcr: El itmeli tekerlek tipi m\u0131s\u0131r ekici makinesi<\/span><\/h2> <p>\u00dcr\u00fcn modeli: 6 model (se\u00e7ilebilir)<br \/> Seeding depth: 3.5&#8211;7.8 cm.<br \/> Ekim miktar\u0131: 1-3 m\u0131s\u0131r tohumu (ayarlanabilir)<\/p> <figure id=\"attachment_4242\" aria-describedby=\"caption-attachment-4242\" style=\"width: 581px\" class=\"wp-caption aligncenter\"><img loading=\"lazy\" decoding=\"async\" class=\"wp-image-4242\" src=\"https:\/\/www.agriculture-machine.com\/wp-content\/uploads\/2019\/06\/corn-planter-5.jpg\" alt=\"makine detay\u0131\" width=\"581\" height=\"581\" srcset=\"https:\/\/www.agriculture-machine.com\/wp-content\/uploads\/2019\/06\/corn-planter-5.jpg 500w, https:\/\/www.agriculture-machine.com\/wp-content\/uploads\/2019\/06\/corn-planter-5-270x270.jpg 270w\" sizes=\"auto, (max-width: 581px) 100vw, 581px\" \/><figcaption id=\"caption-attachment-4242\" class=\"wp-caption-text\">makine detay\u0131<\/figcaption><\/figure> <p>Uygulama: Bu m\u0131s\u0131r ekici geleneksel ekim y\u00f6ntemlerini terk eder ve makine do\u011frudan tohuma toprak i\u00e7ine enjekte edebilir. Bir ki\u015fi g\u00fcnde 6-8 d\u00f6n\u00fcm ekim yapabilir, ve ekim verimlili\u011fi \u00fc\u00e7 kat artar. Do\u011fru ekim, d\u00fczenli fide ve y\u00fcksek \u00e7al\u0131\u015fma verimlili\u011fi \u00f6zelliklerine sahiptir.<\/p> <figure id=\"attachment_4241\" aria-describedby=\"caption-attachment-4241\" style=\"width: 583px\" class=\"wp-caption aligncenter\"><img loading=\"lazy\" decoding=\"async\" class=\"wp-image-4241\" src=\"https:\/\/www.agriculture-machine.com\/wp-content\/uploads\/2019\/06\/corn-planter-4.jpg\" alt=\"Sat\u0131l\u0131k m\u0131s\u0131r ekim makinesi\" width=\"583\" height=\"583\" srcset=\"https:\/\/www.agriculture-machine.com\/wp-content\/uploads\/2019\/06\/corn-planter-4.jpg 500w, https:\/\/www.agriculture-machine.com\/wp-content\/uploads\/2019\/06\/corn-planter-4-270x270.jpg 270w\" sizes=\"auto, (max-width: 583px) 100vw, 583px\" \/><figcaption id=\"caption-attachment-4241\" class=\"wp-caption-text\">Sat\u0131l\u0131k m\u0131s\u0131r ekim makinesi<\/figcaption><\/figure> <p>\u00d6zellikler:<br \/> 1. Bu tip m\u0131s\u0131r ekici makinesi, hafifli\u011fi sayesinde tarlada kolayca hareket ettirilebilen \u00f6zel di\u015f tasar\u0131m\u0131na sahiptir.<br \/> 2. Kullan\u0131m\u0131 kolayd\u0131r. Bir ki\u015fi t\u00fcm i\u015flemleri tamamlayabilir.<br \/> 3. Farkl\u0131 alanlar i\u00e7in uygundur, \u00f6rne\u011fin da\u011flar, yama\u00e7lar ve teraslar vb.<br \/> 4. Hassas ekim. Fide hayatta kalma oran\u0131 y\u00fcksektir.<br \/> 5. Geni\u015f uygulama alan\u0131: m\u0131s\u0131r, soya fasulyesi vb. ekilebilir ve tohum \u00e7ap\u0131 3mm ile 15mm aras\u0131nda de\u011fi\u015fir.<br \/> 6. D\u00fc\u015f\u00fck fiyat. Bu m\u0131s\u0131r ekici \u00e7ok ucuzdur ve t\u00fcm \u00e7ift\u00e7iler taraf\u0131ndan al\u0131nabilir.<\/p> <figure id=\"attachment_4240\" aria-describedby=\"caption-attachment-4240\" style=\"width: 585px\" class=\"wp-caption aligncenter\"><img loading=\"lazy\" decoding=\"async\" class=\"wp-image-4240\" src=\"https:\/\/www.agriculture-machine.com\/wp-content\/uploads\/2019\/06\/corn-planter-3.jpg\" alt=\"Ba\u015far\u0131l\u0131 bir m\u0131s\u0131r ekici \u00f6rne\u011fi\" width=\"585\" height=\"585\" srcset=\"https:\/\/www.agriculture-machine.com\/wp-content\/uploads\/2019\/06\/corn-planter-3.jpg 500w, https:\/\/www.agriculture-machine.com\/wp-content\/uploads\/2019\/06\/corn-planter-3-270x270.jpg 270w\" sizes=\"auto, (max-width: 585px) 100vw, 585px\" \/><figcaption id=\"caption-attachment-4240\" class=\"wp-caption-text\">Ba\u015far\u0131l\u0131 bir m\u0131s\u0131r ekici \u00f6rne\u011fi<\/figcaption><\/figure> <figure id=\"attachment_4239\" aria-describedby=\"caption-attachment-4239\" style=\"width: 583px\" class=\"wp-caption aligncenter\"><img loading=\"lazy\" decoding=\"async\" class=\"wp-image-4239\" src=\"https:\/\/www.agriculture-machine.com\/wp-content\/uploads\/2019\/06\/corn-planter-2.jpg\" alt=\"m\u0131s\u0131r ekici\" width=\"583\" height=\"583\" srcset=\"https:\/\/www.agriculture-machine.com\/wp-content\/uploads\/2019\/06\/corn-planter-2.jpg 500w, https:\/\/www.agriculture-machine.com\/wp-content\/uploads\/2019\/06\/corn-planter-2-270x270.jpg 270w\" sizes=\"auto, (max-width: 583px) 100vw, 583px\" \/><figcaption id=\"caption-attachment-4239\" class=\"wp-caption-text\">m\u0131s\u0131r ekici<\/figcaption><\/figure> <h2>m\u0131s\u0131r ekici teslimat haberi<\/h2> <p class=\"translation-block\">Mart 2019'da, 1100 set <strong>yerf\u0131st\u0131\u011f\u0131 bitkisi makineleri<\/strong> Nijerya'ya teslim edildi ve teslimat haberleri hakk\u0131nda daha fazla bilgi g\u00f6rmek i\u00e7in a\u015fa\u011f\u0131daki ba\u011flant\u0131ya t\u0131klayabilirsiniz.<\/p> <h2 class=\"post-title entry-title\"><a href=\"https:\/\/www.agriculture-machine.com\/tr\/1100-sets-hand-operated-corn-peanut-planter-machine-have-been-delivered-to-nigeria\/\">1100 set el ile \u00e7al\u0131\u015fan m\u0131s\u0131r yerf\u0131st\u0131\u011f\u0131 ekim makinesi Nijerya'ya teslim edilmi\u015ftir<\/a><\/h2> <figure id=\"attachment_3819\" aria-describedby=\"caption-attachment-3819\" style=\"width: 600px\" class=\"wp-caption aligncenter\"><img loading=\"lazy\" decoding=\"async\" class=\"wp-image-3819 size-full\" src=\"https:\/\/www.agriculture-machine.com\/wp-content\/uploads\/2019\/06\/corn-planting-1.jpg\" alt=\"M\u0131s\u0131r ekici SSS \" width=\"600\" height=\"476\" srcset=\"https:\/\/www.agriculture-machine.com\/wp-content\/uploads\/2019\/06\/corn-planting-1.jpg 600w, https:\/\/www.agriculture-machine.com\/wp-content\/uploads\/2019\/06\/corn-planting-1-340x270.jpg 340w\" sizes=\"auto, (max-width: 600px) 100vw, 600px\" \/><figcaption id=\"caption-attachment-3819\" class=\"wp-caption-text\">M\u0131s\u0131r ekici SSS<\/figcaption><\/figure> <h2>Tohumlar g\u00fcbre ile kar\u0131\u015ft\u0131r\u0131labilir mi?<\/h2> <ol> <li>Hay\u0131r, yapamazs\u0131n\u0131z, g\u00fcbre m\u0131s\u0131r fidelerine zarar verir.<\/li> <\/ol> <p>Bu m\u0131s\u0131r ekici makinesi ne i\u00e7in kullan\u0131l\u0131r?<\/p> <ol start=\"2\"> <li>M\u0131s\u0131r, fasulye, yerf\u0131st\u0131\u011f\u0131, bu\u011fday.<\/li> <\/ol> <p>\u0130\u015flem s\u0131ras\u0131nda ka\u00e7 ki\u015fi gereklidir?<\/p> <ol start=\"3\"> <li>2 ki\u015fi.<\/li> <\/ol> <p>Neden bir ekici farkl\u0131 \u00fcr\u00fcnler ekebilir?<\/p> <ol start=\"4\"> <li>Tohum ekim cihaz\u0131, farkl\u0131 \u00fcr\u00fcnlerin boyutuna g\u00f6re de\u011fi\u015ftirilebilir.<\/li> <\/ol> <p>Ekim h\u0131z\u0131n\u0131 kontrol edebilir miyim?<\/p> <ol start=\"5\"> <li>TZY-100 teknik parametreleri<\/li> <\/ol> <p>Evet, tabii ki.<\/p>","protected":false},"excerpt":{"rendered":"<p>Corn planter machine is used to plant various of crops such as corn, peanut, and we have different kinds of hand-operated planter with different capacities. They are light in weight and light in weight, and every farmer can afford it. type one Brief introduction of corn planter It is hand-operated corn planter\u00a0machine with double bins, [&hellip;]<\/p>\n","protected":false},"author":1,"featured_media":4246,"parent":0,"comment_status":"closed","ping_status":"closed","template":"","tags":[491,492],"product-type":[882],"class_list":["post-3818","product","type-product","status-publish","has-post-thumbnail","hentry","tag-corn","tag-planter","product-type-corn-planter"],"_links":{"self":[{"href":"https:\/\/www.agriculture-machine.com\/tr\/wp-json\/wp\/v2\/product\/3818","targetHints":{"allow":["GET"]}}],"collection":[{"href":"https:\/\/www.agriculture-machine.com\/tr\/wp-json\/wp\/v2\/product"}],"about":[{"href":"https:\/\/www.agriculture-machine.com\/tr\/wp-json\/wp\/v2\/types\/product"}],"author":[{"embeddable":true,"href":"https:\/\/www.agriculture-machine.com\/tr\/wp-json\/wp\/v2\/users\/1"}],"replies":[{"embeddable":true,"href":"https:\/\/www.agriculture-machine.com\/tr\/wp-json\/wp\/v2\/comments?post=3818"}],"wp:featuredmedia":[{"embeddable":true,"href":"https:\/\/www.agriculture-machine.com\/tr\/wp-json\/wp\/v2\/media\/4246"}],"wp:attachment":[{"href":"https:\/\/www.agriculture-machine.com\/tr\/wp-json\/wp\/v2\/media?parent=3818"}],"wp:term":[{"taxonomy":"post_tag","embeddable":true,"href":"https:\/\/www.agriculture-machine.com\/tr\/wp-json\/wp\/v2\/tags?post=3818"},{"taxonomy":"product-type","embeddable":true,"href":"https:\/\/www.agriculture-machine.com\/tr\/wp-json\/wp\/v2\/product-type?post=3818"}],"curies":[{"name":"wp","href":"https:\/\/api.w.org\/{rel}","templated":true}]}}