{"id":3912,"date":"2019-06-16T23:43:24","date_gmt":"2019-06-16T15:43:24","guid":{"rendered":"https:\/\/www.agriculture-machine.com\/?p=3912"},"modified":"2024-09-18T16:12:11","modified_gmt":"2024-09-18T08:12:11","slug":"rope-braiding-machine","status":"publish","type":"product","link":"https:\/\/www.agriculture-machine.com\/tr\/rope-braiding-machine\/","title":{"rendered":"\u0130p yapma makinesi \/ ip \u00f6rme makinesi 2020 YEN\u0130 TASARIM"},"content":{"rendered":"<p class=\"translation-block\"><strong>\u0130p yapma makinesi<\/strong> ipleri \u00f6rmek i\u00e7in iyi bir ara\u00e7t\u0131r, ip plakas\u0131, motor, \u015fasi, kay\u0131\u015fl\u0131 b\u00fcy\u00fck bir tekerlek ve ham maddeler bu\u011fday saman\u0131, pirin\u00e7 saman\u0131 ve di\u011fer otlar olabilir. Farkl\u0131 giri\u015fleri de\u011fi\u015ftirerek ip \u00e7ap\u0131n\u0131 ayarlayabilirsiniz, bu giri\u015fler bir trompet gibi g\u00f6r\u00fcnmektedir. Son ip, a\u011fa\u00e7 ve tu\u011fla koruma, sebze demetleri vb. i\u00e7in geni\u015f bir \u015fekilde uygulanabilir.<\/p> <p><img loading=\"lazy\" decoding=\"async\" class=\"alignnone size-full wp-image-3921\" src=\"https:\/\/www.agriculture-machine.com\/wp-content\/uploads\/2019\/06\/rope-making-machine-9.jpg\" alt=\"\" width=\"600\" height=\"500\" srcset=\"https:\/\/www.agriculture-machine.com\/wp-content\/uploads\/2019\/06\/rope-making-machine-9.jpg 600w, https:\/\/www.agriculture-machine.com\/wp-content\/uploads\/2019\/06\/rope-making-machine-9-324x270.jpg 324w\" sizes=\"auto, (max-width: 600px) 100vw, 600px\" \/><\/p> <h2>\u0130p yapma makinesinin teknik parametreleri<\/h2> <table> <tbody> <tr> <td width=\"284\">Model<\/td> <td width=\"284\">\u00a0\u00a0SL-450<\/td> <\/tr> <tr> <td width=\"284\">G\u00fc\u00e7<\/td> <td width=\"284\">120w,220v,50HZ<\/td> <\/tr> <tr> <td width=\"284\">\u00c7ap<\/td> <td width=\"284\">\u00a04-30mm<\/td> <\/tr> <tr> <td width=\"284\">Net A\u011f\u0131rl\u0131k<\/td> <td width=\"284\">\u00a040kg<\/td> <\/tr> <tr> <td width=\"284\">Kapasite<\/td> <td width=\"284\">\u00a05m\/s<\/td> <\/tr> <tr> <td width=\"284\">Boyut<\/td> <td width=\"284\">\u00a097*40*60mm<\/td> <\/tr> <\/tbody> <\/table> <h2>\u0130p yapma makinesinin avantaj\u0131<\/h2> <p class=\"translation-block\">1. <strong>\u0130p yapma makinesi<\/strong> sat\u0131l\u0131k, kullan\u0131m\u0131 kolayd\u0131r ve bir ki\u015fi bunu tamamlayabilir.<\/p> <ol start=\"2\"> <li>Bu<strong> ip \u00f6rme makinesi<\/strong> Ev yap\u0131m\u0131, at\u0131k saman veya otlar\u0131 tamamen kullanarak, bunlar\u0131n \u00e7evreyi kirletmesini \u00f6nler.<\/li> <li>Geni\u015f uygulama. Tamamlanm\u0131\u015f ip, a\u011fa\u00e7lar\u0131 korumak, sebzeleri demetlemek ve el sanatlar\u0131n\u0131 s\u00fcslemek i\u00e7in kullan\u0131labilir.<\/li> <li><strong>\u0130p b\u00fckme makinesi<\/strong> \u00e7ok k\u00fc\u00e7\u00fckt\u00fcr ve ev kullan\u0131m\u0131 i\u00e7in uygundur.<\/li> <\/ol> <p><img loading=\"lazy\" decoding=\"async\" class=\"alignnone size-full wp-image-3922\" src=\"https:\/\/www.agriculture-machine.com\/wp-content\/uploads\/2019\/06\/rope-making-machine-10.jpg\" alt=\"\" width=\"600\" height=\"500\" srcset=\"https:\/\/www.agriculture-machine.com\/wp-content\/uploads\/2019\/06\/rope-making-machine-10.jpg 600w, https:\/\/www.agriculture-machine.com\/wp-content\/uploads\/2019\/06\/rope-making-machine-10-324x270.jpg 324w\" sizes=\"auto, (max-width: 600px) 100vw, 600px\" \/><\/p> <h2>\u0130p yapma makinesinin \u00e7al\u0131\u015fma prensibi<\/h2> <ol> <li>Kullan\u0131c\u0131, saman\u0131 ayn\u0131 anda iki giri\u015fe yerle\u015ftirir.<\/li> <li>\u0130p \u00f6rme makinesinin s\u00fcrekli d\u00f6ng\u00fcs\u00fc alt\u0131nda, iki kal\u0131n ip bir ip haline b\u00fck\u00fcl\u00fcr.<\/li> <li>\u0130p uzunlu\u011fu i\u015flem s\u0131ras\u0131nda uzar.<\/li> <li>Kullan\u0131c\u0131, \u00e7ap neredeyse iki giri\u015fle ayn\u0131 oldu\u011funda i\u015flemi durdurabilir.<\/li> <\/ol> <p>5. Son olarak, operat\u00f6r vida d\u00f6nd\u00fcr\u00fcr, iki plakadan uzakla\u015f\u0131r ve ard\u0131ndan ip merkez ekseninden al\u0131nabilir.<\/p> <p><img loading=\"lazy\" decoding=\"async\" class=\"alignnone size-full wp-image-3915\" src=\"https:\/\/www.agriculture-machine.com\/wp-content\/uploads\/2019\/06\/rope-making-machine-3.jpg\" alt=\"\" width=\"600\" height=\"500\" srcset=\"https:\/\/www.agriculture-machine.com\/wp-content\/uploads\/2019\/06\/rope-making-machine-3.jpg 600w, https:\/\/www.agriculture-machine.com\/wp-content\/uploads\/2019\/06\/rope-making-machine-3-324x270.jpg 324w\" sizes=\"auto, (max-width: 600px) 100vw, 600px\" \/><\/p> <h2>\u0130p yapma makinesinin ba\u015far\u0131l\u0131 durumu<\/h2> <p class=\"translation-block\">Nisan ay\u0131n\u0131n ba\u015f\u0131nda, 20GP<strong> b\u00fck\u00fclm\u00fc\u015f ip yapma makinesi<\/strong> G\u00fcney Afrika'ya ihra\u00e7 ettik ve a\u015fa\u011f\u0131da paketleme detaylar\u0131 bulunmaktad\u0131r.<\/p> <p><img loading=\"lazy\" decoding=\"async\" class=\"alignnone size-full wp-image-3916\" src=\"https:\/\/www.agriculture-machine.com\/wp-content\/uploads\/2019\/06\/rope-making-machine-4.jpg\" alt=\"\" width=\"600\" height=\"500\" srcset=\"https:\/\/www.agriculture-machine.com\/wp-content\/uploads\/2019\/06\/rope-making-machine-4.jpg 600w, https:\/\/www.agriculture-machine.com\/wp-content\/uploads\/2019\/06\/rope-making-machine-4-324x270.jpg 324w\" sizes=\"auto, (max-width: 600px) 100vw, 600px\" \/><\/p> <p><img loading=\"lazy\" decoding=\"async\" class=\"alignnone size-full wp-image-3917\" src=\"https:\/\/www.agriculture-machine.com\/wp-content\/uploads\/2019\/06\/rope-making-machine-5.jpg\" alt=\"\" width=\"600\" height=\"500\" srcset=\"https:\/\/www.agriculture-machine.com\/wp-content\/uploads\/2019\/06\/rope-making-machine-5.jpg 600w, https:\/\/www.agriculture-machine.com\/wp-content\/uploads\/2019\/06\/rope-making-machine-5-324x270.jpg 324w\" sizes=\"auto, (max-width: 600px) 100vw, 600px\" \/><\/p> <p><img loading=\"lazy\" decoding=\"async\" class=\"alignnone size-full wp-image-3918\" src=\"https:\/\/www.agriculture-machine.com\/wp-content\/uploads\/2019\/06\/rope-making-machine-6.jpg\" alt=\"\" width=\"600\" height=\"500\" srcset=\"https:\/\/www.agriculture-machine.com\/wp-content\/uploads\/2019\/06\/rope-making-machine-6.jpg 600w, https:\/\/www.agriculture-machine.com\/wp-content\/uploads\/2019\/06\/rope-making-machine-6-324x270.jpg 324w\" sizes=\"auto, (max-width: 600px) 100vw, 600px\" \/><\/p> <h2>\u0130p yapma makinesi SSS<\/h2> <ol> <li>\u00c7ap\u0131 ayarlayabilir miyim? <strong>ip \u00f6rme makinesi<\/strong>?<\/li> <\/ol> <p>Evet, farkl\u0131 giri\u015fleri de\u011fi\u015ftirerek ayarlanabilir ve \u00e7ap 4-30mm aras\u0131nda de\u011fi\u015fir.<\/p> <ol start=\"2\"> <li>Ka\u00e7 farkl\u0131 giri\u015finiz var?<\/li> <\/ol> <p>6mm, 7mm, 7.5mm, 8mm, 9mm, 10mm, 11mm, 13mm, 15mm, 20mm ve 2.5cm mevcuttur. \u0130htiya\u00e7lar\u0131n\u0131za g\u00f6re farkl\u0131 olanlar\u0131 se\u00e7ebilirsiniz.<\/p> <p><img loading=\"lazy\" decoding=\"async\" class=\"alignnone size-full wp-image-3919\" src=\"https:\/\/www.agriculture-machine.com\/wp-content\/uploads\/2019\/06\/rope-making-machine-7.jpg\" alt=\"\" width=\"600\" height=\"500\" srcset=\"https:\/\/www.agriculture-machine.com\/wp-content\/uploads\/2019\/06\/rope-making-machine-7.jpg 600w, https:\/\/www.agriculture-machine.com\/wp-content\/uploads\/2019\/06\/rope-making-machine-7-324x270.jpg 324w\" sizes=\"auto, (max-width: 600px) 100vw, 600px\" \/><\/p> <ol start=\"3\"> <li>Hammadde nedir?<\/li> <\/ol> <p>Ham madde bu\u011fday saman\u0131, pirin\u00e7 saman\u0131 ve di\u011fer otlar olabilir.<\/p> <ol start=\"4\"> <li>Makinenin ka\u00e7 giri\u015fi var?<\/li> <\/ol> <p>\u0130ki giri\u015fi vard\u0131r, bu da ham maddenin giri\u015flerin her iki taraf\u0131na yerle\u015ftirilece\u011fi anlam\u0131na gelir.<\/p> <p>&nbsp;<\/p> <p>&nbsp;<\/p> <p>&nbsp;<\/p> <p>&nbsp;<\/p>","protected":false},"excerpt":{"rendered":"<p>Rope making machine is a good tool to braid ropes including rope plate, motor, chassis, a big wheel with a belt, and the raw material can be wheat straw, rice straw and other grasses. You can adjust the diameter of the rope by changing different inlets that looks like a trumpet. The final rope can [&hellip;]<\/p>\n","protected":false},"author":1,"featured_media":3921,"parent":0,"comment_status":"closed","ping_status":"closed","template":"","tags":[2620],"product-type":[1,919],"class_list":["post-3912","product","type-product","status-publish","has-post-thumbnail","hentry","tag-rope","product-type-other","product-type-rice-straw-rope-machine"],"_links":{"self":[{"href":"https:\/\/www.agriculture-machine.com\/tr\/wp-json\/wp\/v2\/product\/3912","targetHints":{"allow":["GET"]}}],"collection":[{"href":"https:\/\/www.agriculture-machine.com\/tr\/wp-json\/wp\/v2\/product"}],"about":[{"href":"https:\/\/www.agriculture-machine.com\/tr\/wp-json\/wp\/v2\/types\/product"}],"author":[{"embeddable":true,"href":"https:\/\/www.agriculture-machine.com\/tr\/wp-json\/wp\/v2\/users\/1"}],"replies":[{"embeddable":true,"href":"https:\/\/www.agriculture-machine.com\/tr\/wp-json\/wp\/v2\/comments?post=3912"}],"wp:featuredmedia":[{"embeddable":true,"href":"https:\/\/www.agriculture-machine.com\/tr\/wp-json\/wp\/v2\/media\/3921"}],"wp:attachment":[{"href":"https:\/\/www.agriculture-machine.com\/tr\/wp-json\/wp\/v2\/media?parent=3912"}],"wp:term":[{"taxonomy":"post_tag","embeddable":true,"href":"https:\/\/www.agriculture-machine.com\/tr\/wp-json\/wp\/v2\/tags?post=3912"},{"taxonomy":"product-type","embeddable":true,"href":"https:\/\/www.agriculture-machine.com\/tr\/wp-json\/wp\/v2\/product-type?post=3912"}],"curies":[{"name":"wp","href":"https:\/\/api.w.org\/{rel}","templated":true}]}}