{"id":4647,"date":"2019-09-06T05:48:10","date_gmt":"2019-09-05T21:48:10","guid":{"rendered":"https:\/\/www.agriculture-machine.com\/?p=4647"},"modified":"2024-09-23T11:20:42","modified_gmt":"2024-09-23T03:20:42","slug":"garri-production-line-garri-flour-making-machine","status":"publish","type":"product","link":"https:\/\/www.agriculture-machine.com\/tr\/garri-production-line-garri-flour-making-machine\/","title":{"rendered":"Garri \u00fcretim hatt\u0131 \/ garri unu yapma makinesi"},"content":{"rendered":"<p class=\"translation-block\"><strong>Garri \u00fcretim hatt\u0131<\/strong> Afrika pazar\u0131nda \u00e7ok \u00fcnl\u00fcd\u00fcr, \u00e7\u00fcnk\u00fc bir\u00e7ok garri tarlas\u0131 vard\u0131r ve insanlar da onu yemeyi sever. Garri i\u015fleme hatt\u0131, mani\u011fi kullanarak garri \u00fcretebilir, bu da olduk\u00e7a karma\u015f\u0131k bir s\u00fcre\u00e7 gerektirir. Ancak, Afrika'da yayg\u0131n olarak t\u00fcketilen bir g\u0131da olarak, \u00f6zellikle Nijerya'da, giderek daha fazla sat\u0131c\u0131 bu \u00fcretim hatt\u0131n\u0131 fabrikam\u0131zdan sat\u0131n almakta ve i\u015fledikten sonra toptan garri satmaktad\u0131rlar. Mani\u011fi garriye nas\u0131l d\u00f6n\u00fc\u015ft\u00fcr\u00fcr\u00fcz? Size \u015fimdi k\u0131saca \u00f6zet verece\u011fim.<\/p> <p><img loading=\"lazy\" decoding=\"async\" class=\"alignnone size-full wp-image-4661\" src=\"https:\/\/www.agriculture-machine.com\/wp-content\/uploads\/2019\/09\/cassava-production-line-13.jpg\" alt=\"\" width=\"720\" height=\"540\" srcset=\"https:\/\/www.agriculture-machine.com\/wp-content\/uploads\/2019\/09\/cassava-production-line-13.jpg 720w, https:\/\/www.agriculture-machine.com\/wp-content\/uploads\/2019\/09\/cassava-production-line-13-360x270.jpg 360w, https:\/\/www.agriculture-machine.com\/wp-content\/uploads\/2019\/09\/cassava-production-line-13-240x180.jpg 240w\" sizes=\"auto, (max-width: 720px) 100vw, 720px\" \/><\/p> <p>Garri \u00fcretim hatt\u0131 s\u0131ras\u0131nda, mani\u011fi soyma ve y\u0131kama makinesi, mani\u011fi k\u0131rma makinesi, hidrolik presleme makinesi, mani\u011fi \u00f6\u011f\u00fctme makinesi ve ay\u0131rma makinesi gerekir. Elbette, garriyi torbaya koymak istiyorsan\u0131z, bir paketleme makinesi almak zorunludur.<\/p> <p>&nbsp;<\/p> <h2>Mani\u011fi y\u0131kama ve soyma makinesi<\/h2> <p>Mani\u011fin y\u00fczeyindeki \u00e7amur, kum ve di\u011fer kirleri \u00e7\u0131karabilir ve suyun temiz olmas\u0131 gerekir, herhangi bir kirletici olmadan. Daha sonra, soyma i\u015flemi vida ile yap\u0131l\u0131r. Soyma oran\u0131 p-80'dir.<\/p> <p><img loading=\"lazy\" decoding=\"async\" class=\"alignnone size-full wp-image-4649\" src=\"https:\/\/www.agriculture-machine.com\/wp-content\/uploads\/2019\/09\/cassava-production-line-1.jpg\" alt=\"\" width=\"720\" height=\"540\" srcset=\"https:\/\/www.agriculture-machine.com\/wp-content\/uploads\/2019\/09\/cassava-production-line-1.jpg 720w, https:\/\/www.agriculture-machine.com\/wp-content\/uploads\/2019\/09\/cassava-production-line-1-360x270.jpg 360w, https:\/\/www.agriculture-machine.com\/wp-content\/uploads\/2019\/09\/cassava-production-line-1-240x180.jpg 240w\" sizes=\"auto, (max-width: 720px) 100vw, 720px\" \/><\/p> <h2>Mani\u011fi k\u0131rma makinesi<\/h2> <p>D\u00f6ner silindirin kuvveti alt\u0131nda mani\u011fi k\u00fc\u00e7\u00fck par\u00e7alara k\u0131r\u0131l\u0131r. Bo\u015faltma deli\u011fi makinenin alt\u0131nda olup, \u00e7\u0131kt\u0131lar\u0131n toplanmas\u0131 i\u00e7in bir kap yerle\u015ftirilmelidir.<\/p> <p><img loading=\"lazy\" decoding=\"async\" class=\"alignnone size-full wp-image-4651\" src=\"https:\/\/www.agriculture-machine.com\/wp-content\/uploads\/2019\/09\/cassava-production-line-3.jpg\" alt=\"\" width=\"720\" height=\"540\" srcset=\"https:\/\/www.agriculture-machine.com\/wp-content\/uploads\/2019\/09\/cassava-production-line-3.jpg 720w, https:\/\/www.agriculture-machine.com\/wp-content\/uploads\/2019\/09\/cassava-production-line-3-360x270.jpg 360w, https:\/\/www.agriculture-machine.com\/wp-content\/uploads\/2019\/09\/cassava-production-line-3-240x180.jpg 240w\" sizes=\"auto, (max-width: 720px) 100vw, 720px\" \/><\/p> <h2>Hidrolik mani\u011fi presleme makinesi<\/h2> <p>\u00c7al\u0131\u015fmadan \u00f6nce, mani\u011fi par\u00e7alar\u0131n\u0131 torbaya koymal\u0131 ve makineye yerle\u015ftirmelisiniz. Hidrolik cihaz, mani\u011fi tamamen presleyebilir ve iki \u00e7\u0131k\u0131\u015f vard\u0131r, biri preslenmi\u015f su i\u00e7in, di\u011feri mani\u011fi fileleri i\u00e7indir. Su, ni\u015fasta \u00e7\u0131karmak i\u00e7in kullan\u0131labilir.<\/p> <p><img loading=\"lazy\" decoding=\"async\" class=\"alignnone size-full wp-image-4653\" src=\"https:\/\/www.agriculture-machine.com\/wp-content\/uploads\/2019\/09\/cassava-production-line-5.jpg\" alt=\"\" width=\"720\" height=\"540\" srcset=\"https:\/\/www.agriculture-machine.com\/wp-content\/uploads\/2019\/09\/cassava-production-line-5.jpg 720w, https:\/\/www.agriculture-machine.com\/wp-content\/uploads\/2019\/09\/cassava-production-line-5-360x270.jpg 360w, https:\/\/www.agriculture-machine.com\/wp-content\/uploads\/2019\/09\/cassava-production-line-5-240x180.jpg 240w\" sizes=\"auto, (max-width: 720px) 100vw, 720px\" \/><\/p> <p>Sonraki ad\u0131m, preslenmi\u015f mani\u011fi 24 saat a\u00e7\u0131k\u00e7a fermente etmektir.<\/p> <h2>Mani\u011fi \u00f6\u011f\u00fctme makinesi<\/h2> <p>\u00d6\u011f\u00fctme makinesi, mani\u011fi homojen boyutta ince toz haline getirmek i\u00e7in kullan\u0131l\u0131r. Makine, mani\u011fi tamamen k\u0131rabilen \u00e7eki\u00e7lere sahiptir.<\/p> <p><img loading=\"lazy\" decoding=\"async\" class=\"alignnone size-full wp-image-4655\" src=\"https:\/\/www.agriculture-machine.com\/wp-content\/uploads\/2019\/09\/cassava-production-line-7.jpg\" alt=\"\" width=\"720\" height=\"540\" srcset=\"https:\/\/www.agriculture-machine.com\/wp-content\/uploads\/2019\/09\/cassava-production-line-7.jpg 720w, https:\/\/www.agriculture-machine.com\/wp-content\/uploads\/2019\/09\/cassava-production-line-7-360x270.jpg 360w, https:\/\/www.agriculture-machine.com\/wp-content\/uploads\/2019\/09\/cassava-production-line-7-240x180.jpg 240w\" sizes=\"auto, (max-width: 720px) 100vw, 720px\" \/><\/p> <h2>Mani\u011fi k\u0131zartma makinesi<\/h2> <p>Mani\u011fi k\u0131zartmak \u00e7ok \u00f6nemli bir ad\u0131md\u0131r \u00e7\u00fcnk\u00fc \u0131s\u0131tma s\u0131ras\u0131nda toksik maddeyi ortadan kald\u0131rabilir. Is\u0131tma s\u0131cakl\u0131\u011f\u0131 yakla\u015f\u0131k 40-50 derece santigrat olup, \u0131s\u0131tma s\u00fcresi de k\u0131sad\u0131r. Mani\u011fi tozu, kar\u0131\u015ft\u0131r\u0131c\u0131 s\u00fcrekli kar\u0131\u015ft\u0131rd\u0131\u011f\u0131 i\u00e7in e\u015fit \u015fekilde \u0131s\u0131t\u0131labilir.<\/p> <p><img loading=\"lazy\" decoding=\"async\" class=\"alignnone size-full wp-image-4658\" src=\"https:\/\/www.agriculture-machine.com\/wp-content\/uploads\/2019\/09\/cassava-production-line-10.jpg\" alt=\"\" width=\"720\" height=\"540\" srcset=\"https:\/\/www.agriculture-machine.com\/wp-content\/uploads\/2019\/09\/cassava-production-line-10.jpg 720w, https:\/\/www.agriculture-machine.com\/wp-content\/uploads\/2019\/09\/cassava-production-line-10-360x270.jpg 360w, https:\/\/www.agriculture-machine.com\/wp-content\/uploads\/2019\/09\/cassava-production-line-10-240x180.jpg 240w\" sizes=\"auto, (max-width: 720px) 100vw, 720px\" \/><\/p> <h2>Ay\u0131rma makinesi<\/h2> <p>\u0130yi tad\u0131 nedeniyle kaba garriyi ince garri'den ay\u0131rmak i\u00e7in kullan\u0131l\u0131r ve pazarda satmak i\u00e7indir. Ayr\u0131ca, ay\u0131rma makinesi \u00fc\u00e7 katmanl\u0131 ekranlara sahiptir, bu nedenle ay\u0131rma etkisi \u00e7ok iyidir.<\/p> <p><img loading=\"lazy\" decoding=\"async\" class=\"alignnone size-full wp-image-4660\" src=\"https:\/\/www.agriculture-machine.com\/wp-content\/uploads\/2019\/09\/cassava-production-line-12.jpg\" alt=\"\" width=\"720\" height=\"540\" srcset=\"https:\/\/www.agriculture-machine.com\/wp-content\/uploads\/2019\/09\/cassava-production-line-12.jpg 720w, https:\/\/www.agriculture-machine.com\/wp-content\/uploads\/2019\/09\/cassava-production-line-12-360x270.jpg 360w, https:\/\/www.agriculture-machine.com\/wp-content\/uploads\/2019\/09\/cassava-production-line-12-240x180.jpg 240w\" sizes=\"auto, (max-width: 720px) 100vw, 720px\" \/><\/p> <h2>Ba\u015far\u0131l\u0131 vaka<\/h2> <p class=\"translation-block\">Ou<strong>r garri i\u015fleme makinesi<\/strong> Nijerya m\u00fc\u015fterileri taraf\u0131ndan tercih edilmektedir, \u015fu ana kadar bir\u00e7ok bu hatlar\u0131 orada satt\u0131k. Ayn\u0131 zamanda, y\u00fcksek kaliteli mani\u011fi unu yapma makinesi ve sat\u0131\u015f elemanlar\u0131n\u0131n profesyonel ba\u015far\u0131s\u0131 sayesinde, sat\u0131n alan m\u00fc\u015fterilerimiz arkada\u015flar\u0131n\u0131 da bize tan\u0131tmaktad\u0131r. A\u011fustos ba\u015f\u0131nda, m\u00fc\u015fterilerimizden Nancy, arkada\u015flar\u0131 Victor'un mani\u011fi unu makinesi almalar\u0131n\u0131 \u00f6nerdi. Victor, garri kalitesinden korktu\u011fu i\u00e7in \u00f6nce fabrikama bir garri \u00f6rne\u011fi g\u00f6nderdi ve bizim istedi\u011fi garriyi \u00fcretebilir miyiz diye onaylad\u0131. Ayr\u0131ca, g\u00fcvenini kazanmak i\u00e7in daha \u00f6nce \u00fcretti\u011fimiz garri \u00f6rne\u011fini de teslim ettik, hemen sipari\u015f verdi.<\/p> <p><img loading=\"lazy\" decoding=\"async\" class=\"alignnone size-full wp-image-4648\" src=\"https:\/\/www.agriculture-machine.com\/wp-content\/uploads\/2019\/09\/cassava-garri.jpg\" alt=\"\" width=\"720\" height=\"312\" srcset=\"https:\/\/www.agriculture-machine.com\/wp-content\/uploads\/2019\/09\/cassava-garri.jpg 720w, https:\/\/www.agriculture-machine.com\/wp-content\/uploads\/2019\/09\/cassava-garri-360x156.jpg 360w\" sizes=\"auto, (max-width: 720px) 100vw, 720px\" \/><\/p> <h2>SSS<\/h2> <ol> <li>Mani\u011fi y\u0131kay\u0131p soyabilir miyim kendim mi?<\/li> <\/ol> <p>Asl\u0131nda yapabilirsiniz, ama bu ger\u00e7ekten zaman ve enerji kayb\u0131d\u0131r.<\/p> <ol start=\"2\"> <li>Y\u0131kama ve soyma i\u015fleminden sonra mani\u011fi toksik madde var m\u0131?<\/li> <\/ol> <p>Evet, hala biraz toksik madde vard\u0131r, bu y\u00fczden mani\u011fi tozunu k\u0131zartmak gerekir.<\/p> <ol start=\"3\"> <li>Kaba garri ile ne yapmal\u0131y\u0131m?<\/li> <\/ol> <p>Hayvanlara yem olarak kullan\u0131labilir.<\/p> <ol start=\"4\"> <li>\u0130lk k\u0131rma ile ikinci k\u0131rma aras\u0131ndaki fark nedir?<\/li> <\/ol> <p>\u0130lk k\u0131rma makinesi, mani\u011fi k\u00fc\u00e7\u00fck par\u00e7alara ay\u0131rmak i\u00e7indir, ancak ikinci k\u0131rma makinesi bu k\u00fc\u00e7\u00fck par\u00e7alar\u0131 ince toz haline getirmek i\u00e7indir.<\/p> <p>&nbsp;<\/p>","protected":false},"excerpt":{"rendered":"<p>Garri production line is very famous in the African market, for there are many garri farmlands, and people there also like to eat it. Garri processing line can produce garri from cassava, which needs a rather complicated process. However, as the common food in Africa, especially in Nigeria, a growing number of dealers purchases this [&hellip;]<\/p>\n","protected":false},"author":1,"featured_media":4661,"parent":0,"comment_status":"closed","ping_status":"closed","template":"","tags":[924,2634],"product-type":[1],"class_list":["post-4647","product","type-product","status-publish","has-post-thumbnail","hentry","tag-flour","tag-garri","product-type-other"],"_links":{"self":[{"href":"https:\/\/www.agriculture-machine.com\/tr\/wp-json\/wp\/v2\/product\/4647","targetHints":{"allow":["GET"]}}],"collection":[{"href":"https:\/\/www.agriculture-machine.com\/tr\/wp-json\/wp\/v2\/product"}],"about":[{"href":"https:\/\/www.agriculture-machine.com\/tr\/wp-json\/wp\/v2\/types\/product"}],"author":[{"embeddable":true,"href":"https:\/\/www.agriculture-machine.com\/tr\/wp-json\/wp\/v2\/users\/1"}],"replies":[{"embeddable":true,"href":"https:\/\/www.agriculture-machine.com\/tr\/wp-json\/wp\/v2\/comments?post=4647"}],"wp:featuredmedia":[{"embeddable":true,"href":"https:\/\/www.agriculture-machine.com\/tr\/wp-json\/wp\/v2\/media\/4661"}],"wp:attachment":[{"href":"https:\/\/www.agriculture-machine.com\/tr\/wp-json\/wp\/v2\/media?parent=4647"}],"wp:term":[{"taxonomy":"post_tag","embeddable":true,"href":"https:\/\/www.agriculture-machine.com\/tr\/wp-json\/wp\/v2\/tags?post=4647"},{"taxonomy":"product-type","embeddable":true,"href":"https:\/\/www.agriculture-machine.com\/tr\/wp-json\/wp\/v2\/product-type?post=4647"}],"curies":[{"name":"wp","href":"https:\/\/api.w.org\/{rel}","templated":true}]}}