{"id":6613,"date":"2020-04-26T17:17:44","date_gmt":"2020-04-26T09:17:44","guid":{"rendered":"https:\/\/www.agriculture-machine.com\/?p=6613"},"modified":"2025-11-28T17:12:35","modified_gmt":"2025-11-28T09:12:35","slug":"bean-peeling-machine-green-bean-peeler","status":"publish","type":"product","link":"https:\/\/www.agriculture-machine.com\/tr\/bean-peeling-machine-green-bean-peeler\/","title":{"rendered":"Fasulye Soyma Makinesi Soya Fasulyesi, Broad Beans, K\u0131rm\u0131z\u0131 Fasulye Kabuk Soyucu"},"content":{"rendered":"<p>The bean peeling machine is suitable for the peeling and processing of soybeans, mung beans, red beans, chickpeas, lentils, peas, broad beans, green beans, etc. Its peeling rate is as high as 98% or more and the crushing rate is less than 2%, which is the ideal choice for deodorizing beans and improving product quality.<\/p>    <p>Tek makinenin i\u015flem kapasitesi saatte 500kg-12 ton aras\u0131nda olup, g\u0131da i\u015fleme tesisleri, tah\u0131l ve ya\u011f fabrikalar\u0131, oteller, kantinler ve di\u011fer yerlerde yayg\u0131n olarak kullan\u0131l\u0131r. <\/p>    <p>Bu makalede, fabrikam\u0131z taraf\u0131ndan \u00fcretilen \u00fc\u00e7 farkl\u0131 fasulye soyma makinesi t\u00fcr\u00fcn\u00fc detayl\u0131 olarak tan\u0131taca\u011f\u0131z, bu da size en uygun \u00e7\u00f6z\u00fcm\u00fc bulman\u0131zda yard\u0131mc\u0131 olacakt\u0131r.<\/p>    <figure class=\"wp-block-embed aligncenter is-type-video is-provider-youtube wp-block-embed-youtube wp-embed-aspect-16-9 wp-has-aspect-ratio\"><div class=\"wp-block-embed__wrapper\"> <iframe loading=\"lazy\" title=\"Verimli Soya Fasulyesi Soyma Makinesi: Fasulye Kabuklar\u0131n\u0131 Temizlemenin Sihirli Y\u00fcz\u00fcn\u00fc Ortaya \u00c7\u0131kar\u0131yoruz!#fasulye #soyma makinesi\" width=\"500\" height=\"281\" src=\"https:\/\/www.youtube.com\/embed\/riTJ58a5sVI?feature=oembed\" frameborder=\"0\" allow=\"accelerometer; autoplay; clipboard-write; encrypted-media; gyroscope; picture-in-picture; web-share\" referrerpolicy=\"strict-origin-when-cross-origin\" allowfullscreen><\/iframe> <\/div><figcaption class=\"wp-element-caption\">fasulye kabuk soyma makinesi \u00e7al\u0131\u015fma videosu<\/figcaption><\/figure>    <h2 class=\"wp-block-heading\">Fasulye soyma makinesi uygulama alanlar\u0131<\/h2>    <ul class=\"wp-block-list\"> <li>G\u0131da i\u015fleme tesisi: soya \u00fcr\u00fcnleri \u00fcretimi i\u00e7in kullan\u0131l\u0131r, \u00f6rne\u011fin tofu, soya s\u00fct\u00fc, kuru fasulye vb., \u00fcr\u00fcnlerin lezzet ve kalitesini art\u0131rmak i\u00e7in.<\/li>    <li>Tah\u0131l ve ya\u011f i\u015fleme tesisi: fasulye \u00f6n i\u015fleme ekipman\u0131 olarak, sonraki ya\u011f \u00e7\u0131karma, \u00f6\u011f\u00fctme ve di\u011fer i\u015flemlerin verimlili\u011fini art\u0131r\u0131r.<\/li>    <li>Yiyecek hizmeti sekt\u00f6r\u00fc (\u00f6rne\u011fin oteller, kantinler, restoranlar): b\u00fcy\u00fck miktarda fasulye soyma i\u015flemi i\u00e7in kullan\u0131l\u0131r, h\u0131zl\u0131 pi\u015firme ve i\u015fleme kolayl\u0131\u011f\u0131 sa\u011flar.<\/li>    <li>Tar\u0131m \u00fcr\u00fcnlerinin derin i\u015fleme i\u015fletmeleri: ihra\u00e7 edilen soya fasulyesi \u00fcr\u00fcnlerinin derin i\u015flenmesi ve katma de\u011ferin art\u0131r\u0131lmas\u0131 i\u00e7in kullan\u0131l\u0131r.<\/li>    <li>Bireyler veya k\u00fc\u00e7\u00fck at\u00f6lyeler: k\u00fc\u00e7\u00fck \u00f6l\u00e7ekli soya fasulyesi \u00fcr\u00fcnleri \u00fcretimi i\u00e7in, ekipman kullan\u0131m\u0131 kolayd\u0131r.<\/li> <\/ul>    <figure class=\"wp-block-gallery has-nested-images columns-2 is-cropped wp-block-gallery-2 is-layout-flex wp-block-gallery-is-layout-flex\"> <figure class=\"wp-block-image size-full\"><img loading=\"lazy\" decoding=\"async\" width=\"720\" height=\"540\" data-id=\"17298\" src=\"https:\/\/www.agriculture-machine.com\/wp-content\/uploads\/2020\/04\/soybean-peeling-machine.webp\" alt=\"soya fasulyesi soyma makinesi\" class=\"wp-image-17298\" title=\"soya fasulyesi soyucu\" srcset=\"https:\/\/www.agriculture-machine.com\/wp-content\/uploads\/2020\/04\/soybean-peeling-machine.webp 720w, https:\/\/www.agriculture-machine.com\/wp-content\/uploads\/2020\/04\/soybean-peeling-machine-360x270.webp 360w, https:\/\/www.agriculture-machine.com\/wp-content\/uploads\/2020\/04\/soybean-peeling-machine-240x180.webp 240w, https:\/\/www.agriculture-machine.com\/wp-content\/uploads\/2020\/04\/soybean-peeling-machine-16x12.webp 16w\" sizes=\"auto, (max-width: 720px) 100vw, 720px\" \/><figcaption class=\"wp-element-caption\">soya fasulyesi soyma makinesi<\/figcaption><\/figure>    <figure class=\"wp-block-image size-large\"><img loading=\"lazy\" decoding=\"async\" width=\"720\" height=\"540\" data-id=\"12911\" src=\"https:\/\/www.agriculture-machine.com\/wp-content\/uploads\/2022\/04\/red-bean-peeling-machine1.jpg\" alt=\"k\u0131rm\u0131z\u0131 fasulye soyma makinesi\" class=\"wp-image-12911\" title=\"k\u0131rm\u0131z\u0131 fasulye soyma makinesi\" srcset=\"https:\/\/www.agriculture-machine.com\/wp-content\/uploads\/2022\/04\/red-bean-peeling-machine1.jpg 720w, https:\/\/www.agriculture-machine.com\/wp-content\/uploads\/2022\/04\/red-bean-peeling-machine1-360x270.jpg 360w, https:\/\/www.agriculture-machine.com\/wp-content\/uploads\/2022\/04\/red-bean-peeling-machine1-240x180.jpg 240w\" sizes=\"auto, (max-width: 720px) 100vw, 720px\" \/><figcaption class=\"wp-element-caption\">k\u0131rm\u0131z\u0131 fasulye soyma makinesi<\/figcaption><\/figure>    <figure class=\"wp-block-image size-large\"><img loading=\"lazy\" decoding=\"async\" width=\"720\" height=\"540\" data-id=\"12912\" src=\"https:\/\/www.agriculture-machine.com\/wp-content\/uploads\/2022\/04\/broad-bean-peeler1.jpg\" alt=\"\" class=\"wp-image-12912\" srcset=\"https:\/\/www.agriculture-machine.com\/wp-content\/uploads\/2022\/04\/broad-bean-peeler1.jpg 720w, https:\/\/www.agriculture-machine.com\/wp-content\/uploads\/2022\/04\/broad-bean-peeler1-360x270.jpg 360w, https:\/\/www.agriculture-machine.com\/wp-content\/uploads\/2022\/04\/broad-bean-peeler1-240x180.jpg 240w\" sizes=\"auto, (max-width: 720px) 100vw, 720px\" \/><figcaption class=\"wp-element-caption\">bakla kabuk soyucu<\/figcaption><\/figure>    <figure class=\"wp-block-image size-large\"><img loading=\"lazy\" decoding=\"async\" width=\"720\" height=\"540\" data-id=\"12913\" src=\"https:\/\/www.agriculture-machine.com\/wp-content\/uploads\/2022\/04\/bean-peel-removing-machine1.jpg\" alt=\"fasulye kabuk soyma makinesi\" class=\"wp-image-12913\" title=\"fasulye kabuk soyma makinesi\" srcset=\"https:\/\/www.agriculture-machine.com\/wp-content\/uploads\/2022\/04\/bean-peel-removing-machine1.jpg 720w, https:\/\/www.agriculture-machine.com\/wp-content\/uploads\/2022\/04\/bean-peel-removing-machine1-360x270.jpg 360w, https:\/\/www.agriculture-machine.com\/wp-content\/uploads\/2022\/04\/bean-peel-removing-machine1-240x180.jpg 240w\" sizes=\"auto, (max-width: 720px) 100vw, 720px\" \/><figcaption class=\"wp-element-caption\">fasulye kabuk soyma makinesi<\/figcaption><\/figure> <figcaption class=\"blocks-gallery-caption wp-element-caption\">soya fasulyesi soyma makineleri<\/figcaption><\/figure>    <h2 class=\"wp-block-heading\">Tip1: Soya fasulyesi kabuk soyma makinesi<\/h2>    <p>Bu tip soya fasulyesi kabuk soyma makinesi esasen besleme haznesi, \u00e7er\u00e7eve, azaltma di\u015fli kutusu, soyma odas\u0131, fan, da\u011f\u0131t\u0131m kutusu, bo\u015faltma haznesi ve di\u011fer par\u00e7alardan olu\u015fur.<\/p>    <p>Bu makine, soya fasulyesi, b\u00f6r\u00fclce ve bezelye gibi yuvarlak, d\u00fczenli fasulyeler i\u00e7in uygundur.<\/p>    <figure class=\"wp-block-image aligncenter size-full\"><img loading=\"lazy\" decoding=\"async\" width=\"720\" height=\"540\" src=\"https:\/\/www.agriculture-machine.com\/wp-content\/uploads\/2022\/04\/green-pea-peeling-machine1.jpg\" alt=\"ye\u015fil bezelye soyma makinesi\" class=\"wp-image-12916\" title=\"ye\u015fil bezelye soyma makinesi\" srcset=\"https:\/\/www.agriculture-machine.com\/wp-content\/uploads\/2022\/04\/green-pea-peeling-machine1.jpg 720w, https:\/\/www.agriculture-machine.com\/wp-content\/uploads\/2022\/04\/green-pea-peeling-machine1-360x270.jpg 360w, https:\/\/www.agriculture-machine.com\/wp-content\/uploads\/2022\/04\/green-pea-peeling-machine1-240x180.jpg 240w\" sizes=\"auto, (max-width: 720px) 100vw, 720px\" \/><figcaption class=\"wp-element-caption\">ye\u015fil bezelye soyma makinesi<\/figcaption><\/figure>    <h3 class=\"wp-block-heading\" id=\"h-technical-specifications-of-mung-bean-peeler\">Mung fasulyesi soyucu teknik \u00f6zellikleri<\/h3>    <figure class=\"wp-block-table is-style-stripes\"><table><tbody><tr><td>Model<\/td><td>TZ-10<\/td><\/tr><tr><td>A\u011f\u0131rl\u0131k<\/td><td>200kg<\/td><\/tr><tr><td>Boyut<\/td><td>190*140*75cm<\/td><\/tr><tr><td>Kapasite<\/td><td>300-400kg\/h<\/td><\/tr><tr><td>G\u00fc\u00e7<\/td><td>5.5kw 1.5kw<\/td><\/tr><\/tbody><\/table><figcaption class=\"wp-element-caption\">soya fasulyesi kabuk soyma makinesi teknik verileri<\/figcaption><\/figure>    <h2 class=\"wp-block-heading\">Tip 2: B\u00f6brek fasulyesi soyma makinesi<\/h2>    <p>Bu b\u00f6brek fasulyesi kabuk soyma makinesi esasen bir hazne, toz toplay\u0131c\u0131, soyma cihaz\u0131, soyma bas\u0131nc\u0131 ayar sistemi, \u00e7\u0131k\u0131\u015f, motor vb. i\u00e7erir.  <\/p>    <p>Bu makine \u00e7ok fonksiyonlu bir soyma makinesidir. Hem yuvarlak hem de d\u00fcz fasulyeleri soyabilir.<\/p>    <figure class=\"wp-block-image aligncenter size-full\"><img loading=\"lazy\" decoding=\"async\" width=\"720\" height=\"540\" src=\"https:\/\/www.agriculture-machine.com\/wp-content\/uploads\/2022\/04\/mung-bean-peeling-machine-2.jpg\" alt=\"mung fasulyesi soyma makinesi \" class=\"wp-image-12917\" title=\"mung fasulyesi soyma makinesi \" srcset=\"https:\/\/www.agriculture-machine.com\/wp-content\/uploads\/2022\/04\/mung-bean-peeling-machine-2.jpg 720w, https:\/\/www.agriculture-machine.com\/wp-content\/uploads\/2022\/04\/mung-bean-peeling-machine-2-360x270.jpg 360w, https:\/\/www.agriculture-machine.com\/wp-content\/uploads\/2022\/04\/mung-bean-peeling-machine-2-240x180.jpg 240w\" sizes=\"auto, (max-width: 720px) 100vw, 720px\" \/><figcaption class=\"wp-element-caption\">mung fasulyesi soyma makinesi <\/figcaption><\/figure>    <h3 class=\"wp-block-heading\">bakla soyma makinesi detay bilgisi<\/h3>    <figure class=\"wp-block-table is-style-stripes\"><table><tbody><tr><td>Model<\/td><td>S18<\/td><\/tr><tr><td>G\u00fc\u00e7<\/td><td>15KW<\/td><\/tr><tr><td>Kapasite<\/td><td>500KG\/H<\/td><\/tr><tr><td>Boyut<\/td><td>1800*1200*2150mm<\/td><\/tr><\/tbody><\/table><figcaption class=\"wp-element-caption\">broad bean peeler&#8217;s information<\/figcaption><\/figure>    <h2 class=\"wp-block-heading\">Tip 3: bakla soyma makinesi<\/h2>    <p>Bu modelin makine yap\u0131s\u0131 Tip 1 ve Tip 2'den olduk\u00e7a farkl\u0131d\u0131r. G\u00f6receli olarak basit bir yap\u0131ya sahiptir, bu da bir hazne, soyma odas\u0131, \u00e7\u0131k\u0131\u015flar vb. i\u00e7erir. Bu soyucu esasen bakla soyma i\u00e7in kullan\u0131l\u0131r. Ayr\u0131ca, bakla kabuk soyucu olarak da adland\u0131r\u0131l\u0131r. <\/p>    <p>Bu makine ayn\u0131 zamanda ya\u011f fasulyeleri, lima fasulyeleri, ate\u015f kenevir tohumlar\u0131, istiridye tohumlar\u0131 ve daha d\u00fcz olan di\u011fer fasulyeleri de kabu\u011fundan ay\u0131r\u0131r, b\u00f6ylece \u00fcr\u00fcn kabuk soyma oran\u0131 daha y\u00fcksek olur.<\/p>    <figure class=\"wp-block-image aligncenter size-large\"><img loading=\"lazy\" decoding=\"async\" width=\"717\" height=\"540\" src=\"https:\/\/www.agriculture-machine.com\/wp-content\/uploads\/2022\/04\/Fava-beans-skin-peeler-2-717x540.png\" alt=\"bakla kabuk soyucu \" class=\"wp-image-12920\" title=\"bakla kabuk soyucu \" srcset=\"https:\/\/www.agriculture-machine.com\/wp-content\/uploads\/2022\/04\/Fava-beans-skin-peeler-2-717x540.png 717w, https:\/\/www.agriculture-machine.com\/wp-content\/uploads\/2022\/04\/Fava-beans-skin-peeler-2-360x270.png 360w, https:\/\/www.agriculture-machine.com\/wp-content\/uploads\/2022\/04\/Fava-beans-skin-peeler-2-240x180.png 240w, https:\/\/www.agriculture-machine.com\/wp-content\/uploads\/2022\/04\/Fava-beans-skin-peeler-2.png 720w\" sizes=\"auto, (max-width: 717px) 100vw, 717px\" \/><figcaption class=\"wp-element-caption\">Bakla kabuk soyucu<\/figcaption><\/figure>    <h3 class=\"wp-block-heading\">bakla kabuk soyucu parametreleri<\/h3>    <figure class=\"wp-block-table is-style-stripes\"><table><tbody><tr><td>Boyut<\/td><td>1000*1150*1400mm<\/td><\/tr><tr><td>G\u00fc\u00e7<\/td><td>5KW<\/td><\/tr><tr><td>Kapasite<\/td><td>200KG\/H<\/td><\/tr><tr><td>A\u011f\u0131rl\u0131k<\/td><td>400KG<\/td><\/tr><\/tbody><\/table><figcaption class=\"wp-element-caption\">fava beans skin peeler&#8217;s parameter<\/figcaption><\/figure>    <h2 class=\"wp-block-heading\">Fasulye soyma makinesinin \u00e7al\u0131\u015fma prensibi<\/h2>    <p>\u0130lk olarak, soya fasulyesi makineye al\u0131n\u0131r ve iki \u00f6\u011f\u00fctme diskinin d\u00f6n\u00fc\u015f\u00fc alt\u0131nda soyma amac\u0131yla i\u015flev g\u00f6r\u00fcr. <\/p>    <p>Soya fasulyeleri soyulduktan ve ay\u0131rma odas\u0131ndan ge\u00e7irildikten sonra, soyulmu\u015f fasulyeler r\u00fczgar g\u00fcc\u00fcyle \u00e7\u0131k\u0131\u015ftan bo\u015falt\u0131l\u0131r. Ayn\u0131 zamanda, kabuk ve di\u011fer tozlar hava ile \u00e7\u0131k\u0131\u015ftan at\u0131l\u0131r.<\/p>    <figure class=\"wp-block-embed aligncenter is-type-video is-provider-youtube wp-block-embed-youtube wp-embed-aspect-16-9 wp-has-aspect-ratio\"><div class=\"wp-block-embed__wrapper\"> <iframe loading=\"lazy\" title=\"Kuru fasulye soyma makinesi \/ mung fasulyesi soyma makinesi \/ ye\u015fil fasulye veya bakla soyucu\" width=\"500\" height=\"281\" src=\"https:\/\/www.youtube.com\/embed\/7pt3S2lx6eE?feature=oembed\" frameborder=\"0\" allow=\"accelerometer; autoplay; clipboard-write; encrypted-media; gyroscope; picture-in-picture; web-share\" referrerpolicy=\"strict-origin-when-cross-origin\" allowfullscreen><\/iframe> <\/div><figcaption class=\"wp-element-caption\">Soya fasulyesi soyma makinesi \u00e7al\u0131\u015fma videosu g\u00f6sterimi<\/figcaption><\/figure>    <h2 class=\"wp-block-heading\" id=\"h-why-peel-beans-before-deep-processing\">Neden fasulyeleri derin i\u015flemden \u00f6nce soyuyoruz?<\/h2>    <ul class=\"wp-block-list\"> <li>Soyma \u00f6ncesinde uygun \u0131s\u0131 i\u015flemi, soya proteininin k\u0131smen denat\u00fcre olmas\u0131n\u0131, k\u00f6t\u00fc koku olu\u015fturan maddelerin olu\u015fumunu engeller ve besin emilimini art\u0131rmaya yard\u0131mc\u0131 olur.<\/li>    <li>Soya fasulyesi kabu\u011fu genellikle toprak ve \u0131s\u0131ya dayan\u0131kl\u0131 bakteriler i\u00e7erir, soyma bu bakterilerin azalt\u0131lmas\u0131na ve g\u0131da g\u00fcvenli\u011finin art\u0131r\u0131lmas\u0131na yard\u0131mc\u0131 olur.<\/li>    <li>Soyma, lipoxygenaz\u0131n pasifle\u015ftirilmesine katk\u0131da bulunur, \u0131s\u0131tma s\u00fcresini k\u0131saltabilir, besinlerin termal denat\u00fcrasyonunu azaltabilir ve enzimatik kahverengile\u015fmeyi \u00f6nleyebilir.<\/li> <\/ul>    <figure class=\"wp-block-image aligncenter size-large\"><img loading=\"lazy\" decoding=\"async\" width=\"720\" height=\"540\" src=\"https:\/\/www.agriculture-machine.com\/wp-content\/uploads\/2020\/04\/peeling-soybean.jpg\" alt=\"soyay\u0131 soyma\" class=\"wp-image-10921\" srcset=\"https:\/\/www.agriculture-machine.com\/wp-content\/uploads\/2020\/04\/peeling-soybean.jpg 720w, https:\/\/www.agriculture-machine.com\/wp-content\/uploads\/2020\/04\/peeling-soybean-360x270.jpg 360w, https:\/\/www.agriculture-machine.com\/wp-content\/uploads\/2020\/04\/peeling-soybean-240x180.jpg 240w\" sizes=\"auto, (max-width: 720px) 100vw, 720px\" \/><figcaption class=\"wp-element-caption\">soyay\u0131 soyma<\/figcaption><\/figure>    <h2 class=\"wp-block-heading\" id=\"h-why-choose-taizy-bean-peeling-machine\">Taizy fasulye kabuk soyma makinesinin avantajlar\u0131<\/h2>    <ul class=\"wp-block-list\"> <li>Y\u00fcksek verimlilik ve homojen soyma: ekipman y\u00fcksek \u00e7al\u0131\u015fma verimlili\u011fine sahiptir ve homojen soyma etkisi sa\u011flayabilir, dengesiz soyma ve k\u0131r\u0131k fasulye sorunlar\u0131ndan ka\u00e7\u0131n\u0131r.<\/li>    <li>Lezzet ve kaliteyi art\u0131r\u0131n: fasulyelerin kokusunu etkili \u015fekilde giderir, soya \u00fcr\u00fcnlerinin lezzetini geli\u015ftirir, \u00fcr\u00fcn\u00fcn genel kalitesini ve piyasa de\u011ferini \u00f6nemli \u00f6l\u00e7\u00fcde art\u0131r\u0131r.<\/li>    <li>\u00c7ok ama\u00e7l\u0131, tam fonksiyonlu: soyma ve ay\u0131rma fonksiyonlar\u0131na sahip, kullan\u0131m\u0131 kolay, stabil performansl\u0131, \u00e7e\u015fitli fasulye i\u015fleme i\u00e7in uygundur.<\/li>    <li>Modern \u00fcretim ihtiya\u00e7lar\u0131n\u0131 kar\u015f\u0131lay\u0131n: y\u00fcksek kaliteli fasulye \u00fcr\u00fcnleri tasarland\u0131, \u00f6zellikle y\u00fcksek kaliteli g\u0131da i\u015fleme i\u00e7in uygundur.<\/li> <\/ul>    <figure class=\"wp-block-image aligncenter size-full\"><img loading=\"lazy\" decoding=\"async\" width=\"720\" height=\"540\" src=\"https:\/\/www.agriculture-machine.com\/wp-content\/uploads\/2020\/04\/beans-peeler-for-sale.webp\" alt=\"fasulye soyucu sat\u0131l\u0131k\" class=\"wp-image-15519\" srcset=\"https:\/\/www.agriculture-machine.com\/wp-content\/uploads\/2020\/04\/beans-peeler-for-sale.webp 720w, https:\/\/www.agriculture-machine.com\/wp-content\/uploads\/2020\/04\/beans-peeler-for-sale-360x270.webp 360w, https:\/\/www.agriculture-machine.com\/wp-content\/uploads\/2020\/04\/beans-peeler-for-sale-240x180.webp 240w\" sizes=\"auto, (max-width: 720px) 100vw, 720px\" \/><figcaption class=\"wp-element-caption\">fasulye soyucu sat\u0131l\u0131k<\/figcaption><\/figure>    <h2 class=\"wp-block-heading\">Kanada'ya sat\u0131lan soya fasulyesi<\/h2>    <p>M\u00fc\u015fterilerimizden biri Kanada'dand\u0131r. Bize YouTube kanal\u0131m\u0131zda payla\u015f\u0131lan bir video arac\u0131l\u0131\u011f\u0131yla ula\u015ft\u0131. M\u00fc\u015fterinin kara g\u00f6zl\u00fc fasulye, soya fasulyesi ve b\u00f6brek fasulyesini kabuklar\u0131ndan ay\u0131rmak istedi\u011fi anla\u015f\u0131l\u0131yor. <\/p>    <p>According to the customer&#8217;s desired output and budget, we recommend Type 1 and Type 2. The final customer places an order from us. Below is the packaging and shipping diagram of the machine.<\/p>    <figure class=\"wp-block-gallery has-nested-images columns-default is-cropped wp-block-gallery-3 is-layout-flex wp-block-gallery-is-layout-flex\"> <figure class=\"wp-block-image size-large\"><img loading=\"lazy\" decoding=\"async\" width=\"720\" height=\"540\" data-id=\"12929\" src=\"https:\/\/www.agriculture-machine.com\/wp-content\/uploads\/2022\/04\/wooden-case-packing1.jpg\" alt=\"ah\u015fap kasa ambalaj\" class=\"wp-image-12929\" title=\"ah\u015fap kasa ambalaj\" srcset=\"https:\/\/www.agriculture-machine.com\/wp-content\/uploads\/2022\/04\/wooden-case-packing1.jpg 720w, https:\/\/www.agriculture-machine.com\/wp-content\/uploads\/2022\/04\/wooden-case-packing1-360x270.jpg 360w, https:\/\/www.agriculture-machine.com\/wp-content\/uploads\/2022\/04\/wooden-case-packing1-240x180.jpg 240w\" sizes=\"auto, (max-width: 720px) 100vw, 720px\" \/><figcaption class=\"wp-element-caption\">ah\u015fap kasa ambalaj<\/figcaption><\/figure>    <figure class=\"wp-block-image size-large\"><img loading=\"lazy\" decoding=\"async\" width=\"720\" height=\"540\" data-id=\"12930\" src=\"https:\/\/www.agriculture-machine.com\/wp-content\/uploads\/2022\/04\/shipping-of-soybean-peeler1.jpg\" alt=\"soya fasulyesi soyma makinesinin sevkiyat\u0131\" class=\"wp-image-12930\" title=\"soya fasulyesi soyma makinesinin sevkiyat\u0131\" srcset=\"https:\/\/www.agriculture-machine.com\/wp-content\/uploads\/2022\/04\/shipping-of-soybean-peeler1.jpg 720w, https:\/\/www.agriculture-machine.com\/wp-content\/uploads\/2022\/04\/shipping-of-soybean-peeler1-360x270.jpg 360w, https:\/\/www.agriculture-machine.com\/wp-content\/uploads\/2022\/04\/shipping-of-soybean-peeler1-240x180.jpg 240w\" sizes=\"auto, (max-width: 720px) 100vw, 720px\" \/><figcaption class=\"wp-element-caption\">soya fasulyesi soyma makinesinin sevkiyat\u0131<\/figcaption><\/figure> <\/figure>    <p class=\"translation-block\">Makinemiz Nijerya, Vietnam, Kamerun, Hollanda ve di\u011fer \u00fclkelere ihra\u00e7 edilmi\u015ftir. Fasulye soyma makinesi d\u0131\u015f\u0131nda, <strong><em><a href=\"https:\/\/www.agriculture-machine.com\/tr\/corn-grits-making-machine\/\">m\u0131s\u0131r irmik yapma makinesi<\/a> <\/em><\/strong> ve <a href=\"https:\/\/www.agriculture-machine.com\/tr\/hammer-mill-machine\/\"><strong><em>tah\u0131l de\u011firmeni<\/em><\/strong><\/a> de mevcuttur. Bunlar tah\u0131llar\u0131 \u00e7e\u015fitli taneler ve tozlara i\u015fleyebilir.<\/p>    <p>\u00dcr\u00fcnlerimiz veya herhangi bir sorunuz varsa, l\u00fctfen bizimle ileti\u015fime ge\u00e7mekten \u00e7ekinmeyin. Profesyonel ekibimiz her zaman makinemiz hakk\u0131nda detayl\u0131 bilgi sa\u011flamaya haz\u0131rd\u0131r ve sizi fabrikam\u0131za davet eder, en iyi hizmeti sunmay\u0131 d\u00f6rt g\u00f6zle bekleriz!<\/p>","protected":false},"excerpt":{"rendered":"<p>Fasulye soyma makinesi geni\u015f bir uygulama yelpazesine sahiptir ve her t\u00fcrl\u00fc fasulyenin d\u0131\u015f kabu\u011funu \u00e7\u0131karmak i\u00e7in tasarlanm\u0131\u015ft\u0131r. Geli\u015fmi\u015f teknolojisi ve g\u00fcvenilir performans\u0131, fasulye i\u015fleme i\u00e7in idealdir.<\/p>","protected":false},"author":1,"featured_media":12906,"parent":0,"comment_status":"closed","ping_status":"closed","template":"","tags":[489,2600],"product-type":[902],"class_list":["post-6613","product","type-product","status-publish","has-post-thumbnail","hentry","tag-bean","tag-soybean","product-type-soybean-peeling-machine"],"_links":{"self":[{"href":"https:\/\/www.agriculture-machine.com\/tr\/wp-json\/wp\/v2\/product\/6613","targetHints":{"allow":["GET"]}}],"collection":[{"href":"https:\/\/www.agriculture-machine.com\/tr\/wp-json\/wp\/v2\/product"}],"about":[{"href":"https:\/\/www.agriculture-machine.com\/tr\/wp-json\/wp\/v2\/types\/product"}],"author":[{"embeddable":true,"href":"https:\/\/www.agriculture-machine.com\/tr\/wp-json\/wp\/v2\/users\/1"}],"replies":[{"embeddable":true,"href":"https:\/\/www.agriculture-machine.com\/tr\/wp-json\/wp\/v2\/comments?post=6613"}],"wp:featuredmedia":[{"embeddable":true,"href":"https:\/\/www.agriculture-machine.com\/tr\/wp-json\/wp\/v2\/media\/12906"}],"wp:attachment":[{"href":"https:\/\/www.agriculture-machine.com\/tr\/wp-json\/wp\/v2\/media?parent=6613"}],"wp:term":[{"taxonomy":"post_tag","embeddable":true,"href":"https:\/\/www.agriculture-machine.com\/tr\/wp-json\/wp\/v2\/tags?post=6613"},{"taxonomy":"product-type","embeddable":true,"href":"https:\/\/www.agriculture-machine.com\/tr\/wp-json\/wp\/v2\/product-type?post=6613"}],"curies":[{"name":"wp","href":"https:\/\/api.w.org\/{rel}","templated":true}]}}