{"id":7114,"date":"2020-07-14T10:36:12","date_gmt":"2020-07-14T02:36:12","guid":{"rendered":"https:\/\/www.agriculture-machine.com\/?p=7114"},"modified":"2024-10-24T14:11:31","modified_gmt":"2024-10-24T06:11:31","slug":"tzy-79-nursery-seeding-machine","status":"publish","type":"product","link":"https:\/\/www.agriculture-machine.com\/tr\/tzy-79-nursery-seeding-machine\/","title":{"rendered":"Fidanl\u0131k makinesi\u4e28otomatik fidanl\u0131k ekim makinesi"},"content":{"rendered":"<p class=\"translation-block\">Fidanl\u0131k tohumlama makinesi, \u00e7e\u015fitli sebze ve \u00e7i\u00e7ek tohumlar\u0131n\u0131 fi\u015fek tepsisine dikebilen bir cihazd\u0131r. Piyasada yar\u0131 otomatik ve tam otomatik olmak \u00fczere \u00e7e\u015fitli tohumlama makineleri bulunmaktad\u0131r. Manuel tohumlama y\u00f6ntemi zaman al\u0131c\u0131 ve emek yo\u011fun olur.<\/p>    <p>Bu sayede, insanlar, tohumlama makinesi kullanarak verimlili\u011fi b\u00fcy\u00fck \u00f6l\u00e7\u00fcde art\u0131rabilir ve enerji tasarrufu yapabilir. Ayr\u0131ca, tohumlama makinesi tohumlar\u0131 emer ve do\u011fru ekim yapar. Bu nedenle, bu makine tohumlar\u0131 tasarruf eder ve tohumlar\u0131n hayatta kalma oran\u0131 daha y\u00fcksektir. Bu nedenle, tohumlama makineleri, fidanc\u0131l\u0131kta yayg\u0131n olarak kullan\u0131lmaktad\u0131r.<\/p>    <figure class=\"wp-block-embed is-type-video is-provider-youtube wp-block-embed-youtube wp-embed-aspect-16-9 wp-has-aspect-ratio\"><div class=\"wp-block-embed__wrapper\"> <iframe loading=\"lazy\" title=\"Tam Otomatik Sebze Tohum Fidanl\u0131\u011f\u0131 \u00c7imlendirme Makinesi Sat\u0131\u015fta!\" width=\"500\" height=\"281\" src=\"https:\/\/www.youtube.com\/embed\/oeNMbovVJbo?start=17&#038;feature=oembed\" frameborder=\"0\" allow=\"accelerometer; autoplay; clipboard-write; encrypted-media; gyroscope; picture-in-picture; web-share\" referrerpolicy=\"strict-origin-when-cross-origin\" allowfullscreen><\/iframe> <\/div><figcaption class=\"wp-element-caption\">KMR-78-2 fidanl\u0131k tohumlama makinesi \u00e7al\u0131\u015fma videosu<\/figcaption><\/figure>    <p>The above shows our factory&#8217;s more popular fully-automatic models.<\/p>    <h2 class=\"wp-block-heading\">Fidanl\u0131k tohumlama makinesinin tan\u0131t\u0131m\u0131<\/h2>    <p class=\"translation-block\">Farkl\u0131 fidanl\u0131k ihtiya\u00e7lar\u0131n\u0131 kar\u015f\u0131lamak i\u00e7in \u00e7e\u015fitli tiplerde fidanl\u0131k makineleri \u00fcretiyoruz. Tam otomatik fidanl\u0131k makinelerinden biri, sulama spreyleri ekleyebilir. Ayr\u0131ca, birden fazla tohumu tek delikte yerle\u015ftirmeye yard\u0131mc\u0131 olmak i\u00e7in \u00e7ok s\u0131ral\u0131 tohum b\u0131rakma tasarlad\u0131k ve \u00fcrettik. Bu makale, <strong>KMR78-2 otomatik fidanl\u0131k ekim makinesini<\/strong> odaklanmaktad\u0131r. Bu model, mulching, delik a\u00e7ma, tohum b\u0131rakma ve ikincil mulching i\u015flemlerini tek seferde tamamlayabilir.<\/p>    <p class=\"translation-block\">What&#8217;s more watering and multi-row seeding are additional functions. And customers can choose according to their needs. We also produce semi-automatic seedling nursery machines, <a href=\"https:\/\/www.agriculture-machine.com\/tr\/peony-transplant-cucumber-transplant-factory-direct\/\">vegetable transplants<\/a>, and <a href=\"https:\/\/www.agriculture-machine.com\/tr\/walk-behind-rice-transplanter-rice-planting-machine\/\">rice transplanters<\/a>. The combination of a seedling machine and a transplanter can save a lot of seedling sowing time.<\/p>    <figure class=\"wp-block-gallery has-nested-images columns-default is-cropped wp-block-gallery-2 is-layout-flex wp-block-gallery-is-layout-flex\"> <figure class=\"wp-block-image size-large\"><img loading=\"lazy\" decoding=\"async\" width=\"720\" height=\"540\" data-id=\"13592\" src=\"https:\/\/www.agriculture-machine.com\/wp-content\/uploads\/2022\/05\/nursery-seedling-machine1.jpg\" alt=\"fidanl\u0131k tohumlama makinesi\" class=\"wp-image-13592\" title=\"fidanl\u0131k tohumlama makinesi\" srcset=\"https:\/\/www.agriculture-machine.com\/wp-content\/uploads\/2022\/05\/nursery-seedling-machine1.jpg 720w, https:\/\/www.agriculture-machine.com\/wp-content\/uploads\/2022\/05\/nursery-seedling-machine1-360x270.jpg 360w, https:\/\/www.agriculture-machine.com\/wp-content\/uploads\/2022\/05\/nursery-seedling-machine1-240x180.jpg 240w\" sizes=\"auto, (max-width: 720px) 100vw, 720px\" \/><figcaption class=\"wp-element-caption\">fidanl\u0131k tohumlama makinesi<\/figcaption><\/figure>    <figure class=\"wp-block-image size-large\"><img loading=\"lazy\" decoding=\"async\" width=\"720\" height=\"540\" data-id=\"13593\" src=\"https:\/\/www.agriculture-machine.com\/wp-content\/uploads\/2022\/05\/automatic-nursery-sowing-machine-.jpg\" alt=\"otomatik fidanl\u0131k ekim makinesi\" class=\"wp-image-13593\" title=\"otomatik fidanl\u0131k ekim makinesi\" srcset=\"https:\/\/www.agriculture-machine.com\/wp-content\/uploads\/2022\/05\/automatic-nursery-sowing-machine-.jpg 720w, https:\/\/www.agriculture-machine.com\/wp-content\/uploads\/2022\/05\/automatic-nursery-sowing-machine--360x270.jpg 360w, https:\/\/www.agriculture-machine.com\/wp-content\/uploads\/2022\/05\/automatic-nursery-sowing-machine--240x180.jpg 240w\" sizes=\"auto, (max-width: 720px) 100vw, 720px\" \/><figcaption class=\"wp-element-caption\">otomatik fidanl\u0131k ekim makinesi<\/figcaption><\/figure> <\/figure>    <h2 class=\"wp-block-heading\">Fidanl\u0131k dikim makinesi hangi tohumlar\u0131 ekecek?<\/h2>    <p>Fidan dikim makinesi, \u00e7e\u015fitli sebze ve \u00e7i\u00e7ek tohumlar\u0131n\u0131 ekebilir. \u00d6rne\u011fin, domates, marul, \u00c7in lahanas\u0131, lahana, tatl\u0131 m\u0131s\u0131r, kabak, keten tohumu, okra, salatal\u0131k, patl\u0131can, kavun, karpuz, biber, chili, Taiwan lahanas\u0131, bal\u0131k yeme\u011fi, kuru \u0131\u015f\u0131k, p\u0131rasa, pancar, lahana sebzeleri, kereviz, keten vb.<\/p>    <figure class=\"wp-block-gallery has-nested-images columns-default is-cropped wp-block-gallery-3 is-layout-flex wp-block-gallery-is-layout-flex\"> <figure class=\"wp-block-image size-large\"><img loading=\"lazy\" decoding=\"async\" width=\"720\" height=\"541\" data-id=\"13606\" src=\"https:\/\/www.agriculture-machine.com\/wp-content\/uploads\/2022\/05\/vegetable-seeds-.jpg\" alt=\"sebze tohumlar\u0131\" class=\"wp-image-13606\" title=\"sebze tohumlar\u0131\" srcset=\"https:\/\/www.agriculture-machine.com\/wp-content\/uploads\/2022\/05\/vegetable-seeds-.jpg 720w, https:\/\/www.agriculture-machine.com\/wp-content\/uploads\/2022\/05\/vegetable-seeds--360x270.jpg 360w, https:\/\/www.agriculture-machine.com\/wp-content\/uploads\/2022\/05\/vegetable-seeds--240x180.jpg 240w\" sizes=\"auto, (max-width: 720px) 100vw, 720px\" \/><figcaption class=\"wp-element-caption\">sebze tohumlar\u0131<\/figcaption><\/figure>    <figure class=\"wp-block-image size-large\"><img loading=\"lazy\" decoding=\"async\" width=\"720\" height=\"540\" data-id=\"13607\" src=\"https:\/\/www.agriculture-machine.com\/wp-content\/uploads\/2022\/05\/flower-seeds-.jpg\" alt=\"\u00e7i\u00e7ek tohumlar\u0131\" class=\"wp-image-13607\" title=\"\u00e7i\u00e7ek tohumlar\u0131\" srcset=\"https:\/\/www.agriculture-machine.com\/wp-content\/uploads\/2022\/05\/flower-seeds-.jpg 720w, https:\/\/www.agriculture-machine.com\/wp-content\/uploads\/2022\/05\/flower-seeds--360x270.jpg 360w, https:\/\/www.agriculture-machine.com\/wp-content\/uploads\/2022\/05\/flower-seeds--240x180.jpg 240w\" sizes=\"auto, (max-width: 720px) 100vw, 720px\" \/><figcaption class=\"wp-element-caption\">\u00e7i\u00e7ek tohumlar\u0131<\/figcaption><\/figure> <\/figure>    <h2 class=\"wp-block-heading\">Otomatik fidanl\u0131k ekim makinesinin yap\u0131s\u0131<\/h2>    <p>Bu model fidanl\u0131k ekim makinesi, kaplama cihazlar\u0131, f\u0131r\u00e7alar, kazma, tohum b\u0131rakma, toprak kutular\u0131 vb. i\u00e7erir. Bu, makinenin temel yap\u0131s\u0131d\u0131r; su p\u00fcsk\u00fcrtme ve \u00e7ok s\u0131ral\u0131 ekim fonksiyonlar\u0131n\u0131 da se\u00e7ebilirsiniz.<\/p>    <figure class=\"wp-block-image aligncenter size-full\"><img loading=\"lazy\" decoding=\"async\" width=\"720\" height=\"540\" src=\"https:\/\/www.agriculture-machine.com\/wp-content\/uploads\/2022\/05\/plug-seedling-machine\u2018s-structure0.jpg\" alt=\"fi\u015fek tohumlama makinesinin yap\u0131s\u0131\" class=\"wp-image-13594\" title=\"fi\u015fek tohumlama makinesinin yap\u0131s\u0131\" srcset=\"https:\/\/www.agriculture-machine.com\/wp-content\/uploads\/2022\/05\/plug-seedling-machine\u2018s-structure0.jpg 720w, https:\/\/www.agriculture-machine.com\/wp-content\/uploads\/2022\/05\/plug-seedling-machine\u2018s-structure0-360x270.jpg 360w, https:\/\/www.agriculture-machine.com\/wp-content\/uploads\/2022\/05\/plug-seedling-machine\u2018s-structure0-240x180.jpg 240w\" sizes=\"auto, (max-width: 720px) 100vw, 720px\" \/><figcaption class=\"wp-element-caption\">plug seedling machine&#8217;s structure<\/figcaption><\/figure>    <h3 class=\"wp-block-heading\">Her par\u00e7an\u0131n fonksiyonu<\/h3>    <ol class=\"wp-block-list\" id=\"block-b0620b7d-e759-448e-aefe-02f00d44eaf2\"> <li>Ekim kaplama cihaz\u0131: bu par\u00e7a, besin topraklar\u0131n\u0131 fi\u015fek tepsisine yerle\u015ftirebilir.<\/li>    <li>Tohumlu toprak d\u00f6n\u00fc\u015f f\u0131r\u00e7as\u0131: bu par\u00e7a, bir t\u00fcy f\u0131r\u00e7a i\u00e7erir, toprak y\u00fczeyini d\u00fczg\u00fcnle\u015ftirir ve fi\u015fek tepsisini kaplar.<\/li>    <li>Delik a\u00e7ma: bas\u0131n\u00e7 fonksiyonu vard\u0131r ve delik a\u00e7ar.<\/li>    <li>Ekim cihaz\u0131: bu, makinenin en \u00f6nemli par\u00e7as\u0131d\u0131r. Delik a\u00e7t\u0131ktan sonra, tohum deli\u011fe d\u00fc\u015fer, bir tohum bir delik.<\/li>    <li>D\u00fcnya kaplama hunisi: tohumlu topraklar\u0131 tekrar ekim tepsisine koyun.<\/li> <\/ol>    <h2 class=\"wp-block-heading\" id=\"h-specification-of-the-nursery-seedling-machine\">Fidanl\u0131k tohumlama makinesi \u00f6zellikleri<\/h2>    <figure class=\"wp-block-table is-style-stripes\"><table><tbody><tr><td>Model<\/td><td>KMR-78-2<\/td><\/tr><tr><td>Hassasiyet<\/td><td>&gt;97-98%<\/td><\/tr><tr><td>Prensip<\/td><td>Elektrik ve hava kompres\u00f6r\u00fc<\/td><\/tr><tr><td>Kapasite<\/td><td>500-600 tepsi\/saat&nbsp;<\/td><\/tr><tr><td>Boyut<\/td><td>4800*800*1600mm<\/td><\/tr><tr><td>A\u011f\u0131rl\u0131k<\/td><td>400kg<\/td><\/tr><tr><td>Gerilim<\/td><td>220V \/110V 600w<\/td><\/tr><tr><td>Tohum boyutu<\/td><td>0.3-12mm<\/td><\/tr><tr><td>Tepsi geni\u015fli\u011fi<\/td><td>\u2264540mm<\/td><\/tr><tr><td>Malzeme<\/td><td>Paslanmaz \u00e7elik<\/td><\/tr><\/tbody><\/table><figcaption class=\"wp-element-caption\">nursery seedling machine&#8217;s parameter<\/figcaption><\/figure>    <h2 class=\"wp-block-heading\" id=\"h-features-of-the-pumpkin-nursery-seedling-machine\">Kabak fidanl\u0131k makinesinin \u00f6zellikleri<\/h2>    <ul class=\"wp-block-list\"> <li>Otomatik fidanl\u0131k ekim makinesi, otomatik toprak yayma, sulama, ekim ve toprak kaplama i\u015flemlerini tek bir cihazda entegre eder. Bu sayede, t\u00fcm operasyon prosed\u00fcrleri ayn\u0131 anda tamamlanabilir.<\/li>    <li>Kabak fidanl\u0131k makinesi, hem plastik sert diskler hem de yumu\u015fak disklerle \u00e7al\u0131\u015fabilir. Makinenin \u00e7al\u0131\u015fma verimlili\u011fi saatte 500-600 tepsi aras\u0131ndad\u0131r. Bu, tah\u0131l\u0131n b\u00fct\u00fcn bir s\u00fcrecinin mekanize \u00fcretimine olanak tan\u0131r.<\/li>    <li>Fidanl\u0131k makinesiyle diskle yeti\u015ftirilen filizler ince, d\u00fczenli ve g\u00fc\u00e7l\u00fc filizlerdir.<\/li> <\/ul>    <h2 class=\"wp-block-heading\" id=\"h-what-advantages-does-the-onion-transplanting-machine-has\">So\u011fan fidan\u0131 makinesi hangi avantajlara sahiptir?<\/h2>    <ul class=\"wp-block-list\"> <li>Ekim miktar\u0131n\u0131n ayarlanmas\u0131 kolay ve g\u00fcvenilirdir. Bu makine, k\u00fc\u00e7\u00fck hacimli hassas ekimi b\u00fcy\u00fck \u00f6l\u00e7\u00fcde art\u0131r\u0131r. Ayr\u0131ca, her tohuma bir delikte yerle\u015ftirme sa\u011flar, tohumun boyutuna bak\u0131lmaks\u0131z\u0131n.<\/li>    <li>Bo\u015f delik oran\u0131n\u0131   azalt\u0131r, bu da yapay dikimden daha d\u00fc\u015f\u00fckt\u00fcr. B\u00f6ylece, \u00fcretim ve gelir artar. \u0130yi fidan etkisi, \u00fcretimi art\u0131r\u0131r ve maliyetleri d\u00fc\u015f\u00fcr\u00fcr.<\/li>    <li>Tohum fidanl\u0131\u011f\u0131 ekim makinesi, istikrarl\u0131 ve y\u00fcksek \u00fcretimi sa\u011flayan gerekli bir bile\u015fendir. Ayr\u0131ca, \u00fcretimi art\u0131rmak ve maliyetleri d\u00fc\u015f\u00fcrmek i\u00e7in de bir se\u00e7enektir.<\/li> <\/ul>    <figure class=\"wp-block-gallery has-nested-images columns-default is-cropped wp-block-gallery-4 is-layout-flex wp-block-gallery-is-layout-flex\"> <figure class=\"wp-block-image size-large\"><img loading=\"lazy\" decoding=\"async\" width=\"720\" height=\"540\" data-id=\"13597\" src=\"https:\/\/www.agriculture-machine.com\/wp-content\/uploads\/2022\/05\/automatic-tomato-nursery-seedling-machine-.jpg\" alt=\"otomatik domates fidan\u0131 makinesi\" class=\"wp-image-13597\" title=\"otomatik domates fidan\u0131 makinesi\" srcset=\"https:\/\/www.agriculture-machine.com\/wp-content\/uploads\/2022\/05\/automatic-tomato-nursery-seedling-machine-.jpg 720w, https:\/\/www.agriculture-machine.com\/wp-content\/uploads\/2022\/05\/automatic-tomato-nursery-seedling-machine--360x270.jpg 360w, https:\/\/www.agriculture-machine.com\/wp-content\/uploads\/2022\/05\/automatic-tomato-nursery-seedling-machine--240x180.jpg 240w\" sizes=\"auto, (max-width: 720px) 100vw, 720px\" \/><figcaption class=\"wp-element-caption\">otomatik domates fidan\u0131 makinesi<\/figcaption><\/figure>    <figure class=\"wp-block-image size-large\"><img loading=\"lazy\" decoding=\"async\" width=\"720\" height=\"540\" data-id=\"13598\" src=\"https:\/\/www.agriculture-machine.com\/wp-content\/uploads\/2022\/05\/automatic-tray-seeder-.jpg\" alt=\"otomatik tepsi ekim makinesi\" class=\"wp-image-13598\" title=\"otomatik tepsi ekim makinesi\" srcset=\"https:\/\/www.agriculture-machine.com\/wp-content\/uploads\/2022\/05\/automatic-tray-seeder-.jpg 720w, https:\/\/www.agriculture-machine.com\/wp-content\/uploads\/2022\/05\/automatic-tray-seeder--360x270.jpg 360w, https:\/\/www.agriculture-machine.com\/wp-content\/uploads\/2022\/05\/automatic-tray-seeder--240x180.jpg 240w\" sizes=\"auto, (max-width: 720px) 100vw, 720px\" \/><figcaption class=\"wp-element-caption\">otomatik tepsi ekim makinesi<\/figcaption><\/figure> <\/figure>    <h2 class=\"wp-block-heading\">Sey\u015felere g\u00f6nderilen otomatik fidanl\u0131k makinesi<\/h2>    <p>M\u00fc\u015fterimiz Singapur\u2019dan. Alibaba \u00fczerinden bizimle ileti\u015fime ge\u00e7ti. Daha sonra, sat\u0131\u015f m\u00fcd\u00fcr\u00fcm\u00fcz makine hakk\u0131nda m\u00fc\u015fteriyle e-posta yoluyla ileti\u015fim kurdu. M\u00fc\u015fteriyle ileti\u015fim s\u0131ras\u0131nda, m\u00fc\u015fterinin \u00e7e\u015fitli sebzeler yeti\u015ftirmek i\u00e7in seralar\u0131 oldu\u011fu \u00f6\u011frenildi. Ayr\u0131ca, m\u00fc\u015fteri, fidanl\u0131k tohumlama makinesi hakk\u0131nda daha fazla bilgi edindi. <\/p>    <p>And he wants to buy a fully automatic vegetable seedling machine. According to the customer&#8217;s specific needs and budget, we recommended the KMR78-2 seedling machine. The customer finally decided to buy one set of automatic nursery sowing machines. Below is the packing and shipping picture of the machine.<\/p>    <figure class=\"wp-block-gallery has-nested-images columns-default is-cropped wp-block-gallery-5 is-layout-flex wp-block-gallery-is-layout-flex\"> <figure class=\"wp-block-image size-large\"><img loading=\"lazy\" decoding=\"async\" width=\"720\" height=\"540\" data-id=\"13603\" src=\"https:\/\/www.agriculture-machine.com\/wp-content\/uploads\/2022\/05\/greenhouse-seeder-machine.jpg\" alt=\"serrah seeder makinesi\" class=\"wp-image-13603\" title=\"serrah seeder makinesi\" srcset=\"https:\/\/www.agriculture-machine.com\/wp-content\/uploads\/2022\/05\/greenhouse-seeder-machine.jpg 720w, https:\/\/www.agriculture-machine.com\/wp-content\/uploads\/2022\/05\/greenhouse-seeder-machine-360x270.jpg 360w, https:\/\/www.agriculture-machine.com\/wp-content\/uploads\/2022\/05\/greenhouse-seeder-machine-240x180.jpg 240w\" sizes=\"auto, (max-width: 720px) 100vw, 720px\" \/><figcaption class=\"wp-element-caption\">serrah seeder makinesi<\/figcaption><\/figure>    <figure class=\"wp-block-image size-large\"><img loading=\"lazy\" decoding=\"async\" width=\"720\" height=\"540\" data-id=\"13604\" src=\"https:\/\/www.agriculture-machine.com\/wp-content\/uploads\/2022\/05\/automatic-seedling-raising-machine.jpg\" alt=\"otomatik fidan yeti\u015ftirme makinesi\" class=\"wp-image-13604\" title=\"otomatik fidan yeti\u015ftirme makinesi\" srcset=\"https:\/\/www.agriculture-machine.com\/wp-content\/uploads\/2022\/05\/automatic-seedling-raising-machine.jpg 720w, https:\/\/www.agriculture-machine.com\/wp-content\/uploads\/2022\/05\/automatic-seedling-raising-machine-360x270.jpg 360w, https:\/\/www.agriculture-machine.com\/wp-content\/uploads\/2022\/05\/automatic-seedling-raising-machine-240x180.jpg 240w\" sizes=\"auto, (max-width: 720px) 100vw, 720px\" \/><figcaption class=\"wp-element-caption\">otomatik fidan yeti\u015ftirme makinesi<\/figcaption><\/figure>    <figure class=\"wp-block-image size-large\"><img loading=\"lazy\" decoding=\"async\" width=\"720\" height=\"540\" data-id=\"13605\" src=\"https:\/\/www.agriculture-machine.com\/wp-content\/uploads\/2022\/05\/nursery-planting-machine-.jpg\" alt=\"fidanl\u0131k dikim makinesi\" class=\"wp-image-13605\" title=\"fidanl\u0131k dikim makinesi\" srcset=\"https:\/\/www.agriculture-machine.com\/wp-content\/uploads\/2022\/05\/nursery-planting-machine-.jpg 720w, https:\/\/www.agriculture-machine.com\/wp-content\/uploads\/2022\/05\/nursery-planting-machine--360x270.jpg 360w, https:\/\/www.agriculture-machine.com\/wp-content\/uploads\/2022\/05\/nursery-planting-machine--240x180.jpg 240w\" sizes=\"auto, (max-width: 720px) 100vw, 720px\" \/><figcaption class=\"wp-element-caption\">fidanl\u0131k dikim makinesi<\/figcaption><\/figure> <\/figure>    <h2 class=\"wp-block-heading\">Fidanl\u0131k etkisi g\u00f6sterimi<\/h2>    <p>All over the world, many customers have achieved remarkable nursery results with our nursery machines. We have received a large number of positive feedback from our customers, and their success stories fully demonstrate the efficient performance and excellent quality of our seedling breeders. Below are some of our customers&#8217; actual results after using our seedling nurseries:<\/p>    <figure class=\"wp-block-gallery has-nested-images columns-2 is-cropped wp-block-gallery-6 is-layout-flex wp-block-gallery-is-layout-flex\"> <figure class=\"wp-block-image size-large\"><img loading=\"lazy\" decoding=\"async\" width=\"720\" height=\"540\" data-id=\"16045\" src=\"https:\/\/www.agriculture-machine.com\/wp-content\/uploads\/2020\/07\/nursery-seeder-use-effect.webp\" alt=\"fidanl\u0131k seeder kullan\u0131m etkisi\" class=\"wp-image-16045\" srcset=\"https:\/\/www.agriculture-machine.com\/wp-content\/uploads\/2020\/07\/nursery-seeder-use-effect.webp 720w, https:\/\/www.agriculture-machine.com\/wp-content\/uploads\/2020\/07\/nursery-seeder-use-effect-360x270.webp 360w, https:\/\/www.agriculture-machine.com\/wp-content\/uploads\/2020\/07\/nursery-seeder-use-effect-240x180.webp 240w, https:\/\/www.agriculture-machine.com\/wp-content\/uploads\/2020\/07\/nursery-seeder-use-effect-16x12.webp 16w\" sizes=\"auto, (max-width: 720px) 100vw, 720px\" \/><figcaption class=\"wp-element-caption\">fidanl\u0131k seeder kullan\u0131m etkisi<\/figcaption><\/figure>    <figure class=\"wp-block-image size-large\"><img loading=\"lazy\" decoding=\"async\" width=\"720\" height=\"540\" data-id=\"16046\" src=\"https:\/\/www.agriculture-machine.com\/wp-content\/uploads\/2020\/07\/seedling-machine-customer-feedback.webp\" alt=\"fidanl\u0131k makinesi m\u00fc\u015fteri geri bildirimi\" class=\"wp-image-16046\" srcset=\"https:\/\/www.agriculture-machine.com\/wp-content\/uploads\/2020\/07\/seedling-machine-customer-feedback.webp 720w, https:\/\/www.agriculture-machine.com\/wp-content\/uploads\/2020\/07\/seedling-machine-customer-feedback-360x270.webp 360w, https:\/\/www.agriculture-machine.com\/wp-content\/uploads\/2020\/07\/seedling-machine-customer-feedback-240x180.webp 240w, https:\/\/www.agriculture-machine.com\/wp-content\/uploads\/2020\/07\/seedling-machine-customer-feedback-16x12.webp 16w\" sizes=\"auto, (max-width: 720px) 100vw, 720px\" \/><figcaption class=\"wp-element-caption\">fidanl\u0131k makinesi m\u00fc\u015fteri geri bildirimi<\/figcaption><\/figure>    <figure class=\"wp-block-image size-large\"><img loading=\"lazy\" decoding=\"async\" width=\"405\" height=\"540\" data-id=\"16044\" src=\"https:\/\/www.agriculture-machine.com\/wp-content\/uploads\/2020\/07\/automatic-nursery-tray-seeding-machine-feedback-405x540.webp\" alt=\"otomatik fidanl\u0131k tepsisi ekim makinesi geri bildirimi\" class=\"wp-image-16044\" srcset=\"https:\/\/www.agriculture-machine.com\/wp-content\/uploads\/2020\/07\/automatic-nursery-tray-seeding-machine-feedback-405x540.webp 405w, https:\/\/www.agriculture-machine.com\/wp-content\/uploads\/2020\/07\/automatic-nursery-tray-seeding-machine-feedback-203x270.webp 203w, https:\/\/www.agriculture-machine.com\/wp-content\/uploads\/2020\/07\/automatic-nursery-tray-seeding-machine-feedback-9x12.webp 9w, https:\/\/www.agriculture-machine.com\/wp-content\/uploads\/2020\/07\/automatic-nursery-tray-seeding-machine-feedback.webp 540w\" sizes=\"auto, (max-width: 405px) 100vw, 405px\" \/><figcaption class=\"wp-element-caption\">otomatik fidanl\u0131k tepsisi ekim makinesi geri bildirimi<\/figcaption><\/figure>    <figure class=\"wp-block-image size-large\"><img loading=\"lazy\" decoding=\"async\" width=\"405\" height=\"540\" data-id=\"16047\" src=\"https:\/\/www.agriculture-machine.com\/wp-content\/uploads\/2020\/07\/vegetable-seedlings-machine-405x540.webp\" alt=\"sebze fidanlar\u0131 makinesi\" class=\"wp-image-16047\" srcset=\"https:\/\/www.agriculture-machine.com\/wp-content\/uploads\/2020\/07\/vegetable-seedlings-machine-405x540.webp 405w, https:\/\/www.agriculture-machine.com\/wp-content\/uploads\/2020\/07\/vegetable-seedlings-machine-203x270.webp 203w, https:\/\/www.agriculture-machine.com\/wp-content\/uploads\/2020\/07\/vegetable-seedlings-machine-9x12.webp 9w, https:\/\/www.agriculture-machine.com\/wp-content\/uploads\/2020\/07\/vegetable-seedlings-machine.webp 540w\" sizes=\"auto, (max-width: 405px) 100vw, 405px\" \/><figcaption class=\"wp-element-caption\">sebze fidanlar\u0131 makinesi<\/figcaption><\/figure> <\/figure>    <p class=\"translation-block\">\u015eirketimiz ayr\u0131ca, \u00f6zelle\u015ftirme ve se\u00e7im i\u00e7in di\u011fer tiplerde fidanl\u0131k makineleri de \u00fcretmektedir. Daha fazla bilgi i\u00e7in t\u0131klayabilirsiniz: <strong><em><a href=\"https:\/\/www.agriculture-machine.com\/tr\/nursery-seeding-machine-seeder-machine-vegetable-seeder-machine\/\">Fidanl\u0131k Ekim Makinesi | Ekim Makinesi | Sebze Ekim Makinesi<\/a><\/em><\/strong>, l\u00fctfen bizimle ileti\u015fime ge\u00e7mekten \u00e7ekinmeyin.<\/p>","protected":false},"excerpt":{"rendered":"<p>Fidanl\u0131k tohumlama makinesi, \u00e7e\u015fitli sebze ve \u00e7i\u00e7ek tohumlar\u0131n\u0131 fi\u015fek tepsisine dikebilir. Ayn\u0131 zamanda farkl\u0131 fonksiyonlar\u0131 tek seferde tamamlar. Bu makale, \u00e7ok satan otomatik fidanl\u0131k makineleri hakk\u0131ndad\u0131r. <\/p>","protected":false},"author":1,"featured_media":13595,"parent":0,"comment_status":"closed","ping_status":"closed","template":"","tags":[2618,2607],"product-type":[915],"class_list":["post-7114","product","type-product","status-publish","has-post-thumbnail","hentry","tag-hemp","tag-nursery","product-type-nursery-seedlings-machine"],"_links":{"self":[{"href":"https:\/\/www.agriculture-machine.com\/tr\/wp-json\/wp\/v2\/product\/7114","targetHints":{"allow":["GET"]}}],"collection":[{"href":"https:\/\/www.agriculture-machine.com\/tr\/wp-json\/wp\/v2\/product"}],"about":[{"href":"https:\/\/www.agriculture-machine.com\/tr\/wp-json\/wp\/v2\/types\/product"}],"author":[{"embeddable":true,"href":"https:\/\/www.agriculture-machine.com\/tr\/wp-json\/wp\/v2\/users\/1"}],"replies":[{"embeddable":true,"href":"https:\/\/www.agriculture-machine.com\/tr\/wp-json\/wp\/v2\/comments?post=7114"}],"wp:featuredmedia":[{"embeddable":true,"href":"https:\/\/www.agriculture-machine.com\/tr\/wp-json\/wp\/v2\/media\/13595"}],"wp:attachment":[{"href":"https:\/\/www.agriculture-machine.com\/tr\/wp-json\/wp\/v2\/media?parent=7114"}],"wp:term":[{"taxonomy":"post_tag","embeddable":true,"href":"https:\/\/www.agriculture-machine.com\/tr\/wp-json\/wp\/v2\/tags?post=7114"},{"taxonomy":"product-type","embeddable":true,"href":"https:\/\/www.agriculture-machine.com\/tr\/wp-json\/wp\/v2\/product-type?post=7114"}],"curies":[{"name":"wp","href":"https:\/\/api.w.org\/{rel}","templated":true}]}}