{"id":7676,"date":"2020-09-17T18:12:42","date_gmt":"2020-09-17T10:12:42","guid":{"rendered":"https:\/\/www.agriculture-machine.com\/?p=7676"},"modified":"2024-09-18T16:13:40","modified_gmt":"2024-09-18T08:13:40","slug":"sprinkler-irrigation","status":"publish","type":"product","link":"https:\/\/www.agriculture-machine.com\/tr\/sprinkler-irrigation\/","title":{"rendered":"P\u00fcsk\u00fcrtme Sulama makinesi | Sulama Sistemi | P\u00fcsk\u00fcrt\u00fcc\u00fc"},"content":{"rendered":"<p>P\u00fcsk\u00fcrtme sulama makinesi, sulama suyunu p\u00fcsk\u00fcrtmek i\u00e7in kullan\u0131lan ekipman\u0131 ifade eder. B\u00fct\u00fcn p\u00fcsk\u00fcrtme sistemi genellikle bir su pompa \u00fcnitesi, boru hatt\u0131, p\u00fcsk\u00fcrtme ba\u015fl\u0131\u011f\u0131 ve y\u00fcr\u00fcy\u00fc\u015f \u00e7er\u00e7evesinden olu\u015fur. P\u00fcsk\u00fcrtme sulama ekipmanlar\u0131, nozilden hava yoluyla \u00f6zel bir makine ve ekipman ile suyu belirli bir bas\u0131n\u00e7la havaya p\u00fcsk\u00fcrt\u00fcr ve daha sonra ince damlac\u0131klar halinde da\u011f\u0131l\u0131r, tarlaya ya\u011fmur gibi e\u015fit bir \u015fekilde p\u00fcsk\u00fcrt\u00fcl\u00fcr, bitkiler, \u00e7i\u00e7ekler, fideler ve di\u011fer bitkiler i\u00e7in yeterli su sa\u011flar. Bu t\u00fcr p\u00fcsk\u00fcrtme do\u011fal olarak sulama yapar. Bas\u0131n\u00e7 art\u0131r\u0131c\u0131, su iletimi, su p\u00fcsk\u00fcrtme ba\u015fl\u0131\u011f\u0131, y\u00fcr\u00fcy\u00fc\u015f ve di\u011fer cihazlar\u0131 hareketli bir b\u00fct\u00fcn haline getirir ve buna p\u00fcsk\u00fcrtme sulama makinesi denir.<\/p>    <h2 class=\"wp-block-heading\">P\u00fcsk\u00fcrtme Sistemi \u00c7e\u015fitleri<\/h2>    <p>P\u00fcsk\u00fcrtme sulama makinelerinin bir\u00e7ok t\u00fcr\u00fc vard\u0131r ve birim tipi p\u00fcsk\u00fcrtme sulama sistemi iki t\u00fcre ayr\u0131l\u0131r: sabit p\u00fcsk\u00fcrtme \u00fcnitesi ve mobil p\u00fcsk\u00fcrtme \u00fcnitesi.<\/p>    <p>Sabit p\u00fcsk\u00fcrtme \u00fcnitesi, el kuvvetiyle itilen (kald\u0131r\u0131lan) p\u00fcsk\u00fcrtme ba\u015fl\u0131\u011f\u0131, trakt\u00f6r \u00fczerinde p\u00fcsk\u00fcrtme ba\u015fl\u0131\u011f\u0131, trakt\u00f6rle \u00e7eki\u015fli p\u00fcsk\u00fcrtme ba\u015fl\u0131\u011f\u0131 i\u00e7erir. <span style=\"color: #000000;\">daire bir sulama sistemi<\/span>, ve bir trakt\u00f6r \u00e7ift dayanakl\u0131 p\u00fcsk\u00fcrtme ba\u015fl\u0131\u011f\u0131.<\/p>    <p>Mobil p\u00fcsk\u00fcrtme \u00fcnitesi, merkezi d\u00f6ner p\u00fcsk\u00fcrt\u00fcc\u00fc, translasyonel p\u00fcsk\u00fcrt\u00fcc\u00fc ve makaral\u0131 p\u00fcsk\u00fcrt\u00fcc\u00fc i\u00e7erir. Bunlardan makaral\u0131 tip iki t\u00fcre sahiptir: tel halatl\u0131 \u00e7eki\u015f makaral\u0131 p\u00fcsk\u00fcrtme sulama makinesi ve hortum \u00e7eki\u015fli makaral\u0131 p\u00fcsk\u00fcrtme sulama makinesi.<\/p>    <p class=\"translation-block\">JP serisi <strong>rulo p\u00fcsk\u00fcrtme sulama makinesi<\/strong>, PE borusunu makaraya saran, p\u00fcsk\u00fcrtme bas\u0131nc\u0131n\u0131 su t\u00fcrbinini d\u00f6nd\u00fcrmek i\u00e7in kullanan, devir h\u0131z ayarl\u0131 cihazla makaray\u0131 d\u00f6nd\u00fcr\u00fcp p\u00fcsk\u00fcrtme arabas\u0131n\u0131 otomatik hareket ettirerek p\u00fcsk\u00fcrtme yapar. JP serisi rulo p\u00fcsk\u00fcrtme sulama makinesi sadece geni\u015f tarla sulamakla kalmaz, ayr\u0131ca p\u00fcsk\u00fcrtme su hacmini p\u00fcsk\u00fcrtme suyunun boyutuna g\u00f6re kontrol edebilir, b\u00f6ylece farkl\u0131 sulama suyu hacmi gereksinimlerini kar\u015f\u0131lar. Tarla su tasarruflu sulama i\u00e7in en iyi tercihtir.<\/p>    <figure class=\"wp-block-image alignnone size-full wp-image-8700\"><img loading=\"lazy\" decoding=\"async\" width=\"720\" height=\"540\" src=\"https:\/\/www.agriculture-machine.com\/wp-content\/uploads\/2020\/09\/reel-irrigation-system.jpg\" alt=\"rulo-sulama-sistemi\" class=\"wp-image-8700\" srcset=\"https:\/\/www.agriculture-machine.com\/wp-content\/uploads\/2020\/09\/reel-irrigation-system.jpg 720w, https:\/\/www.agriculture-machine.com\/wp-content\/uploads\/2020\/09\/reel-irrigation-system-360x270.jpg 360w, https:\/\/www.agriculture-machine.com\/wp-content\/uploads\/2020\/09\/reel-irrigation-system-240x180.jpg 240w\" sizes=\"auto, (max-width: 720px) 100vw, 720px\" \/><figcaption class=\"wp-element-caption\">rulo-sulama-sistemi<\/figcaption><\/figure>    <p class=\"translation-block\">Bir makaral\u0131 p\u00fcsk\u00fcrtme sisteminin genel i\u015flevlerinin yan\u0131 s\u0131ra, <strong>yatay \u00e7er\u00e7eveli makaral\u0131 p\u00fcsk\u00fcrtme sistemi<\/strong> \u015fu benzersiz \u00f6zelliklere sahiptir: d\u00fc\u015f\u00fck \u00e7al\u0131\u015fma bas\u0131nc\u0131, enerji tasarrufu, \u00e7ok say\u0131da nozul, k\u00fc\u00e7\u00fck su damlac\u0131klar\u0131 ve y\u00fcksek su da\u011f\u0131t\u0131m e\u015fitli\u011fi. Bitkiler ve toprak \u00fczerindeki etkisi k\u00fc\u00e7\u00fckt\u00fcr; r\u00fczgardan daha az etkilenir. Saha \u00fczerinde kurulabilir ve s\u00f6k\u00fclebilir.<\/p>    <figure class=\"wp-block-embed is-type-video is-provider-youtube wp-block-embed-youtube wp-embed-aspect-16-9 wp-has-aspect-ratio\"><div class=\"wp-block-embed__wrapper\"> <iframe loading=\"lazy\" title=\"yatay \u00e7er\u00e7eveli makaral\u0131 p\u00fcsk\u00fcrtme\/makaral\u0131 p\u00fcsk\u00fcrtme makinesi\/sulama sistemi\" width=\"500\" height=\"281\" src=\"https:\/\/www.youtube.com\/embed\/_rTfLXyjg-0?feature=oembed\" frameborder=\"0\" allow=\"accelerometer; autoplay; clipboard-write; encrypted-media; gyroscope; picture-in-picture; web-share\" referrerpolicy=\"strict-origin-when-cross-origin\" allowfullscreen><\/iframe> <\/div><\/figure>    <p class=\"translation-block\">Yukar\u0131da bahsedilen <strong>p\u00fcsk\u00fcrtme sulama makinelerinin<\/strong>, el-itme tip ve el-kald\u0131rma tipleri k\u00fc\u00e7\u00fck \u00fcniteler olup, yap\u0131s\u0131 basit, k\u00fc\u00e7\u00fck boyutlu, kullan\u0131m\u0131 esnek ve fiyat\u0131 d\u00fc\u015f\u00fck oldu\u011fundan \u00e7e\u015fitli \u00fclkelerdeki alan sulama alan\u0131nda en yayg\u0131n kullan\u0131lan modellerdir. Yo\u011fun tar\u0131m \u00fcretiminin geli\u015fmesiyle i\u015f\u00e7ilik veriminin art\u0131r\u0131lmas\u0131 gerekmekte; bu nedenle \u00e7e\u015fitli b\u00fcy\u00fck ve orta \u00f6l\u00e7ekli p\u00fcsk\u00fcrtme makineleri geni\u015f kullan\u0131m potansiyeline sahip olacakt\u0131r.<\/p>    <h2 class=\"wp-block-heading\">Sulama Sistemi Uygulamas\u0131<\/h2>    <p>\u00c7e\u015fitli tipte p\u00fcsk\u00fcrtme sulama makineleri, geni\u015f, orta ve k\u00fc\u00e7\u00fck tarla sulamas\u0131nda uygulanabilir; bah\u00e7e p\u00fcsk\u00fcrtmesi, (\u00e7im p\u00fcsk\u00fcrtmesi) kentsel ye\u015fillendirme, meyve ve sebzeler, \u00e7ay plantasyonu, otlak, t\u00fct\u00fcn, \u015feker kam\u0131\u015f\u0131 ve enerji santralleri, limanlar, in\u015faat sahalar\u0131, k\u00f6m\u00fcr madenleri, enerji santrali sis \u00f6nleme ve di\u011fer alanlarda kullan\u0131m i\u00e7in uygundur.<\/p>    <h2 class=\"wp-block-heading\">Let&#8217;s Know about the More Reel Sprinkler System<\/h2>    <p>Rulolu tip p\u00fcsk\u00fcrtme sulama makineleri modelleri tamamd\u0131r; b\u00fcy\u00fck rulolu p\u00fcsk\u00fcrtme sulama makinesi, orta rulolu p\u00fcsk\u00fcrtme sulama makinesi, hafif rulolu p\u00fcsk\u00fcrtme sulama makinesi, mini rulolu p\u00fcsk\u00fcrtme sulama makinesi vb. bulundururuz. Ayr\u0131ca m\u00fc\u015fteri ihtiya\u00e7lar\u0131na g\u00f6re \u00f6zelle\u015ftirme yapaca\u011f\u0131z.<\/p>    <figure class=\"wp-block-image alignnone size-full wp-image-7678\"><img loading=\"lazy\" decoding=\"async\" width=\"720\" height=\"540\" src=\"https:\/\/www.agriculture-machine.com\/wp-content\/uploads\/2020\/09\/All-Kinds-of-Sprinkler.jpg\" alt=\"T\u00fcm T\u00fcr Sprinkler\" class=\"wp-image-7678\" srcset=\"https:\/\/www.agriculture-machine.com\/wp-content\/uploads\/2020\/09\/All-Kinds-of-Sprinkler.jpg 720w, https:\/\/www.agriculture-machine.com\/wp-content\/uploads\/2020\/09\/All-Kinds-of-Sprinkler-360x270.jpg 360w, https:\/\/www.agriculture-machine.com\/wp-content\/uploads\/2020\/09\/All-Kinds-of-Sprinkler-240x180.jpg 240w\" sizes=\"auto, (max-width: 720px) 100vw, 720px\" \/><figcaption class=\"wp-element-caption\">T\u00fcm T\u00fcr Sprinkler<\/figcaption><\/figure>    <h3 class=\"wp-block-heading\">\u00c7al\u0131\u015ft\u0131rma Modu<\/h3>    <p>Su t\u00fcrbini tahriki, hidrolik tahrik, elektrikli tahrik, i\u00e7ten yanmal\u0131 motor tahriki.<\/p>    <figure class=\"wp-block-image alignnone size-full wp-image-7682\"><img loading=\"lazy\" decoding=\"async\" width=\"720\" height=\"540\" src=\"https:\/\/www.agriculture-machine.com\/wp-content\/uploads\/2020\/09\/Water-Turbine-and-Gearbox.jpg\" alt=\"Su T\u00fcrbini ve Di\u015fli Kutusu\" class=\"wp-image-7682\" srcset=\"https:\/\/www.agriculture-machine.com\/wp-content\/uploads\/2020\/09\/Water-Turbine-and-Gearbox.jpg 720w, https:\/\/www.agriculture-machine.com\/wp-content\/uploads\/2020\/09\/Water-Turbine-and-Gearbox-360x270.jpg 360w, https:\/\/www.agriculture-machine.com\/wp-content\/uploads\/2020\/09\/Water-Turbine-and-Gearbox-240x180.jpg 240w\" sizes=\"auto, (max-width: 720px) 100vw, 720px\" \/><figcaption class=\"wp-element-caption\">Su T\u00fcrbini ve Di\u015fli Kutusu<\/figcaption><\/figure>    <h3 class=\"wp-block-heading\">P\u00fcsk\u00fcrtme Y\u00f6ntemi<\/h3>    <p>Tek kap\u0131l\u0131 p\u00fcsk\u00fcrtme, \u00e7ift kap\u0131l\u0131 p\u00fcsk\u00fcrtme, alev p\u00fcsk\u00fcrtme.<\/p>    <figure class=\"wp-block-image alignnone size-full wp-image-7683\"><img loading=\"lazy\" decoding=\"async\" width=\"2560\" height=\"1920\" src=\"https:\/\/www.agriculture-machine.com\/wp-content\/uploads\/2020\/09\/gun-spray.png\" alt=\"tabanca p\u00fcsk\u00fcrtme\" class=\"wp-image-7683\" srcset=\"https:\/\/www.agriculture-machine.com\/wp-content\/uploads\/2020\/09\/gun-spray.png 2560w, https:\/\/www.agriculture-machine.com\/wp-content\/uploads\/2020\/09\/gun-spray-360x270.png 360w, https:\/\/www.agriculture-machine.com\/wp-content\/uploads\/2020\/09\/gun-spray-720x540.png 720w, https:\/\/www.agriculture-machine.com\/wp-content\/uploads\/2020\/09\/gun-spray-240x180.png 240w, https:\/\/www.agriculture-machine.com\/wp-content\/uploads\/2020\/09\/gun-spray-768x576.png 768w, https:\/\/www.agriculture-machine.com\/wp-content\/uploads\/2020\/09\/gun-spray-1536x1152.png 1536w, https:\/\/www.agriculture-machine.com\/wp-content\/uploads\/2020\/09\/gun-spray-2048x1536.png 2048w\" sizes=\"auto, (max-width: 2560px) 100vw, 2560px\" \/><figcaption class=\"wp-element-caption\">tabanca p\u00fcsk\u00fcrtme<\/figcaption><\/figure>    <h3 class=\"wp-block-heading\">Par\u00e7a Yap\u0131land\u0131rmas\u0131<\/h3>    <p class=\"translation-block\"><strong>p\u00fcsk\u00fcrtme borusu:<\/strong> \u00e7evre dostu ve sa\u011fl\u0131kl\u0131 HDPE boru malzemesi ve polietilen re\u00e7inesi malzemesi kullan\u0131r. \u00dcr\u00fcn, iyi kayna\u011fa uygunluk ve \u00e7evresel gerilme \u00e7atlamas\u0131na kar\u015f\u0131 diren\u00e7 sa\u011flar. Performans\u0131 uluslararas\u0131 standartlara ula\u015fm\u0131\u015ft\u0131r.<\/p>    <figure class=\"wp-block-image alignnone wp-image-7680 size-full\"><img loading=\"lazy\" decoding=\"async\" width=\"720\" height=\"540\" src=\"https:\/\/www.agriculture-machine.com\/wp-content\/uploads\/2020\/09\/Water-Pipe.jpg\" alt=\"p\u00fcsk\u00fcrtme borusu\" class=\"wp-image-7680\" srcset=\"https:\/\/www.agriculture-machine.com\/wp-content\/uploads\/2020\/09\/Water-Pipe.jpg 720w, https:\/\/www.agriculture-machine.com\/wp-content\/uploads\/2020\/09\/Water-Pipe-360x270.jpg 360w, https:\/\/www.agriculture-machine.com\/wp-content\/uploads\/2020\/09\/Water-Pipe-240x180.jpg 240w\" sizes=\"auto, (max-width: 720px) 100vw, 720px\" \/><figcaption class=\"wp-element-caption\">p\u00fcsk\u00fcrtme borusu<\/figcaption><\/figure>    <p class=\"translation-block\"><strong>jenerat\u00f6r seti serisi:<\/strong> Dizel jenerat\u00f6r seti dizel motorlar ve jenerat\u00f6rlerden olu\u015fur. G\u00fcvenilir kalite, kullan\u0131m\u0131 kolay ve bak\u0131m\u0131 kolayd\u0131r. Jenerat\u00f6r setlerinde tam 20 tipe kadar \u00e7e\u015fit vard\u0131r ve ihtiya\u00e7lar\u0131n\u0131z\u0131 kesin kar\u015f\u0131lar.<\/p>    <figure class=\"wp-block-image alignnone wp-image-7679 size-full\"><img loading=\"lazy\" decoding=\"async\" width=\"720\" height=\"540\" src=\"https:\/\/www.agriculture-machine.com\/wp-content\/uploads\/2020\/09\/diesel-engine.jpg\" alt=\"jenerat\u00f6r seti serisi\" class=\"wp-image-7679\" srcset=\"https:\/\/www.agriculture-machine.com\/wp-content\/uploads\/2020\/09\/diesel-engine.jpg 720w, https:\/\/www.agriculture-machine.com\/wp-content\/uploads\/2020\/09\/diesel-engine-360x270.jpg 360w, https:\/\/www.agriculture-machine.com\/wp-content\/uploads\/2020\/09\/diesel-engine-240x180.jpg 240w\" sizes=\"auto, (max-width: 720px) 100vw, 720px\" \/><figcaption class=\"wp-element-caption\">jenerat\u00f6r seti serisi<\/figcaption><\/figure>    <p class=\"translation-block\"><strong>dalga pompas\u0131 serisi:<\/strong> dalg\u0131\u00e7 pompa, bir dikey motor ile bir su pompas\u0131n\u0131n do\u011frudan ba\u011fl\u0131 oldu\u011fu bir su y\u00fckseltme ekipman\u0131d\u0131r. \u00c7al\u0131\u015f\u0131rken tamamen suya dald\u0131r\u0131lm\u0131\u015ft\u0131r ve \u00e7al\u0131\u015fma modu s\u00fcrekli \u00e7al\u0131\u015fmad\u0131r. Su pompas\u0131 boyut olarak k\u00fc\u00e7\u00fckt\u00fcr, hafiftir, yap\u0131s\u0131 basit ve kompaktd\u0131r. Kurulumu ve kullan\u0131m\u0131 kolayd\u0131r, uyum yetene\u011fi y\u00fcksektir. Enerji tasarruflu, y\u00fcksek verimli ve daha geli\u015fmi\u015f bir \u00fcr\u00fcn olup geli\u015fmi\u015f performans g\u00f6stergelerine sahiptir. Su \u00e7\u0131k\u0131\u015f\u0131n\u0131z\u0131n \u00e7ap\u0131na g\u00f6re sizin i\u00e7in dalg\u0131\u00e7 pompas\u0131n\u0131 da \u00f6zelle\u015ftirebiliriz.<\/p>    <figure class=\"wp-block-image alignnone size-full wp-image-7681\"><img loading=\"lazy\" decoding=\"async\" width=\"720\" height=\"540\" src=\"https:\/\/www.agriculture-machine.com\/wp-content\/uploads\/2020\/09\/submersible-pump.jpg\" alt=\"dalg\u0131\u00e7 pompa\" class=\"wp-image-7681\" srcset=\"https:\/\/www.agriculture-machine.com\/wp-content\/uploads\/2020\/09\/submersible-pump.jpg 720w, https:\/\/www.agriculture-machine.com\/wp-content\/uploads\/2020\/09\/submersible-pump-360x270.jpg 360w, https:\/\/www.agriculture-machine.com\/wp-content\/uploads\/2020\/09\/submersible-pump-240x180.jpg 240w\" sizes=\"auto, (max-width: 720px) 100vw, 720px\" \/><figcaption class=\"wp-element-caption\">dalg\u0131\u00e7 pompa<\/figcaption><\/figure>    <p class=\"translation-block\"><strong>p\u00fcsk\u00fcrtme valfi<\/strong><\/p>    <figure class=\"wp-block-image alignnone size-full wp-image-7684\"><img loading=\"lazy\" decoding=\"async\" width=\"380\" height=\"380\" src=\"https:\/\/www.agriculture-machine.com\/wp-content\/uploads\/2020\/09\/sprinkler-valve.jpg\" alt=\"p\u00fcsk\u00fcrtme valfi\" class=\"wp-image-7684\" srcset=\"https:\/\/www.agriculture-machine.com\/wp-content\/uploads\/2020\/09\/sprinkler-valve.jpg 380w, https:\/\/www.agriculture-machine.com\/wp-content\/uploads\/2020\/09\/sprinkler-valve-270x270.jpg 270w\" sizes=\"auto, (max-width: 380px) 100vw, 380px\" \/><figcaption class=\"wp-element-caption\">p\u00fcsk\u00fcrtme valfi<\/figcaption><\/figure>    <h3 class=\"wp-block-heading\"><a href=\"https:\/\/www.agriculture-machine.com\/tr\/reel-sprinkler-irrigation-makes-crops-grow-greener\/\">Makaral\u0131 P\u00fcsk\u00fcrtmenin Avantajlar\u0131 Nelerdir<\/a><\/h3>    <p class=\"translation-block\"><strong>Su Tasarrufu:<\/strong> P\u00fcsk\u00fcrtme sulama, p\u00fcsk\u00fcrt\u00fclen su miktar\u0131n\u0131 ve sulama suyunun e\u015fitli\u011fini kontrol edebilir; yer y\u00fczeyinde akma ve derin s\u0131zd\u0131rma kay\u0131plar\u0131n\u0131 \u00f6nler.<\/p>    <p class=\"translation-block\"><strong>\u00dcretimi Art\u0131rma:<\/strong> P\u00fcsk\u00fcrtme sulama, bitkiler i\u00e7in y\u00fczeysel sulama i\u00e7in k\u00fc\u00e7\u00fck bir sulama kotas\u0131 kullanabilir; toprak neminin s\u0131k\u0131 kontrol\u00fc i\u00e7in topra\u011f\u0131 gev\u015fetir. Bu, bir\u00e7ok bo\u015fluk olu\u015fturur, iyi havaland\u0131rma ko\u015fullar\u0131 sa\u011flar ve besin maddelerinin ayr\u0131\u015fmas\u0131n\u0131 te\u015fvik eder.<\/p>    <p class=\"translation-block\"><strong>Zaman ve \u0130\u015f\u00e7ilik Tasarrufu:<\/strong> P\u00fcsk\u00fcrtme sulama, tarladaki su iletme kanallar\u0131n\u0131 ortadan kald\u0131r\u0131r ve yabanc\u0131 otlar\u0131n b\u00fcy\u00fcmesini azalt\u0131r. Kimyasal g\u00fcbreler ve pestisitlerin uygulanmas\u0131nda \u00e7ok miktarda i\u015f\u00e7ilikten tasarruf sa\u011flar.<\/p>    <h3 class=\"wp-block-heading\"><a href=\"https:\/\/www.agriculture-machine.com\/tr\/reel-sprinkler-irrigation-machine-and-mobile-sprinkler-irrigation\/\">Makaral\u0131 P\u00fcsk\u00fcrtme Uygulamas\u0131<\/a><\/h3>    <p>K\u00fc\u00e7\u00fck makaral\u0131 p\u00fcsk\u00fcrt\u00fcc\u00fcler, mera, tarla, parklar, spor sahalar\u0131, kentsel \u00e7im alanlar\u0131 ve fabrikalar\u0131n\/delenlerin\/d\u00f6k\u00fcm sahalar\u0131n\u0131n toz giderme i\u00e7in uygundur.<\/p>    <h4 class=\"wp-block-heading\">Destekleyici G\u00fc\u00e7<\/h4>    <p>G\u00fc\u00e7 olarak bir dalg\u0131\u00e7 elektrik pompas\u0131, santrif\u00fcj elektrik pompas\u0131 veya dizel su pompa \u00fcnitesi se\u00e7ilebilir.<\/p>    <h3 class=\"wp-block-heading\">P\u00fcsk\u00fcrtme Sulama Makinesinin Ayr\u0131nt\u0131lar\u0131 G\u00f6sterimi<\/h3>    <figure class=\"wp-block-image alignnone size-full wp-image-7706\"><img loading=\"lazy\" decoding=\"async\" width=\"720\" height=\"540\" src=\"https:\/\/www.agriculture-machine.com\/wp-content\/uploads\/2020\/09\/\u672a\u6807\u9898-1.jpg\" alt=\"Sulama ve drenaj makinesi\" class=\"wp-image-7706\" srcset=\"https:\/\/www.agriculture-machine.com\/wp-content\/uploads\/2020\/09\/\u672a\u6807\u9898-1.jpg 720w, https:\/\/www.agriculture-machine.com\/wp-content\/uploads\/2020\/09\/\u672a\u6807\u9898-1-360x270.jpg 360w, https:\/\/www.agriculture-machine.com\/wp-content\/uploads\/2020\/09\/\u672a\u6807\u9898-1-240x180.jpg 240w\" sizes=\"auto, (max-width: 720px) 100vw, 720px\" \/><figcaption class=\"wp-element-caption\">Sulama ve drenaj makinesi<\/figcaption><\/figure>    <ol class=\"wp-block-list\"> <li>Makara 2. Desen plakas\u0131 3. PE boru 4. Makara s\u00fcr\u00fcc\u00fc zinciri 5. \u00d6n destek 6. \u015easi 7. D\u00f6ner destek konumland\u0131rma pimi 8. D\u00f6ner destek 9. Lastik aks\u0131 10. Giri\u015f borusu 13. Denge ask\u0131s\u0131 15. \u00e7ekme demiri 19. \u0130nd\u00fcksiyon \u00e7ubu\u011fu<\/li> <\/ol>    <h2 class=\"wp-block-heading\">P\u00fcsk\u00fcrtme Sulama ile Damlama Sulama Aras\u0131ndaki Fark Nedir?<\/h2>    <p class=\"translation-block\"><strong>P\u00fcsk\u00fcrtme sulama<\/strong>, sulama suyunu bas\u0131 alt\u0131nda p\u00fcsk\u00fcrtme ba\u015fl\u0131\u011f\u0131 ile havaya p\u00fcsk\u00fcrt\u00fcp ince damlac\u0131klar halinde yayarak topra\u011f\u0131n nem eksikli\u011fini gidermek i\u00e7in ya\u011fmur etkisi yarat\u0131r.<\/p>    <p>P\u00fcsk\u00fcrtme sulama, su tasarrufu, i\u015f\u00e7ilik tasarrufu, \u00fcr\u00fcn verimini art\u0131rma, arazi ve toprak kalitesine g\u00fc\u00e7l\u00fc uyum ve su iletopra\u011f\u0131n korunmas\u0131n\u0131 sa\u011flar. Sebzeler, \u00e7im alanlar ve bu\u011fday gibi bitkilerin sulanmas\u0131nda geni\u015f \u00e7apta kullan\u0131l\u0131r.<\/p>    <figure class=\"wp-block-image alignnone size-full wp-image-7709\"><img loading=\"lazy\" decoding=\"async\" width=\"720\" height=\"540\" src=\"https:\/\/www.agriculture-machine.com\/wp-content\/uploads\/2020\/09\/12.jpg\" alt=\"p\u00fcsk\u00fcrtme ba\u015fl\u0131\u011f\u0131\" class=\"wp-image-7709\" srcset=\"https:\/\/www.agriculture-machine.com\/wp-content\/uploads\/2020\/09\/12.jpg 720w, https:\/\/www.agriculture-machine.com\/wp-content\/uploads\/2020\/09\/12-360x270.jpg 360w, https:\/\/www.agriculture-machine.com\/wp-content\/uploads\/2020\/09\/12-240x180.jpg 240w\" sizes=\"auto, (max-width: 720px) 100vw, 720px\" \/><figcaption class=\"wp-element-caption\">p\u00fcsk\u00fcrtme ba\u015fl\u0131\u011f\u0131<\/figcaption><\/figure>    <p>Damlama sulama, bitkilerin k\u00f6klerine su ula\u015ft\u0131rmak i\u00e7in plastik borular kullanarak yerel sulama yapar. Damlama sulama, sera ve saha tar\u0131m\u0131 i\u00e7in yayg\u0131nd\u0131r. \u00d6zellikle sebzeler, meyveler, \u00e7i\u00e7ekler, fidanl\u0131klar, peyzaj ve di\u011fer bitkiler i\u00e7in uygundur. Su kaynaklar\u0131 ve i\u015f\u00e7ilik bak\u0131m\u0131ndan nispeten k\u0131t b\u00f6lgelerdeki sera alanlar\u0131, tarla tar\u0131m\u0131 sulama, bah\u00e7e meyve a\u011fac\u0131 ye\u015fil sulama ve di\u011fer durumlar i\u00e7in damla sulama \u00e7ok uygun durumlar aras\u0131ndad\u0131r.<\/p>    <figure class=\"wp-block-image alignnone size-full wp-image-7711\"><img loading=\"lazy\" decoding=\"async\" width=\"720\" height=\"540\" src=\"https:\/\/www.agriculture-machine.com\/wp-content\/uploads\/2020\/09\/24.jpg\" alt=\"Damlama sulama\" class=\"wp-image-7711\" srcset=\"https:\/\/www.agriculture-machine.com\/wp-content\/uploads\/2020\/09\/24.jpg 720w, https:\/\/www.agriculture-machine.com\/wp-content\/uploads\/2020\/09\/24-360x270.jpg 360w, https:\/\/www.agriculture-machine.com\/wp-content\/uploads\/2020\/09\/24-240x180.jpg 240w\" sizes=\"auto, (max-width: 720px) 100vw, 720px\" \/><figcaption class=\"wp-element-caption\">Damlama sulama<\/figcaption><\/figure>","protected":false},"excerpt":{"rendered":"<p>Sprinkler irrigation machine refers to the equipment used to spray irrigation water. The whole sprinkler system generally includes a water pump unit, pipeline, sprinkler, and walking frame. The sprinkler irrigation equipment sprays water with a certain pressure into the air through a special machine and equipment from the nozzle and then disperses into fine droplets, [&hellip;]<\/p>\n","protected":false},"author":1,"featured_media":7717,"parent":0,"comment_status":"closed","ping_status":"closed","template":"","tags":[811],"product-type":[880],"class_list":["post-7676","product","type-product","status-publish","has-post-thumbnail","hentry","tag-irrigator","product-type-irrigation-system"],"_links":{"self":[{"href":"https:\/\/www.agriculture-machine.com\/tr\/wp-json\/wp\/v2\/product\/7676","targetHints":{"allow":["GET"]}}],"collection":[{"href":"https:\/\/www.agriculture-machine.com\/tr\/wp-json\/wp\/v2\/product"}],"about":[{"href":"https:\/\/www.agriculture-machine.com\/tr\/wp-json\/wp\/v2\/types\/product"}],"author":[{"embeddable":true,"href":"https:\/\/www.agriculture-machine.com\/tr\/wp-json\/wp\/v2\/users\/1"}],"replies":[{"embeddable":true,"href":"https:\/\/www.agriculture-machine.com\/tr\/wp-json\/wp\/v2\/comments?post=7676"}],"wp:featuredmedia":[{"embeddable":true,"href":"https:\/\/www.agriculture-machine.com\/tr\/wp-json\/wp\/v2\/media\/7717"}],"wp:attachment":[{"href":"https:\/\/www.agriculture-machine.com\/tr\/wp-json\/wp\/v2\/media?parent=7676"}],"wp:term":[{"taxonomy":"post_tag","embeddable":true,"href":"https:\/\/www.agriculture-machine.com\/tr\/wp-json\/wp\/v2\/tags?post=7676"},{"taxonomy":"product-type","embeddable":true,"href":"https:\/\/www.agriculture-machine.com\/tr\/wp-json\/wp\/v2\/product-type?post=7676"}],"curies":[{"name":"wp","href":"https:\/\/api.w.org\/{rel}","templated":true}]}}