{"id":7979,"date":"2020-11-06T11:28:21","date_gmt":"2020-11-06T03:28:21","guid":{"rendered":"https:\/\/www.agriculture-machine.com\/?p=7979"},"modified":"2025-05-14T17:45:16","modified_gmt":"2025-05-14T09:45:16","slug":"sesame-seed-peeling-machine","status":"publish","type":"product","link":"https:\/\/www.agriculture-machine.com\/tr\/sesame-seed-peeling-machine\/","title":{"rendered":"Susam Soyma Makinesi\u4e28Otomatik Siyah Susam Dehuller"},"content":{"rendered":"<p>Susam kabuk soyma makinesi, \u0131slatma, kar\u0131\u015ft\u0131rma, soyma ve ay\u0131rma i\u015flemlerini entegre eden y\u00fcksek verimli bir ekipmand\u0131r ve g\u0131da i\u015fleme alan\u0131nda yayg\u0131n olarak kullan\u0131l\u0131r, \u00f6rne\u011fin siyah susam, beyaz susam vb. <\/p>    <p>With compact design and convenient operation, this equipment can ensure that the color of sesame seed particles is white and the integrity rate is over 95%. It can realize 80%-85% peeling rate, which is the ideal sesame processing equipment for food processing factories, fried food factories and so on.<\/p>    <figure class=\"wp-block-embed aligncenter is-type-video is-provider-youtube wp-block-embed-youtube wp-embed-aspect-16-9 wp-has-aspect-ratio\"><div class=\"wp-block-embed__wrapper\"> <iframe loading=\"lazy\" title=\"Otomatik Susam Y\u0131kama ve Soyma Makinesi Kolay Kullan\u0131m!#susam\" width=\"500\" height=\"281\" src=\"https:\/\/www.youtube.com\/embed\/-b8T08_WaI8?feature=oembed\" frameborder=\"0\" allow=\"accelerometer; autoplay; clipboard-write; encrypted-media; gyroscope; picture-in-picture; web-share\" referrerpolicy=\"strict-origin-when-cross-origin\" allowfullscreen><\/iframe> <\/div><figcaption class=\"wp-element-caption\">Susam kabuk soyma makinesi \u00e7al\u0131\u015fma videosu<\/figcaption><\/figure>    <h2 class=\"wp-block-heading\">Susam kabuk soyma makinesinin \u00f6ne \u00e7\u0131kan \u00f6zellikleri<\/h2>    <ul class=\"wp-block-list\"> <li>Dikey silindir tasar\u0131m\u0131, i\u00e7 bile\u015fik katmanl\u0131 yap\u0131 (soyma kutusu   temizlik kutusu), geleneksel ekipman\u0131n sadece 1\/3'\u00fc kadar alan kaplar.<\/li>    <li>Eksenel itme   radyal da\u011f\u0131t\u0131m   halka d\u00f6nme ile birle\u015fik kar\u0131\u015ft\u0131r\u0131c\u0131, i\u015fleme s\u0131ras\u0131nda susam\u0131n soyulmas\u0131 s\u0131ras\u0131nda kuvvetin e\u015fit da\u011f\u0131lmas\u0131n\u0131, geri kalan \u00f6l\u00fc u\u00e7lar\u0131n olmamas\u0131n\u0131 sa\u011flar, soyma oran\u0131 80% veya daha y\u00fcksekte kararl\u0131.<\/li>    <li>Entegre PLC kontrol paneli, 10-30 dakika aras\u0131nda \u0131slatma s\u00fcresi ve su ak\u0131\u015f g\u00fcc\u00fc gibi parametreler ayarlanabilir.<\/li>    <li>Tamamlanan susam \u00e7ekirde\u011fi beyaz ve parlakt\u0131r, susam ezmesi, susam ya\u011f\u0131, pi\u015firme malzemeleri ve di\u011fer y\u00fcksek katma de\u011ferli \u00fcr\u00fcnler i\u00e7in uygundur.<\/li>    <li>Dola\u015f\u0131m suyu filtrasyon sistemi ve negatif bas\u0131n\u00e7 toz giderme cihaz\u0131 ile donat\u0131lm\u0131\u015f, su t\u00fcketimi ` azalt\u0131l\u0131r, toz emisyonu \u2264 10mg\/m\u00b3.<\/li> <\/ul>    <figure class=\"wp-block-gallery has-nested-images columns-default is-cropped wp-block-gallery-2 is-layout-flex wp-block-gallery-is-layout-flex\"> <figure class=\"wp-block-image size-large\"><img loading=\"lazy\" decoding=\"async\" width=\"720\" height=\"540\" data-id=\"12942\" src=\"https:\/\/www.agriculture-machine.com\/wp-content\/uploads\/2022\/04\/seame-washing-and-peeling-machine-1.jpg\" alt=\"susam y\u0131kama ve soyma makinesi \" class=\"wp-image-12942\" title=\"susam y\u0131kama ve soyma makinesi \" srcset=\"https:\/\/www.agriculture-machine.com\/wp-content\/uploads\/2022\/04\/seame-washing-and-peeling-machine-1.jpg 720w, https:\/\/www.agriculture-machine.com\/wp-content\/uploads\/2022\/04\/seame-washing-and-peeling-machine-1-360x270.jpg 360w, https:\/\/www.agriculture-machine.com\/wp-content\/uploads\/2022\/04\/seame-washing-and-peeling-machine-1-240x180.jpg 240w\" sizes=\"auto, (max-width: 720px) 100vw, 720px\" \/><figcaption class=\"wp-element-caption\">susam y\u0131kama ve soyma makinesi <\/figcaption><\/figure>    <figure class=\"wp-block-image size-large\"><img loading=\"lazy\" decoding=\"async\" width=\"720\" height=\"540\" data-id=\"12943\" src=\"https:\/\/www.agriculture-machine.com\/wp-content\/uploads\/2022\/04\/sesame-dehuller0.jpg\" alt=\"susam ay\u0131klama makinesi\" class=\"wp-image-12943\" title=\"susam ay\u0131klama makinesi\" srcset=\"https:\/\/www.agriculture-machine.com\/wp-content\/uploads\/2022\/04\/sesame-dehuller0.jpg 720w, https:\/\/www.agriculture-machine.com\/wp-content\/uploads\/2022\/04\/sesame-dehuller0-360x270.jpg 360w, https:\/\/www.agriculture-machine.com\/wp-content\/uploads\/2022\/04\/sesame-dehuller0-240x180.jpg 240w\" sizes=\"auto, (max-width: 720px) 100vw, 720px\" \/><figcaption class=\"wp-element-caption\">susam ay\u0131klama makinesi<\/figcaption><\/figure> <\/figure>    <h2 class=\"wp-block-heading\" id=\"h-what-is-the-working-principle-of-black-sesame-dehuller\">Siyah Susam Ay\u0131klama ve Soyma Makinesi Yap\u0131s\u0131 ve Prensibi<\/h2>    <ul class=\"wp-block-list\"> <li>D\u00fczenleyici: bile\u015fik kar\u0131\u015ft\u0131r\u0131c\u0131y\u0131 d\u00f6nd\u00fcrmek i\u00e7in.<\/li>    <li>\u00c7ift kar\u0131\u015ft\u0131r\u0131c\u0131 tambur: susam\u0131n \u0131slatma, kar\u0131\u015ft\u0131rma ve soyma i\u015flemini tamamlar.<\/li>    <li>Bile\u015fik kar\u0131\u015ft\u0131r\u0131c\u0131: eksenel, radyal ve dairesel d\u00f6n\u00fc\u015fler \u00fcretir, soyma verimlili\u011fini art\u0131r\u0131r.<\/li>    <li>Ay\u0131rma elek plakas\u0131: susam kabu\u011fu ve tohum \u00e7ekirde\u011finin ayr\u0131lmas\u0131n\u0131 sa\u011flar.<\/li>    <li>Giri\u015f ve \u00e7\u0131k\u0131\u015f: susam, kabuk ve suyun dola\u015f\u0131m\u0131n\u0131 ve bo\u015falt\u0131m\u0131n\u0131 kolayla\u015ft\u0131rmak i\u00e7in.<\/li>    <li>Su doldurma boru sistemi: \u0131slatma ve temizlik i\u015flemlerinde su miktar\u0131n\u0131 kontrol etmek i\u00e7in kullan\u0131l\u0131r.<\/li> <\/ul>    <figure class=\"wp-block-gallery has-nested-images columns-2 is-cropped wp-block-gallery-3 is-layout-flex wp-block-gallery-is-layout-flex\"> <figure class=\"wp-block-image size-large\"><img loading=\"lazy\" decoding=\"async\" width=\"720\" height=\"540\" data-id=\"12947\" src=\"https:\/\/www.agriculture-machine.com\/wp-content\/uploads\/2022\/04\/seame-washing-and-peeling-machine1-2.jpg\" alt=\"susam y\u0131kama ve soyma makinesi \" class=\"wp-image-12947\" title=\"susam y\u0131kama ve soyma makinesi \" srcset=\"https:\/\/www.agriculture-machine.com\/wp-content\/uploads\/2022\/04\/seame-washing-and-peeling-machine1-2.jpg 720w, https:\/\/www.agriculture-machine.com\/wp-content\/uploads\/2022\/04\/seame-washing-and-peeling-machine1-2-360x270.jpg 360w, https:\/\/www.agriculture-machine.com\/wp-content\/uploads\/2022\/04\/seame-washing-and-peeling-machine1-2-240x180.jpg 240w\" sizes=\"auto, (max-width: 720px) 100vw, 720px\" \/><figcaption class=\"wp-element-caption\">susam y\u0131kama ve soyma makinesi<\/figcaption><\/figure>    <figure class=\"wp-block-image size-large\"><img loading=\"lazy\" decoding=\"async\" width=\"720\" height=\"540\" data-id=\"12948\" src=\"https:\/\/www.agriculture-machine.com\/wp-content\/uploads\/2022\/04\/sesame-hulling-machine0.jpg\" alt=\"susam kabuk ay\u0131klama makinesi\" class=\"wp-image-12948\" title=\"susam kabuk ay\u0131klama makinesi\" srcset=\"https:\/\/www.agriculture-machine.com\/wp-content\/uploads\/2022\/04\/sesame-hulling-machine0.jpg 720w, https:\/\/www.agriculture-machine.com\/wp-content\/uploads\/2022\/04\/sesame-hulling-machine0-360x270.jpg 360w, https:\/\/www.agriculture-machine.com\/wp-content\/uploads\/2022\/04\/sesame-hulling-machine0-240x180.jpg 240w\" sizes=\"auto, (max-width: 720px) 100vw, 720px\" \/><figcaption class=\"wp-element-caption\">susam kabuk ay\u0131klama makinesi<\/figcaption><\/figure>    <figure class=\"wp-block-image size-large\"><img loading=\"lazy\" decoding=\"async\" width=\"720\" height=\"540\" data-id=\"12949\" src=\"https:\/\/www.agriculture-machine.com\/wp-content\/uploads\/2022\/04\/automatic-sesame-peeling-machine1.jpg\" alt=\"otomatik susam soyma makinesi\" class=\"wp-image-12949\" title=\"otomatik susam soyma makinesi\" srcset=\"https:\/\/www.agriculture-machine.com\/wp-content\/uploads\/2022\/04\/automatic-sesame-peeling-machine1.jpg 720w, https:\/\/www.agriculture-machine.com\/wp-content\/uploads\/2022\/04\/automatic-sesame-peeling-machine1-360x270.jpg 360w, https:\/\/www.agriculture-machine.com\/wp-content\/uploads\/2022\/04\/automatic-sesame-peeling-machine1-240x180.jpg 240w\" sizes=\"auto, (max-width: 720px) 100vw, 720px\" \/><figcaption class=\"wp-element-caption\">otomatik susam soyma makinesi<\/figcaption><\/figure>    <figure class=\"wp-block-image size-large\"><img loading=\"lazy\" decoding=\"async\" width=\"720\" height=\"540\" data-id=\"12950\" src=\"https:\/\/www.agriculture-machine.com\/wp-content\/uploads\/2022\/04\/sesame-cleaning-and-peeling-machine1.jpg\" alt=\"susam temizleme ve soyma makinesi\" class=\"wp-image-12950\" title=\"susam temizleme ve soyma makinesi\" srcset=\"https:\/\/www.agriculture-machine.com\/wp-content\/uploads\/2022\/04\/sesame-cleaning-and-peeling-machine1.jpg 720w, https:\/\/www.agriculture-machine.com\/wp-content\/uploads\/2022\/04\/sesame-cleaning-and-peeling-machine1-360x270.jpg 360w, https:\/\/www.agriculture-machine.com\/wp-content\/uploads\/2022\/04\/sesame-cleaning-and-peeling-machine1-240x180.jpg 240w\" sizes=\"auto, (max-width: 720px) 100vw, 720px\" \/><figcaption class=\"wp-element-caption\">susam temizleme ve soyma makinesi<\/figcaption><\/figure> <figcaption class=\"blocks-gallery-caption wp-element-caption\">black sesame dehuller&#8217;s working principle<\/figcaption><\/figure>    <h2 class=\"wp-block-heading\" id=\"h-working-steps-of-sesame-peeler-machine\">Susam kabuk soyma makinesinin \u00e7al\u0131\u015fma ad\u0131mlar\u0131<\/h2>    <ol class=\"wp-block-list\"> <li>Islatma \u00f6n i\u015flemi: uygun miktarda alkalin su (veya s\u0131cak su) ile kar\u0131\u015ft\u0131r\u0131lm\u0131\u015f susam\u0131 10-13 dakika boyunca \u0131slat\u0131n.<\/li>    <li>Kar\u0131\u015ft\u0131rma soyma: \u0131slat\u0131lm\u0131\u015f susam\u0131 soyma kovas\u0131na d\u00f6k\u00fcn, 3-5 dakika y\u00fcksek h\u0131zda kar\u0131\u015ft\u0131r\u0131c\u0131y\u0131 \u00e7al\u0131\u015ft\u0131r\u0131n.<\/li>    <li>Kabuk ve \u00e7ekirdek ay\u0131rma: ay\u0131rma elek plakas\u0131 kullanarak tohum \u00e7ekirde\u011fini tutar ve soyulmu\u015f susam\u0131 \u00e7\u0131kar\u0131r.<\/li>    <li>Y\u0131kama tamburuna: susam taneleri vana arac\u0131l\u0131\u011f\u0131yla y\u0131kama tamburuna girer, yakla\u015f\u0131k 1\/3 su eklenir (susam: su = 3:1), 5-10 dakika kar\u0131\u015ft\u0131r\u0131l\u0131r.<\/li>    <li>Deri temizleme ve bo\u015faltma: alt bo\u015faltma vanas\u0131n\u0131 a\u00e7\u0131n, susam kabu\u011funu bo\u015falt\u0131rken suyu da besleyerek susam \u00e7ekirde\u011finin temiz olmas\u0131n\u0131 sa\u011flay\u0131n.<\/li>    <li>Bo\u015faltma toplama: bo\u015faltma vanas\u0131n\u0131 a\u00e7t\u0131ktan sonra, i\u015flenmi\u015f susam \u00e7ekirde\u011fini toplar.<\/li> <\/ol>    <figure class=\"wp-block-embed aligncenter is-type-video is-provider-youtube wp-block-embed-youtube wp-embed-aspect-16-9 wp-has-aspect-ratio\"><div class=\"wp-block-embed__wrapper\"> <iframe loading=\"lazy\" title=\"siyah susam tohum soyma makinesi\/susam temizleme makinesi\/susam tohum temizleme i\u015flemi\/susam soyucu\" width=\"500\" height=\"281\" src=\"https:\/\/www.youtube.com\/embed\/nry_H53-UTE?feature=oembed\" frameborder=\"0\" allow=\"accelerometer; autoplay; clipboard-write; encrypted-media; gyroscope; picture-in-picture; web-share\" referrerpolicy=\"strict-origin-when-cross-origin\" allowfullscreen><\/iframe> <\/div><figcaption class=\"wp-element-caption\">Susam kabuk soyma makinesinin \u00e7al\u0131\u015fma videosu<\/figcaption><\/figure>    <p>Susam tohumlar\u0131, sos yaparken veya ya\u011f \u00e7\u0131kar\u0131rken soyulmas\u0131na gerek yoktur, g\u0131da sekt\u00f6r\u00fcnde kullan\u0131l\u0131rken soyulmal\u0131d\u0131r.<\/p>    <h2 class=\"wp-block-heading\">Susam kabu\u011fu ay\u0131klama makinesi teknik parametreleri<\/h2>    <figure class=\"wp-block-table is-style-stripes\"><table class=\"has-fixed-layout\"><tbody><tr><td>Makine ad\u0131<\/td><td>Susam ay\u0131klama makinesi<\/td><\/tr><tr><td>G\u00fc\u00e7<\/td><td>Ay\u0131klama motoru 2.2kw,<br>Ay\u0131rma motoru 1.5 kw<\/td><\/tr><tr><td>Kapasite<\/td><td>400-500kg\/h<br>30-50kg\/kavanoz<\/td><\/tr><tr><td>Soyma oran\u0131<\/td><td>80%-85%<\/td><\/tr><tr><td>A\u011f\u0131rl\u0131k<\/td><td>500kg<\/td><\/tr><tr><td>Boyut<\/td><td>1400*700*2000mm<\/td><\/tr><tr><td>Makine malzemesi<\/td><td>Paslanmaz \u00e7elikten yap\u0131lm\u0131\u015ft\u0131r<\/td><\/tr><\/tbody><\/table><figcaption class=\"wp-element-caption\">Susam kabuk soyma makinesinin detayl\u0131 parametre bilgileri<\/figcaption><\/figure>    <h2 class=\"wp-block-heading\" id=\"h-the-purpose-of-peeling-sesame\"><a href=\"https:\/\/www.agriculture-machine.com\/tr\/why-sesame-seeds-need-to-peel\/\">Susam soyma amac\u0131<\/a><\/h2>    <p>Genel ya\u011f \u00fcretiminde susam soyulmayabilir, ancak do\u011frudan t\u00fcketim veya daha fazla i\u015fleme i\u00e7in soyma \u00f6zellikle \u00f6nemlidir. Sebepleri \u015funlard\u0131r:<\/p>    <ul class=\"wp-block-list\"> <li>Susam\u0131n d\u0131\u015f kabu\u011fu y\u00fcksek lif ve oksalat i\u00e7erir (yakla\u015f\u0131k %2-3 kalsiyum oksalat kompleksi), bu da v\u00fccut taraf\u0131ndan kolayca emilmez.<\/li>    <li>Soyulmu\u015f susam taneleri v\u00fccut taraf\u0131ndan daha kolay sindirilir ve emilir, protein ve minerallerin kullan\u0131m\u0131 artar.<\/li>    <li>Soyulmu\u015f susam taneleri beyaz renkte, ince dokulu, tad\u0131 daha iyi ve susam sosu, susam ezmesi, hamur i\u015fleri gibi g\u0131da \u00fcretimi i\u00e7in daha uygundur.<\/li> <\/ul>    <h2 class=\"wp-block-heading\" id=\"h-the-wide-application-of-peeled-sesame\"><a href=\"https:\/\/www.agriculture-machine.com\/tr\/sesame-seeds-peeling-machine-are-widely-used-in-food-processing\/\">Soyulmu\u015f susam\u0131n geni\u015f uygulama alan\u0131<\/a><\/h2>    <p>Soyulmu\u015f susam\u0131n geni\u015f uygulama alan\u0131 vard\u0131r, esas olarak g\u0131da ve catering sekt\u00f6rlerinde kullan\u0131l\u0131r. \u00d6rne\u011fin ekmek, burger, bisk\u00fcvi, Shaqima, tahin, susam ya\u011f\u0131, unlu mamuller vb.<\/p>    <figure class=\"wp-block-image aligncenter size-full wp-image-7981\"><img loading=\"lazy\" decoding=\"async\" width=\"720\" height=\"540\" src=\"https:\/\/www.agriculture-machine.com\/wp-content\/uploads\/2020\/11\/The-Application-of-peeled-sesame.jpg\" alt=\"Soyulmu\u015f susam\u0131n uygulama alanlar\u0131\" class=\"wp-image-7981\" srcset=\"https:\/\/www.agriculture-machine.com\/wp-content\/uploads\/2020\/11\/The-Application-of-peeled-sesame.jpg 720w, https:\/\/www.agriculture-machine.com\/wp-content\/uploads\/2020\/11\/The-Application-of-peeled-sesame-360x270.jpg 360w, https:\/\/www.agriculture-machine.com\/wp-content\/uploads\/2020\/11\/The-Application-of-peeled-sesame-240x180.jpg 240w\" sizes=\"auto, (max-width: 720px) 100vw, 720px\" \/><figcaption class=\"wp-element-caption\">Soyulmu\u015f susam\u0131n uygulama alanlar\u0131<\/figcaption><\/figure>    <h2 class=\"wp-block-heading\" id=\"h-installation-and-maintenance-of-the-sesame-seed-peeling-machine\">Susam ay\u0131klama makinesi kurulumu ve bak\u0131m\u0131<\/h2>    <p class=\"translation-block\"><strong>Kurulum gereksinimleri:<\/strong><\/p>    <ul class=\"wp-block-list\"> <li>\u0130lk kurulum i\u00e7in, susam kabuk soyma makinesi su kayna\u011f\u0131na, g\u00fc\u00e7 kayna\u011f\u0131na ve iyi drene imkanlar\u0131na yak\u0131n olmal\u0131d\u0131r.<\/li>    <li>Giri\u015f borusunu su kayna\u011f\u0131na ba\u011flay\u0131n. Su bas\u0131nc\u0131 yeterli de\u011filse, bir g\u00fc\u00e7lendirici pompa ile donat\u0131lmal\u0131d\u0131r.<\/li>    <li>G\u00fc\u00e7 kayna\u011f\u0131na ba\u011fland\u0131ktan sonra, ekipman\u0131n d\u00fczg\u00fcn \u00e7al\u0131\u015f\u0131p \u00e7al\u0131\u015fmad\u0131\u011f\u0131n\u0131 kontrol edin.<\/li> <\/ul>    <p class=\"translation-block\"><strong>G\u00fcnl\u00fck bak\u0131m:<\/strong><\/p>    <ul class=\"wp-block-list\"> <li>Her kullan\u0131mdan sonra susam kabuk soyma makinesinin kal\u0131nt\u0131lar\u0131n\u0131 temizleyin ve makine g\u00f6vdesini d\u00fczenli tutun.<\/li>    <li>Ay\u0131rma ekran\u0131n\u0131n y\u00fczeyini suyla durulay\u0131n, t\u0131kan\u0131kl\u0131k varsa y\u00fcksek bas\u0131n\u00e7l\u0131 su tabancas\u0131yla temizleyin.<\/li>    <li>H\u0131z d\u00fc\u015f\u00fcr\u00fcc\u00fc d\u00fczenli olarak ya\u011flay\u0131c\u0131 ya\u011f\u0131 de\u011fi\u015ftirmelidir, b\u00f6ylece d\u00fczg\u00fcn \u00e7al\u0131\u015fmay\u0131 sa\u011flar.<\/li>    <li>Par\u00e7alar\u0131n a\u015f\u0131n\u0131p a\u015f\u0131nmad\u0131\u011f\u0131n\u0131 d\u00fczenli olarak kontrol edin ve t\u00fcketilebilir par\u00e7alar\u0131 (b\u0131\u00e7aklar, elekler vb.) zaman\u0131nda de\u011fi\u015ftirin.<\/li> <\/ul>    <figure class=\"wp-block-gallery has-nested-images columns-default is-cropped wp-block-gallery-4 is-layout-flex wp-block-gallery-is-layout-flex\"> <figure class=\"wp-block-image size-large\"><img loading=\"lazy\" decoding=\"async\" width=\"720\" height=\"540\" data-id=\"16411\" src=\"https:\/\/www.agriculture-machine.com\/wp-content\/uploads\/2020\/11\/sesame-seed-washer-and-peeler.webp\" alt=\"susam y\u0131kama ve soyma makinesi\" class=\"wp-image-16411\" srcset=\"https:\/\/www.agriculture-machine.com\/wp-content\/uploads\/2020\/11\/sesame-seed-washer-and-peeler.webp 720w, https:\/\/www.agriculture-machine.com\/wp-content\/uploads\/2020\/11\/sesame-seed-washer-and-peeler-360x270.webp 360w, https:\/\/www.agriculture-machine.com\/wp-content\/uploads\/2020\/11\/sesame-seed-washer-and-peeler-240x180.webp 240w, https:\/\/www.agriculture-machine.com\/wp-content\/uploads\/2020\/11\/sesame-seed-washer-and-peeler-16x12.webp 16w\" sizes=\"auto, (max-width: 720px) 100vw, 720px\" \/><figcaption class=\"wp-element-caption\">susam y\u0131kama ve soyma makinesi<\/figcaption><\/figure>    <figure class=\"wp-block-image size-full\"><img loading=\"lazy\" decoding=\"async\" width=\"720\" height=\"540\" data-id=\"16412\" src=\"https:\/\/www.agriculture-machine.com\/wp-content\/uploads\/2020\/11\/sesame-washing-and-peeling-machine.webp\" alt=\"susam y\u0131kama ve soyma makinesi\" class=\"wp-image-16412\" srcset=\"https:\/\/www.agriculture-machine.com\/wp-content\/uploads\/2020\/11\/sesame-washing-and-peeling-machine.webp 720w, https:\/\/www.agriculture-machine.com\/wp-content\/uploads\/2020\/11\/sesame-washing-and-peeling-machine-360x270.webp 360w, https:\/\/www.agriculture-machine.com\/wp-content\/uploads\/2020\/11\/sesame-washing-and-peeling-machine-240x180.webp 240w, https:\/\/www.agriculture-machine.com\/wp-content\/uploads\/2020\/11\/sesame-washing-and-peeling-machine-16x12.webp 16w\" sizes=\"auto, (max-width: 720px) 100vw, 720px\" \/><figcaption class=\"wp-element-caption\">susam y\u0131kama ve soyma makinesi<\/figcaption><\/figure> <\/figure>    <h2 class=\"wp-block-heading\" id=\"h-other-applications-of-sesame-cleaning-and-peeling-machine\">Susam temizleme ve soyma makinesinin di\u011fer uygulamalar\u0131<\/h2>    <p>Bir susam kabuk soyma makinesi kabak \u00e7ekirde\u011fi soyma i\u015flemi i\u00e7in de kullan\u0131labilir. Kabak soyma prensibi, susam soyma ile ayn\u0131d\u0131r ve ayn\u0131 makine kullan\u0131l\u0131r. <\/p>    <p>It&#8217;s just that different people will call different names. Some people will specifically call him a pumpkin seeds dehulling machine. So let&#8217;s take a look at how the pumpkin is peeled, and the effect of peeling.<\/p>    <figure class=\"wp-block-embed aligncenter is-type-video is-provider-youtube wp-block-embed-youtube wp-embed-aspect-16-9 wp-has-aspect-ratio\"><div class=\"wp-block-embed__wrapper\"> <iframe loading=\"lazy\" title=\"Kabak Tohumu Soyma \/ Kabak Tohumu Soyma Makinesi \/ Kabak Tohumu Soyma \u0130\u015flemi\" width=\"500\" height=\"281\" src=\"https:\/\/www.youtube.com\/embed\/0y8TtwI3woc?feature=oembed\" frameborder=\"0\" allow=\"accelerometer; autoplay; clipboard-write; encrypted-media; gyroscope; picture-in-picture; web-share\" referrerpolicy=\"strict-origin-when-cross-origin\" allowfullscreen><\/iframe> <\/div><\/figure>    <h2 class=\"wp-block-heading\">Tanzanya'ya sat\u0131lan susam kabuk soyma makinesi<\/h2>    <p>M\u00fc\u015fterilerimizden biri Tanzanya'dan. Susam i\u015fleme tesisi i\u015fletiyor, ay\u0131klanm\u0131\u015f susam tohumlar\u0131n\u0131 \u00e7e\u015fitli g\u0131da i\u015fleyicilere sat\u0131yor.<\/p>    <p>Kapasite ihtiya\u00e7lar\u0131na g\u00f6re, 5 set susam kabuk soyma makinesinin ayn\u0131 anda \u00e7al\u0131\u015fmas\u0131n\u0131 \u00f6neriyoruz. A\u015fa\u011f\u0131da paketleme ve sevkiyat resimleri bulunmaktad\u0131r.<\/p>    <figure class=\"wp-block-gallery has-nested-images columns-2 is-cropped wp-block-gallery-5 is-layout-flex wp-block-gallery-is-layout-flex\"> <figure class=\"wp-block-image size-large\"><img loading=\"lazy\" decoding=\"async\" width=\"720\" height=\"540\" data-id=\"12961\" src=\"https:\/\/www.agriculture-machine.com\/wp-content\/uploads\/2022\/04\/high-quality-sesame-peeling-machine0.jpg\" alt=\"Y\u00fcksek kaliteli susam soyma makinesi\" class=\"wp-image-12961\" title=\"Y\u00fcksek kaliteli susam soyma makinesi\" srcset=\"https:\/\/www.agriculture-machine.com\/wp-content\/uploads\/2022\/04\/high-quality-sesame-peeling-machine0.jpg 720w, https:\/\/www.agriculture-machine.com\/wp-content\/uploads\/2022\/04\/high-quality-sesame-peeling-machine0-360x270.jpg 360w, https:\/\/www.agriculture-machine.com\/wp-content\/uploads\/2022\/04\/high-quality-sesame-peeling-machine0-240x180.jpg 240w\" sizes=\"auto, (max-width: 720px) 100vw, 720px\" \/><figcaption class=\"wp-element-caption\">Y\u00fcksek kaliteli susam soyma makinesi<\/figcaption><\/figure>    <figure class=\"wp-block-image size-large\"><img loading=\"lazy\" decoding=\"async\" width=\"720\" height=\"540\" data-id=\"12962\" src=\"https:\/\/www.agriculture-machine.com\/wp-content\/uploads\/2022\/04\/packing-of-the-sesame-peeling-machine0.jpg\" alt=\"susam soyma makinesi paketlemesi\" class=\"wp-image-12962\" title=\"susam soyma makinesi paketlemesi\" srcset=\"https:\/\/www.agriculture-machine.com\/wp-content\/uploads\/2022\/04\/packing-of-the-sesame-peeling-machine0.jpg 720w, https:\/\/www.agriculture-machine.com\/wp-content\/uploads\/2022\/04\/packing-of-the-sesame-peeling-machine0-360x270.jpg 360w, https:\/\/www.agriculture-machine.com\/wp-content\/uploads\/2022\/04\/packing-of-the-sesame-peeling-machine0-240x180.jpg 240w\" sizes=\"auto, (max-width: 720px) 100vw, 720px\" \/><figcaption class=\"wp-element-caption\">susam soyma makinesi paketlemesi<\/figcaption><\/figure>    <figure class=\"wp-block-image size-large\"><img loading=\"lazy\" decoding=\"async\" width=\"720\" height=\"540\" data-id=\"12963\" src=\"https:\/\/www.agriculture-machine.com\/wp-content\/uploads\/2022\/04\/wooden-case-packing-of-sesame-peeler1.jpg\" alt=\"Ah\u015fap kasa paketleme susam soyucu\" class=\"wp-image-12963\" title=\"Ah\u015fap kasa paketleme susam soyucu\" srcset=\"https:\/\/www.agriculture-machine.com\/wp-content\/uploads\/2022\/04\/wooden-case-packing-of-sesame-peeler1.jpg 720w, https:\/\/www.agriculture-machine.com\/wp-content\/uploads\/2022\/04\/wooden-case-packing-of-sesame-peeler1-360x270.jpg 360w, https:\/\/www.agriculture-machine.com\/wp-content\/uploads\/2022\/04\/wooden-case-packing-of-sesame-peeler1-240x180.jpg 240w\" sizes=\"auto, (max-width: 720px) 100vw, 720px\" \/><figcaption class=\"wp-element-caption\">Ah\u015fap kasa paketleme susam soyucu<\/figcaption><\/figure>    <figure class=\"wp-block-image size-large\"><img loading=\"lazy\" decoding=\"async\" width=\"720\" height=\"540\" data-id=\"12965\" src=\"https:\/\/www.agriculture-machine.com\/wp-content\/uploads\/2022\/04\/shipping-of-sesame-seed-washing-peeling-machine-tuya_720_540.jpg\" alt=\"Susam y\u0131kama ve soyma makinesi sevkiyat\u0131 \" class=\"wp-image-12965\" title=\"Susam y\u0131kama ve soyma makinesi sevkiyat\u0131 \" srcset=\"https:\/\/www.agriculture-machine.com\/wp-content\/uploads\/2022\/04\/shipping-of-sesame-seed-washing-peeling-machine-tuya_720_540.jpg 720w, https:\/\/www.agriculture-machine.com\/wp-content\/uploads\/2022\/04\/shipping-of-sesame-seed-washing-peeling-machine-tuya_720_540-360x270.jpg 360w, https:\/\/www.agriculture-machine.com\/wp-content\/uploads\/2022\/04\/shipping-of-sesame-seed-washing-peeling-machine-tuya_720_540-240x180.jpg 240w\" sizes=\"auto, (max-width: 720px) 100vw, 720px\" \/><figcaption class=\"wp-element-caption\">Susam y\u0131kama ve soyma makinesi sevkiyat\u0131<\/figcaption><\/figure> <\/figure>    <p>Bu susam kabuk soyma makinesi ile ilgili herhangi bir sorunuz veya ihtiyac\u0131n\u0131z varsa, l\u00fctfen bizimle ileti\u015fime ge\u00e7mekten \u00e7ekinmeyin. H\u0131zl\u0131 yan\u0131t vermeyi ve t\u00fcm sorular\u0131n\u0131za sab\u0131rla cevap vermeyi taahh\u00fct ediyoruz ve size profesyonel destek ve hizmet sunmaya adad\u0131k. \u0130\u015fbirli\u011fi yapmay\u0131 d\u00f6rt g\u00f6zle bekliyoruz!<\/p>","protected":false},"excerpt":{"rendered":"<p>Susam y\u0131kama ve kabuk soyma makinesi, susam kabuk soyma s\u00fcrecinde profesyonel ekipmand\u0131r. Ve ana amac\u0131, \u0131slatmak, kabuk soymak ve kabuk ile \u00e7ekirde\u011fi ay\u0131rmakt\u0131r. <\/p>","protected":false},"author":1,"featured_media":12934,"parent":0,"comment_status":"closed","ping_status":"closed","template":"","tags":[788,785],"product-type":[874,903],"class_list":["post-7979","product","type-product","status-publish","has-post-thumbnail","hentry","tag-pumpkin-seed","tag-sesame","product-type-grains-peeling-machine","product-type-sesame-washing-and-peeling-machine"],"_links":{"self":[{"href":"https:\/\/www.agriculture-machine.com\/tr\/wp-json\/wp\/v2\/product\/7979","targetHints":{"allow":["GET"]}}],"collection":[{"href":"https:\/\/www.agriculture-machine.com\/tr\/wp-json\/wp\/v2\/product"}],"about":[{"href":"https:\/\/www.agriculture-machine.com\/tr\/wp-json\/wp\/v2\/types\/product"}],"author":[{"embeddable":true,"href":"https:\/\/www.agriculture-machine.com\/tr\/wp-json\/wp\/v2\/users\/1"}],"replies":[{"embeddable":true,"href":"https:\/\/www.agriculture-machine.com\/tr\/wp-json\/wp\/v2\/comments?post=7979"}],"wp:featuredmedia":[{"embeddable":true,"href":"https:\/\/www.agriculture-machine.com\/tr\/wp-json\/wp\/v2\/media\/12934"}],"wp:attachment":[{"href":"https:\/\/www.agriculture-machine.com\/tr\/wp-json\/wp\/v2\/media?parent=7979"}],"wp:term":[{"taxonomy":"post_tag","embeddable":true,"href":"https:\/\/www.agriculture-machine.com\/tr\/wp-json\/wp\/v2\/tags?post=7979"},{"taxonomy":"product-type","embeddable":true,"href":"https:\/\/www.agriculture-machine.com\/tr\/wp-json\/wp\/v2\/product-type?post=7979"}],"curies":[{"name":"wp","href":"https:\/\/api.w.org\/{rel}","templated":true}]}}