{"id":7987,"date":"2020-11-06T16:25:30","date_gmt":"2020-11-06T08:25:30","guid":{"rendered":"https:\/\/www.agriculture-machine.com\/?p=7987"},"modified":"2025-04-14T16:45:48","modified_gmt":"2025-04-14T08:45:48","slug":"rice-nursery-seedling-machine","status":"publish","type":"product","link":"https:\/\/www.agriculture-machine.com\/tr\/rice-nursery-seedling-machine\/","title":{"rendered":"Otomatik Pirin\u00e7 Fidanl\u0131k Ekim Makinesi Paddy Tohumlama Ekipman\u0131"},"content":{"rendered":"<p>Tam otomatik pirin\u00e7 fidanl\u0131k makinesi, otomatik toprak yayma, tohum ekme, sulama, toprak kaplama vb. i\u015flemleri entegre eder. T\u00fcm fidanl\u0131k ekim i\u015flemlerini tek seferde tamamlar. Bu pirin\u00e7 fidanl\u0131k ekicisinin kullan\u0131m\u0131, k\u00fc\u00e7\u00fck partilerin hassas ekimini b\u00fcy\u00fck \u00f6l\u00e7\u00fcde art\u0131r\u0131r. Bo\u015f tohumlama oran\u0131n\u0131 manuel ekimden   tasarruf sa\u011flar.<\/p>    <p>Ayn\u0131 zamanda, makine iyi bir fide etkisi sa\u011flar, \u00fcretimi art\u0131r\u0131r ve maliyetleri d\u00fc\u015f\u00fcr\u00fcr. Disk k\u00fcltivasyon tomurcuk dikim hatt\u0131 ince, d\u00fczenli ve g\u00fc\u00e7l\u00fc \u00f6zelliklere sahiptir. Makine hem plastik sert diskleri hem de yumu\u015fak diskleri kullanabilir ve verimlili\u011fi saatte 900'den fazlad\u0131r.<\/p>    <figure class=\"wp-block-embed aligncenter is-type-video is-provider-youtube wp-block-embed-youtube wp-embed-aspect-16-9 wp-has-aspect-ratio\"><div class=\"wp-block-embed__wrapper\"> <iframe loading=\"lazy\" title=\"Otomatik Pirin\u00e7 Fidanl\u0131k Ekim Makinesi \/ Uygun Fiyatl\u0131 Pirin\u00e7 Fidanl\u0131k Hatt\u0131 \/ Pirin\u00e7 Fidanl\u0131k Makinesi \/\" width=\"500\" height=\"281\" src=\"https:\/\/www.youtube.com\/embed\/XYGRaffTC6I?feature=oembed\" frameborder=\"0\" allow=\"accelerometer; autoplay; clipboard-write; encrypted-media; gyroscope; picture-in-picture; web-share\" referrerpolicy=\"strict-origin-when-cross-origin\" allowfullscreen><\/iframe> <\/div><figcaption class=\"wp-element-caption\">pirin\u00e7 fidanl\u0131k fidan makinesi \u00e7al\u0131\u015fma prensibi videosu<\/figcaption><\/figure>    <p class=\"translation-block\">Spiral tohumlama metre hassas tohumlama ihtiya\u00e7lar\u0131n\u0131 kar\u015f\u0131lar. Tohumlar\u0131n ayarlanabilir say\u0131s\u0131n\u0131 sa\u011flar ve uniformiteyi art\u0131r\u0131r. Bu pirin\u00e7 tohumlama makinesi, nakil fidanl\u0131k end\u00fcstrisinin temel teknik alanlar\u0131n\u0131 kullanarak <a href=\"https:\/\/www.agriculture-machine.com\/tr\/the-advantages-of-rice-nursery-seedlings-and-rice-transplanting\/\">otomatik teknolojiyi geli\u015ftirir<\/a>.<\/p>    <figure class=\"wp-block-image aligncenter size-full\"><img loading=\"lazy\" decoding=\"async\" width=\"720\" height=\"540\" src=\"https:\/\/www.agriculture-machine.com\/wp-content\/uploads\/2022\/05\/Rice-Nursery-Seedling-Machine-.jpg\" alt=\"Pirin\u00e7 Fidanl\u0131k Makinesi\" class=\"wp-image-13579\" title=\"Pirin\u00e7 Fidanl\u0131k Makinesi\" srcset=\"https:\/\/www.agriculture-machine.com\/wp-content\/uploads\/2022\/05\/Rice-Nursery-Seedling-Machine-.jpg 720w, https:\/\/www.agriculture-machine.com\/wp-content\/uploads\/2022\/05\/Rice-Nursery-Seedling-Machine--360x270.jpg 360w, https:\/\/www.agriculture-machine.com\/wp-content\/uploads\/2022\/05\/Rice-Nursery-Seedling-Machine--240x180.jpg 240w\" sizes=\"auto, (max-width: 720px) 100vw, 720px\" \/><figcaption class=\"wp-element-caption\">Pirin\u00e7 Fidanl\u0131k Makinesi<\/figcaption><\/figure>    <h2 class=\"wp-block-heading\" id=\"h-the-structure-of-the-rice-seedling-machine\">Pirincin fidanl\u0131k makinesi yap\u0131s\u0131<\/h2>    <p>T\u00fcm pirin\u00e7 fidan yeti\u015ftirme makinesi, asma fi\u015fek tepsi cihaz\u0131, fidanl\u0131k plakas\u0131 kaplama cihaz\u0131, toprak d\u00f6nd\u00fcrme f\u0131r\u00e7as\u0131, p\u00fcsk\u00fcrtme ayar\u0131, tohum hunisi, toprak kaplama yard\u0131mc\u0131 hunisi, toprak kaplama \u00e7\u0131karma f\u0131r\u00e7as\u0131, plakalar\u0131 toplama makinesi vb. i\u00e7erir.<\/p>    <figure class=\"wp-block-image aligncenter size-full\"><img loading=\"lazy\" decoding=\"async\" width=\"720\" height=\"540\" src=\"https:\/\/www.agriculture-machine.com\/wp-content\/uploads\/2022\/05\/rice-seedling-machine-.jpg\" alt=\"pirin\u00e7 fidanl\u0131k makinesi yap\u0131s\u0131 \" class=\"wp-image-13581\" title=\"pirin\u00e7 fidanl\u0131k makinesi yap\u0131s\u0131 \" srcset=\"https:\/\/www.agriculture-machine.com\/wp-content\/uploads\/2022\/05\/rice-seedling-machine-.jpg 720w, https:\/\/www.agriculture-machine.com\/wp-content\/uploads\/2022\/05\/rice-seedling-machine--360x270.jpg 360w, https:\/\/www.agriculture-machine.com\/wp-content\/uploads\/2022\/05\/rice-seedling-machine--240x180.jpg 240w\" sizes=\"auto, (max-width: 720px) 100vw, 720px\" \/><figcaption class=\"wp-element-caption\">pirin\u00e7 fidanl\u0131k makinesi yap\u0131s\u0131 <\/figcaption><\/figure>    <h2 class=\"wp-block-heading\">Pirincin fidanl\u0131k tohumlama makinesi teknik parametreleri<\/h2>    <figure class=\"wp-block-table is-style-stripes\"><table><tbody><tr><td>Model<strong><\/strong><\/td><td>TZY-280A<strong><\/strong><\/td><\/tr><tr><td>Boyut<\/td><td>6830*460*1020mm<strong><\/strong><\/td><\/tr><tr><td>A\u011f\u0131rl\u0131k<\/td><td>190kg<strong><\/strong><\/td><\/tr><tr><td>G\u00fc\u00e7<\/td><td>240W teslimat i\u00e7in<br>120W tohumlama i\u00e7in<\/td><\/tr><tr><td>Tohum yata\u011f\u0131 toprak yard\u0131mc\u0131 hunisi<\/td><td>45L<strong><\/strong><\/td><\/tr><tr><td>Tohum hunisi<\/td><td>30L<strong><\/strong><\/td><\/tr><tr><td>Hibrit pirin\u00e7 ekim miktar\u0131<\/td><td>95-304.5g\/tepsi<\/td><\/tr><tr><td>Kapasite<\/td><td>969-1017 tepsi\/saat<\/td><\/tr><tr><td>Alt toprak kal\u0131nl\u0131\u011f\u0131<\/td><td>18-25mm<\/td><\/tr><tr><td>Y\u00fczey topra\u011f\u0131 kal\u0131nl\u0131\u011f\u0131<\/td><td>3-9mm<\/td><\/tr><\/tbody><\/table><figcaption class=\"wp-element-caption\">pirin\u00e7 fidanl\u0131k tohumlama makinesi parametreleri<\/figcaption><\/figure>    <h2 class=\"wp-block-heading\" id=\"h-tips-and-attention-when-use-rice-seedling-machine\">Pirin\u00e7 tohumlama makinesi kullan\u0131rken dikkat edilmesi gereken ipu\u00e7lar\u0131 ve uyar\u0131lar<\/h2>    <h3 class=\"wp-block-heading\" id=\"h-tips\">\u0130pu\u00e7lar\u0131<\/h3>    <ol class=\"wp-block-list\"> <li>Fidanl\u0131k toprak: sebze bah\u00e7e topra\u011f\u0131, olgun kuru toprak veya paddy topra\u011f\u0131 se\u00e7in. Topra\u011f\u0131 ezin ve eleyin. Ard\u0131ndan biyolojik bakteri g\u00fcbresi veya pirin\u00e7 \u00f6zel g\u00fcbresi ekleyin.<\/li>    <li>Pirincin tohumlar\u0131: yerel dikim i\u00e7in uygun y\u00fcksek kaliteli, y\u00fcksek verimli ve stres direnci y\u00fcksek \u00e7e\u015fitler se\u00e7in. Fidanl\u0131k \u00f6ncesinde tohumlar\u0131 1 g\u00fcn g\u00fcne\u015fte tutun ve ard\u0131ndan 72 saat boyunca ila\u00e7la \u0131slat\u0131n, tohumlar\u0131 dezenfekte edin ve mikroplar\u0131 \u00f6ld\u00fcr\u00fcn.<\/li>    <li>Fidanl\u0131k haz\u0131rl\u0131\u011f\u0131: sulama, drene ve fidan ta\u015f\u0131ma a\u00e7\u0131s\u0131ndan uygun, y\u00f6netimi kolay olan fidanl\u0131k alanlar\u0131 se\u00e7in. Tabii ki, su p\u00fcsk\u00fcrtme sistemi olan toprak \u00e7er\u00e7evesi kullanmay\u0131 da tercih edebilirsiniz, bu daha pratiktir.<\/li>    <li>Tohum miktar\u0131na dikkat edin: genellikle bir fidanl\u0131k tepsisi i\u00e7in bir ka\u011f\u0131t fincan tohum kullan\u0131l\u0131r. Ekim hassas, uniform, a\u011f\u0131r olmayan ve s\u0131zd\u0131rmayan olmal\u0131d\u0131r. Otomatik fidanl\u0131k makinesi, hassas tohumlama sa\u011flar.<\/li> <\/ol>    <figure class=\"wp-block-gallery has-nested-images columns-default is-cropped wp-block-gallery-2 is-layout-flex wp-block-gallery-is-layout-flex\"> <figure class=\"wp-block-image size-large\"><img loading=\"lazy\" decoding=\"async\" width=\"720\" height=\"540\" data-id=\"13582\" src=\"https:\/\/www.agriculture-machine.com\/wp-content\/uploads\/2022\/05\/Rice-Nursery-Sowing-Machine-.jpg\" alt=\"Pirin\u00e7 Fidanl\u0131k Ekim Makinesi\" class=\"wp-image-13582\" title=\"Pirin\u00e7 Fidanl\u0131k Ekim Makinesi\" srcset=\"https:\/\/www.agriculture-machine.com\/wp-content\/uploads\/2022\/05\/Rice-Nursery-Sowing-Machine-.jpg 720w, https:\/\/www.agriculture-machine.com\/wp-content\/uploads\/2022\/05\/Rice-Nursery-Sowing-Machine--360x270.jpg 360w, https:\/\/www.agriculture-machine.com\/wp-content\/uploads\/2022\/05\/Rice-Nursery-Sowing-Machine--240x180.jpg 240w\" sizes=\"auto, (max-width: 720px) 100vw, 720px\" \/><figcaption class=\"wp-element-caption\">Pirin\u00e7 Fidanl\u0131k Ekim Makinesi<\/figcaption><\/figure>    <figure class=\"wp-block-image size-large\"><img loading=\"lazy\" decoding=\"async\" width=\"720\" height=\"540\" data-id=\"13583\" src=\"https:\/\/www.agriculture-machine.com\/wp-content\/uploads\/2022\/05\/factory-.jpg\" alt=\"fabrika\" class=\"wp-image-13583\" title=\"fabrika\" srcset=\"https:\/\/www.agriculture-machine.com\/wp-content\/uploads\/2022\/05\/factory-.jpg 720w, https:\/\/www.agriculture-machine.com\/wp-content\/uploads\/2022\/05\/factory--360x270.jpg 360w, https:\/\/www.agriculture-machine.com\/wp-content\/uploads\/2022\/05\/factory--240x180.jpg 240w\" sizes=\"auto, (max-width: 720px) 100vw, 720px\" \/><figcaption class=\"wp-element-caption\">fabrika<\/figcaption><\/figure> <\/figure>    <h3 class=\"wp-block-heading\" id=\"h-attentions\">Dikkat<\/h3>    <ol class=\"wp-block-list\"> <li>Toprak kaplama s\u0131ras\u0131nda, kaplama toprak kal\u0131nl\u0131\u011f\u0131na dikkat edin, genellikle yakla\u015f\u0131k 0.3 cm-0.5 cm olup, pirin\u00e7 tohumlar\u0131n\u0131 g\u00f6rmemek daha iyidir.<\/li>    <li>Pay attention to heat preservation and moisturizing during the seedling emergence period. Generally, we should control the temperature at 30\u00b0C. And when it exceeds 35\u00b0C, ventilation, and cooling should be performed. And we should keep the humidity above 80%, and drain water in time in case of heavy rain to avoid water accumulation in the seedbed.<\/li>    <li>G\u00fcbre ve su y\u00f6netimi. \u00d6nce \u0131slak tutup sonra kurutun. Fidanlar sadece \u00fc\u00e7 yaprakl\u0131yken, toprak veya fidanl\u0131k topra\u011f\u0131 nemli olmal\u0131. Nakil \u00f6ncesinde suyu kontrol edin, sa\u011fl\u0131kl\u0131 k\u00f6kleri te\u015fvik edin. G\u00fcbreyi zaman\u0131nda uygulay\u0131n, kuru g\u00fcbre do\u011frudan uygulanmamal\u0131d\u0131r.<\/li>    <li>Koruma ilk s\u0131radad\u0131r ve \u00f6nleme ile kontrol\u00fc birle\u015ftirir. Ayn\u0131 zamanda, k\u00f6t\u00fc fide ve yabani otlar\u0131 s\u0131k s\u0131k \u00e7ekerek safl\u0131\u011f\u0131 sa\u011flar.<\/li> <\/ol>    <h2 class=\"wp-block-heading\">2BZP-800 ekonomik model pirin\u00e7 fidanl\u0131k makinesi<\/h2>    <p>Geleneksel pirin\u00e7 fidanl\u0131k ekipmanlar\u0131 genellikle y\u00fcksek fiyat ve karma\u015f\u0131k kullan\u0131m ile karakterizedir, 2BZP-800 pirin\u00e7 fidanl\u0131k makinesi, \u201chafif yat\u0131r\u0131m ve y\u00fcksek getiri\u201d odakl\u0131 uygun maliyetli ve pratik bir \u00e7\u00f6z\u00fcm sunar. \u0130\u015fte temel avantajlar.<\/p>    <figure class=\"wp-block-gallery has-nested-images columns-2 is-cropped wp-block-gallery-3 is-layout-flex wp-block-gallery-is-layout-flex\"> <figure class=\"wp-block-image size-large\"><img loading=\"lazy\" decoding=\"async\" width=\"720\" height=\"540\" data-id=\"16948\" src=\"https:\/\/www.agriculture-machine.com\/wp-content\/uploads\/2020\/11\/rice-nursery-preparation.webp\" alt=\"pirin\u00e7 fidanl\u0131k haz\u0131rl\u0131\u011f\u0131\" class=\"wp-image-16948\" srcset=\"https:\/\/www.agriculture-machine.com\/wp-content\/uploads\/2020\/11\/rice-nursery-preparation.webp 720w, https:\/\/www.agriculture-machine.com\/wp-content\/uploads\/2020\/11\/rice-nursery-preparation-360x270.webp 360w, https:\/\/www.agriculture-machine.com\/wp-content\/uploads\/2020\/11\/rice-nursery-preparation-240x180.webp 240w, https:\/\/www.agriculture-machine.com\/wp-content\/uploads\/2020\/11\/rice-nursery-preparation-16x12.webp 16w\" sizes=\"auto, (max-width: 720px) 100vw, 720px\" \/><figcaption class=\"wp-element-caption\">pirin\u00e7 fidanl\u0131k haz\u0131rl\u0131\u011f\u0131<\/figcaption><\/figure>    <figure class=\"wp-block-image size-large\"><img loading=\"lazy\" decoding=\"async\" width=\"720\" height=\"540\" data-id=\"16949\" src=\"https:\/\/www.agriculture-machine.com\/wp-content\/uploads\/2020\/11\/rice-planting-machine.webp\" alt=\"pirin\u00e7 ekim makinesi\" class=\"wp-image-16949\" srcset=\"https:\/\/www.agriculture-machine.com\/wp-content\/uploads\/2020\/11\/rice-planting-machine.webp 720w, https:\/\/www.agriculture-machine.com\/wp-content\/uploads\/2020\/11\/rice-planting-machine-360x270.webp 360w, https:\/\/www.agriculture-machine.com\/wp-content\/uploads\/2020\/11\/rice-planting-machine-240x180.webp 240w, https:\/\/www.agriculture-machine.com\/wp-content\/uploads\/2020\/11\/rice-planting-machine-16x12.webp 16w\" sizes=\"auto, (max-width: 720px) 100vw, 720px\" \/><figcaption class=\"wp-element-caption\">pirin\u00e7 ekim makinesi<\/figcaption><\/figure>    <figure class=\"wp-block-image size-large\"><img loading=\"lazy\" decoding=\"async\" width=\"720\" height=\"540\" data-id=\"16950\" src=\"https:\/\/www.agriculture-machine.com\/wp-content\/uploads\/2020\/11\/rice-seed-planter.webp\" alt=\"pirin\u00e7 tohum ekici\" class=\"wp-image-16950\" srcset=\"https:\/\/www.agriculture-machine.com\/wp-content\/uploads\/2020\/11\/rice-seed-planter.webp 720w, https:\/\/www.agriculture-machine.com\/wp-content\/uploads\/2020\/11\/rice-seed-planter-360x270.webp 360w, https:\/\/www.agriculture-machine.com\/wp-content\/uploads\/2020\/11\/rice-seed-planter-240x180.webp 240w, https:\/\/www.agriculture-machine.com\/wp-content\/uploads\/2020\/11\/rice-seed-planter-16x12.webp 16w\" sizes=\"auto, (max-width: 720px) 100vw, 720px\" \/><figcaption class=\"wp-element-caption\">pirin\u00e7 tohum ekici<\/figcaption><\/figure>    <figure class=\"wp-block-image size-large\"><img loading=\"lazy\" decoding=\"async\" width=\"720\" height=\"540\" data-id=\"16947\" src=\"https:\/\/www.agriculture-machine.com\/wp-content\/uploads\/2020\/11\/paddy-nursery-machine.webp\" alt=\"paddy fidanl\u0131k makinesi\" class=\"wp-image-16947\" srcset=\"https:\/\/www.agriculture-machine.com\/wp-content\/uploads\/2020\/11\/paddy-nursery-machine.webp 720w, https:\/\/www.agriculture-machine.com\/wp-content\/uploads\/2020\/11\/paddy-nursery-machine-360x270.webp 360w, https:\/\/www.agriculture-machine.com\/wp-content\/uploads\/2020\/11\/paddy-nursery-machine-240x180.webp 240w, https:\/\/www.agriculture-machine.com\/wp-content\/uploads\/2020\/11\/paddy-nursery-machine-16x12.webp 16w\" sizes=\"auto, (max-width: 720px) 100vw, 720px\" \/><figcaption class=\"wp-element-caption\">paddy fidanl\u0131k makinesi<\/figcaption><\/figure> <\/figure>    <ul class=\"wp-block-list\"> <li>K\u00fc\u00e7\u00fck ve orta \u00f6l\u00e7ekli \u00e7ift\u00e7iler i\u00e7in tasarlanm\u0131\u015f olup, fiyat\u0131 benzer \u00fcr\u00fcnlerin sadece `-70'idir. Ekim do\u011frulu\u011fu sekt\u00f6r standard\u0131n\u0131n \u00b1%3'\u00fc civar\u0131nda olup, oluklu tohum ekici ile tepsi ba\u015f\u0131na tohum miktar\u0131 hassas \u015fekilde kontrol edilir, 50-150g (ayarlanabilir).<\/li>    <li>T\u00fcm makine sadece 3450\u00d7500\u00d71010mm \u00f6l\u00e7\u00fcs\u00fcnde ve 124kg a\u011f\u0131rl\u0131\u011f\u0131ndad\u0131r, seralar ve tarlalar gibi dar alanlara kolayca uyum sa\u011flar.<\/li>    <li>35L b\u00fcy\u00fck kapasiteli toprak yayma ve mul\u00e7 kutusuyla donat\u0131lm\u0131\u015ft\u0131r, tek y\u00fckleme ile 200'den fazla tepsi s\u00fcrekli \u00e7al\u0131\u015fabilir, bu da zaman kayb\u0131n\u0131 azalt\u0131r.<\/li>    <li>Integrating the whole process of \u201csoil spreading &#8211; watering &#8211; seeding &#8211; mulching\u201d, the single machine completes the work of the traditional 4 sets of equipment.<\/li>    <li>Toprak yayma ve mul\u00e7lama, tekerlek ve bant yap\u0131s\u0131 kullan\u0131r, 0.025-0.125m\/s ayarlanabilir konvey\u00f6r band\u0131 ile 30 dakika i\u00e7inde 500 tepsi i\u015fleyebilir, verimlilik P'den fazla artar.<\/li>    <li>T\u00fcm makinenin toplam g\u00fcc\u00fc sadece 260W'dir (geleneksel model 500W'den fazlad\u0131r), ve toprak yayma, tohumlama ve mul\u00e7lama olmak \u00fczere \u00fc\u00e7 motor ba\u011f\u0131ms\u0131z olarak \u00e7al\u0131\u015f\u0131r, enerji t\u00fcketimi g\u00fcnl\u00fck 1 yuan'dan azd\u0131r.<\/li>    <li>Ana bile\u015fenlerin mod\u00fcler tasar\u0131m\u0131, tohum kutusu, konvey\u00f6r bant ve di\u011fer a\u015f\u0131nma par\u00e7alar\u0131n\u0131 h\u0131zl\u0131 s\u00f6kme ve de\u011fi\u015ftirmeye olanak tan\u0131r, profesyonel bak\u0131m personeline gerek yoktur.<\/li> <\/ul>    <figure class=\"wp-block-embed aligncenter is-type-video is-provider-youtube wp-block-embed-youtube wp-embed-aspect-16-9 wp-has-aspect-ratio\"><div class=\"wp-block-embed__wrapper\"> <iframe loading=\"lazy\" title=\"Geli\u015fmi\u015f Fidanl\u0131k Makinesi - Modern Tar\u0131m\u0131 Devrimle\u015ftiriyor#tohumlama #tohumlar #tohumlay\u0131c\u0131 #fidanl\u0131kmakinesi\" width=\"500\" height=\"281\" src=\"https:\/\/www.youtube.com\/embed\/CPCIYYsPubk?feature=oembed\" frameborder=\"0\" allow=\"accelerometer; autoplay; clipboard-write; encrypted-media; gyroscope; picture-in-picture; web-share\" referrerpolicy=\"strict-origin-when-cross-origin\" allowfullscreen><\/iframe> <\/div><figcaption class=\"wp-element-caption\">pirin\u00e7 fidanl\u0131k makinesi \u00e7al\u0131\u015fma videosu<\/figcaption><\/figure>    <h2 class=\"wp-block-heading\" id=\"h-rice-seedling-machine-match-with-rice-transplanting-machine\">Pirincin fidanl\u0131k tohumlama makinesi ile uyumu <a href=\"https:\/\/www.agriculture-machine.com\/tr\/technology-and-characteristcs-of-the-rice-transplanter-machine\/\">pirin\u00e7 nakil makinesi<\/a><\/h2>    <p class=\"translation-block\">Pirincin fidanlar tamamland\u0131ktan sonra, <a href=\"https:\/\/www.agriculture-machine.com\/tr\/walk-behind-rice-transplanter-rice-planting-machine\/\"><strong>pirin\u00e7 nakil makinesi<\/strong><\/a> nakil i\u015flemi i\u00e7in kullan\u0131lmal\u0131d\u0131r.<\/p>    <p>A\u015fa\u011f\u0131da y\u00fcr\u00fcme arkas\u0131 pirin\u00e7 nakil makinesi yer almaktad\u0131r.<\/p>    <figure class=\"wp-block-image aligncenter size-full\"><img loading=\"lazy\" decoding=\"async\" width=\"720\" height=\"540\" src=\"https:\/\/www.agriculture-machine.com\/wp-content\/uploads\/2022\/05\/paddy-transplanter-1.jpg\" alt=\"paddy nakilci\" class=\"wp-image-13569\" title=\"paddy nakilci\" srcset=\"https:\/\/www.agriculture-machine.com\/wp-content\/uploads\/2022\/05\/paddy-transplanter-1.jpg 720w, https:\/\/www.agriculture-machine.com\/wp-content\/uploads\/2022\/05\/paddy-transplanter-1-360x270.jpg 360w, https:\/\/www.agriculture-machine.com\/wp-content\/uploads\/2022\/05\/paddy-transplanter-1-240x180.jpg 240w\" sizes=\"auto, (max-width: 720px) 100vw, 720px\" \/><figcaption class=\"wp-element-caption\">paddy nakilci<\/figcaption><\/figure>    <h2 class=\"wp-block-heading\" id=\"h-operation-video-of-rice-transplanter\">Pirincin nakil makinesi \u00e7al\u0131\u015fma videosu<\/h2>    <p>\u0130\u015fte sizin pirin\u00e7 fidanl\u0131k makinenize g\u00f6re 2 s\u0131ral\u0131, 4 s\u0131ral\u0131, 6 s\u0131ral\u0131 veya 8 s\u0131ral\u0131 pirin\u00e7 nakil makinesi \u00f6zelle\u015ftirebiliriz.<\/p>    <figure class=\"wp-block-embed aligncenter is-type-video is-provider-youtube wp-block-embed-youtube wp-embed-aspect-4-3 wp-has-aspect-ratio\"><div class=\"wp-block-embed__wrapper\"> <iframe loading=\"lazy\" title=\"\u00c7in&#039;de ilk 10 makine, 8 s\u0131ral\u0131 pirin\u00e7 paddy nakil makinesi\" width=\"500\" height=\"375\" src=\"https:\/\/www.youtube.com\/embed\/eISgGkH0Tqk?feature=oembed\" frameborder=\"0\" allow=\"accelerometer; autoplay; clipboard-write; encrypted-media; gyroscope; picture-in-picture; web-share\" referrerpolicy=\"strict-origin-when-cross-origin\" allowfullscreen><\/iframe> <\/div><figcaption class=\"wp-element-caption\">pirin\u00e7 nakil makinesi \u00e7al\u0131\u015fma videosu<\/figcaption><\/figure>    <h2 class=\"wp-block-heading\">Pakistan'a g\u00f6nderilen pirin\u00e7 fidanl\u0131k ekim makinesi<\/h2>    <p>M\u00fc\u015fteri Pakistan'dan ve \u00f6zel bir sera ile pirin\u00e7 yeti\u015ftiriyor. M\u00fc\u015fteri daha \u00f6nce geleneksel dikim y\u00f6ntemleri kullan\u0131yordu. Verimlili\u011fi art\u0131rmak i\u00e7in profesyonel bir pirin\u00e7 fidanl\u0131k makinesi ar\u0131yordu. <\/p>    <p>M\u00fc\u015fteri, web sitemizi okuyarak pirin\u00e7 fidanl\u0131k makinesi hakk\u0131nda daha fazla bilgi edinmek istedi. Sat\u0131\u015f m\u00fcd\u00fcr\u00fcm\u00fcz WhatsApp \u00fczerinden ileti\u015fim kurdu ve t\u00fcm sorulara h\u0131zl\u0131 ve profesyonel cevaplar verdi. Sonunda m\u00fc\u015fteri bizden sat\u0131n almaya karar verdi.<\/p>    <figure class=\"wp-block-gallery has-nested-images columns-default is-cropped wp-block-gallery-4 is-layout-flex wp-block-gallery-is-layout-flex\"> <figure class=\"wp-block-image size-large\"><img loading=\"lazy\" decoding=\"async\" width=\"720\" height=\"540\" data-id=\"13584\" src=\"https:\/\/www.agriculture-machine.com\/wp-content\/uploads\/2022\/05\/wooden-case-pacakging-of-the-rice-seeder-.jpg\" alt=\"ah\u015fap kasa ambalaj\u0131 pirin\u00e7 tohumlama makinesi\" class=\"wp-image-13584\" title=\"ah\u015fap kasa ambalaj\u0131 pirin\u00e7 tohumlama makinesi\" srcset=\"https:\/\/www.agriculture-machine.com\/wp-content\/uploads\/2022\/05\/wooden-case-pacakging-of-the-rice-seeder-.jpg 720w, https:\/\/www.agriculture-machine.com\/wp-content\/uploads\/2022\/05\/wooden-case-pacakging-of-the-rice-seeder--360x270.jpg 360w, https:\/\/www.agriculture-machine.com\/wp-content\/uploads\/2022\/05\/wooden-case-pacakging-of-the-rice-seeder--240x180.jpg 240w\" sizes=\"auto, (max-width: 720px) 100vw, 720px\" \/><figcaption class=\"wp-element-caption\">ah\u015fap kasa ambalaj\u0131 pirin\u00e7 tohumlama makinesi<\/figcaption><\/figure>    <figure class=\"wp-block-image size-large\"><img loading=\"lazy\" decoding=\"async\" width=\"720\" height=\"540\" data-id=\"13585\" src=\"https:\/\/www.agriculture-machine.com\/wp-content\/uploads\/2022\/05\/paddy-seed-sowing-machine-.jpg\" alt=\"paddy tohum ekme makinesi\" class=\"wp-image-13585\" title=\"paddy tohum ekme makinesi\" srcset=\"https:\/\/www.agriculture-machine.com\/wp-content\/uploads\/2022\/05\/paddy-seed-sowing-machine-.jpg 720w, https:\/\/www.agriculture-machine.com\/wp-content\/uploads\/2022\/05\/paddy-seed-sowing-machine--360x270.jpg 360w, https:\/\/www.agriculture-machine.com\/wp-content\/uploads\/2022\/05\/paddy-seed-sowing-machine--240x180.jpg 240w\" sizes=\"auto, (max-width: 720px) 100vw, 720px\" \/><figcaption class=\"wp-element-caption\">paddy tohum ekme makinesi<\/figcaption><\/figure>    <figure class=\"wp-block-image size-large\"><img loading=\"lazy\" decoding=\"async\" width=\"720\" height=\"540\" data-id=\"13586\" src=\"https:\/\/www.agriculture-machine.com\/wp-content\/uploads\/2022\/05\/shipping-of-the-machine-.jpg\" alt=\"makinenin sevkiyat\u0131\" class=\"wp-image-13586\" title=\"makinenin sevkiyat\u0131\" srcset=\"https:\/\/www.agriculture-machine.com\/wp-content\/uploads\/2022\/05\/shipping-of-the-machine-.jpg 720w, https:\/\/www.agriculture-machine.com\/wp-content\/uploads\/2022\/05\/shipping-of-the-machine--360x270.jpg 360w, https:\/\/www.agriculture-machine.com\/wp-content\/uploads\/2022\/05\/shipping-of-the-machine--240x180.jpg 240w\" sizes=\"auto, (max-width: 720px) 100vw, 720px\" \/><figcaption class=\"wp-element-caption\">makinenin sevkiyat\u0131 <\/figcaption><\/figure> <\/figure>    <h2 class=\"wp-block-heading\">Pirincin fidanl\u0131k makinesi hakk\u0131nda SSS<\/h2>   <div id=\"rank-math-faq\" class=\"rank-math-block\"> <div class=\"rank-math-list\"> <div id=\"faq-question-1722847379966\" class=\"rank-math-list-item\"> <h3 class=\"rank-math-question\">Bu pirin\u00e7 tohumlama makinesi ba\u015fka sebzeleri de yeti\u015ftirebilir mi?<\/h3> <div class=\"rank-math-answer\">  <p class=\"translation-block\">Hay\u0131r, bu \u00f6zellikle pirin\u00e7 i\u00e7in olan bir fidanl\u0131k tohumlama makinesidir. \u00d6zel bir <a href=\"https:\/\/www.agriculture-machine.com\/tr\/plug-seedling-machine-seedling-machine-vegetable-seedling-machine\/\">sebze tohumlama makinesi<\/a> var<\/p>  <\/div> <\/div> <div id=\"faq-question-1722847386025\" class=\"rank-math-list-item\"> <h3 class=\"rank-math-question\">Hangi \u00fclkelere ihra\u00e7 ettiniz?<\/h3> <div class=\"rank-math-answer\">  <p class=\"translation-block\">Tar\u0131m makineleri \u00fcreticisi olarak, pirin\u00e7 <a href=\"https:\/\/www.agriculture-machine.com\/tr\/rice-nursery-seedling-machine-sold-to-azerbaijan\/\">fidanl\u0131k makinelerimiz Azerbaycan'a<\/a>, Uganda, Kenya, Endonezya ve di\u011fer \u00fclkelerden ihra\u00e7 edilmi\u015ftir.<\/p>  <\/div> <\/div> <div id=\"faq-question-1722847400185\" class=\"rank-math-list-item\"> <h3 class=\"rank-math-question\">Pirin\u00e7 fidanl\u0131k makinesi bozulursa ne yapmal\u0131y\u0131m?<\/h3> <div class=\"rank-math-answer\">  <p>\u0130lk olarak, 1 y\u0131l garanti veriyoruz. \u0130kinci olarak, a\u015f\u0131nma par\u00e7alar\u0131 ve alet kutular\u0131 ile donataca\u011f\u0131z. \u00d6nemli olan, ihra\u00e7 etti\u011fimiz makinelerin b\u00f6yle sorunlar\u0131 olmam\u0131\u015ft\u0131r.<\/p>  <\/div> <\/div> <\/div> <\/div>","protected":false},"excerpt":{"rendered":"<p>Pirincin fidanl\u0131k makinesi, tohum yeti\u015ftirmek i\u00e7in \u00f6zel olarak tasarlanm\u0131\u015f olup, mekanize \u00fcretim sa\u011flar. Pirin\u00e7 nakil makinesi ile birlikte verimi art\u0131rabilir.<\/p>","protected":false},"author":1,"featured_media":13588,"parent":0,"comment_status":"closed","ping_status":"closed","template":"","tags":[2607],"product-type":[246,913,2],"class_list":["post-7987","product","type-product","status-publish","has-post-thumbnail","hentry","tag-nursery","product-type-hot-sale","product-type-paddy-rice-nursery-machine","product-type-products"],"_links":{"self":[{"href":"https:\/\/www.agriculture-machine.com\/tr\/wp-json\/wp\/v2\/product\/7987","targetHints":{"allow":["GET"]}}],"collection":[{"href":"https:\/\/www.agriculture-machine.com\/tr\/wp-json\/wp\/v2\/product"}],"about":[{"href":"https:\/\/www.agriculture-machine.com\/tr\/wp-json\/wp\/v2\/types\/product"}],"author":[{"embeddable":true,"href":"https:\/\/www.agriculture-machine.com\/tr\/wp-json\/wp\/v2\/users\/1"}],"replies":[{"embeddable":true,"href":"https:\/\/www.agriculture-machine.com\/tr\/wp-json\/wp\/v2\/comments?post=7987"}],"wp:featuredmedia":[{"embeddable":true,"href":"https:\/\/www.agriculture-machine.com\/tr\/wp-json\/wp\/v2\/media\/13588"}],"wp:attachment":[{"href":"https:\/\/www.agriculture-machine.com\/tr\/wp-json\/wp\/v2\/media?parent=7987"}],"wp:term":[{"taxonomy":"post_tag","embeddable":true,"href":"https:\/\/www.agriculture-machine.com\/tr\/wp-json\/wp\/v2\/tags?post=7987"},{"taxonomy":"product-type","embeddable":true,"href":"https:\/\/www.agriculture-machine.com\/tr\/wp-json\/wp\/v2\/product-type?post=7987"}],"curies":[{"name":"wp","href":"https:\/\/api.w.org\/{rel}","templated":true}]}}