{"id":8094,"date":"2020-11-18T11:39:51","date_gmt":"2020-11-18T03:39:51","guid":{"rendered":"https:\/\/www.agriculture-machine.com\/?p=8094"},"modified":"2025-06-13T17:45:43","modified_gmt":"2025-06-13T09:45:43","slug":"combined-chaff-cutter-and-grinder-straw-cutter-and-grain-grinder","status":"publish","type":"product","link":"https:\/\/www.agriculture-machine.com\/tr\/combined-chaff-cutter-and-grinder-straw-cutter-and-grain-grinder\/","title":{"rendered":"Saman Kesici ve Tah\u0131l K\u0131r\u0131c\u0131 | Birle\u015fik Saman Kesici ve K\u0131r\u0131c\u0131"},"content":{"rendered":"<p>Silaj ve saman kesici ve tah\u0131l \u00f6\u011f\u00fct\u00fcc\u00fc, kesme, yo\u011furma ve k\u0131rma i\u015flemlerini entegre eden \u00e7ok fonksiyonlu yem i\u015fleme ekipman\u0131d\u0131r. Her t\u00fcrl\u00fc silaj ve saman\u0131 i\u015fleyebilir, ayr\u0131ca \u00e7e\u015fitli tah\u0131l \u00fcr\u00fcnleri ve kaba ve ince yemleri toz haline getirebilir.<\/p>    <p>\u0130ster kuru ister \u0131slak malzeme, blok, \u015ferit veya gran\u00fcl ham maddeleri, \u00e7im bi\u00e7me (ayarlanabilir 3-50mm) ve tah\u0131l ince k\u0131rma (0.1-5mm par\u00e7a boyutu ekran kontrol\u00fc) dahil olmak \u00fczere, bu makine verimli bir \u015fekilde \u00e7al\u0131\u015fabilir.<\/p>    <p>Makine, k\u00fc\u00e7\u00fck ve orta \u00f6l\u00e7ekli \u00e7iftlikler, yem i\u015fleme tesisleri ve aile \u00e7iftliklerinde yayg\u0131n olarak kullan\u0131l\u0131r. Ayn\u0131 zamanda, g\u0131da, ila\u00e7, kimya ve di\u011fer end\u00fcstrilerde ham madde k\u0131rma ve p\u00fcre haline getirme i\u015flemlerinde de uygulan\u0131r, bu ger\u00e7ekten \u00e7ok ama\u00e7l\u0131, ekonomik ve verimli bir yem i\u015fleme yard\u0131mc\u0131s\u0131d\u0131r.<\/p>    <figure class=\"wp-block-embed is-type-video is-provider-youtube wp-block-embed-youtube wp-embed-aspect-16-9 wp-has-aspect-ratio\"><div class=\"wp-block-embed__wrapper\"> <iframe loading=\"lazy\" title=\"Saman kesici ve tah\u0131l \u00f6\u011f\u00fct\u00fcc\u00fc nas\u0131l \u00e7al\u0131\u015f\u0131r? Birle\u015fik saman kesici ve \u00f6\u011f\u00fct\u00fcc\u00fc\" width=\"500\" height=\"281\" src=\"https:\/\/www.youtube.com\/embed\/fRnZ0Yh8jaE?feature=oembed\" frameborder=\"0\" allow=\"accelerometer; autoplay; clipboard-write; encrypted-media; gyroscope; picture-in-picture; web-share\" referrerpolicy=\"strict-origin-when-cross-origin\" allowfullscreen><\/iframe> <\/div><figcaption class=\"wp-element-caption\">Silaj makinesi \u00e7al\u0131\u015fma videosu<\/figcaption><\/figure>    <h2 class=\"wp-block-heading\" id=\"h-the-application-of-chaff-cutter-and-grinder-combined-machine\">Birle\u015fik saman kesici ve k\u0131r\u0131c\u0131 makinenin uygulamas\u0131<\/h2>    <h3 class=\"wp-block-heading\">Uygun ham madde t\u00fcrleri<\/h3>    <ul class=\"wp-block-list\"> <li>Silaj: yonca, tatl\u0131 sorgum, otlak otu, beyaz saman, pirin\u00e7 saman\u0131, bu\u011fday saman\u0131, m\u0131s\u0131r saplar\u0131 vb.<\/li>    <li>Tah\u0131l \u00fcr\u00fcnleri: m\u0131s\u0131r, soya fasulyesi, tatl\u0131 patates, patates vb. (\u0131slak ham maddeleri de dahil olmak \u00fczere)<\/li>    <li>Kaba yem ve yan \u00fcr\u00fcnler: yerf\u0131st\u0131\u011f\u0131 kabu\u011fu, \u015feker kam\u0131\u015f\u0131 ba\u015flar\u0131, portakal saplar\u0131, pamuk saplar\u0131, m\u0131s\u0131r ko\u00e7an\u0131, mantar dikim malzemeleri vb.<\/li>    <li>Di\u011fer malzemeler: \u00c7in t\u0131bbi bitkiler, baz\u0131 kimyasal hammaddeler vb.<\/li> <\/ul>    <h3 class=\"wp-block-heading\">Uygun end\u00fcstriler ve sahneler<\/h3>    <ul class=\"wp-block-list\"> <li>Her t\u00fcrl\u00fc hayvanc\u0131l\u0131k ve k\u00fcmes hayvanlar\u0131 \u00e7iftli\u011fi: s\u0131\u011f\u0131r, koyun, at, domuz, tav\u015fan, tavuk, \u00f6rdek, kaz vb.<\/li>    <li>Yem i\u015fleme tesisleri, g\u0131da i\u015fleme tesisleri, ila\u00e7 fabrikalar\u0131, kimya tesisleri vb.<\/li>    <li>G\u00fcnl\u00fck yem i\u015fleme i\u00e7in k\u00fc\u00e7\u00fck ve orta \u00f6l\u00e7ekli \u00e7ift\u00e7iler ve aile \u00e7iftlikleri i\u00e7in uygundur.<\/li> <\/ul>    <figure class=\"wp-block-image aligncenter size-full wp-image-8095\"><img loading=\"lazy\" decoding=\"async\" width=\"720\" height=\"540\" src=\"https:\/\/www.agriculture-machine.com\/wp-content\/uploads\/2020\/11\/The-Applicable-breeding-range-of-Chaff-cutter-and-grinder-.jpg\" alt=\"Saman kesici ve k\u0131r\u0131c\u0131 uygunluk alan\u0131\" class=\"wp-image-8095\" srcset=\"https:\/\/www.agriculture-machine.com\/wp-content\/uploads\/2020\/11\/The-Applicable-breeding-range-of-Chaff-cutter-and-grinder-.jpg 720w, https:\/\/www.agriculture-machine.com\/wp-content\/uploads\/2020\/11\/The-Applicable-breeding-range-of-Chaff-cutter-and-grinder--360x270.jpg 360w, https:\/\/www.agriculture-machine.com\/wp-content\/uploads\/2020\/11\/The-Applicable-breeding-range-of-Chaff-cutter-and-grinder--240x180.jpg 240w\" sizes=\"auto, (max-width: 720px) 100vw, 720px\" \/><figcaption class=\"wp-element-caption\">Saman kesici ve k\u0131r\u0131c\u0131 uygunluk alan\u0131<\/figcaption><\/figure>    <h2 class=\"wp-block-heading\" id=\"h-the-structure-of-the-combined-chaff-cutter-and-grinder\">Yap\u0131s\u0131 <a href=\"https:\/\/www.agriculture-machine.com\/tr\/chaff-cutter-and-grain-crusher\/\">c<strong>birle\u015fik saman kesici ve k\u0131r\u0131c\u0131<\/strong><\/a><\/h2>    <ol class=\"wp-block-list\"> <li>Makine, hareketli tekerleklerle donat\u0131lm\u0131\u015ft\u0131r, b\u00f6ylece istenildi\u011fi gibi ta\u015f\u0131nabilir, \u00e7al\u0131\u015fma alan\u0131 sabit de\u011fildir.<\/li>    <li>Bu seri makineler, \u00fcst g\u00f6vde, alt g\u00f6vde, bo\u015falt\u0131m \u00e7\u0131k\u0131\u015f\u0131, besleme haznesi, a\u00e7\u0131 \u00e7elik \u00e7er\u00e7eve, \u00e7eki\u00e7li de\u011firmen, kesici vb. bile\u015fenlerden olu\u015fur.<\/li>    <li>Tah\u0131l k\u0131rarken, k\u0131r\u0131lm\u0131\u015f malzemenin kal\u0131nl\u0131\u011f\u0131 elek deliklerinin boyutuyla kontrol edilir ve farkl\u0131 ekranlar de\u011fi\u015ftirilebilir.<\/li>    <li>Sadece ot keserken, ekran \u00e7ekilebilir.<\/li> <\/ol>    <p class=\"translation-block\">\u015eimdi, seride \u00fc\u00e7 farkl\u0131 saman kesici ve <a href=\"https:\/\/www.agriculture-machine.com\/tr\/electric-grain-hammer-mill-grain-mill-grinder-grain-grinding\/\"> tah\u0131l k\u0131r\u0131c\u0131<\/a> tan\u0131taca\u011f\u0131z.<\/p>    <h2 class=\"wp-block-heading\" id=\"h-type-one-9zf-500b\">Bir Tip: 9ZF-500B<\/h2>    <figure class=\"wp-block-image aligncenter size-full wp-image-8096\"><img loading=\"lazy\" decoding=\"async\" width=\"720\" height=\"540\" src=\"https:\/\/www.agriculture-machine.com\/wp-content\/uploads\/2020\/11\/Combine-Chaff-Cutter-and-Grinder-Machine.jpg\" alt=\"Birle\u015fik Saman Kesici ve K\u0131r\u0131c\u0131 Makinesi\" class=\"wp-image-8096\" srcset=\"https:\/\/www.agriculture-machine.com\/wp-content\/uploads\/2020\/11\/Combine-Chaff-Cutter-and-Grinder-Machine.jpg 720w, https:\/\/www.agriculture-machine.com\/wp-content\/uploads\/2020\/11\/Combine-Chaff-Cutter-and-Grinder-Machine-360x270.jpg 360w, https:\/\/www.agriculture-machine.com\/wp-content\/uploads\/2020\/11\/Combine-Chaff-Cutter-and-Grinder-Machine-240x180.jpg 240w\" sizes=\"auto, (max-width: 720px) 100vw, 720px\" \/><figcaption class=\"wp-element-caption\">Birle\u015fik Saman Kesici ve K\u0131r\u0131c\u0131 Makinesi<\/figcaption><\/figure>    <h3 class=\"wp-block-heading\" id=\"h-the-details-of-9zf-500b-chaff-cutter-and-grain-crushing-machine\">9ZF-500B saman kesici ve tah\u0131l k\u0131r\u0131c\u0131 detaylar\u0131<\/h3>    <p>Makine, tah\u0131l giri\u015fi, saman giri\u015fi, bak\u0131r sarmal\u0131 motor, y\u00fcksek \u00e7\u0131k\u0131\u015f, orta \u00e7\u0131k\u0131\u015f d\u00fc\u015f\u00fck \u00e7\u0131k\u0131\u015f ve hareketli tekerleklerden olu\u015fur. Bir giri\u015f kullan\u0131l\u0131rken, di\u011fer giri\u015f t\u0131kanmal\u0131, malzeme s\u0131\u00e7ramas\u0131n\u0131 \u00f6nler. <\/p>    <p>Y\u00fcksek \u00e7\u0131k\u0131\u015ftan \u00e7\u0131kan malzeme kuru, orta \u00e7\u0131k\u0131\u015ftan \u00e7\u0131kan malzeme \u0131slak, d\u00fc\u015f\u00fck \u00e7\u0131k\u0131\u015ftan \u00e7\u0131kan malzeme ise k\u0131r\u0131lm\u0131\u015f tah\u0131llard\u0131r. Bir \u00e7\u0131k\u0131\u015f kullan\u0131l\u0131rken, di\u011fer iki \u00e7\u0131k\u0131\u015f t\u0131kanabilir.<\/p>    <figure class=\"wp-block-image aligncenter size-full wp-image-8097\"><img loading=\"lazy\" decoding=\"async\" width=\"720\" height=\"540\" src=\"https:\/\/www.agriculture-machine.com\/wp-content\/uploads\/2020\/11\/the-structure-of-aombine-chaff-cutter-and-grinder-.jpg\" alt=\"birle\u015fik saman kesici ve k\u0131r\u0131c\u0131 yap\u0131s\u0131\" class=\"wp-image-8097\" srcset=\"https:\/\/www.agriculture-machine.com\/wp-content\/uploads\/2020\/11\/the-structure-of-aombine-chaff-cutter-and-grinder-.jpg 720w, https:\/\/www.agriculture-machine.com\/wp-content\/uploads\/2020\/11\/the-structure-of-aombine-chaff-cutter-and-grinder--360x270.jpg 360w, https:\/\/www.agriculture-machine.com\/wp-content\/uploads\/2020\/11\/the-structure-of-aombine-chaff-cutter-and-grinder--240x180.jpg 240w\" sizes=\"auto, (max-width: 720px) 100vw, 720px\" \/><figcaption class=\"wp-element-caption\">birle\u015fik saman kesici ve \u00f6\u011f\u00fct\u00fcc\u00fc yap\u0131s\u0131<\/figcaption><\/figure>    <h3 class=\"wp-block-heading\" id=\"h-internal-blade-structure\">\u0130\u00e7 b\u0131\u00e7ak yap\u0131s\u0131<\/h3>    <p>Kal\u0131n manganez \u00e7elik b\u0131\u00e7ak, g\u00fc\u00e7l\u00fc ve dayan\u0131kl\u0131.<\/p>    <figure class=\"wp-block-image aligncenter size-full wp-image-8098\"><img loading=\"lazy\" decoding=\"async\" width=\"720\" height=\"540\" src=\"https:\/\/www.agriculture-machine.com\/wp-content\/uploads\/2020\/11\/the-blade-of-chaff-cutter-and-grain-crusher-.jpg\" alt=\"saman kesici ve tah\u0131l k\u0131r\u0131c\u0131 b\u0131\u00e7a\u011f\u0131\" class=\"wp-image-8098\" srcset=\"https:\/\/www.agriculture-machine.com\/wp-content\/uploads\/2020\/11\/the-blade-of-chaff-cutter-and-grain-crusher-.jpg 720w, https:\/\/www.agriculture-machine.com\/wp-content\/uploads\/2020\/11\/the-blade-of-chaff-cutter-and-grain-crusher--360x270.jpg 360w, https:\/\/www.agriculture-machine.com\/wp-content\/uploads\/2020\/11\/the-blade-of-chaff-cutter-and-grain-crusher--240x180.jpg 240w\" sizes=\"auto, (max-width: 720px) 100vw, 720px\" \/><figcaption class=\"wp-element-caption\">Saman kesici ve tah\u0131l k\u0131r\u0131c\u0131 b\u0131\u00e7a\u011f\u0131<\/figcaption><\/figure>    <h3 class=\"wp-block-heading\">9ZF-500B birle\u015fik saman kesici ve k\u0131r\u0131c\u0131 makine parametreleri<\/h3>    <figure class=\"wp-block-table is-style-stripes\"><table><tbody><tr><td>9ZF-500B Saman Kesici ve Tah\u0131l K\u0131r\u0131c\u0131<\/td><\/tr><tr><td>E\u015fle\u015ftirilmi\u015f ekran: 4 (2\/3\/10\/30)<\/td><td>G\u00fc\u00e7: 3KW<\/td><\/tr><tr><td>Motor h\u0131z\u0131: 2800 rpm<\/td><td>Makine a\u011f\u0131rl\u0131\u011f\u0131: 68KG<\/td><\/tr><tr><td>Nominal voltaj: 220V<\/td><td>Makine \u00e7\u0131k\u0131\u015f\u0131: 1200KG\/H<\/td><\/tr><tr><td>Boyutlar: 1220*1070*1190mm<\/td><\/tr><\/tbody><\/table><figcaption class=\"wp-element-caption\">saman kesici ve tah\u0131l k\u0131r\u0131c\u0131 detayl\u0131 bilgiler<\/figcaption><\/figure>    <h2 class=\"wp-block-heading\" id=\"h-type-two-9zf-1800\">\u0130kinci Tip: 9ZF-1800<\/h2>    <figure class=\"wp-block-image aligncenter size-full wp-image-8099\"><img loading=\"lazy\" decoding=\"async\" width=\"720\" height=\"540\" src=\"https:\/\/www.agriculture-machine.com\/wp-content\/uploads\/2020\/11\/Straw-cutter-machine-and-grain-crusher.jpg\" alt=\"Saman kesici ve tah\u0131l k\u0131r\u0131c\u0131\" class=\"wp-image-8099\" srcset=\"https:\/\/www.agriculture-machine.com\/wp-content\/uploads\/2020\/11\/Straw-cutter-machine-and-grain-crusher.jpg 720w, https:\/\/www.agriculture-machine.com\/wp-content\/uploads\/2020\/11\/Straw-cutter-machine-and-grain-crusher-360x270.jpg 360w, https:\/\/www.agriculture-machine.com\/wp-content\/uploads\/2020\/11\/Straw-cutter-machine-and-grain-crusher-240x180.jpg 240w\" sizes=\"auto, (max-width: 720px) 100vw, 720px\" \/><figcaption class=\"wp-element-caption\">Saman kesici ve tah\u0131l k\u0131r\u0131c\u0131<\/figcaption><\/figure>    <h3 class=\"wp-block-heading\" id=\"h-the-details-of-9zf-1800-straw-cutter-machine-and-grain-crusher\">9ZF-1800 saman kesici ve tah\u0131l k\u0131r\u0131c\u0131 makinesi detaylar\u0131<\/h3>    <figure class=\"wp-block-image aligncenter size-full wp-image-8100\"><img loading=\"lazy\" decoding=\"async\" width=\"720\" height=\"540\" src=\"https:\/\/www.agriculture-machine.com\/wp-content\/uploads\/2020\/11\/Straw-cutter-machine-and-grain-crusher-1.jpg\" alt=\"Saman kesici ve tah\u0131l k\u0131r\u0131c\u0131\" class=\"wp-image-8100\" srcset=\"https:\/\/www.agriculture-machine.com\/wp-content\/uploads\/2020\/11\/Straw-cutter-machine-and-grain-crusher-1.jpg 720w, https:\/\/www.agriculture-machine.com\/wp-content\/uploads\/2020\/11\/Straw-cutter-machine-and-grain-crusher-1-360x270.jpg 360w, https:\/\/www.agriculture-machine.com\/wp-content\/uploads\/2020\/11\/Straw-cutter-machine-and-grain-crusher-1-240x180.jpg 240w\" sizes=\"auto, (max-width: 720px) 100vw, 720px\" \/><figcaption class=\"wp-element-caption\">Saman kesici ve tah\u0131l k\u0131r\u0131c\u0131<\/figcaption><\/figure>    <p>Bu saman kesici ve tah\u0131l \u00f6\u011f\u00fct\u00fcc\u00fc makine, tah\u0131l giri\u015fi, geni\u015fletilmi\u015f saman giri\u015fi, bak\u0131r sarmal\u0131 motor, y\u00fcksek \u00e7\u0131k\u0131\u015f, k\u0131rma kutusu ve d\u00fc\u015f\u00fck \u00e7\u0131k\u0131\u015fa sahiptir. <\/p>    <p>Bir giri\u015f kullan\u0131l\u0131rken, di\u011fer giri\u015f t\u0131kanmal\u0131, malzeme s\u0131\u00e7ramas\u0131n\u0131 \u00f6nlemek i\u00e7in. Y\u00fcksek \u00e7\u0131k\u0131\u015ftan \u00e7\u0131kan malzeme kuru, d\u00fc\u015f\u00fck \u00e7\u0131k\u0131\u015ftan \u00e7\u0131kan malzeme ise k\u0131r\u0131lm\u0131\u015f tah\u0131llar veya \u0131slak malzemelerdir.<\/p>    <h3 class=\"wp-block-heading\" id=\"h-internal-blade-structure-of-9zf-1800-straw-cutter-machine-and-grain-crusher\">9ZF-1800 saman kesici ve tah\u0131l k\u0131r\u0131c\u0131 i\u00e7 b\u0131\u00e7ak yap\u0131s\u0131<\/h3>    <p>Kal\u0131n manganez \u00e7elik b\u0131\u00e7ak, g\u00fc\u00e7l\u00fc ve dayan\u0131kl\u0131<\/p>    <figure class=\"wp-block-image aligncenter size-full wp-image-8101\"><img loading=\"lazy\" decoding=\"async\" width=\"720\" height=\"540\" src=\"https:\/\/www.agriculture-machine.com\/wp-content\/uploads\/2020\/11\/the-balde-of-straw-cutter-machine-and-grain-crusher.jpg\" alt=\"saman kesici makinesi ve tah\u0131l k\u0131r\u0131c\u0131 b\u0131\u00e7a\u011f\u0131\" class=\"wp-image-8101\" srcset=\"https:\/\/www.agriculture-machine.com\/wp-content\/uploads\/2020\/11\/the-balde-of-straw-cutter-machine-and-grain-crusher.jpg 720w, https:\/\/www.agriculture-machine.com\/wp-content\/uploads\/2020\/11\/the-balde-of-straw-cutter-machine-and-grain-crusher-360x270.jpg 360w, https:\/\/www.agriculture-machine.com\/wp-content\/uploads\/2020\/11\/the-balde-of-straw-cutter-machine-and-grain-crusher-240x180.jpg 240w\" sizes=\"auto, (max-width: 720px) 100vw, 720px\" \/><figcaption class=\"wp-element-caption\">Saman kesici makinesi ve tah\u0131l k\u0131r\u0131c\u0131 b\u0131\u00e7a\u011f\u0131<\/figcaption><\/figure>    <h3 class=\"wp-block-heading\" id=\"h-machine-parameters-of-9zf-1800-straw-cutter-machine-and-grain-crusher\">9ZF-1800 saman kesici ve tah\u0131l k\u0131r\u0131c\u0131 parametreleri<\/h3>    <figure class=\"wp-block-table is-style-stripes\"><table><tbody><tr><td>9ZF-1800 Saman Kesici ve Tah\u0131l K\u0131r\u0131c\u0131<\/td><\/tr><tr><td>Makine modeli: 9ZF-1800<\/td><td>G\u00fc\u00e7: 3KW<\/td><\/tr><tr><td>Motor h\u0131z\u0131: 2800 rpm<\/td><td>Makine a\u011f\u0131rl\u0131\u011f\u0131: 75KG<\/td><\/tr><tr><td>Nominal voltaj: 220V<\/td><td>Makine \u00e7\u0131k\u0131\u015f\u0131: 1800KG\/H<\/td><\/tr><tr><td>Uygulama alan\u0131: \u0130nekler, koyunlar, domuzlar, tavuklar, \u00f6rdekler, tav\u015fanlar ve di\u011fer hayvanlar<\/td><\/tr><\/tbody><\/table><figcaption class=\"wp-element-caption\">silaj kesme makinesi parametreleri<\/figcaption><\/figure>    <h2 class=\"wp-block-heading\" id=\"h-type-three-9zf-1200\">\u00dc\u00e7 Tip: 9ZF-1200<\/h2>    <figure class=\"wp-block-image aligncenter size-full wp-image-8102\"><img loading=\"lazy\" decoding=\"async\" width=\"720\" height=\"540\" src=\"https:\/\/www.agriculture-machine.com\/wp-content\/uploads\/2020\/11\/Chaff-cutter-and-Grain-Grinder.jpg\" alt=\"Saman Kesici ve Tah\u0131l \u00d6\u011f\u00fct\u00fcc\u00fc\" class=\"wp-image-8102\" srcset=\"https:\/\/www.agriculture-machine.com\/wp-content\/uploads\/2020\/11\/Chaff-cutter-and-Grain-Grinder.jpg 720w, https:\/\/www.agriculture-machine.com\/wp-content\/uploads\/2020\/11\/Chaff-cutter-and-Grain-Grinder-360x270.jpg 360w, https:\/\/www.agriculture-machine.com\/wp-content\/uploads\/2020\/11\/Chaff-cutter-and-Grain-Grinder-240x180.jpg 240w\" sizes=\"auto, (max-width: 720px) 100vw, 720px\" \/><figcaption class=\"wp-element-caption\">Saman Kesici ve Tah\u0131l \u00d6\u011f\u00fct\u00fcc\u00fc<\/figcaption><\/figure>    <h3 class=\"wp-block-heading\" id=\"h-the-detailed-structure-of-9zf-1200-chaff-cutter-and-grain-grinder\">9ZF-1200 saman kesici ve tah\u0131l k\u0131r\u0131c\u0131 detay yap\u0131s\u0131<\/h3>    <figure class=\"wp-block-image aligncenter size-full wp-image-8103\"><img loading=\"lazy\" decoding=\"async\" width=\"720\" height=\"540\" src=\"https:\/\/www.agriculture-machine.com\/wp-content\/uploads\/2020\/11\/The-Structure-Chaff-cutter-and-Grain-Grinder.jpg\" alt=\"Saman Kesici ve Tah\u0131l K\u0131r\u0131c\u0131 Yap\u0131s\u0131\" class=\"wp-image-8103\" srcset=\"https:\/\/www.agriculture-machine.com\/wp-content\/uploads\/2020\/11\/The-Structure-Chaff-cutter-and-Grain-Grinder.jpg 720w, https:\/\/www.agriculture-machine.com\/wp-content\/uploads\/2020\/11\/The-Structure-Chaff-cutter-and-Grain-Grinder-360x270.jpg 360w, https:\/\/www.agriculture-machine.com\/wp-content\/uploads\/2020\/11\/The-Structure-Chaff-cutter-and-Grain-Grinder-240x180.jpg 240w\" sizes=\"auto, (max-width: 720px) 100vw, 720px\" \/><figcaption class=\"wp-element-caption\">Saman Kesici ve Tah\u0131l K\u0131r\u0131c\u0131 Yap\u0131s\u0131<\/figcaption><\/figure>    <p>Bu makinenin tah\u0131l giri\u015fi, saman giri\u015fi, bak\u0131r sarmal\u0131 motor, y\u00fcksek \u00e7\u0131k\u0131\u015f, koruma kapa\u011f\u0131, \u00e7\u0131k\u0131\u015f ve hareketli tekerlekleri vard\u0131r.<\/p>    <h3 class=\"wp-block-heading\" id=\"h-internal-blade-structure-of-9zf-1200-chaff-cutter-and-grain-grinder\">9ZF-1200 saman kesici ve tah\u0131l k\u0131r\u0131c\u0131 i\u00e7 b\u0131\u00e7ak yap\u0131s\u0131<\/h3>    <figure class=\"wp-block-image aligncenter size-full wp-image-8104\"><img loading=\"lazy\" decoding=\"async\" width=\"720\" height=\"540\" src=\"https:\/\/www.agriculture-machine.com\/wp-content\/uploads\/2020\/11\/The-blade-of-Chaff-cutter-and-Grain-Grinder.jpg\" alt=\"Saman kesici ve Tah\u0131l K\u0131r\u0131c\u0131 b\u0131\u00e7a\u011f\u0131\" class=\"wp-image-8104\" srcset=\"https:\/\/www.agriculture-machine.com\/wp-content\/uploads\/2020\/11\/The-blade-of-Chaff-cutter-and-Grain-Grinder.jpg 720w, https:\/\/www.agriculture-machine.com\/wp-content\/uploads\/2020\/11\/The-blade-of-Chaff-cutter-and-Grain-Grinder-360x270.jpg 360w, https:\/\/www.agriculture-machine.com\/wp-content\/uploads\/2020\/11\/The-blade-of-Chaff-cutter-and-Grain-Grinder-240x180.jpg 240w\" sizes=\"auto, (max-width: 720px) 100vw, 720px\" \/><figcaption class=\"wp-element-caption\">Saman kesici ve Tah\u0131l K\u0131r\u0131c\u0131 b\u0131\u00e7a\u011f\u0131<\/figcaption><\/figure>    <h3 class=\"wp-block-heading\" id=\"h-machine-parameters-of-9zf-1200-chaff-cutter-and-grain-grinder\">9ZF-1200 saman kesici ve tah\u0131l k\u0131r\u0131c\u0131 teknik parametreleri<\/h3>    <figure class=\"wp-block-table is-style-stripes\"><table><tbody><tr><td>9ZR-1200 Saman Kesici ve Tah\u0131l K\u0131r\u0131c\u0131 Makinesi<\/td><\/tr><tr><td>G\u00fc\u00e7: 3KW<\/td><td>Motor h\u0131z\u0131: 2800 rpm<\/td><\/tr><tr><td>Makine a\u011f\u0131rl\u0131\u011f\u0131: 55KG<\/td><td>Boyutlar: 920*930*1250mm<\/td><\/tr><tr><td>Makine \u00e7\u0131k\u0131\u015f\u0131: 1200KG\/H<\/td><td>K\u0131rma verimlili\u011fi: 300-500KG\/H<\/td><\/tr><tr><td>B\u0131\u00e7ak say\u0131s\u0131: 3<\/td><td>K\u0131rma b\u0131\u00e7a\u011f\u0131: 24<\/td><\/tr><tr><td>\u00dc\u00e7gen s\u00fcrtme b\u0131\u00e7a\u011f\u0131: 18<\/td><td>Ekran say\u0131s\u0131: 4<\/td><\/tr><tr><td>Besleme y\u00f6ntemi: manuel besleme<\/td><td>Bo\u015faltma etkisi: Yumu\u015fak ipek gibi \/ Toz<\/td><\/tr><\/tbody><\/table><figcaption class=\"wp-element-caption\">saman kesici makinesi teknik verileri<\/figcaption><\/figure>    <h2 class=\"wp-block-heading\" id=\"h-the-chaff-cutter-and-grinder-price\">\u0130stedi\u011finiz zaman bizimle ileti\u015fime ge\u00e7in<\/h2>    <p class=\"translation-block\">\u00d6zetle, seride \u00fc\u00e7 farkl\u0131 <a href=\"https:\/\/en.wikipedia.org\/wiki\/Silage\" target=\"_blank\" rel=\"noopener\">silaj<\/a> saman kesici ve tah\u0131l k\u0131r\u0131c\u0131 tan\u0131tt\u0131k, farkl\u0131 \u00e7\u0131k\u0131\u015flar, farkl\u0131 yap\u0131lar ve farkl\u0131 fiyatlar ile. En uygun makineyi, ham maddelerinize ve end\u00fcstri \u00f6l\u00e7e\u011finize g\u00f6re yap\u0131land\u0131rabiliriz.<\/p>    <p>Verimli \u00fcretim s\u00fcre\u00e7leri ve optimize edilmi\u015f malzeme tahsisi kullanarak, y\u00fcksek kaliteyi uygun maliyetlerle sa\u011flayabiliriz. Daha fazla bilgi i\u00e7in, sa\u011fdaki formu doldurarak \u00f6zel ihtiya\u00e7lar\u0131n\u0131z\u0131 iletebilir ve bizimle ileti\u015fime ge\u00e7ebilirsiniz.<\/p>","protected":false},"excerpt":{"rendered":"<p>Saman kesici ve tah\u0131l k\u0131r\u0131c\u0131, kesme, yo\u011furma ve k\u0131rma i\u015flemlerini bir arada yapar, silaj, otlak, saman ve tah\u0131l \u00fcr\u00fcnleri i\u015fleme i\u00e7in uygundur. \u00c7iftlik, yem, g\u0131da, ila\u00e7 ve di\u011fer end\u00fcstrilerde yayg\u0131n olarak kullan\u0131l\u0131r.<\/p>","protected":false},"author":1,"featured_media":8109,"parent":0,"comment_status":"closed","ping_status":"closed","template":"","tags":[780,591,761],"product-type":[911,246,2],"class_list":["post-8094","product","type-product","status-publish","has-post-thumbnail","hentry","tag-grass","tag-silage","tag-straw","product-type-combined-chaff-cutter-and-maize-crusher","product-type-hot-sale","product-type-products"],"_links":{"self":[{"href":"https:\/\/www.agriculture-machine.com\/tr\/wp-json\/wp\/v2\/product\/8094","targetHints":{"allow":["GET"]}}],"collection":[{"href":"https:\/\/www.agriculture-machine.com\/tr\/wp-json\/wp\/v2\/product"}],"about":[{"href":"https:\/\/www.agriculture-machine.com\/tr\/wp-json\/wp\/v2\/types\/product"}],"author":[{"embeddable":true,"href":"https:\/\/www.agriculture-machine.com\/tr\/wp-json\/wp\/v2\/users\/1"}],"replies":[{"embeddable":true,"href":"https:\/\/www.agriculture-machine.com\/tr\/wp-json\/wp\/v2\/comments?post=8094"}],"wp:featuredmedia":[{"embeddable":true,"href":"https:\/\/www.agriculture-machine.com\/tr\/wp-json\/wp\/v2\/media\/8109"}],"wp:attachment":[{"href":"https:\/\/www.agriculture-machine.com\/tr\/wp-json\/wp\/v2\/media?parent=8094"}],"wp:term":[{"taxonomy":"post_tag","embeddable":true,"href":"https:\/\/www.agriculture-machine.com\/tr\/wp-json\/wp\/v2\/tags?post=8094"},{"taxonomy":"product-type","embeddable":true,"href":"https:\/\/www.agriculture-machine.com\/tr\/wp-json\/wp\/v2\/product-type?post=8094"}],"curies":[{"name":"wp","href":"https:\/\/api.w.org\/{rel}","templated":true}]}}