{"id":8326,"date":"2020-12-11T16:16:18","date_gmt":"2020-12-11T08:16:18","guid":{"rendered":"https:\/\/www.agriculture-machine.com\/?p=8326"},"modified":"2025-12-22T17:36:20","modified_gmt":"2025-12-22T09:36:20","slug":"walking-tractor-simplicity-walking-tractor","status":"publish","type":"product","link":"https:\/\/www.agriculture-machine.com\/tr\/walking-tractor-simplicity-walking-tractor\/","title":{"rendered":"K\u00fc\u00e7\u00fck ve Basit Tar\u0131m Y\u00fcr\u00fcy\u00fc\u015f Trakt\u00f6r\u00fc"},"content":{"rendered":"<p>K\u00fc\u00e7\u00fck tarla y\u00fcr\u00fcy\u00fc\u015f trakt\u00f6r\u00fc, hafif ve esnek olmas\u0131na ra\u011fmen g\u00fc\u00e7 kayna\u011f\u0131yla, tek bir operat\u00f6rle \u00e7e\u015fitli tar\u0131msal i\u015flemleri kolayca tamamlayabilir, \u00f6rne\u011fin s\u00fcrme, ekim, hasat, ta\u015f\u0131ma ve di\u011ferleri.<\/p>    <p>Whether it&#8217;s a plain or a mountainous area, it can realize the whole process of operation with more than a hundred kinds of accessories such as quick-changeable plows, seeders, harvesters, fertilizer spreaders and so on.<\/p>    <p>Basit insan-makine etkile\u015fim kol tasar\u0131m\u0131, operat\u00f6r\u00fcn i\u00e7eri ve d\u0131\u015far\u0131y\u0131 sezgisel olarak kavramas\u0131n\u0131 sa\u011flar. Kompakt dizel g\u00fc\u00e7 kayna\u011f\u0131, d\u00fc\u015f\u00fck yak\u0131t t\u00fcketimi ve kolay bak\u0131m sa\u011flarken g\u00fc\u00e7l\u00fc tork sunar.<\/p>    <figure class=\"wp-block-embed aligncenter is-type-video is-provider-youtube wp-block-embed-youtube wp-embed-aspect-16-9 wp-has-aspect-ratio\"><div class=\"wp-block-embed__wrapper\"> <iframe loading=\"lazy\" title=\"Y\u00fcr\u00fcy\u00fc\u015f trakt\u00f6r\u00fc ile ne yapabilirsiniz? #walkingtractor, #pulluk, #iki tekerlekli trakt\u00f6rler\" width=\"500\" height=\"281\" src=\"https:\/\/www.youtube.com\/embed\/fxYFIychRc4?feature=oembed\" frameborder=\"0\" allow=\"accelerometer; autoplay; clipboard-write; encrypted-media; gyroscope; picture-in-picture; web-share\" referrerpolicy=\"strict-origin-when-cross-origin\" allowfullscreen><\/iframe> <\/div><figcaption class=\"wp-element-caption\">Tarla y\u00fcr\u00fcy\u00fc\u015f trakt\u00f6r\u00fcn\u00fcn \u00e7al\u0131\u015fma videosu<\/figcaption><\/figure>    <h2 class=\"wp-block-heading\">Eklerle birlikte y\u00fcr\u00fcy\u00fc\u015f trakt\u00f6r\u00fc<\/h2>    <p>Tarla y\u00fcr\u00fcy\u00fc\u015f trakt\u00f6r\u00fc, \u00e7ift disc pulluk, tek pulluk, \u00e7ift pulluk, \u00e7amur tekerle\u011fi, rotavator, bu\u011fday ekici, m\u0131s\u0131r ekici, r\u00f6mork, s\u0131ralar ve su pompalar\u0131 gibi \u00e7e\u015fitli eklerle e\u015fle\u015ftirilebilir. <\/p>    <p>Yapman\u0131z gereken tek \u015fey, farkl\u0131 tar\u0131msal g\u00f6revleri yerine getirmek i\u00e7in tar\u0131m ara\u00e7lar\u0131n\u0131 de\u011fi\u015ftirmektir!<\/p>    <figure class=\"wp-block-gallery has-nested-images columns-3 is-cropped wp-block-gallery-2 is-layout-flex wp-block-gallery-is-layout-flex\"> <figure class=\"wp-block-image size-large\"><img loading=\"lazy\" decoding=\"async\" width=\"720\" height=\"541\" data-id=\"12859\" src=\"https:\/\/www.agriculture-machine.com\/wp-content\/uploads\/2020\/12\/small-tractor-1-.jpg\" alt=\"k\u00fc\u00e7\u00fck trakt\u00f6r\" class=\"wp-image-12859\" srcset=\"https:\/\/www.agriculture-machine.com\/wp-content\/uploads\/2020\/12\/small-tractor-1-.jpg 720w, https:\/\/www.agriculture-machine.com\/wp-content\/uploads\/2020\/12\/small-tractor-1--360x270.jpg 360w, https:\/\/www.agriculture-machine.com\/wp-content\/uploads\/2020\/12\/small-tractor-1--240x180.jpg 240w\" sizes=\"auto, (max-width: 720px) 100vw, 720px\" \/><figcaption class=\"wp-element-caption\">k\u00fc\u00e7\u00fck trakt\u00f6r <\/figcaption><\/figure>    <figure class=\"wp-block-image size-large\"><img loading=\"lazy\" decoding=\"async\" width=\"720\" height=\"540\" data-id=\"12860\" src=\"https:\/\/www.agriculture-machine.com\/wp-content\/uploads\/2020\/12\/farm-walking-tractor1.jpg\" alt=\"tarla y\u00fcr\u00fcy\u00fc\u015f trakt\u00f6r\u00fc ekleri\" class=\"wp-image-12860\" srcset=\"https:\/\/www.agriculture-machine.com\/wp-content\/uploads\/2020\/12\/farm-walking-tractor1.jpg 720w, https:\/\/www.agriculture-machine.com\/wp-content\/uploads\/2020\/12\/farm-walking-tractor1-360x270.jpg 360w, https:\/\/www.agriculture-machine.com\/wp-content\/uploads\/2020\/12\/farm-walking-tractor1-240x180.jpg 240w\" sizes=\"auto, (max-width: 720px) 100vw, 720px\" \/><figcaption class=\"wp-element-caption\">tarla y\u00fcr\u00fcy\u00fc\u015f trakt\u00f6r\u00fc ekleri<\/figcaption><\/figure> <\/figure>    <h2 class=\"wp-block-heading\">Y\u00fcr\u00fcy\u00fc\u015f trakt\u00f6r\u00fcn\u00fcn farkl\u0131 kullan\u0131mlar\u0131&nbsp;<\/h2>    <h3 class=\"wp-block-heading\">\u00c7apa<\/h3>    <p>Pulluklu tarla y\u00fcr\u00fcy\u00fc\u015f trakt\u00f6r\u00fc\u2014ayn\u0131 zamanda y\u00fcr\u00fcy\u00fc\u015f trakt\u00f6r\u00fc pulluk olarak da bilinir. Bu makine son derece verimli, kullan\u0131c\u0131 dostu ve topra\u011f\u0131 gev\u015fetmek i\u00e7in harikad\u0131r.<\/p>    <figure class=\"wp-block-embed aligncenter is-type-video is-provider-youtube wp-block-embed-youtube wp-embed-aspect-4-3 wp-has-aspect-ratio\"><div class=\"wp-block-embed__wrapper\"> <iframe loading=\"lazy\" title=\"y\u00fcr\u00fcy\u00fc\u015f trakt\u00f6r\u00fc \/ s\u0131ral\u0131 trakt\u00f6r ile s\u00fcrme \/ tarlay\u0131 s\u00fcrme\" width=\"500\" height=\"375\" src=\"https:\/\/www.youtube.com\/embed\/JB7ozo20LVk?feature=oembed\" frameborder=\"0\" allow=\"accelerometer; autoplay; clipboard-write; encrypted-media; gyroscope; picture-in-picture; web-share\" referrerpolicy=\"strict-origin-when-cross-origin\" allowfullscreen><\/iframe> <\/div><figcaption class=\"wp-element-caption\">\u00e7ekici ile \u00e7al\u0131\u015fan trakt\u00f6r<\/figcaption><\/figure>    <h3 class=\"wp-block-heading\">Hendek a\u00e7ma<\/h3>    <p>Tar\u0131m \u00e7\u00f6z\u00fcm\u00fc m\u00fc ar\u0131yorsunuz? S\u0131ral\u0131 trakt\u00f6r ile hendek a\u00e7ma aparat\u0131yla tan\u0131\u015f\u0131n! Bu g\u00fc\u00e7l\u00fc kombinasyon, \u00e7iftli\u011finizdeki hemen hemen her hendek a\u00e7ma ihtiyac\u0131n\u0131 kar\u015f\u0131layabilir.<\/p>    <figure class=\"wp-block-embed aligncenter is-type-video is-provider-youtube wp-block-embed-youtube wp-embed-aspect-16-9 wp-has-aspect-ratio\"><div class=\"wp-block-embed__wrapper\"> <iframe loading=\"lazy\" title=\"S\u0131ralama ile y\u00fcr\u00fcy\u00fc\u015f trakt\u00f6r\u00fc \/ s\u0131ralama makinesi\" width=\"500\" height=\"281\" src=\"https:\/\/www.youtube.com\/embed\/tmkBMoxVov0?feature=oembed\" frameborder=\"0\" allow=\"accelerometer; autoplay; clipboard-write; encrypted-media; gyroscope; picture-in-picture; web-share\" referrerpolicy=\"strict-origin-when-cross-origin\" allowfullscreen><\/iframe> <\/div><figcaption class=\"wp-element-caption\">s\u0131ral\u0131 trakt\u00f6r ile hendek a\u00e7ma<\/figcaption><\/figure>    <h3 class=\"wp-block-heading\">S\u0131ralama<\/h3>    <p>S\u0131ralama i\u00e7in tasarlanm\u0131\u015f k\u00fc\u00e7\u00fck tarla y\u00fcr\u00fcy\u00fc\u015f trakt\u00f6r\u00fc\u2014\u00f6zellikle, s\u0131ralay\u0131c\u0131 bir y\u00fcr\u00fcy\u00fc\u015f trakt\u00f6r\u00fc. <\/p>    <p>Bu t\u00fcr ekipman, tatl\u0131 patates, domates, \u00e7ilek, patates, yerf\u0131st\u0131\u011f\u0131, radis gibi \u00fcr\u00fcnleri ekmek i\u00e7in m\u00fckemmeldir.<\/p>    <figure class=\"wp-block-embed aligncenter is-type-video is-provider-youtube wp-block-embed-youtube wp-embed-aspect-16-9 wp-has-aspect-ratio\"><div class=\"wp-block-embed__wrapper\"> <iframe loading=\"lazy\" title=\"y\u00fcr\u00fcy\u00fc\u015f trakt\u00f6r\u00fc \/ s\u0131ral\u0131 trakt\u00f6r ile s\u0131ralama \/ s\u0131ralay\u0131c\u0131 makine\" width=\"500\" height=\"281\" src=\"https:\/\/www.youtube.com\/embed\/QUPr2rJ2jhw?feature=oembed\" frameborder=\"0\" allow=\"accelerometer; autoplay; clipboard-write; encrypted-media; gyroscope; picture-in-picture; web-share\" referrerpolicy=\"strict-origin-when-cross-origin\" allowfullscreen><\/iframe> <\/div><figcaption class=\"wp-element-caption\">s\u0131ral\u0131 trakt\u00f6r ile tarla a\u00e7ma makinesi<\/figcaption><\/figure>    <h3 class=\"wp-block-heading\">D\u00f6ner i\u015fleme<\/h3>    <p>Tar\u0131m ihtiya\u00e7lar\u0131n\u0131z i\u00e7in g\u00fc\u00e7l\u00fc bir ara\u00e7 m\u0131 ar\u0131yorsunuz? D\u00f6ner i\u015fleme ile uyumlu dizel motorlu y\u00fcr\u00fcy\u00fc\u015f trakt\u00f6r\u00fcm\u00fcze g\u00f6z at\u0131n! <\/p>    <p>This tiller, designed to work with a 15 Hp walking tractor, lets you dig anywhere from 6 to 10 inches deep. It&#8217;s similar to a rototiller, and its main job is to churn the soil, helping to aerate and break it up for better planting.<\/p>    <figure class=\"wp-block-embed aligncenter is-type-video is-provider-youtube wp-block-embed-youtube wp-embed-aspect-4-3 wp-has-aspect-ratio\"><div class=\"wp-block-embed__wrapper\"> <iframe loading=\"lazy\" title=\"Y\u00fcr\u00fcy\u00fc\u015f trakt\u00f6r\u00fc \/ d\u00f6ner i\u015fleme ile y\u00fcr\u00fcy\u00fc\u015f trakt\u00f6r\u00fc.\" width=\"500\" height=\"375\" src=\"https:\/\/www.youtube.com\/embed\/IkBjgBirCS8?feature=oembed\" frameborder=\"0\" allow=\"accelerometer; autoplay; clipboard-write; encrypted-media; gyroscope; picture-in-picture; web-share\" referrerpolicy=\"strict-origin-when-cross-origin\" allowfullscreen><\/iframe> <\/div><figcaption class=\"wp-element-caption\">d\u00f6ner i\u015fleme ile y\u00fcr\u00fcy\u00fc\u015f trakt\u00f6r\u00fc<\/figcaption><\/figure>    <h2 class=\"wp-block-heading\">Y\u00fcr\u00fcy\u00fc\u015f trakt\u00f6r\u00fc ile <a href=\"https:\/\/www.agriculture-machine.com\/tr\/corn-planter\/\">m\u0131s\u0131r ekici<\/a> ve bu\u011fday ekimi<\/h2>    <p>Bir m\u0131s\u0131r veya bu\u011fday ekici ile k\u00fc\u00e7\u00fck y\u00fcr\u00fcy\u00fc\u015f trakt\u00f6r\u00fcn\u00fcz\u00fc birle\u015ftirirseniz, tah\u0131l tohumlar\u0131n\u0131z\u0131 do\u011frudan topra\u011fa ekerek b\u00fcy\u00fcmelerini sa\u011flayabilirsiniz. <\/p>    <p>Bu yakla\u015f\u0131m, tohumlar\u0131n hayatta kalma oran\u0131n\u0131 \u00f6nemli \u00f6l\u00e7\u00fcde art\u0131r\u0131r ve fide kalitesini y\u00fckseltir.<\/p>    <figure class=\"wp-block-gallery has-nested-images columns-default is-cropped wp-block-gallery-3 is-layout-flex wp-block-gallery-is-layout-flex\"> <figure class=\"wp-block-image size-large\"><img loading=\"lazy\" decoding=\"async\" width=\"720\" height=\"540\" data-id=\"12864\" src=\"https:\/\/www.agriculture-machine.com\/wp-content\/uploads\/2020\/12\/manual-walking-tractor-with-corn-planter-2.jpg\" alt=\"el tipi m\u0131s\u0131r ekici ile trakt\u00f6r\" class=\"wp-image-12864\" srcset=\"https:\/\/www.agriculture-machine.com\/wp-content\/uploads\/2020\/12\/manual-walking-tractor-with-corn-planter-2.jpg 720w, https:\/\/www.agriculture-machine.com\/wp-content\/uploads\/2020\/12\/manual-walking-tractor-with-corn-planter-2-360x270.jpg 360w, https:\/\/www.agriculture-machine.com\/wp-content\/uploads\/2020\/12\/manual-walking-tractor-with-corn-planter-2-240x180.jpg 240w\" sizes=\"auto, (max-width: 720px) 100vw, 720px\" \/><figcaption class=\"wp-element-caption\">el tipi m\u0131s\u0131r ekici ile trakt\u00f6r <\/figcaption><\/figure>    <figure class=\"wp-block-image size-large\"><img loading=\"lazy\" decoding=\"async\" width=\"720\" height=\"540\" data-id=\"12863\" src=\"https:\/\/www.agriculture-machine.com\/wp-content\/uploads\/2020\/12\/walking-tractor-with-wheat-seeder-2.jpg\" alt=\"bu\u011fday ekici ile tarla y\u00fcr\u00fcy\u00fc\u015f trakt\u00f6r\u00fc\" class=\"wp-image-12863\" srcset=\"https:\/\/www.agriculture-machine.com\/wp-content\/uploads\/2020\/12\/walking-tractor-with-wheat-seeder-2.jpg 720w, https:\/\/www.agriculture-machine.com\/wp-content\/uploads\/2020\/12\/walking-tractor-with-wheat-seeder-2-360x270.jpg 360w, https:\/\/www.agriculture-machine.com\/wp-content\/uploads\/2020\/12\/walking-tractor-with-wheat-seeder-2-240x180.jpg 240w\" sizes=\"auto, (max-width: 720px) 100vw, 720px\" \/><figcaption class=\"wp-element-caption\">bu\u011fday ekici ile tarla y\u00fcr\u00fcy\u00fc\u015f trakt\u00f6r\u00fc<\/figcaption><\/figure> <\/figure>    <h2 class=\"wp-block-heading\">Basitlik ile r\u00f6morklu y\u00fcr\u00fcy\u00fc\u015f trakt\u00f6r\u00fc<\/h2>    <p>Bir r\u00f6morku el tipi y\u00fcr\u00fcy\u00fc\u015f trakt\u00f6r\u00fc ile e\u015fle\u015ftirdi\u011finizde, her t\u00fcrl\u00fc arazi ta\u015f\u0131mac\u0131l\u0131\u011f\u0131 olas\u0131l\u0131klar\u0131 a\u00e7\u0131l\u0131r. <\/p>    <p>Ayr\u0131ca, bu, y\u00fcr\u00fcy\u00fc\u015f trakt\u00f6rlerinin \u00e7iftlikteki \u00e7e\u015fitli g\u00f6revleri yerine getirme yelpazesini ger\u00e7ekten geni\u015fletir. \u00d6rne\u011fin, \u00fcr\u00fcnleri tarlalardan, balyalay\u0131c\u0131lar, meyve bah\u00e7eleri veya otlaklardan verimli bir \u015fekilde ta\u015f\u0131yabilirler.<\/p>    <figure class=\"wp-block-image aligncenter size-full\"><img loading=\"lazy\" decoding=\"async\" width=\"720\" height=\"540\" src=\"https:\/\/www.agriculture-machine.com\/wp-content\/uploads\/2020\/12\/walking-tractor-with-trailer1.jpg\" alt=\"r\u00f6morklu y\u00fcr\u00fcy\u00fc\u015f trakt\u00f6r\u00fc\" class=\"wp-image-12867\" srcset=\"https:\/\/www.agriculture-machine.com\/wp-content\/uploads\/2020\/12\/walking-tractor-with-trailer1.jpg 720w, https:\/\/www.agriculture-machine.com\/wp-content\/uploads\/2020\/12\/walking-tractor-with-trailer1-360x270.jpg 360w, https:\/\/www.agriculture-machine.com\/wp-content\/uploads\/2020\/12\/walking-tractor-with-trailer1-240x180.jpg 240w\" sizes=\"auto, (max-width: 720px) 100vw, 720px\" \/><figcaption class=\"wp-element-caption\">r\u00f6morklu y\u00fcr\u00fcy\u00fc\u015f trakt\u00f6r\u00fc<\/figcaption><\/figure>    <h2 class=\"wp-block-heading\"><a href=\"https:\/\/www.agriculture-machine.com\/tr\/how-much-is-the-price-of-a-farm-walking-tractor\/\">K\u00fc\u00e7\u00fck y\u00fcr\u00fcy\u00fc\u015f trakt\u00f6r\u00fc fiyat\u0131<\/a><\/h2>    <p>Tarla y\u00fcr\u00fcy\u00fc\u015f trakt\u00f6rlerimiz \u00e7e\u015fitli beygir g\u00fc\u00e7lerinde gelir ve \u00e7e\u015fitli tar\u0131m ara\u00e7lar\u0131yla e\u015fle\u015ftirilebilir, her t\u00fcrl\u00fc tar\u0131msal g\u00f6revi yerine getirebilirler. <\/p>    <p>Whether you&#8217;re plowing, rotary tilling, ridging, or sowing, our machines have got you covered. If you&#8217;re interested in learning more about our walking tractors, feel free to reach out to us!<\/p>    <figure class=\"wp-block-table is-style-stripes\"><table><tbody><tr><td> <p>Model<\/p> <\/td><td colspan=\"2\"> <p>&nbsp;15HP y\u00fcr\u00fcy\u00fc\u015f trakt\u00f6r\u00fc<\/p> <\/td><\/tr><tr><td> <p>Motor parametresi<\/p> <\/td><td> <p>Motor modeli<\/p> <\/td><td> <p>ZS1100<\/p> <\/td><\/tr><tr><td>&nbsp;<\/td><td><p>Motor tipi<\/p><\/td><td> <p>Tek, yatay, su so\u011futmal\u0131, d\u00f6rt zamanl\u0131<\/p> <\/td><\/tr><tr><td>&nbsp;<\/td><td> <p>Ba\u015flatma y\u00f6ntemi<\/p> <\/td><td> <p>El ile ba\u015flatma \/ elektrikle ba\u015flatma<\/p> <\/td><\/tr><tr><td>&nbsp;<\/td><td><p>Yanma sistemi<\/p><\/td><td> <p>do\u011frudan enjeksiyon<\/p> <\/td><\/tr><tr><td>&nbsp;<\/td><td> <p>So\u011futma y\u00f6ntemi<\/p> <\/td><td> <p>Buharla\u015fma\/kondensasyon<\/p> <\/td><\/tr><tr><td>&nbsp;<\/td><td> <p>G\u00fc\u00e7<\/p> <\/td><td> <p>1 saat: 12.13kw\/16hp<\/p> <\/td><\/tr><tr><td>&nbsp;<\/td><td>&nbsp;<\/td><td> <p>12 saat: 11.03kw\/15hp<\/p> <\/td><\/tr><tr><td> <p>Boyutlar\uff08UzunlukxGeni\u015flikxY\u00fckseklik\uff09<\/p> <\/td><td colspan=\"2\"> <p>2680\u00d7960\u00d71250mm<\/p> <\/td><\/tr><tr><td><p>Min. yer uzakl\u0131\u011f\u0131<\/p><\/td><td colspan=\"2\"> <p>185mm<\/p> <\/td><\/tr><tr><td> <p>Tekerlekler aras\u0131 mesafe<\/p> <\/td><td colspan=\"2\"> <p>580-600mm<\/p> <\/td><\/tr><tr><td> <p>A\u011f\u0131rl\u0131k<\/p> <\/td><td colspan=\"2\"> <p>350kg<\/p> <\/td><\/tr><tr><td><p>Lastik modeli<\/p><\/td><td colspan=\"2\"> <p>6.00-12<\/p> <\/td><\/tr><tr><td><p>Lastik bas\u0131nc\u0131<\/p><\/td><td><p>Tarla \u00e7al\u0131\u015fmas\u0131<\/p><\/td><td> <p>80~200(0.8~2.0kgf\/cm<sup>2<\/sup>)<\/p> <\/td><\/tr><tr><td>&nbsp;<\/td><td><p>Ta\u015f\u0131ma \u00e7al\u0131\u015fmas\u0131<\/p><\/td><td> <p>140-200(1.4~2.0kgf\/cm2)<\/p> <\/td><\/tr><\/tbody><\/table><figcaption class=\"wp-element-caption\">tarla y\u00fcr\u00fcy\u00fc\u015f trakt\u00f6r\u00fc parametreleri<\/figcaption><\/figure>    <h2 class=\"wp-block-heading\" id=\"h-maintenance-of-the-two-wheel-walking-tractor\">\u0130ki tekerlekli y\u00fcr\u00fcy\u00fc\u015f trakt\u00f6r\u00fcn\u00fcn bak\u0131m\u0131<\/h2>    <p>If a walk-behind tractor sits idle for an extended period, it can run into some issues. To prevent any problems when you decide to use it again, it&#8217;s important to take some maintenance steps.<\/p>    <ul class=\"wp-block-list\"> <li>\u0130lk olarak, nereye park edece\u011finizi d\u00fc\u015f\u00fcn\u00fcn. \u0130deal olarak, bir depoda saklamal\u0131s\u0131n\u0131z, ancak kimyasal g\u00fcbre veya pestisitlerle yan yana olmamas\u0131na dikkat edin, b\u00f6ylece par\u00e7alar\u0131n korozyonunu \u00f6nlersiniz.<\/li>    <li>D\u0131\u015far\u0131da b\u0131rakman\u0131z gerekiyorsa, y\u00fcksek, kuru ve iyi havaland\u0131r\u0131lan bir yer se\u00e7in ve mekanik hasar ve paslanmay\u0131 \u00f6nlemek i\u00e7in plastik \u00f6rt\u00fcyle kaplay\u0131n.<\/li>    <li>Ah\u015fap bloklar veya duvar ta\u015flar\u0131 kullanarak trakt\u00f6r\u00fc destekleyin ve lastiklerin biraz rahatlamas\u0131n\u0131 sa\u011flay\u0131n. Destek sa\u011flayam\u0131yorsan\u0131z, lastikleri -20 \u015fi\u015firin ve d\u00fczenli olarak kontrol edin.<\/li>    <li>Make sure to scrub off any dirt and oil from the tractor&#8217;s exterior, and give it a thorough inspection. Adjust and tighten all parts and screws to prevent any loosening or falling off.<\/li>    <li>S\u0131v\u0131lar s\u00f6z konusu oldu\u011funda, trakt\u00f6r kullan\u0131mdan \u00e7\u0131kt\u0131ktan sonra so\u011futma suyu, dizel ve motor ya\u011f\u0131n\u0131 bo\u015falt\u0131n. Tekrar kullanmadan \u00f6nce temiz ya\u011f ve suyla doldurun.<\/li>    <li>G\u00fc\u00e7l\u00fc bir \u015fekilde, uygun miktarda kurutulmu\u015f motor ya\u011f\u0131 emme borusuna d\u00f6k\u00fcn ve piston, piston \u00e7ubu\u011fu, silindir astar\u0131 ve valfi \u00fczerinde ya\u011f tabakas\u0131n\u0131 sa\u011flamak i\u00e7in krank miliyi d\u00f6nd\u00fcr\u00fcn.<\/li>    <li>Enjekt\u00f6r i\u00e7in, onu \u00e7\u0131kar\u0131n, temizleyin ve temiz dizel ile yerle\u015ftirin. Ayar vidas\u0131n\u0131 gev\u015fetin ve enjekt\u00f6r deli\u011fini ah\u015fap bir t\u0131k\u0131 ile t\u0131kay\u0131n.<\/li>    <li>Son olarak, aks kutusunu ya\u011f ile doldurun. Krank miliye 1kg kurutulmu\u015f motor ya\u011f\u0131 d\u00f6k\u00fcn, ard\u0131ndan birka\u00e7 kez sallayarak ya\u011flama sisteminin ya\u011f\u0131 doldurdu\u011fundan emin olun.<\/li> <\/ul>    <p>&nbsp;<\/p>    <p>Tar\u0131m y\u00fcr\u00fcme trakt\u00f6rlerimizle ilgileniyorsan\u0131z, l\u00fctfen bizimle ileti\u015fime ge\u00e7mekten \u00e7ekinmeyin, sizin i\u00e7in en uygun makineyi in\u015fa ediyoruz.<\/p>","protected":false},"excerpt":{"rendered":"<p>Tarla y\u00fcr\u00fcy\u00fc\u015f trakt\u00f6r\u00fc genellikle iki tekerlekli olur. Bir ki\u015fi taraf\u0131ndan kontrol edilir. \u00c7e\u015fitli tar\u0131m makineleriyle \u00e7al\u0131\u015fabilir, \u00f6rne\u011fin k\u00fcltivat\u00f6rler, r\u00f6morklar, rotat\u00f6rler, ekiciler, hasat makineleri vb.<\/p>","protected":false},"author":1,"featured_media":12797,"parent":0,"comment_status":"closed","ping_status":"closed","template":"","tags":[698],"product-type":[878],"class_list":["post-8326","product","type-product","status-publish","has-post-thumbnail","hentry","tag-tractor","product-type-manual-tractor"],"_links":{"self":[{"href":"https:\/\/www.agriculture-machine.com\/tr\/wp-json\/wp\/v2\/product\/8326","targetHints":{"allow":["GET"]}}],"collection":[{"href":"https:\/\/www.agriculture-machine.com\/tr\/wp-json\/wp\/v2\/product"}],"about":[{"href":"https:\/\/www.agriculture-machine.com\/tr\/wp-json\/wp\/v2\/types\/product"}],"author":[{"embeddable":true,"href":"https:\/\/www.agriculture-machine.com\/tr\/wp-json\/wp\/v2\/users\/1"}],"replies":[{"embeddable":true,"href":"https:\/\/www.agriculture-machine.com\/tr\/wp-json\/wp\/v2\/comments?post=8326"}],"wp:featuredmedia":[{"embeddable":true,"href":"https:\/\/www.agriculture-machine.com\/tr\/wp-json\/wp\/v2\/media\/12797"}],"wp:attachment":[{"href":"https:\/\/www.agriculture-machine.com\/tr\/wp-json\/wp\/v2\/media?parent=8326"}],"wp:term":[{"taxonomy":"post_tag","embeddable":true,"href":"https:\/\/www.agriculture-machine.com\/tr\/wp-json\/wp\/v2\/tags?post=8326"},{"taxonomy":"product-type","embeddable":true,"href":"https:\/\/www.agriculture-machine.com\/tr\/wp-json\/wp\/v2\/product-type?post=8326"}],"curies":[{"name":"wp","href":"https:\/\/api.w.org\/{rel}","templated":true}]}}