{"id":90,"date":"2018-07-12T03:02:30","date_gmt":"2018-07-11T19:02:30","guid":{"rendered":"https:\/\/www.agriculture-machine.com\/?p=90"},"modified":"2024-10-24T14:11:29","modified_gmt":"2024-10-24T06:11:29","slug":"maize-peeler-and-thresher","status":"publish","type":"product","link":"https:\/\/www.agriculture-machine.com\/tr\/maize-peeler-and-thresher\/","title":{"rendered":"M\u0131s\u0131r Ay\u0131klama Makinesi | M\u0131s\u0131r Kabuk Soyucu | Maize Soyucu ve Ay\u0131klay\u0131c\u0131"},"content":{"rendered":"<div class=\"img\"> <h2>M\u0131s\u0131r kabuk soyucu'nun k\u0131sa tan\u0131t\u0131m\u0131<\/h2> <p class=\"translation-block\"><a href=\"https:\/\/www.agriculture-machine.com\/tr\/maize-sheller\/\">M\u0131s\u0131r ay\u0131klay\u0131c\u0131<\/a>, m\u0131s\u0131r\u0131n ay\u0131klanmas\u0131 i\u00e7in kullan\u0131lan mekanik bir cihazd\u0131r. M\u0131s\u0131r ay\u0131klay\u0131c\u0131s\u0131 y\u00fcksek otomasyon, g\u00fc\u00e7l\u00fc g\u00fcvenlik, basit kullan\u0131m ve d\u00fc\u015f\u00fck enerji t\u00fcketimi \u00f6zelliklerine sahiptir.<\/p> <p class=\"translation-block\"><a href=\"https:\/\/www.agriculture-machine.com\/tr\/corn-thresher-a-good-helper-for-farmers\/\"><strong>M\u0131s\u0131r kabuk soyucu<\/strong><\/a> i\u00e7 k\u0131sm\u0131 yukar\u0131-a\u015fa\u011f\u0131 yap\u0131ya sahiptir, \u00f6nce ko\u00e7an soyulur, sonra ay\u0131klan\u0131r. Silindirik \u00e7eki\u00e7, ko\u00e7ak ve tanenin k\u0131r\u0131lmas\u0131n\u0131 \u00f6nlemek i\u00e7in \u00f6nemli bir par\u00e7ad\u0131r. Makul tasar\u0131m ve y\u00fcksek kapasite ile bu m\u0131s\u0131r kabuk soyucu, \u00e7ift\u00e7iler i\u00e7in ger\u00e7ekten kullan\u0131\u015fl\u0131 bir ara\u00e7t\u0131r ve ev veya end\u00fcstriyel kullan\u0131m i\u00e7in uygundur, \u00e7al\u0131\u015fma verimlili\u011fini b\u00fcy\u00fck \u00f6l\u00e7\u00fcde art\u0131r\u0131r.<\/p> <\/div>    <figure class=\"wp-block-image alignnone size-full wp-image-8656\"><img loading=\"lazy\" decoding=\"async\" width=\"720\" height=\"540\" src=\"https:\/\/www.agriculture-machine.com\/wp-content\/uploads\/2018\/07\/Cylindroid-hammer-of-corn-sheller.jpg\" alt=\"Silindirik-\u00e7eki\u00e7-m\u0131s\u0131r-kabuk-soyucu\" class=\"wp-image-8656\" srcset=\"https:\/\/www.agriculture-machine.com\/wp-content\/uploads\/2018\/07\/Cylindroid-hammer-of-corn-sheller.jpg 720w, https:\/\/www.agriculture-machine.com\/wp-content\/uploads\/2018\/07\/Cylindroid-hammer-of-corn-sheller-360x270.jpg 360w, https:\/\/www.agriculture-machine.com\/wp-content\/uploads\/2018\/07\/Cylindroid-hammer-of-corn-sheller-240x180.jpg 240w\" sizes=\"auto, (max-width: 720px) 100vw, 720px\" \/><figcaption class=\"wp-element-caption\">Silindirik-\u00e7eki\u00e7-m\u0131s\u0131r-kabuk-soyucu<\/figcaption><\/figure>    <h2 class=\"wp-block-heading\">M\u0131s\u0131r ay\u0131klama makinesi \u00e7al\u0131\u015fma videosu<\/h2>   <p><iframe loading=\"lazy\" title=\"Y\u00fcksek teknoloji 1.5t\/h m\u0131s\u0131r kabuk soyucu \/ m\u0131s\u0131r ay\u0131klama makinesi \/ fabrika fiyat\u0131\" width=\"500\" height=\"281\" src=\"https:\/\/www.youtube.com\/embed\/1I_5hDldvw4?feature=oembed\" frameborder=\"0\" allow=\"accelerometer; autoplay; clipboard-write; encrypted-media; gyroscope; picture-in-picture; web-share\" referrerpolicy=\"strict-origin-when-cross-origin\" allowfullscreen><\/iframe><\/p>    <figure class=\"wp-block-image aligncenter\"><img loading=\"lazy\" decoding=\"async\" width=\"500\" height=\"600\" src=\"https:\/\/www.agriculture-machine.com\/wp-content\/uploads\/2018\/07\/corn-shelling-machine-8.jpg\" alt=\"\" class=\"wp-image-2891\" srcset=\"https:\/\/www.agriculture-machine.com\/wp-content\/uploads\/2018\/07\/corn-shelling-machine-8.jpg 500w, https:\/\/www.agriculture-machine.com\/wp-content\/uploads\/2018\/07\/corn-shelling-machine-8-225x270.jpg 225w, https:\/\/www.agriculture-machine.com\/wp-content\/uploads\/2018\/07\/corn-shelling-machine-8-450x540.jpg 450w\" sizes=\"auto, (max-width: 500px) 100vw, 500px\" \/><\/figure>    <h2 class=\"wp-block-heading\">M\u0131s\u0131r kabuk soyucu'nun uygun g\u00fcc\u00fc<\/h2>    <p>To meet customer&#8217;s different requirements, our maize thresher can be driven by a 2.2KW motor, 170F gasoline engine, or 8 HP diesel engine.<\/p>    <figure class=\"wp-block-image aligncenter\"><img loading=\"lazy\" decoding=\"async\" width=\"500\" height=\"600\" src=\"https:\/\/www.agriculture-machine.com\/wp-content\/uploads\/2018\/07\/corn-shelling-machine-9.jpg\" alt=\"\" class=\"wp-image-2892\" srcset=\"https:\/\/www.agriculture-machine.com\/wp-content\/uploads\/2018\/07\/corn-shelling-machine-9.jpg 500w, https:\/\/www.agriculture-machine.com\/wp-content\/uploads\/2018\/07\/corn-shelling-machine-9-225x270.jpg 225w, https:\/\/www.agriculture-machine.com\/wp-content\/uploads\/2018\/07\/corn-shelling-machine-9-450x540.jpg 450w\" sizes=\"auto, (max-width: 500px) 100vw, 500px\" \/><\/figure>    <h2 class=\"wp-block-heading\">M\u0131s\u0131r ay\u0131klay\u0131c\u0131n\u0131n avantajlar\u0131<\/h2>    <ol class=\"wp-block-list\"> <li>Emme fan\u0131, ko\u00e7anlardan yabanc\u0131 maddeleri, \u00f6rne\u011fin m\u0131s\u0131r ipe\u011fi, m\u0131s\u0131r kabu\u011fu, toz vb. emebilir.<\/li>    <li>D\u00f6rt tekerlekli olmas\u0131 sayesinde, m\u0131s\u0131r kabuk soyma makinesi kurulumu ve hareketi kolayd\u0131r ve \u00e7al\u0131\u015fma alan\u0131 s\u0131n\u0131rlamas\u0131 yoktur.<\/li>    <li>M\u0131s\u0131r ay\u0131klama makinesi iki fonksiyonludur, biri m\u0131s\u0131r kabu\u011funu soyma, di\u011feri ise m\u0131s\u0131r\u0131 ay\u0131klama, bu da i\u015f\u00e7ilik ve zaman tasarrufu sa\u011flar, tek fonksiyonlu makineye g\u00f6re daha ekonomiktir.<\/li>    <li>High efficiency is the most prominent feature it, can get 1-1.5t corn kernels per hour. Because the peel function and thresher function can be performed simultaneously. The most important is the threshing rate reaches 97%, which means almost all kernels can remain intact.<\/li>    <li>D\u00fc\u015f\u00fck k\u0131r\u0131k oran\u0131. %3'ten azd\u0131r.<\/li> <\/ol>    <figure class=\"wp-block-image aligncenter size-full wp-image-9072\"><img loading=\"lazy\" decoding=\"async\" width=\"500\" height=\"600\" src=\"https:\/\/www.agriculture-machine.com\/wp-content\/uploads\/2018\/07\/corn-thresher-machine.jpg\" alt=\"m\u0131s\u0131r ay\u0131klama makinesi\" class=\"wp-image-9072\" srcset=\"https:\/\/www.agriculture-machine.com\/wp-content\/uploads\/2018\/07\/corn-thresher-machine.jpg 500w, https:\/\/www.agriculture-machine.com\/wp-content\/uploads\/2018\/07\/corn-thresher-machine-225x270.jpg 225w, https:\/\/www.agriculture-machine.com\/wp-content\/uploads\/2018\/07\/corn-thresher-machine-450x540.jpg 450w\" sizes=\"auto, (max-width: 500px) 100vw, 500px\" \/><figcaption class=\"wp-element-caption\">m\u0131s\u0131r ay\u0131klama makinesi<\/figcaption><\/figure>    <h2 class=\"wp-block-heading\">M\u0131s\u0131r kabuk soyucu teknik parametreleri<\/h2>    <figure class=\"wp-block-table is-style-stripes\"><table><tbody><tr><td>Model<\/td><td>SL-AB2<\/td><\/tr><tr><td>G\u00fc\u00e7<\/td><td>2.2kw<\/td><\/tr><tr><td>Kapasite<\/td><td>1-1.5t\/h<\/td><\/tr><tr><td>A\u011f\u0131rl\u0131k<\/td><td>110kg<\/td><\/tr><tr><td>Boyut<\/td><td>1050*500*1300mm<\/td><\/tr><\/tbody><\/table><figcaption class=\"wp-element-caption\">M\u0131s\u0131r ay\u0131klama makinesi detayl\u0131 teknik verileri<\/figcaption><\/figure>    <h2 class=\"wp-block-heading\">Ba\u015far\u0131l\u0131 bir m\u0131s\u0131r kabuk soyucu \u00f6rne\u011fi<\/h2>    <p class=\"translation-block\">Yurt d\u0131\u015f\u0131na, Pakistan'a  \u00f6zellikle Afrika pazar\u0131na , (Nijerya, Gana, Kenya, Fas vb.) bir\u00e7ok konteyner m\u0131s\u0131r ay\u0131klama makinesi satt\u0131k. <\/p>    <p>Bu m\u0131s\u0131r ay\u0131klama makinesi, t\u00fcm m\u00fc\u015fterilerimiz taraf\u0131ndan \u00e7ok be\u011fenildi, bu y\u00fczden fabrikam\u0131zda en \u00e7ok satan \u00fcr\u00fcnlerden biridir. <\/p>    <p>Son zamanlarda, Zimbabve'ye 1500 adet m\u0131s\u0131r kabuk soyucu teslim ettik, bu devlet al\u0131m\u0131d\u0131r. Bu sipari\u015fi tamamlamak bir ay s\u00fcrd\u00fc ve g\u00fcvenli teslimat i\u00e7in dikkatlice paketledik.<\/p>    <figure class=\"wp-block-image aligncenter\"><img loading=\"lazy\" decoding=\"async\" width=\"500\" height=\"600\" src=\"https:\/\/www.agriculture-machine.com\/wp-content\/uploads\/2018\/07\/corn-shelling-machine-5.jpg\" alt=\"\" class=\"wp-image-2888\" srcset=\"https:\/\/www.agriculture-machine.com\/wp-content\/uploads\/2018\/07\/corn-shelling-machine-5.jpg 500w, https:\/\/www.agriculture-machine.com\/wp-content\/uploads\/2018\/07\/corn-shelling-machine-5-225x270.jpg 225w, https:\/\/www.agriculture-machine.com\/wp-content\/uploads\/2018\/07\/corn-shelling-machine-5-450x540.jpg 450w\" sizes=\"auto, (max-width: 500px) 100vw, 500px\" \/><\/figure>    <figure class=\"wp-block-image aligncenter\"><img loading=\"lazy\" decoding=\"async\" width=\"500\" height=\"600\" src=\"https:\/\/www.agriculture-machine.com\/wp-content\/uploads\/2018\/07\/corn-shelling-machine-1.jpg\" alt=\"\" class=\"wp-image-2885\" srcset=\"https:\/\/www.agriculture-machine.com\/wp-content\/uploads\/2018\/07\/corn-shelling-machine-1.jpg 500w, https:\/\/www.agriculture-machine.com\/wp-content\/uploads\/2018\/07\/corn-shelling-machine-1-225x270.jpg 225w, https:\/\/www.agriculture-machine.com\/wp-content\/uploads\/2018\/07\/corn-shelling-machine-1-450x540.jpg 450w\" sizes=\"auto, (max-width: 500px) 100vw, 500px\" \/><\/figure>    <h2 class=\"wp-block-heading\">M\u0131s\u0131r kabuk soyucu SSS<\/h2>   <div id=\"rank-math-faq\" class=\"rank-math-block\"> <div class=\"rank-math-list\"> <div id=\"faq-question-1715244983299\" class=\"rank-math-list-item\"> <h3 class=\"rank-math-question\">\u0130\u00e7 yap\u0131s\u0131 nedir?<strong> m\u0131s\u0131r ay\u0131klama makinesi?<\/strong><\/h3> <div class=\"rank-math-answer\">  <p>Bu, yukar\u0131-a\u015fa\u011f\u0131 yap\u0131ya sahip bir ay\u0131klay\u0131c\u0131d\u0131r, yani makine \u00f6nce kabu\u011funu soyup sonra m\u0131s\u0131r\u0131 ay\u0131klar.<\/p>  <\/div> <\/div> <div id=\"faq-question-1715244989064\" class=\"rank-math-list-item\"> <h3 class=\"rank-math-question\">Bu m\u0131s\u0131r kabuk soyucu'nun kapasitesi nedir?<\/h3> <div class=\"rank-math-answer\">  <p>Kapasitesi 1-1.5t\/h<\/p>  <\/div> <\/div> <div id=\"faq-question-1715245004624\" class=\"rank-math-list-item\"> <h3 class=\"rank-math-question\">Hangi yedek par\u00e7a daha hassast\u0131r? Bir makine sipari\u015f etti\u011fimde onlar\u0131 almam gerekir mi?<\/h3> <div class=\"rank-math-answer\">  <p>M\u0131s\u0131r ay\u0131klama makinesi i\u00e7indeki iki silindirin a\u015f\u0131nabilir ve y\u0131ll\u0131k de\u011fi\u015ftirilmesi gerekir. Ekstra bir tane almak daha iyi olur.<\/p>  <\/div> <\/div> <div id=\"faq-question-1715245024080\" class=\"rank-math-list-item\"> <h3 class=\"rank-math-question\">M\u0131s\u0131r kabu\u011fu tamamen soyulabilir mi?<\/h3> <div class=\"rank-math-answer\">  <p>Evet, tamamen \u00e7\u0131kar\u0131labilir ve hava ak\u0131m\u0131 fan\u0131 ile \u00fcflenebilir.<\/p>  <\/div> <\/div> <div id=\"faq-question-1715245037520\" class=\"rank-math-list-item\"> <h3 class=\"rank-math-question\">Ay\u0131klama oran\u0131 nedir?<\/h3> <div class=\"rank-math-answer\">  <p>The threshing rate can reach 98% and corn kernels are very clean after threshing.<\/p>  <\/div> <\/div> <div id=\"faq-question-1715245045096\" class=\"rank-math-list-item\"> <h3 class=\"rank-math-question\">Ay\u0131klama sonras\u0131 k\u0131r\u0131k m\u0131s\u0131r tanesi var m\u0131?<\/h3> <div class=\"rank-math-answer\">  <p>\u00d6zel malzemeden yap\u0131lm\u0131\u015f iki silindir, ay\u0131klamada \u00f6nemli rol oynar ve silindir yap\u0131s\u0131, k\u0131r\u0131k oran\u0131n\u0131 en aza indirir. B\u00f6ylece k\u0131r\u0131k oran\u0131 %3'ten azd\u0131r.<\/p>  <\/div> <\/div> <div id=\"faq-question-1715245052392\" class=\"rank-math-list-item\"> <h3 class=\"rank-math-question\">Bu m\u0131s\u0131r ay\u0131klama makinesi sadece m\u0131s\u0131r i\u00e7in mi uygundur?<\/h3> <div class=\"rank-math-answer\">  <p>Evet, bu makine sadece m\u0131s\u0131r veya m\u0131s\u0131r i\u00e7in kullan\u0131labilir, ancak farkl\u0131 \u00fcr\u00fcnleri ay\u0131klamak i\u00e7in di\u011fer \u00e7ok fonksiyonlu ay\u0131klay\u0131c\u0131lar\u0131m\u0131z da var. Daha fazla bilgi i\u00e7in bizimle ileti\u015fime ge\u00e7ebilirsiniz.<\/p>  <\/div> <\/div> <\/div> <\/div>   <h2 class=\"wp-block-heading\">Neden bizden m\u0131s\u0131r ay\u0131klay\u0131c\u0131 almal\u0131s\u0131n\u0131z?<\/h2>    <div>Biz tar\u0131m makineleri konusunda uzmanla\u015fm\u0131\u015f bir \u00fcreticiyiz. Ayr\u0131ca <a href=\"https:\/\/www.agriculture-machine.com\/tr\/multifunctional-thresher-for-maize-beans-sorghum-millet\/\">m\u0131s\u0131r ay\u0131klay\u0131c\u0131lar<\/a>, we also have corn planters, seedling machines, transplanters, peanut shelling machines, grain grinders, grass cutters, etc. At present, much African government&#8217;s poverty alleviation projects have cooperated with us and purchased a large number of agricultural machinery from us.<\/div>    <div> <\/div>    <figure class=\"wp-block-image aligncenter size-full wp-image-8658\"><img loading=\"lazy\" decoding=\"async\" width=\"720\" height=\"540\" src=\"https:\/\/www.agriculture-machine.com\/wp-content\/uploads\/2018\/07\/African-government-poverty-alleviation-project-to-purchase-agricultural-machinery.jpg\" alt=\"Afrika h\u00fck\u00fcmetleri yoksullukla m\u00fccadele projeleri kapsam\u0131nda tar\u0131m makineleri sat\u0131n almaktad\u0131r.\" class=\"wp-image-8658\" srcset=\"https:\/\/www.agriculture-machine.com\/wp-content\/uploads\/2018\/07\/African-government-poverty-alleviation-project-to-purchase-agricultural-machinery.jpg 720w, https:\/\/www.agriculture-machine.com\/wp-content\/uploads\/2018\/07\/African-government-poverty-alleviation-project-to-purchase-agricultural-machinery-360x270.jpg 360w, https:\/\/www.agriculture-machine.com\/wp-content\/uploads\/2018\/07\/African-government-poverty-alleviation-project-to-purchase-agricultural-machinery-240x180.jpg 240w\" sizes=\"auto, (max-width: 720px) 100vw, 720px\" \/><figcaption class=\"wp-element-caption\">Afrika h\u00fck\u00fcmetleri yoksullukla m\u00fccadele projeleri kapsam\u0131nda tar\u0131m makineleri sat\u0131n almaktad\u0131r.<\/figcaption><\/figure>    <h2 class=\"wp-block-heading\">\u0130stedi\u011finiz zaman bizimle ileti\u015fime ge\u00e7in<\/h2>    <p>M\u0131s\u0131r ay\u0131klama makinelerimizle ilgileniyorsan\u0131z veya herhangi bir sorunuz varsa, l\u00fctfen bizimle ileti\u015fime ge\u00e7mekten \u00e7ekinmeyin. Fabrikam\u0131z\u0131 ziyaret etmenizi, \u00fcr\u00fcnlerimiz hakk\u0131nda daha fazla bilgi edinmenizi ve sundu\u011fumuz hizmetlerin tamam\u0131n\u0131 deneyimlemenizi i\u00e7tenlikle bekliyoruz. Sizinle \u00e7al\u0131\u015fmay\u0131 d\u00f6rt g\u00f6zle bekliyoruz!<\/p>","protected":false},"excerpt":{"rendered":"<p>Bu bir m\u0131s\u0131r ay\u0131klama makinesi olup, \u00f6nce m\u0131s\u0131r kabu\u011funu soyup sonra ay\u0131klar. Bu nedenle m\u0131s\u0131r soyucu ve kabuk soyucu makine olarak da adland\u0131r\u0131l\u0131r. Y\u00fcksek ay\u0131klama oran\u0131yla, son taneler \u00e7ok temizdir.<\/p>","protected":false},"author":1,"featured_media":0,"parent":0,"comment_status":"closed","ping_status":"closed","template":"","tags":[491,2614],"product-type":[893,872],"class_list":["post-90","product","type-product","status-publish","hentry","tag-corn","tag-thresher","product-type-corn-thresher","product-type-thresher-sheller"],"_links":{"self":[{"href":"https:\/\/www.agriculture-machine.com\/tr\/wp-json\/wp\/v2\/product\/90","targetHints":{"allow":["GET"]}}],"collection":[{"href":"https:\/\/www.agriculture-machine.com\/tr\/wp-json\/wp\/v2\/product"}],"about":[{"href":"https:\/\/www.agriculture-machine.com\/tr\/wp-json\/wp\/v2\/types\/product"}],"author":[{"embeddable":true,"href":"https:\/\/www.agriculture-machine.com\/tr\/wp-json\/wp\/v2\/users\/1"}],"replies":[{"embeddable":true,"href":"https:\/\/www.agriculture-machine.com\/tr\/wp-json\/wp\/v2\/comments?post=90"}],"wp:attachment":[{"href":"https:\/\/www.agriculture-machine.com\/tr\/wp-json\/wp\/v2\/media?parent=90"}],"wp:term":[{"taxonomy":"post_tag","embeddable":true,"href":"https:\/\/www.agriculture-machine.com\/tr\/wp-json\/wp\/v2\/tags?post=90"},{"taxonomy":"product-type","embeddable":true,"href":"https:\/\/www.agriculture-machine.com\/tr\/wp-json\/wp\/v2\/product-type?post=90"}],"curies":[{"name":"wp","href":"https:\/\/api.w.org\/{rel}","templated":true}]}}