{"id":9470,"date":"2021-03-23T15:39:55","date_gmt":"2021-03-23T07:39:55","guid":{"rendered":"https:\/\/www.agriculture-machine.com\/?p=9470"},"modified":"2024-09-18T16:13:14","modified_gmt":"2024-09-18T08:13:14","slug":"sorghum-thresher-for-threshing-millet-sorghum-rape-pearl-millet","status":"publish","type":"product","link":"https:\/\/www.agriculture-machine.com\/tr\/sorghum-thresher-for-threshing-millet-sorghum-rape-pearl-millet\/","title":{"rendered":"Sorgum ay\u0131r\u0131c\u0131 | Dar\u0131 ay\u0131r\u0131c\u0131 | \u0130nci dar\u0131 ay\u0131r\u0131c\u0131"},"content":{"rendered":"<p class=\"translation-block\">Pakistan, Kazakistan, Tacikistan, Kenya, Namibya, Zambiya ve di\u011fer bir\u00e7ok \u00fclke dar\u00e7\u0131n, sorgum ve kanola yeti\u015ftirir. Bu \u00fc\u00e7 \u00fcr\u00fcn i\u00e7in, sorgum, dar\u00e7\u0131n ve kanola bi\u00e7ecekleri \u00f6zel olarak ara\u015ft\u0131r\u0131p \u00fcrettik. Piyasadaki bir\u00e7ok \u00fcretici, <a href=\"https:\/\/www.agriculture-machine.com\/tr\/multifunctional-thresher-machine\/\">\u00e7ok fonksiyonlu bi\u00e7erd\u00f6ven makineleri<\/a> sorgum, dar\u00e7\u0131n ve kanola bi\u00e7ecekleri oldu\u011funu iddia eder, ancak bi\u00e7ilme etkileri iyi de\u011fildir. Hasar oranlar\u0131 y\u00fcksektir ve kirli oranlar\u0131 da y\u00fcksektir. Bizim sorgum bi\u00e7erd\u00f6venimiz, yukar\u0131daki sorunlardan ka\u00e7\u0131n\u0131r.<\/p> <figure id=\"attachment_9735\" aria-describedby=\"caption-attachment-9735\" style=\"width: 720px\" class=\"wp-caption alignnone\"><img loading=\"lazy\" decoding=\"async\" class=\"size-full wp-image-9735\" src=\"https:\/\/www.agriculture-machine.com\/wp-content\/uploads\/2021\/03\/sorghum-1.jpg\" alt=\"sorgum\" width=\"720\" height=\"540\" srcset=\"https:\/\/www.agriculture-machine.com\/wp-content\/uploads\/2021\/03\/sorghum-1.jpg 720w, https:\/\/www.agriculture-machine.com\/wp-content\/uploads\/2021\/03\/sorghum-1-360x270.jpg 360w, https:\/\/www.agriculture-machine.com\/wp-content\/uploads\/2021\/03\/sorghum-1-240x180.jpg 240w\" sizes=\"auto, (max-width: 720px) 100vw, 720px\" \/><figcaption id=\"caption-attachment-9735\" class=\"wp-caption-text\">sorgum<\/figcaption><\/figure> <h2><strong><b>Dar\u00e7\u0131n Bi\u00e7erd\u00f6ven Makinesi Uygulamalar\u0131<\/b><\/strong><\/h2> <p>Dar\u00e7\u0131n bi\u00e7erd\u00f6ven makineleri, \u015firketimiz taraf\u0131ndan geli\u015ftirilmi\u015f yeni bir \u00fcr\u00fcnd\u00fcr ve \u00f6zellikle dar\u00e7\u0131n, sorgum ve kanola i\u00e7in kullan\u0131l\u0131r. Baz\u0131 ki\u015filer, makinenizin sadece bu \u00fc\u00e7 \u00fcr\u00fcn\u00fcn bi\u00e7ilmesinde kullan\u0131labilece\u011fini s\u00f6yleyebilir. Evet, \u00e7\u00fcnk\u00fc bu makine, sorgum ve dar\u00e7\u0131n boyutlar\u0131 ve \u00f6zelliklerine g\u00f6re \u00f6zel olarak ara\u015ft\u0131r\u0131lm\u0131\u015f ve \u00fcretilmi\u015ftir.<\/p> <div id='gallery-1' class='gallery galleryid-9470 gallery-columns-3 gallery-size-large'><figure class='gallery-item'> \t\t\t<div class='gallery-icon landscape'> \t\t\t\t<a href='https:\/\/www.agriculture-machine.com\/wp-content\/uploads\/2021\/03\/millet.jpg'><img loading=\"lazy\" decoding=\"async\" width=\"720\" height=\"540\" src=\"https:\/\/www.agriculture-machine.com\/wp-content\/uploads\/2021\/03\/millet.jpg\" class=\"attachment-large size-large\" alt=\"dar\u00e7\u0131n\" aria-describedby=\"gallery-1-9472\" srcset=\"https:\/\/www.agriculture-machine.com\/wp-content\/uploads\/2021\/03\/millet.jpg 720w, https:\/\/www.agriculture-machine.com\/wp-content\/uploads\/2021\/03\/millet-360x270.jpg 360w, https:\/\/www.agriculture-machine.com\/wp-content\/uploads\/2021\/03\/millet-240x180.jpg 240w\" sizes=\"auto, (max-width: 720px) 100vw, 720px\" \/><\/a> \t\t\t<\/div> \t\t\t\t<figcaption class='wp-caption-text gallery-caption' id='gallery-1-9472'> \t\t\t\tdar\u00e7\u0131n \t\t\t\t<\/figcaption><\/figure><figure class='gallery-item'> \t\t\t<div class='gallery-icon landscape'> \t\t\t\t<a href='https:\/\/www.agriculture-machine.com\/wp-content\/uploads\/2021\/03\/rape.jpg'><img loading=\"lazy\" decoding=\"async\" width=\"720\" height=\"540\" src=\"https:\/\/www.agriculture-machine.com\/wp-content\/uploads\/2021\/03\/rape.jpg\" class=\"attachment-large size-large\" alt=\"kanola\" aria-describedby=\"gallery-1-9473\" srcset=\"https:\/\/www.agriculture-machine.com\/wp-content\/uploads\/2021\/03\/rape.jpg 720w, https:\/\/www.agriculture-machine.com\/wp-content\/uploads\/2021\/03\/rape-360x270.jpg 360w, https:\/\/www.agriculture-machine.com\/wp-content\/uploads\/2021\/03\/rape-240x180.jpg 240w\" sizes=\"auto, (max-width: 720px) 100vw, 720px\" \/><\/a> \t\t\t<\/div> \t\t\t\t<figcaption class='wp-caption-text gallery-caption' id='gallery-1-9473'> \t\t\t\tkanola \t\t\t\t<\/figcaption><\/figure><figure class='gallery-item'> \t\t\t<div class='gallery-icon landscape'> \t\t\t\t<a href='https:\/\/www.agriculture-machine.com\/wp-content\/uploads\/2021\/03\/Sorghum-2.jpg'><img loading=\"lazy\" decoding=\"async\" width=\"720\" height=\"540\" src=\"https:\/\/www.agriculture-machine.com\/wp-content\/uploads\/2021\/03\/Sorghum-2.jpg\" class=\"attachment-large size-large\" alt=\"Sorgum-2\" aria-describedby=\"gallery-1-9474\" srcset=\"https:\/\/www.agriculture-machine.com\/wp-content\/uploads\/2021\/03\/Sorghum-2.jpg 720w, https:\/\/www.agriculture-machine.com\/wp-content\/uploads\/2021\/03\/Sorghum-2-360x270.jpg 360w, https:\/\/www.agriculture-machine.com\/wp-content\/uploads\/2021\/03\/Sorghum-2-240x180.jpg 240w\" sizes=\"auto, (max-width: 720px) 100vw, 720px\" \/><\/a> \t\t\t<\/div> \t\t\t\t<figcaption class='wp-caption-text gallery-caption' id='gallery-1-9474'> \t\t\t\tSorgum-2 \t\t\t\t<\/figcaption><\/figure><figure class='gallery-item'> \t\t\t<div class='gallery-icon landscape'> \t\t\t\t<a href='https:\/\/www.agriculture-machine.com\/wp-content\/uploads\/2021\/03\/pearl-millet.jpg'><img loading=\"lazy\" decoding=\"async\" width=\"720\" height=\"540\" src=\"https:\/\/www.agriculture-machine.com\/wp-content\/uploads\/2021\/03\/pearl-millet.jpg\" class=\"attachment-large size-large\" alt=\"dar\u00e7\u0131n-ari\" aria-describedby=\"gallery-1-9476\" srcset=\"https:\/\/www.agriculture-machine.com\/wp-content\/uploads\/2021\/03\/pearl-millet.jpg 720w, https:\/\/www.agriculture-machine.com\/wp-content\/uploads\/2021\/03\/pearl-millet-360x270.jpg 360w, https:\/\/www.agriculture-machine.com\/wp-content\/uploads\/2021\/03\/pearl-millet-240x180.jpg 240w\" sizes=\"auto, (max-width: 720px) 100vw, 720px\" \/><\/a> \t\t\t<\/div> \t\t\t\t<figcaption class='wp-caption-text gallery-caption' id='gallery-1-9476'> \t\t\t\tdar\u00e7\u0131n-ari \t\t\t\t<\/figcaption><\/figure><figure class='gallery-item'> \t\t\t<div class='gallery-icon landscape'> \t\t\t\t<a href='https:\/\/www.agriculture-machine.com\/wp-content\/uploads\/2021\/03\/Rapeseed.jpg'><img loading=\"lazy\" decoding=\"async\" width=\"720\" height=\"540\" src=\"https:\/\/www.agriculture-machine.com\/wp-content\/uploads\/2021\/03\/Rapeseed.jpg\" class=\"attachment-large size-large\" alt=\"Kanola\" aria-describedby=\"gallery-1-9477\" srcset=\"https:\/\/www.agriculture-machine.com\/wp-content\/uploads\/2021\/03\/Rapeseed.jpg 720w, https:\/\/www.agriculture-machine.com\/wp-content\/uploads\/2021\/03\/Rapeseed-360x270.jpg 360w, https:\/\/www.agriculture-machine.com\/wp-content\/uploads\/2021\/03\/Rapeseed-240x180.jpg 240w\" sizes=\"auto, (max-width: 720px) 100vw, 720px\" \/><\/a> \t\t\t<\/div> \t\t\t\t<figcaption class='wp-caption-text gallery-caption' id='gallery-1-9477'> \t\t\t\tKanola \t\t\t\t<\/figcaption><\/figure><figure class='gallery-item'> \t\t\t<div class='gallery-icon landscape'> \t\t\t\t<a href='https:\/\/www.agriculture-machine.com\/wp-content\/uploads\/2021\/03\/sorghum-seed.jpg'><img loading=\"lazy\" decoding=\"async\" width=\"720\" height=\"540\" src=\"https:\/\/www.agriculture-machine.com\/wp-content\/uploads\/2021\/03\/sorghum-seed.jpg\" class=\"attachment-large size-large\" alt=\"sorgum-tohum\" aria-describedby=\"gallery-1-9475\" srcset=\"https:\/\/www.agriculture-machine.com\/wp-content\/uploads\/2021\/03\/sorghum-seed.jpg 720w, https:\/\/www.agriculture-machine.com\/wp-content\/uploads\/2021\/03\/sorghum-seed-360x270.jpg 360w, https:\/\/www.agriculture-machine.com\/wp-content\/uploads\/2021\/03\/sorghum-seed-240x180.jpg 240w\" sizes=\"auto, (max-width: 720px) 100vw, 720px\" \/><\/a> \t\t\t<\/div> \t\t\t\t<figcaption class='wp-caption-text gallery-caption' id='gallery-1-9475'> \t\t\t\tsorgum-tohum \t\t\t\t<\/figcaption><\/figure> \t\t<\/div>  <h2>Sorgum Bi\u00e7erd\u00f6ven Makinesi \u00d6zellikleri<\/h2> <p>\u2666Makul yap\u0131 ve stabil performans: Kullan\u0131c\u0131lar, hasat edilen pirin\u00e7, dar\u00e7\u0131n ve kanolay\u0131 kurutmaya gerek kalmadan do\u011frudan bi\u00e7ecek.<\/p> <p>\u2666Basit kullan\u0131m: sadece elle besleme gerekir, makine sorgumu bi\u00e7ecek ve ay\u0131klayacakt\u0131r.<\/p> <p>\u2666Makinenin b\u00fcy\u00fck tekerlekleri sayesinde kolay hareket sa\u011flar ve \u00e7al\u0131\u015fma alan\u0131na herhangi bir k\u0131s\u0131tlama yoktur.<\/p> <p>\u2666Dar\u00e7\u0131n bi\u00e7erd\u00f6ven, ba\u011f\u0131ms\u0131z makine olarak kullan\u0131labilir veya trakt\u00f6rle birle\u015ftirilerek \u00e7al\u0131\u015fma verimlili\u011fi art\u0131r\u0131labilir.<\/p> <p>\u2666Bu model, y\u00fcksek verimlilikle \u00e7al\u0131\u015fan b\u00fcy\u00fck taneli bi\u00e7erd\u00f6vedir. Daha k\u00fc\u00e7\u00fck boyut isterseniz, l\u00fctfen ihtiya\u00e7lar\u0131n\u0131z\u0131 bize bildirin.<\/p> <p>\u2666Sorgum bi\u00e7erd\u00f6ven g\u00fc\u00e7 donan\u0131m\u0131: 7.5 ~ 11 kW elektrik motoru, elektrik yoksa 15-20 beygir dizel motoru.<\/p> <div id='gallery-2' class='gallery galleryid-9470 gallery-columns-2 gallery-size-large'><figure class='gallery-item'> \t\t\t<div class='gallery-icon landscape'> \t\t\t\t<a href='https:\/\/www.agriculture-machine.com\/wp-content\/uploads\/2021\/03\/pearl-millet-thresher-1-2.jpg'><img loading=\"lazy\" decoding=\"async\" width=\"720\" height=\"540\" src=\"https:\/\/www.agriculture-machine.com\/wp-content\/uploads\/2021\/03\/pearl-millet-thresher-1-2.jpg\" class=\"attachment-large size-large\" alt=\"dar\u00e7\u0131n-bi\u00e7erd\u00f6ven-\" aria-describedby=\"gallery-2-9745\" srcset=\"https:\/\/www.agriculture-machine.com\/wp-content\/uploads\/2021\/03\/pearl-millet-thresher-1-2.jpg 720w, https:\/\/www.agriculture-machine.com\/wp-content\/uploads\/2021\/03\/pearl-millet-thresher-1-2-360x270.jpg 360w, https:\/\/www.agriculture-machine.com\/wp-content\/uploads\/2021\/03\/pearl-millet-thresher-1-2-240x180.jpg 240w\" sizes=\"auto, (max-width: 720px) 100vw, 720px\" \/><\/a> \t\t\t<\/div> \t\t\t\t<figcaption class='wp-caption-text gallery-caption' id='gallery-2-9745'> \t\t\t\tdar\u00e7\u0131n-bi\u00e7erd\u00f6ven- \t\t\t\t<\/figcaption><\/figure><figure class='gallery-item'> \t\t\t<div class='gallery-icon landscape'> \t\t\t\t<a href='https:\/\/www.agriculture-machine.com\/wp-content\/uploads\/2021\/03\/millet-thresher-machne-2.jpg'><img loading=\"lazy\" decoding=\"async\" width=\"720\" height=\"540\" src=\"https:\/\/www.agriculture-machine.com\/wp-content\/uploads\/2021\/03\/millet-thresher-machne-2.jpg\" class=\"attachment-large size-large\" alt=\"dar\u00e7\u0131n-bi\u00e7erd\u00f6ven-makinesi\" aria-describedby=\"gallery-2-9744\" srcset=\"https:\/\/www.agriculture-machine.com\/wp-content\/uploads\/2021\/03\/millet-thresher-machne-2.jpg 720w, https:\/\/www.agriculture-machine.com\/wp-content\/uploads\/2021\/03\/millet-thresher-machne-2-360x270.jpg 360w, https:\/\/www.agriculture-machine.com\/wp-content\/uploads\/2021\/03\/millet-thresher-machne-2-240x180.jpg 240w\" sizes=\"auto, (max-width: 720px) 100vw, 720px\" \/><\/a> \t\t\t<\/div> \t\t\t\t<figcaption class='wp-caption-text gallery-caption' id='gallery-2-9744'> \t\t\t\tdar\u00e7\u0131n-bi\u00e7erd\u00f6ven-makinesi \t\t\t\t<\/figcaption><\/figure><figure class='gallery-item'> \t\t\t<div class='gallery-icon landscape'> \t\t\t\t<a href='https:\/\/www.agriculture-machine.com\/wp-content\/uploads\/2021\/03\/sorghum-thresher-combined-with-a-tractor-1-2.jpg'><img loading=\"lazy\" decoding=\"async\" width=\"720\" height=\"540\" src=\"https:\/\/www.agriculture-machine.com\/wp-content\/uploads\/2021\/03\/sorghum-thresher-combined-with-a-tractor-1-2.jpg\" class=\"attachment-large size-large\" alt=\"sorgum-bi\u00e7erd\u00f6ven-trakt\u00f6rle-birlikte--\" aria-describedby=\"gallery-2-9747\" srcset=\"https:\/\/www.agriculture-machine.com\/wp-content\/uploads\/2021\/03\/sorghum-thresher-combined-with-a-tractor-1-2.jpg 720w, https:\/\/www.agriculture-machine.com\/wp-content\/uploads\/2021\/03\/sorghum-thresher-combined-with-a-tractor-1-2-360x270.jpg 360w, https:\/\/www.agriculture-machine.com\/wp-content\/uploads\/2021\/03\/sorghum-thresher-combined-with-a-tractor-1-2-240x180.jpg 240w\" sizes=\"auto, (max-width: 720px) 100vw, 720px\" \/><\/a> \t\t\t<\/div> \t\t\t\t<figcaption class='wp-caption-text gallery-caption' id='gallery-2-9747'> \t\t\t\tsorghum-thresher-combined-with-a-tractor&#8211; \t\t\t\t<\/figcaption><\/figure><figure class='gallery-item'> \t\t\t<div class='gallery-icon landscape'> \t\t\t\t<a href='https:\/\/www.agriculture-machine.com\/wp-content\/uploads\/2021\/03\/sorghum-thresher-combined-with-a-tractor-2.jpg'><img loading=\"lazy\" decoding=\"async\" width=\"720\" height=\"540\" src=\"https:\/\/www.agriculture-machine.com\/wp-content\/uploads\/2021\/03\/sorghum-thresher-combined-with-a-tractor-2.jpg\" class=\"attachment-large size-large\" alt=\"sorgum-bi\u00e7erd\u00f6ven-trakt\u00f6rle-birlikte\" aria-describedby=\"gallery-2-9746\" srcset=\"https:\/\/www.agriculture-machine.com\/wp-content\/uploads\/2021\/03\/sorghum-thresher-combined-with-a-tractor-2.jpg 720w, https:\/\/www.agriculture-machine.com\/wp-content\/uploads\/2021\/03\/sorghum-thresher-combined-with-a-tractor-2-360x270.jpg 360w, https:\/\/www.agriculture-machine.com\/wp-content\/uploads\/2021\/03\/sorghum-thresher-combined-with-a-tractor-2-240x180.jpg 240w\" sizes=\"auto, (max-width: 720px) 100vw, 720px\" \/><\/a> \t\t\t<\/div> \t\t\t\t<figcaption class='wp-caption-text gallery-caption' id='gallery-2-9746'> \t\t\t\tsorgum-bi\u00e7erd\u00f6ven-trakt\u00f6rle-birlikte \t\t\t\t<\/figcaption><\/figure> \t\t<\/div>  <h2>Dar\u00e7\u0131n, Sorgum ve Kanola Bi\u00e7me Ko\u015fullar\u0131 Nelerdir?<\/h2> <p>Sorgum bi\u00e7erd\u00f6ven kullan\u0131rken, tah\u0131l\u0131n su i\u00e7eri\u011finin -20 oldu\u011funu unutmay\u0131n.<\/p> <p>bi\u00e7me oran\u0131: \u226599%<\/p> <p>hasar oran\u0131: \u22642.5%<\/p> <p>\u0130zlenme oran\u0131: \u22641.5%<\/p> <p>\u00e7\u0131kt\u0131: 800-1000kg\/saat<\/p> <h2>Dar\u00e7\u0131n Bi\u00e7erd\u00f6ven Makinesi \u00c7al\u0131\u015fma Videosu<\/h2> <p><iframe loading=\"lazy\" title=\"sorgum-bi\u00e7erd\u00f6ven\/dar\u00e7\u0131n-bi\u00e7erd\u00f6ven\/makinesi\/sorgum-bi\u00e7erd\u00f6ven-makinesi\" width=\"500\" height=\"281\" src=\"https:\/\/www.youtube.com\/embed\/64tL5kKASjQ?feature=oembed\" frameborder=\"0\" allow=\"accelerometer; autoplay; clipboard-write; encrypted-media; gyroscope; picture-in-picture; web-share\" referrerpolicy=\"strict-origin-when-cross-origin\" allowfullscreen><\/iframe><\/p> <h2>M\u00fc\u015fteri Durumu<\/h2> <p>Namibya'ya 3 set dar\u00e7\u0131n bi\u00e7erd\u00f6ven satt\u0131k. M\u00fc\u015fteri, \u00e7o\u011funlukla sorgum ve dar\u00e7\u0131n yeti\u015ftiriyor. B\u00fcy\u00fck bir alanda ekildi\u011fi i\u00e7in, bu dar\u00e7\u0131n bi\u00e7erd\u00f6venleri sat\u0131n ald\u0131.<\/p> <figure id=\"attachment_9741\" aria-describedby=\"caption-attachment-9741\" style=\"width: 720px\" class=\"wp-caption alignnone\"><img loading=\"lazy\" decoding=\"async\" class=\"size-full wp-image-9741\" src=\"https:\/\/www.agriculture-machine.com\/wp-content\/uploads\/2021\/03\/3-sets-of-sorghum-thresher-sold-to-Namibia-2.jpg\" alt=\"Namibya&#039;ya 3 set sorgum bi\u00e7erd\u00f6ven sat\u0131ld\u0131\" width=\"720\" height=\"540\" srcset=\"https:\/\/www.agriculture-machine.com\/wp-content\/uploads\/2021\/03\/3-sets-of-sorghum-thresher-sold-to-Namibia-2.jpg 720w, https:\/\/www.agriculture-machine.com\/wp-content\/uploads\/2021\/03\/3-sets-of-sorghum-thresher-sold-to-Namibia-2-360x270.jpg 360w, https:\/\/www.agriculture-machine.com\/wp-content\/uploads\/2021\/03\/3-sets-of-sorghum-thresher-sold-to-Namibia-2-240x180.jpg 240w\" sizes=\"auto, (max-width: 720px) 100vw, 720px\" \/><figcaption id=\"caption-attachment-9741\" class=\"wp-caption-text\">Namibya'ya 3 set sorgum bi\u00e7erd\u00f6ven sat\u0131ld\u0131<\/figcaption><\/figure> <h2>Teknik Parametreler<\/h2> <table> <tbody> <tr> <td width=\"225\"><strong><b>Model <\/b><\/strong><\/td> <td width=\"343\"><strong><b>5TGQ-100A<\/b><\/strong><\/td> <\/tr> <tr> <td width=\"225\"><strong><b>G\u00fc\u00e7 <\/b><\/strong><\/td> <td width=\"343\"><strong><b>7.5-11kw veya 12-15hp <\/b><\/strong><\/td> <\/tr> <tr> <td width=\"225\"><strong><b>Bi\u00e7me Oran\u0131<\/b><\/strong><\/td> <td width=\"343\"><strong><b>99%<\/b><\/strong><\/td> <\/tr> <tr> <td width=\"225\"><strong><b>Kapasite<\/b><\/strong><\/td> <td width=\"343\"><strong><b>1000kg\/h <\/b><\/strong><\/td> <\/tr> <tr> <td width=\"225\"><strong><b>A\u011f\u0131rl\u0131k <\/b><\/strong><\/td> <td width=\"343\"><strong><b>200kg<\/b><\/strong><\/td> <\/tr> <tr> <td width=\"225\"><strong><b>Boyut<\/b><\/strong><\/td> <td width=\"343\"><strong><b>1900*880*2380mm<\/b><\/strong><\/td> <\/tr> <\/tbody> <\/table>","protected":false},"excerpt":{"rendered":"<p>Many countries such as Pakistan, Kazakhstan, Tajikistan, Kenya, Namibia, Zambia, and other countries will grow millet, sorghum, and rape. For these three crops, we have specially researched and produced a thresher for threshing sorghum, millet, and rape. Many manufacturers on the market boast that their multifunctional thresher machines can thresh sorghum, millet, and rape, but [&hellip;]<\/p>\n","protected":false},"author":1,"featured_media":9479,"parent":0,"comment_status":"closed","ping_status":"closed","template":"","tags":[2614],"product-type":[246,2,896],"class_list":["post-9470","product","type-product","status-publish","has-post-thumbnail","hentry","tag-thresher","product-type-hot-sale","product-type-products","product-type-sorghum-millet-rapeseed-thresher"],"_links":{"self":[{"href":"https:\/\/www.agriculture-machine.com\/tr\/wp-json\/wp\/v2\/product\/9470","targetHints":{"allow":["GET"]}}],"collection":[{"href":"https:\/\/www.agriculture-machine.com\/tr\/wp-json\/wp\/v2\/product"}],"about":[{"href":"https:\/\/www.agriculture-machine.com\/tr\/wp-json\/wp\/v2\/types\/product"}],"author":[{"embeddable":true,"href":"https:\/\/www.agriculture-machine.com\/tr\/wp-json\/wp\/v2\/users\/1"}],"replies":[{"embeddable":true,"href":"https:\/\/www.agriculture-machine.com\/tr\/wp-json\/wp\/v2\/comments?post=9470"}],"wp:featuredmedia":[{"embeddable":true,"href":"https:\/\/www.agriculture-machine.com\/tr\/wp-json\/wp\/v2\/media\/9479"}],"wp:attachment":[{"href":"https:\/\/www.agriculture-machine.com\/tr\/wp-json\/wp\/v2\/media?parent=9470"}],"wp:term":[{"taxonomy":"post_tag","embeddable":true,"href":"https:\/\/www.agriculture-machine.com\/tr\/wp-json\/wp\/v2\/tags?post=9470"},{"taxonomy":"product-type","embeddable":true,"href":"https:\/\/www.agriculture-machine.com\/tr\/wp-json\/wp\/v2\/product-type?post=9470"}],"curies":[{"name":"wp","href":"https:\/\/api.w.org\/{rel}","templated":true}]}}