{"id":9825,"date":"2021-04-09T14:37:03","date_gmt":"2021-04-09T06:37:03","guid":{"rendered":"https:\/\/www.agriculture-machine.com\/?p=9825"},"modified":"2025-08-29T14:33:29","modified_gmt":"2025-08-29T06:33:29","slug":"corn-flour-machine-maize-flour-milling-machine","status":"publish","type":"product","link":"https:\/\/www.agriculture-machine.com\/tr\/corn-flour-machine-maize-flour-milling-machine\/","title":{"rendered":"M\u0131s\u0131r Unu \u00d6\u011f\u00fctme Makinesi"},"content":{"rendered":"<p>M\u0131s\u0131r unu makinesi, m\u0131s\u0131r, bu\u011fday, pirin\u00e7, tah\u0131l, baklagil ve belirli end\u00fcstriyel, kimyasal ve farmas\u00f6tik peletler i\u00e7in uygun \u00e7ok y\u00f6nl\u00fc bir \u00f6\u011f\u00fctme ekipman\u0131d\u0131r, g\u00fcnl\u00fck \u00e7\u0131k\u0131\u015f kapasitesi 350-500 kg\/h'dir. M\u0131s\u0131r\u0131n 100 mesh \u00fczeri ince toz haline getirilmesi, p\u00fcr\u00fczs\u00fcz, homojen bir y\u00fczey sa\u011flar ve karanl\u0131k noktalar\u0131 ortadan kald\u0131r\u0131r, tah\u0131l besinleri ve lezzetinin korunmas\u0131n\u0131 maksimize eder.<\/p>    <p>Y\u00fcksek bas\u0131n\u00e7l\u0131 \u00fcfleyici ve \u00e7ift hazneli mini depolama kutular\u0131 ile donat\u0131lm\u0131\u015ft\u0131r, tamamen otomatik pn\u00f6matik besleme sa\u011flar. Besleme, \u00f6\u011f\u00fctme ve elek i\u015flemleri manuel m\u00fcdahale olmadan tamamlan\u0131r, \u00fcretim verimlili\u011fini \u00f6nemli \u00f6l\u00e7\u00fcde art\u0131r\u0131r ve i\u015f\u00e7ilik maliyetlerini azalt\u0131r.<\/p>    <figure class=\"wp-block-image aligncenter size-full wp-image-9827\"><img loading=\"lazy\" decoding=\"async\" width=\"720\" height=\"540\" src=\"https:\/\/www.agriculture-machine.com\/wp-content\/uploads\/2021\/04\/maize-flour-grinding-machine.jpg\" alt=\"m\u0131s\u0131r unu \u00f6\u011f\u00fctme makinesi\" class=\"wp-image-9827\" srcset=\"https:\/\/www.agriculture-machine.com\/wp-content\/uploads\/2021\/04\/maize-flour-grinding-machine.jpg 720w, https:\/\/www.agriculture-machine.com\/wp-content\/uploads\/2021\/04\/maize-flour-grinding-machine-360x270.jpg 360w, https:\/\/www.agriculture-machine.com\/wp-content\/uploads\/2021\/04\/maize-flour-grinding-machine-240x180.jpg 240w\" sizes=\"auto, (max-width: 720px) 100vw, 720px\" \/><figcaption class=\"wp-element-caption\">m\u0131s\u0131r unu \u00f6\u011f\u00fctme makinesi<\/figcaption><\/figure>    <h2 class=\"wp-block-heading\">M\u0131s\u0131r \u00f6\u011f\u00fctme m\u0131s\u0131r de\u011firmeninin avantajlar\u0131<\/h2>    <ul class=\"wp-block-list\"> <li>Y\u00fcksek verimlilik ve enerji tasarrufu: d\u00fc\u015f\u00fck enerji t\u00fcketimi, y\u00fcksek \u00fcretim verimlili\u011fi ve istikrarl\u0131 g\u00fcnl\u00fck \u00e7\u0131kt\u0131.<\/li>    <li>Kompakt ayak izi: toplam alan 3 metrekareyi ge\u00e7mez, k\u00fc\u00e7\u00fck at\u00f6lyeler ve ev tabanl\u0131 operasyonlar i\u00e7in idealdir.<\/li>    <li>Tam otomatik \u00e7al\u0131\u015fma: besleme, \u00f6\u011f\u00fctme, elek ve s\u0131n\u0131fland\u0131rma i\u015flemlerini tek operat\u00f6r kontrol\u00fcyle otomatik yapar.<\/li>    <li>\u00c7ok y\u00f6nl\u00fc uygulama: farkl\u0131 boyuttaki m\u0131s\u0131rlar\u0131 ve di\u011fer tah\u0131llar\u0131 ve baklagilleri \u00f6\u011f\u00fct\u00fcr.<\/li>    <li>Hijyen g\u00fcvenli\u011fi: t\u00fcm temas y\u00fczeyleri paslanmaz \u00e7elikten yap\u0131lm\u0131\u015ft\u0131r, kolay temizlenir ve g\u0131da g\u00fcvenli\u011fi standartlar\u0131na uygundur.<\/li>    <li>Y\u00fcksek \u00e7\u0131kt\u0131 ve dayan\u0131kl\u0131l\u0131k: Benzer ekipmanlara g\u00f6re %5 daha y\u00fcksek \u00e7\u0131kt\u0131 sa\u011flar ve hizmet \u00f6mr\u00fc 5 y\u0131ldan fazlad\u0131r.<\/li> <\/ul>    <figure class=\"wp-block-image aligncenter size-full wp-image-9843\"><img loading=\"lazy\" decoding=\"async\" width=\"720\" height=\"540\" src=\"https:\/\/www.agriculture-machine.com\/wp-content\/uploads\/2021\/04\/corn-flour-maize-flour-sorghum-flour-1.jpg\" alt=\"m\u0131s\u0131r unu, m\u0131s\u0131r unu, sorgum unu\" class=\"wp-image-9843\" srcset=\"https:\/\/www.agriculture-machine.com\/wp-content\/uploads\/2021\/04\/corn-flour-maize-flour-sorghum-flour-1.jpg 720w, https:\/\/www.agriculture-machine.com\/wp-content\/uploads\/2021\/04\/corn-flour-maize-flour-sorghum-flour-1-360x270.jpg 360w, https:\/\/www.agriculture-machine.com\/wp-content\/uploads\/2021\/04\/corn-flour-maize-flour-sorghum-flour-1-240x180.jpg 240w\" sizes=\"auto, (max-width: 720px) 100vw, 720px\" \/><figcaption class=\"wp-element-caption\">m\u0131s\u0131r unu, m\u0131s\u0131r unu, sorgum unu<\/figcaption><\/figure>    <h2 class=\"wp-block-heading\">Bu\u011fday ve m\u0131s\u0131r unu de\u011firmeninin yap\u0131s\u0131<\/h2>    <p>M\u0131s\u0131r unu makinesinin yap\u0131s\u0131, \u00f6\u011f\u00fctme ekipman\u0131, elek ekipman\u0131 ve frenleri i\u00e7erir. A\u015fa\u011f\u0131daki \u015fekil, k\u00fc\u00e7\u00fck ev tipi m\u0131s\u0131r \u00f6\u011f\u00fctme makinesinin yap\u0131s\u0131 ve \u00f6zelliklerini detayl\u0131 olarak tan\u0131tmaktad\u0131r.<\/p>    <p>Bu tah\u0131l \u00f6\u011f\u00fctme makinesi, bir \u00f6\u011f\u00fctme silindiri, \u00f6\u011f\u00fctme ba\u015fl\u0131\u011f\u0131, fren s\u00fcrg\u00fcs\u00fc, fan, hava kilidi, yuvarlak ekran, bo\u015faltma cihaz\u0131, g\u00fc\u00e7 da\u011f\u0131t\u0131m kutusu ve di\u011fer ana bile\u015fenlerden olu\u015fur. Bunlar aras\u0131nda, g\u00fc\u00e7 da\u011f\u0131t\u0131m kutusu fabrikam\u0131za \u00f6zg\u00fcd\u00fcr. Tasar\u0131m, bir\u00e7ok m\u00fc\u015fterinin un makinemizi tercih etmesinin nedenidir.<\/p>    <figure class=\"wp-block-image aligncenter size-full wp-image-9828\"><img loading=\"lazy\" decoding=\"async\" width=\"720\" height=\"540\" src=\"https:\/\/www.agriculture-machine.com\/wp-content\/uploads\/2021\/04\/the-structure-of-corn-flour-machine.jpg\" alt=\"m\u0131s\u0131r unu makinesinin yap\u0131s\u0131\" class=\"wp-image-9828\" srcset=\"https:\/\/www.agriculture-machine.com\/wp-content\/uploads\/2021\/04\/the-structure-of-corn-flour-machine.jpg 720w, https:\/\/www.agriculture-machine.com\/wp-content\/uploads\/2021\/04\/the-structure-of-corn-flour-machine-360x270.jpg 360w, https:\/\/www.agriculture-machine.com\/wp-content\/uploads\/2021\/04\/the-structure-of-corn-flour-machine-240x180.jpg 240w\" sizes=\"auto, (max-width: 720px) 100vw, 720px\" \/><figcaption class=\"wp-element-caption\">m\u0131s\u0131r unu makinesinin yap\u0131s\u0131<\/figcaption><\/figure>    <h2 class=\"wp-block-heading\">M\u0131s\u0131r gevre\u011fi makinesi ile m\u0131s\u0131r unu makinesi aras\u0131ndaki fark<\/h2>    <ul class=\"wp-block-list\"> <li><strong>M\u0131s\u0131r soyma ve <a href=\"https:\/\/www.agriculture-machine.com\/tr\/corn-grits-making-machine\/\">gevre\u011fi yapma makinesi<\/a><\/strong> ayn\u0131 zamanda m\u0131s\u0131r taneli makineleri olarak da adland\u0131r\u0131l\u0131r. Bu makine, temizlik, soyma, germeyi \u00e7\u0131karma, k\u00f6kleri \u00e7\u0131karma, siyah g\u00f6bek \u00e7\u0131karma, k\u0131rma, m\u0131s\u0131r gevre\u011fi yapma, s\u0131n\u0131fland\u0131rma, parlatma gibi i\u015flemleri tamamlamak i\u00e7in m\u0131s\u0131r tanelerini hammadde olarak kullan\u0131r. <\/li>    <li>\u0130\u015flem bir seferde tamamlan\u0131r ve farkl\u0131 boyutlarda m\u0131s\u0131r gevre\u011fi ve m\u0131s\u0131r unu \u00fcretebilir. Bu m\u0131s\u0131r gevrekleri do\u011frudan s\u00fcpermarketlere ve tah\u0131l ve ya\u011f toptan pazarlar\u0131na giri\u015f yapabilir.<\/li> <\/ul>    <figure class=\"wp-block-image aligncenter size-full\"><img loading=\"lazy\" decoding=\"async\" width=\"720\" height=\"540\" src=\"https:\/\/www.agriculture-machine.com\/wp-content\/uploads\/2021\/04\/corn-grit-making-machine.jpg\" alt=\"m\u0131s\u0131r gevre\u011fi yapma makinesi\" class=\"wp-image-9830\" srcset=\"https:\/\/www.agriculture-machine.com\/wp-content\/uploads\/2021\/04\/corn-grit-making-machine.jpg 720w, https:\/\/www.agriculture-machine.com\/wp-content\/uploads\/2021\/04\/corn-grit-making-machine-360x270.jpg 360w, https:\/\/www.agriculture-machine.com\/wp-content\/uploads\/2021\/04\/corn-grit-making-machine-240x180.jpg 240w\" sizes=\"auto, (max-width: 720px) 100vw, 720px\" \/><figcaption class=\"wp-element-caption\">m\u0131s\u0131r gevre\u011fi yapma makinesi<\/figcaption><\/figure>    <ul class=\"wp-block-list\"> <li>The <strong>m\u0131s\u0131r unu makinesi<\/strong> elek, k\u0131rma ve un \u00f6\u011f\u00fctme i\u015flemlerinin birle\u015fimidir. Yap\u0131s\u0131 basit, kompakt ve hafiftir. Makine, m\u0131s\u0131r\u0131n m\u0131s\u0131r unu, sorgumun sorgum unu ve bu\u011fday\u0131n bu\u011fday unu haline getirilmesi i\u00e7indir. <\/li>    <li>Kullan\u0131m\u0131 \u00e7ok pratik ve esnektir. Bir makine \u00e7ok fonksiyonludur ve k\u0131rsal ve k\u00fc\u00e7\u00fck tah\u0131l ve yem i\u015fleme operasyonlar\u0131 i\u00e7in uygundur.<br><\/li> <\/ul>    <figure class=\"wp-block-image aligncenter size-full\"><img loading=\"lazy\" decoding=\"async\" width=\"720\" height=\"540\" src=\"https:\/\/www.agriculture-machine.com\/wp-content\/uploads\/2021\/04\/maize-flour-grinding-machine-1.jpg\" alt=\"m\u0131s\u0131r unu \u00f6\u011f\u00fctme makinesi\" class=\"wp-image-9831\" srcset=\"https:\/\/www.agriculture-machine.com\/wp-content\/uploads\/2021\/04\/maize-flour-grinding-machine-1.jpg 720w, https:\/\/www.agriculture-machine.com\/wp-content\/uploads\/2021\/04\/maize-flour-grinding-machine-1-360x270.jpg 360w, https:\/\/www.agriculture-machine.com\/wp-content\/uploads\/2021\/04\/maize-flour-grinding-machine-1-240x180.jpg 240w\" sizes=\"auto, (max-width: 720px) 100vw, 720px\" \/><figcaption class=\"wp-element-caption\">m\u0131s\u0131r unu \u00f6\u011f\u00fctme makinesi<\/figcaption><\/figure>    <p>Taizy Makine \u00dcretim \u015eirketi, un de\u011firmenleri, k\u00fc\u00e7\u00fck m\u0131s\u0131r unu makineleri, un de\u011firmenleri, ta\u015f un de\u011firmenleri, un makineleri ve di\u011fer ekipmanlar \u00fcretmektedir. Un de\u011firmenlerinin fiyat\u0131n\u0131 \u00f6\u011frenmek isterseniz, l\u00fctfen dan\u0131\u015f\u0131n.<\/p>    <h2 class=\"wp-block-heading\">Ba\u015far\u0131l\u0131 vakalar<\/h2>    <p>Ekipmanlar\u0131m\u0131z Zimbabwe, Kolombiya, Gana, Pakistan, Sri Lanka ve Yemen gibi 50\u2019den fazla \u00fclkeye ihra\u00e7 edilmi\u015ftir ve t\u00fcm tah\u0131l i\u015fleme end\u00fcstrisini kapsamaktad\u0131r. <\/p>    <p>Nakliye s\u0131ras\u0131nda makinenin \u00e7arp\u0131\u015fmas\u0131n\u0131 \u00f6nlemek i\u00e7in, demir raflar kullan\u0131yoruz ve ard\u0131ndan ah\u015fap kutulara paketliyoruz. Bu nedenle, ihra\u00e7 etti\u011fimiz her m\u0131s\u0131r unu de\u011firmeni herhangi bir hasar g\u00f6rmemi\u015ftir.<\/p>    <figure class=\"wp-block-gallery has-nested-images columns-3 is-cropped wp-block-gallery-2 is-layout-flex wp-block-gallery-is-layout-flex\"> <figure class=\"wp-block-image size-large\"><a href=\"https:\/\/www.agriculture-machine.com\/wp-content\/uploads\/2021\/04\/packing-maize-flour1.jpg\"><img loading=\"lazy\" decoding=\"async\" width=\"720\" height=\"540\" data-id=\"9832\" src=\"https:\/\/www.agriculture-machine.com\/wp-content\/uploads\/2021\/04\/packing-maize-flour1.jpg\" alt=\"m\u0131s\u0131r unu de\u011firmeni paketleme\" class=\"wp-image-9832\" srcset=\"https:\/\/www.agriculture-machine.com\/wp-content\/uploads\/2021\/04\/packing-maize-flour1.jpg 720w, https:\/\/www.agriculture-machine.com\/wp-content\/uploads\/2021\/04\/packing-maize-flour1-360x270.jpg 360w, https:\/\/www.agriculture-machine.com\/wp-content\/uploads\/2021\/04\/packing-maize-flour1-240x180.jpg 240w\" sizes=\"auto, (max-width: 720px) 100vw, 720px\" \/><\/a><figcaption class=\"wp-element-caption\">m\u0131s\u0131r unu de\u011firmeni paketleme<\/figcaption><\/figure>    <figure class=\"wp-block-image size-large\"><a href=\"https:\/\/www.agriculture-machine.com\/wp-content\/uploads\/2021\/04\/packing-maize-flour2.jpg\"><img loading=\"lazy\" decoding=\"async\" width=\"720\" height=\"540\" data-id=\"9833\" src=\"https:\/\/www.agriculture-machine.com\/wp-content\/uploads\/2021\/04\/packing-maize-flour2.jpg\" alt=\"m\u0131s\u0131r unu makinesi sat\u0131l\u0131k\" class=\"wp-image-9833\" srcset=\"https:\/\/www.agriculture-machine.com\/wp-content\/uploads\/2021\/04\/packing-maize-flour2.jpg 720w, https:\/\/www.agriculture-machine.com\/wp-content\/uploads\/2021\/04\/packing-maize-flour2-360x270.jpg 360w, https:\/\/www.agriculture-machine.com\/wp-content\/uploads\/2021\/04\/packing-maize-flour2-240x180.jpg 240w\" sizes=\"auto, (max-width: 720px) 100vw, 720px\" \/><\/a><figcaption class=\"wp-element-caption\">m\u0131s\u0131r unu makinesi sat\u0131l\u0131k<\/figcaption><\/figure>    <figure class=\"wp-block-image size-large\"><a href=\"https:\/\/www.agriculture-machine.com\/wp-content\/uploads\/2021\/04\/packing-maize-flour3.jpg\"><img loading=\"lazy\" decoding=\"async\" width=\"720\" height=\"540\" data-id=\"9834\" src=\"https:\/\/www.agriculture-machine.com\/wp-content\/uploads\/2021\/04\/packing-maize-flour3.jpg\" alt=\"m\u0131s\u0131r unu yap\u0131m makinesi paketi\" class=\"wp-image-9834\" srcset=\"https:\/\/www.agriculture-machine.com\/wp-content\/uploads\/2021\/04\/packing-maize-flour3.jpg 720w, https:\/\/www.agriculture-machine.com\/wp-content\/uploads\/2021\/04\/packing-maize-flour3-360x270.jpg 360w, https:\/\/www.agriculture-machine.com\/wp-content\/uploads\/2021\/04\/packing-maize-flour3-240x180.jpg 240w\" sizes=\"auto, (max-width: 720px) 100vw, 720px\" \/><\/a><figcaption class=\"wp-element-caption\">m\u0131s\u0131r unu yap\u0131m makinesi paketi<\/figcaption><\/figure> <\/figure>    <h2 class=\"wp-block-heading\">Kenya\u2019da m\u0131s\u0131r \u00f6\u011f\u00fctmek karl\u0131 m\u0131?<\/h2>    <p>Elbette, para kazand\u0131r\u0131r. Kenya \u00e7ift\u00e7ilerinin en yayg\u0131n yeti\u015ftirdi\u011fi \u00fcr\u00fcnler m\u0131s\u0131r, pirin\u00e7 ve bu\u011fdayd\u0131r. Makinemiz m\u0131s\u0131r, bu\u011fday, sorgum gibi tah\u0131llar\u0131 \u00f6\u011f\u00fctebildi\u011fi i\u00e7in, insanlar g\u0131daya g\u00fcvenir ve bir\u00e7ok \u00e7ift\u00e7i m\u0131s\u0131r unu ve bu\u011fday unu t\u00fcketir, bu da size y\u00fcksek kar sa\u011flayabilir e\u011fer bu\u011fday ve m\u0131s\u0131r un de\u011firmeni yat\u0131r\u0131m\u0131 yaparsan\u0131z.<\/p>    <h2 class=\"wp-block-heading\">Un de\u011firmeninin maliyeti ne kadar?<\/h2>    <p class=\"translation-block\">Biz profesyonel bir tar\u0131m makineleri \u00fcreticisiyiz. 500 kg\u2019l\u0131k m\u0131s\u0131r unu de\u011firmeninin yan\u0131 s\u0131ra, 600 kg, 800 kg ve 1000 kg\u2019l\u0131k m\u0131s\u0131r unu de\u011firmenlerimiz de var. Bu nedenle, her makinenin fiyat\u0131 farkl\u0131d\u0131r. E\u011fer fiyatlar\u0131 \u00f6\u011frenmek isterseniz, l\u00fctfen benimle ileti\u015fime ge\u00e7in, size <a href=\"https:\/\/www.agriculture-machine.com\/tr\/what-is-maize-flour-making-machine-price\/\"> m\u0131s\u0131r unu de\u011firmenleri fiyatlar\u0131n\u0131 <\/a> sunal\u0131m.<\/p>    <h2 class=\"wp-block-heading\">M\u0131s\u0131r unu makinesi parametreleri<\/h2>    <figure class=\"wp-block-table is-style-stripes\"><table><tbody><tr><td>Model<\/td><td>Kapasite<\/td><td>G\u00fc\u00e7<\/td><td>A\u011f\u0131rl\u0131k<\/td><td>Boyut<\/td><\/tr><tr><td>6F35<\/td><td>0.3t\/h<\/td><td>9.7kw<\/td><td>800kg<\/td><td>2450*1000*3500mm<\/td><\/tr><tr><td>6F40<\/td><td>0.35t\/h<\/td><td>13.2kw<\/td><td>1000kg<\/td><td>2450*1000*3500mm<\/td><\/tr><tr><td>6F60<\/td><td>0.5t\/h<\/td><td>17.2kw<\/td><td>1500kg<\/td><td>2550*1000*3500mm<\/td><\/tr><\/tbody><\/table><figcaption class=\"wp-element-caption\">m\u0131s\u0131r unu makinesi teknik verileri<\/figcaption><\/figure>    <h2 class=\"wp-block-heading\">\u0130stedi\u011finiz zaman bizimle ileti\u015fime ge\u00e7in<\/h2>    <p class=\"translation-block\">\u00dc\u00e7 y\u0131ldan fazla s\u00fcredir m\u0131s\u0131r ve tah\u0131l i\u015fleme ekipmanlar\u0131yla ilgileniyoruz ve ilgili ekipmanlar t\u00fcm m\u0131s\u0131r ve <a href=\"https:\/\/en.wikipedia.org\/wiki\/Grain\" target=\"_blank\" rel=\"noopener\">tah\u0131l<\/a> end\u00fcstrisini kapsar.<\/p>    <p class=\"translation-block\">\u00c7in\u2019de, ekipmanlar\u0131m\u0131z \u00f6nc\u00fc teknik seviyeye sahiptir. \u00d6rne\u011fin <a href=\"https:\/\/www.agriculture-machine.com\/tr\/corn-cleaner-machine\/\"> tah\u0131l temizleme makineleri <\/a>, <a href=\"https:\/\/www.agriculture-machine.com\/tr\/maize-skin-peeling-machine-corn-skin-peeler-maize-peeling-machine\/\"> m\u0131s\u0131r taneli soyma makineleri <\/a>, m\u0131s\u0131r de\u011firmenleri ve benzeri. Ekipmanlar\u0131m\u0131z ilgileniyorsan\u0131z, l\u00fctfen bizimle ileti\u015fime ge\u00e7in, size en iyi fiyat\u0131 sunal\u0131m.<\/p>","protected":false},"excerpt":{"rendered":"<p>M\u0131s\u0131r unu makinesi, \u00e7e\u015fitli tah\u0131llar\u0131 ince, homojen un haline getirir, i\u015f\u00e7ilikten tasarruf sa\u011flar ve minimum alan gerektirir. K\u00fc\u00e7\u00fck at\u00f6lyeler ve g\u0131da i\u015fleme end\u00fcstrisi i\u00e7in uygundur.<\/p>","protected":false},"author":1,"featured_media":9847,"parent":0,"comment_status":"closed","ping_status":"closed","template":"","tags":[491,924,135,158],"product-type":[900],"class_list":["post-9825","product","type-product","status-publish","has-post-thumbnail","hentry","tag-corn","tag-flour","tag-sorghum","tag-wheat","product-type-maize-flour-machine"],"_links":{"self":[{"href":"https:\/\/www.agriculture-machine.com\/tr\/wp-json\/wp\/v2\/product\/9825","targetHints":{"allow":["GET"]}}],"collection":[{"href":"https:\/\/www.agriculture-machine.com\/tr\/wp-json\/wp\/v2\/product"}],"about":[{"href":"https:\/\/www.agriculture-machine.com\/tr\/wp-json\/wp\/v2\/types\/product"}],"author":[{"embeddable":true,"href":"https:\/\/www.agriculture-machine.com\/tr\/wp-json\/wp\/v2\/users\/1"}],"replies":[{"embeddable":true,"href":"https:\/\/www.agriculture-machine.com\/tr\/wp-json\/wp\/v2\/comments?post=9825"}],"wp:featuredmedia":[{"embeddable":true,"href":"https:\/\/www.agriculture-machine.com\/tr\/wp-json\/wp\/v2\/media\/9847"}],"wp:attachment":[{"href":"https:\/\/www.agriculture-machine.com\/tr\/wp-json\/wp\/v2\/media?parent=9825"}],"wp:term":[{"taxonomy":"post_tag","embeddable":true,"href":"https:\/\/www.agriculture-machine.com\/tr\/wp-json\/wp\/v2\/tags?post=9825"},{"taxonomy":"product-type","embeddable":true,"href":"https:\/\/www.agriculture-machine.com\/tr\/wp-json\/wp\/v2\/product-type?post=9825"}],"curies":[{"name":"wp","href":"https:\/\/api.w.org\/{rel}","templated":true}]}}