{"id":9922,"date":"2021-04-14T18:34:07","date_gmt":"2021-04-14T10:34:07","guid":{"rendered":"https:\/\/www.agriculture-machine.com\/?p=9922"},"modified":"2024-09-18T15:53:40","modified_gmt":"2024-09-18T07:53:40","slug":"maize-skin-peeling-machine-corn-skin-peeler-maize-peeling-machine","status":"publish","type":"product","link":"https:\/\/www.agriculture-machine.com\/tr\/maize-skin-peeling-machine-corn-skin-peeler-maize-peeling-machine\/","title":{"rendered":"M\u0131s\u0131r \u00c7ekirde\u011fi Soyma Makinesi M\u0131s\u0131r Kabuk \u00c7\u0131kar\u0131c\u0131"},"content":{"rendered":"<p>M\u0131s\u0131r tanesi soyma makinesi, m\u0131s\u0131r\u0131n d\u0131\u015f kabu\u011funu, germini ve m\u0131s\u0131r tanelerini k\u00fc\u00e7\u00fck par\u00e7alara ay\u0131rmak i\u00e7in kullan\u0131l\u0131r. Bu m\u0131s\u0131r kabu\u011fu soyma makinesi, \u00f6zel malzemelerden yap\u0131lm\u0131\u015f bir z\u0131mpara silindiri ve elek kullan\u0131r. M\u0131s\u0131r, aral\u0131\u011f\u0131 ve bask\u0131y\u0131 ayarlayarak hafif\u00e7e ezilir. \u0130\u015flenmi\u015f \u00fcr\u00fcn, d\u00fczg\u00fcn, p\u00fcr\u00fczs\u00fcz, siyah germi ve kepek i\u00e7ermeyen bir yap\u0131ya sahiptir.<\/p>    <p>Genellikle 85% ile 95% aras\u0131nda soyma oranlar\u0131 elde eder, bu oran makine modeli, m\u0131s\u0131r \u00e7e\u015fidi ve m\u0131s\u0131r\u0131n nemli veya kuru olmas\u0131na ba\u011fl\u0131 olarak de\u011fi\u015febilir. Soyulduktan sonra m\u0131s\u0131r iyi bir tada sahiptir ve m\u0131s\u0131r unu, \u00e7e\u015fitli at\u0131\u015ft\u0131rmal\u0131klar vb. i\u00e7in i\u015flenmesi kolayd\u0131r. Bu makine taraf\u0131ndan \u00fcretilen kabuksuz m\u0131s\u0131r, daha y\u00fcksek kaliteli yem i\u015flemek i\u00e7in de kullan\u0131labilir. Bu makine ayr\u0131ca bu\u011fday i\u00e7in de uygundur.<\/p>    <figure class=\"wp-block-embed aligncenter is-type-video is-provider-youtube wp-block-embed-youtube wp-embed-aspect-16-9 wp-has-aspect-ratio\"><div class=\"wp-block-embed__wrapper\"> <iframe loading=\"lazy\" title=\"H\u0131zl\u0131 M\u0131s\u0131r Tanesi Soyucu!#m\u0131s\u0131r #m\u0131s\u0131rtanesi #soyucu\" width=\"500\" height=\"281\" src=\"https:\/\/www.youtube.com\/embed\/UVmJFJyhZLk?feature=oembed\" frameborder=\"0\" allow=\"accelerometer; autoplay; clipboard-write; encrypted-media; gyroscope; picture-in-picture; web-share\" referrerpolicy=\"strict-origin-when-cross-origin\" allowfullscreen><\/iframe> <\/div><figcaption class=\"wp-element-caption\">M\u0131s\u0131r tanesi soyma makinesi \u00e7al\u0131\u015fma videosu<\/figcaption><\/figure>    <p class=\"translation-block\">Bu m\u0131s\u0131r tanesi soyma makinesi d\u0131\u015f\u0131nda, ayr\u0131ca bir <a href=\"https:\/\/www.agriculture-machine.com\/tr\/corn-grits-making-machine\/\"><strong><em>m\u0131s\u0131r irmi\u011fi yapma makinesi<\/em><\/strong><\/a> de mevcuttur, bu makine m\u0131s\u0131r\u0131 soyup, \u00f6\u011f\u00fcterek m\u0131s\u0131r irmi\u011fi ve m\u0131s\u0131r unu yapar. Ayr\u0131ca, m\u0131s\u0131r soyma veya irmik yapma makinesini kullanmadan \u00f6nce, zaman ve enerji tasarrufu i\u00e7in <a href=\"https:\/\/www.agriculture-machine.com\/tr\/maize-peeler-and-thresher\/\"><strong><em>m\u0131s\u0131r sap\u0131 ay\u0131r\u0131c\u0131<\/em><\/strong><\/a> kullanabilirsiniz.<\/p>    <figure class=\"wp-block-gallery has-nested-images columns-2 is-cropped wp-block-gallery-2 is-layout-flex wp-block-gallery-is-layout-flex\"> <figure class=\"wp-block-image size-large\"><img loading=\"lazy\" decoding=\"async\" width=\"720\" height=\"540\" data-id=\"12988\" src=\"https:\/\/www.agriculture-machine.com\/wp-content\/uploads\/2022\/04\/maize-peeler0.jpg\" alt=\"M\u0131s\u0131r soyucu\" class=\"wp-image-12988\" title=\"M\u0131s\u0131r soyucu\" srcset=\"https:\/\/www.agriculture-machine.com\/wp-content\/uploads\/2022\/04\/maize-peeler0.jpg 720w, https:\/\/www.agriculture-machine.com\/wp-content\/uploads\/2022\/04\/maize-peeler0-360x270.jpg 360w, https:\/\/www.agriculture-machine.com\/wp-content\/uploads\/2022\/04\/maize-peeler0-240x180.jpg 240w\" sizes=\"auto, (max-width: 720px) 100vw, 720px\" \/><figcaption class=\"wp-element-caption\">M\u0131s\u0131r soyucu<\/figcaption><\/figure>    <figure class=\"wp-block-image size-large\"><img loading=\"lazy\" decoding=\"async\" width=\"720\" height=\"540\" data-id=\"12989\" src=\"https:\/\/www.agriculture-machine.com\/wp-content\/uploads\/2022\/04\/corn-skin-peeler0.jpg\" alt=\"M\u0131s\u0131r kabu\u011fu soyucu\" class=\"wp-image-12989\" title=\"M\u0131s\u0131r kabu\u011fu soyucu\" srcset=\"https:\/\/www.agriculture-machine.com\/wp-content\/uploads\/2022\/04\/corn-skin-peeler0.jpg 720w, https:\/\/www.agriculture-machine.com\/wp-content\/uploads\/2022\/04\/corn-skin-peeler0-360x270.jpg 360w, https:\/\/www.agriculture-machine.com\/wp-content\/uploads\/2022\/04\/corn-skin-peeler0-240x180.jpg 240w\" sizes=\"auto, (max-width: 720px) 100vw, 720px\" \/><figcaption class=\"wp-element-caption\">M\u0131s\u0131r kabu\u011fu soyucu<\/figcaption><\/figure>    <figure class=\"wp-block-image size-large\"><img loading=\"lazy\" decoding=\"async\" width=\"720\" height=\"540\" data-id=\"12990\" src=\"https:\/\/www.agriculture-machine.com\/wp-content\/uploads\/2022\/04\/Corn-kernel-peeling-machine0.jpg\" alt=\"M\u0131s\u0131r Tanesi Soyucu\" class=\"wp-image-12990\" title=\"M\u0131s\u0131r Tanesi Soyucu\" srcset=\"https:\/\/www.agriculture-machine.com\/wp-content\/uploads\/2022\/04\/Corn-kernel-peeling-machine0.jpg 720w, https:\/\/www.agriculture-machine.com\/wp-content\/uploads\/2022\/04\/Corn-kernel-peeling-machine0-360x270.jpg 360w, https:\/\/www.agriculture-machine.com\/wp-content\/uploads\/2022\/04\/Corn-kernel-peeling-machine0-240x180.jpg 240w\" sizes=\"auto, (max-width: 720px) 100vw, 720px\" \/><figcaption class=\"wp-element-caption\">M\u0131s\u0131r tanesi soyma makinesi<\/figcaption><\/figure>    <figure class=\"wp-block-image size-large\"><img loading=\"lazy\" decoding=\"async\" width=\"720\" height=\"540\" data-id=\"12991\" src=\"https:\/\/www.agriculture-machine.com\/wp-content\/uploads\/2022\/04\/Maize-skin-peeling-machine-.jpg\" alt=\"M\u0131s\u0131r kabu\u011fu soyma makinesi\" class=\"wp-image-12991\" title=\"M\u0131s\u0131r kabu\u011fu soyma makinesi\" srcset=\"https:\/\/www.agriculture-machine.com\/wp-content\/uploads\/2022\/04\/Maize-skin-peeling-machine-.jpg 720w, https:\/\/www.agriculture-machine.com\/wp-content\/uploads\/2022\/04\/Maize-skin-peeling-machine--360x270.jpg 360w, https:\/\/www.agriculture-machine.com\/wp-content\/uploads\/2022\/04\/Maize-skin-peeling-machine--240x180.jpg 240w\" sizes=\"auto, (max-width: 720px) 100vw, 720px\" \/><figcaption class=\"wp-element-caption\">M\u0131s\u0131r kabu\u011fu soyma makinesi<\/figcaption><\/figure> <\/figure>    <h2 class=\"wp-block-heading\" id=\"h-structure-of-maize-skin-peeling-machine\">M\u0131s\u0131r kabu\u011fu soyma makinesinin yap\u0131s\u0131<\/h2>    <p>This corn skin peeler machine is relatively small and easy to operate. The corn removal white skin machine can be equipped with two different power modes, a diesel engine, and an electric motor. So, the power can meet many customers&#8217; needs.<\/p>    <p>A\u015fa\u011f\u0131daki resimde g\u00f6sterildi\u011fi gibi, m\u0131s\u0131r tanesi soyma makinesi esasen bir besleyici, kontrol vida h\u0131z\u0131, k\u00fc\u00e7\u00fck tah\u0131l \u00e7\u0131k\u0131\u015f\u0131, soyma b\u0131\u00e7a\u011f\u0131, kabuk soyma \u00e7\u0131k\u0131\u015f\u0131, bitmi\u015f \u00fcr\u00fcn \u00e7\u0131k\u0131\u015f\u0131 vb. i\u00e7erir.<\/p>    <figure class=\"wp-block-image aligncenter size-full\"><img loading=\"lazy\" decoding=\"async\" width=\"720\" height=\"540\" src=\"https:\/\/www.agriculture-machine.com\/wp-content\/uploads\/2022\/04\/corn-skin-removers-structure-0.jpg\" alt=\"M\u0131s\u0131r kabu\u011fu soyucu yap\u0131s\u0131 \" class=\"wp-image-12984\" title=\"M\u0131s\u0131r kabu\u011fu soyucu yap\u0131s\u0131 \" srcset=\"https:\/\/www.agriculture-machine.com\/wp-content\/uploads\/2022\/04\/corn-skin-removers-structure-0.jpg 720w, https:\/\/www.agriculture-machine.com\/wp-content\/uploads\/2022\/04\/corn-skin-removers-structure-0-360x270.jpg 360w, https:\/\/www.agriculture-machine.com\/wp-content\/uploads\/2022\/04\/corn-skin-removers-structure-0-240x180.jpg 240w\" sizes=\"auto, (max-width: 720px) 100vw, 720px\" \/><figcaption class=\"wp-element-caption\">corn skin remover&#8217;s structure <\/figcaption><\/figure>    <h2 class=\"wp-block-heading\" id=\"h-applications-of-maize-peeling-machine\">M\u0131s\u0131r tanesi soyma makinesi uygulamalar\u0131<\/h2>    <h3 class=\"wp-block-heading\" id=\"h-it-is-suitable-for-peeling-corn-in-small-grain-processing-plants-mills\">K\u00fc\u00e7\u00fck tah\u0131l i\u015fleme tesislerinde ( de\u011firmenlerde) m\u0131s\u0131r soyma i\u00e7in uygundur<\/h3>    <p>Soyulmu\u015f m\u0131s\u0131r, m\u0131s\u0131r irmi\u011fi ve m\u0131s\u0131r unu yapmay\u0131 kolayla\u015ft\u0131r\u0131r ve kalitesi daha iyidir. Ayr\u0131ca, ev tipi m\u0131s\u0131r soyucu.<\/p>    <figure class=\"wp-block-image aligncenter size-full wp-image-9946\"><img loading=\"lazy\" decoding=\"async\" width=\"720\" height=\"540\" src=\"https:\/\/www.agriculture-machine.com\/wp-content\/uploads\/2021\/04\/corn-grits-and-cornflour.jpg\" alt=\"M\u0131s\u0131r irmi\u011fi ve m\u0131s\u0131r unu\" class=\"wp-image-9946\" srcset=\"https:\/\/www.agriculture-machine.com\/wp-content\/uploads\/2021\/04\/corn-grits-and-cornflour.jpg 720w, https:\/\/www.agriculture-machine.com\/wp-content\/uploads\/2021\/04\/corn-grits-and-cornflour-360x270.jpg 360w, https:\/\/www.agriculture-machine.com\/wp-content\/uploads\/2021\/04\/corn-grits-and-cornflour-240x180.jpg 240w\" sizes=\"auto, (max-width: 720px) 100vw, 720px\" \/><figcaption class=\"wp-element-caption\">M\u0131s\u0131r irmi\u011fi ve m\u0131s\u0131r unu<\/figcaption><\/figure>    <h3 class=\"wp-block-heading\" id=\"h-maize-peeling-machine-used-in-chicken-feed-processing-industry\">Tavuk yemi i\u015fleme sekt\u00f6r\u00fcnde kullan\u0131l\u0131r<\/h3>    <p>Geleneksel m\u0131s\u0131r tavuk yemi ve k\u00fcmes hayvanlar\u0131 yemi i\u015fleme s\u00fcrecinde, \u00e7o\u011fu m\u0131s\u0131r peletleri kullan\u0131l\u0131r. Geleneksel pelet makineleri, malzeme par\u00e7ac\u0131klar\u0131n\u0131n boyutunu di\u015flileri ayarlayarak belirler. <\/p>    <p>\u00c7\u00fcnk\u00fc pelet makineleriyle i\u015flenen haz\u0131r yem \u00fcr\u00fcnleri genellikle \u00e7ok fazla kabuk tozu ve siyah germ i\u00e7erir ve par\u00e7ac\u0131klar d\u00fczg\u00fcn de\u011fildir. Tavuk yemi piyasas\u0131, bu dezavantajlar nedeniyle genellikle pazar a\u00e7makta zorlan\u0131r. Bu y\u00fczden giderek daha fazla tavuk yemi ve k\u00fcmes hayvanlar\u0131, m\u0131s\u0131r tanesi soyma makinesi kullanmaktad\u0131r.<\/p>    <figure class=\"wp-block-image aligncenter size-full wp-image-9947\"><img loading=\"lazy\" decoding=\"async\" width=\"720\" height=\"540\" src=\"https:\/\/www.agriculture-machine.com\/wp-content\/uploads\/2021\/04\/peel-corn-white-skin.jpg\" alt=\"M\u0131s\u0131r\u0131n beyaz kabu\u011funu soyma\" class=\"wp-image-9947\" srcset=\"https:\/\/www.agriculture-machine.com\/wp-content\/uploads\/2021\/04\/peel-corn-white-skin.jpg 720w, https:\/\/www.agriculture-machine.com\/wp-content\/uploads\/2021\/04\/peel-corn-white-skin-360x270.jpg 360w, https:\/\/www.agriculture-machine.com\/wp-content\/uploads\/2021\/04\/peel-corn-white-skin-240x180.jpg 240w\" sizes=\"auto, (max-width: 720px) 100vw, 720px\" \/><figcaption class=\"wp-element-caption\">M\u0131s\u0131r\u0131n beyaz kabu\u011funu soyma<\/figcaption><\/figure>    <h2 class=\"wp-block-heading\">M\u0131s\u0131r kabu\u011fu soyucu teknik parametreleri<\/h2>    <figure class=\"wp-block-table is-style-stripes\"><table><tbody><tr><td>\u0130sim<\/td><td>M\u0131s\u0131r Soyma Makinesi<\/td><\/tr><tr><td>G\u00fc\u00e7<\/td><td>5.5kw elektrik motoru veya 12hp dizel motor<\/td><\/tr><tr><td>Kapasite<\/td><td>300-500kg\/h<\/td><\/tr><tr><td>A\u011f\u0131rl\u0131k<\/td><td>100kg<\/td><\/tr><tr><td>Boyut<\/td><td>660*450*1020mm<\/td><\/tr><\/tbody><\/table><figcaption class=\"wp-element-caption\">corn skin peeler&#8217;s parameter <\/figcaption><\/figure>    <h2 class=\"wp-block-heading\" id=\"h-what-is-the-corn-peeling-machine-price\">M\u0131s\u0131r soyma makinesi fiyat\u0131 nedir?<\/h2>    <p class=\"translation-block\">\u0130lk olarak, hangi t\u00fcr m\u0131s\u0131r tanesi soyma makinesi istedi\u011finizi netle\u015ftirmeniz gerekir. Bu k\u00fc\u00e7\u00fck m\u0131s\u0131r kabu\u011fu soyma makinemiz ve ayr\u0131ca \u00f6zel m\u0131s\u0131r irmi\u011fi yapma makinesi de mevcuttur (<strong><em><a href=\"https:\/\/www.agriculture-machine.com\/tr\/what-is-maize-flour-making-machine-price\/\">M\u0131s\u0131r Unu Yapma Makinesi Fiyat\u0131<\/a><\/em><\/strong>), bu makine ayn\u0131 zamanda m\u0131s\u0131r\u0131n beyaz kabu\u011funu soyabilir. Ancak, bu iki makinenin fiyatlar\u0131 olduk\u00e7a farkl\u0131d\u0131r.<\/p>    <p>Ayr\u0131ca, m\u0131s\u0131r tanesi soyma makinelerimiz elektrik motorlar\u0131 ve dizel motorlarla donat\u0131labilir, bu nedenle fiyat sabit de\u011fildir. M\u0131s\u0131r soyma makinesinin fiyat\u0131n\u0131 \u00f6\u011frenmek istiyorsan\u0131z, l\u00fctfen i\u015fleme istedi\u011finiz sonucu bize bildirin.<\/p>    <figure class=\"wp-block-embed aligncenter is-type-video is-provider-youtube wp-block-embed-youtube wp-embed-aspect-16-9 wp-has-aspect-ratio\"><div class=\"wp-block-embed__wrapper\"> <iframe loading=\"lazy\" title=\"Y\u00fcksek Performansl\u0131 Tah\u0131l Soyma Makinesi: Bu\u011fday, M\u0131s\u0131r ve Arpa i\u00e7in m\u00fckemmel!#tah\u0131l #soyma\" width=\"500\" height=\"281\" src=\"https:\/\/www.youtube.com\/embed\/0wQ4TkY_6SY?feature=oembed\" frameborder=\"0\" allow=\"accelerometer; autoplay; clipboard-write; encrypted-media; gyroscope; picture-in-picture; web-share\" referrerpolicy=\"strict-origin-when-cross-origin\" allowfullscreen><\/iframe> <\/div><figcaption class=\"wp-element-caption\">Tah\u0131l tanesi kabu\u011fu soyma makinesi \u00e7al\u0131\u015fma videosu<\/figcaption><\/figure>    <h2 class=\"wp-block-heading\">M\u0131s\u0131r kabu\u011fu soyman\u0131n faydalar\u0131<\/h2>    <p>M\u0131s\u0131r i\u015fleme yan \u00fcr\u00fcn\u00fc olan m\u0131s\u0131r ko\u00e7an\u0131, esas olarak lif, ni\u015fasta ve protein i\u00e7erir ve di\u011ferlerine g\u00f6re daha besleyici de\u011fildir. Ayr\u0131ca, m\u0131s\u0131r ko\u00e7an\u0131n\u0131n tad\u0131 \u00e7ok k\u00f6t\u00fc. <\/p>    <p>M\u0131s\u0131r unu, m\u0131s\u0131r irmi\u011fi ve m\u0131s\u0131r \u00fcr\u00fcnleri i\u015flenirken, \u00fcretici m\u0131s\u0131r kabu\u011funu \u00f6nceden soyacakt\u0131r.<\/p>    <ul class=\"wp-block-list\"> <li>M\u0131s\u0131r soyuldu\u011funda, m\u0131s\u0131r i\u015fleme ekipmanlar\u0131 taraf\u0131ndan \u00fcretilen m\u0131s\u0131r ko\u00e7an\u0131 daha az olur, bu da \u00fcr\u00fcn kalitesini art\u0131rabilir.<\/li>    <li>M\u0131s\u0131r\u0131n embriyo ve endospermas\u0131, kabuk taraf\u0131ndan sar\u0131lm\u0131\u015ft\u0131r. Soyulduktan sonra ayr\u0131m\u0131 kolayd\u0131r, bu da tespit verimlili\u011fini art\u0131rabilir.<\/li>    <li>Soyma sonras\u0131, \u00e7e\u015fitli m\u0131s\u0131r \u00fcr\u00fcnlerinin yenilebilir kalitesini art\u0131rabilir.<\/li>    <li>M\u0131s\u0131r\u0131n d\u0131\u015f kabu\u011funda zararl\u0131 maddeler bulunma olas\u0131l\u0131\u011f\u0131 y\u00fcksektir, bu da kabu\u011fun soyulmas\u0131yla giderilebilir ve \u00fcr\u00fcn\u00fcn safl\u0131\u011f\u0131n\u0131 art\u0131r\u0131r.<\/li> <\/ul>    <figure class=\"wp-block-gallery has-nested-images columns-default is-cropped wp-block-gallery-3 is-layout-flex wp-block-gallery-is-layout-flex\"> <figure class=\"wp-block-image size-large\"><img loading=\"lazy\" decoding=\"async\" width=\"720\" height=\"540\" data-id=\"16361\" src=\"https:\/\/www.agriculture-machine.com\/wp-content\/uploads\/2021\/04\/maize-kernel-peeler.webp\" alt=\"M\u0131s\u0131r tanesi soyucu\" class=\"wp-image-16361\" srcset=\"https:\/\/www.agriculture-machine.com\/wp-content\/uploads\/2021\/04\/maize-kernel-peeler.webp 720w, https:\/\/www.agriculture-machine.com\/wp-content\/uploads\/2021\/04\/maize-kernel-peeler-360x270.webp 360w, https:\/\/www.agriculture-machine.com\/wp-content\/uploads\/2021\/04\/maize-kernel-peeler-240x180.webp 240w, https:\/\/www.agriculture-machine.com\/wp-content\/uploads\/2021\/04\/maize-kernel-peeler-16x12.webp 16w\" sizes=\"auto, (max-width: 720px) 100vw, 720px\" \/><figcaption class=\"wp-element-caption\">M\u0131s\u0131r tanesi soyucu<\/figcaption><\/figure>    <figure class=\"wp-block-image size-large\"><img loading=\"lazy\" decoding=\"async\" width=\"720\" height=\"540\" data-id=\"16362\" src=\"https:\/\/www.agriculture-machine.com\/wp-content\/uploads\/2021\/04\/corn-kernel-peel-remover.webp\" alt=\"M\u0131s\u0131r tanesi soyucu\" class=\"wp-image-16362\" srcset=\"https:\/\/www.agriculture-machine.com\/wp-content\/uploads\/2021\/04\/corn-kernel-peel-remover.webp 720w, https:\/\/www.agriculture-machine.com\/wp-content\/uploads\/2021\/04\/corn-kernel-peel-remover-360x270.webp 360w, https:\/\/www.agriculture-machine.com\/wp-content\/uploads\/2021\/04\/corn-kernel-peel-remover-240x180.webp 240w, https:\/\/www.agriculture-machine.com\/wp-content\/uploads\/2021\/04\/corn-kernel-peel-remover-16x12.webp 16w\" sizes=\"auto, (max-width: 720px) 100vw, 720px\" \/><figcaption class=\"wp-element-caption\">M\u0131s\u0131r tanesi soyucu<\/figcaption><\/figure> <\/figure>    <h2 class=\"wp-block-heading\" id=\"h-which-countries-have-we-exported\">Makinemiz hangi \u00fclkelere ihra\u00e7 edilmi\u015ftir?<\/h2>    <p>\u0130hracat edilen m\u0131s\u0131r tanesi soyucu makineleri, ta\u015f\u0131nma s\u0131ras\u0131nda \u00e7arp\u0131\u015fmay\u0131 \u00f6nlemek i\u00e7in dikkatlice paketlenir. \u015eu anda, Ukrayna, Nijerya, Gana, Fas, Banglade\u015f, Filipinler, Malezya vb. \u00fclkelere ihracat yap\u0131yoruz. A\u015fa\u011f\u0131da, Fas\u2019taki m\u00fc\u015fterilerimize mini m\u0131s\u0131r soyucu makinelerimizi paketleme ve sevkiyat foto\u011fraflar\u0131 bulunmaktad\u0131r.<\/p>    <p>M\u00fc\u015fteri, \u00e7e\u015fitli k\u00fc\u00e7\u00fck tar\u0131m makineleri satan bir d\u00fckk\u00e2na sahip. Bu makineleri inceleyerek, yerel olarak m\u0131s\u0131r soyma talebinin oldu\u011funu fark etti. Bu y\u00fczden birka\u00e7 m\u0131s\u0131r soyma makinesi almak istiyor. Ve sonunda, 20 set m\u0131s\u0131r kabu\u011fu soyucu sipari\u015fi verdi.<\/p>    <figure class=\"wp-block-gallery has-nested-images columns-2 is-cropped wp-block-gallery-4 is-layout-flex wp-block-gallery-is-layout-flex\"> <figure class=\"wp-block-image size-large\"><a href=\"https:\/\/www.agriculture-machine.com\/wp-content\/uploads\/2022\/04\/wooden-case-packing-of-corn-skin-remover-.jpg\"><img loading=\"lazy\" decoding=\"async\" width=\"720\" height=\"540\" data-id=\"13004\" src=\"https:\/\/www.agriculture-machine.com\/wp-content\/uploads\/2022\/04\/wooden-case-packing-of-corn-skin-remover-.jpg\" alt=\"Ah\u015fap kasa paketleme m\u0131s\u0131r kabu\u011fu soyucu \" class=\"wp-image-13004\" title=\"Ah\u015fap kasa paketleme m\u0131s\u0131r kabu\u011fu soyucu \" srcset=\"https:\/\/www.agriculture-machine.com\/wp-content\/uploads\/2022\/04\/wooden-case-packing-of-corn-skin-remover-.jpg 720w, https:\/\/www.agriculture-machine.com\/wp-content\/uploads\/2022\/04\/wooden-case-packing-of-corn-skin-remover--360x270.jpg 360w, https:\/\/www.agriculture-machine.com\/wp-content\/uploads\/2022\/04\/wooden-case-packing-of-corn-skin-remover--240x180.jpg 240w\" sizes=\"auto, (max-width: 720px) 100vw, 720px\" \/><\/a><figcaption class=\"wp-element-caption\">Ah\u015fap kasa paketleme m\u0131s\u0131r kabu\u011fu soyucu<\/figcaption><\/figure>    <figure class=\"wp-block-image size-large\"><a href=\"https:\/\/www.agriculture-machine.com\/wp-content\/uploads\/2022\/04\/laoding-and-shipping-of-corn-kernel-peeler-.jpg\"><img loading=\"lazy\" decoding=\"async\" width=\"720\" height=\"540\" data-id=\"13007\" src=\"https:\/\/www.agriculture-machine.com\/wp-content\/uploads\/2022\/04\/laoding-and-shipping-of-corn-kernel-peeler-.jpg\" alt=\"M\u0131s\u0131r tanesi soyucu&#039;nun y\u00fckleme ve sevkiyat\u0131\" class=\"wp-image-13007\" title=\"M\u0131s\u0131r tanesi soyucu&#039;nun y\u00fckleme ve sevkiyat\u0131\" srcset=\"https:\/\/www.agriculture-machine.com\/wp-content\/uploads\/2022\/04\/laoding-and-shipping-of-corn-kernel-peeler-.jpg 720w, https:\/\/www.agriculture-machine.com\/wp-content\/uploads\/2022\/04\/laoding-and-shipping-of-corn-kernel-peeler--360x270.jpg 360w, https:\/\/www.agriculture-machine.com\/wp-content\/uploads\/2022\/04\/laoding-and-shipping-of-corn-kernel-peeler--240x180.jpg 240w\" sizes=\"auto, (max-width: 720px) 100vw, 720px\" \/><\/a><figcaption class=\"wp-element-caption\">M\u0131s\u0131r tanesi soyucu'nun y\u00fckleme ve sevkiyat\u0131<\/figcaption><\/figure> <\/figure>    <h2 class=\"wp-block-heading\" id=\"h-client-feedback-on-maize-skin-peeler\">M\u0131s\u0131r kabu\u011fu soyucu hakk\u0131nda m\u00fc\u015fteri geri bildirimi<\/h2>    <p>M\u00fc\u015fterilerimiz, ihra\u00e7 edilen makinelerden \u00e7ok memnundur. \u00c7\u00fcnk\u00fc, nakliye s\u0131ras\u0131nda \u00e7arp\u0131\u015fmay\u0131 \u00f6nlemek i\u00e7in makineyi g\u00fcvenli \u015fekilde paketleriz. M\u00fc\u015fteri, m\u0131s\u0131r tanesi soyma makinesini ald\u0131ktan sonra, kurulum ve kullan\u0131m konusunda dikkatli bir \u015fekilde y\u00f6nlendirme yapar\u0131z. Bu nedenle, m\u00fc\u015fterilerimizden gelen geri bildirim \u00e7ok iyidir.<\/p>    <figure class=\"wp-block-image aligncenter size-full wp-image-9945\"><img loading=\"lazy\" decoding=\"async\" width=\"720\" height=\"540\" src=\"https:\/\/www.agriculture-machine.com\/wp-content\/uploads\/2021\/04\/Client-Feedback-of-Corn-Skin-Peeler.jpg\" alt=\"M\u0131s\u0131r Kabu\u011fu Soyucu M\u00fc\u015fteri Geri Bildirimi\" class=\"wp-image-9945\" srcset=\"https:\/\/www.agriculture-machine.com\/wp-content\/uploads\/2021\/04\/Client-Feedback-of-Corn-Skin-Peeler.jpg 720w, https:\/\/www.agriculture-machine.com\/wp-content\/uploads\/2021\/04\/Client-Feedback-of-Corn-Skin-Peeler-360x270.jpg 360w, https:\/\/www.agriculture-machine.com\/wp-content\/uploads\/2021\/04\/Client-Feedback-of-Corn-Skin-Peeler-240x180.jpg 240w\" sizes=\"auto, (max-width: 720px) 100vw, 720px\" \/><figcaption class=\"wp-element-caption\">M\u0131s\u0131r Kabu\u011fu Soyucu M\u00fc\u015fteri Geri Bildirimi<\/figcaption><\/figure>    <p>E\u011fer makinelerimizle ilgileniyorsan\u0131z veya daha detayl\u0131 bilgi istiyorsan\u0131z, sa\u011fdaki formu doldurarak do\u011frudan ihtiya\u00e7lar\u0131n\u0131z\u0131 iletebilirsiniz. Size zaman\u0131nda cevap verece\u011fiz!<\/p>","protected":false},"excerpt":{"rendered":"<p>M\u0131s\u0131r tanesi soyucu, m\u0131s\u0131r\u0131n d\u0131\u015f\u0131ndaki beyaz kabu\u011fu \u00e7\u0131kar\u0131r. Soyulmu\u015f m\u0131s\u0131r, m\u0131s\u0131r irmi\u011fi yapmak gibi \u00fcr\u00fcnlerde kullan\u0131labilir.<\/p>","protected":false},"author":1,"featured_media":12983,"parent":0,"comment_status":"closed","ping_status":"closed","template":"","tags":[491,2613],"product-type":[874],"class_list":["post-9922","product","type-product","status-publish","has-post-thumbnail","hentry","tag-corn","tag-peeling","product-type-grains-peeling-machine"],"_links":{"self":[{"href":"https:\/\/www.agriculture-machine.com\/tr\/wp-json\/wp\/v2\/product\/9922","targetHints":{"allow":["GET"]}}],"collection":[{"href":"https:\/\/www.agriculture-machine.com\/tr\/wp-json\/wp\/v2\/product"}],"about":[{"href":"https:\/\/www.agriculture-machine.com\/tr\/wp-json\/wp\/v2\/types\/product"}],"author":[{"embeddable":true,"href":"https:\/\/www.agriculture-machine.com\/tr\/wp-json\/wp\/v2\/users\/1"}],"replies":[{"embeddable":true,"href":"https:\/\/www.agriculture-machine.com\/tr\/wp-json\/wp\/v2\/comments?post=9922"}],"wp:featuredmedia":[{"embeddable":true,"href":"https:\/\/www.agriculture-machine.com\/tr\/wp-json\/wp\/v2\/media\/12983"}],"wp:attachment":[{"href":"https:\/\/www.agriculture-machine.com\/tr\/wp-json\/wp\/v2\/media?parent=9922"}],"wp:term":[{"taxonomy":"post_tag","embeddable":true,"href":"https:\/\/www.agriculture-machine.com\/tr\/wp-json\/wp\/v2\/tags?post=9922"},{"taxonomy":"product-type","embeddable":true,"href":"https:\/\/www.agriculture-machine.com\/tr\/wp-json\/wp\/v2\/product-type?post=9922"}],"curies":[{"name":"wp","href":"https:\/\/api.w.org\/{rel}","templated":true}]}}