{"id":9924,"date":"2021-04-14T16:11:54","date_gmt":"2021-04-14T08:11:54","guid":{"rendered":"https:\/\/www.agriculture-machine.com\/?p=9924"},"modified":"2024-08-20T17:43:13","modified_gmt":"2024-08-20T09:43:13","slug":"vegetable-seed-planters-vegetable-sowing-machine","status":"publish","type":"product","link":"https:\/\/www.agriculture-machine.com\/tr\/vegetable-seed-planters-vegetable-sowing-machine\/","title":{"rendered":"Sebze tohum ekicileri | Sebze ekim makinesi"},"content":{"rendered":"<h2 class=\"wp-block-heading\">Sebze tohum ekicilerinin k\u0131sa tan\u0131t\u0131m\u0131<\/h2>    <p>Bir sebze dikici, y\u00fcksek otomasyonlu bir sebze ekim makinesidir. Farkl\u0131 sebzeler i\u00e7in farkl\u0131 tekerlek kal\u0131plar\u0131 kullanabilirsiniz. <\/p>    <p>Havu\u00e7, pancar, zeytin, brokoli, hardal, beyaz turp, karnabahar, \u0131spanak, amaranth, kereviz, ye\u015fil so\u011fan, ki\u015fni\u015f, deniz ye\u015fillikleri, lahana, roka, su \u0131spana\u011f\u0131 ve di\u011fer baz\u0131 sebzelerin dikimi i\u00e7in uygundur. Sebze tohum ekicileri dikimi daha h\u0131zl\u0131 ve daha verimli hale getirebilir.<\/p>    <figure class=\"wp-block-embed aligncenter is-type-video is-provider-youtube wp-block-embed-youtube wp-embed-aspect-16-9 wp-has-aspect-ratio\"><div class=\"wp-block-embed__wrapper\"> <iframe loading=\"lazy\" title=\"Sebze Ekim Makinesi | Sebze tohum ekim makinesi | manuel sebze tohum dikim\" width=\"500\" height=\"281\" src=\"https:\/\/www.youtube.com\/embed\/KYVzcSCBFWg?list=PL58YSJlfYgUlvljp-hHHOMNqePkLFUp2k\" frameborder=\"0\" allow=\"accelerometer; autoplay; clipboard-write; encrypted-media; gyroscope; picture-in-picture; web-share\" referrerpolicy=\"strict-origin-when-cross-origin\" allowfullscreen><\/iframe> <\/div><figcaption class=\"wp-element-caption\">Hassas sebze dikim ekipmanlar\u0131n\u0131n \u00e7al\u0131\u015fma videosu<\/figcaption><\/figure>    <h2 class=\"wp-block-heading\">Sebze ekim makinesinin yap\u0131lar\u0131<\/h2>    <p>Bir sebze ekici makinesi, bir silindir, tohum kutular\u0131, tohum \u00f6l\u00e7\u00fcm cihaz\u0131, hendek a\u00e7\u0131c\u0131, toprak kapama, ara\u00e7lar, lastikler, benzinli motor, kol\u00e7ak vb. bile\u015fenlerden olu\u015fur. Silindir, tohum \u00f6l\u00e7\u00fcm cihaz\u0131na g\u00fc\u00e7 sa\u011flar, b\u00fcy\u00fck \u00e7apl\u0131d\u0131r ve kenar\u0131nda tutma pen\u00e7esi bulunur. <\/p>    <p>Bask\u0131 tekerle\u011fi k\u00fc\u00e7\u00fck \u00e7apl\u0131 ve d\u00fczg\u00fcn y\u00fczeylidir, baz\u0131lar\u0131 elastikiyeti sayesinde kili \u00f6nlemek i\u00e7in kau\u00e7uk kapl\u0131d\u0131r. Bu iki tekerlek ayr\u0131ca arazi profilini belirleme ve derinlik s\u0131n\u0131rland\u0131rma i\u015flevi g\u00f6r\u00fcr. Tohum kutular\u0131n\u0131n modlar\u0131 farkl\u0131 sebze ekimi i\u00e7in farkl\u0131d\u0131r. Bunu kolayca ve \u00f6zg\u00fcrce de\u011fi\u015ftirebilirsiniz.<\/p>    <figure class=\"wp-block-image aligncenter size-full wp-image-9928\"><img loading=\"lazy\" decoding=\"async\" width=\"720\" height=\"540\" src=\"https:\/\/www.agriculture-machine.com\/wp-content\/uploads\/2021\/04\/structures-of-vegetable-seed-sowing-machine.jpg\" alt=\"sebze tohum ekim makinesinin yap\u0131lar\u0131\" class=\"wp-image-9928\" srcset=\"https:\/\/www.agriculture-machine.com\/wp-content\/uploads\/2021\/04\/structures-of-vegetable-seed-sowing-machine.jpg 720w, https:\/\/www.agriculture-machine.com\/wp-content\/uploads\/2021\/04\/structures-of-vegetable-seed-sowing-machine-360x270.jpg 360w, https:\/\/www.agriculture-machine.com\/wp-content\/uploads\/2021\/04\/structures-of-vegetable-seed-sowing-machine-240x180.jpg 240w\" sizes=\"auto, (max-width: 720px) 100vw, 720px\" \/><figcaption class=\"wp-element-caption\">sebze tohum ekim makinesinin yap\u0131lar\u0131<\/figcaption><\/figure>    <h2 class=\"wp-block-heading\">Tohum ekim makinesi kullanman\u0131n avantajlar\u0131<\/h2>    <ol class=\"wp-block-list\"> <li>Zaman ve \u00e7ok fazla emek tasarrufu sa\u011flar. Manuel ekimle kar\u015f\u0131la\u015ft\u0131r\u0131ld\u0131\u011f\u0131nda, sebze tohum ekicilerinin h\u0131z\u0131 i\u015f\u00e7ilerin h\u0131z\u0131ndan 15 kat fazlad\u0131r.<\/li>    <li>Ekim etkisi de daha iyidir. Tek bir bitkinin fide g\u00fc\u00e7leri daha sa\u011flamd\u0131r ve verim  ila   artabilir.<\/li>    <li>Bu makine kullan\u0131m\u0131 kolayd\u0131r. Sebze dikenleri aras\u0131nda pop\u00fclerdir.<\/li>    <li>Bir\u00e7ok sebze ekimi i\u00e7in uygundur. Sebze tohum ekicilerinin ara\u015ft\u0131rma ve geli\u015ftirme s\u00fcreci y\u0131llar s\u00fcren iyile\u015ftirme ve geli\u015fim gerektirir. M\u00fc\u015fterilerin t\u00fcm ihtiya\u00e7lar\u0131n\u0131 kar\u015f\u0131layabilir ve \u00e7e\u015fitli sebzelerin dikimine uygundur.<\/li>    <li>Sebze ekici \u00fcreticilerinin temel teknoloji ara\u015ft\u0131rma ve geli\u015ftirme ekibi g\u00fc\u00e7l\u00fcd\u00fcr. S\u00fcrecin ara\u015ft\u0131rma ve geli\u015ftirilmesi s\u0131ras\u0131nda, do\u011fru ekim s\u00fcrecinin gereksinimleri ve detaylar\u0131 tam olarak dikkate al\u0131nabilir. Bu nedenle, sebze ekim s\u00fcreci daha profesyonel ve y\u00fcksek verimli olabilir.<\/li> <\/ol>    <figure class=\"wp-block-image aligncenter size-full wp-image-9929\"><img loading=\"lazy\" decoding=\"async\" width=\"720\" height=\"540\" src=\"https:\/\/www.agriculture-machine.com\/wp-content\/uploads\/2021\/04\/vegetable-seed-sowing.jpg\" alt=\"sebze tohum ekimi\" class=\"wp-image-9929\" srcset=\"https:\/\/www.agriculture-machine.com\/wp-content\/uploads\/2021\/04\/vegetable-seed-sowing.jpg 720w, https:\/\/www.agriculture-machine.com\/wp-content\/uploads\/2021\/04\/vegetable-seed-sowing-360x270.jpg 360w, https:\/\/www.agriculture-machine.com\/wp-content\/uploads\/2021\/04\/vegetable-seed-sowing-240x180.jpg 240w\" sizes=\"auto, (max-width: 720px) 100vw, 720px\" \/><figcaption class=\"wp-element-caption\">sebze tohum ekimi<\/figcaption><\/figure>    <h2 class=\"wp-block-heading\">Sebze tohum ekim makinesinin \u00e7al\u0131\u015fma prensibi<\/h2>    <p>Sebze tohum ekicilerinin \u00e7al\u0131\u015fma prensibi, saat kontrol sistemi kullanarak bir sonraki tohum say\u0131s\u0131n\u0131 hassas \u015fekilde kontrol etmektir. <\/p>    <p>Ekim s\u0131ras\u0131nda, mesafeye g\u00f6re ayarlanabilir ve tohumlar d\u00fczenli olarak topra\u011fa g\u00f6m\u00fclebilir, derinlik de ayarlanabilir. <\/p>    <p>Bu, dikim etkisini art\u0131rabilir, yapay olarak fideyi e\u011fmek i\u00e7in gereken eme\u011fi azalt\u0131r ve bitkilerin b\u00fcy\u00fcmesini her zaman kontrol etme ihtiyac\u0131n\u0131 ortadan kald\u0131r\u0131r.<\/p>    <h2 class=\"wp-block-heading\">Sebze tohum ekici makinesi ihracat\u0131<\/h2>    <p class=\"translation-block\"><a href=\"https:\/\/www.agriculture-machine.com\/tr\/\">Zhengzhou Taizy Machinery Co., Ltd<\/a> 10 y\u0131ld\u0131r makine ve ekipman ihracat\u0131yla u\u011fra\u015fmaktad\u0131r. Makine ihracat \u015fehirleri, d\u00fcnya genelinde 100'den fazla \u00fclkeyi kapsamaktad\u0131r. <\/p>    <p class=\"translation-block\">Ayr\u0131ca, el ile \u00e7al\u0131\u015fan <a href=\"https:\/\/www.agriculture-machine.com\/tr\/hand-operated-maize-corn-planter-machine-peanut-plant\/\">m\u0131s\u0131r ekici makinesi<\/a> ve yerf\u0131st\u0131\u011f\u0131 ekici makineleri de sat\u0131\u015fa sunulmu\u015ftur, ihtiya\u00e7lar\u0131n\u0131za g\u00f6re se\u00e7ebilirsiniz. Sebze tohum ekicilerimiz iyi paketlenmi\u015f olup, ihracat makineleri hasar g\u00f6rmeyecektir. <\/p>    <p>Makine i\u00e7in tam sat\u0131\u015f sonras\u0131 hizmeti sa\u011fl\u0131yoruz. Kurulum veya kullan\u0131m s\u0131ras\u0131nda zorluk ya\u015farsan\u0131z, personelimizle ileti\u015fime ge\u00e7ebilirsiniz, size en k\u0131sa s\u00fcrede yard\u0131mc\u0131 olaca\u011f\u0131z.<\/p>    <figure class=\"wp-block-image aligncenter size-full wp-image-9991\"><img loading=\"lazy\" decoding=\"async\" width=\"720\" height=\"540\" src=\"https:\/\/www.agriculture-machine.com\/wp-content\/uploads\/2021\/04\/seed-discs.jpg\" alt=\"sebze tohum ekicilerinin tohum diskleri\" class=\"wp-image-9991\" srcset=\"https:\/\/www.agriculture-machine.com\/wp-content\/uploads\/2021\/04\/seed-discs.jpg 720w, https:\/\/www.agriculture-machine.com\/wp-content\/uploads\/2021\/04\/seed-discs-360x270.jpg 360w, https:\/\/www.agriculture-machine.com\/wp-content\/uploads\/2021\/04\/seed-discs-240x180.jpg 240w\" sizes=\"auto, (max-width: 720px) 100vw, 720px\" \/><figcaption class=\"wp-element-caption\">tohum diskleri<\/figcaption><\/figure>    <h2 class=\"wp-block-heading\">Tohum ekim makinesi teknik parametreleri<\/h2>    <figure class=\"wp-block-table is-style-stripes\"><table><tbody><tr><td>\u0130sim<\/td><td>Sebze Ekim Makinesi<\/td><\/tr><tr><td>Model<\/td><td>SC-9<\/td><\/tr><tr><td>S\u0131ralar<\/td><td>1-14<\/td><\/tr><tr><td>Tohumlar<\/td><td>\u0131spanak, havu\u00e7, kereviz, vb.<\/td><\/tr><tr><td>G\u00fc\u00e7<\/td><td>Benzinli Motor<\/td><\/tr><tr><td>Paketleme Boyutu<\/td><td>116*126*87cm<\/td><\/tr><tr><td>A\u011f\u0131rl\u0131k<\/td><td>160kg<\/td><\/tr><\/tbody><\/table><figcaption class=\"wp-element-caption\">sebze tohum ekicilerinin parametreleri<\/figcaption><\/figure>    <h2 class=\"wp-block-heading\">SSS<\/h2>   <div id=\"rank-math-faq\" class=\"rank-math-block\"> <div class=\"rank-math-list\"> <div id=\"faq-question-1709536974282\" class=\"rank-math-list-item\"> <h3 class=\"rank-math-question\">Neden bu makine farkl\u0131 sebze tohum ekimi i\u00e7in uygundur?<\/h3> <div class=\"rank-math-answer\">  <p>Farkl\u0131 modellerde tohum kutular\u0131 sa\u011fl\u0131yoruz. Farkl\u0131 sebzeler i\u00e7in farkl\u0131 tekerlek kal\u0131plar\u0131.<\/p>  <\/div> <\/div> <div id=\"faq-question-1709536980970\" class=\"rank-math-list-item\"> <h3 class=\"rank-math-question\">Tohum aral\u0131\u011f\u0131 \u00e7ok yo\u011fun mu yoksa \u00e7ok gev\u015fek mi olacak?<\/h3> <div class=\"rank-math-answer\">  <p>Tohum aral\u0131\u011f\u0131n\u0131, sebze tohum ekicisinin di\u015fini ve ekim disklerini de\u011fi\u015ftirerek ayarlayabilirsiniz.<\/p>  <\/div> <\/div> <div id=\"faq-question-1709537012297\" class=\"rank-math-list-item\"> <h3 class=\"rank-math-question\">Sebze tohum ekim makinesi hangi fonksiyonlara sahiptir?<\/h3> <div class=\"rank-math-answer\">  <p class=\"translation-block\">Ekim makinesinin silindiri topra\u011f\u0131 d\u00fczle\u015ftirebilir. Tohum kutusu \u00e7e\u015fitli <a href=\"https:\/\/en.wikipedia.org\/wiki\/Vegetable\" target=\"_blank\" rel=\"noopener\">sebze<\/a> tohumlar\u0131n\u0131 depolayabilir. Daha sonra farkl\u0131 sebze dikimi ve sebze dikim alanlar\u0131 i\u00e7in ihtiya\u00e7lar\u0131n\u0131za g\u00f6re tohum disklerini de\u011fi\u015ftirebilirsiniz. Bu, ekim s\u00fcrecinizi daha kolay ve daha verimli hale getirir.<\/p>  <\/div> <\/div> <\/div> <\/div>   <h2 class=\"wp-block-heading\">\u0130stedi\u011finiz zaman bizimle ileti\u015fime ge\u00e7in<\/h2>    <p>If you are interested in our seeder or have any questions, don&#8217;t hesitate to contact us! Our enthusiastic customer service team is always ready to provide you with professional advice and support. Meanwhile, we sincerely welcome you to visit our factory and witness the excellent quality and advanced technology of our products. We look forward to serving you!<\/p>","protected":false},"excerpt":{"rendered":"<p>Sebze tohum ekicileri, hassas sebze tohum ekimi i\u00e7in faydal\u0131d\u0131r. Sebze dikimini daha kolay ve y\u00fcksek verimli hale getirir.<\/p>","protected":false},"author":1,"featured_media":9930,"parent":0,"comment_status":"closed","ping_status":"closed","template":"","tags":[927,926,928,929,930],"product-type":[870,885],"class_list":["post-9924","product","type-product","status-publish","has-post-thumbnail","hentry","tag-onion-seedlings","tag-pumpkin-seedlings","tag-vegetable-seed-planters","tag-vegetable-seed-sowing","tag-vegetable-seedling","product-type-planter","product-type-vegetable-planter"],"_links":{"self":[{"href":"https:\/\/www.agriculture-machine.com\/tr\/wp-json\/wp\/v2\/product\/9924","targetHints":{"allow":["GET"]}}],"collection":[{"href":"https:\/\/www.agriculture-machine.com\/tr\/wp-json\/wp\/v2\/product"}],"about":[{"href":"https:\/\/www.agriculture-machine.com\/tr\/wp-json\/wp\/v2\/types\/product"}],"author":[{"embeddable":true,"href":"https:\/\/www.agriculture-machine.com\/tr\/wp-json\/wp\/v2\/users\/1"}],"replies":[{"embeddable":true,"href":"https:\/\/www.agriculture-machine.com\/tr\/wp-json\/wp\/v2\/comments?post=9924"}],"wp:featuredmedia":[{"embeddable":true,"href":"https:\/\/www.agriculture-machine.com\/tr\/wp-json\/wp\/v2\/media\/9930"}],"wp:attachment":[{"href":"https:\/\/www.agriculture-machine.com\/tr\/wp-json\/wp\/v2\/media?parent=9924"}],"wp:term":[{"taxonomy":"post_tag","embeddable":true,"href":"https:\/\/www.agriculture-machine.com\/tr\/wp-json\/wp\/v2\/tags?post=9924"},{"taxonomy":"product-type","embeddable":true,"href":"https:\/\/www.agriculture-machine.com\/tr\/wp-json\/wp\/v2\/product-type?post=9924"}],"curies":[{"name":"wp","href":"https:\/\/api.w.org\/{rel}","templated":true}]}}