{"id":9960,"date":"2021-04-16T10:56:11","date_gmt":"2021-04-16T02:56:11","guid":{"rendered":"https:\/\/www.agriculture-machine.com\/?p=9960"},"modified":"2024-09-23T11:21:59","modified_gmt":"2024-09-23T03:21:59","slug":"garlic-planting-machine-garlic-planter-for-sale-method-of-planting-garlic","status":"publish","type":"product","link":"https:\/\/www.agriculture-machine.com\/tr\/garlic-planting-machine-garlic-planter-for-sale-method-of-planting-garlic\/","title":{"rendered":"Sar\u0131msak dikim makinesi | Sat\u0131l\u0131k sar\u0131msak ekim makinesi"},"content":{"rendered":"<h2 class=\"wp-block-heading\">Sar\u0131msak ekim makinesinin k\u0131sa tan\u0131t\u0131m\u0131<\/h2>    <p class=\"translation-block\"><strong>Sar\u0131msak ekim makinesi<\/strong>, b\u00fcy\u00fck \u00f6l\u00e7ekli ve mekanize sar\u0131msak ekimi i\u00e7in uygun bir tar\u0131m ekicisidir. Farkl\u0131 t\u00fcrde sar\u0131msak ekicileri farkl\u0131 g\u00fc\u00e7lerle donat\u0131lm\u0131\u015ft\u0131r.<\/p>    <p>Bu sar\u0131msak ekim makinesi, her sar\u0131msak tohumunun do\u011fru konumland\u0131r\u0131lmas\u0131n\u0131 ve ekilmesini sa\u011flamak i\u00e7in hassas konumland\u0131rma sistemine sahiptir, bu da ekim ba\u015far\u0131s\u0131n\u0131 maksimize eder.<\/p>    <figure class=\"wp-block-embed is-type-video is-provider-youtube wp-block-embed-youtube wp-embed-aspect-16-9 wp-has-aspect-ratio\"><div class=\"wp-block-embed__wrapper\"> <iframe loading=\"lazy\" title=\"Sar\u0131msak ekici, Sar\u0131msak ekim makinesi, Otomatik sar\u0131msak ekimi, Sar\u0131msak ekim y\u00f6ntemi\" width=\"500\" height=\"281\" src=\"https:\/\/www.youtube.com\/embed\/aze8r_tBbwc?feature=oembed\" frameborder=\"0\" allow=\"accelerometer; autoplay; clipboard-write; encrypted-media; gyroscope; picture-in-picture; web-share\" referrerpolicy=\"strict-origin-when-cross-origin\" allowfullscreen><\/iframe> <\/div><figcaption class=\"wp-element-caption\">Verimli sar\u0131msak ekim makinesi \u00e7al\u0131\u015fma alan\u0131<\/figcaption><\/figure>    <p class=\"translation-block\">Ba\u011f\u0131ms\u0131z kullan\u0131m i\u00e7in benzinli motorla donat\u0131labilir veya \u00e7ift\u00e7iler taraf\u0131ndan yayg\u0131n olarak kullan\u0131lan k\u00fc\u00e7\u00fck ve orta \u00f6l\u00e7ekli <a href=\"https:\/\/www.agriculture-machine.com\/tr\/walking-tractor-simplicity-walking-tractor\/\">tar\u0131m trakt\u00f6rleri<\/a> ile birlikte kullan\u0131labilir. Sar\u0131msak ekimi manuel olarak d\u00fc\u015f\u00fck verimlilik ve y\u00fcksek zaman maliyetine sahiptir. Mekanik sar\u0131msak ekici kullanmak, ekim i\u015f\u00e7ilik maliyetlerini azaltabilir ve daha b\u00fcy\u00fck ekonomik faydalar sa\u011flayabilir.<\/p>    <figure class=\"wp-block-image aligncenter size-full wp-image-9977\"><img loading=\"lazy\" decoding=\"async\" width=\"720\" height=\"540\" src=\"https:\/\/www.agriculture-machine.com\/wp-content\/uploads\/2021\/04\/plant-garlic.jpg\" alt=\"Sar\u0131msak dikmek\" class=\"wp-image-9977\" srcset=\"https:\/\/www.agriculture-machine.com\/wp-content\/uploads\/2021\/04\/plant-garlic.jpg 720w, https:\/\/www.agriculture-machine.com\/wp-content\/uploads\/2021\/04\/plant-garlic-360x270.jpg 360w, https:\/\/www.agriculture-machine.com\/wp-content\/uploads\/2021\/04\/plant-garlic-240x180.jpg 240w\" sizes=\"auto, (max-width: 720px) 100vw, 720px\" \/><figcaption class=\"wp-element-caption\">Sar\u0131msak dikmek<\/figcaption><\/figure>    <h2 class=\"wp-block-heading\">Sar\u0131msak ekim makinesi yap\u0131s\u0131<\/h2>    <p>Sar\u0131msak ekici, sar\u0131msak kutular\u0131, konvey\u00f6r, \u00f6n tekerlek, arka tekerlek, red\u00fckt\u00f6r, disk \u00e7apa, transmisyon zinciri, di\u015fli, mesafe kontrol\u00fc, derinlik ayar\u0131 ve di\u011fer bile\u015fenlerden olu\u015fur.<\/p>    <p>\u00d6n ve arka tekerlekler zemini d\u00fczler. Disk \u00e7apa, tohumlar\u0131 g\u00f6mmek i\u00e7in hendek kazmaktan sorumludur. Hendek derinli\u011fi ve t\u00fcrler aras\u0131ndaki mesafe kendiniz ayarlanabilir. Di\u015fli ve konvey\u00f6r, tohumlar\u0131n ta\u015f\u0131nmas\u0131ndan sorumludur. Otomatik \u00e7al\u0131\u015fma s\u00fcreci, sar\u0131msak ekimini kolayla\u015ft\u0131r\u0131r.<\/p>    <figure class=\"wp-block-image aligncenter size-full wp-image-9976\"><img loading=\"lazy\" decoding=\"async\" width=\"720\" height=\"540\" src=\"https:\/\/www.agriculture-machine.com\/wp-content\/uploads\/2021\/04\/structure-of-garlic-planter.jpg\" alt=\"Sar\u0131msak ekim makinesi yap\u0131s\u0131\" class=\"wp-image-9976\" srcset=\"https:\/\/www.agriculture-machine.com\/wp-content\/uploads\/2021\/04\/structure-of-garlic-planter.jpg 720w, https:\/\/www.agriculture-machine.com\/wp-content\/uploads\/2021\/04\/structure-of-garlic-planter-360x270.jpg 360w, https:\/\/www.agriculture-machine.com\/wp-content\/uploads\/2021\/04\/structure-of-garlic-planter-240x180.jpg 240w\" sizes=\"auto, (max-width: 720px) 100vw, 720px\" \/><figcaption class=\"wp-element-caption\">Sar\u0131msak ekim makinesi yap\u0131s\u0131<\/figcaption><\/figure>    <h2 class=\"wp-block-heading\">Sar\u0131msak ekiminde avantajlar<\/h2>    <p>1. Makinenin etkili ve makul yap\u0131land\u0131rmas\u0131, stabil, g\u00fcvenilir ve verimli bir \u00e7al\u0131\u015fma s\u00fcreci sa\u011flar.<br>2. Sar\u0131msak tohumlar\u0131n\u0131n y\u00f6n\u00fcn\u00fc h\u0131zla ayarlayarak, tohumlar\u0131n yukar\u0131 bakmas\u0131n\u0131 sa\u011flay\u0131n ve ekim ba\u015far\u0131 oran\u0131n\u0131 art\u0131r\u0131n.<br>3. Otomatik sar\u0131msak ekimi i\u015f\u00e7ilik maliyetlerini azaltabilir. Ekim alan\u0131 geni\u015ftir ve yapay ekim maliyetlidir. Makine kullan\u0131m\u0131 maliyetleri azaltabilir ve ekonomik verimlili\u011fi art\u0131rabilir.<br>4. Ekim yo\u011funlu\u011fu makul ve tohumlama e\u015fittir. Ekim ba\u015far\u0131 oran\u0131n\u0131 ve sar\u0131msak verimini art\u0131r\u0131r.<\/p>    <figure class=\"wp-block-image aligncenter size-full wp-image-9978\"><img loading=\"lazy\" decoding=\"async\" width=\"720\" height=\"540\" src=\"https:\/\/www.agriculture-machine.com\/wp-content\/uploads\/2021\/04\/garlic-harvesting.jpg\" alt=\"Sar\u0131msak hasad\u0131\" class=\"wp-image-9978\" srcset=\"https:\/\/www.agriculture-machine.com\/wp-content\/uploads\/2021\/04\/garlic-harvesting.jpg 720w, https:\/\/www.agriculture-machine.com\/wp-content\/uploads\/2021\/04\/garlic-harvesting-360x270.jpg 360w, https:\/\/www.agriculture-machine.com\/wp-content\/uploads\/2021\/04\/garlic-harvesting-240x180.jpg 240w\" sizes=\"auto, (max-width: 720px) 100vw, 720px\" \/><figcaption class=\"wp-element-caption\">Sar\u0131msak hasad\u0131<\/figcaption><\/figure>    <h2 class=\"wp-block-heading\">Sar\u0131msak ekici \u00e7al\u0131\u015fma prensibi<\/h2>    <p>Sar\u0131msak tohumlar\u0131 tohum kutular\u0131na yerle\u015ftirilir. G\u00fc\u00e7 ayg\u0131t\u0131 sar\u0131msak ekiciyi hareket ettirir. Topraklama tekerle\u011fi di\u015fliyi d\u00f6nd\u00fcr\u00fcr. Tekerlek ve di\u015fli, transmisyon zinciri etkisi alt\u0131nda senkronize d\u00f6ner. Tekerlek, konvey\u00f6r\u00fc sar\u0131msak tohumlar\u0131n\u0131 ta\u015f\u0131mak i\u00e7in \u00e7al\u0131\u015ft\u0131r\u0131r. <\/p>    <p>Mekanik sar\u0131msak ekici basit bir yap\u0131ya sahiptir. Kullan\u0131m\u0131 kolayd\u0131r ve i\u015f\u00e7ilik verimlili\u011fini ve ekim kalitesini art\u0131rabilir. <\/p>    <p>Farkl\u0131 t\u00fcrde makineler mevcuttur. 4 s\u0131ral\u0131 sar\u0131msak ekici ve 5 s\u0131ral\u0131 sar\u0131msak ekici gibi k\u00fc\u00e7\u00fck makineler dizel motorla donat\u0131lm\u0131\u015ft\u0131r. <\/p>    <p>10 s\u0131ral\u0131 sar\u0131msak ekim makinesi gibi b\u00fcy\u00fck makineler trakt\u00f6rlerle g\u00fc\u00e7lendirilebilir. \u00c7e\u015fitli makineler mevcuttur ve size uygun makineleri \u00f6nerece\u011fiz.<\/p>    <h2 class=\"wp-block-heading\">Sar\u0131msak ekici parametreleri<\/h2>    <figure class=\"wp-block-table is-style-stripes\"><table><tbody><tr><td>Model<\/td><td>GP-6<\/td><\/tr><tr><td>S\u0131ralar<\/td><td>\u00d6zelle\u015ftirilebilir<\/td><\/tr><tr><td>S\u0131ra aras\u0131<\/td><td>Ayarlanabilir<\/td><\/tr><tr><td>S\u0131ra aral\u0131\u011f\u0131<\/td><td>Ayarlanabilir<\/td><\/tr><tr><td>Trakt\u00f6r<\/td><td>&gt;30hp<\/td><\/tr><\/tbody><\/table><figcaption class=\"wp-element-caption\">Sar\u0131msak ekim makinesi teknik verileri<\/figcaption><\/figure>    <h2 class=\"wp-block-heading\">Ba\u015far\u0131l\u0131 vakalar<\/h2>    <p class=\"translation-block\">Son y\u0131llarda, d\u00fcnya genelinde 100'den fazla \u00fclkeye bir\u00e7ok makine ihra\u00e7 ettik. Sebze ekim makineleri, halat yap\u0131m makineleri ve di\u011ferleri gibi \u00e7e\u015fitli tar\u0131m makineleri ihra\u00e7 ediyoruz. M\u00fc\u015fterilerimiz \u00fcr\u00fcnlerimizden \u00e7ok memnun. <\/p>    <p>Sar\u0131msak ekiciler, sar\u0131msak ekiminde bir\u00e7ok ki\u015finin i\u015fine yarad\u0131 ve verimliliklerini b\u00fcy\u00fck \u00f6l\u00e7\u00fcde art\u0131rd\u0131. Makine ihracat\u0131nda uzman\u0131z. Herhangi bir sorunuz olursa bizimle ileti\u015fime ge\u00e7ebilirsiniz.<\/p>    <figure class=\"wp-block-image aligncenter size-full wp-image-9982\"><img loading=\"lazy\" decoding=\"async\" width=\"720\" height=\"540\" src=\"https:\/\/www.agriculture-machine.com\/wp-content\/uploads\/2021\/04\/export-machines-1.jpg\" alt=\"\u0130hracat makineleri\" class=\"wp-image-9982\" srcset=\"https:\/\/www.agriculture-machine.com\/wp-content\/uploads\/2021\/04\/export-machines-1.jpg 720w, https:\/\/www.agriculture-machine.com\/wp-content\/uploads\/2021\/04\/export-machines-1-360x270.jpg 360w, https:\/\/www.agriculture-machine.com\/wp-content\/uploads\/2021\/04\/export-machines-1-240x180.jpg 240w\" sizes=\"auto, (max-width: 720px) 100vw, 720px\" \/><figcaption class=\"wp-element-caption\">\u0130hracat makineleri<\/figcaption><\/figure>    <h2 class=\"wp-block-heading\">\u0130stedi\u011finiz zaman bizimle ileti\u015fime ge\u00e7in<\/h2>    <p>Daha fazla detay i\u00e7in bizimle ileti\u015fime ge\u00e7mekten \u00e7ekinmeyin. Verimli ve g\u00fcvenilir tar\u0131m makineleri \u00e7\u00f6z\u00fcmleri sunmaya kararl\u0131y\u0131z. Ayr\u0131ca, fabrikam\u0131z\u0131 ziyaret edip Sar\u0131msak Ekim Makinesi'nin m\u00fckemmel performans\u0131n\u0131 kendiniz deneyimlemenizi i\u00e7tenlikle davet ediyoruz. \u00dcr\u00fcnlerimizi tercih etti\u011finiz i\u00e7in te\u015fekk\u00fcr eder, size m\u00fckemmel hizmet ve destek sunmay\u0131 d\u00f6rt g\u00f6zle bekliyoruz.<\/p>","protected":false},"excerpt":{"rendered":"<p>Sar\u0131msak ekim makinesi, ayarlanabilir ekim derinli\u011fi, y\u00fcksek h\u0131zl\u0131 hassas ekim ve tek d\u00fc\u011fmeli \u00e7al\u0131\u015fma ile sar\u0131msak ekiminin verimlili\u011fini ve \u00fcretkenli\u011fini art\u0131rmay\u0131 ama\u00e7lar.<\/p>","protected":false},"author":1,"featured_media":9974,"parent":0,"comment_status":"closed","ping_status":"closed","template":"","tags":[2635,492],"product-type":[870,885],"class_list":["post-9960","product","type-product","status-publish","has-post-thumbnail","hentry","tag-garlic","tag-planter","product-type-planter","product-type-vegetable-planter"],"_links":{"self":[{"href":"https:\/\/www.agriculture-machine.com\/tr\/wp-json\/wp\/v2\/product\/9960","targetHints":{"allow":["GET"]}}],"collection":[{"href":"https:\/\/www.agriculture-machine.com\/tr\/wp-json\/wp\/v2\/product"}],"about":[{"href":"https:\/\/www.agriculture-machine.com\/tr\/wp-json\/wp\/v2\/types\/product"}],"author":[{"embeddable":true,"href":"https:\/\/www.agriculture-machine.com\/tr\/wp-json\/wp\/v2\/users\/1"}],"replies":[{"embeddable":true,"href":"https:\/\/www.agriculture-machine.com\/tr\/wp-json\/wp\/v2\/comments?post=9960"}],"wp:featuredmedia":[{"embeddable":true,"href":"https:\/\/www.agriculture-machine.com\/tr\/wp-json\/wp\/v2\/media\/9974"}],"wp:attachment":[{"href":"https:\/\/www.agriculture-machine.com\/tr\/wp-json\/wp\/v2\/media?parent=9960"}],"wp:term":[{"taxonomy":"post_tag","embeddable":true,"href":"https:\/\/www.agriculture-machine.com\/tr\/wp-json\/wp\/v2\/tags?post=9960"},{"taxonomy":"product-type","embeddable":true,"href":"https:\/\/www.agriculture-machine.com\/tr\/wp-json\/wp\/v2\/product-type?post=9960"}],"curies":[{"name":"wp","href":"https:\/\/api.w.org\/{rel}","templated":true}]}}