{"id":9993,"date":"2021-04-16T16:38:00","date_gmt":"2021-04-16T08:38:00","guid":{"rendered":"https:\/\/www.agriculture-machine.com\/?p=9993"},"modified":"2024-09-18T16:17:30","modified_gmt":"2024-09-18T08:17:30","slug":"walk-behind-rice-transplanter-rice-planting-machine","status":"publish","type":"product","link":"https:\/\/www.agriculture-machine.com\/tr\/walk-behind-rice-transplanter-rice-planting-machine\/","title":{"rendered":"Y\u00fcr\u00fcy\u00fc\u015f arkas\u0131 pirin\u00e7 nakil makinesi | Pirin\u00e7 dikim makinesi"},"content":{"rendered":"<p class=\"translation-block\">Y\u00fcr\u00fcy\u00fc\u015f arkas\u0131 <strong>pirin\u00e7 dikim makinesi<\/strong>, pirin\u00e7 fidelerini pirin\u00e7 tarlalar\u0131na dikmek i\u00e7in kullan\u0131lan bir tar\u0131m makinesidir. G\u00fcn\u00fcm\u00fczde, pirin\u00e7 bir\u00e7ok b\u00f6lgedeki geni\u015f alanlara yayg\u0131n olarak dikilmektedir. Ancak, pirin\u00e7 fidelerinin elle dikilmesi zaman al\u0131c\u0131 ve emek yo\u011fun bir i\u015ftir. Pirin\u00e7 dikim makinesi kullan\u0131m\u0131, bir\u00e7ok pirin\u00e7 \u00fcreticisinin tercihidir. <\/p>    <p>Y\u00fcr\u00fcy\u00fc\u015f arkas\u0131 pirin\u00e7 dikim makinesi kullan\u0131m\u0131 kolayd\u0131r ve pirin\u00e7 nakliyesinin verimlili\u011fini ve dikim kalitesini b\u00fcy\u00fck \u00f6l\u00e7\u00fcde art\u0131r\u0131r. Bu nedenle, pirin\u00e7 fidesinin hayatta kalma oran\u0131n\u0131 da art\u0131rmaya yard\u0131mc\u0131 olur. <\/p>    <figure class=\"wp-block-embed is-type-video is-provider-youtube wp-block-embed-youtube wp-embed-aspect-16-9 wp-has-aspect-ratio\"><div class=\"wp-block-embed__wrapper\"> <iframe loading=\"lazy\" title=\"Se\u00e7iminize uygun \u00fc\u00e7 tip pirin\u00e7 dikim makinesi. Pirin\u00e7 dikim makinesi\/pirin\u00e7 dikim makinesi\" width=\"500\" height=\"281\" src=\"https:\/\/www.youtube.com\/embed\/_KvEf-3Jk44?start=120&#038;feature=oembed\" frameborder=\"0\" allow=\"accelerometer; autoplay; clipboard-write; encrypted-media; gyroscope; picture-in-picture; web-share\" referrerpolicy=\"strict-origin-when-cross-origin\" allowfullscreen><\/iframe> <\/div><figcaption class=\"wp-element-caption\">6 ve 8 s\u0131ral\u0131 pirin\u00e7 nakil makinesi<\/figcaption><\/figure>    <p class=\"translation-block\">\u015eimdi, d\u00f6rt ve alt\u0131 s\u0131ral\u0131 el tipi pirin\u00e7 dikim makineleri \u00fcretiyoruz. Pirin\u00e7 fidelerinin dikilmesinin yan\u0131 s\u0131ra, \u00e7e\u015fitli <a href=\"https:\/\/www.agriculture-machine.com\/tr\/peony-transplant-cucumber-transplant-factory-direct\/\">sebze fideleri<\/a> dikmek i\u00e7in makinelerimiz de var, bu makineler bir\u00e7ok sebze fidelerini dikebilir. \u0130nsanlar ayr\u0131ca manuel fide yeti\u015ftirmeyi yerine ge\u00e7ecek <a href=\"https:\/\/www.agriculture-machine.com\/tr\/rice-nursery-seedling-machine\/\">fide yeti\u015ftirme makinesi<\/a> de tercih edebilir. Bu el tipi makinelerle \u00e7al\u0131\u015fmaya ba\u015flamak, fide yeti\u015ftirme verimlili\u011fini ve kalitesini b\u00fcy\u00fck \u00f6l\u00e7\u00fcde art\u0131rabilir. <\/p>    <h2 class=\"wp-block-heading\">Y\u00fcr\u00fcy\u00fc\u015f arkas\u0131 pirin\u00e7 dikim makinesinin tan\u0131t\u0131m\u0131<\/h2>    <p>Y\u00fcr\u00fcy\u00fc\u015f arkas\u0131 pirin\u00e7 dikim makinesi de bir t\u00fcr pirin\u00e7 dikim makinesidir. \u00d6nceki pirin\u00e7 dikim makinesinden fark\u0131, bu makinenin insanlar\u0131n arkas\u0131nda y\u00fcr\u00fcy\u00fcp, kolu kullanarak kontrol etmesine izin vermesidir. 4 s\u0131ral\u0131 ve 6 s\u0131ral\u0131 y\u00fcr\u00fcy\u00fc\u015f arkas\u0131 pirin\u00e7 dikim makineleri mevcuttur. <\/p>    <p>About the power, our rice transplanter is equipped with a gasoline engine. And the planting depth of the machine can be adjusted. So, it can meet different customers&#8217; needs for depth. Our machines have professional large-diameter wheels that can move flexibly in the field. <\/p>    <figure class=\"wp-block-image aligncenter size-full\"><img loading=\"lazy\" decoding=\"async\" width=\"720\" height=\"540\" src=\"https:\/\/www.agriculture-machine.com\/wp-content\/uploads\/2022\/05\/paddy-transplanter.jpg\" alt=\"paddy nakilci\" class=\"wp-image-13526\" title=\"paddy nakilci\" srcset=\"https:\/\/www.agriculture-machine.com\/wp-content\/uploads\/2022\/05\/paddy-transplanter.jpg 720w, https:\/\/www.agriculture-machine.com\/wp-content\/uploads\/2022\/05\/paddy-transplanter-360x270.jpg 360w, https:\/\/www.agriculture-machine.com\/wp-content\/uploads\/2022\/05\/paddy-transplanter-240x180.jpg 240w\" sizes=\"auto, (max-width: 720px) 100vw, 720px\" \/><figcaption class=\"wp-element-caption\">paddy nakilci<\/figcaption><\/figure>    <h2 class=\"wp-block-heading\" id=\"h-what-are-the-dvantages-of-rice-planting-machine\">Pirinc dikim makinelerinin avantajlar\u0131 nelerdir<\/h2>    <ol class=\"wp-block-list\"> <li>Bu y\u00fcr\u00fcy\u00fc\u015f arkas\u0131 pirin\u00e7 dikim makinesi, benzinli motorla \u00e7al\u0131\u015ft\u0131r\u0131labilir ve makineye daha fazla g\u00fc\u00e7 sa\u011flar.<\/li>    <li>Nakil mesafesi, h\u0131z ve mesafe ayar kolu ayarlanarak d\u00f6rt seviyeye ayarlanabilir. Basit ve h\u0131zl\u0131 bir i\u015flemle 12-14 veya 16-21 cm ger\u00e7ekle\u015ftirilebilir.<\/li>    <li>Y\u00fcksek uygulama alan\u0131. Pirin\u00e7 dikim makinesi, \u00e7\u00fcr\u00fck tarlalarda bile kolayca y\u00fcr\u00fcyebilir, \u00e7amur derli\u011fi 15-35 cm aras\u0131nda de\u011fi\u015fir. Alan\u0131n b\u00fcy\u00fckl\u00fc\u011f\u00fcyle s\u0131n\u0131rl\u0131 de\u011fildir.<\/li>    <li>Makine hafif a\u011f\u0131rl\u0131ktad\u0131r, bu da \u00e7ok fazla i\u015f g\u00fcc\u00fc tasarrufu sa\u011flar.<\/li>    <li>Kullan\u0131c\u0131, fideyi etkili bir \u015fekilde ka\u00e7\u0131rmamak i\u00e7in e\u015fit ve g\u00fcvenilir \u015fekilde yerle\u015ftirmelidir.<\/li>    <li>Estetik \u015fekil ve tam tahrikli g\u00fc\u00e7 aktar\u0131m\u0131, makineyi daha g\u00fc\u00e7l\u00fc ve daha iyi dengeli hale getirir.<\/li> <\/ol>    <figure class=\"wp-block-gallery has-nested-images columns-2 is-cropped wp-block-gallery-2 is-layout-flex wp-block-gallery-is-layout-flex\"> <figure class=\"wp-block-image size-full\"><a href=\"https:\/\/www.agriculture-machine.com\/wp-content\/uploads\/2021\/04\/machine-details-of-walk-behind-rice-transplanter.jpg\"><img loading=\"lazy\" decoding=\"async\" width=\"720\" height=\"540\" data-id=\"9995\" src=\"https:\/\/www.agriculture-machine.com\/wp-content\/uploads\/2021\/04\/machine-details-of-walk-behind-rice-transplanter.jpg\" alt=\"makine detaylar\u0131-y\u00fcr\u00fcy\u00fc\u015f arkas\u0131 pirin\u00e7 dikim makinesi\" class=\"wp-image-9995\" title=\"makine detaylar\u0131-y\u00fcr\u00fcy\u00fc\u015f arkas\u0131 pirin\u00e7 dikim makinesi\" srcset=\"https:\/\/www.agriculture-machine.com\/wp-content\/uploads\/2021\/04\/machine-details-of-walk-behind-rice-transplanter.jpg 720w, https:\/\/www.agriculture-machine.com\/wp-content\/uploads\/2021\/04\/machine-details-of-walk-behind-rice-transplanter-360x270.jpg 360w, https:\/\/www.agriculture-machine.com\/wp-content\/uploads\/2021\/04\/machine-details-of-walk-behind-rice-transplanter-240x180.jpg 240w\" sizes=\"auto, (max-width: 720px) 100vw, 720px\" \/><\/a><figcaption class=\"wp-element-caption\">makine detaylar\u0131-y\u00fcr\u00fcy\u00fc\u015f arkas\u0131 pirin\u00e7 dikim makinesi<\/figcaption><\/figure>    <figure class=\"wp-block-image size-full\"><a href=\"https:\/\/www.agriculture-machine.com\/wp-content\/uploads\/2021\/04\/Walk-behind-rice-transplanter-prats.jpg\"><img loading=\"lazy\" decoding=\"async\" width=\"720\" height=\"540\" data-id=\"9996\" src=\"https:\/\/www.agriculture-machine.com\/wp-content\/uploads\/2021\/04\/Walk-behind-rice-transplanter-prats.jpg\" alt=\"Y\u00fcr\u00fcy\u00fc\u015f arkas\u0131 pirin\u00e7 dikim pratikleri\" class=\"wp-image-9996\" title=\"Y\u00fcr\u00fcy\u00fc\u015f arkas\u0131 pirin\u00e7 dikim pratikleri\" srcset=\"https:\/\/www.agriculture-machine.com\/wp-content\/uploads\/2021\/04\/Walk-behind-rice-transplanter-prats.jpg 720w, https:\/\/www.agriculture-machine.com\/wp-content\/uploads\/2021\/04\/Walk-behind-rice-transplanter-prats-360x270.jpg 360w, https:\/\/www.agriculture-machine.com\/wp-content\/uploads\/2021\/04\/Walk-behind-rice-transplanter-prats-240x180.jpg 240w\" sizes=\"auto, (max-width: 720px) 100vw, 720px\" \/><\/a><figcaption class=\"wp-element-caption\">Y\u00fcr\u00fcy\u00fc\u015f arkas\u0131 pirin\u00e7 dikim pratikleri<\/figcaption><\/figure> <\/figure>    <h2 class=\"wp-block-heading\" id=\"h-structure-details-of-the-4-rows-manual-rice-transplanter\">4 s\u0131ral\u0131 manuel pirin\u00e7 dikim makinesinin yap\u0131 detaylar\u0131<\/h2>    <p>Manuel y\u00fcr\u00fcy\u00fc\u015f arkas\u0131 pirin\u00e7 dikim makinesi kompakt yap\u0131ya, hafifli\u011fe, kullan\u0131\u015fl\u0131l\u0131\u011fa ve g\u00fc\u00e7l\u00fc fonksiyonlara sahiptir, \u00e7ift\u00e7ilerin pirin\u00e7 dikiminde iyi bir yard\u0131mc\u0131s\u0131d\u0131r.<\/p>    <figure class=\"wp-block-gallery has-nested-images columns-2 is-cropped wp-block-gallery-3 is-layout-flex wp-block-gallery-is-layout-flex\"> <figure class=\"wp-block-image size-large\"><a href=\"https:\/\/www.agriculture-machine.com\/wp-content\/uploads\/2021\/04\/structure-of-4-row-rice-transplanter-machine.jpg\"><img loading=\"lazy\" decoding=\"async\" width=\"720\" height=\"540\" data-id=\"10008\" src=\"https:\/\/www.agriculture-machine.com\/wp-content\/uploads\/2021\/04\/structure-of-4-row-rice-transplanter-machine.jpg\" alt=\"d\u00f6rt s\u0131ral\u0131 pirin\u00e7 dikim makinesi yap\u0131s\u0131\" class=\"wp-image-10008\" title=\"d\u00f6rt s\u0131ral\u0131 pirin\u00e7 dikim makinesi yap\u0131s\u0131\" srcset=\"https:\/\/www.agriculture-machine.com\/wp-content\/uploads\/2021\/04\/structure-of-4-row-rice-transplanter-machine.jpg 720w, https:\/\/www.agriculture-machine.com\/wp-content\/uploads\/2021\/04\/structure-of-4-row-rice-transplanter-machine-360x270.jpg 360w, https:\/\/www.agriculture-machine.com\/wp-content\/uploads\/2021\/04\/structure-of-4-row-rice-transplanter-machine-240x180.jpg 240w\" sizes=\"auto, (max-width: 720px) 100vw, 720px\" \/><\/a><figcaption class=\"wp-element-caption\">d\u00f6rt s\u0131ral\u0131 pirin\u00e7 dikim makinesi yap\u0131s\u0131<\/figcaption><\/figure>    <figure class=\"wp-block-image size-large\"><a href=\"https:\/\/www.agriculture-machine.com\/wp-content\/uploads\/2021\/04\/4-row-walk-behind-rice-transplanter.jpg\"><img loading=\"lazy\" decoding=\"async\" width=\"720\" height=\"540\" data-id=\"10009\" src=\"https:\/\/www.agriculture-machine.com\/wp-content\/uploads\/2021\/04\/4-row-walk-behind-rice-transplanter.jpg\" alt=\"4 s\u0131ral\u0131 y\u00fcr\u00fcy\u00fc\u015f arkas\u0131 pirin\u00e7 dikim makinesi\" class=\"wp-image-10009\" title=\"4 s\u0131ral\u0131 y\u00fcr\u00fcy\u00fc\u015f arkas\u0131 pirin\u00e7 dikim makinesi\" srcset=\"https:\/\/www.agriculture-machine.com\/wp-content\/uploads\/2021\/04\/4-row-walk-behind-rice-transplanter.jpg 720w, https:\/\/www.agriculture-machine.com\/wp-content\/uploads\/2021\/04\/4-row-walk-behind-rice-transplanter-360x270.jpg 360w, https:\/\/www.agriculture-machine.com\/wp-content\/uploads\/2021\/04\/4-row-walk-behind-rice-transplanter-240x180.jpg 240w\" sizes=\"auto, (max-width: 720px) 100vw, 720px\" \/><\/a><figcaption class=\"wp-element-caption\">4 s\u0131ral\u0131 y\u00fcr\u00fcy\u00fc\u015f arkas\u0131 pirin\u00e7 dikim makinesi<\/figcaption><\/figure> <\/figure>    <h2 class=\"wp-block-heading\" id=\"h-how-to-transplant-rice-seedlings\">Pirincin fidelerini nas\u0131l dikersiniz?<\/h2>    <p>Pirincin dikilmesinin iki yolu vard\u0131r. Pirin\u00e7 tohumlar\u0131n\u0131n geleneksel dikimi, yani manuel dikim, ve di\u011fer y\u00f6ntem ise makine ile dikimdir. Zaman alt\u0131nd\u0131r, geleneksel pirin\u00e7 fideleri dikmeye devam m\u0131 ediyorsunuz? Verimlili\u011fi art\u0131rmak i\u00e7in, elbette, mekanize dikimi tercih edersiniz. Bu el tipi pirin\u00e7 dikim makinesi ile, bitki aral\u0131\u011f\u0131 herhangi bir zamanda ayarlanabilir.<\/p>    <figure class=\"wp-block-embed is-type-video is-provider-youtube wp-block-embed-youtube wp-embed-aspect-16-9 wp-has-aspect-ratio\"><div class=\"wp-block-embed__wrapper\"> <iframe loading=\"lazy\" title=\"Pirinci veya paddy&#039;yi nas\u0131l dikersiniz? Y\u00fcr\u00fcy\u00fc\u015f arkas\u0131 pirin\u00e7 dikim makinesi veya trakt\u00f6r tipi mi tercih ediyorsunuz?\" width=\"500\" height=\"281\" src=\"https:\/\/www.youtube.com\/embed\/PW-tT4ietAc?feature=oembed\" frameborder=\"0\" allow=\"accelerometer; autoplay; clipboard-write; encrypted-media; gyroscope; picture-in-picture; web-share\" referrerpolicy=\"strict-origin-when-cross-origin\" allowfullscreen><\/iframe> <\/div><figcaption class=\"wp-element-caption\">y\u00fcr\u00fcy\u00fc\u015f arkas\u0131 pirin\u00e7 dikim makinesi \u00e7al\u0131\u015fma sahnesi<\/figcaption><\/figure>    <h2 class=\"wp-block-heading\" id=\"h-what-are-the-benefits-of-using-machine-transplant-rice\">Makine dikiminin faydalar\u0131<\/h2>    <p>Bir pirin\u00e7 dikim makinesi ile manuel pirin\u00e7 dikimi aras\u0131ndaki fark nedir? Verimlilik a\u00e7\u0131s\u0131ndan, paddy dikim makinesi daha iyidir. Sonu\u00e7ta, makineler manuelden daha iyidir. Ayn\u0131 say\u0131da pirin\u00e7 fideleri dikmek, manuel dikim bir g\u00fcnde tamamlanabilirken, dikim makinesi bir saat i\u00e7inde tamamlar.<\/p>    <p>Y\u00fcksek h\u0131z\u0131n yan\u0131 s\u0131ra, y\u00fcr\u00fcy\u00fc\u015f arkas\u0131 pirin\u00e7 dikim makinesinin ba\u015fka bir avantaj\u0131, bitki aral\u0131\u011f\u0131n\u0131n ayn\u0131 olmas\u0131d\u0131r. Manuel dikimde her zaman baz\u0131 hatalar olur, ya \u00e7ok yak\u0131n ya da \u00e7ok uzak. Dikim mesafesi, manuel olarak yap\u0131lamayan bir pirin\u00e7 dikim makinesiyle kontrol edilebilir. <\/p>    <p>The yield is said to be higher if the seedlings are transplanted by machine. The above two points are undoubtedly the biggest advantages of rice planting machines, and they are also the disadvantages of manual transplanting. What can&#8217;t be done manually is done by the machine.<\/p>    <figure class=\"wp-block-gallery has-nested-images columns-2 is-cropped wp-block-gallery-4 is-layout-flex wp-block-gallery-is-layout-flex\"> <figure class=\"wp-block-image size-large\"><a href=\"https:\/\/www.agriculture-machine.com\/wp-content\/uploads\/2021\/04\/Manual-transplanting.jpg\"><img loading=\"lazy\" decoding=\"async\" width=\"640\" height=\"427\" data-id=\"10007\" src=\"https:\/\/www.agriculture-machine.com\/wp-content\/uploads\/2021\/04\/Manual-transplanting.jpg\" alt=\"Elle dikim\" class=\"wp-image-10007\" title=\"Elle dikim\" srcset=\"https:\/\/www.agriculture-machine.com\/wp-content\/uploads\/2021\/04\/Manual-transplanting.jpg 640w, https:\/\/www.agriculture-machine.com\/wp-content\/uploads\/2021\/04\/Manual-transplanting-360x240.jpg 360w\" sizes=\"auto, (max-width: 640px) 100vw, 640px\" \/><\/a><figcaption class=\"wp-element-caption\">Elle dikim<\/figcaption><\/figure>    <figure class=\"wp-block-image size-large\"><a href=\"https:\/\/www.agriculture-machine.com\/wp-content\/uploads\/2021\/04\/transplanting-rice.jpg\"><img loading=\"lazy\" decoding=\"async\" width=\"720\" height=\"540\" data-id=\"10005\" src=\"https:\/\/www.agriculture-machine.com\/wp-content\/uploads\/2021\/04\/transplanting-rice.jpg\" alt=\"dikim\u2013pirin\u00e7\" class=\"wp-image-10005\" title=\"dikim\u2013pirin\u00e7\" srcset=\"https:\/\/www.agriculture-machine.com\/wp-content\/uploads\/2021\/04\/transplanting-rice.jpg 720w, https:\/\/www.agriculture-machine.com\/wp-content\/uploads\/2021\/04\/transplanting-rice-360x270.jpg 360w, https:\/\/www.agriculture-machine.com\/wp-content\/uploads\/2021\/04\/transplanting-rice-240x180.jpg 240w\" sizes=\"auto, (max-width: 720px) 100vw, 720px\" \/><\/a><figcaption class=\"wp-element-caption\">transplanting&#8211;rice<\/figcaption><\/figure> <\/figure>    <h2 class=\"wp-block-heading\" id=\"h-technical-parameters-of-the-high-efficiency-rice-transplanter\">Y\u00fcr\u00fcy\u00fc\u015f arkas\u0131 pirin\u00e7 dikim makinesinin teknik parametreleri<\/h2>    <figure class=\"wp-block-table is-style-stripes\"><table><tbody><tr><td>Model<\/td><td>Teknoloji \u00d6zellikleri<\/td><\/tr><tr><td><\/td><td>Birim<\/td><td>\u015eartname<\/td><\/tr><tr><td>2ZS-4<\/td><td>T\u00fcr<\/td><td><\/td><td>\u0130ki tekerlek \u00fc\u00e7 y\u00fczen plaka tipi<\/td><\/tr><tr><td>Boyutlar (UzunlukxGeni\u015flikxY\u00fckseklik)<\/td><td>(mm)<\/td><td>2140\u00d71630\u00d7910<\/td><\/tr><tr><td>A\u011f\u0131rl\u0131k<\/td><td>(kg)<\/td><td>165<\/td><\/tr><tr><td>Motor Ad\u0131<\/td><td><\/td><td>YAMAHA \/ MZ175-B-1<\/td><\/tr><tr><td>Motor G\u00fcc\u00fc<\/td><td>(kw\/rpm)<\/td><td>2.6\/3000<\/td><\/tr><tr><td>T\u00fcr<\/td><td><\/td><td>Hava so\u011futmal\u0131 d\u00f6rt zamanl\u0131 OHV Motor<\/td><\/tr><tr><td>\u00c7al\u0131\u015fma hatlar\u0131<\/td><td><\/td><td>4 hat<\/td><\/tr><tr><td>\u00c7al\u0131\u015fma h\u0131z\u0131<\/td><td>(m\/s)<\/td><td>0.34-0.77<\/td><\/tr><tr><td>Hat mesafesi<\/td><td>(mm)<\/td><td>300<\/td><\/tr><tr><td>Tohum ekme mesafesi<\/td><td>(mm)<\/td><td>210;180;160;140;120<\/td><\/tr><tr><td>tohum ekme derinli\u011fi<\/td><td>(mm)<\/td><td>15-35<\/td><\/tr><tr><td>\u00c7al\u0131\u015fma kapasitesi<\/td><td>saat ba\u015f\u0131na arce<\/td><td>0.10-0.2<\/td><\/tr><tr><td>pirin\u00e7 tekerle\u011fi<\/td><td>yap\u0131<\/td><td><\/td><td>kau\u00e7uk tekerlek<\/td><\/tr><tr><td>\u00e7ap<\/td><td>(mm)<\/td><td>660<\/td><\/tr><tr><td>S\u00fcr\u00fc\u015f stili<\/td><td><\/td><td>&nbsp;\u015fafta tahrik transmisyonu<\/td><\/tr><tr><td>Dikim yap\u0131s\u0131<\/td><td><\/td><td>krank rocker yap\u0131s\u0131<\/td><\/tr><\/tbody><\/table><figcaption class=\"wp-element-caption\">y\u00fcr\u00fcy\u00fc\u015f arkas\u0131 pirin\u00e7 dikim teknik verileri<\/figcaption><\/figure>    <h2 class=\"wp-block-heading\">Otomatik pirin\u00e7 dikim makinesinin \u00e7al\u0131\u015fma prensibi<\/h2>    <p>Fidanlar, fidan kutusuna d\u00fczg\u00fcn bir \u015fekilde grup halinde yerle\u015ftirilir. Daha sonra kutu yanlara do\u011fru hareket eder, b\u00f6ylece fide toplay\u0131c\u0131 tek tek belirli say\u0131da fideyi alabilir. <\/p>    <p>Son olarak, pirin\u00e7 dikim izleme mekanizmas\u0131n\u0131n etkisi alt\u0131nda, fide toplay\u0131c\u0131 kutuya tekrar girer ve belirli bir izleme yoluna g\u00f6re fide toplar.<\/p>    <figure class=\"wp-block-gallery has-nested-images columns-default is-cropped wp-block-gallery-5 is-layout-flex wp-block-gallery-is-layout-flex\"> <figure class=\"wp-block-image aligncenter size-large\"><img loading=\"lazy\" decoding=\"async\" width=\"720\" height=\"540\" data-id=\"13528\" src=\"https:\/\/www.agriculture-machine.com\/wp-content\/uploads\/2022\/05\/4.jpg\" alt=\"fabrika\" class=\"wp-image-13528\" title=\"fabrika\" srcset=\"https:\/\/www.agriculture-machine.com\/wp-content\/uploads\/2022\/05\/4.jpg 720w, https:\/\/www.agriculture-machine.com\/wp-content\/uploads\/2022\/05\/4-360x270.jpg 360w, https:\/\/www.agriculture-machine.com\/wp-content\/uploads\/2022\/05\/4-240x180.jpg 240w\" sizes=\"auto, (max-width: 720px) 100vw, 720px\" \/><figcaption class=\"wp-element-caption\">fabrika<\/figcaption><\/figure> <\/figure>    <h2 class=\"wp-block-heading\">Nijerya'ya sat\u0131lan 6 s\u0131ral\u0131 pirin\u00e7 dikim makinesi<\/h2>    <p>B\u00f6lgede b\u00fcy\u00fck bir pirin\u00e7 tarlas\u0131 olan m\u00fc\u015fteri, her pirin\u00e7 dikiminde en yo\u011fun zaman\u0131n\u0131 ge\u00e7irir. Zaman kazanmak ve verimlili\u011fi art\u0131rmak i\u00e7in bir pirin\u00e7 dikim makinesi ihtiyac\u0131 vard\u0131. M\u00fc\u015fterinin ihtiya\u00e7lar\u0131n\u0131 g\u00f6rd\u00fc\u011f\u00fcm\u00fczde ileti\u015fime ge\u00e7tik. <\/p>    <p>Bir s\u00fcre ileti\u015fim kurduktan sonra, m\u00fc\u015fteriye 6 s\u0131ral\u0131 pirin\u00e7 dikim makinesi \u00f6nerdik. Sonunda, m\u00fc\u015fteri y\u00fcr\u00fcy\u00fc\u015f arkas\u0131 pirin\u00e7 dikim makinesi sat\u0131n almaya karar verdi. \u0130\u015fte makinenin paketleme ve sevkiyat resmi.<\/p>    <figure class=\"wp-block-gallery has-nested-images columns-default is-cropped wp-block-gallery-6 is-layout-flex wp-block-gallery-is-layout-flex\"> <figure class=\"wp-block-image size-large\"><img loading=\"lazy\" decoding=\"async\" width=\"720\" height=\"540\" data-id=\"13518\" src=\"https:\/\/www.agriculture-machine.com\/wp-content\/uploads\/2022\/05\/wooden-case-packing-of-rice-transplanter-.jpg\" alt=\"ah\u015fap kasa paketleme pirin\u00e7 dikim makinesi \" class=\"wp-image-13518\" title=\"ah\u015fap kasa paketleme pirin\u00e7 dikim makinesi \" srcset=\"https:\/\/www.agriculture-machine.com\/wp-content\/uploads\/2022\/05\/wooden-case-packing-of-rice-transplanter-.jpg 720w, https:\/\/www.agriculture-machine.com\/wp-content\/uploads\/2022\/05\/wooden-case-packing-of-rice-transplanter--360x270.jpg 360w, https:\/\/www.agriculture-machine.com\/wp-content\/uploads\/2022\/05\/wooden-case-packing-of-rice-transplanter--240x180.jpg 240w\" sizes=\"auto, (max-width: 720px) 100vw, 720px\" \/><figcaption class=\"wp-element-caption\">ah\u015fap kasa paketleme pirin\u00e7 dikim makinesi<\/figcaption><\/figure>    <figure class=\"wp-block-image size-large\"><img loading=\"lazy\" decoding=\"async\" width=\"720\" height=\"540\" data-id=\"13519\" src=\"https:\/\/www.agriculture-machine.com\/wp-content\/uploads\/2022\/05\/shipping-of-the-paddy-transplanter0.jpg\" alt=\"pirin\u00e7 dikim makinesinin sevkiyat\u0131\" class=\"wp-image-13519\" title=\"pirin\u00e7 dikim makinesinin sevkiyat\u0131\" srcset=\"https:\/\/www.agriculture-machine.com\/wp-content\/uploads\/2022\/05\/shipping-of-the-paddy-transplanter0.jpg 720w, https:\/\/www.agriculture-machine.com\/wp-content\/uploads\/2022\/05\/shipping-of-the-paddy-transplanter0-360x270.jpg 360w, https:\/\/www.agriculture-machine.com\/wp-content\/uploads\/2022\/05\/shipping-of-the-paddy-transplanter0-240x180.jpg 240w\" sizes=\"auto, (max-width: 720px) 100vw, 720px\" \/><figcaption class=\"wp-element-caption\">pirin\u00e7 dikim makinesinin sevkiyat\u0131<\/figcaption><\/figure> <\/figure>    <h2 class=\"wp-block-heading\">\u0130stedi\u011finiz zaman bizimle ileti\u015fime ge\u00e7in<\/h2>    <p>Pirincin dikim ekipmanlar\u0131m\u0131za detayl\u0131 bakt\u0131\u011f\u0131n\u0131z i\u00e7in te\u015fekk\u00fcr ederiz. Herhangi bir sorunuz veya daha fazla bilgiye ihtiyac\u0131n\u0131z varsa, l\u00fctfen profesyonel ekibimizle ileti\u015fime ge\u00e7mekten \u00e7ekinmeyin. Ayr\u0131ca fabrikam\u0131z\u0131 ziyaret etmenizi de memnuniyetle kar\u015f\u0131l\u0131yoruz. Sizinle \u00e7al\u0131\u015fmay\u0131 ve tar\u0131msal \u00fcretiminize m\u00fckemmel \u00e7\u00f6z\u00fcmler sunmay\u0131 d\u00f6rt g\u00f6zle bekliyoruz.<\/p>","protected":false},"excerpt":{"rendered":"<p>Bu y\u00fcr\u00fcy\u00fc\u015f arkas\u0131 pirin\u00e7 dikim makinesi, elle kontrol edilir. Dikim derinli\u011fi ve y\u00fcr\u00fcme h\u0131z\u0131 herhangi bir zamanda ayarlanabilir. Ve pirin\u00e7 fideleri, tarlalara do\u011fru ve verimli bir \u015fekilde dikilir.<\/p>","protected":false},"author":1,"featured_media":13524,"parent":0,"comment_status":"closed","ping_status":"closed","template":"","tags":[796,151],"product-type":[1,914],"class_list":["post-9993","product","type-product","status-publish","has-post-thumbnail","hentry","tag-rice","tag-transplanter","product-type-other","product-type-rice-transplanter"],"_links":{"self":[{"href":"https:\/\/www.agriculture-machine.com\/tr\/wp-json\/wp\/v2\/product\/9993","targetHints":{"allow":["GET"]}}],"collection":[{"href":"https:\/\/www.agriculture-machine.com\/tr\/wp-json\/wp\/v2\/product"}],"about":[{"href":"https:\/\/www.agriculture-machine.com\/tr\/wp-json\/wp\/v2\/types\/product"}],"author":[{"embeddable":true,"href":"https:\/\/www.agriculture-machine.com\/tr\/wp-json\/wp\/v2\/users\/1"}],"replies":[{"embeddable":true,"href":"https:\/\/www.agriculture-machine.com\/tr\/wp-json\/wp\/v2\/comments?post=9993"}],"wp:featuredmedia":[{"embeddable":true,"href":"https:\/\/www.agriculture-machine.com\/tr\/wp-json\/wp\/v2\/media\/13524"}],"wp:attachment":[{"href":"https:\/\/www.agriculture-machine.com\/tr\/wp-json\/wp\/v2\/media?parent=9993"}],"wp:term":[{"taxonomy":"post_tag","embeddable":true,"href":"https:\/\/www.agriculture-machine.com\/tr\/wp-json\/wp\/v2\/tags?post=9993"},{"taxonomy":"product-type","embeddable":true,"href":"https:\/\/www.agriculture-machine.com\/tr\/wp-json\/wp\/v2\/product-type?post=9993"}],"curies":[{"name":"wp","href":"https:\/\/api.w.org\/{rel}","templated":true}]}}